{"id":1668,"date":"2017-09-28T15:38:14","date_gmt":"2017-09-28T15:38:14","guid":{"rendered":"https:\/\/eliteextermination.com\/?page_id=1668\/"},"modified":"2024-02-16T14:43:42","modified_gmt":"2024-02-16T19:43:42","slug":"insects-pests","status":"publish","type":"page","link":"https:\/\/eliteextermination.com\/en\/insects-pests\/","title":{"rendered":"INTRUDERS"},"content":{"rendered":"<div class=\"wpb-content-wrapper\">[vc_row fullwidth=&#8221;true&#8221; el_class=&#8221;BackGroundImageScale white&#8221; css=&#8221;.vc_custom_1540399813151{background-image: url(https:\/\/eliteextermination.com\/wp-content\/uploads\/2017\/09\/top-intrus.jpg?id=2208) !important;}&#8221;][vc_column][vc_column_text align=&#8221;center&#8221; el_class=&#8221;Service_Title&#8221;]\n<div>\n<h1>INTRUDERS<\/h1>\n<p><a href=\"\/en\/contact-us\/\"><button class=\"Button_Style_Blue Button_Centered\" type=\"button\">CONTACT US<\/button><\/a><\/div>\n[\/vc_column_text][\/vc_column][\/vc_row][vc_row el_class=&#8221;row-padding&#8221;][vc_column][vc_column_text align=&#8221;center&#8221;]\n<p style=\"text-align: center;\"><strong>Here is practical information on pests , rodents and wild animals.<\/strong><\/p>\n[\/vc_column_text][vc_empty_space][vc_tabs container_bg_color=&#8221;#ffffff&#8221;][vc_tab title=&#8221;<\/p>\n<h2>ANIMALS<\/h2>\n<p>&#8221; tab_id=&#8221;1506377947-1-29&#8243;][vc_basic_grid post_type=&#8221;page&#8221; max_items=&#8221;-1&#8243; element_width=&#8221;3&#8243; gap=&#8221;20&#8243; orderby=&#8221;title&#8221; order=&#8221;ASC&#8221; grid_id=&#8221;vc_gid:1708112592697-4b44e8117f52642fe487001e75f2720c-2&#8243; taxonomies=&#8221;15&#8243;][\/vc_tab][vc_tab title=&#8221;<\/p>\n<h2>INSECTS<\/h2>\n<p>&#8221; tab_id=&#8221;1506377947-2-5&#8243;][vc_basic_grid post_type=&#8221;page&#8221; max_items=&#8221;-1&#8243; element_width=&#8221;3&#8243; orderby=&#8221;title&#8221; order=&#8221;ASC&#8221; grid_id=&#8221;vc_gid:1708112592727-7b05f439bd5533581ba53fdc91ae0d41-9&#8243; taxonomies=&#8221;155&#8243;][\/vc_tab][\/vc_tabs][\/vc_column][\/vc_row]\n<\/div>","protected":false},"excerpt":{"rendered":"<p>[vc_row fullwidth=&#8221;true&#8221; el_class=&#8221;BackGroundImageScale white&#8221; css=&#8221;.vc_custom_1540399813151{background-image: url(https:\/\/eliteextermination.com\/wp-content\/uploads\/2017\/09\/top-intrus.jpg?id=2208) !important;}&#8221;][vc_column][vc_column_text align=&#8221;center&#8221; el_class=&#8221;Service_Title&#8221;] INTRUDERS CONTACT US [\/vc_column_text][\/vc_column][\/vc_row][vc_row el_class=&#8221;row-padding&#8221;][vc_column][vc_column_text align=&#8221;center&#8221;] Here is practical information on pests , rodents and wild animals. [\/vc_column_text][vc_empty_space][vc_tabs container_bg_color=&#8221;#ffffff&#8221;][vc_tab title=&#8221; ANIMALS &#8221; tab_id=&#8221;1506377947-1-29&#8243;][vc_basic_grid post_type=&#8221;page&#8221; max_items=&#8221;-1&#8243; element_width=&#8221;3&#8243; gap=&#8221;20&#8243; orderby=&#8221;title&#8221; order=&#8221;ASC&#8221; grid_id=&#8221;vc_gid:1708112592697-4b44e8117f52642fe487001e75f2720c-2&#8243; taxonomies=&#8221;15&#8243;][\/vc_tab][vc_tab title=&#8221; INSECTS &#8221; tab_id=&#8221;1506377947-2-5&#8243;][vc_basic_grid post_type=&#8221;page&#8221; max_items=&#8221;-1&#8243; element_width=&#8221;3&#8243; orderby=&#8221;title&#8221; order=&#8221;ASC&#8221; grid_id=&#8221;vc_gid:1708112592727-7b05f439bd5533581ba53fdc91ae0d41-9&#8243; taxonomies=&#8221;155&#8243;][\/vc_tab][\/vc_tabs][\/vc_column][\/vc_row]<\/p>\n","protected":false},"author":1,"featured_media":0,"parent":0,"menu_order":0,"comment_status":"closed","ping_status":"closed","template":"","meta":{"_acf_changed":false,"yasr_overall_rating":0,"yasr_post_is_review":"","yasr_auto_insert_disabled":"","yasr_review_type":"","footnotes":""},"categories":[],"tags":[],"class_list":["post-1668","page","type-page","status-publish","hentry"],"acf":[],"yoast_head":"<!-- This site is optimized with the Yoast SEO plugin v26.9 - https:\/\/yoast.com\/product\/yoast-seo-wordpress\/ -->\n<title>Information on insects and pests | Elite Pest Control<\/title>\n<meta name=\"description\" content=\"We provide you with all the information you need about insects and wild animals and extermination methods. Contact us for more information.\" \/>\n<meta name=\"robots\" content=\"index, follow, max-snippet:-1, max-image-preview:large, max-video-preview:-1\" \/>\n<link rel=\"canonical\" href=\"https:\/\/eliteextermination.com\/en\/insects-pests\/\" \/>\n<meta property=\"og:locale\" content=\"en_US\" \/>\n<meta property=\"og:type\" content=\"article\" \/>\n<meta property=\"og:title\" content=\"Information on insects and pests | Elite Pest Control\" \/>\n<meta property=\"og:description\" content=\"We provide you with all the information you need about insects and wild animals and extermination methods. Contact us for more information.\" \/>\n<meta property=\"og:url\" content=\"https:\/\/eliteextermination.com\/en\/insects-pests\/\" \/>\n<meta property=\"og:site_name\" content=\"\u00c9lite Extermination\" \/>\n<meta property=\"article:modified_time\" content=\"2024-02-16T19:43:42+00:00\" \/>\n<meta name=\"twitter:card\" content=\"summary_large_image\" \/>\n<meta name=\"twitter:label1\" content=\"Est. reading time\" \/>\n\t<meta name=\"twitter:data1\" content=\"1 minute\" \/>\n<!-- \/ Yoast SEO plugin. -->","yoast_head_json":{"title":"Information on insects and pests | Elite Pest Control","description":"We provide you with all the information you need about insects and wild animals and extermination methods. Contact us for more information.","robots":{"index":"index","follow":"follow","max-snippet":"max-snippet:-1","max-image-preview":"max-image-preview:large","max-video-preview":"max-video-preview:-1"},"canonical":"https:\/\/eliteextermination.com\/en\/insects-pests\/","og_locale":"en_US","og_type":"article","og_title":"Information on insects and pests | Elite Pest Control","og_description":"We provide you with all the information you need about insects and wild animals and extermination methods. Contact us for more information.","og_url":"https:\/\/eliteextermination.com\/en\/insects-pests\/","og_site_name":"\u00c9lite Extermination","article_modified_time":"2024-02-16T19:43:42+00:00","twitter_card":"summary_large_image","twitter_misc":{"Est. reading time":"1 minute"},"schema":{"@context":"https:\/\/schema.org","@graph":[{"@type":"WebPage","@id":"https:\/\/eliteextermination.com\/en\/insects-pests\/","url":"https:\/\/eliteextermination.com\/en\/insects-pests\/","name":"Information on insects and pests | Elite Pest Control","isPartOf":{"@id":"https:\/\/eliteextermination.com\/en\/#website"},"datePublished":"2017-09-28T15:38:14+00:00","dateModified":"2024-02-16T19:43:42+00:00","description":"We provide you with all the information you need about insects and wild animals and extermination methods. Contact us for more information.","breadcrumb":{"@id":"https:\/\/eliteextermination.com\/en\/insects-pests\/#breadcrumb"},"inLanguage":"en-CA","potentialAction":[{"@type":"ReadAction","target":["https:\/\/eliteextermination.com\/en\/insects-pests\/"]}]},{"@type":"BreadcrumbList","@id":"https:\/\/eliteextermination.com\/en\/insects-pests\/#breadcrumb","itemListElement":[{"@type":"ListItem","position":1,"name":"Home","item":"https:\/\/eliteextermination.com\/en\/"},{"@type":"ListItem","position":2,"name":"INTRUDERS"}]},{"@type":"WebSite","@id":"https:\/\/eliteextermination.com\/en\/#website","url":"https:\/\/eliteextermination.com\/en\/","name":"\u00c9lite Extermination","description":"Pest Control Experts in Montreal, Laval, St-J\u00e9r\u00f4me, Repentigny, Trois-Rivi\u00e8res, Gatineau, South Shore","potentialAction":[{"@type":"SearchAction","target":{"@type":"EntryPoint","urlTemplate":"https:\/\/eliteextermination.com\/en\/?s={search_term_string}"},"query-input":{"@type":"PropertyValueSpecification","valueRequired":true,"valueName":"search_term_string"}}],"inLanguage":"en-CA"},false]}},"yasr_visitor_votes":{"stars_attributes":{"read_only":false,"span_bottom":false},"number_of_votes":1,"sum_votes":5},"_links":{"self":[{"href":"https:\/\/eliteextermination.com\/en\/wp-json\/wp\/v2\/pages\/1668","targetHints":{"allow":["GET"]}}],"collection":[{"href":"https:\/\/eliteextermination.com\/en\/wp-json\/wp\/v2\/pages"}],"about":[{"href":"https:\/\/eliteextermination.com\/en\/wp-json\/wp\/v2\/types\/page"}],"author":[{"embeddable":true,"href":"https:\/\/eliteextermination.com\/en\/wp-json\/wp\/v2\/users\/1"}],"replies":[{"embeddable":true,"href":"https:\/\/eliteextermination.com\/en\/wp-json\/wp\/v2\/comments?post=1668"}],"version-history":[{"count":7,"href":"https:\/\/eliteextermination.com\/en\/wp-json\/wp\/v2\/pages\/1668\/revisions"}],"predecessor-version":[{"id":5282,"href":"https:\/\/eliteextermination.com\/en\/wp-json\/wp\/v2\/pages\/1668\/revisions\/5282"}],"wp:attachment":[{"href":"https:\/\/eliteextermination.com\/en\/wp-json\/wp\/v2\/media?parent=1668"}],"wp:term":[{"taxonomy":"category","embeddable":true,"href":"https:\/\/eliteextermination.com\/en\/wp-json\/wp\/v2\/categories?post=1668"},{"taxonomy":"post_tag","embeddable":true,"href":"https:\/\/eliteextermination.com\/en\/wp-json\/wp\/v2\/tags?post=1668"}],"curies":[{"name":"wp","href":"https:\/\/api.w.org\/{rel}","templated":true}]}}