{"id":1670,"date":"2017-09-28T16:16:52","date_gmt":"2017-09-28T16:16:52","guid":{"rendered":"https:\/\/eliteextermination.com\/?page_id=1670\/"},"modified":"2024-02-16T14:42:58","modified_gmt":"2024-02-16T19:42:58","slug":"bee-exterminator","status":"publish","type":"page","link":"https:\/\/eliteextermination.com\/en\/insects-pests\/bee-exterminator\/","title":{"rendered":"Bee Extermination"},"content":{"rendered":"<div class=\"wpb-content-wrapper\">[vc_row fullwidth=&#8221;true&#8221; css=&#8221;.vc_custom_1505920716626{background-image: url(https:\/\/eliteextermination.com\/wp-content\/uploads\/2017\/07\/top-abeilles.jpg?id=953) !important;}&#8221; el_class=&#8221;BackGroundImageScale&#8221;][vc_column][vc_column_text align=&#8221;center&#8221; el_class=&#8221;Service_Title&#8221; css=&#8221;.vc_custom_1696605224469{margin-bottom: 0px !important;}&#8221;]\n<div><span class=\"Service_HugeText\">BEE <\/span><br \/>\n<span class=\"Contact_Bigger_Paragraph White_Text\">EXTERMINATION<\/span><a href=\"https:\/\/eliteextermination.com\/en\/contact-us\/\"><button class=\"Button_Style_Blue Button_Centered\" type=\"button\">CONTACT US<\/button><\/a><\/div>\n[\/vc_column_text][\/vc_column][\/vc_row][vc_row fullwidth=&#8221;true&#8221;][vc_column][vc_column_text align=&#8221;center&#8221; el_class=&#8221;Title_Text Centered_Text MainTitle_Margin&#8221;]\n<h1>Bee exterminator service<\/h1>\n[\/vc_column_text][vc_column_text align=&#8221;center&#8221; el_class=&#8221;Title_Paragraph_Text Centered_Text&#8221;]Do you want to know how to identify which kind of bee is swarming around your house? Would you like to find out whether a <strong>bee exterminator<\/strong> is necessary? Keep reading. Here on our Elite Pest Control bee page, you\u2019ll find tips and advice on how to identify which kind of flying insect you\u2019re dealing with and what to do about it.[\/vc_column_text][vc_empty_space height=&#8221;80px&#8221;][\/vc_column][\/vc_row][vc_row fullwidth=&#8221;true&#8221; css=&#8221;.vc_custom_1500061025861{background-color: #e0e0e0 !important;}&#8221;][vc_column][vc_row_inner is_fullwidth_content=&#8221;false&#8221;][vc_column_inner][vc_empty_space][vc_column_text align=&#8221;center&#8221; el_class=&#8221;Title_Text&#8221;]\n<h2>Bee control experts<\/h2>\n[\/vc_column_text][vc_column_text align=&#8221;center&#8221; el_class=&#8221;SubTitle_Paragraph_Text&#8221;]Although bees are an essential part of the natural cycle, most people don\u2019t want to have a hive close to their house. If you\u2019ve noticed flying insects buzzing around your yard or even inside your house, it\u2019s time to call us.<\/p>\n<p>Our pest-control specialists know how to <strong>remove bees<\/strong> and wasps the right way\u2014we will identify the species, find the location of the nest and return at the best time of day to remove them. We are available to serve you at <a href=\"\/en\/areas\/\">many locations<\/a> throughout Quebec, including Montreal and the Island, the North and South Shores, Gatineau, Laval, Repentigny, St-J\u00e9rome and Trois-Rivi\u00e8res.[\/vc_column_text][vc_empty_space][\/vc_column_inner][\/vc_row_inner][\/vc_column][\/vc_row][vc_row fullwidth=&#8221;true&#8221; equal_columns=&#8221;true&#8221;][vc_column width=&#8221;1\/2&#8243; el_class=&#8221;Service_Col_Padding Service_Text_Margin&#8221;][vc_column_text]\n<h2>Which kind of insect are you dealing with?<\/h2>\n<p>There are approximately 20,000 different species in the world. The best-known bees in Quebec are the <strong>bumblebee<\/strong> and the Western honey bee, which produces the honey and beeswax we use. Honey bees live in colonies made up of a queen bee, female workers and fertile males called drones. Only the queen bee can reproduce. Worker bees build, clean and protect the hive, gather pollen and nectar to feed the colony and take care of the offspring. The drones\u2019 only job is to mate with the queen; her only role is to lay eggs.<\/p>\n<p>Bees can see all colours except red. Their vision and sense of smell help them find the kinds of flowers that provide the pollen they need to nourish the colony. Bees generally avoid humans, preferring to go about their work without any interaction. However, if they feel threatened, or if the hive is threatened, they will sting.[\/vc_column_text][\/vc_column][vc_column width=&#8221;1\/2&#8243; el_class=&#8221;Service_Col_Padding Service_Text_Margin bg-light-grey&#8221;][vc_column_text]\n<h2>Is it a bee, a wasp or a hornet?<\/h2>\n<p>The scientific way to tell if you\u2019re looking at a bee is to examine its body. If it\u2019s covered in fuzzy branched hairs, <a href=\"https:\/\/www.gov.mb.ca\/housing\/pubs\/pests\/bees.pdf\">it&#8217;s not a wasp or hornet<\/a>. The latter have shiny, smooth bodies. Bumblebees also have plumper bodies and a more rounded abdomen than the pointier-bodied honey bee.<\/p>\n<p>Another reliable indicator is to observe what the insect does after taking pollen from a flower. If it brushes the collected pollen onto its hind legs, it\u2019s a bee.<\/p>\n<p>The nest offers further clues. Honey bees build a wax comb for their larvae and swarm as a large group, along with the queen, to start a new colony when necessary. Bumblebee colonies are smaller than those of honey bees, typically numbering about 50 specimens, and their nests are built in the ground. Some species of wasp and hornet also build their nests in the ground, while others construct small or large papery nests along walls or hanging from tree branches.<\/p>\n<p>Highlight en encadr\u00e9: Bees, which are closely linked to <a href=\"\/en\/insects-pests\/wasp-exterminator\/\">wasps<\/a>, <a href=\"\/en\/insects-pests\/hornet-extermination\/\">hornets<\/a> and flying ants, are appreciated by orchard owners, farmers and all nature lovers for their crucial role in pollination. Thanks to the remarkable symbiosis between bees and plants, many of the varieties of nuts, fruits, vegetables and flowers we enjoy can flourish when bees do their job.[\/vc_column_text][\/vc_column][\/vc_row][vc_row fullwidth=&#8221;true&#8221; fullwidth_content=&#8221;false&#8221; el_class=&#8221;bg-blue row-padding&#8221;][vc_column][vc_column_text align=&#8221;center&#8221; el_class=&#8221;SubTitle_Paragraph_Text White_Text&#8221;]\n<p style=\"text-align: center;\">Bees, which are closely linked to <a href=\"\/en\/insects-pests\/wasp-exterminator\/\">wasps<\/a>, <a href=\"\/en\/insects-pests\/hornet-extermination\/\">hornets<\/a> and flying ants, are appreciated by orchard owners, farmers and all nature lovers for their crucial role in pollination. Thanks to the remarkable symbiosis between bees and plants, many of the varieties of nuts, fruits, vegetables and flowers we enjoy can flourish when bees do their job.<\/p>\n[\/vc_column_text][\/vc_column][\/vc_row][vc_row fullwidth=&#8221;true&#8221; fullwidth_content=&#8221;false&#8221; equal_columns=&#8221;true&#8221; el_class=&#8221;row-padding&#8221;][vc_column][vc_column_text align=&#8221;center&#8221;]\n<h2 style=\"text-align: center;\">How to get rid of them<\/h2>\n[\/vc_column_text][vc_row_inner][vc_column_inner width=&#8221;1\/2&#8243;][vc_column_text]Bees are unarguably beneficial to the environment, but their <strong>stings<\/strong> can hurt, or worse, cause life-threatening allergic reactions in some people. Simply knowing that a hive is nearby is enough to cause anxiety for many Quebecers, hence the need to banish their presence from the home or cottage.[\/vc_column_text][\/vc_column_inner][vc_column_inner width=&#8221;1\/2&#8243;][vc_column_text]As beneficial pollinators, honeybees and bumblebees are neither aggressive nor truly dangerous (for non-allergic people), so measures must be taken to remove them without killing them. Because bee colonies can be extremely large, and moving hives quite complicated, we recommend bringing in a pest-control professional or an experienced bee-keeper to remove a honeycomb hive safely.[\/vc_column_text][\/vc_column_inner][\/vc_row_inner][\/vc_column][\/vc_row][vc_row fullwidth=&#8221;true&#8221; fullwidth_content=&#8221;false&#8221;][vc_column][vc_column_text el_class=&#8221;highlight-black&#8221;]Before undertaking any kind of action to get rid of flying insects, it\u2019s important to know if you\u2019re dealing with bees, wasps or hornets.[\/vc_column_text][\/vc_column][\/vc_row][vc_row fullwidth=&#8221;true&#8221; fullwidth_content=&#8221;false&#8221; el_class=&#8221;row-padding bg-dark-grey&#8221;][vc_column][vc_column_text align=&#8221;center&#8221;]\n<h2 style=\"text-align: center;\">A professional bee extermination service<\/h2>\n<p style=\"text-align: center;\">In some instances, you may not be able to find a bee-keeper who\u2019s willing to come and remove the bees that are bothering you. It could be that he or she doesn\u2019t have the room or the resources to handle more bees, or perhaps they don\u2019t have adequate equipment to transport them. If that\u2019s the case, you\u2019ll have to call a professional pest-control company.<\/p>\n[\/vc_column_text][\/vc_column][\/vc_row][vc_row fullwidth=&#8221;true&#8221; css=&#8221;.vc_custom_1505926959021{background-color: #0055c5 !important;}&#8221; el_class=&#8221;row-call&#8221;][vc_column][vc_empty_space height=&#8221;40px&#8221;][vc_row_inner is_fullwidth_content=&#8221;false&#8221;][vc_column_inner][vc_column_text el_class=&#8221;SubTitle_Paragraph_Text White_Text&#8221;]\n<p style=\"text-align: center;\">Let our pest-control technicians offer you expert help in correctly identifying the insects. We will then take measures to remove them and their hive or nest in the most suitable way. We will also give you advice on how to deal with similar problems in the future. <a href=\"\/en\/contact-us\/\">Contact Elite Pest Control today<\/a>.<\/p>\n[\/vc_column_text][\/vc_column_inner][\/vc_row_inner][vc_empty_space height=&#8221;45px&#8221;][\/vc_column][\/vc_row]\n<\/div>","protected":false},"excerpt":{"rendered":"<p>[vc_row fullwidth=&#8221;true&#8221; css=&#8221;.vc_custom_1505920716626{background-image: url(https:\/\/eliteextermination.com\/wp-content\/uploads\/2017\/07\/top-abeilles.jpg?id=953) !important;}&#8221; el_class=&#8221;BackGroundImageScale&#8221;][vc_column][vc_column_text align=&#8221;center&#8221; el_class=&#8221;Service_Title&#8221; css=&#8221;.vc_custom_1696605224469{margin-bottom: 0px !important;}&#8221;] BEE EXTERMINATIONCONTACT US [\/vc_column_text][\/vc_column][\/vc_row][vc_row fullwidth=&#8221;true&#8221;][vc_column][vc_column_text align=&#8221;center&#8221; el_class=&#8221;Title_Text Centered_Text MainTitle_Margin&#8221;] Bee exterminator service [\/vc_column_text][vc_column_text align=&#8221;center&#8221; el_class=&#8221;Title_Paragraph_Text Centered_Text&#8221;]Do you want to know how to identify which kind of bee is swarming around your house? Would you like to find out whether a bee exterminator is necessary? [&hellip;]<\/p>\n","protected":false},"author":1,"featured_media":1420,"parent":1668,"menu_order":0,"comment_status":"closed","ping_status":"closed","template":"","meta":{"_acf_changed":false,"yasr_overall_rating":0,"yasr_post_is_review":"","yasr_auto_insert_disabled":"","yasr_review_type":"","footnotes":""},"categories":[155],"tags":[],"class_list":["post-1670","page","type-page","status-publish","has-post-thumbnail","hentry","category-insect-pests"],"acf":[],"yoast_head":"<!-- This site is optimized with the Yoast SEO plugin v26.9 - https:\/\/yoast.com\/product\/yoast-seo-wordpress\/ -->\n<title>Bee Exterminator | Bee Extermination &amp; Bee Control Services in Quebec<\/title>\n<meta name=\"description\" content=\"Do you need a bee exterminator for your home? Contact Elite Pest Control today for trusted bee extermination and bee control services near you in Quebec!\" \/>\n<meta name=\"robots\" content=\"index, follow, max-snippet:-1, max-image-preview:large, max-video-preview:-1\" \/>\n<link rel=\"canonical\" href=\"https:\/\/eliteextermination.com\/en\/insects-pests\/bee-exterminator\/\" \/>\n<meta property=\"og:locale\" content=\"en_US\" \/>\n<meta property=\"og:type\" content=\"article\" \/>\n<meta property=\"og:title\" content=\"Bee Exterminator | Bee Extermination &amp; Bee Control Services in Quebec\" \/>\n<meta property=\"og:description\" content=\"Do you need a bee exterminator for your home? Contact Elite Pest Control today for trusted bee extermination and bee control services near you in Quebec!\" \/>\n<meta property=\"og:url\" content=\"https:\/\/eliteextermination.com\/en\/insects-pests\/bee-exterminator\/\" \/>\n<meta property=\"og:site_name\" content=\"\u00c9lite Extermination\" \/>\n<meta property=\"article:modified_time\" content=\"2024-02-16T19:42:58+00:00\" \/>\n<meta property=\"og:image\" content=\"https:\/\/eliteextermination.com\/wp-content\/uploads\/2017\/07\/abeille.jpg\" \/>\n\t<meta property=\"og:image:width\" content=\"216\" \/>\n\t<meta property=\"og:image:height\" content=\"216\" \/>\n\t<meta property=\"og:image:type\" content=\"image\/jpeg\" \/>\n<meta name=\"twitter:card\" content=\"summary_large_image\" \/>\n<meta name=\"twitter:label1\" content=\"Est. reading time\" \/>\n\t<meta name=\"twitter:data1\" content=\"6 minutes\" \/>\n<!-- \/ Yoast SEO plugin. -->","yoast_head_json":{"title":"Bee Exterminator | Bee Extermination & Bee Control Services in Quebec","description":"Do you need a bee exterminator for your home? Contact Elite Pest Control today for trusted bee extermination and bee control services near you in Quebec!","robots":{"index":"index","follow":"follow","max-snippet":"max-snippet:-1","max-image-preview":"max-image-preview:large","max-video-preview":"max-video-preview:-1"},"canonical":"https:\/\/eliteextermination.com\/en\/insects-pests\/bee-exterminator\/","og_locale":"en_US","og_type":"article","og_title":"Bee Exterminator | Bee Extermination & Bee Control Services in Quebec","og_description":"Do you need a bee exterminator for your home? Contact Elite Pest Control today for trusted bee extermination and bee control services near you in Quebec!","og_url":"https:\/\/eliteextermination.com\/en\/insects-pests\/bee-exterminator\/","og_site_name":"\u00c9lite Extermination","article_modified_time":"2024-02-16T19:42:58+00:00","og_image":[{"width":216,"height":216,"url":"https:\/\/eliteextermination.com\/wp-content\/uploads\/2017\/07\/abeille.jpg","type":"image\/jpeg"}],"twitter_card":"summary_large_image","twitter_misc":{"Est. reading time":"6 minutes"},"schema":{"@context":"https:\/\/schema.org","@graph":[{"@type":"WebPage","@id":"https:\/\/eliteextermination.com\/en\/insects-pests\/bee-exterminator\/","url":"https:\/\/eliteextermination.com\/en\/insects-pests\/bee-exterminator\/","name":"Bee Exterminator | Bee Extermination & Bee Control Services in Quebec","isPartOf":{"@id":"https:\/\/eliteextermination.com\/en\/#website"},"primaryImageOfPage":{"@id":"https:\/\/eliteextermination.com\/en\/insects-pests\/bee-exterminator\/#primaryimage"},"image":{"@id":"https:\/\/eliteextermination.com\/en\/insects-pests\/bee-exterminator\/#primaryimage"},"thumbnailUrl":"https:\/\/eliteextermination.com\/wp-content\/uploads\/2017\/07\/abeille.jpg","datePublished":"2017-09-28T16:16:52+00:00","dateModified":"2024-02-16T19:42:58+00:00","description":"Do you need a bee exterminator for your home? Contact Elite Pest Control today for trusted bee extermination and bee control services near you in Quebec!","breadcrumb":{"@id":"https:\/\/eliteextermination.com\/en\/insects-pests\/bee-exterminator\/#breadcrumb"},"inLanguage":"en-CA","potentialAction":[{"@type":"ReadAction","target":["https:\/\/eliteextermination.com\/en\/insects-pests\/bee-exterminator\/"]}]},{"@type":"ImageObject","inLanguage":"en-CA","@id":"https:\/\/eliteextermination.com\/en\/insects-pests\/bee-exterminator\/#primaryimage","url":"https:\/\/eliteextermination.com\/wp-content\/uploads\/2017\/07\/abeille.jpg","contentUrl":"https:\/\/eliteextermination.com\/wp-content\/uploads\/2017\/07\/abeille.jpg","width":216,"height":216,"caption":"Extermination Abeilles"},{"@type":"BreadcrumbList","@id":"https:\/\/eliteextermination.com\/en\/insects-pests\/bee-exterminator\/#breadcrumb","itemListElement":[{"@type":"ListItem","position":1,"name":"Home","item":"https:\/\/eliteextermination.com\/en\/"},{"@type":"ListItem","position":2,"name":"INTRUDERS","item":"https:\/\/eliteextermination.com\/en\/insects-pests\/"},{"@type":"ListItem","position":3,"name":"Bee Extermination"}]},{"@type":"WebSite","@id":"https:\/\/eliteextermination.com\/en\/#website","url":"https:\/\/eliteextermination.com\/en\/","name":"\u00c9lite Extermination","description":"Pest Control Experts in Montreal, Laval, St-J\u00e9r\u00f4me, Repentigny, Trois-Rivi\u00e8res, Gatineau, South Shore","potentialAction":[{"@type":"SearchAction","target":{"@type":"EntryPoint","urlTemplate":"https:\/\/eliteextermination.com\/en\/?s={search_term_string}"},"query-input":{"@type":"PropertyValueSpecification","valueRequired":true,"valueName":"search_term_string"}}],"inLanguage":"en-CA"},false]}},"yasr_visitor_votes":{"stars_attributes":{"read_only":false,"span_bottom":false},"number_of_votes":1,"sum_votes":5},"_links":{"self":[{"href":"https:\/\/eliteextermination.com\/en\/wp-json\/wp\/v2\/pages\/1670","targetHints":{"allow":["GET"]}}],"collection":[{"href":"https:\/\/eliteextermination.com\/en\/wp-json\/wp\/v2\/pages"}],"about":[{"href":"https:\/\/eliteextermination.com\/en\/wp-json\/wp\/v2\/types\/page"}],"author":[{"embeddable":true,"href":"https:\/\/eliteextermination.com\/en\/wp-json\/wp\/v2\/users\/1"}],"replies":[{"embeddable":true,"href":"https:\/\/eliteextermination.com\/en\/wp-json\/wp\/v2\/comments?post=1670"}],"version-history":[{"count":4,"href":"https:\/\/eliteextermination.com\/en\/wp-json\/wp\/v2\/pages\/1670\/revisions"}],"predecessor-version":[{"id":4774,"href":"https:\/\/eliteextermination.com\/en\/wp-json\/wp\/v2\/pages\/1670\/revisions\/4774"}],"up":[{"embeddable":true,"href":"https:\/\/eliteextermination.com\/en\/wp-json\/wp\/v2\/pages\/1668"}],"wp:featuredmedia":[{"embeddable":true,"href":"https:\/\/eliteextermination.com\/en\/wp-json\/wp\/v2\/media\/1420"}],"wp:attachment":[{"href":"https:\/\/eliteextermination.com\/en\/wp-json\/wp\/v2\/media?parent=1670"}],"wp:term":[{"taxonomy":"category","embeddable":true,"href":"https:\/\/eliteextermination.com\/en\/wp-json\/wp\/v2\/categories?post=1670"},{"taxonomy":"post_tag","embeddable":true,"href":"https:\/\/eliteextermination.com\/en\/wp-json\/wp\/v2\/tags?post=1670"}],"curies":[{"name":"wp","href":"https:\/\/api.w.org\/{rel}","templated":true}]}}