{"id":1672,"date":"2017-09-28T15:55:19","date_gmt":"2017-09-28T15:55:19","guid":{"rendered":"https:\/\/eliteextermination.com\/?page_id=1672\/"},"modified":"2025-06-19T13:39:55","modified_gmt":"2025-06-19T17:39:55","slug":"areas","status":"publish","type":"page","link":"https:\/\/eliteextermination.com\/en\/areas\/","title":{"rendered":"Areas"},"content":{"rendered":"<div class=\"wpb-content-wrapper\">[vc_row fullwidth=&#8221;true&#8221; css=&#8221;.vc_custom_1507054881843{background-image: url(https:\/\/eliteextermination.com\/wp-content\/uploads\/2017\/06\/head-propos.jpg?id=2146) !important;}&#8221; el_class=&#8221;BackGroundImageScale&#8221;][vc_column][vc_column_text align=&#8221;center&#8221; el_class=&#8221;Service_Title&#8221;]\n<div>\n<p><span class=\"Contact_Bigger_Paragraph White_Text\">EXTERMINATION SERVICE<\/span><\/p>\n<p><span class=\"Service_HugeText\">AREAS<\/span><\/p>\n<p><a href=\"\/en\/contact-us\/\"><button class=\"Button_Style_Blue Button_Centered\" type=\"button\">CONTACT US<\/button><\/a><\/p>\n<\/div>\n[\/vc_column_text][\/vc_column][\/vc_row][vc_row fullwidth=&#8221;true&#8221;][vc_column][vc_column_text align=&#8221;center&#8221; el_class=&#8221;Title_Text Centered_Text MainTitle_Margin&#8221;]\n<h1>Exterminator locations throughout Quebec<\/h1>\n[\/vc_column_text][vc_column_text align=&#8221;center&#8221; el_class=&#8221;Title_Paragraph_Text Centered_Text&#8221; css=&#8221;.vc_custom_1746017513732{margin-bottom: 0px !important;}&#8221;]<span style=\"font-weight: 400;\">Elite Pest Control is committed to providing top-quality extermination services throughout Quebec. We have built a strong regional network that allows us to meet customer demands quickly and efficiently. Our localized teams of qualified exterminators provide reliable and long-lasting pest management services.<\/span><\/p>\n<p><span style=\"font-weight: 400;\">In addition to basic extermination, we offer specialized services such as <\/span><a href=\"https:\/\/eliteextermination.com\/en\/rodent-proof-caulking\/\"><span style=\"font-weight: 400;\">rodent-proof caulking<\/span><\/a><span style=\"font-weight: 400;\"> to prevent infestations, and <\/span><a href=\"https:\/\/eliteextermination.com\/en\/pest-decontamination\/\"><span style=\"font-weight: 400;\">pest decontamination<\/span><\/a><span style=\"font-weight: 400;\"> to sanitize your environment following a pest problem. We take pride in protecting your living or working space. For a free quote, click on the name of your city below or fill in our online contact form. Your peace of mind is our priority.<\/span>[\/vc_column_text][vc_empty_space height=&#8221;80px&#8221;][\/vc_column][\/vc_row][vc_row fullwidth=&#8221;true&#8221; css=&#8221;.vc_custom_1500061025861{background-color: #e0e0e0 !important;}&#8221;][vc_column][vc_row_inner is_fullwidth_content=&#8221;false&#8221;][vc_column_inner][vc_empty_space][vc_column_text align=&#8221;center&#8221; el_class=&#8221;Title_Text&#8221;]\n<h2>We like referrals!<\/h2>\n[\/vc_column_text][vc_column_text align=&#8221;center&#8221; el_class=&#8221;SubTitle_Paragraph_Text&#8221;]We will send you a cheque for $50 if a person you referred to us signs a service contract. Contact us today to learn more about how our referral reward works.[\/vc_column_text][vc_empty_space][\/vc_column_inner][\/vc_row_inner][\/vc_column][\/vc_row][vc_row fullwidth=&#8221;true&#8221;][vc_column][vc_column_text align=&#8221;center&#8221; el_class=&#8221;Title_Text Centered_Text MainTitle_Margin&#8221; css=&#8221;.vc_custom_1746017847361{margin-bottom: 0px !important;}&#8221;]\n<h2>Exterminator Montreal &#8211; Neighborhoods<\/h2>\n[\/vc_column_text][\/vc_column][\/vc_row][vc_row fullwidth=&#8221;true&#8221;][vc_column width=&#8221;1\/2&#8243;][vc_column_text align=&#8221;center&#8221; el_class=&#8221;Title_Text Centered_Text MainTitle_Margin&#8221; css=&#8221;.vc_custom_1746017869224{margin-bottom: 0px !important;}&#8221;]\n<ul>\n<li><a href=\"https:\/\/eliteextermination.com\/en\/exterminator-anjou\/\"><span style=\"font-weight: 400;\">Anjou<\/span><\/a><\/li>\n<li><a href=\"https:\/\/eliteextermination.com\/en\/exterminator-rosemont\/\"><span style=\"font-weight: 400;\">Rosemont<\/span><\/a><\/li>\n<li><a href=\"https:\/\/eliteextermination.com\/en\/exterminator-hochelaga-maisonneuve\/\"><span style=\"font-weight: 400;\">Hochelaga-Maisonneuve<\/span><\/a><\/li>\n<\/ul>\n[\/vc_column_text][\/vc_column][vc_column width=&#8221;1\/2&#8243;][vc_column_text align=&#8221;center&#8221; el_class=&#8221;Title_Text Centered_Text MainTitle_Margin&#8221; css=&#8221;.vc_custom_1746017885901{margin-bottom: 0px !important;}&#8221;]\n<ul>\n<li><a href=\"https:\/\/eliteextermination.com\/en\/extermination-montreal\/\"><span style=\"font-weight: 400;\">Montr\u00e9al<\/span><\/a><\/li>\n<li><a href=\"https:\/\/eliteextermination.com\/en\/exterminator-montreal-north\/\"><span style=\"font-weight: 400;\">Montr\u00e9al-Nord<\/span><\/a><\/li>\n<li><a href=\"https:\/\/eliteextermination.com\/en\/exterminator-verdun-2-2\/\"><span style=\"font-weight: 400;\">Verdun<\/span><\/a><\/li>\n<\/ul>\n[\/vc_column_text][\/vc_column][\/vc_row][vc_row fullwidth=&#8221;true&#8221;][vc_column][vc_column_text align=&#8221;center&#8221; el_class=&#8221;Title_Text Centered_Text MainTitle_Margin&#8221; css=&#8221;.vc_custom_1746017902247{margin-bottom: 0px !important;}&#8221;]\n<h2>Exterminator Montreal &#8211; North Shore<\/h2>\n[\/vc_column_text][\/vc_column][\/vc_row][vc_row fullwidth=&#8221;true&#8221;][vc_column width=&#8221;1\/3&#8243;][vc_column_text align=&#8221;center&#8221; el_class=&#8221;Title_Text Centered_Text MainTitle_Margin&#8221; css=&#8221;.vc_custom_1746018834407{margin-bottom: 0px !important;}&#8221;]\n<ul>\n<li><a href=\"https:\/\/eliteextermination.com\/en\/exterminator-berthierville\/\"><span style=\"font-weight: 400;\">Berthierville<\/span><\/a><\/li>\n<li><a href=\"https:\/\/eliteextermination.com\/en\/exterminator-blainville\/\"><span style=\"font-weight: 400;\">Blainville<\/span><\/a><\/li>\n<li><a href=\"https:\/\/eliteextermination.com\/en\/exterminator-boisbriand\/\">Boisbriand<\/a><\/li>\n<li><a href=\"https:\/\/eliteextermination.com\/en\/exterminator-bois-des-filion\/\"><span style=\"font-weight: 400;\">Bois-des-Filion<\/span><\/a><\/li>\n<li><a href=\"https:\/\/eliteextermination.com\/en\/exterminator-deux-montagnes\/\">Deux-Montagnes<\/a><\/li>\n<li><a href=\"https:\/\/eliteextermination.com\/en\/exterminator-joliette\/\">Joliette<\/a><\/li>\n<li><a href=\"https:\/\/eliteextermination.com\/en\/exterminator-l-assomption\/\"><span style=\"font-weight: 400;\">L\u2019Assomption<\/span><\/a><\/li>\n<\/ul>\n[\/vc_column_text][\/vc_column][vc_column width=&#8221;1\/3&#8243;][vc_column_text align=&#8221;center&#8221; el_class=&#8221;Title_Text Centered_Text MainTitle_Margin&#8221; css=&#8221;.vc_custom_1746018848371{margin-bottom: 0px !important;}&#8221;]\n<ul>\n<li><a href=\"https:\/\/eliteextermination.com\/en\/exterminator-lachute\/\"><span style=\"font-weight: 400;\">Lachute<\/span><\/a><\/li>\n<li><a href=\"https:\/\/eliteextermination.com\/en\/exterminator-la-plaine\/\"><span style=\"font-weight: 400;\">La Plaine<\/span><\/a><\/li>\n<li><a href=\"https:\/\/eliteextermination.com\/en\/exterminator-lachenaie\/\"><span style=\"font-weight: 400;\">Lachenaie<\/span><\/a><\/li>\n<li><a href=\"https:\/\/eliteextermination.com\/en\/exterminator-lanoraie\/\"><span style=\"font-weight: 400;\">Lanoraie<\/span><\/a><\/li>\n<li><a href=\"https:\/\/eliteextermination.com\/en\/extermination-laval\/\"><span style=\"font-weight: 400;\">Laval<\/span><\/a><\/li>\n<li><a href=\"https:\/\/eliteextermination.com\/en\/exterminator-lavaltrie\/\"><span style=\"font-weight: 400;\">Lavaltrie<\/span><\/a><\/li>\n<li><a href=\"https:\/\/eliteextermination.com\/en\/exterminator-mascouche\/\"><span style=\"font-weight: 400;\">Mascouche<\/span><\/a><\/li>\n<\/ul>\n[\/vc_column_text][\/vc_column][vc_column width=&#8221;1\/3&#8243;][vc_column_text align=&#8221;center&#8221; el_class=&#8221;Title_Text Centered_Text MainTitle_Margin&#8221; css=&#8221;.vc_custom_1746018855792{margin-bottom: 0px !important;}&#8221;]\n<ul>\n<li><a href=\"https:\/\/eliteextermination.com\/en\/exterminator-mirabel\/\"><span style=\"font-weight: 400;\">Mirabel<\/span><\/a><\/li>\n<li><a href=\"https:\/\/eliteextermination.com\/en\/extermination-repentigny\/\"><span style=\"font-weight: 400;\">Repentigny<\/span><\/a><\/li>\n<li><a href=\"https:\/\/eliteextermination.com\/en\/exterminator-saint-eustache\/\"><span style=\"font-weight: 400;\">Saint-Eustache<\/span><\/a><\/li>\n<li><a href=\"https:\/\/eliteextermination.com\/en\/extermination-st-jerome\/\"><span style=\"font-weight: 400;\">Saint-J\u00e9r\u00f4me<\/span><\/a><\/li>\n<li><a href=\"https:\/\/eliteextermination.com\/en\/exterminator-sainte-therese\/\"><span style=\"font-weight: 400;\">Sainte-Th\u00e9r\u00e8se<\/span><\/a><\/li>\n<li><a href=\"https:\/\/eliteextermination.com\/en\/extermination-terrebonne\/\"><span style=\"font-weight: 400;\">Terrebonne<\/span><\/a><\/li>\n<li><a href=\"https:\/\/eliteextermination.com\/en\/extermination-trois-rivieres\/\"><span style=\"font-weight: 400;\">Trois-Rivi\u00e8res<\/span><\/a><\/li>\n<\/ul>\n[\/vc_column_text][\/vc_column][\/vc_row][vc_row fullwidth=&#8221;true&#8221;][vc_column][vc_column_text align=&#8221;center&#8221; el_class=&#8221;Title_Text Centered_Text MainTitle_Margin&#8221; css=&#8221;.vc_custom_1746018077391{margin-bottom: 0px !important;}&#8221;]\n<h2>Exterminator Montreal &#8211; South Shore<\/h2>\n[\/vc_column_text][\/vc_column][\/vc_row][vc_row fullwidth=&#8221;true&#8221;][vc_column width=&#8221;1\/2&#8243;][vc_column_text align=&#8221;center&#8221; el_class=&#8221;Title_Text Centered_Text MainTitle_Margin&#8221; css=&#8221;.vc_custom_1750354760186{margin-bottom: 0px !important;}&#8221;]\n<ul>\n<li><a href=\"https:\/\/eliteextermination.com\/en\/exterminator-beauharnois\/\">Beauharnois<\/a><\/li>\n<li><a href=\"https:\/\/eliteextermination.com\/en\/exterminator-boucherville\/\">Boucherville<\/a><\/li>\n<li><a href=\"https:\/\/eliteextermination.com\/en\/exterminator-brossard\/\"><span style=\"font-weight: 400;\">Brossard<\/span><\/a><\/li>\n<li><a href=\"https:\/\/eliteextermination.com\/en\/exterminator-candiac\/\">Candiac<\/a><\/li>\n<\/ul>\n[\/vc_column_text][\/vc_column][vc_column width=&#8221;1\/2&#8243;][vc_column_text align=&#8221;center&#8221; el_class=&#8221;Title_Text Centered_Text MainTitle_Margin&#8221; css=&#8221;.vc_custom_1750354792419{margin-bottom: 0px !important;}&#8221;]\n<ul>\n<li><a href=\"https:\/\/eliteextermination.com\/en\/exterminator-chateauguay\/\">Ch\u00e2teauguay<\/a><\/li>\n<li><a href=\"https:\/\/eliteextermination.com\/en\/exterminator-la-prairie\/\">La Prairie<\/a><\/li>\n<li><a href=\"https:\/\/eliteextermination.com\/en\/extermination-longueuil\/\">Longueuil<\/a><\/li>\n<li><a href=\"https:\/\/eliteextermination.com\/en\/exterminator-saint-bruno\/\">Saint-Bruno<\/a><\/li>\n<\/ul>\n[\/vc_column_text][\/vc_column][\/vc_row][vc_row fullwidth=&#8221;true&#8221; css=&#8221;.vc_custom_1746018569106{background-color: #F6F6F6 !important;}&#8221;][vc_column][vc_column_text align=&#8221;center&#8221; el_class=&#8221;Title_Text Centered_Text MainTitle_Margin&#8221; css=&#8221;.vc_custom_1746018110857{margin-bottom: 0px !important;}&#8221;]\n<h2>How have our services worked for you? Let us know what you think!<\/h2>\n[\/vc_column_text][vc_column_text align=&#8221;center&#8221; el_class=&#8221;Title_Paragraph_Text Centered_Text&#8221; css=&#8221;.vc_custom_1746018123943{margin-bottom: 0px !important;}&#8221;]\n<div class=\"flex max-w-full flex-col flex-grow\">\n<div class=\"min-h-[20px] text-message flex w-full flex-col items-end gap-2 whitespace-pre-wrap break-words [.text-message+&amp;]:mt-5 overflow-x-auto\" dir=\"auto\" data-message-author-role=\"assistant\" data-message-id=\"d7694b5e-05ce-49e3-99d1-4308d926fc20\">\n<div class=\"flex w-full flex-col gap-1 empty:hidden first:pt-[3px]\">\n<div class=\"markdown prose w-full break-words dark:prose-invert light\">\n<p><span style=\"font-weight: 400;\">We&#8217;re always striving to improve, and your feedback is key. We encourage you to share your experience by leaving a Google review. This not only helps us serve you better but also to continue to make a name for ourselves.<\/span><\/p>\n<p><a href=\"https:\/\/g.co\/kgs\/tTfLczZ\"><span style=\"font-weight: 400;\">Elite Pest Control in Montreal<\/span><\/a><\/p>\n<p><a href=\"https:\/\/g.co\/kgs\/iQGdh7n\"><span style=\"font-weight: 400;\">Elite Pest Control in Laval<\/span><\/a><\/p>\n<p><a href=\"https:\/\/maps.app.goo.gl\/FnKTbmPagvTBqS76A\"><span style=\"font-weight: 400;\">Elite Pest Control in L&#8217;\u00c9piphanie<\/span><\/a><\/p>\n<p><a href=\"https:\/\/maps.app.goo.gl\/HAk63BkGBNm3N4zH6\"><span style=\"font-weight: 400;\">Elite Pest Control in Rawdon<\/span><\/a><\/p>\n<p>&nbsp;<\/p>\n<\/div>\n<\/div>\n<\/div>\n<\/div>\n[\/vc_column_text][vc_empty_space height=&#8221;80px&#8221;][\/vc_column][\/vc_row][vc_row fullwidth=&#8221;true&#8221; el_class=&#8221;bg-blue row-padding&#8221;][vc_column width=&#8221;1\/12&#8243;][\/vc_column][vc_column width=&#8221;5\/6&#8243; el_class=&#8221;col-cta&#8221;][vc_column_text align=&#8221;center&#8221; el_class=&#8221;SubTitle_Paragraph_Text White_Text title_cta_extermination&#8221; css=&#8221;.vc_custom_1746018139954{margin-right: 20px !important;margin-bottom: 0px !important;}&#8221;]\n<p style=\"font-size: 30px; text-align: center;\"><b>Need help with pest extermination? <\/b><\/p>\n[\/vc_column_text][mk_button dimension=&#8221;flat&#8221; size=&#8221;x-large&#8221; letter_spacing=&#8221;2&#8243; url=&#8221;https:\/\/eliteextermination.com\/en\/contact-us\/&#8221; margin_top=&#8221;-8&#8243; margin_right=&#8221;23&#8243; bg_color=&#8221;#005ca3&#8243; btn_hover_bg=&#8221;#e0e0e0&#8243; btn_hover_txt_color=&#8221;#000000&#8243;]CONTACT US[\/mk_button][mk_button dimension=&#8221;flat&#8221; size=&#8221;x-large&#8221; letter_spacing=&#8221;2&#8243; url=&#8221;tel:5147918385&#8243; margin_top=&#8221;-8&#8243; margin_right=&#8221;8&#8243; bg_color=&#8221;#ffffff&#8221; btn_hover_bg=&#8221;#e0e0e0&#8243; text_color=&#8221;dark&#8221; btn_hover_txt_color=&#8221;#000000&#8243;]514-791-8385[\/mk_button][vc_column_text align=&#8221;center&#8221; el_class=&#8221;SubTitle_Paragraph_Text White_Text&#8221; css=&#8221;.vc_custom_1746018179098{margin-bottom: 0px !important;}&#8221;]\n<p style=\"text-align: center;\"><span style=\"font-weight: 400;\">Elite Pest Control is here to help you anywhere in Quebec! Fast 24\/7 service<\/span><\/p>\n[\/vc_column_text][\/vc_column][vc_column width=&#8221;1\/12&#8243;][\/vc_column][\/vc_row]\n<\/div>","protected":false},"excerpt":{"rendered":"<p>[vc_row fullwidth=&#8221;true&#8221; css=&#8221;.vc_custom_1507054881843{background-image: url(https:\/\/eliteextermination.com\/wp-content\/uploads\/2017\/06\/head-propos.jpg?id=2146) !important;}&#8221; el_class=&#8221;BackGroundImageScale&#8221;][vc_column][vc_column_text align=&#8221;center&#8221; el_class=&#8221;Service_Title&#8221;] EXTERMINATION SERVICE AREAS CONTACT US [\/vc_column_text][\/vc_column][\/vc_row][vc_row fullwidth=&#8221;true&#8221;][vc_column][vc_column_text align=&#8221;center&#8221; el_class=&#8221;Title_Text Centered_Text MainTitle_Margin&#8221;] Exterminator locations throughout Quebec [\/vc_column_text][vc_column_text align=&#8221;center&#8221; el_class=&#8221;Title_Paragraph_Text Centered_Text&#8221; css=&#8221;.vc_custom_1746017513732{margin-bottom: 0px !important;}&#8221;]Elite Pest Control is committed to providing top-quality extermination services throughout Quebec. We have built a strong regional network that allows us to meet customer demands [&hellip;]<\/p>\n","protected":false},"author":1,"featured_media":0,"parent":0,"menu_order":0,"comment_status":"closed","ping_status":"closed","template":"","meta":{"_acf_changed":false,"yasr_overall_rating":0,"yasr_post_is_review":"","yasr_auto_insert_disabled":"","yasr_review_type":"","footnotes":""},"categories":[],"tags":[],"class_list":["post-1672","page","type-page","status-publish","hentry"],"acf":[],"yoast_head":"<!-- This site is optimized with the Yoast SEO plugin v26.9 - https:\/\/yoast.com\/product\/yoast-seo-wordpress\/ -->\n<title>Quebec Extermination Solutions | Local Pest Control Services<\/title>\n<meta name=\"description\" content=\"Pest management company with offices in Montreal, Gatineau, North Shore, South Shore and Central Quebec: 24\/7 services and guaranteed.\" \/>\n<meta name=\"robots\" content=\"index, follow, max-snippet:-1, max-image-preview:large, max-video-preview:-1\" \/>\n<link rel=\"canonical\" href=\"https:\/\/eliteextermination.com\/en\/areas\/\" \/>\n<meta property=\"og:locale\" content=\"en_US\" \/>\n<meta property=\"og:type\" content=\"article\" \/>\n<meta property=\"og:title\" content=\"Quebec Extermination Solutions | Local Pest Control Services\" \/>\n<meta property=\"og:description\" content=\"Pest management company with offices in Montreal, Gatineau, North Shore, South Shore and Central Quebec: 24\/7 services and guaranteed.\" \/>\n<meta property=\"og:url\" content=\"https:\/\/eliteextermination.com\/en\/areas\/\" \/>\n<meta property=\"og:site_name\" content=\"\u00c9lite Extermination\" \/>\n<meta property=\"article:modified_time\" content=\"2025-06-19T17:39:55+00:00\" \/>\n<meta name=\"twitter:card\" content=\"summary_large_image\" \/>\n<meta name=\"twitter:label1\" content=\"Est. reading time\" \/>\n\t<meta name=\"twitter:data1\" content=\"3 minutes\" \/>\n<!-- \/ Yoast SEO plugin. -->","yoast_head_json":{"title":"Quebec Extermination Solutions | Local Pest Control Services","description":"Pest management company with offices in Montreal, Gatineau, North Shore, South Shore and Central Quebec: 24\/7 services and guaranteed.","robots":{"index":"index","follow":"follow","max-snippet":"max-snippet:-1","max-image-preview":"max-image-preview:large","max-video-preview":"max-video-preview:-1"},"canonical":"https:\/\/eliteextermination.com\/en\/areas\/","og_locale":"en_US","og_type":"article","og_title":"Quebec Extermination Solutions | Local Pest Control Services","og_description":"Pest management company with offices in Montreal, Gatineau, North Shore, South Shore and Central Quebec: 24\/7 services and guaranteed.","og_url":"https:\/\/eliteextermination.com\/en\/areas\/","og_site_name":"\u00c9lite Extermination","article_modified_time":"2025-06-19T17:39:55+00:00","twitter_card":"summary_large_image","twitter_misc":{"Est. reading time":"3 minutes"},"schema":{"@context":"https:\/\/schema.org","@graph":[{"@type":"WebPage","@id":"https:\/\/eliteextermination.com\/en\/areas\/","url":"https:\/\/eliteextermination.com\/en\/areas\/","name":"Quebec Extermination Solutions | Local Pest Control Services","isPartOf":{"@id":"https:\/\/eliteextermination.com\/en\/#website"},"datePublished":"2017-09-28T15:55:19+00:00","dateModified":"2025-06-19T17:39:55+00:00","description":"Pest management company with offices in Montreal, Gatineau, North Shore, South Shore and Central Quebec: 24\/7 services and guaranteed.","breadcrumb":{"@id":"https:\/\/eliteextermination.com\/en\/areas\/#breadcrumb"},"inLanguage":"en-CA","potentialAction":[{"@type":"ReadAction","target":["https:\/\/eliteextermination.com\/en\/areas\/"]}]},{"@type":"BreadcrumbList","@id":"https:\/\/eliteextermination.com\/en\/areas\/#breadcrumb","itemListElement":[{"@type":"ListItem","position":1,"name":"Home","item":"https:\/\/eliteextermination.com\/en\/"},{"@type":"ListItem","position":2,"name":"Areas"}]},{"@type":"WebSite","@id":"https:\/\/eliteextermination.com\/en\/#website","url":"https:\/\/eliteextermination.com\/en\/","name":"\u00c9lite Extermination","description":"Pest Control Experts in Montreal, Laval, St-J\u00e9r\u00f4me, Repentigny, Trois-Rivi\u00e8res, Gatineau, South Shore","potentialAction":[{"@type":"SearchAction","target":{"@type":"EntryPoint","urlTemplate":"https:\/\/eliteextermination.com\/en\/?s={search_term_string}"},"query-input":{"@type":"PropertyValueSpecification","valueRequired":true,"valueName":"search_term_string"}}],"inLanguage":"en-CA"},false]}},"yasr_visitor_votes":{"stars_attributes":{"read_only":false,"span_bottom":false},"number_of_votes":0,"sum_votes":0},"_links":{"self":[{"href":"https:\/\/eliteextermination.com\/en\/wp-json\/wp\/v2\/pages\/1672","targetHints":{"allow":["GET"]}}],"collection":[{"href":"https:\/\/eliteextermination.com\/en\/wp-json\/wp\/v2\/pages"}],"about":[{"href":"https:\/\/eliteextermination.com\/en\/wp-json\/wp\/v2\/types\/page"}],"author":[{"embeddable":true,"href":"https:\/\/eliteextermination.com\/en\/wp-json\/wp\/v2\/users\/1"}],"replies":[{"embeddable":true,"href":"https:\/\/eliteextermination.com\/en\/wp-json\/wp\/v2\/comments?post=1672"}],"version-history":[{"count":26,"href":"https:\/\/eliteextermination.com\/en\/wp-json\/wp\/v2\/pages\/1672\/revisions"}],"predecessor-version":[{"id":6593,"href":"https:\/\/eliteextermination.com\/en\/wp-json\/wp\/v2\/pages\/1672\/revisions\/6593"}],"wp:attachment":[{"href":"https:\/\/eliteextermination.com\/en\/wp-json\/wp\/v2\/media?parent=1672"}],"wp:term":[{"taxonomy":"category","embeddable":true,"href":"https:\/\/eliteextermination.com\/en\/wp-json\/wp\/v2\/categories?post=1672"},{"taxonomy":"post_tag","embeddable":true,"href":"https:\/\/eliteextermination.com\/en\/wp-json\/wp\/v2\/tags?post=1672"}],"curies":[{"name":"wp","href":"https:\/\/api.w.org\/{rel}","templated":true}]}}