{"id":1678,"date":"2017-09-28T16:17:01","date_gmt":"2017-09-28T16:17:01","guid":{"rendered":"https:\/\/eliteextermination.com\/?page_id=1678\/"},"modified":"2025-02-05T11:03:25","modified_gmt":"2025-02-05T16:03:25","slug":"extermination-montreal","status":"publish","type":"page","link":"https:\/\/eliteextermination.com\/en\/extermination-montreal\/","title":{"rendered":"EXTERMINATION MONTREAL"},"content":{"rendered":"<div class=\"wpb-content-wrapper\">[vc_row fullwidth=&#8221;true&#8221; el_class=&#8221;BackGroundImageScale&#8221; css=&#8221;.vc_custom_1500048800305{background-image: url(https:\/\/eliteextermination.com\/wp-content\/uploads\/2017\/06\/head-propos.jpg?id=2146) !important;}&#8221;][vc_column][vc_column_text align=&#8221;center&#8221; el_class=&#8221;Service_Title&#8221; css=&#8221;.vc_custom_1619798122910{margin-bottom: 0px !important;}&#8221;]<span class=\"Contact_Bigger_Paragraph White_Text\"> EXPERT PEST EXTERMINATION<\/span><br \/>\n<span class=\"Service_HugeText\">MONTR\u00c9AL<\/span><br \/>\n<a href=\"tel:+1-514-259-5969\"><button class=\"Button_Style_Blue Button_Centered\" type=\"button\">514 259-5969<\/button><\/a>[\/vc_column_text][\/vc_column][\/vc_row][vc_row fullwidth=&#8221;true&#8221; equal_columns=&#8221;true&#8221; attached=&#8221;true&#8221; column_padding=&#8221;4&#8243;][vc_column width=&#8221;2\/3&#8243;][vc_empty_space height=&#8221;40px&#8221;][vc_column_text css=&#8221;.vc_custom_1729018675237{margin-bottom: 0px !important;}&#8221;]\n<h1 style=\"text-align: center;\">Pest exterminators in Montreal<\/h1>\n<p style=\"text-align: center;\">In a big city like Montreal, pest infestations are so prevalent that it can be difficult to put a stop to them without expert knowledge.<\/p>\n<p style=\"text-align: center;\">Hiring an exterminator is often the only way to regain peace of mind.<\/p>\n<p style=\"text-align: center;\">Our certified technicians can permanently eliminate all the types of pests that exist in Quebec:<\/p>\n<ul style=\"text-align: center;\">\n<li><a href=\"https:\/\/eliteextermination.com\/en\/insects-pests\/mouse-extermination\/\">Mouse extermination<\/a><\/li>\n<li><a href=\"https:\/\/eliteextermination.com\/en\/insects-pests\/rat-extermination\/\">Rat extermination<\/a><\/li>\n<li><a href=\"https:\/\/eliteextermination.com\/en\/insects-pests\/bat-extermination\/\">Bat extermination<\/a><\/li>\n<li><a href=\"https:\/\/eliteextermination.com\/en\/insects-pests\/common-ant-extermination\/\">Ant extermination<\/a><\/li>\n<li>And more!<\/li>\n<\/ul>\n<p>Whether you have fallen victim to the small rodents swarming our city or flying pests taking up residence in the attic, our exterminators have a great deal of knowledge about the province\u2019s pests and are here to help!<\/p>\n<p>Experiencing a pest infestation in Montreal? Fill out our contact form or call us to reach our <a href=\"https:\/\/eliteextermination.com\/en\/pest-extermination\/\" target=\"_blank\" rel=\"noopener\">pest extermination services<\/a>.[\/vc_column_text][\/vc_column][vc_column width=&#8221;1\/3&#8243; el_class=&#8221;bg-dark-blue col-center-top&#8221;]\n<div class=\"wpcf7 no-js\" id=\"wpcf7-f2495-o1\" lang=\"fr-FR\" dir=\"ltr\" data-wpcf7-id=\"2495\">\n<div class=\"screen-reader-response\"><p role=\"status\" aria-live=\"polite\" aria-atomic=\"true\"><\/p> <ul><\/ul><\/div>\n<form action=\"\/en\/wp-json\/wp\/v2\/pages\/1678#wpcf7-f2495-o1\" method=\"post\" class=\"wpcf7-form init\" aria-label=\"Formulaire de contact\" novalidate=\"novalidate\" data-status=\"init\">\n<fieldset class=\"hidden-fields-container\"><input type=\"hidden\" name=\"_wpcf7\" value=\"2495\" \/><input type=\"hidden\" name=\"_wpcf7_version\" value=\"6.1.4\" \/><input type=\"hidden\" name=\"_wpcf7_locale\" value=\"fr_FR\" \/><input type=\"hidden\" name=\"_wpcf7_unit_tag\" value=\"wpcf7-f2495-o1\" \/><input type=\"hidden\" name=\"_wpcf7_container_post\" value=\"0\" \/><input type=\"hidden\" name=\"_wpcf7_posted_data_hash\" value=\"\" \/><input type=\"hidden\" name=\"_wpcf7_recaptcha_response\" value=\"\" \/>\n<\/fieldset>\n<div class=\"service-form\">\n\t<p><span class=\"wpcf7-form-control-wrap\" data-name=\"typedemande\"><select class=\"wpcf7-form-control wpcf7-select wpcf7-validates-as-required\" aria-required=\"true\" aria-invalid=\"false\" name=\"typedemande\"><option value=\"\">Type of request*<\/option><option value=\"Questions or comments\">Questions or comments<\/option><option value=\"Free estimate\">Free estimate<\/option><option value=\"Emergency\">Emergency<\/option><\/select><\/span><span class=\"wpcf7-form-control-wrap\" data-name=\"last-name\"><input size=\"40\" maxlength=\"400\" class=\"wpcf7-form-control wpcf7-text wpcf7-validates-as-required\" aria-required=\"true\" aria-invalid=\"false\" placeholder=\"Last name*\" value=\"\" type=\"text\" name=\"last-name\" \/><\/span><br \/>\n<span class=\"wpcf7-form-control-wrap\" data-name=\"email\"><input size=\"40\" maxlength=\"400\" class=\"wpcf7-form-control wpcf7-email wpcf7-validates-as-required wpcf7-text wpcf7-validates-as-email\" aria-required=\"true\" aria-invalid=\"false\" placeholder=\"E-mail*\" value=\"\" type=\"email\" name=\"email\" \/><\/span><br \/>\n<span class=\"wpcf7-form-control-wrap\" data-name=\"telephone\"><input size=\"40\" maxlength=\"400\" class=\"wpcf7-form-control wpcf7-tel wpcf7-validates-as-required wpcf7-text wpcf7-validates-as-tel\" aria-required=\"true\" aria-invalid=\"false\" placeholder=\"Phone number*\" value=\"\" type=\"tel\" name=\"telephone\" \/><\/span><br \/>\n<span class=\"wpcf7-form-control-wrap\" data-name=\"message\"><textarea cols=\"40\" rows=\"10\" maxlength=\"2000\" class=\"wpcf7-form-control wpcf7-textarea wpcf7-validates-as-required\" aria-required=\"true\" aria-invalid=\"false\" placeholder=\"Message*\" name=\"message\"><\/textarea><\/span><br \/>\n\t<div class=\"wpcf7-response-output\" aria-hidden=\"true\"><\/div><br \/>\n<span id=\"wpcf7-69d4703a0554a-wrapper\" class=\"wpcf7-form-control-wrap field-wrap\" style=\"display:none !important; visibility:hidden !important;\"><label for=\"wpcf7-69d4703a0554a-field\" class=\"hp-message\">Veuillez laisser ce champ vide.<\/label><input id=\"wpcf7-69d4703a0554a-field\"  class=\"wpcf7-form-control wpcf7-text\" type=\"text\" name=\"field\" value=\"\" size=\"40\" tabindex=\"-1\" autocomplete=\"new-password\" \/><\/span><br \/>\n\t<br \/>\n<input class=\"wpcf7-form-control wpcf7-submit has-spinner Button_Style_Blue\" type=\"submit\" value=\"SEND\" \/>\n\t<\/p>\n<\/div>\n<p><script>\ndocument.addEventListener( 'wpcf7mailsent', function( event ) {\n location = 'https:\/\/eliteextermination.com\/en\/thank-you\/';\n}, false );\n<\/script>\n<\/p><input type='hidden' class='wpcf7-pum' value='{\"closepopup\":false,\"closedelay\":0,\"openpopup\":false,\"openpopup_id\":0}' \/>\n<\/form>\n<\/div>\n[\/vc_column][\/vc_row][vc_row fullwidth=&#8221;true&#8221; css=&#8221;.vc_custom_1619800200928{background-color: #dddddd !important;}&#8221;][vc_column][vc_empty_space height=&#8221;40px&#8221;][vc_column_text css=&#8221;.vc_custom_1651185575887{margin-bottom: 0px !important;}&#8221;]\n<h2 style=\"text-align: center;\">Montreal has one of the highest pest infestation rates in North America<\/h2>\n<p style=\"text-align: center;\">If you are experiencing a pest infestation in Montreal, you are not alone. The media in Quebec and Montreal are reporting ever-increasing numbers of infestations:<\/p>\n<ul>\n<li>According to <a href=\"https:\/\/montrealgazette.com\/news\/local-news\/bed-bugs-remain-intractable-problem-in-montreal-as-new-university-year-begins\" target=\"_blank\" rel=\"noopener\">the Gazette<\/a>, Montreal has been experiencing an intense upswing in bed bug infestations in the last few decades.<\/li>\n<li>Since the beginning of the COVID-19 pandemic, lockdowns and fewer humans out and about have caused the rat population to surge in big cities like Montreal, according to <a href=\"https:\/\/www.ctvnews.ca\/health\/coronavirus\/rats-covid-19-is-bringing-another-problem-to-canadian-streets-1.4893748\" target=\"_blank\" rel=\"noopener\">CTV News<\/a>.<\/li>\n<\/ul>\n<p style=\"text-align: center;\">Before the pandemic, Montreal was already home to between 5 and 6 million rats compared to the human population of 1.7 million, meaning around 3.5 rats for every person in the city.<\/p>\n<p style=\"text-align: center;\">Montreal is the economic capital of Quebec, <strong>one of the biggest cities in North America and therefore extremely popular with pests<\/strong>.<\/p>\n<p style=\"text-align: center;\">This increase in pest infestations creates more challenges for our team of exterminators.<\/p>\n[\/vc_column_text][vc_empty_space height=&#8221;40px&#8221;][\/vc_column][\/vc_row][vc_row][vc_column][vc_empty_space height=&#8221;40px&#8221;][\/vc_column][\/vc_row][vc_row fullwidth=&#8221;true&#8221; equal_columns=&#8221;true&#8221; attached=&#8221;true&#8221; column_padding=&#8221;4&#8243;][vc_column width=&#8221;1\/2&#8243;][vc_column_text css=&#8221;.vc_custom_1651185623115{margin-bottom: 0px !important;}&#8221;]\n<h2 style=\"text-align: center;\">Elite Pest Control, your extermination company in Montreal<\/h2>\n<p style=\"text-align: center;\">Elite Pest Control was established over 10 years ago and is proud to be of service to <strong>Montrealers who are struggling with pests and wild animals<\/strong>.<\/p>\n<p style=\"text-align: center;\">Extermination is more than just a job for us, it is a true calling. We are fortunate to be dedicated contractors who have built a strong reputation throughout Quebec.<\/p>\n<p style=\"text-align: center;\">Each infestation presents a unique challenge, but our vast extermination experience has taught us which methods work best. With 30 years of extermination experience in the Greater Montreal Area, Pascal Rock is familiar with every corner of the city and knows the behaviour of Quebec animals inside and out.<\/p>\n<p style=\"text-align: center;\">We are committed to making your home feel safe and peaceful again, and we are ready to travel anywhere in Quebec to do so.<\/p>\n[\/vc_column_text][vc_empty_space height=&#8221;80px&#8221;][\/vc_column][vc_column width=&#8221;1\/2&#8243;][vc_video link=&#8221;https:\/\/www.youtube.com\/watch?v=MIPXtTk6c8Y&#8221;][vc_empty_space height=&#8221;20px&#8221;][\/vc_column][\/vc_row][vc_row fullwidth=&#8221;true&#8221; css=&#8221;.vc_custom_1619800056469{background-color: #dddddd !important;}&#8221;][vc_column][vc_empty_space height=&#8221;40px&#8221;][vc_column_text css=&#8221;.vc_custom_1651185668116{margin-bottom: 0px !important;}&#8221;]\n<h2 style=\"text-align: center;\">Why are we one of the most reputable extermination companies in the Greater Montreal Area?<\/h2>\n<p style=\"text-align: center;\">If you are plagued by pests and rodents, the <strong>best exterminators in Montreal will help you get rid of them in your home<\/strong>. We are committed to providing the best customer service possible and ensuring that any work we do is carried out discreetly.<\/p>\n<p style=\"text-align: center;\">Here are 3 reasons why <strong>our extermination services in Montreal are so highly regarded<\/strong>.<\/p>\n[\/vc_column_text][\/vc_column][\/vc_row][vc_row fullwidth=&#8221;true&#8221; equal_columns=&#8221;true&#8221; column_padding=&#8221;4&#8243;][vc_column width=&#8221;1\/3&#8243; el_class=&#8221;Service_Text_Margin Service_Col_Padding&#8221; css=&#8221;.vc_custom_1619800074138{background-color: #dddddd !important;}&#8221;][vc_column_text align=&#8221;center&#8221; el_class=&#8221;Title_Text&#8221; css=&#8221;.vc_custom_1651185718691{margin-bottom: 0px !important;}&#8221;]\n<h3 style=\"text-align: center;\">We guarantee all of our pest treatments for up to a period of 5 years<\/h3>\n[\/vc_column_text][vc_column_text align=&#8221;center&#8221; el_class=&#8221;SubTitle_Paragraph_Text&#8221; css=&#8221;.vc_custom_1651185699729{margin-bottom: 0px !important;}&#8221;]\n<p style=\"text-align: center;\">What\u2019s the point of hiring an <a href=\"https:\/\/eliteextermination.com\/en\/\" target=\"_blank\" rel=\"noopener\">extermination company in Montreal<\/a> if there is no guarantee it will work?<\/p>\n<p style=\"text-align: center;\">At Elite Pest Control, we have such confidence in our technicians\u2019 experience and expertise that we offer guarantee on all of our treatments of up to 5 years. This guarantee will give you <strong>peace of mind that other Montreal exterminators cannot provide<\/strong>.<\/p>\n<p style=\"text-align: center;\">Our confidence comes from customer satisfaction, which is also our number one goal. The trust and satisfaction that come with a job well done are the driving force of our pest control company.<\/p>\n[\/vc_column_text][\/vc_column][vc_column width=&#8221;1\/3&#8243; el_class=&#8221;Service_Text_Margin Service_Col_Padding&#8221; css=&#8221;.vc_custom_1619800116213{background-color: #dddddd !important;}&#8221;][vc_column_text align=&#8221;center&#8221; el_class=&#8221;Title_Text&#8221; css=&#8221;.vc_custom_1651185726261{margin-bottom: 0px !important;}&#8221;]\n<h3 style=\"text-align: center;\">Comprehensive extermination services<\/h3>\n[\/vc_column_text][vc_column_text align=&#8221;center&#8221; el_class=&#8221;SubTitle_Paragraph_Text&#8221; css=&#8221;.vc_custom_1738767356539{margin-bottom: 0px !important;}&#8221;]\n<p style=\"text-align: center;\">There are many extermination companies in Montreal and on the North and South Shores, but they do not all provide the same services. At Elite Pest Control, we distinguish ourselves with our <a href=\"https:\/\/eliteextermination.com\/en\/pest-decontamination\/\" target=\"_blank\" rel=\"noopener\">pest decontamination service<\/a>.<\/p>\n<p style=\"text-align: center;\">We believe that deep cleaning is essential after an infestation. This step is necessary because pest excrement can contain bacteria, viruses and other pathogens. Decontamination is the best way to ensure a safe, clean environment for you and your loved ones.<\/p>\n<p style=\"text-align: center;\">We also check the <a href=\"https:\/\/eliteextermination.com\/en\/pest-insulation\/\" target=\"_blank\" rel=\"noopener\">insulation<\/a> and replace it if it has been damaged.<\/p>\n[\/vc_column_text][\/vc_column][vc_column width=&#8221;1\/3&#8243; el_class=&#8221;Service_Text_Margin Service_Col_Padding&#8221; css=&#8221;.vc_custom_1619800124711{background-color: #dddddd !important;}&#8221;][vc_column_text align=&#8221;center&#8221; el_class=&#8221;Title_Text&#8221; css=&#8221;.vc_custom_1651185767930{margin-bottom: 0px !important;}&#8221;]\n<h3 style=\"text-align: center;\">A customer-centred approach<\/h3>\n[\/vc_column_text][vc_column_text align=&#8221;center&#8221; el_class=&#8221;SubTitle_Paragraph_Text&#8221; css=&#8221;.vc_custom_1700244292541{margin-bottom: 0px !important;}&#8221;]\n<p style=\"text-align: center;\">Our Montreal technicians are happy to answer your questions and provide reassurance. We have responded to the current health crisis by providing a preventive cleaning service for COVID-19.<\/p>\n<p style=\"text-align: center;\">We also have an <a href=\"https:\/\/eliteextermination.com\/en\/emergency-24-7\/\" target=\"_blank\" rel=\"noopener\">emergency extermination service<\/a> that is available 24\/7 for your urgent pest control needs.<\/p>\n[\/vc_column_text][\/vc_column][\/vc_row][vc_row][vc_column][vc_empty_space height=&#8221;40px&#8221;][vc_column_text css=&#8221;.vc_custom_1619801290208{margin-bottom: 0px !important;}&#8221;]\n<h2 style=\"text-align: center;\">Elite Pest Control also operates beyond Montreal<\/h2>\n[\/vc_column_text][\/vc_column][\/vc_row][vc_row][vc_column width=&#8221;1\/4&#8243;][vc_empty_space height=&#8221;40px&#8221;][vc_column_text css=&#8221;.vc_custom_1730227898255{margin-bottom: 0px !important;}&#8221;][\/vc_column_text][vc_empty_space height=&#8221;40px&#8221;][\/vc_column][vc_column width=&#8221;1\/4&#8243;][vc_empty_space height=&#8221;40px&#8221;][vc_column_text css=&#8221;.vc_custom_1738771403044{margin-bottom: 0px !important;}&#8221;]\n<ul>\n<li style=\"text-align: center;\"><a href=\"https:\/\/eliteextermination.com\/en\/extermination-laval\/\">Extermination in Laval<\/a><\/li>\n<li style=\"text-align: center;\"><a href=\"https:\/\/eliteextermination.com\/en\/extermination-longueuil\/\">Extermination in Longueuil<\/a><\/li>\n<\/ul>\n[\/vc_column_text][vc_empty_space height=&#8221;40px&#8221;][\/vc_column][vc_column width=&#8221;1\/4&#8243;][vc_empty_space height=&#8221;40px&#8221;][vc_column_text css=&#8221;.vc_custom_1736866252463{margin-bottom: 0px !important;}&#8221;]\n<ul>\n<li style=\"text-align: center;\"><a href=\"https:\/\/eliteextermination.com\/en\/extermination-repentigny\/\">Extermination in Repentigny<\/a><\/li>\n<li style=\"text-align: center;\"><a href=\"https:\/\/eliteextermination.com\/en\/extermination-st-jerome\/\">Extermination in Saint-J\u00e9r\u00f4me<\/a><\/li>\n<\/ul>\n[\/vc_column_text][vc_empty_space height=&#8221;40px&#8221;][\/vc_column][vc_column width=&#8221;1\/4&#8243;][vc_empty_space height=&#8221;40px&#8221;][vc_column_text css=&#8221;.vc_custom_1738770934550{margin-bottom: 0px !important;}&#8221;]\n<ul>\n<li style=\"text-align: center;\"><a href=\"https:\/\/eliteextermination.com\/en\/extermination-terrebonne\/\">Extermination in Terrebonne<\/a><\/li>\n<li style=\"text-align: center;\"><a href=\"https:\/\/eliteextermination.com\/en\/extermination-trois-rivieres\/\">Extermination in Trois-Rivi\u00e8res<\/a><\/li>\n<\/ul>\n[\/vc_column_text][vc_empty_space height=&#8221;40px&#8221;][\/vc_column][\/vc_row][vc_row fullwidth=&#8221;true&#8221; css=&#8221;.vc_custom_1505926935168{background-color: #0055c5 !important;}&#8221; el_class=&#8221;row-call&#8221;][vc_column][vc_row_inner is_fullwidth_content=&#8221;false&#8221;][vc_column_inner][vc_empty_space][vc_column_text align=&#8221;center&#8221; el_class=&#8221;SubTitle_Paragraph_Text White_Text&#8221; css=&#8221;.vc_custom_1619801306292{margin-bottom: 0px !important;}&#8221;]\n<p style=\"text-align: center;\"><a href=\"https:\/\/eliteextermination.com\/en\/contact-us\/?Type=2\">Contact us<\/a> today to get a free quote, schedule an inspection, or find out more about getting rid of pests in your house, apartment, condo or business!<\/p>\n[\/vc_column_text][vc_empty_space height=&#8221;20px&#8221;][\/vc_column_inner][\/vc_row_inner][\/vc_column][\/vc_row]\n<\/div>","protected":false},"excerpt":{"rendered":"<p>[vc_row fullwidth=&#8221;true&#8221; el_class=&#8221;BackGroundImageScale&#8221; css=&#8221;.vc_custom_1500048800305{background-image: url(https:\/\/eliteextermination.com\/wp-content\/uploads\/2017\/06\/head-propos.jpg?id=2146) !important;}&#8221;][vc_column][vc_column_text align=&#8221;center&#8221; el_class=&#8221;Service_Title&#8221; css=&#8221;.vc_custom_1619798122910{margin-bottom: 0px !important;}&#8221;] EXPERT PEST EXTERMINATION MONTR\u00c9AL 514 259-5969[\/vc_column_text][\/vc_column][\/vc_row][vc_row fullwidth=&#8221;true&#8221; equal_columns=&#8221;true&#8221; attached=&#8221;true&#8221; column_padding=&#8221;4&#8243;][vc_column width=&#8221;2\/3&#8243;][vc_empty_space height=&#8221;40px&#8221;][vc_column_text css=&#8221;.vc_custom_1729018675237{margin-bottom: 0px !important;}&#8221;] Pest exterminators in Montreal In a big city like Montreal, pest infestations are so prevalent that it can be difficult to put a stop to them without expert knowledge. [&hellip;]<\/p>\n","protected":false},"author":1,"featured_media":0,"parent":0,"menu_order":0,"comment_status":"closed","ping_status":"closed","template":"","meta":{"_acf_changed":false,"yasr_overall_rating":0,"yasr_post_is_review":"","yasr_auto_insert_disabled":"","yasr_review_type":"","footnotes":""},"class_list":["post-1678","page","type-page","status-publish","hentry"],"acf":[],"yoast_head":"<!-- This site is optimized with the Yoast SEO plugin v26.9 - https:\/\/yoast.com\/product\/yoast-seo-wordpress\/ -->\n<title>Montreal Exterminator | Professional Extermination in Montreal<\/title>\n<meta name=\"description\" content=\"Montreal exterminators since 2010, we know how to deal with pests. Contact our exterminators to become pest-free in Montreal.\" \/>\n<meta name=\"robots\" content=\"index, follow, max-snippet:-1, max-image-preview:large, max-video-preview:-1\" \/>\n<link rel=\"canonical\" href=\"https:\/\/eliteextermination.com\/en\/extermination-montreal\/\" \/>\n<meta property=\"og:locale\" content=\"en_US\" \/>\n<meta property=\"og:type\" content=\"article\" \/>\n<meta property=\"og:title\" content=\"Montreal Exterminator | Professional Extermination in Montreal\" \/>\n<meta property=\"og:description\" content=\"Montreal exterminators since 2010, we know how to deal with pests. Contact our exterminators to become pest-free in Montreal.\" \/>\n<meta property=\"og:url\" content=\"https:\/\/eliteextermination.com\/en\/extermination-montreal\/\" \/>\n<meta property=\"og:site_name\" content=\"\u00c9lite Extermination\" \/>\n<meta property=\"article:modified_time\" content=\"2025-02-05T16:03:25+00:00\" \/>\n<meta name=\"twitter:card\" content=\"summary_large_image\" \/>\n<meta name=\"twitter:label1\" content=\"Est. reading time\" \/>\n\t<meta name=\"twitter:data1\" content=\"5 minutes\" \/>\n<!-- \/ Yoast SEO plugin. -->","yoast_head_json":{"title":"Montreal Exterminator | Professional Extermination in Montreal","description":"Montreal exterminators since 2010, we know how to deal with pests. Contact our exterminators to become pest-free in Montreal.","robots":{"index":"index","follow":"follow","max-snippet":"max-snippet:-1","max-image-preview":"max-image-preview:large","max-video-preview":"max-video-preview:-1"},"canonical":"https:\/\/eliteextermination.com\/en\/extermination-montreal\/","og_locale":"en_US","og_type":"article","og_title":"Montreal Exterminator | Professional Extermination in Montreal","og_description":"Montreal exterminators since 2010, we know how to deal with pests. Contact our exterminators to become pest-free in Montreal.","og_url":"https:\/\/eliteextermination.com\/en\/extermination-montreal\/","og_site_name":"\u00c9lite Extermination","article_modified_time":"2025-02-05T16:03:25+00:00","twitter_card":"summary_large_image","twitter_misc":{"Est. reading time":"5 minutes"},"schema":{"@context":"https:\/\/schema.org","@graph":[{"@type":"WebPage","@id":"https:\/\/eliteextermination.com\/en\/extermination-montreal\/","url":"https:\/\/eliteextermination.com\/en\/extermination-montreal\/","name":"Montreal Exterminator | Professional Extermination in Montreal","isPartOf":{"@id":"https:\/\/eliteextermination.com\/en\/#website"},"datePublished":"2017-09-28T16:17:01+00:00","dateModified":"2025-02-05T16:03:25+00:00","description":"Montreal exterminators since 2010, we know how to deal with pests. Contact our exterminators to become pest-free in Montreal.","breadcrumb":{"@id":"https:\/\/eliteextermination.com\/en\/extermination-montreal\/#breadcrumb"},"inLanguage":"en-CA","potentialAction":[{"@type":"ReadAction","target":["https:\/\/eliteextermination.com\/en\/extermination-montreal\/"]}]},{"@type":"BreadcrumbList","@id":"https:\/\/eliteextermination.com\/en\/extermination-montreal\/#breadcrumb","itemListElement":[{"@type":"ListItem","position":1,"name":"Home","item":"https:\/\/eliteextermination.com\/en\/"},{"@type":"ListItem","position":2,"name":"EXTERMINATION MONTREAL"}]},{"@type":"WebSite","@id":"https:\/\/eliteextermination.com\/en\/#website","url":"https:\/\/eliteextermination.com\/en\/","name":"\u00c9lite Extermination","description":"Pest Control Experts in Montreal, Laval, St-J\u00e9r\u00f4me, Repentigny, Trois-Rivi\u00e8res, Gatineau, South Shore","potentialAction":[{"@type":"SearchAction","target":{"@type":"EntryPoint","urlTemplate":"https:\/\/eliteextermination.com\/en\/?s={search_term_string}"},"query-input":{"@type":"PropertyValueSpecification","valueRequired":true,"valueName":"search_term_string"}}],"inLanguage":"en-CA"},false]}},"yasr_visitor_votes":{"stars_attributes":{"read_only":false,"span_bottom":false},"number_of_votes":3,"sum_votes":15},"_links":{"self":[{"href":"https:\/\/eliteextermination.com\/en\/wp-json\/wp\/v2\/pages\/1678","targetHints":{"allow":["GET"]}}],"collection":[{"href":"https:\/\/eliteextermination.com\/en\/wp-json\/wp\/v2\/pages"}],"about":[{"href":"https:\/\/eliteextermination.com\/en\/wp-json\/wp\/v2\/types\/page"}],"author":[{"embeddable":true,"href":"https:\/\/eliteextermination.com\/en\/wp-json\/wp\/v2\/users\/1"}],"replies":[{"embeddable":true,"href":"https:\/\/eliteextermination.com\/en\/wp-json\/wp\/v2\/comments?post=1678"}],"version-history":[{"count":23,"href":"https:\/\/eliteextermination.com\/en\/wp-json\/wp\/v2\/pages\/1678\/revisions"}],"predecessor-version":[{"id":6391,"href":"https:\/\/eliteextermination.com\/en\/wp-json\/wp\/v2\/pages\/1678\/revisions\/6391"}],"wp:attachment":[{"href":"https:\/\/eliteextermination.com\/en\/wp-json\/wp\/v2\/media?parent=1678"}],"curies":[{"name":"wp","href":"https:\/\/api.w.org\/{rel}","templated":true}]}}