{"id":1685,"date":"2017-09-28T16:26:27","date_gmt":"2017-09-28T16:26:27","guid":{"rendered":"https:\/\/eliteextermination.com\/?page_id=1685\/"},"modified":"2025-03-10T13:10:32","modified_gmt":"2025-03-10T17:10:32","slug":"extermination-gatineau","status":"publish","type":"page","link":"https:\/\/eliteextermination.com\/en\/extermination-gatineau\/","title":{"rendered":"EXTERMINATION GATINEAU"},"content":{"rendered":"<div class=\"wpb-content-wrapper\">[vc_row fullwidth=&#8221;true&#8221; el_class=&#8221;BackGroundImageScale&#8221; css=&#8221;.vc_custom_1500048800305{background-image: url(https:\/\/eliteextermination.com\/wp-content\/uploads\/2017\/06\/head-propos.jpg?id=2146) !important;}&#8221;][vc_column][vc_column_text align=&#8221;center&#8221; el_class=&#8221;Service_Title&#8221; css=&#8221;.vc_custom_1701980943634{margin-bottom: 0px !important;}&#8221;]<span class=\"Contact_Bigger_Paragraph White_Text\">EXPERT PEST EXTERMINATION<\/span><br \/>\n<span class=\"Service_HugeText\">IN GATINEAU<\/span><br \/>\n<a href=\"tel:5147918385\"><button class=\"Button_Style_Blue Button_Centered\" type=\"button\">514 791-8385<\/button><\/a>[\/vc_column_text][\/vc_column][\/vc_row][vc_row fullwidth=&#8221;true&#8221; equal_columns=&#8221;true&#8221; attached=&#8221;true&#8221; column_padding=&#8221;4&#8243;][vc_column width=&#8221;2\/3&#8243;][vc_empty_space height=&#8221;40px&#8221;][vc_column_text css=&#8221;.vc_custom_1729020499855{margin-bottom: 0px !important;}&#8221;]\n<h1 style=\"text-align: center;\">Our exterminators respond quickly in Gatineau<\/h1>\n<p style=\"text-align: center;\">Around Gatineau and on the north shore of the Ottawa River, the wooded hills are full of wildlife that live very close to residential areas. Mice, rats, ants and wasps have a strong attraction to Gatineau homes and properties.<\/p>\n<p style=\"text-align: center;\">Has one of these intruders found its way into your home? Call Elite Pest Control!<\/p>\n<p style=\"text-align: center;\">Our <a href=\"https:\/\/eliteextermination.com\/en\/pest-extermination\/\">pest control service<\/a> in Gatineau offers a five-year guarantee, a discreet approach and competitive prices.<\/p>\n[\/vc_column_text][vc_empty_space height=&#8221;40px&#8221;][vc_column_text css=&#8221;.vc_custom_1622127469113{margin-bottom: 0px !important;}&#8221;]\n<h2 style=\"text-align: center;\">Outaouais is a breeding ground for pests<\/h2>\n<p style=\"text-align: center;\">Life is good in Gatineau, Ottawa and other municipalities in the Outaouais region. At least that&#8217;s what the mice, rats, ants and other wildlife are probably thinking.<\/p>\n<p style=\"text-align: center;\">Gatineau has a population of approximately 287,000, which is about three times higher than the last census in 1992. Considering the number of interventions by our team, we can confirm that pests are also much more numerous today than in the 21st century.<\/p>\n<p style=\"text-align: center;\">Quebec&#8217;s 4th largest city is full of parks and a river that are perfect playgrounds for pest proliferation. This is reason enough to get rid of them from your home.<\/p>\n<p style=\"text-align: center;\">If you are a victim of a pest invasion, contact us by phone or by filling out the form on this page for a free quote and a quick response from our exterminators.<\/p>\n[\/vc_column_text][\/vc_column][vc_column width=&#8221;1\/3&#8243; el_class=&#8221;bg-dark-blue col-center-top&#8221;]\n<div class=\"wpcf7 no-js\" id=\"wpcf7-f2495-o1\" lang=\"fr-FR\" dir=\"ltr\" data-wpcf7-id=\"2495\">\n<div class=\"screen-reader-response\"><p role=\"status\" aria-live=\"polite\" aria-atomic=\"true\"><\/p> <ul><\/ul><\/div>\n<form action=\"\/en\/wp-json\/wp\/v2\/pages\/1685#wpcf7-f2495-o1\" method=\"post\" class=\"wpcf7-form init\" aria-label=\"Formulaire de contact\" novalidate=\"novalidate\" data-status=\"init\">\n<fieldset class=\"hidden-fields-container\"><input type=\"hidden\" name=\"_wpcf7\" value=\"2495\" \/><input type=\"hidden\" name=\"_wpcf7_version\" value=\"6.1.4\" \/><input type=\"hidden\" name=\"_wpcf7_locale\" value=\"fr_FR\" \/><input type=\"hidden\" name=\"_wpcf7_unit_tag\" value=\"wpcf7-f2495-o1\" \/><input type=\"hidden\" name=\"_wpcf7_container_post\" value=\"0\" \/><input type=\"hidden\" name=\"_wpcf7_posted_data_hash\" value=\"\" \/><input type=\"hidden\" name=\"_wpcf7_recaptcha_response\" value=\"\" \/>\n<\/fieldset>\n<div class=\"service-form\">\n\t<p><span class=\"wpcf7-form-control-wrap\" data-name=\"typedemande\"><select class=\"wpcf7-form-control wpcf7-select wpcf7-validates-as-required\" aria-required=\"true\" aria-invalid=\"false\" name=\"typedemande\"><option value=\"\">Type of request*<\/option><option value=\"Questions or comments\">Questions or comments<\/option><option value=\"Free estimate\">Free estimate<\/option><option value=\"Emergency\">Emergency<\/option><\/select><\/span><span class=\"wpcf7-form-control-wrap\" data-name=\"last-name\"><input size=\"40\" maxlength=\"400\" class=\"wpcf7-form-control wpcf7-text wpcf7-validates-as-required\" aria-required=\"true\" aria-invalid=\"false\" placeholder=\"Last name*\" value=\"\" type=\"text\" name=\"last-name\" \/><\/span><br \/>\n<span class=\"wpcf7-form-control-wrap\" data-name=\"email\"><input size=\"40\" maxlength=\"400\" class=\"wpcf7-form-control wpcf7-email wpcf7-validates-as-required wpcf7-text wpcf7-validates-as-email\" aria-required=\"true\" aria-invalid=\"false\" placeholder=\"E-mail*\" value=\"\" type=\"email\" name=\"email\" \/><\/span><br \/>\n<span class=\"wpcf7-form-control-wrap\" data-name=\"telephone\"><input size=\"40\" maxlength=\"400\" class=\"wpcf7-form-control wpcf7-tel wpcf7-validates-as-required wpcf7-text wpcf7-validates-as-tel\" aria-required=\"true\" aria-invalid=\"false\" placeholder=\"Phone number*\" value=\"\" type=\"tel\" name=\"telephone\" \/><\/span><br \/>\n<span class=\"wpcf7-form-control-wrap\" data-name=\"message\"><textarea cols=\"40\" rows=\"10\" maxlength=\"2000\" class=\"wpcf7-form-control wpcf7-textarea wpcf7-validates-as-required\" aria-required=\"true\" aria-invalid=\"false\" placeholder=\"Message*\" name=\"message\"><\/textarea><\/span><br \/>\n\t<div class=\"wpcf7-response-output\" aria-hidden=\"true\"><\/div><br \/>\n<span id=\"wpcf7-69d816a29e12f-wrapper\" class=\"wpcf7-form-control-wrap field-wrap\" style=\"display:none !important; visibility:hidden !important;\"><label for=\"wpcf7-69d816a29e12f-field\" class=\"hp-message\">Veuillez laisser ce champ vide.<\/label><input id=\"wpcf7-69d816a29e12f-field\"  class=\"wpcf7-form-control wpcf7-text\" type=\"text\" name=\"field\" value=\"\" size=\"40\" tabindex=\"-1\" autocomplete=\"new-password\" \/><\/span><br \/>\n\t<br \/>\n<input class=\"wpcf7-form-control wpcf7-submit has-spinner Button_Style_Blue\" type=\"submit\" value=\"SEND\" \/>\n\t<\/p>\n<\/div>\n<p><script>\ndocument.addEventListener( 'wpcf7mailsent', function( event ) {\n location = 'https:\/\/eliteextermination.com\/en\/thank-you\/';\n}, false );\n<\/script>\n<\/p><input type='hidden' class='wpcf7-pum' value='{\"closepopup\":false,\"closedelay\":0,\"openpopup\":false,\"openpopup_id\":0}' \/>\n<\/form>\n<\/div>\n[\/vc_column][\/vc_row][vc_row fullwidth=&#8221;true&#8221; equal_columns=&#8221;true&#8221;][vc_column width=&#8221;1\/3&#8243; el_class=&#8221;Service_Text_Margin Service_Col_Padding&#8221; css=&#8221;.vc_custom_1619800074138{background-color: #dddddd !important;}&#8221;][vc_column_text align=&#8221;center&#8221; el_class=&#8221;Title_Text&#8221; css=&#8221;.vc_custom_1622127502026{margin-bottom: 0px !important;}&#8221;]\n<h2 style=\"text-align: center;\">A quick and professional service<\/h2>\n[\/vc_column_text][vc_column_text align=&#8221;center&#8221; el_class=&#8221;SubTitle_Paragraph_Text&#8221; css=&#8221;.vc_custom_1622127512772{margin-bottom: 0px !important;}&#8221;]\n<p style=\"text-align: center;\">We understand that nights are much less peaceful when rodents have taken over your home or a colony of ants has invaded your kitchen. Every hour that passes is longer than the last when waiting for an exterminator to arrive.<\/p>\n<p style=\"text-align: center;\">Our exterminators understand the hassle these little beasts cause. We believe in a <strong>safe and humane approach to pest control<\/strong>. That&#8217;s why we pay attention to your concerns and explain each of our procedures so that you can feel confident in our services.<\/p>\n<p style=\"text-align: center;\">In addition, whether for your home or business in Gatineau, we use environmentally friendly and government approved products.<\/p>\n[\/vc_column_text][\/vc_column][vc_column width=&#8221;1\/3&#8243; el_class=&#8221;Service_Text_Margin Service_Col_Padding&#8221; css=&#8221;.vc_custom_1622127719558{background-color: #dddddd !important;}&#8221;][vc_column_text align=&#8221;center&#8221; el_class=&#8221;Title_Text&#8221; css=&#8221;.vc_custom_1622127527451{margin-bottom: 0px !important;}&#8221;]\n<h2 style=\"text-align: center;\">Our exterminators offer turnkey services<\/h2>\n[\/vc_column_text][vc_column_text align=&#8221;center&#8221; el_class=&#8221;SubTitle_Paragraph_Text&#8221; css=&#8221;.vc_custom_1736873796750{margin-bottom: 0px !important;}&#8221;]\n<p style=\"text-align: center;\">The advantage of working with experts is that you benefit from additional services, which are essential to protect you from health problems and prevent the return of pests a few weeks or months later. Here is how we operate:<\/p>\n<ol style=\"text-align: center;\">\n<li>Our pest extermination service inspects buildings and implements a capture plan that will allow you to feel safe and at peace where you live and work.<\/li>\n<li>We advocate prevention through <a href=\"https:\/\/eliteextermination.com\/en\/rodent-proof-caulking\/\">pest control caulking<\/a> to prevent you from falling victim to another infestation.<\/li>\n<li>We offer a complete <a href=\"https:\/\/eliteextermination.com\/en\/pest-decontamination\/\">decontamination and disinfection service<\/a>. Let us <strong>disinfect your attic, basement or shed<\/strong> if the pests have made their nest and left their urine and feces behind.<\/li>\n<\/ol>\n<p style=\"text-align: center;\">We can also completely re-insulate your home or attic, whether or not pests were present.<\/p>\n[\/vc_column_text][\/vc_column][vc_column width=&#8221;1\/3&#8243; el_class=&#8221;Service_Text_Margin Service_Col_Padding&#8221; css=&#8221;.vc_custom_1622127764670{background-color: #dddddd !important;}&#8221;][vc_column_text align=&#8221;center&#8221; el_class=&#8221;Title_Text&#8221; css=&#8221;.vc_custom_1622127550992{margin-bottom: 0px !important;}&#8221;]\n<h2 style=\"text-align: center;\">No pest can escape us in Gatineau<\/h2>\n[\/vc_column_text][vc_column_text align=&#8221;center&#8221; el_class=&#8221;SubTitle_Paragraph_Text&#8221; css=&#8221;.vc_custom_1622127563622{margin-bottom: 0px !important;}&#8221;]\n<p style=\"text-align: center;\">Our exterminators working in Gatineau have experience with many types of pests in urban and rural areas.<\/p>\n<p style=\"text-align: center;\">Here are some of the things our exterminators do best:<\/p>\n<ul style=\"text-align: center;\">\n<li><a href=\"https:\/\/eliteextermination.com\/en\/insects-pests\/mouse-extermination\/\">Mouse extermination<\/a><\/li>\n<li><a href=\"https:\/\/eliteextermination.com\/en\/insects-pests\/rat-extermination\/\">Rat extermination<\/a>,<\/li>\n<li><a href=\"https:\/\/eliteextermination.com\/en\/insects-pests\/raccoon-extermination\/\">Raccoon extermination<\/a>,<\/li>\n<li><a href=\"https:\/\/eliteextermination.com\/en\/insects-pests\/bat-extermination\/\">Bat extermination<\/a>,<\/li>\n<li><a href=\"https:\/\/eliteextermination.com\/en\/insects-pests\/carpenter-ant-extermination\/\">Carpenter ant extermination<\/a>.<\/li>\n<\/ul>\n<p style=\"text-align: center;\">While these are the main pests of the North Shore, our team&#8217;s work does not stop there. There are more than 30 intruders that we can control with specific methods for each one.<\/p>\n[\/vc_column_text][\/vc_column][\/vc_row][vc_row][vc_column][vc_empty_space height=&#8221;40px&#8221;][vc_column_text css=&#8221;.vc_custom_1622127588532{margin-bottom: 0px !important;}&#8221;]\n<h2 style=\"text-align: center;\">Elite Pest Control comes to your rescue all over the province<\/h2>\n<p style=\"text-align: center;\">Not living in Gatineau? No problem. We take care of infestations as quickly as possible throughout the province of Quebec:<\/p>\n[\/vc_column_text][\/vc_column][\/vc_row][vc_row][vc_column width=&#8221;1\/4&#8243;][vc_empty_space height=&#8221;40px&#8221;][vc_column_text css=&#8221;.vc_custom_1730231981413{margin-bottom: 0px !important;}&#8221;]\n<ul>\n<li><a href=\"https:\/\/eliteextermination.com\/en\/extermination-montreal\/\">Extermination in Montreal<\/a><\/li>\n<li><a href=\"https:\/\/eliteextermination.com\/en\/extermination-laval\/\">Extermination in Laval<\/a><\/li>\n<\/ul>\n[\/vc_column_text][vc_empty_space height=&#8221;40px&#8221;][\/vc_column][vc_column width=&#8221;1\/4&#8243;][vc_empty_space height=&#8221;40px&#8221;][vc_column_text css=&#8221;.vc_custom_1741626630082{margin-bottom: 0px !important;}&#8221;]\n<ul>\n<li><a href=\"https:\/\/eliteextermination.com\/en\/extermination-longueuil\/\">Extermination in Longueuil<\/a><\/li>\n<li>Extermination in Quebec City<\/li>\n<\/ul>\n[\/vc_column_text][vc_empty_space height=&#8221;40px&#8221;][\/vc_column][vc_column width=&#8221;1\/4&#8243;][vc_empty_space height=&#8221;40px&#8221;][vc_column_text css=&#8221;.vc_custom_1736869800243{margin-bottom: 0px !important;}&#8221;]\n<ul>\n<li><a href=\"https:\/\/eliteextermination.com\/en\/extermination-repentigny\/\">Extermination in Repentigny<\/a><\/li>\n<li><a href=\"https:\/\/eliteextermination.com\/en\/extermination-st-jerome\/\">Extermination in Saint-J\u00e9r\u00f4me<\/a><\/li>\n<\/ul>\n[\/vc_column_text][vc_empty_space height=&#8221;40px&#8221;][\/vc_column][vc_column width=&#8221;1\/4&#8243;][vc_empty_space height=&#8221;40px&#8221;][vc_column_text css=&#8221;.vc_custom_1738771255219{margin-bottom: 0px !important;}&#8221;]\n<ul>\n<li><a href=\"https:\/\/eliteextermination.com\/en\/extermination-terrebonne\/\">Extermination in Terrebonne<\/a><\/li>\n<li><a href=\"https:\/\/eliteextermination.com\/en\/extermination-trois-rivieres\/\">Extermination in Trois-Rivi\u00e8res<\/a><\/li>\n<\/ul>\n[\/vc_column_text][vc_empty_space height=&#8221;40px&#8221;][\/vc_column][\/vc_row][vc_row fullwidth=&#8221;true&#8221; css=&#8221;.vc_custom_1505926935168{background-color: #0055c5 !important;}&#8221; el_class=&#8221;row-call&#8221;][vc_column][vc_row_inner is_fullwidth_content=&#8221;false&#8221;][vc_column_inner][vc_empty_space][vc_column_text align=&#8221;center&#8221; el_class=&#8221;SubTitle_Paragraph_Text White_Text&#8221; css=&#8221;.vc_custom_1622127653946{margin-bottom: 0px !important;}&#8221;]\n<p style=\"text-align: center;\">We believe that the <a href=\"https:\/\/www.google.com\/search?client=firefox-b-d&amp;q=elite+gestion+parasitaire+gatineau#lrd=0x4cce1dbb4f31b9fb:0xad0a5c6cb90aa6c2,1,,,\">positive reviews from our customers<\/a> in Gatineau and the Outaouais region are proof of the effectiveness of our pest management services. Follow their lead and <a href=\"https:\/\/eliteextermination.com\/en\/contact-us\/\">call us<\/a> to schedule a free quote.<\/p>\n[\/vc_column_text][vc_empty_space height=&#8221;20px&#8221;][\/vc_column_inner][\/vc_row_inner][\/vc_column][\/vc_row][vc_row][vc_column][\/vc_column][\/vc_row]\n<\/div>","protected":false},"excerpt":{"rendered":"<p>[vc_row fullwidth=&#8221;true&#8221; el_class=&#8221;BackGroundImageScale&#8221; css=&#8221;.vc_custom_1500048800305{background-image: url(https:\/\/eliteextermination.com\/wp-content\/uploads\/2017\/06\/head-propos.jpg?id=2146) !important;}&#8221;][vc_column][vc_column_text align=&#8221;center&#8221; el_class=&#8221;Service_Title&#8221; css=&#8221;.vc_custom_1701980943634{margin-bottom: 0px !important;}&#8221;]EXPERT PEST EXTERMINATION IN GATINEAU 514 791-8385[\/vc_column_text][\/vc_column][\/vc_row][vc_row fullwidth=&#8221;true&#8221; equal_columns=&#8221;true&#8221; attached=&#8221;true&#8221; column_padding=&#8221;4&#8243;][vc_column width=&#8221;2\/3&#8243;][vc_empty_space height=&#8221;40px&#8221;][vc_column_text css=&#8221;.vc_custom_1729020499855{margin-bottom: 0px !important;}&#8221;] Our exterminators respond quickly in Gatineau Around Gatineau and on the north shore of the Ottawa River, the wooded hills are full of wildlife that live very close to [&hellip;]<\/p>\n","protected":false},"author":1,"featured_media":0,"parent":0,"menu_order":0,"comment_status":"closed","ping_status":"closed","template":"","meta":{"_acf_changed":false,"yasr_overall_rating":0,"yasr_post_is_review":"","yasr_auto_insert_disabled":"","yasr_review_type":"","footnotes":""},"class_list":["post-1685","page","type-page","status-publish","hentry"],"acf":[],"yoast_head":"<!-- This site is optimized with the Yoast SEO plugin v26.9 - https:\/\/yoast.com\/product\/yoast-seo-wordpress\/ -->\n<title>Gatineau Exterminator | Extermination &amp; Decontamination Services<\/title>\n<meta name=\"description\" content=\"Are you looking for a professional exterminator in Gatineau? With Elite Pest Control, take advantage of the best extermination service in Outaouais.\" \/>\n<meta name=\"robots\" content=\"index, follow, max-snippet:-1, max-image-preview:large, max-video-preview:-1\" \/>\n<link rel=\"canonical\" href=\"https:\/\/eliteextermination.com\/en\/extermination-gatineau\/\" \/>\n<meta property=\"og:locale\" content=\"en_US\" \/>\n<meta property=\"og:type\" content=\"article\" \/>\n<meta property=\"og:title\" content=\"Gatineau Exterminator | Extermination &amp; Decontamination Services\" \/>\n<meta property=\"og:description\" content=\"Are you looking for a professional exterminator in Gatineau? With Elite Pest Control, take advantage of the best extermination service in Outaouais.\" \/>\n<meta property=\"og:url\" content=\"https:\/\/eliteextermination.com\/en\/extermination-gatineau\/\" \/>\n<meta property=\"og:site_name\" content=\"\u00c9lite Extermination\" \/>\n<meta property=\"article:modified_time\" content=\"2025-03-10T17:10:32+00:00\" \/>\n<meta name=\"twitter:card\" content=\"summary_large_image\" \/>\n<meta name=\"twitter:label1\" content=\"Est. reading time\" \/>\n\t<meta name=\"twitter:data1\" content=\"4 minutes\" \/>\n<!-- \/ Yoast SEO plugin. -->","yoast_head_json":{"title":"Gatineau Exterminator | Extermination & Decontamination Services","description":"Are you looking for a professional exterminator in Gatineau? With Elite Pest Control, take advantage of the best extermination service in Outaouais.","robots":{"index":"index","follow":"follow","max-snippet":"max-snippet:-1","max-image-preview":"max-image-preview:large","max-video-preview":"max-video-preview:-1"},"canonical":"https:\/\/eliteextermination.com\/en\/extermination-gatineau\/","og_locale":"en_US","og_type":"article","og_title":"Gatineau Exterminator | Extermination & Decontamination Services","og_description":"Are you looking for a professional exterminator in Gatineau? With Elite Pest Control, take advantage of the best extermination service in Outaouais.","og_url":"https:\/\/eliteextermination.com\/en\/extermination-gatineau\/","og_site_name":"\u00c9lite Extermination","article_modified_time":"2025-03-10T17:10:32+00:00","twitter_card":"summary_large_image","twitter_misc":{"Est. reading time":"4 minutes"},"schema":{"@context":"https:\/\/schema.org","@graph":[{"@type":"WebPage","@id":"https:\/\/eliteextermination.com\/en\/extermination-gatineau\/","url":"https:\/\/eliteextermination.com\/en\/extermination-gatineau\/","name":"Gatineau Exterminator | Extermination & Decontamination Services","isPartOf":{"@id":"https:\/\/eliteextermination.com\/en\/#website"},"datePublished":"2017-09-28T16:26:27+00:00","dateModified":"2025-03-10T17:10:32+00:00","description":"Are you looking for a professional exterminator in Gatineau? With Elite Pest Control, take advantage of the best extermination service in Outaouais.","breadcrumb":{"@id":"https:\/\/eliteextermination.com\/en\/extermination-gatineau\/#breadcrumb"},"inLanguage":"en-CA","potentialAction":[{"@type":"ReadAction","target":["https:\/\/eliteextermination.com\/en\/extermination-gatineau\/"]}]},{"@type":"BreadcrumbList","@id":"https:\/\/eliteextermination.com\/en\/extermination-gatineau\/#breadcrumb","itemListElement":[{"@type":"ListItem","position":1,"name":"Home","item":"https:\/\/eliteextermination.com\/en\/"},{"@type":"ListItem","position":2,"name":"EXTERMINATION GATINEAU"}]},{"@type":"WebSite","@id":"https:\/\/eliteextermination.com\/en\/#website","url":"https:\/\/eliteextermination.com\/en\/","name":"\u00c9lite Extermination","description":"Pest Control Experts in Montreal, Laval, St-J\u00e9r\u00f4me, Repentigny, Trois-Rivi\u00e8res, Gatineau, South Shore","potentialAction":[{"@type":"SearchAction","target":{"@type":"EntryPoint","urlTemplate":"https:\/\/eliteextermination.com\/en\/?s={search_term_string}"},"query-input":{"@type":"PropertyValueSpecification","valueRequired":true,"valueName":"search_term_string"}}],"inLanguage":"en-CA"},false]}},"yasr_visitor_votes":{"stars_attributes":{"read_only":false,"span_bottom":false},"number_of_votes":2,"sum_votes":10},"_links":{"self":[{"href":"https:\/\/eliteextermination.com\/en\/wp-json\/wp\/v2\/pages\/1685","targetHints":{"allow":["GET"]}}],"collection":[{"href":"https:\/\/eliteextermination.com\/en\/wp-json\/wp\/v2\/pages"}],"about":[{"href":"https:\/\/eliteextermination.com\/en\/wp-json\/wp\/v2\/types\/page"}],"author":[{"embeddable":true,"href":"https:\/\/eliteextermination.com\/en\/wp-json\/wp\/v2\/users\/1"}],"replies":[{"embeddable":true,"href":"https:\/\/eliteextermination.com\/en\/wp-json\/wp\/v2\/comments?post=1685"}],"version-history":[{"count":18,"href":"https:\/\/eliteextermination.com\/en\/wp-json\/wp\/v2\/pages\/1685\/revisions"}],"predecessor-version":[{"id":6467,"href":"https:\/\/eliteextermination.com\/en\/wp-json\/wp\/v2\/pages\/1685\/revisions\/6467"}],"wp:attachment":[{"href":"https:\/\/eliteextermination.com\/en\/wp-json\/wp\/v2\/media?parent=1685"}],"curies":[{"name":"wp","href":"https:\/\/api.w.org\/{rel}","templated":true}]}}