{"id":1687,"date":"2017-09-28T16:30:15","date_gmt":"2017-09-28T16:30:15","guid":{"rendered":"https:\/\/eliteextermination.com\/?page_id=1687\/"},"modified":"2025-02-05T11:05:52","modified_gmt":"2025-02-05T16:05:52","slug":"extermination-st-jerome","status":"publish","type":"page","link":"https:\/\/eliteextermination.com\/en\/extermination-st-jerome\/","title":{"rendered":"EXTERMINATION ST-J\u00c9R\u00d4ME"},"content":{"rendered":"<div class=\"wpb-content-wrapper\">[vc_row fullwidth=&#8221;true&#8221; el_class=&#8221;BackGroundImageScale&#8221; css=&#8221;.vc_custom_1500048800305{background-image: url(https:\/\/eliteextermination.com\/wp-content\/uploads\/2017\/06\/head-propos.jpg?id=2146) !important;}&#8221;][vc_column][vc_column_text align=&#8221;center&#8221; el_class=&#8221;Service_Title&#8221; css=&#8221;.vc_custom_1701980828083{margin-bottom: 0px !important;}&#8221;]<span class=\"Contact_Bigger_Paragraph White_Text\">EXPERT PEST EXTERMINATION<\/span><br \/>\n<span class=\"Service_HugeText\">IN SAINT-J\u00c9R\u00d4ME<\/span><br \/>\n<a href=\"tel:5147918385\"><button class=\"Button_Style_Blue Button_Centered\" type=\"button\">514 791-8385<\/button><\/a>[\/vc_column_text][\/vc_column][\/vc_row][vc_row fullwidth=&#8221;true&#8221; equal_columns=&#8221;true&#8221; attached=&#8221;true&#8221; column_padding=&#8221;4&#8243;][vc_column width=&#8221;2\/3&#8243;][vc_empty_space height=&#8221;40px&#8221;][vc_column_text css=&#8221;.vc_custom_1729018934449{margin-bottom: 0px !important;}&#8221;]\n<h1 style=\"text-align: center;\">Your team of exterminators in Saint-J\u00e9r\u00f4me<\/h1>\n<p style=\"text-align: center;\">Established in Montreal, our company has been offering pest management services throughout the province of Quebec for several years, including Saint-J\u00e9r\u00f4me and the Laurentides region.<\/p>\n<p style=\"text-align: center;\">Elite Pest Control has a team of efficient and discreet exterminators in Quebec. At the foot of the Laurentian Mountains, residents and business owners rely on our <a href=\"https:\/\/eliteextermination.com\/en\/pest-extermination\/\">extermination service<\/a> to get rid of harmful insects and pests quickly.<\/p>\n<p style=\"text-align: center;\">We are committed to providing you with a quality extermination solution that will solve your problem for the long haul. As proof, we guarantee all our pest management services for a period of five years.<\/p>\n[\/vc_column_text][vc_empty_space height=&#8221;40px&#8221;][vc_column_text css=&#8221;.vc_custom_1624654584903{margin-bottom: 0px !important;}&#8221;]\n<h2 style=\"text-align: center;\">The capital of the Laurentides is popular with wildlife.<\/h2>\n<p style=\"text-align: center;\">Born of the merger of 4 cities (Lafontaine, Bellefeuille and Saint-Antoine were added to the former city of Saint-J\u00e9r\u00f4me), the city&#8217;s population is growing steadily. In 2016, the Government of Canada counted 74,346 inhabitants, the &#8220;J\u00e9r\u00f4miens&#8221;, making it the most populous municipality in the Laurentians.<\/p>\n<p style=\"text-align: center;\">It&#8217;s easy to see why. Living at the gateway to the Laurentians offers residents the best of both worlds: you are both close to the city and adjacent to the natural landscape of the north. But when pesky critters move into your attic or basement or take up residence under your deck, nature becomes more of a threat than a draw because pest infestations are particularly common.<\/p>\n<p style=\"text-align: center;\">Do you have an infestation? <a href=\"https:\/\/eliteextermination.com\/en\/contact-us\/\">Contact Elite Pest Control<\/a> now and put an end to the nightmare with the rapid response of our exterminators.<\/p>\n[\/vc_column_text][\/vc_column][vc_column width=&#8221;1\/3&#8243; el_class=&#8221;bg-dark-blue col-center-top&#8221;]\n<div class=\"wpcf7 no-js\" id=\"wpcf7-f2495-o1\" lang=\"fr-FR\" dir=\"ltr\" data-wpcf7-id=\"2495\">\n<div class=\"screen-reader-response\"><p role=\"status\" aria-live=\"polite\" aria-atomic=\"true\"><\/p> <ul><\/ul><\/div>\n<form action=\"\/en\/wp-json\/wp\/v2\/pages\/1687#wpcf7-f2495-o1\" method=\"post\" class=\"wpcf7-form init\" aria-label=\"Formulaire de contact\" novalidate=\"novalidate\" data-status=\"init\">\n<fieldset class=\"hidden-fields-container\"><input type=\"hidden\" name=\"_wpcf7\" value=\"2495\" \/><input type=\"hidden\" name=\"_wpcf7_version\" value=\"6.1.4\" \/><input type=\"hidden\" name=\"_wpcf7_locale\" value=\"fr_FR\" \/><input type=\"hidden\" name=\"_wpcf7_unit_tag\" value=\"wpcf7-f2495-o1\" \/><input type=\"hidden\" name=\"_wpcf7_container_post\" value=\"0\" \/><input type=\"hidden\" name=\"_wpcf7_posted_data_hash\" value=\"\" \/><input type=\"hidden\" name=\"_wpcf7_recaptcha_response\" value=\"\" \/>\n<\/fieldset>\n<div class=\"service-form\">\n\t<p><span class=\"wpcf7-form-control-wrap\" data-name=\"typedemande\"><select class=\"wpcf7-form-control wpcf7-select wpcf7-validates-as-required\" aria-required=\"true\" aria-invalid=\"false\" name=\"typedemande\"><option value=\"\">Type of request*<\/option><option value=\"Questions or comments\">Questions or comments<\/option><option value=\"Free estimate\">Free estimate<\/option><option value=\"Emergency\">Emergency<\/option><\/select><\/span><span class=\"wpcf7-form-control-wrap\" data-name=\"last-name\"><input size=\"40\" maxlength=\"400\" class=\"wpcf7-form-control wpcf7-text wpcf7-validates-as-required\" aria-required=\"true\" aria-invalid=\"false\" placeholder=\"Last name*\" value=\"\" type=\"text\" name=\"last-name\" \/><\/span><br \/>\n<span class=\"wpcf7-form-control-wrap\" data-name=\"email\"><input size=\"40\" maxlength=\"400\" class=\"wpcf7-form-control wpcf7-email wpcf7-validates-as-required wpcf7-text wpcf7-validates-as-email\" aria-required=\"true\" aria-invalid=\"false\" placeholder=\"E-mail*\" value=\"\" type=\"email\" name=\"email\" \/><\/span><br \/>\n<span class=\"wpcf7-form-control-wrap\" data-name=\"telephone\"><input size=\"40\" maxlength=\"400\" class=\"wpcf7-form-control wpcf7-tel wpcf7-validates-as-required wpcf7-text wpcf7-validates-as-tel\" aria-required=\"true\" aria-invalid=\"false\" placeholder=\"Phone number*\" value=\"\" type=\"tel\" name=\"telephone\" \/><\/span><br \/>\n<span class=\"wpcf7-form-control-wrap\" data-name=\"message\"><textarea cols=\"40\" rows=\"10\" maxlength=\"2000\" class=\"wpcf7-form-control wpcf7-textarea wpcf7-validates-as-required\" aria-required=\"true\" aria-invalid=\"false\" placeholder=\"Message*\" name=\"message\"><\/textarea><\/span><br \/>\n\t<div class=\"wpcf7-response-output\" aria-hidden=\"true\"><\/div><br \/>\n<span id=\"wpcf7-69d470258a680-wrapper\" class=\"wpcf7-form-control-wrap field-wrap\" style=\"display:none !important; visibility:hidden !important;\"><label for=\"wpcf7-69d470258a680-field\" class=\"hp-message\">Veuillez laisser ce champ vide.<\/label><input id=\"wpcf7-69d470258a680-field\"  class=\"wpcf7-form-control wpcf7-text\" type=\"text\" name=\"field\" value=\"\" size=\"40\" tabindex=\"-1\" autocomplete=\"new-password\" \/><\/span><br \/>\n\t<br \/>\n<input class=\"wpcf7-form-control wpcf7-submit has-spinner Button_Style_Blue\" type=\"submit\" value=\"SEND\" \/>\n\t<\/p>\n<\/div>\n<p><script>\ndocument.addEventListener( 'wpcf7mailsent', function( event ) {\n location = 'https:\/\/eliteextermination.com\/en\/thank-you\/';\n}, false );\n<\/script>\n<\/p><input type='hidden' class='wpcf7-pum' value='{\"closepopup\":false,\"closedelay\":0,\"openpopup\":false,\"openpopup_id\":0}' \/>\n<\/form>\n<\/div>\n[\/vc_column][\/vc_row][vc_row fullwidth=&#8221;true&#8221; css=&#8221;.vc_custom_1619800056469{background-color: #dddddd !important;}&#8221;][vc_column][vc_empty_space height=&#8221;40px&#8221;][vc_column_text css=&#8221;.vc_custom_1624654601176{margin-bottom: 0px !important;}&#8221;]\n<h2 style=\"text-align: center;\">Why call our exterminators in Saint-J\u00e9r\u00f4me?<\/h2>\n[\/vc_column_text][\/vc_column][\/vc_row][vc_row fullwidth=&#8221;true&#8221; equal_columns=&#8221;true&#8221;][vc_column width=&#8221;1\/2&#8243; el_class=&#8221;Service_Text_Margin Service_Col_Padding&#8221; css=&#8221;.vc_custom_1619800074138{background-color: #dddddd !important;}&#8221;][vc_column_text align=&#8221;center&#8221; el_class=&#8221;Title_Text&#8221; css=&#8221;.vc_custom_1624654611988{margin-bottom: 0px !important;}&#8221;]\n<h2 style=\"text-align: center;\">We make sure that Saint-J\u00e9r\u00f4me&#8217;s families are safe<\/h2>\n[\/vc_column_text][vc_column_text align=&#8221;center&#8221; el_class=&#8221;SubTitle_Paragraph_Text&#8221; css=&#8221;.vc_custom_1732120578476{margin-bottom: 0px !important;}&#8221;]\n<p style=\"text-align: center;\">Have you found mouse droppings in your pantry or heard scratching noises in the walls at night? Mice and rats roam the house in search of food, leaving behind contaminated droppings and urine.<\/p>\n<p style=\"text-align: center;\">To keep your family safe, we can <a href=\"https:\/\/eliteextermination.com\/en\/insects-pests\/mouse-extermination\/\">exterminate mice<\/a> and rats that have invaded your home.<\/p>\n<p style=\"text-align: center;\">Our exterminators can also solve your problem with our <a href=\"https:\/\/eliteextermination.com\/en\/rodent-proof-caulking\/\">caulking service<\/a>, which involves blocking all openings in your home and cleaning and sanitizing all soiled areas.<\/p>\n[\/vc_column_text][\/vc_column][vc_column width=&#8221;1\/2&#8243; el_class=&#8221;Service_Text_Margin Service_Col_Padding&#8221; css=&#8221;.vc_custom_1619800116213{background-color: #dddddd !important;}&#8221;][vc_column_text align=&#8221;center&#8221; el_class=&#8221;Title_Text&#8221; css=&#8221;.vc_custom_1624654628153{margin-bottom: 0px !important;}&#8221;]\n<h2 style=\"text-align: center;\">Our extermination service protects the value of your home in the Laurentians<\/h2>\n[\/vc_column_text][vc_column_text align=&#8221;center&#8221; el_class=&#8221;SubTitle_Paragraph_Text&#8221; css=&#8221;.vc_custom_1736870832958{margin-bottom: 0px !important;}&#8221;]\n<p style=\"text-align: center;\">Your home is an investment, but its resale value could suffer from bed bugs, carpenter ants, wasp nests and other pests in your attic or yard.<\/p>\n<p style=\"text-align: center;\">If you live in Saint-Jerome and are plagued by raccoons, rodents, spiders, birds or other pests, <a href=\"https:\/\/eliteextermination.com\/en\/contact-us\/\">contact Elite Pest Control<\/a> to solve your problem.<\/p>\n<p style=\"text-align: center;\">We are one of the only extermination companies in Quebec to offer a <a href=\"https:\/\/eliteextermination.com\/en\/pest-decontamination\/\">decontamination and disinfection service<\/a>.<\/p>\n[\/vc_column_text][\/vc_column][\/vc_row][vc_row][vc_column][vc_empty_space height=&#8221;40px&#8221;][vc_column_text css=&#8221;.vc_custom_1624654733558{margin-bottom: 0px !important;}&#8221;]\n<h2 style=\"text-align: center;\">Why exterminators are important in Saint-J\u00e9r\u00f4me<\/h2>\n<p style=\"text-align: center;\">There are many tips and tricks available on the web on how to <a href=\"https:\/\/eliteextermination.com\/en\/insects-pests\/raccoon-extermination\/\">exterminate raccoons<\/a> and <a href=\"https:\/\/eliteextermination.com\/en\/insects-pests\/bat-extermination\/\">bats<\/a>. However, only a professional exterminator knows how to eradicate an infestation once and for all and seal all openings that could be a potential entry point for pests.<\/p>\n<p style=\"text-align: center;\">Do you live on the North Shore of Montreal and have an infestation in your home or business? <a href=\"https:\/\/eliteextermination.com\/en\/contact-us\/\">Contact our team of exterminators<\/a> immediately.<\/p>\n[\/vc_column_text][vc_empty_space height=&#8221;40px&#8221;][vc_column_text css=&#8221;.vc_custom_1624654754697{margin-bottom: 0px !important;}&#8221;]\n<h2 style=\"text-align: center;\">Elite Pest Control responds throughout Quebec<\/h2>\n<p style=\"text-align: center;\">Not living in the North-East of Montreal? No problem, we can intervene anywhere on the island and throughout the province of Quebec, including the following cities:<\/p>\n[\/vc_column_text][\/vc_column][\/vc_row][vc_row][vc_column width=&#8221;1\/4&#8243;][vc_empty_space height=&#8221;40px&#8221;][vc_column_text css=&#8221;.vc_custom_1730228336434{margin-bottom: 0px !important;}&#8221;]\n<ul>\n<li style=\"list-style-type: none;\">\n<ul>\n<li style=\"text-align: center;\"><a href=\"https:\/\/eliteextermination.com\/en\/extermination-montreal\/\">Extermination in Montreal<\/a><\/li>\n<\/ul>\n<\/li>\n<\/ul>\n[\/vc_column_text][vc_empty_space height=&#8221;40px&#8221;][\/vc_column][vc_column width=&#8221;1\/4&#8243;][vc_empty_space height=&#8221;40px&#8221;][vc_column_text css=&#8221;.vc_custom_1738771550100{margin-bottom: 0px !important;}&#8221;]\n<ul>\n<li style=\"text-align: center;\"><a href=\"https:\/\/eliteextermination.com\/en\/extermination-laval\/\">Extermination in Laval<\/a><\/li>\n<li style=\"text-align: center;\"><a href=\"https:\/\/eliteextermination.com\/en\/extermination-longueuil\/\">Extermination in Longueuil<\/a><\/li>\n<\/ul>\n[\/vc_column_text][vc_empty_space height=&#8221;40px&#8221;][\/vc_column][vc_column width=&#8221;1\/4&#8243;][vc_empty_space height=&#8221;40px&#8221;][vc_column_text css=&#8221;.vc_custom_1738768975668{margin-bottom: 0px !important;}&#8221;]\n<ul>\n<li style=\"text-align: center;\">Extermination in Quebec City<\/li>\n<li style=\"text-align: center;\"><a href=\"https:\/\/eliteextermination.com\/en\/extermination-repentigny\/\">Extermination in Repentigny<\/a><\/li>\n<\/ul>\n[\/vc_column_text][vc_empty_space height=&#8221;40px&#8221;][\/vc_column][vc_column width=&#8221;1\/4&#8243;][vc_empty_space height=&#8221;40px&#8221;][vc_column_text css=&#8221;.vc_custom_1738771049122{margin-bottom: 0px !important;}&#8221;]\n<ul>\n<li style=\"text-align: center;\"><a href=\"https:\/\/eliteextermination.com\/en\/extermination-terrebonne\/\">Extermination in Terrebonne<\/a><\/li>\n<li style=\"text-align: center;\"><a href=\"https:\/\/eliteextermination.com\/en\/extermination-trois-rivieres\/\">Extermination in Trois-Rivi\u00e8res<\/a><\/li>\n<\/ul>\n[\/vc_column_text][vc_empty_space height=&#8221;40px&#8221;][\/vc_column][\/vc_row][vc_row fullwidth=&#8221;true&#8221; css=&#8221;.vc_custom_1505926935168{background-color: #0055c5 !important;}&#8221; el_class=&#8221;row-call&#8221;][vc_column][vc_row_inner is_fullwidth_content=&#8221;false&#8221;][vc_column_inner][vc_empty_space][vc_column_text align=&#8221;center&#8221; el_class=&#8221;SubTitle_Paragraph_Text White_Text&#8221; css=&#8221;.vc_custom_1624654822016{margin-bottom: 0px !important;}&#8221;]\n<p style=\"text-align: center;\">If you want to know more about the services offered by Elite Pest Control in Saint-J\u00e9r\u00f4me or make an appointment for our pest extermination service, please <a href=\"https:\/\/eliteextermination.com\/en\/contact-us\/\">contact us now<\/a>!<\/p>\n[\/vc_column_text][vc_empty_space height=&#8221;20px&#8221;][\/vc_column_inner][\/vc_row_inner][\/vc_column][\/vc_row][vc_row][vc_column][\/vc_column][\/vc_row]\n<\/div>","protected":false},"excerpt":{"rendered":"<p>[vc_row fullwidth=&#8221;true&#8221; el_class=&#8221;BackGroundImageScale&#8221; css=&#8221;.vc_custom_1500048800305{background-image: url(https:\/\/eliteextermination.com\/wp-content\/uploads\/2017\/06\/head-propos.jpg?id=2146) !important;}&#8221;][vc_column][vc_column_text align=&#8221;center&#8221; el_class=&#8221;Service_Title&#8221; css=&#8221;.vc_custom_1701980828083{margin-bottom: 0px !important;}&#8221;]EXPERT PEST EXTERMINATION IN SAINT-J\u00c9R\u00d4ME 514 791-8385[\/vc_column_text][\/vc_column][\/vc_row][vc_row fullwidth=&#8221;true&#8221; equal_columns=&#8221;true&#8221; attached=&#8221;true&#8221; column_padding=&#8221;4&#8243;][vc_column width=&#8221;2\/3&#8243;][vc_empty_space height=&#8221;40px&#8221;][vc_column_text css=&#8221;.vc_custom_1729018934449{margin-bottom: 0px !important;}&#8221;] Your team of exterminators in Saint-J\u00e9r\u00f4me Established in Montreal, our company has been offering pest management services throughout the province of Quebec for several years, including Saint-J\u00e9r\u00f4me and the [&hellip;]<\/p>\n","protected":false},"author":1,"featured_media":0,"parent":0,"menu_order":0,"comment_status":"closed","ping_status":"closed","template":"","meta":{"_acf_changed":false,"yasr_overall_rating":0,"yasr_post_is_review":"","yasr_auto_insert_disabled":"","yasr_review_type":"","footnotes":""},"class_list":["post-1687","page","type-page","status-publish","hentry"],"acf":[],"yoast_head":"<!-- This site is optimized with the Yoast SEO plugin v26.9 - https:\/\/yoast.com\/product\/yoast-seo-wordpress\/ -->\n<title>Saint Jerome Exterminator | Extermination Specialists in St-Jerome<\/title>\n<meta name=\"description\" content=\"Looking for a professional Saint Jerome exterminator? With Elite Pest Control, you can find an extermination expert to get rid of wild animals and insects.\" \/>\n<meta name=\"robots\" content=\"index, follow, max-snippet:-1, max-image-preview:large, max-video-preview:-1\" \/>\n<link rel=\"canonical\" href=\"https:\/\/eliteextermination.com\/en\/extermination-st-jerome\/\" \/>\n<meta property=\"og:locale\" content=\"en_US\" \/>\n<meta property=\"og:type\" content=\"article\" \/>\n<meta property=\"og:title\" content=\"Saint Jerome Exterminator | Extermination Specialists in St-Jerome\" \/>\n<meta property=\"og:description\" content=\"Looking for a professional Saint Jerome exterminator? With Elite Pest Control, you can find an extermination expert to get rid of wild animals and insects.\" \/>\n<meta property=\"og:url\" content=\"https:\/\/eliteextermination.com\/en\/extermination-st-jerome\/\" \/>\n<meta property=\"og:site_name\" content=\"\u00c9lite Extermination\" \/>\n<meta property=\"article:modified_time\" content=\"2025-02-05T16:05:52+00:00\" \/>\n<meta name=\"twitter:card\" content=\"summary_large_image\" \/>\n<meta name=\"twitter:label1\" content=\"Est. reading time\" \/>\n\t<meta name=\"twitter:data1\" content=\"4 minutes\" \/>\n<!-- \/ Yoast SEO plugin. -->","yoast_head_json":{"title":"Saint Jerome Exterminator | Extermination Specialists in St-Jerome","description":"Looking for a professional Saint Jerome exterminator? With Elite Pest Control, you can find an extermination expert to get rid of wild animals and insects.","robots":{"index":"index","follow":"follow","max-snippet":"max-snippet:-1","max-image-preview":"max-image-preview:large","max-video-preview":"max-video-preview:-1"},"canonical":"https:\/\/eliteextermination.com\/en\/extermination-st-jerome\/","og_locale":"en_US","og_type":"article","og_title":"Saint Jerome Exterminator | Extermination Specialists in St-Jerome","og_description":"Looking for a professional Saint Jerome exterminator? With Elite Pest Control, you can find an extermination expert to get rid of wild animals and insects.","og_url":"https:\/\/eliteextermination.com\/en\/extermination-st-jerome\/","og_site_name":"\u00c9lite Extermination","article_modified_time":"2025-02-05T16:05:52+00:00","twitter_card":"summary_large_image","twitter_misc":{"Est. reading time":"4 minutes"},"schema":{"@context":"https:\/\/schema.org","@graph":[{"@type":"WebPage","@id":"https:\/\/eliteextermination.com\/en\/extermination-st-jerome\/","url":"https:\/\/eliteextermination.com\/en\/extermination-st-jerome\/","name":"Saint Jerome Exterminator | Extermination Specialists in St-Jerome","isPartOf":{"@id":"https:\/\/eliteextermination.com\/en\/#website"},"datePublished":"2017-09-28T16:30:15+00:00","dateModified":"2025-02-05T16:05:52+00:00","description":"Looking for a professional Saint Jerome exterminator? With Elite Pest Control, you can find an extermination expert to get rid of wild animals and insects.","breadcrumb":{"@id":"https:\/\/eliteextermination.com\/en\/extermination-st-jerome\/#breadcrumb"},"inLanguage":"en-CA","potentialAction":[{"@type":"ReadAction","target":["https:\/\/eliteextermination.com\/en\/extermination-st-jerome\/"]}]},{"@type":"BreadcrumbList","@id":"https:\/\/eliteextermination.com\/en\/extermination-st-jerome\/#breadcrumb","itemListElement":[{"@type":"ListItem","position":1,"name":"Home","item":"https:\/\/eliteextermination.com\/en\/"},{"@type":"ListItem","position":2,"name":"EXTERMINATION ST-J\u00c9R\u00d4ME"}]},{"@type":"WebSite","@id":"https:\/\/eliteextermination.com\/en\/#website","url":"https:\/\/eliteextermination.com\/en\/","name":"\u00c9lite Extermination","description":"Pest Control Experts in Montreal, Laval, St-J\u00e9r\u00f4me, Repentigny, Trois-Rivi\u00e8res, Gatineau, South Shore","potentialAction":[{"@type":"SearchAction","target":{"@type":"EntryPoint","urlTemplate":"https:\/\/eliteextermination.com\/en\/?s={search_term_string}"},"query-input":{"@type":"PropertyValueSpecification","valueRequired":true,"valueName":"search_term_string"}}],"inLanguage":"en-CA"},false]}},"yasr_visitor_votes":{"stars_attributes":{"read_only":false,"span_bottom":false},"number_of_votes":2,"sum_votes":10},"_links":{"self":[{"href":"https:\/\/eliteextermination.com\/en\/wp-json\/wp\/v2\/pages\/1687","targetHints":{"allow":["GET"]}}],"collection":[{"href":"https:\/\/eliteextermination.com\/en\/wp-json\/wp\/v2\/pages"}],"about":[{"href":"https:\/\/eliteextermination.com\/en\/wp-json\/wp\/v2\/types\/page"}],"author":[{"embeddable":true,"href":"https:\/\/eliteextermination.com\/en\/wp-json\/wp\/v2\/users\/1"}],"replies":[{"embeddable":true,"href":"https:\/\/eliteextermination.com\/en\/wp-json\/wp\/v2\/comments?post=1687"}],"version-history":[{"count":17,"href":"https:\/\/eliteextermination.com\/en\/wp-json\/wp\/v2\/pages\/1687\/revisions"}],"predecessor-version":[{"id":6397,"href":"https:\/\/eliteextermination.com\/en\/wp-json\/wp\/v2\/pages\/1687\/revisions\/6397"}],"wp:attachment":[{"href":"https:\/\/eliteextermination.com\/en\/wp-json\/wp\/v2\/media?parent=1687"}],"curies":[{"name":"wp","href":"https:\/\/api.w.org\/{rel}","templated":true}]}}