{"id":1689,"date":"2017-09-28T16:34:46","date_gmt":"2017-09-28T16:34:46","guid":{"rendered":"https:\/\/eliteextermination.com\/?page_id=1689\/"},"modified":"2025-02-05T11:04:41","modified_gmt":"2025-02-05T16:04:41","slug":"extermination-repentigny","status":"publish","type":"page","link":"https:\/\/eliteextermination.com\/en\/extermination-repentigny\/","title":{"rendered":"Extermination Repentigny"},"content":{"rendered":"<div class=\"wpb-content-wrapper\">[vc_row fullwidth=&#8221;true&#8221; el_class=&#8221;BackGroundImageScale&#8221; css=&#8221;.vc_custom_1500048800305{background-image: url(https:\/\/eliteextermination.com\/wp-content\/uploads\/2017\/06\/head-propos.jpg?id=2146) !important;}&#8221;][vc_column][vc_column_text align=&#8221;center&#8221; el_class=&#8221;Service_Title&#8221; css=&#8221;.vc_custom_1701980863511{margin-bottom: 0px !important;}&#8221;]<span class=\"Contact_Bigger_Paragraph White_Text\">EXPERT PEST EXTERMINATION<\/span><br \/>\n<span class=\"Service_HugeText\">IN REPENTIGNY<\/span><br \/>\n<a href=\"tel:5147918385\"><button class=\"Button_Style_Blue Button_Centered\" type=\"button\">514 791-8385<\/button><\/a>[\/vc_column_text][\/vc_column][\/vc_row][vc_row fullwidth=&#8221;true&#8221; equal_columns=&#8221;true&#8221; attached=&#8221;true&#8221; column_padding=&#8221;4&#8243;][vc_column width=&#8221;2\/3&#8243;][vc_empty_space height=&#8221;40px&#8221;][vc_column_text css=&#8221;.vc_custom_1729018878276{margin-bottom: 0px !important;}&#8221;]\n<h1 style=\"text-align: center;\">Your local team of exterminators in Repentigny<\/h1>\n<p style=\"text-align: center;\">Elite Pest Control&#8217;s <strong>expert exterminators have been offering the best pest control services throughout the province of Quebec<\/strong> for many years, including Repentigny\u00a0and the Lanaudi\u00e8re region.<\/p>\n<p style=\"text-align: center;\"><strong>If you\u2019re in need of a pest control service in Repentigny, look no further than Elite Pest Control<\/strong>. We have the most efficient and discreet team of professionals who can quickly eliminate any harmful insects and pests from your home, turning it back into the haven it used to be.<\/p>\n<p style=\"text-align: center;\">We are committed to providing you with a <strong>top-standard <\/strong><a href=\"https:\/\/eliteextermination.com\/en\/pest-extermination\/\"><strong>extermination service<\/strong><\/a><strong> that will solve your pest control problem<\/strong> for a long time to come. To show how committed we are, we have attached a 5-year guarantee to all our pest management services.<\/p>\n[\/vc_column_text][vc_empty_space height=&#8221;40px&#8221;][vc_column_text css=&#8221;.vc_custom_1652709706824{margin-bottom: 0px !important;}&#8221;]\n<h2 style=\"text-align: center;\">Repentigny and Lanaudi\u00e8re: destinations swarmed with insects and pests<\/h2>\n<p style=\"text-align: center;\">Repentigny, the 13th largest city in Quebec with 85,000 inhabitants, is not immune to pest intrusions. Its ideal geographic location, being situated between Montreal and Quebec City, and its extensive road network, particularly with the 640\/40 interchange, seem to draw pests in.<\/p>\n<p style=\"text-align: center;\">Like other cities in Quebec, there is never a shortage of extermination requests from Repentigny across all four seasons: mice, rats, raccoons, and ants often settle in the homes of Repentigny residents throughout the year, different pest combinations appearing as the weather patterns change.<\/p>\n<p style=\"text-align: center;\">However, you shouldn\u2019t let them enter and settle in your homes for a long time, otherwise they will end up causing health problems and damaging your belongings. At the slightest suspicion of a pest invasion, you should <a href=\"https:\/\/eliteextermination.com\/en\/contact-us\/\">contact our exterminators<\/a>. After receiving your free quote, we will quickly intervene in Repentigny.<\/p>\n[\/vc_column_text][\/vc_column][vc_column width=&#8221;1\/3&#8243; el_class=&#8221;bg-dark-blue col-center-top&#8221;]\n<div class=\"wpcf7 no-js\" id=\"wpcf7-f2495-o1\" lang=\"fr-FR\" dir=\"ltr\" data-wpcf7-id=\"2495\">\n<div class=\"screen-reader-response\"><p role=\"status\" aria-live=\"polite\" aria-atomic=\"true\"><\/p> <ul><\/ul><\/div>\n<form action=\"\/en\/wp-json\/wp\/v2\/pages\/1689#wpcf7-f2495-o1\" method=\"post\" class=\"wpcf7-form init\" aria-label=\"Formulaire de contact\" novalidate=\"novalidate\" data-status=\"init\">\n<fieldset class=\"hidden-fields-container\"><input type=\"hidden\" name=\"_wpcf7\" value=\"2495\" \/><input type=\"hidden\" name=\"_wpcf7_version\" value=\"6.1.4\" \/><input type=\"hidden\" name=\"_wpcf7_locale\" value=\"fr_FR\" \/><input type=\"hidden\" name=\"_wpcf7_unit_tag\" value=\"wpcf7-f2495-o1\" \/><input type=\"hidden\" name=\"_wpcf7_container_post\" value=\"0\" \/><input type=\"hidden\" name=\"_wpcf7_posted_data_hash\" value=\"\" \/><input type=\"hidden\" name=\"_wpcf7_recaptcha_response\" value=\"\" \/>\n<\/fieldset>\n<div class=\"service-form\">\n\t<p><span class=\"wpcf7-form-control-wrap\" data-name=\"typedemande\"><select class=\"wpcf7-form-control wpcf7-select wpcf7-validates-as-required\" aria-required=\"true\" aria-invalid=\"false\" name=\"typedemande\"><option value=\"\">Type of request*<\/option><option value=\"Questions or comments\">Questions or comments<\/option><option value=\"Free estimate\">Free estimate<\/option><option value=\"Emergency\">Emergency<\/option><\/select><\/span><span class=\"wpcf7-form-control-wrap\" data-name=\"last-name\"><input size=\"40\" maxlength=\"400\" class=\"wpcf7-form-control wpcf7-text wpcf7-validates-as-required\" aria-required=\"true\" aria-invalid=\"false\" placeholder=\"Last name*\" value=\"\" type=\"text\" name=\"last-name\" \/><\/span><br \/>\n<span class=\"wpcf7-form-control-wrap\" data-name=\"email\"><input size=\"40\" maxlength=\"400\" class=\"wpcf7-form-control wpcf7-email wpcf7-validates-as-required wpcf7-text wpcf7-validates-as-email\" aria-required=\"true\" aria-invalid=\"false\" placeholder=\"E-mail*\" value=\"\" type=\"email\" name=\"email\" \/><\/span><br \/>\n<span class=\"wpcf7-form-control-wrap\" data-name=\"telephone\"><input size=\"40\" maxlength=\"400\" class=\"wpcf7-form-control wpcf7-tel wpcf7-validates-as-required wpcf7-text wpcf7-validates-as-tel\" aria-required=\"true\" aria-invalid=\"false\" placeholder=\"Phone number*\" value=\"\" type=\"tel\" name=\"telephone\" \/><\/span><br \/>\n<span class=\"wpcf7-form-control-wrap\" data-name=\"message\"><textarea cols=\"40\" rows=\"10\" maxlength=\"2000\" class=\"wpcf7-form-control wpcf7-textarea wpcf7-validates-as-required\" aria-required=\"true\" aria-invalid=\"false\" placeholder=\"Message*\" name=\"message\"><\/textarea><\/span><br \/>\n\t<div class=\"wpcf7-response-output\" aria-hidden=\"true\"><\/div><br \/>\n<span id=\"wpcf7-69d46fce1e778-wrapper\" class=\"wpcf7-form-control-wrap field-wrap\" style=\"display:none !important; visibility:hidden !important;\"><label for=\"wpcf7-69d46fce1e778-field\" class=\"hp-message\">Veuillez laisser ce champ vide.<\/label><input id=\"wpcf7-69d46fce1e778-field\"  class=\"wpcf7-form-control wpcf7-text\" type=\"text\" name=\"field\" value=\"\" size=\"40\" tabindex=\"-1\" autocomplete=\"new-password\" \/><\/span><br \/>\n\t<br \/>\n<input class=\"wpcf7-form-control wpcf7-submit has-spinner Button_Style_Blue\" type=\"submit\" value=\"SEND\" \/>\n\t<\/p>\n<\/div>\n<p><script>\ndocument.addEventListener( 'wpcf7mailsent', function( event ) {\n location = 'https:\/\/eliteextermination.com\/en\/thank-you\/';\n}, false );\n<\/script>\n<\/p><input type='hidden' class='wpcf7-pum' value='{\"closepopup\":false,\"closedelay\":0,\"openpopup\":false,\"openpopup_id\":0}' \/>\n<\/form>\n<\/div>\n[\/vc_column][\/vc_row][vc_row fullwidth=&#8221;true&#8221; css=&#8221;.vc_custom_1619800056469{background-color: #dddddd !important;}&#8221;][vc_column][vc_empty_space height=&#8221;40px&#8221;][vc_column_text css=&#8221;.vc_custom_1652709724840{margin-bottom: 0px !important;}&#8221;]\n<h2 style=\"text-align: center;\">Why call our exterminators in Repentigny?<\/h2>\n<p style=\"text-align: center;\">If you are the victim of insect or pest intrusion, the best exterminators in Repentigny are here to help. We pride ourselves on offering an excellent service to our customers, ensuring that all the work we do is carried out with discretion.<\/p>\n<p style=\"text-align: center;\">Here are 2 reasons why our extermination services in Repentigny are so popular.<\/p>\n[\/vc_column_text][\/vc_column][\/vc_row][vc_row fullwidth=&#8221;true&#8221; equal_columns=&#8221;true&#8221;][vc_column width=&#8221;1\/2&#8243; el_class=&#8221;Service_Text_Margin Service_Col_Padding&#8221; css=&#8221;.vc_custom_1619800074138{background-color: #dddddd !important;}&#8221;][vc_column_text align=&#8221;center&#8221; el_class=&#8221;Title_Text&#8221; css=&#8221;.vc_custom_1652709766102{margin-bottom: 0px !important;}&#8221;]\n<h3 style=\"text-align: center;\">We make sure that families in Repentigny and its surrounding areas are safe<\/h3>\n[\/vc_column_text][vc_column_text align=&#8221;center&#8221; el_class=&#8221;SubTitle_Paragraph_Text&#8221; css=&#8221;.vc_custom_1732120552197{margin-bottom: 0px !important;}&#8221;]\n<p style=\"text-align: center;\">Have you found mouse droppings in your food cupboards or heard scratching noises in the walls at night?<\/p>\n<p style=\"text-align: center;\">Mice and rats are known to leave behind contaminated droppings and urine that can trigger serious health problems in humans, including infectious diseases! The best way to keep your family safe is to hire a <a href=\"https:\/\/eliteextermination.com\/en\/insects-pests\/mouse-extermination\/\">mouse exterminator<\/a> before things get worse.<\/p>\n<p style=\"text-align: center;\">Our exterminators in Repentigny can also solve your pest problems with our <a href=\"https:\/\/eliteextermination.com\/en\/rodent-proof-caulking\/\">caulking service<\/a>, which involves blocking all openings in your home and cleaning and sanitizing any soiled areas.<\/p>\n[\/vc_column_text][\/vc_column][vc_column width=&#8221;1\/2&#8243; el_class=&#8221;Service_Text_Margin Service_Col_Padding&#8221; css=&#8221;.vc_custom_1619800116213{background-color: #dddddd !important;}&#8221;][vc_column_text align=&#8221;center&#8221; el_class=&#8221;Title_Text&#8221; css=&#8221;.vc_custom_1652709772443{margin-bottom: 0px !important;}&#8221;]\n<h3 style=\"text-align: center;\">Our extermination service protects the value of your home<\/h3>\n[\/vc_column_text][vc_column_text align=&#8221;center&#8221; el_class=&#8221;SubTitle_Paragraph_Text&#8221; css=&#8221;.vc_custom_1736870754298{margin-bottom: 0px !important;}&#8221;]\n<p style=\"text-align: center;\">The presence of insects and pests in your home is a problem that should not be overlooked. Pests can damage your home&#8217;s possessions and reduce its resale value. Bed bugs, carpenter ants, and wasps are all intruders that should be removed if found in your attic or yard.<\/p>\n<p style=\"text-align: center;\">If you live in Repentigny and are frequently disturbed by raccoons, rodents, spiders, birds or other pests, <a href=\"https:\/\/eliteextermination.com\/en\/contact-us\/\">contact Elite Pest Control<\/a> to solve this issue.<\/p>\n<p style=\"text-align: center;\">We are one of the only extermination companies in Quebec to offer a <a href=\"https:\/\/eliteextermination.com\/en\/pest-decontamination\/\">decontamination and disinfection service<\/a>.<\/p>\n[\/vc_column_text][\/vc_column][\/vc_row][vc_row][vc_column][vc_empty_space height=&#8221;40px&#8221;][vc_column_text css=&#8221;.vc_custom_1652709798923{margin-bottom: 0px !important;}&#8221;]\n<h2 style=\"text-align: center;\">Why exterminators are important in Repentigny<\/h2>\n<p style=\"text-align: center;\">There are many tips and tricks available on the web on how to <a href=\"https:\/\/eliteextermination.com\/en\/insects-pests\/raccoon-extermination\/\">exterminate raccoons<\/a> and <a href=\"https:\/\/eliteextermination.com\/en\/insects-pests\/bat-extermination\/\">bats<\/a>. However, only a professional exterminator knows how to eradicate an infestation once and for all and seal all openings that could be a potential entry point for pests.<\/p>\n<p style=\"text-align: center;\">Do you live in Repentigny and have an infestation in your home or business? <a href=\"https:\/\/eliteextermination.com\/en\/contact-us\/\">Contact our team of exterminators<\/a> immediately.<\/p>\n[\/vc_column_text][vc_empty_space height=&#8221;40px&#8221;][vc_column_text css=&#8221;.vc_custom_1652709818661{margin-bottom: 0px !important;}&#8221;]\n<h2 style=\"text-align: center;\">Not from Repentigny? Elite Pest Control can still help you<\/h2>\n<p style=\"text-align: center;\">Not living in the North-East of Montreal? No problem, we can intervene anywhere on the island and throughout the province of Quebec, including the following cities:<\/p>\n[\/vc_column_text][\/vc_column][\/vc_row][vc_row][vc_column width=&#8221;1\/4&#8243;][vc_empty_space height=&#8221;40px&#8221;][vc_column_text css=&#8221;.vc_custom_1730228166354{margin-bottom: 0px !important;}&#8221;]\n<ul>\n<li style=\"list-style-type: none;\">\n<ul>\n<li style=\"text-align: center;\"><a href=\"https:\/\/eliteextermination.com\/en\/extermination-montreal\/\">Extermination in Montreal<\/a><\/li>\n<\/ul>\n<\/li>\n<\/ul>\n[\/vc_column_text][vc_empty_space height=&#8221;40px&#8221;][\/vc_column][vc_column width=&#8221;1\/4&#8243;][vc_empty_space height=&#8221;40px&#8221;][vc_column_text css=&#8221;.vc_custom_1738771479076{margin-bottom: 0px !important;}&#8221;]\n<ul>\n<li style=\"text-align: center;\"><a href=\"https:\/\/eliteextermination.com\/en\/extermination-laval\/\">Extermination in Laval<\/a><\/li>\n<li style=\"text-align: center;\"><a href=\"https:\/\/eliteextermination.com\/en\/extermination-longueuil\/\">Extermination in Longueuil<\/a><\/li>\n<\/ul>\n[\/vc_column_text][vc_empty_space height=&#8221;40px&#8221;][\/vc_column][vc_column width=&#8221;1\/4&#8243;][vc_empty_space height=&#8221;40px&#8221;][vc_column_text css=&#8221;.vc_custom_1738768847944{margin-bottom: 0px !important;}&#8221;]\n<ul>\n<li style=\"text-align: center;\">Extermination in Quebec City<\/li>\n<li style=\"text-align: center;\"><a href=\"https:\/\/eliteextermination.com\/en\/extermination-st-jerome\/\">Extermination in St-J\u00e9r\u00f4me<\/a><\/li>\n<\/ul>\n[\/vc_column_text][vc_empty_space height=&#8221;40px&#8221;][\/vc_column][vc_column width=&#8221;1\/4&#8243;][vc_empty_space height=&#8221;40px&#8221;][vc_column_text css=&#8221;.vc_custom_1738770961187{margin-bottom: 0px !important;}&#8221;]\n<ul>\n<li style=\"text-align: center;\"><a href=\"https:\/\/eliteextermination.com\/en\/extermination-terrebonne\/\">Extermination in Terrebonne<\/a><\/li>\n<li style=\"text-align: center;\"><a href=\"https:\/\/eliteextermination.com\/en\/extermination-trois-rivieres\/\">Extermination in Trois-Rivi\u00e8res<\/a><\/li>\n<\/ul>\n[\/vc_column_text][vc_empty_space height=&#8221;40px&#8221;][\/vc_column][\/vc_row][vc_row fullwidth=&#8221;true&#8221; css=&#8221;.vc_custom_1505926935168{background-color: #0055c5 !important;}&#8221; el_class=&#8221;row-call&#8221;][vc_column][vc_row_inner is_fullwidth_content=&#8221;false&#8221;][vc_column_inner][vc_empty_space][vc_column_text align=&#8221;center&#8221; el_class=&#8221;SubTitle_Paragraph_Text White_Text&#8221; css=&#8221;.vc_custom_1624656831088{margin-bottom: 0px !important;}&#8221;]\n<p style=\"text-align: center;\">If you want to know more about the services offered by Elite Pest Control in Repentigny or make an appointment for our pest extermination service, please <a href=\"https:\/\/eliteextermination.com\/en\/contact-us\/\">contact us now<\/a>!<\/p>\n[\/vc_column_text][vc_empty_space height=&#8221;20px&#8221;][\/vc_column_inner][\/vc_row_inner][\/vc_column][\/vc_row]\n<\/div>","protected":false},"excerpt":{"rendered":"<p>[vc_row fullwidth=&#8221;true&#8221; el_class=&#8221;BackGroundImageScale&#8221; css=&#8221;.vc_custom_1500048800305{background-image: url(https:\/\/eliteextermination.com\/wp-content\/uploads\/2017\/06\/head-propos.jpg?id=2146) !important;}&#8221;][vc_column][vc_column_text align=&#8221;center&#8221; el_class=&#8221;Service_Title&#8221; css=&#8221;.vc_custom_1701980863511{margin-bottom: 0px !important;}&#8221;]EXPERT PEST EXTERMINATION IN REPENTIGNY 514 791-8385[\/vc_column_text][\/vc_column][\/vc_row][vc_row fullwidth=&#8221;true&#8221; equal_columns=&#8221;true&#8221; attached=&#8221;true&#8221; column_padding=&#8221;4&#8243;][vc_column width=&#8221;2\/3&#8243;][vc_empty_space height=&#8221;40px&#8221;][vc_column_text css=&#8221;.vc_custom_1729018878276{margin-bottom: 0px !important;}&#8221;] Your local team of exterminators in Repentigny Elite Pest Control&#8217;s expert exterminators have been offering the best pest control services throughout the province of Quebec for many years, including [&hellip;]<\/p>\n","protected":false},"author":1,"featured_media":0,"parent":0,"menu_order":0,"comment_status":"closed","ping_status":"closed","template":"","meta":{"_acf_changed":false,"yasr_overall_rating":0,"yasr_post_is_review":"","yasr_auto_insert_disabled":"","yasr_review_type":"","footnotes":""},"class_list":["post-1689","page","type-page","status-publish","hentry"],"acf":[],"yoast_head":"<!-- This site is optimized with the Yoast SEO plugin v26.9 - https:\/\/yoast.com\/product\/yoast-seo-wordpress\/ -->\n<title>Exterminator Repentigny \u2502 Free Quote and Fast Service<\/title>\n<meta name=\"description\" content=\"Repentigny is frequently plagued by insect and pest infestations. Contact Elite Pest Control to quickly get rid of your pest problem.\" \/>\n<meta name=\"robots\" content=\"index, follow, max-snippet:-1, max-image-preview:large, max-video-preview:-1\" \/>\n<link rel=\"canonical\" href=\"https:\/\/eliteextermination.com\/en\/extermination-repentigny\/\" \/>\n<meta property=\"og:locale\" content=\"en_US\" \/>\n<meta property=\"og:type\" content=\"article\" \/>\n<meta property=\"og:title\" content=\"Exterminator Repentigny \u2502 Free Quote and Fast Service\" \/>\n<meta property=\"og:description\" content=\"Repentigny is frequently plagued by insect and pest infestations. Contact Elite Pest Control to quickly get rid of your pest problem.\" \/>\n<meta property=\"og:url\" content=\"https:\/\/eliteextermination.com\/en\/extermination-repentigny\/\" \/>\n<meta property=\"og:site_name\" content=\"\u00c9lite Extermination\" \/>\n<meta property=\"article:modified_time\" content=\"2025-02-05T16:04:41+00:00\" \/>\n<meta name=\"twitter:card\" content=\"summary_large_image\" \/>\n<meta name=\"twitter:label1\" content=\"Est. reading time\" \/>\n\t<meta name=\"twitter:data1\" content=\"5 minutes\" \/>\n<!-- \/ Yoast SEO plugin. -->","yoast_head_json":{"title":"Exterminator Repentigny \u2502 Free Quote and Fast Service","description":"Repentigny is frequently plagued by insect and pest infestations. Contact Elite Pest Control to quickly get rid of your pest problem.","robots":{"index":"index","follow":"follow","max-snippet":"max-snippet:-1","max-image-preview":"max-image-preview:large","max-video-preview":"max-video-preview:-1"},"canonical":"https:\/\/eliteextermination.com\/en\/extermination-repentigny\/","og_locale":"en_US","og_type":"article","og_title":"Exterminator Repentigny \u2502 Free Quote and Fast Service","og_description":"Repentigny is frequently plagued by insect and pest infestations. Contact Elite Pest Control to quickly get rid of your pest problem.","og_url":"https:\/\/eliteextermination.com\/en\/extermination-repentigny\/","og_site_name":"\u00c9lite Extermination","article_modified_time":"2025-02-05T16:04:41+00:00","twitter_card":"summary_large_image","twitter_misc":{"Est. reading time":"5 minutes"},"schema":{"@context":"https:\/\/schema.org","@graph":[{"@type":"WebPage","@id":"https:\/\/eliteextermination.com\/en\/extermination-repentigny\/","url":"https:\/\/eliteextermination.com\/en\/extermination-repentigny\/","name":"Exterminator Repentigny \u2502 Free Quote and Fast Service","isPartOf":{"@id":"https:\/\/eliteextermination.com\/en\/#website"},"datePublished":"2017-09-28T16:34:46+00:00","dateModified":"2025-02-05T16:04:41+00:00","description":"Repentigny is frequently plagued by insect and pest infestations. Contact Elite Pest Control to quickly get rid of your pest problem.","breadcrumb":{"@id":"https:\/\/eliteextermination.com\/en\/extermination-repentigny\/#breadcrumb"},"inLanguage":"en-CA","potentialAction":[{"@type":"ReadAction","target":["https:\/\/eliteextermination.com\/en\/extermination-repentigny\/"]}]},{"@type":"BreadcrumbList","@id":"https:\/\/eliteextermination.com\/en\/extermination-repentigny\/#breadcrumb","itemListElement":[{"@type":"ListItem","position":1,"name":"Home","item":"https:\/\/eliteextermination.com\/en\/"},{"@type":"ListItem","position":2,"name":"Extermination Repentigny"}]},{"@type":"WebSite","@id":"https:\/\/eliteextermination.com\/en\/#website","url":"https:\/\/eliteextermination.com\/en\/","name":"\u00c9lite Extermination","description":"Pest Control Experts in Montreal, Laval, St-J\u00e9r\u00f4me, Repentigny, Trois-Rivi\u00e8res, Gatineau, South Shore","potentialAction":[{"@type":"SearchAction","target":{"@type":"EntryPoint","urlTemplate":"https:\/\/eliteextermination.com\/en\/?s={search_term_string}"},"query-input":{"@type":"PropertyValueSpecification","valueRequired":true,"valueName":"search_term_string"}}],"inLanguage":"en-CA"},false]}},"yasr_visitor_votes":{"stars_attributes":{"read_only":false,"span_bottom":false},"number_of_votes":1,"sum_votes":5},"_links":{"self":[{"href":"https:\/\/eliteextermination.com\/en\/wp-json\/wp\/v2\/pages\/1689","targetHints":{"allow":["GET"]}}],"collection":[{"href":"https:\/\/eliteextermination.com\/en\/wp-json\/wp\/v2\/pages"}],"about":[{"href":"https:\/\/eliteextermination.com\/en\/wp-json\/wp\/v2\/types\/page"}],"author":[{"embeddable":true,"href":"https:\/\/eliteextermination.com\/en\/wp-json\/wp\/v2\/users\/1"}],"replies":[{"embeddable":true,"href":"https:\/\/eliteextermination.com\/en\/wp-json\/wp\/v2\/comments?post=1689"}],"version-history":[{"count":23,"href":"https:\/\/eliteextermination.com\/en\/wp-json\/wp\/v2\/pages\/1689\/revisions"}],"predecessor-version":[{"id":6394,"href":"https:\/\/eliteextermination.com\/en\/wp-json\/wp\/v2\/pages\/1689\/revisions\/6394"}],"wp:attachment":[{"href":"https:\/\/eliteextermination.com\/en\/wp-json\/wp\/v2\/media?parent=1689"}],"curies":[{"name":"wp","href":"https:\/\/api.w.org\/{rel}","templated":true}]}}