{"id":1691,"date":"2017-09-28T16:39:22","date_gmt":"2017-09-28T16:39:22","guid":{"rendered":"https:\/\/eliteextermination.com\/?page_id=1691\/"},"modified":"2025-02-05T11:07:26","modified_gmt":"2025-02-05T16:07:26","slug":"extermination-longueuil","status":"publish","type":"page","link":"https:\/\/eliteextermination.com\/en\/extermination-longueuil\/","title":{"rendered":"Extermination Longueuil"},"content":{"rendered":"<div class=\"wpb-content-wrapper\">[vc_row fullwidth=&#8221;true&#8221; el_class=&#8221;BackGroundImageScale&#8221; css=&#8221;.vc_custom_1500048800305{background-image: url(https:\/\/eliteextermination.com\/wp-content\/uploads\/2017\/06\/head-propos.jpg?id=2146) !important;}&#8221;][vc_column][vc_column_text align=&#8221;center&#8221; el_class=&#8221;Service_Title&#8221; css=&#8221;.vc_custom_1622123599878{margin-bottom: 0px !important;}&#8221;]<span class=\"Contact_Bigger_Paragraph White_Text\">EXPERT PEST EXTERMINATION<\/span><br \/>\n<span class=\"Service_HugeText\">IN LONGUEUIL<\/span><br \/>\n<a href=\"tel:+1-514-791-8385\"><button class=\"Button_Style_Blue Button_Centered\" type=\"button\">514 791-8385<\/button><\/a>[\/vc_column_text][\/vc_column][\/vc_row][vc_row fullwidth=&#8221;true&#8221; equal_columns=&#8221;true&#8221; attached=&#8221;true&#8221; column_padding=&#8221;4&#8243;][vc_column width=&#8221;2\/3&#8243;][vc_empty_space height=&#8221;40px&#8221;][vc_column_text css=&#8221;.vc_custom_1730229774096{margin-bottom: 0px !important;}&#8221;]\n<h1 style=\"text-align: center;\">Exterminators who know Longueuil<\/h1>\n<p style=\"text-align: center;\">Whether in Longueuil or other cities in the Greater Montreal area, the exterminators at Elite Pest Control are familiar with the pests commonly found on the South Shore and know how to get rid of them effectively.<\/p>\n<p style=\"text-align: center;\">No matter what type of home you live in, we offer <a href=\"https:\/\/eliteextermination.com\/en\/\">pest control services<\/a> that will help you quickly say goodbye to the pests that are making your life miserable.<\/p>\n[\/vc_column_text][vc_empty_space height=&#8221;40px&#8221;][vc_column_text css=&#8221;.vc_custom_1732120638203{margin-bottom: 0px !important;}&#8221;]\n<h2 style=\"text-align: center;\">We put an end to infestations in Longueuil homes<\/h2>\n<p style=\"text-align: center;\">With its 250 000 inhabitants, Longueuil is the 5th most populated city in Quebec. The human activity and many green spaces in the city are favourable to the development of pests.<\/p>\n<p style=\"text-align: center;\">A mouse has enough food and shelter to ensure the survival of its offspring. No wonder our <a href=\"https:\/\/eliteextermination.com\/en\/insects-pests\/mouse-extermination\/\">mouse exterminators<\/a> are in high demand from October to March in the city of Longueuil. In the summer, like the island of Montreal, the South Shore suffers from the proliferation of ants, wasps and other animals.<\/p>\n<p style=\"text-align: center;\">These insects don&#8217;t mean you any harm, but they should be eliminated as soon as possible:<\/p>\n<ul style=\"text-align: center;\">\n<li><strong>They don&#8217;t belong in your home:<\/strong> The city of Longueuil is big enough for them to find a home elsewhere. When we respond, our <a href=\"https:\/\/eliteextermination.com\/en\/rodent-proof-caulking\/\">caulking service<\/a> will make sure they never come back.<\/li>\n<li><strong>They are dangerous to you and your family:<\/strong> They mean you no harm, yet <a href=\"https:\/\/eliteextermination.com\/en\/news\/why-wild-animals-settle-in-quebec-cities\/\">wild animals are carriers of many diseases<\/a>.<\/li>\n<li><strong>They grow at breakneck speed:<\/strong> A small infestation can quickly get out of control.<\/li>\n<li><strong>They can damage your home:<\/strong> Pests will leave their mark unintentionally. Insulation often needs to be redone and affected areas need to be decontaminated if left for several weeks. We also provide these services if needed.<\/li>\n<\/ul>\n<p style=\"text-align: center;\">Even if you do your best to protect your living space from intruders, sometimes it&#8217;s impossible to keep these animals away once they take up residence in your home. Contact us now before the infestation gets out of control, puts you at risk and causes significant property damage.<\/p>\n[\/vc_column_text][\/vc_column][vc_column width=&#8221;1\/3&#8243; el_class=&#8221;bg-dark-blue col-center-top&#8221;]\n<div class=\"wpcf7 no-js\" id=\"wpcf7-f2495-o1\" lang=\"fr-FR\" dir=\"ltr\" data-wpcf7-id=\"2495\">\n<div class=\"screen-reader-response\"><p role=\"status\" aria-live=\"polite\" aria-atomic=\"true\"><\/p> <ul><\/ul><\/div>\n<form action=\"\/en\/wp-json\/wp\/v2\/pages\/1691#wpcf7-f2495-o1\" method=\"post\" class=\"wpcf7-form init\" aria-label=\"Formulaire de contact\" novalidate=\"novalidate\" data-status=\"init\">\n<fieldset class=\"hidden-fields-container\"><input type=\"hidden\" name=\"_wpcf7\" value=\"2495\" \/><input type=\"hidden\" name=\"_wpcf7_version\" value=\"6.1.4\" \/><input type=\"hidden\" name=\"_wpcf7_locale\" value=\"fr_FR\" \/><input type=\"hidden\" name=\"_wpcf7_unit_tag\" value=\"wpcf7-f2495-o1\" \/><input type=\"hidden\" name=\"_wpcf7_container_post\" value=\"0\" \/><input type=\"hidden\" name=\"_wpcf7_posted_data_hash\" value=\"\" \/><input type=\"hidden\" name=\"_wpcf7_recaptcha_response\" value=\"\" \/>\n<\/fieldset>\n<div class=\"service-form\">\n\t<p><span class=\"wpcf7-form-control-wrap\" data-name=\"typedemande\"><select class=\"wpcf7-form-control wpcf7-select wpcf7-validates-as-required\" aria-required=\"true\" aria-invalid=\"false\" name=\"typedemande\"><option value=\"\">Type of request*<\/option><option value=\"Questions or comments\">Questions or comments<\/option><option value=\"Free estimate\">Free estimate<\/option><option value=\"Emergency\">Emergency<\/option><\/select><\/span><span class=\"wpcf7-form-control-wrap\" data-name=\"last-name\"><input size=\"40\" maxlength=\"400\" class=\"wpcf7-form-control wpcf7-text wpcf7-validates-as-required\" aria-required=\"true\" aria-invalid=\"false\" placeholder=\"Last name*\" value=\"\" type=\"text\" name=\"last-name\" \/><\/span><br \/>\n<span class=\"wpcf7-form-control-wrap\" data-name=\"email\"><input size=\"40\" maxlength=\"400\" class=\"wpcf7-form-control wpcf7-email wpcf7-validates-as-required wpcf7-text wpcf7-validates-as-email\" aria-required=\"true\" aria-invalid=\"false\" placeholder=\"E-mail*\" value=\"\" type=\"email\" name=\"email\" \/><\/span><br \/>\n<span class=\"wpcf7-form-control-wrap\" data-name=\"telephone\"><input size=\"40\" maxlength=\"400\" class=\"wpcf7-form-control wpcf7-tel wpcf7-validates-as-required wpcf7-text wpcf7-validates-as-tel\" aria-required=\"true\" aria-invalid=\"false\" placeholder=\"Phone number*\" value=\"\" type=\"tel\" name=\"telephone\" \/><\/span><br \/>\n<span class=\"wpcf7-form-control-wrap\" data-name=\"message\"><textarea cols=\"40\" rows=\"10\" maxlength=\"2000\" class=\"wpcf7-form-control wpcf7-textarea wpcf7-validates-as-required\" aria-required=\"true\" aria-invalid=\"false\" placeholder=\"Message*\" name=\"message\"><\/textarea><\/span><br \/>\n\t<div class=\"wpcf7-response-output\" aria-hidden=\"true\"><\/div><br \/>\n<span id=\"wpcf7-69d456559c3ea-wrapper\" class=\"wpcf7-form-control-wrap field-wrap\" style=\"display:none !important; visibility:hidden !important;\"><label for=\"wpcf7-69d456559c3ea-field\" class=\"hp-message\">Veuillez laisser ce champ vide.<\/label><input id=\"wpcf7-69d456559c3ea-field\"  class=\"wpcf7-form-control wpcf7-text\" type=\"text\" name=\"field\" value=\"\" size=\"40\" tabindex=\"-1\" autocomplete=\"new-password\" \/><\/span><br \/>\n\t<br \/>\n<input class=\"wpcf7-form-control wpcf7-submit has-spinner Button_Style_Blue\" type=\"submit\" value=\"SEND\" \/>\n\t<\/p>\n<\/div>\n<p><script>\ndocument.addEventListener( 'wpcf7mailsent', function( event ) {\n location = 'https:\/\/eliteextermination.com\/en\/thank-you\/';\n}, false );\n<\/script>\n<\/p><input type='hidden' class='wpcf7-pum' value='{\"closepopup\":false,\"closedelay\":0,\"openpopup\":false,\"openpopup_id\":0}' \/>\n<\/form>\n<\/div>\n[\/vc_column][\/vc_row][vc_row fullwidth=&#8221;true&#8221; css=&#8221;.vc_custom_1619800056469{background-color: #dddddd !important;}&#8221;][vc_column][vc_empty_space height=&#8221;40px&#8221;][vc_column_text css=&#8221;.vc_custom_1622123665405{margin-bottom: 0px !important;}&#8221;]\n<h2 style=\"text-align: center;\">2 reasons to call our exterminators if you live in Longueuil<\/h2>\n[\/vc_column_text][\/vc_column][\/vc_row][vc_row fullwidth=&#8221;true&#8221; equal_columns=&#8221;true&#8221;][vc_column width=&#8221;1\/2&#8243; el_class=&#8221;Service_Text_Margin Service_Col_Padding&#8221; css=&#8221;.vc_custom_1619800074138{background-color: #dddddd !important;}&#8221;][vc_column_text align=&#8221;center&#8221; el_class=&#8221;Title_Text&#8221; css=&#8221;.vc_custom_1622123677737{margin-bottom: 0px !important;}&#8221;]\n<h2 style=\"text-align: center;\">Are you a property owner? Protect yourself from infestations<\/h2>\n[\/vc_column_text][vc_column_text align=&#8221;center&#8221; el_class=&#8221;SubTitle_Paragraph_Text&#8221; css=&#8221;.vc_custom_1622123691906{margin-bottom: 0px !important;}&#8221;]\n<p style=\"text-align: center;\">We often get calls from owners of condos or buildings in Longueuil. If you owna\u00a0 building, it is in your best interest to prevent mice and cockroaches from spreading from one unit to another.<\/p>\n<p style=\"text-align: center;\">Keeping raccoons, bats and other small mammals out of your house or apartment will help maintain your peace of mind and the market value of your property. If you share a common wall with your neighbor, be on the lookout for pest problems in the neighbourhood.<\/p>\n<p style=\"text-align: center;\">Make sure you put preventive measures in place and ask our Longueuil exterminators to caulk and seal holes and openings that could let in unwanted insects or animals.<\/p>\n[\/vc_column_text][\/vc_column][vc_column width=&#8221;1\/2&#8243; el_class=&#8221;Service_Text_Margin Service_Col_Padding&#8221; css=&#8221;.vc_custom_1619800116213{background-color: #dddddd !important;}&#8221;][vc_column_text align=&#8221;center&#8221; el_class=&#8221;Title_Text&#8221; css=&#8221;.vc_custom_1622123703615{margin-bottom: 0px !important;}&#8221;]\n<h2 style=\"text-align: center;\">Do you have a business on the South Shore of Montreal? Protect its reputation<\/h2>\n[\/vc_column_text][vc_column_text align=&#8221;center&#8221; el_class=&#8221;SubTitle_Paragraph_Text&#8221; css=&#8221;.vc_custom_1696603341174{margin-bottom: 0px !important;}&#8221;]\n<p style=\"text-align: center;\">A clean, pest-free establishment is essential to your business reputation. Elite Pest Control can help you implement preventive measures and a complete pest control plan before pests infest your hotel, restaurant or commercial building.<\/p>\n<p style=\"text-align: center;\">If the damage is done, our team will exterminate, decontaminate, caulk and insulate as needed.<\/p>\n[\/vc_column_text][\/vc_column][\/vc_row][vc_row][vc_column][vc_empty_space height=&#8221;40px&#8221;][vc_column_text css=&#8221;.vc_custom_1622123807259{margin-bottom: 0px !important;}&#8221;]\n<h2 style=\"text-align: center;\">Elite Pest Control doesn&#8217;t only serve Longueuil<\/h2>\n<p style=\"text-align: center;\">What if you are the victim of an invasion, but you don&#8217;t live on the South Shore of the St. Lawrence River? You can count on Elite Pest Control to respond quickly to get rid of mice, ants, squirrels or any other intruder that has no business being in your home if you live in the following cities:<\/p>\n[\/vc_column_text][\/vc_column][\/vc_row][vc_row][vc_column width=&#8221;1\/4&#8243;][vc_empty_space height=&#8221;40px&#8221;][vc_column_text css=&#8221;.vc_custom_1730228497028{margin-bottom: 0px !important;}&#8221;]\n<ul>\n<li style=\"list-style-type: none;\">\n<ul>\n<li><a href=\"https:\/\/eliteextermination.com\/en\/extermination-montreal\/\">Extermination in Montreal<\/a><\/li>\n<\/ul>\n<\/li>\n<\/ul>\n[\/vc_column_text][vc_empty_space height=&#8221;40px&#8221;][\/vc_column][vc_column width=&#8221;1\/4&#8243;][vc_empty_space height=&#8221;40px&#8221;][vc_column_text css=&#8221;.vc_custom_1738771644503{margin-bottom: 0px !important;}&#8221;]\n<ul>\n<li><a href=\"https:\/\/eliteextermination.com\/exterminateur-laval\/\">Extermination in Laval<\/a><\/li>\n<li>Extermination in Quebec City<\/li>\n<\/ul>\n[\/vc_column_text][vc_empty_space height=&#8221;40px&#8221;][\/vc_column][vc_column width=&#8221;1\/4&#8243;][vc_empty_space height=&#8221;40px&#8221;][vc_column_text css=&#8221;.vc_custom_1736868752852{margin-bottom: 0px !important;}&#8221;]\n<ul>\n<li><a href=\"https:\/\/eliteextermination.com\/en\/extermination-repentigny\/\">Extermination in Repentigny<\/a><\/li>\n<li><a href=\"https:\/\/eliteextermination.com\/en\/extermination-st-jerome\/\">Extermination in Saint-J\u00e9r\u00f4me<\/a><\/li>\n<\/ul>\n[\/vc_column_text][vc_empty_space height=&#8221;40px&#8221;][\/vc_column][vc_column width=&#8221;1\/4&#8243;][vc_empty_space height=&#8221;40px&#8221;][vc_column_text css=&#8221;.vc_custom_1738771104119{margin-bottom: 0px !important;}&#8221;]\n<ul>\n<li><a href=\"https:\/\/eliteextermination.com\/en\/extermination-terrebonne\/\">Extermination in Terrebonne<\/a><\/li>\n<li><a href=\"https:\/\/eliteextermination.com\/en\/extermination-trois-rivieres\/\">Extermination in Trois-Rivi\u00e8res<\/a><\/li>\n<\/ul>\n[\/vc_column_text][vc_empty_space height=&#8221;40px&#8221;][\/vc_column][\/vc_row][vc_row fullwidth=&#8221;true&#8221; css=&#8221;.vc_custom_1505926935168{background-color: #0055c5 !important;}&#8221; el_class=&#8221;row-call&#8221;][vc_column][vc_row_inner is_fullwidth_content=&#8221;false&#8221;][vc_column_inner][vc_empty_space][vc_column_text align=&#8221;center&#8221; el_class=&#8221;SubTitle_Paragraph_Text White_Text&#8221; css=&#8221;.vc_custom_1622124448242{margin-bottom: 0px !important;}&#8221;]\n<p style=\"text-align: center;\">Want to find out more about the services Elite Pest Control offers in Longueuil? Need to make an appointment for pest extermination? <a href=\"https:\/\/eliteextermination.com\/en\/contact-us\/\">Contact us<\/a> today!<\/p>\n[\/vc_column_text][vc_empty_space height=&#8221;20px&#8221;][\/vc_column_inner][\/vc_row_inner][\/vc_column][\/vc_row][vc_row][vc_column][\/vc_column][\/vc_row]\n<\/div>","protected":false},"excerpt":{"rendered":"<p>[vc_row fullwidth=&#8221;true&#8221; el_class=&#8221;BackGroundImageScale&#8221; css=&#8221;.vc_custom_1500048800305{background-image: url(https:\/\/eliteextermination.com\/wp-content\/uploads\/2017\/06\/head-propos.jpg?id=2146) !important;}&#8221;][vc_column][vc_column_text align=&#8221;center&#8221; el_class=&#8221;Service_Title&#8221; css=&#8221;.vc_custom_1622123599878{margin-bottom: 0px !important;}&#8221;]EXPERT PEST EXTERMINATION IN LONGUEUIL 514 791-8385[\/vc_column_text][\/vc_column][\/vc_row][vc_row fullwidth=&#8221;true&#8221; equal_columns=&#8221;true&#8221; attached=&#8221;true&#8221; column_padding=&#8221;4&#8243;][vc_column width=&#8221;2\/3&#8243;][vc_empty_space height=&#8221;40px&#8221;][vc_column_text css=&#8221;.vc_custom_1730229774096{margin-bottom: 0px !important;}&#8221;] Exterminators who know Longueuil Whether in Longueuil or other cities in the Greater Montreal area, the exterminators at Elite Pest Control are familiar with the pests commonly found on [&hellip;]<\/p>\n","protected":false},"author":1,"featured_media":0,"parent":0,"menu_order":0,"comment_status":"closed","ping_status":"closed","template":"","meta":{"_acf_changed":false,"yasr_overall_rating":0,"yasr_post_is_review":"","yasr_auto_insert_disabled":"","yasr_review_type":"","footnotes":""},"class_list":["post-1691","page","type-page","status-publish","hentry"],"acf":[],"yoast_head":"<!-- This site is optimized with the Yoast SEO plugin v26.9 - https:\/\/yoast.com\/product\/yoast-seo-wordpress\/ -->\n<title>Longueuil Exterminator | Extermination &amp; Decontamination Specialists<\/title>\n<meta name=\"description\" content=\"Do you have an infestation at your home in Longueuil? Trust the experts at Elite Pest Control for all extermination and decontamination services in Quebec!\" \/>\n<meta name=\"robots\" content=\"index, follow, max-snippet:-1, max-image-preview:large, max-video-preview:-1\" \/>\n<link rel=\"canonical\" href=\"https:\/\/eliteextermination.com\/en\/extermination-longueuil\/\" \/>\n<meta property=\"og:locale\" content=\"en_US\" \/>\n<meta property=\"og:type\" content=\"article\" \/>\n<meta property=\"og:title\" content=\"Longueuil Exterminator | Extermination &amp; Decontamination Specialists\" \/>\n<meta property=\"og:description\" content=\"Do you have an infestation at your home in Longueuil? Trust the experts at Elite Pest Control for all extermination and decontamination services in Quebec!\" \/>\n<meta property=\"og:url\" content=\"https:\/\/eliteextermination.com\/en\/extermination-longueuil\/\" \/>\n<meta property=\"og:site_name\" content=\"\u00c9lite Extermination\" \/>\n<meta property=\"article:modified_time\" content=\"2025-02-05T16:07:26+00:00\" \/>\n<meta name=\"twitter:card\" content=\"summary_large_image\" \/>\n<meta name=\"twitter:label1\" content=\"Est. reading time\" \/>\n\t<meta name=\"twitter:data1\" content=\"4 minutes\" \/>\n<!-- \/ Yoast SEO plugin. -->","yoast_head_json":{"title":"Longueuil Exterminator | Extermination & Decontamination Specialists","description":"Do you have an infestation at your home in Longueuil? Trust the experts at Elite Pest Control for all extermination and decontamination services in Quebec!","robots":{"index":"index","follow":"follow","max-snippet":"max-snippet:-1","max-image-preview":"max-image-preview:large","max-video-preview":"max-video-preview:-1"},"canonical":"https:\/\/eliteextermination.com\/en\/extermination-longueuil\/","og_locale":"en_US","og_type":"article","og_title":"Longueuil Exterminator | Extermination & Decontamination Specialists","og_description":"Do you have an infestation at your home in Longueuil? Trust the experts at Elite Pest Control for all extermination and decontamination services in Quebec!","og_url":"https:\/\/eliteextermination.com\/en\/extermination-longueuil\/","og_site_name":"\u00c9lite Extermination","article_modified_time":"2025-02-05T16:07:26+00:00","twitter_card":"summary_large_image","twitter_misc":{"Est. reading time":"4 minutes"},"schema":{"@context":"https:\/\/schema.org","@graph":[{"@type":"WebPage","@id":"https:\/\/eliteextermination.com\/en\/extermination-longueuil\/","url":"https:\/\/eliteextermination.com\/en\/extermination-longueuil\/","name":"Longueuil Exterminator | Extermination & Decontamination Specialists","isPartOf":{"@id":"https:\/\/eliteextermination.com\/en\/#website"},"datePublished":"2017-09-28T16:39:22+00:00","dateModified":"2025-02-05T16:07:26+00:00","description":"Do you have an infestation at your home in Longueuil? Trust the experts at Elite Pest Control for all extermination and decontamination services in Quebec!","breadcrumb":{"@id":"https:\/\/eliteextermination.com\/en\/extermination-longueuil\/#breadcrumb"},"inLanguage":"en-CA","potentialAction":[{"@type":"ReadAction","target":["https:\/\/eliteextermination.com\/en\/extermination-longueuil\/"]}]},{"@type":"BreadcrumbList","@id":"https:\/\/eliteextermination.com\/en\/extermination-longueuil\/#breadcrumb","itemListElement":[{"@type":"ListItem","position":1,"name":"Home","item":"https:\/\/eliteextermination.com\/en\/"},{"@type":"ListItem","position":2,"name":"Extermination Longueuil"}]},{"@type":"WebSite","@id":"https:\/\/eliteextermination.com\/en\/#website","url":"https:\/\/eliteextermination.com\/en\/","name":"\u00c9lite Extermination","description":"Pest Control Experts in Montreal, Laval, St-J\u00e9r\u00f4me, Repentigny, Trois-Rivi\u00e8res, Gatineau, South Shore","potentialAction":[{"@type":"SearchAction","target":{"@type":"EntryPoint","urlTemplate":"https:\/\/eliteextermination.com\/en\/?s={search_term_string}"},"query-input":{"@type":"PropertyValueSpecification","valueRequired":true,"valueName":"search_term_string"}}],"inLanguage":"en-CA"},false]}},"yasr_visitor_votes":{"stars_attributes":{"read_only":false,"span_bottom":false},"number_of_votes":1,"sum_votes":5},"_links":{"self":[{"href":"https:\/\/eliteextermination.com\/en\/wp-json\/wp\/v2\/pages\/1691","targetHints":{"allow":["GET"]}}],"collection":[{"href":"https:\/\/eliteextermination.com\/en\/wp-json\/wp\/v2\/pages"}],"about":[{"href":"https:\/\/eliteextermination.com\/en\/wp-json\/wp\/v2\/types\/page"}],"author":[{"embeddable":true,"href":"https:\/\/eliteextermination.com\/en\/wp-json\/wp\/v2\/users\/1"}],"replies":[{"embeddable":true,"href":"https:\/\/eliteextermination.com\/en\/wp-json\/wp\/v2\/comments?post=1691"}],"version-history":[{"count":22,"href":"https:\/\/eliteextermination.com\/en\/wp-json\/wp\/v2\/pages\/1691\/revisions"}],"predecessor-version":[{"id":6399,"href":"https:\/\/eliteextermination.com\/en\/wp-json\/wp\/v2\/pages\/1691\/revisions\/6399"}],"wp:attachment":[{"href":"https:\/\/eliteextermination.com\/en\/wp-json\/wp\/v2\/media?parent=1691"}],"curies":[{"name":"wp","href":"https:\/\/api.w.org\/{rel}","templated":true}]}}