{"id":1696,"date":"2017-09-28T16:48:13","date_gmt":"2017-09-28T16:48:13","guid":{"rendered":"https:\/\/eliteextermination.com\/?page_id=1696\/"},"modified":"2025-02-05T11:03:46","modified_gmt":"2025-02-05T16:03:46","slug":"extermination-terrebonne","status":"publish","type":"page","link":"https:\/\/eliteextermination.com\/en\/extermination-terrebonne\/","title":{"rendered":"Extermination Terrebonne"},"content":{"rendered":"<div class=\"wpb-content-wrapper\">[vc_row fullwidth=&#8221;true&#8221; el_class=&#8221;BackGroundImageScale&#8221; css=&#8221;.vc_custom_1500048800305{background-image: url(https:\/\/eliteextermination.com\/wp-content\/uploads\/2017\/06\/head-propos.jpg?id=2146) !important;}&#8221;][vc_column][vc_column_text align=&#8221;center&#8221; el_class=&#8221;Service_Title&#8221; css=&#8221;.vc_custom_1701981023215{margin-bottom: 0px !important;}&#8221;]<span class=\"Contact_Bigger_Paragraph White_Text\">EXPERT PEST EXTERMINATION<\/span><br \/>\n<span class=\"Service_HugeText\">IN TERREBONNE<\/span><br \/>\n<a href=\"tel:5147918385\"><button class=\"Button_Style_Blue Button_Centered\" type=\"button\">514 791-8385<\/button><\/a>[\/vc_column_text][\/vc_column][\/vc_row][vc_row fullwidth=&#8221;true&#8221; equal_columns=&#8221;true&#8221; attached=&#8221;true&#8221; column_padding=&#8221;4&#8243;][vc_column width=&#8221;2\/3&#8243;][vc_empty_space height=&#8221;40px&#8221;][vc_column_text css=&#8221;.vc_custom_1729018850455{margin-bottom: 0px !important;}&#8221;]\n<h1 style=\"text-align: center;\">Your team of exterminators in Terrebonne<\/h1>\n<p style=\"text-align: center;\">Established in Montreal, our company has been offering pest management services throughout the province of Quebec for several years, including Terrebonne and the northern suburbs of Montreal.<\/p>\n<p style=\"text-align: center;\">Elite Pest Control has a team of efficient and discreet exterminators in Quebec. Residents and business owners in Terrebonne rely on our <a href=\"https:\/\/eliteextermination.com\/en\/pest-extermination\/\">extermination service<\/a> to get rid of harmful insects and pests quickly.<\/p>\n<p style=\"text-align: center;\">We are committed to providing you with a quality extermination solution that will solve your problem for the long haul. As proof, we guarantee all our pest management services for a period of five years.<\/p>\n[\/vc_column_text][vc_empty_space height=&#8221;40px&#8221;][vc_column_text css=&#8221;.vc_custom_1624660303991{margin-bottom: 0px !important;}&#8221;]\n<h2 style=\"text-align: center;\">Terrebonne, a municipality with its fair share of pests<\/h2>\n<p style=\"text-align: center;\">Terrebonne, the capital of Les Moulins north of Montreal, has seen its population grow for decades. It is currently the 10th most populated city in the province of Quebec, with approximately 110,000 inhabitants. The increase in human activity is comparable to the growth of pest problems. The municipality has not been spared from pests and our various extermination services are accustomed to visiting the North Shore to relieve Terrebonne households of their pest problems.<\/p>\n<p style=\"text-align: center;\">If you live in Terrebonne in a typical suburban neighborhood, you&#8217;re likely to be dealing with the same pests as your neighbors. If they&#8217;ve been dealing with wasps, mice or even raccoons, you can save yourself a lot of trouble by hiring our exterminators to help you plug, block and seal any openings where insects, rodents and other pests might enter.<\/p>\n<p style=\"text-align: center;\">Put an end to your infestation by calling us at <a href=\"tel:+1-450-657-8978\">(450) 657-8978<\/a>. After exterminating the pests without harming them if possible, we will apply caulking techniques to make it impossible for the animals to return to your home.<\/p>\n[\/vc_column_text][\/vc_column][vc_column width=&#8221;1\/3&#8243; el_class=&#8221;bg-dark-blue col-center-top&#8221;]\n<div class=\"wpcf7 no-js\" id=\"wpcf7-f2495-o1\" lang=\"fr-FR\" dir=\"ltr\" data-wpcf7-id=\"2495\">\n<div class=\"screen-reader-response\"><p role=\"status\" aria-live=\"polite\" aria-atomic=\"true\"><\/p> <ul><\/ul><\/div>\n<form action=\"\/en\/wp-json\/wp\/v2\/pages\/1696#wpcf7-f2495-o1\" method=\"post\" class=\"wpcf7-form init\" aria-label=\"Formulaire de contact\" novalidate=\"novalidate\" data-status=\"init\">\n<fieldset class=\"hidden-fields-container\"><input type=\"hidden\" name=\"_wpcf7\" value=\"2495\" \/><input type=\"hidden\" name=\"_wpcf7_version\" value=\"6.1.4\" \/><input type=\"hidden\" name=\"_wpcf7_locale\" value=\"fr_FR\" \/><input type=\"hidden\" name=\"_wpcf7_unit_tag\" value=\"wpcf7-f2495-o1\" \/><input type=\"hidden\" name=\"_wpcf7_container_post\" value=\"0\" \/><input type=\"hidden\" name=\"_wpcf7_posted_data_hash\" value=\"\" \/><input type=\"hidden\" name=\"_wpcf7_recaptcha_response\" value=\"\" \/>\n<\/fieldset>\n<div class=\"service-form\">\n\t<p><span class=\"wpcf7-form-control-wrap\" data-name=\"typedemande\"><select class=\"wpcf7-form-control wpcf7-select wpcf7-validates-as-required\" aria-required=\"true\" aria-invalid=\"false\" name=\"typedemande\"><option value=\"\">Type of request*<\/option><option value=\"Questions or comments\">Questions or comments<\/option><option value=\"Free estimate\">Free estimate<\/option><option value=\"Emergency\">Emergency<\/option><\/select><\/span><span class=\"wpcf7-form-control-wrap\" data-name=\"last-name\"><input size=\"40\" maxlength=\"400\" class=\"wpcf7-form-control wpcf7-text wpcf7-validates-as-required\" aria-required=\"true\" aria-invalid=\"false\" placeholder=\"Last name*\" value=\"\" type=\"text\" name=\"last-name\" \/><\/span><br \/>\n<span class=\"wpcf7-form-control-wrap\" data-name=\"email\"><input size=\"40\" maxlength=\"400\" class=\"wpcf7-form-control wpcf7-email wpcf7-validates-as-required wpcf7-text wpcf7-validates-as-email\" aria-required=\"true\" aria-invalid=\"false\" placeholder=\"E-mail*\" value=\"\" type=\"email\" name=\"email\" \/><\/span><br \/>\n<span class=\"wpcf7-form-control-wrap\" data-name=\"telephone\"><input size=\"40\" maxlength=\"400\" class=\"wpcf7-form-control wpcf7-tel wpcf7-validates-as-required wpcf7-text wpcf7-validates-as-tel\" aria-required=\"true\" aria-invalid=\"false\" placeholder=\"Phone number*\" value=\"\" type=\"tel\" name=\"telephone\" \/><\/span><br \/>\n<span class=\"wpcf7-form-control-wrap\" data-name=\"message\"><textarea cols=\"40\" rows=\"10\" maxlength=\"2000\" class=\"wpcf7-form-control wpcf7-textarea wpcf7-validates-as-required\" aria-required=\"true\" aria-invalid=\"false\" placeholder=\"Message*\" name=\"message\"><\/textarea><\/span><br \/>\n\t<div class=\"wpcf7-response-output\" aria-hidden=\"true\"><\/div><br \/>\n<span id=\"wpcf7-69d456e60b02a-wrapper\" class=\"wpcf7-form-control-wrap field-wrap\" style=\"display:none !important; visibility:hidden !important;\"><label for=\"wpcf7-69d456e60b02a-field\" class=\"hp-message\">Veuillez laisser ce champ vide.<\/label><input id=\"wpcf7-69d456e60b02a-field\"  class=\"wpcf7-form-control wpcf7-text\" type=\"text\" name=\"field\" value=\"\" size=\"40\" tabindex=\"-1\" autocomplete=\"new-password\" \/><\/span><br \/>\n\t<br \/>\n<input class=\"wpcf7-form-control wpcf7-submit has-spinner Button_Style_Blue\" type=\"submit\" value=\"SEND\" \/>\n\t<\/p>\n<\/div>\n<p><script>\ndocument.addEventListener( 'wpcf7mailsent', function( event ) {\n location = 'https:\/\/eliteextermination.com\/en\/thank-you\/';\n}, false );\n<\/script>\n<\/p><input type='hidden' class='wpcf7-pum' value='{\"closepopup\":false,\"closedelay\":0,\"openpopup\":false,\"openpopup_id\":0}' \/>\n<\/form>\n<\/div>\n[\/vc_column][\/vc_row][vc_row fullwidth=&#8221;true&#8221; css=&#8221;.vc_custom_1619800056469{background-color: #dddddd !important;}&#8221;][vc_column][vc_empty_space height=&#8221;40px&#8221;][vc_column_text css=&#8221;.vc_custom_1624660312057{margin-bottom: 0px !important;}&#8221;]\n<h2 style=\"text-align: center;\">Why call our exterminators in Terrebonne?<\/h2>\n[\/vc_column_text][\/vc_column][\/vc_row][vc_row fullwidth=&#8221;true&#8221; equal_columns=&#8221;true&#8221;][vc_column width=&#8221;1\/2&#8243; el_class=&#8221;Service_Text_Margin Service_Col_Padding&#8221; css=&#8221;.vc_custom_1619800074138{background-color: #dddddd !important;}&#8221;][vc_column_text align=&#8221;center&#8221; el_class=&#8221;Title_Text&#8221; css=&#8221;.vc_custom_1624660320468{margin-bottom: 0px !important;}&#8221;]\n<h2 style=\"text-align: center;\">We make sure that Terrebonne\u2019s families are safe<\/h2>\n[\/vc_column_text][vc_column_text align=&#8221;center&#8221; el_class=&#8221;SubTitle_Paragraph_Text&#8221; css=&#8221;.vc_custom_1732120464143{margin-bottom: 0px !important;}&#8221;]\n<p style=\"text-align: center;\">Have you found mouse droppings in your pantry or heard scratching noises in the walls at night? Mice and rats roam the house in search of food, leaving behind contaminated droppings and urine.<\/p>\n<p style=\"text-align: center;\">To keep your family safe, we can <a href=\"https:\/\/eliteextermination.com\/en\/insects-pests\/mouse-extermination\/\">exterminate mice<\/a> and rats that have invaded your home.<\/p>\n<p style=\"text-align: center;\">Our exterminators can also solve your problem with our <a href=\"https:\/\/eliteextermination.com\/en\/rodent-proof-caulking\/\">caulking service<\/a>, which involves blocking all openings in your home and cleaning and sanitizing all soiled areas.<\/p>\n[\/vc_column_text][\/vc_column][vc_column width=&#8221;1\/2&#8243; el_class=&#8221;Service_Text_Margin Service_Col_Padding&#8221; css=&#8221;.vc_custom_1619800116213{background-color: #dddddd !important;}&#8221;][vc_column_text align=&#8221;center&#8221; el_class=&#8221;Title_Text&#8221; css=&#8221;.vc_custom_1624660329642{margin-bottom: 0px !important;}&#8221;]\n<h2 style=\"text-align: center;\">Our extermination service protects the value of your home on the North Shore<\/h2>\n[\/vc_column_text][vc_column_text align=&#8221;center&#8221; el_class=&#8221;SubTitle_Paragraph_Text&#8221; css=&#8221;.vc_custom_1736870478958{margin-bottom: 0px !important;}&#8221;]\n<p style=\"text-align: center;\">Your home is an investment, but its resale value could suffer from bed bugs, carpenter ants, wasp nests and other pests in your attic or yard.<\/p>\n<p style=\"text-align: center;\">If you live in Terrebonne and are plagued by raccoons, rodents, spiders, birds or other pests, <a href=\"https:\/\/eliteextermination.com\/en\/contact-us\/\">contact Elite Pest Control<\/a> to solve your problem.<\/p>\n<p style=\"text-align: center;\">We are one of the only extermination companies in Quebec to offer a <a href=\"https:\/\/eliteextermination.com\/en\/pest-decontamination\/\">decontamination and disinfection service<\/a>.<\/p>\n[\/vc_column_text][\/vc_column][\/vc_row][vc_row][vc_column][vc_empty_space height=&#8221;40px&#8221;][vc_column_text css=&#8221;.vc_custom_1624660371946{margin-bottom: 0px !important;}&#8221;]\n<h2 style=\"text-align: center;\">Why exterminators are important in Terrebonne<\/h2>\n<p style=\"text-align: center;\">There are many tips and tricks available on the web on how to <a href=\"https:\/\/eliteextermination.com\/en\/insects-pests\/raccoon-extermination\/\">exterminate raccoons<\/a> and <a href=\"https:\/\/eliteextermination.com\/en\/insects-pests\/bat-extermination\/\">bats<\/a>. However, only a professional exterminator knows how to eradicate an infestation once and for all and seal all openings that could be a potential entry point for pests.<\/p>\n<p style=\"text-align: center;\">Do you live on the North Shore of Montreal and have an infestation in your home or business? <a href=\"https:\/\/eliteextermination.com\/en\/contact-us\/\">Contact our team of exterminators<\/a> immediately.<\/p>\n[\/vc_column_text][vc_empty_space height=&#8221;40px&#8221;][vc_column_text css=&#8221;.vc_custom_1624660390256{margin-bottom: 0px !important;}&#8221;]\n<h2 style=\"text-align: center;\">Elite Pest Control responds throughout Quebec<\/h2>\n<p style=\"text-align: center;\">Not living on the North Shore of Montreal? No problem, we can intervene anywhere on the island and throughout the province of Quebec, including the following cities:<\/p>\n[\/vc_column_text][\/vc_column][\/vc_row][vc_row][vc_column width=&#8221;1\/4&#8243;][vc_empty_space height=&#8221;40px&#8221;][vc_column_text css=&#8221;.vc_custom_1730227934625{margin-bottom: 0px !important;}&#8221;]\n<ul>\n<li style=\"list-style-type: none;\">\n<ul>\n<li style=\"text-align: center;\"><a href=\"https:\/\/eliteextermination.com\/en\/extermination-montreal\/\">Extermination in Montreal<\/a><\/li>\n<\/ul>\n<\/li>\n<\/ul>\n[\/vc_column_text][vc_empty_space height=&#8221;40px&#8221;][\/vc_column][vc_column width=&#8221;1\/4&#8243;][vc_empty_space height=&#8221;40px&#8221;][vc_column_text css=&#8221;.vc_custom_1738771424693{margin-bottom: 0px !important;}&#8221;]\n<ul>\n<li style=\"text-align: center;\"><a href=\"https:\/\/eliteextermination.com\/en\/extermination-laval\/\">Extermination in Laval<\/a><\/li>\n<li style=\"text-align: center;\"><a href=\"https:\/\/eliteextermination.com\/en\/extermination-longueuil\/\">Extermination in Longueuil<\/a><\/li>\n<\/ul>\n[\/vc_column_text][vc_empty_space height=&#8221;40px&#8221;][\/vc_column][vc_column width=&#8221;1\/4&#8243;][vc_empty_space height=&#8221;40px&#8221;][vc_column_text css=&#8221;.vc_custom_1738768728689{margin-bottom: 0px !important;}&#8221;]\n<ul>\n<li style=\"text-align: center;\"><a href=\"https:\/\/eliteextermination.com\/en\/extermination-repentigny\/\">Extermination in Repentigny<\/a><\/li>\n<\/ul>\n[\/vc_column_text][vc_empty_space height=&#8221;40px&#8221;][\/vc_column][vc_column width=&#8221;1\/4&#8243;][vc_empty_space height=&#8221;40px&#8221;][vc_column_text css=&#8221;.vc_custom_1732124318268{margin-bottom: 0px !important;}&#8221;]\n<ul>\n<li style=\"text-align: center;\"><a href=\"https:\/\/eliteextermination.com\/en\/extermination-st-jerome\/\">Extermination in St-J\u00e9r\u00f4me<\/a><\/li>\n<li style=\"text-align: center;\"><a href=\"https:\/\/eliteextermination.com\/en\/extermination-trois-rivieres\/\">Extermination in Trois-Rivi\u00e8res<\/a><\/li>\n<\/ul>\n[\/vc_column_text][vc_empty_space height=&#8221;40px&#8221;][\/vc_column][\/vc_row][vc_row fullwidth=&#8221;true&#8221; css=&#8221;.vc_custom_1505926935168{background-color: #0055c5 !important;}&#8221; el_class=&#8221;row-call&#8221;][vc_column][vc_row_inner is_fullwidth_content=&#8221;false&#8221;][vc_column_inner][vc_empty_space][vc_column_text align=&#8221;center&#8221; el_class=&#8221;SubTitle_Paragraph_Text White_Text&#8221; css=&#8221;.vc_custom_1624660428096{margin-bottom: 0px !important;}&#8221;]\n<p style=\"text-align: center;\">If you want to know more about the services offered by Elite Pest Control in Terrebonne or make an appointment for our pest extermination service, please <a href=\"https:\/\/eliteextermination.com\/en\/contact-us\/\">contact us now<\/a>!<\/p>\n[\/vc_column_text][vc_empty_space height=&#8221;20px&#8221;][\/vc_column_inner][\/vc_row_inner][\/vc_column][\/vc_row][vc_row][vc_column][\/vc_column][\/vc_row]\n<\/div>","protected":false},"excerpt":{"rendered":"<p>[vc_row fullwidth=&#8221;true&#8221; el_class=&#8221;BackGroundImageScale&#8221; css=&#8221;.vc_custom_1500048800305{background-image: url(https:\/\/eliteextermination.com\/wp-content\/uploads\/2017\/06\/head-propos.jpg?id=2146) !important;}&#8221;][vc_column][vc_column_text align=&#8221;center&#8221; el_class=&#8221;Service_Title&#8221; css=&#8221;.vc_custom_1701981023215{margin-bottom: 0px !important;}&#8221;]EXPERT PEST EXTERMINATION IN TERREBONNE 514 791-8385[\/vc_column_text][\/vc_column][\/vc_row][vc_row fullwidth=&#8221;true&#8221; equal_columns=&#8221;true&#8221; attached=&#8221;true&#8221; column_padding=&#8221;4&#8243;][vc_column width=&#8221;2\/3&#8243;][vc_empty_space height=&#8221;40px&#8221;][vc_column_text css=&#8221;.vc_custom_1729018850455{margin-bottom: 0px !important;}&#8221;] Your team of exterminators in Terrebonne Established in Montreal, our company has been offering pest management services throughout the province of Quebec for several years, including Terrebonne and the [&hellip;]<\/p>\n","protected":false},"author":1,"featured_media":0,"parent":0,"menu_order":0,"comment_status":"closed","ping_status":"closed","template":"","meta":{"_acf_changed":false,"yasr_overall_rating":0,"yasr_post_is_review":"","yasr_auto_insert_disabled":"","yasr_review_type":"","footnotes":""},"class_list":["post-1696","page","type-page","status-publish","hentry"],"acf":[],"yoast_head":"<!-- This site is optimized with the Yoast SEO plugin v26.9 - https:\/\/yoast.com\/product\/yoast-seo-wordpress\/ -->\n<title>Terrebonne Exterminator | Free Quote, 24\/7 Service<\/title>\n<meta name=\"description\" content=\"Need a professional extermination service in Terrebonne? The experts at Elite Pest Control are here to defend you against pests!\" \/>\n<meta name=\"robots\" content=\"index, follow, max-snippet:-1, max-image-preview:large, max-video-preview:-1\" \/>\n<link rel=\"canonical\" href=\"https:\/\/eliteextermination.com\/en\/extermination-terrebonne\/\" \/>\n<meta property=\"og:locale\" content=\"en_US\" \/>\n<meta property=\"og:type\" content=\"article\" \/>\n<meta property=\"og:title\" content=\"Terrebonne Exterminator | Free Quote, 24\/7 Service\" \/>\n<meta property=\"og:description\" content=\"Need a professional extermination service in Terrebonne? The experts at Elite Pest Control are here to defend you against pests!\" \/>\n<meta property=\"og:url\" content=\"https:\/\/eliteextermination.com\/en\/extermination-terrebonne\/\" \/>\n<meta property=\"og:site_name\" content=\"\u00c9lite Extermination\" \/>\n<meta property=\"article:modified_time\" content=\"2025-02-05T16:03:46+00:00\" \/>\n<meta name=\"twitter:card\" content=\"summary_large_image\" \/>\n<meta name=\"twitter:label1\" content=\"Est. reading time\" \/>\n\t<meta name=\"twitter:data1\" content=\"4 minutes\" \/>\n<!-- \/ Yoast SEO plugin. -->","yoast_head_json":{"title":"Terrebonne Exterminator | Free Quote, 24\/7 Service","description":"Need a professional extermination service in Terrebonne? The experts at Elite Pest Control are here to defend you against pests!","robots":{"index":"index","follow":"follow","max-snippet":"max-snippet:-1","max-image-preview":"max-image-preview:large","max-video-preview":"max-video-preview:-1"},"canonical":"https:\/\/eliteextermination.com\/en\/extermination-terrebonne\/","og_locale":"en_US","og_type":"article","og_title":"Terrebonne Exterminator | Free Quote, 24\/7 Service","og_description":"Need a professional extermination service in Terrebonne? The experts at Elite Pest Control are here to defend you against pests!","og_url":"https:\/\/eliteextermination.com\/en\/extermination-terrebonne\/","og_site_name":"\u00c9lite Extermination","article_modified_time":"2025-02-05T16:03:46+00:00","twitter_card":"summary_large_image","twitter_misc":{"Est. reading time":"4 minutes"},"schema":{"@context":"https:\/\/schema.org","@graph":[{"@type":"WebPage","@id":"https:\/\/eliteextermination.com\/en\/extermination-terrebonne\/","url":"https:\/\/eliteextermination.com\/en\/extermination-terrebonne\/","name":"Terrebonne Exterminator | Free Quote, 24\/7 Service","isPartOf":{"@id":"https:\/\/eliteextermination.com\/en\/#website"},"datePublished":"2017-09-28T16:48:13+00:00","dateModified":"2025-02-05T16:03:46+00:00","description":"Need a professional extermination service in Terrebonne? The experts at Elite Pest Control are here to defend you against pests!","breadcrumb":{"@id":"https:\/\/eliteextermination.com\/en\/extermination-terrebonne\/#breadcrumb"},"inLanguage":"en-CA","potentialAction":[{"@type":"ReadAction","target":["https:\/\/eliteextermination.com\/en\/extermination-terrebonne\/"]}]},{"@type":"BreadcrumbList","@id":"https:\/\/eliteextermination.com\/en\/extermination-terrebonne\/#breadcrumb","itemListElement":[{"@type":"ListItem","position":1,"name":"Home","item":"https:\/\/eliteextermination.com\/en\/"},{"@type":"ListItem","position":2,"name":"Extermination Terrebonne"}]},{"@type":"WebSite","@id":"https:\/\/eliteextermination.com\/en\/#website","url":"https:\/\/eliteextermination.com\/en\/","name":"\u00c9lite Extermination","description":"Pest Control Experts in Montreal, Laval, St-J\u00e9r\u00f4me, Repentigny, Trois-Rivi\u00e8res, Gatineau, South Shore","potentialAction":[{"@type":"SearchAction","target":{"@type":"EntryPoint","urlTemplate":"https:\/\/eliteextermination.com\/en\/?s={search_term_string}"},"query-input":{"@type":"PropertyValueSpecification","valueRequired":true,"valueName":"search_term_string"}}],"inLanguage":"en-CA"},false]}},"yasr_visitor_votes":{"stars_attributes":{"read_only":false,"span_bottom":false},"number_of_votes":1,"sum_votes":5},"_links":{"self":[{"href":"https:\/\/eliteextermination.com\/en\/wp-json\/wp\/v2\/pages\/1696","targetHints":{"allow":["GET"]}}],"collection":[{"href":"https:\/\/eliteextermination.com\/en\/wp-json\/wp\/v2\/pages"}],"about":[{"href":"https:\/\/eliteextermination.com\/en\/wp-json\/wp\/v2\/types\/page"}],"author":[{"embeddable":true,"href":"https:\/\/eliteextermination.com\/en\/wp-json\/wp\/v2\/users\/1"}],"replies":[{"embeddable":true,"href":"https:\/\/eliteextermination.com\/en\/wp-json\/wp\/v2\/comments?post=1696"}],"version-history":[{"count":18,"href":"https:\/\/eliteextermination.com\/en\/wp-json\/wp\/v2\/pages\/1696\/revisions"}],"predecessor-version":[{"id":6392,"href":"https:\/\/eliteextermination.com\/en\/wp-json\/wp\/v2\/pages\/1696\/revisions\/6392"}],"wp:attachment":[{"href":"https:\/\/eliteextermination.com\/en\/wp-json\/wp\/v2\/media?parent=1696"}],"curies":[{"name":"wp","href":"https:\/\/api.w.org\/{rel}","templated":true}]}}