{"id":1701,"date":"2017-09-28T17:41:18","date_gmt":"2017-09-28T17:41:18","guid":{"rendered":"https:\/\/eliteextermination.com\/?page_id=1701\/"},"modified":"2025-02-05T11:04:13","modified_gmt":"2025-02-05T16:04:13","slug":"pest-control-experts","status":"publish","type":"page","link":"https:\/\/eliteextermination.com\/en\/pest-control-experts\/","title":{"rendered":"ABOUT"},"content":{"rendered":"<div class=\"wpb-content-wrapper\">[vc_row fullwidth=&#8221;true&#8221; el_class=&#8221;BackGroundImageScale white&#8221; css=&#8221;.vc_custom_1637769542317{background-image: url(https:\/\/eliteextermination.com\/wp-content\/uploads\/2021\/11\/equipe-elite-gestion-parasitaire-1-scaled.jpg?id=3974) !important;}&#8221; id=&#8221;bgPos&#8221;][vc_column][vc_column_text align=&#8221;center&#8221; el_class=&#8221;Service_Title&#8221;]\n<h1>ABOUT<\/h1>\n<p><a href=\"\/en\/contact-us\/\"><button class=\"Button_Style_Blue Button_Centered\" type=\"button\">CONTACT US<\/button><\/a>[\/vc_column_text][\/vc_column][\/vc_row][vc_row fullwidth=&#8221;true&#8221;][vc_column][vc_column_text align=&#8221;center&#8221; el_class=&#8221;Title_Text Centered_Text MainTitle_Margin&#8221;]\n<h2>Who are we?<\/h2>\n[\/vc_column_text][vc_column_text align=&#8221;center&#8221; el_class=&#8221;Title_Paragraph_Text Centered_Text&#8221; css=&#8221;.vc_custom_1738771451216{margin-bottom: 0px !important;}&#8221;]Elite Extermination has been helping customers deal with pest infestations for nearly 10 years. Mr. Pascal Rock, our founder, was trained by expert bug exterminators and pest control consultants with 25 to 30 years of experience in\u00a0exterminating\u00a0rodents and insects and\u00a0<a href=\"https:\/\/eliteextermination.com\/en\/pest-decontamination\/\">decontaminating<\/a>\u00a0buildings. We are unique among pest control companies in Quebec for our pest-cleanup and sanitizing service.<\/p>\n<p>At the core of the Elite Extermination team are Mr. Roch and six pest control technicians, to whom he has passed on the best tricks of the trade. Our highly trained team helps residents, merchants and institutional staff get rid of unwanted vermin and bugs in\u00a0<a href=\"https:\/\/eliteextermination.com\/en\/extermination-montreal\/\">Montreal<\/a>,\u00a0<a href=\"https:\/\/eliteextermination.com\/en\/extermination-laval\/\">Laval<\/a>,\u00a0<a href=\"https:\/\/eliteextermination.com\/en\/extermination-repentigny\/\">Repentigny<\/a>,\u00a0<a href=\"https:\/\/eliteextermination.com\/en\/extermination-st-jerome\/\">St-J\u00e9r\u00f4me<\/a>,\u00a0<a href=\"https:\/\/eliteextermination.com\/en\/extermination-trois-rivieres\/\">Trois-Rivi\u00e8res<\/a>, <a href=\"https:\/\/eliteextermination.com\/en\/extermination-longueuil\/\">Longueuil<\/a>\u00a0and\u00a0Quebec. We are available for our customers\u00a0<a href=\"https:\/\/eliteextermination.com\/en\/emergency-24-7\/\">24 hours a day, seven days a week<\/a>.[\/vc_column_text][vc_empty_space height=&#8221;96px&#8221;][\/vc_column][\/vc_row][vc_row fullwidth=&#8221;true&#8221; equal_columns=&#8221;true&#8221;][vc_column width=&#8221;1\/2&#8243; css=&#8221;.vc_custom_1499957445598{background-image: url(https:\/\/eliteextermination.com\/wp-content\/uploads\/2017\/06\/background-etape1.jpg?id=349) !important;}&#8221; el_class=&#8221;BackGroundImageScale Service_Text_Margin Service_Col_Padding&#8221;][vc_column_text el_class=&#8221;Title_Text White_Text&#8221;]\n<h3><b>Our mission<\/b><\/h3>\n[\/vc_column_text][vc_empty_space][vc_column_text el_class=&#8221;SubTitle_Paragraph_Text White_Text&#8221; css=&#8221;.vc_custom_1736865103821{margin-bottom: 0px !important;}&#8221;]\n<div>\n<p>We provide full\u00a0<a href=\"https:\/\/eliteextermination.com\/en\/insects-pests\/\">insect<\/a>\u00a0and\u00a0animal\u00a0extermination and microbial decontamination services, using environmentally responsible products that are safe for the health of the occupants. We ensure our customers are satisfied in the long term by offering an entry-point\u00a0<a href=\"https:\/\/eliteextermination.com\/en\/rodent-proof-caulking\/\">sealing<\/a>\u00a0service and by counselling them on how to\u00a0<a href=\"https:\/\/eliteextermination.com\/en\/pest-prevention\/\">prevent re-infestation<\/a>.<\/p>\n<\/div>\n[\/vc_column_text][vc_empty_space][vc_column_text el_class=&#8221;Title_Text White_Text&#8221;]\n<h3><b>Our vision<\/b><\/h3>\n[\/vc_column_text][vc_column_text el_class=&#8221;SubTitle_Paragraph_Text White_Text&#8221;]We aim to become the top authority among pest control companies in the towns and cities where we offer our services. Our goal is to continue expanding in Quebec City and develop in the Ottawa region by 2019.[\/vc_column_text][\/vc_column][vc_column width=&#8221;1\/2&#8243; css=&#8221;.vc_custom_1499957452142{background-color: #151a2f !important;}&#8221; el_class=&#8221;Service_Text_Margin Service_Col_Padding&#8221;][vc_empty_space][vc_column_text el_class=&#8221;White_Text&#8221;]\n<h3>Our values<\/h3>\n<div class=\"SubTitle_Paragraph_Text\">A personable approach<br \/>\nDiscretion<br \/>\nTransparence and integrity<br \/>\nQuality service<br \/>\nEnvironmental awareness<br \/>\nGuaranteed effectiveness<\/div>\n[\/vc_column_text][\/vc_column][\/vc_row][vc_row fullwidth=&#8221;true&#8221; equal_columns=&#8221;true&#8221; el_class=&#8221;BackGroundImageScale bgperso&#8221; css=&#8221;.vc_custom_1507041432534{background-image: url(https:\/\/eliteextermination.com\/wp-content\/uploads\/2017\/09\/bg-femme1.jpg?id=2155) !important;}&#8221;][vc_column width=&#8221;1\/2&#8243; el_class=&#8221;Service_Text_Margin Service_Col_Padding&#8221;][vc_column_text el_class=&#8221;Title_Text&#8221;]\n<h2><b>Our certifications and permits<\/b><\/h2>\n[\/vc_column_text][vc_empty_space][vc_column_text el_class=&#8221;SubTitle_Paragraph_Text&#8221;]Because we are committed to following the laws and regulations that guide the industry, we are a member of the Association Qu\u00e9b\u00e9coise de la Gestion Parasitaire. We also ensure the best service by prioritizing the training and skills development of all our employees. Each of our technicians has obtained a pesticide management certificate from Quebec\u2019s Ministry of Sustainable Development, Environment, and Action against Climate Change.<\/p>\n<p>We also hold the following permits and certifications:<\/p>\n<ul>\n<li>Microbial remediation (we can give you a certificate for your insurance)<\/li>\n<li>Odour control<\/li>\n<li>Fumigation<\/li>\n<li>Building sealing permit from Quebec\u2019s R\u00e9gie du b\u00e2timent<\/li>\n<li>Liability insurance<\/li>\n<\/ul>\n[\/vc_column_text][\/vc_column][vc_column width=&#8221;1\/2&#8243;][\/vc_column][\/vc_row][vc_row fullwidth=&#8221;true&#8221; css=&#8221;.vc_custom_1506708247114{padding-top: 30px !important;}&#8221; el_class=&#8221;bg-blue logos&#8221;][vc_column width=&#8221;1\/4&#8243;][mk_image src=&#8221;https:\/\/eliteextermination.com\/wp-content\/uploads\/2017\/06\/logo_rsa-2-44.png&#8221; image_size=&#8221;full&#8221; link=&#8221;http:\/\/www.mddelcc.gouv.qc.ca\/index_en.asp&#8221; target=&#8221;_blank&#8221; title=&#8221;Certificated microbial decontamination&#8221; caption_location=&#8221;outside-image&#8221; align=&#8221;center&#8221;][\/vc_column][vc_column width=&#8221;1\/4&#8243;][mk_image src=&#8221;https:\/\/eliteextermination.com\/wp-content\/uploads\/2017\/06\/logo_npma-244.png&#8221; image_size=&#8221;full&#8221; link=&#8221;http:\/\/www.npmapestworld.org\/&#8221; target=&#8221;_blank&#8221; title=&#8221;Member of the National Pest Management Assocation&#8221; caption_location=&#8221;outside-image&#8221; align=&#8221;center&#8221;][\/vc_column][vc_column width=&#8221;1\/4&#8243;][mk_image src=&#8221;https:\/\/eliteextermination.com\/wp-content\/uploads\/2017\/06\/logoapq-244-2.png&#8221; image_size=&#8221;full&#8221; link=&#8221;http:\/\/en.apq.org\/&#8221; target=&#8221;_blank&#8221; title=&#8221;Member of The Association des propri\u00e9taires du Qu\u00e9bec (APQ)&#8221; caption_location=&#8221;outside-image&#8221; align=&#8221;center&#8221;][\/vc_column][vc_column width=&#8221;1\/4&#8243;][mk_image src=&#8221;https:\/\/eliteextermination.com\/wp-content\/uploads\/2017\/06\/logoapq-244-1.png&#8221; image_size=&#8221;full&#8221; link=&#8221;http:\/\/pestworldcanada.net\/&#8221; target=&#8221;_blank&#8221; title=&#8221;Member of The Pest Control Association (AQGP)&#8221; caption_location=&#8221;outside-image&#8221; align=&#8221;center&#8221;][\/vc_column][\/vc_row][vc_row fullwidth=&#8221;true&#8221; css=&#8221;.vc_custom_1581523302889{padding-bottom: 30px !important;}&#8221; el_class=&#8221;bg-blue logos&#8221;][vc_column width=&#8221;1\/4&#8243;][mk_image src=&#8221;https:\/\/eliteextermination.com\/wp-content\/uploads\/2017\/07\/logo_rbq.png&#8221; image_size=&#8221;full&#8221; link=&#8221;https:\/\/www.rbq.gouv.qc.ca\/en.html&#8221; target=&#8221;_blank&#8221; title=&#8221;R.B.Q license : 5730-4107-01&#8243; caption_location=&#8221;outside-image&#8221; align=&#8221;center&#8221;][\/vc_column][vc_column width=&#8221;1\/4&#8243;][mk_image src=&#8221;https:\/\/eliteextermination.com\/wp-content\/uploads\/2017\/06\/logo_aviva-244-2.png&#8221; image_size=&#8221;full&#8221; title=&#8221;Full Insurance of 5 000 000$&#8221; caption_location=&#8221;outside-image&#8221; align=&#8221;center&#8221;][\/vc_column][vc_column width=&#8221;1\/4&#8243;][mk_image src=&#8221;https:\/\/eliteextermination.com\/wp-content\/uploads\/2017\/07\/logo_environnement2.png&#8221; image_size=&#8221;full&#8221; link=&#8221;http:\/\/www.mddelcc.gouv.qc.ca\/index_en.asp&#8221; target=&#8221;_blank&#8221; title=&#8221;Company certified by the Qu\u00e9bec Department of the Environment&#8221; caption_location=&#8221;outside-image&#8221; align=&#8221;center&#8221;][\/vc_column][vc_column width=&#8221;1\/4&#8243;][mk_image src=&#8221;https:\/\/eliteextermination.com\/wp-content\/uploads\/2017\/06\/logo_santecanada-244.png&#8221; image_size=&#8221;full&#8221; link=&#8221;http:\/\/www.hc-sc.gc.ca\/index-eng.php&#8221; target=&#8221;_blank&#8221; title=&#8221;Products approved by Health Canada&#8221; caption_location=&#8221;outside-image&#8221; align=&#8221;center&#8221;][\/vc_column][\/vc_row][vc_row fullwidth=&#8221;true&#8221; css=&#8221;.vc_custom_1506608002686{background-color: #151a2f !important;}&#8221;][vc_column][vc_row_inner][vc_column_inner][vc_empty_space height=&#8221;50px&#8221;][vc_column_text align=&#8221;center&#8221; el_class=&#8221;SubTitle_Text White_Text&#8221;]\n<h2>OUR ELITES<\/h2>\n[\/vc_column_text][vc_empty_space height=&#8221;30px&#8221;][\/vc_column_inner][\/vc_row_inner][vc_row_inner is_fullwidth_content=&#8221;false&#8221;][vc_column_inner width=&#8221;1\/4&#8243;][vc_single_image image=&#8221;3960&#8243; img_size=&#8221;full&#8221; alignment=&#8221;center&#8221; el_class=&#8221;No_Margin&#8221;][vc_column_text align=&#8221;center&#8221; el_class=&#8221;Equipe_Nom White_Text&#8221;]\n<div>PASCAL<\/div>\n[\/vc_column_text][vc_column_text align=&#8221;center&#8221; el_class=&#8221;SubTitle_Paragraph_Text White_Text SmallBottomPadding&#8221;]\n<div>Technician and founder<\/div>\n[\/vc_column_text][\/vc_column_inner][vc_column_inner width=&#8221;1\/4&#8243;][vc_single_image image=&#8221;3962&#8243; img_size=&#8221;full&#8221; alignment=&#8221;center&#8221; el_class=&#8221;No_Margin&#8221;][vc_column_text align=&#8221;center&#8221; el_class=&#8221;Equipe_Nom White_Text&#8221;]\n<div>ALAIN<\/div>\n[\/vc_column_text][vc_column_text align=&#8221;center&#8221; el_class=&#8221;SubTitle_Paragraph_Text White_Text SmallBottomPadding&#8221;]\n<div>Manager Technician<\/div>\n[\/vc_column_text][\/vc_column_inner][vc_column_inner width=&#8221;1\/4&#8243;][vc_single_image image=&#8221;3958&#8243; img_size=&#8221;full&#8221; alignment=&#8221;center&#8221; el_class=&#8221;No_Margin&#8221;][vc_column_text align=&#8221;center&#8221; el_class=&#8221;Equipe_Nom White_Text&#8221;]\n<div>\u00c9RIC<\/div>\n[\/vc_column_text][vc_column_text align=&#8221;center&#8221; el_class=&#8221;SubTitle_Paragraph_Text White_Text SmallBottomPadding&#8221;]\n<div>Manager Technician<\/div>\n[\/vc_column_text][\/vc_column_inner][vc_column_inner width=&#8221;1\/4&#8243;][vc_single_image image=&#8221;3964&#8243; img_size=&#8221;full&#8221; alignment=&#8221;center&#8221; el_class=&#8221;No_Margin&#8221;][vc_column_text align=&#8221;center&#8221; el_class=&#8221;Equipe_Nom White_Text&#8221; css=&#8221;.vc_custom_1637769881086{margin-bottom: 0px !important;}&#8221;]DANIELLE[\/vc_column_text][vc_column_text align=&#8221;center&#8221; el_class=&#8221;SubTitle_Paragraph_Text White_Text SmallBottomPadding&#8221; css=&#8221;.vc_custom_1637770174873{margin-bottom: 0px !important;}&#8221;]\n<div>Technician<\/div>\n[\/vc_column_text][\/vc_column_inner][\/vc_row_inner][vc_row_inner is_fullwidth_content=&#8221;false&#8221;][vc_column_inner width=&#8221;1\/4&#8243;][vc_single_image image=&#8221;3954&#8243; img_size=&#8221;full&#8221; alignment=&#8221;center&#8221; el_class=&#8221;No_Margin&#8221;][vc_column_text align=&#8221;center&#8221; el_class=&#8221;Equipe_Nom White_Text&#8221;]\n<div>ISABELLE<\/div>\n[\/vc_column_text][vc_column_text align=&#8221;center&#8221; el_class=&#8221;SubTitle_Paragraph_Text White_Text SmallBottomPadding&#8221;]\n<div>Technician and customer service<\/div>\n[\/vc_column_text][\/vc_column_inner][vc_column_inner width=&#8221;1\/4&#8243;][vc_single_image image=&#8221;3952&#8243; img_size=&#8221;full&#8221; alignment=&#8221;center&#8221; el_class=&#8221;No_Margin&#8221;][vc_column_text align=&#8221;center&#8221; el_class=&#8221;Equipe_Nom White_Text&#8221; css=&#8221;.vc_custom_1637769973994{margin-bottom: 0px !important;}&#8221;]\n<div>SAMUEL<\/div>\n[\/vc_column_text][vc_column_text align=&#8221;center&#8221; el_class=&#8221;SubTitle_Paragraph_Text White_Text SmallBottomPadding&#8221; css=&#8221;.vc_custom_1637769993667{margin-bottom: 0px !important;}&#8221;]Technician\u00a0 in microbial decontamination[\/vc_column_text][\/vc_column_inner][vc_column_inner width=&#8221;1\/4&#8243;][vc_single_image image=&#8221;3956&#8243; img_size=&#8221;full&#8221; alignment=&#8221;center&#8221; el_class=&#8221;No_Margin&#8221;][vc_column_text align=&#8221;center&#8221; el_class=&#8221;Equipe_Nom White_Text&#8221; css=&#8221;.vc_custom_1637770021770{margin-bottom: 0px !important;}&#8221;]\n<div>SONIA<\/div>\n[\/vc_column_text][vc_column_text align=&#8221;center&#8221; el_class=&#8221;SubTitle_Paragraph_Text White_Text SmallBottomPadding&#8221; css=&#8221;.vc_custom_1637769986874{margin-bottom: 0px !important;}&#8221;]\n<div>Technician\u00a0 in microbial decontamination<\/div>\n[\/vc_column_text][\/vc_column_inner][vc_column_inner width=&#8221;1\/4&#8243;][\/vc_column_inner][\/vc_row_inner][vc_empty_space height=&#8221;50px&#8221;][\/vc_column][\/vc_row]\n<\/div>","protected":false},"excerpt":{"rendered":"<p>[vc_row fullwidth=&#8221;true&#8221; el_class=&#8221;BackGroundImageScale white&#8221; css=&#8221;.vc_custom_1637769542317{background-image: url(https:\/\/eliteextermination.com\/wp-content\/uploads\/2021\/11\/equipe-elite-gestion-parasitaire-1-scaled.jpg?id=3974) !important;}&#8221; id=&#8221;bgPos&#8221;][vc_column][vc_column_text align=&#8221;center&#8221; el_class=&#8221;Service_Title&#8221;] ABOUT CONTACT US[\/vc_column_text][\/vc_column][\/vc_row][vc_row fullwidth=&#8221;true&#8221;][vc_column][vc_column_text align=&#8221;center&#8221; el_class=&#8221;Title_Text Centered_Text MainTitle_Margin&#8221;] Who are we? [\/vc_column_text][vc_column_text align=&#8221;center&#8221; el_class=&#8221;Title_Paragraph_Text Centered_Text&#8221; css=&#8221;.vc_custom_1738771451216{margin-bottom: 0px !important;}&#8221;]Elite Extermination has been helping customers deal with pest infestations for nearly 10 years. Mr. Pascal Rock, our founder, was trained by expert bug exterminators and pest control [&hellip;]<\/p>\n","protected":false},"author":1,"featured_media":0,"parent":0,"menu_order":0,"comment_status":"open","ping_status":"closed","template":"","meta":{"_acf_changed":false,"yasr_overall_rating":0,"yasr_post_is_review":"","yasr_auto_insert_disabled":"","yasr_review_type":"","footnotes":""},"categories":[],"tags":[],"class_list":["post-1701","page","type-page","status-publish","hentry"],"acf":[],"yoast_head":"<!-- This site is optimized with the Yoast SEO plugin v26.9 - https:\/\/yoast.com\/product\/yoast-seo-wordpress\/ -->\n<title>Professional Exterminator | Elite Pest Control Expert Extermination<\/title>\n<meta name=\"description\" content=\"Trust Elite Pest Control, the professional exterminator with over 10 years of experience! Easily find expert extermination services anywhere in Quebec!\" \/>\n<meta name=\"robots\" content=\"index, follow, max-snippet:-1, max-image-preview:large, max-video-preview:-1\" \/>\n<link rel=\"canonical\" href=\"https:\/\/eliteextermination.com\/en\/pest-control-experts\/\" \/>\n<meta property=\"og:locale\" content=\"en_US\" \/>\n<meta property=\"og:type\" content=\"article\" \/>\n<meta property=\"og:title\" content=\"Professional Exterminator | Elite Pest Control Expert Extermination\" \/>\n<meta property=\"og:description\" content=\"Trust Elite Pest Control, the professional exterminator with over 10 years of experience! Easily find expert extermination services anywhere in Quebec!\" \/>\n<meta property=\"og:url\" content=\"https:\/\/eliteextermination.com\/en\/pest-control-experts\/\" \/>\n<meta property=\"og:site_name\" content=\"\u00c9lite Extermination\" \/>\n<meta property=\"article:modified_time\" content=\"2025-02-05T16:04:13+00:00\" \/>\n<meta name=\"twitter:card\" content=\"summary_large_image\" \/>\n<meta name=\"twitter:label1\" content=\"Est. reading time\" \/>\n\t<meta name=\"twitter:data1\" content=\"4 minutes\" \/>\n<!-- \/ Yoast SEO plugin. -->","yoast_head_json":{"title":"Professional Exterminator | Elite Pest Control Expert Extermination","description":"Trust Elite Pest Control, the professional exterminator with over 10 years of experience! Easily find expert extermination services anywhere in Quebec!","robots":{"index":"index","follow":"follow","max-snippet":"max-snippet:-1","max-image-preview":"max-image-preview:large","max-video-preview":"max-video-preview:-1"},"canonical":"https:\/\/eliteextermination.com\/en\/pest-control-experts\/","og_locale":"en_US","og_type":"article","og_title":"Professional Exterminator | Elite Pest Control Expert Extermination","og_description":"Trust Elite Pest Control, the professional exterminator with over 10 years of experience! Easily find expert extermination services anywhere in Quebec!","og_url":"https:\/\/eliteextermination.com\/en\/pest-control-experts\/","og_site_name":"\u00c9lite Extermination","article_modified_time":"2025-02-05T16:04:13+00:00","twitter_card":"summary_large_image","twitter_misc":{"Est. reading time":"4 minutes"},"schema":{"@context":"https:\/\/schema.org","@graph":[{"@type":"WebPage","@id":"https:\/\/eliteextermination.com\/en\/pest-control-experts\/","url":"https:\/\/eliteextermination.com\/en\/pest-control-experts\/","name":"Professional Exterminator | Elite Pest Control Expert Extermination","isPartOf":{"@id":"https:\/\/eliteextermination.com\/en\/#website"},"datePublished":"2017-09-28T17:41:18+00:00","dateModified":"2025-02-05T16:04:13+00:00","description":"Trust Elite Pest Control, the professional exterminator with over 10 years of experience! Easily find expert extermination services anywhere in Quebec!","breadcrumb":{"@id":"https:\/\/eliteextermination.com\/en\/pest-control-experts\/#breadcrumb"},"inLanguage":"en-CA","potentialAction":[{"@type":"ReadAction","target":["https:\/\/eliteextermination.com\/en\/pest-control-experts\/"]}]},{"@type":"BreadcrumbList","@id":"https:\/\/eliteextermination.com\/en\/pest-control-experts\/#breadcrumb","itemListElement":[{"@type":"ListItem","position":1,"name":"Home","item":"https:\/\/eliteextermination.com\/en\/"},{"@type":"ListItem","position":2,"name":"ABOUT"}]},{"@type":"WebSite","@id":"https:\/\/eliteextermination.com\/en\/#website","url":"https:\/\/eliteextermination.com\/en\/","name":"\u00c9lite Extermination","description":"Pest Control Experts in Montreal, Laval, St-J\u00e9r\u00f4me, Repentigny, Trois-Rivi\u00e8res, Gatineau, South Shore","potentialAction":[{"@type":"SearchAction","target":{"@type":"EntryPoint","urlTemplate":"https:\/\/eliteextermination.com\/en\/?s={search_term_string}"},"query-input":{"@type":"PropertyValueSpecification","valueRequired":true,"valueName":"search_term_string"}}],"inLanguage":"en-CA"},false]}},"yasr_visitor_votes":{"stars_attributes":{"read_only":false,"span_bottom":false},"number_of_votes":1,"sum_votes":5},"_links":{"self":[{"href":"https:\/\/eliteextermination.com\/en\/wp-json\/wp\/v2\/pages\/1701","targetHints":{"allow":["GET"]}}],"collection":[{"href":"https:\/\/eliteextermination.com\/en\/wp-json\/wp\/v2\/pages"}],"about":[{"href":"https:\/\/eliteextermination.com\/en\/wp-json\/wp\/v2\/types\/page"}],"author":[{"embeddable":true,"href":"https:\/\/eliteextermination.com\/en\/wp-json\/wp\/v2\/users\/1"}],"replies":[{"embeddable":true,"href":"https:\/\/eliteextermination.com\/en\/wp-json\/wp\/v2\/comments?post=1701"}],"version-history":[{"count":33,"href":"https:\/\/eliteextermination.com\/en\/wp-json\/wp\/v2\/pages\/1701\/revisions"}],"predecessor-version":[{"id":6393,"href":"https:\/\/eliteextermination.com\/en\/wp-json\/wp\/v2\/pages\/1701\/revisions\/6393"}],"wp:attachment":[{"href":"https:\/\/eliteextermination.com\/en\/wp-json\/wp\/v2\/media?parent=1701"}],"wp:term":[{"taxonomy":"category","embeddable":true,"href":"https:\/\/eliteextermination.com\/en\/wp-json\/wp\/v2\/categories?post=1701"},{"taxonomy":"post_tag","embeddable":true,"href":"https:\/\/eliteextermination.com\/en\/wp-json\/wp\/v2\/tags?post=1701"}],"curies":[{"name":"wp","href":"https:\/\/api.w.org\/{rel}","templated":true}]}}