{"id":1725,"date":"2017-09-28T19:39:13","date_gmt":"2017-09-28T19:39:13","guid":{"rendered":"https:\/\/eliteextermination.com\/?page_id=1725\/"},"modified":"2025-01-14T11:00:18","modified_gmt":"2025-01-14T16:00:18","slug":"contact-us","status":"publish","type":"page","link":"https:\/\/eliteextermination.com\/en\/contact-us\/","title":{"rendered":"Contact us"},"content":{"rendered":"<div class=\"wpb-content-wrapper\">[vc_row fullwidth=&#8221;true&#8221; css=&#8221;.vc_custom_1640018961592{background-image: url(https:\/\/eliteextermination.com\/wp-content\/uploads\/2021\/12\/service-client-1.jpg?id=4105) !important;}&#8221; el_class=&#8221;BackGroundImageScale&#8221; id=&#8221;bgPos&#8221;][vc_column][vc_column_text align=&#8221;center&#8221; el_class=&#8221;White_Text Service_Title&#8221; css=&#8221;.vc_custom_1713366813063{margin-bottom: 0px !important;}&#8221;]<span class=\"Service_HugeText\">CONTACT US<br \/>\n<\/span>[\/vc_column_text][\/vc_column][\/vc_row][vc_row fullwidth=&#8221;true&#8221;][vc_column][vc_column_text align=&#8221;center&#8221; el_class=&#8221;Title_Text Centered_Text MainTitle_Margin&#8221; css=&#8221;.vc_custom_1713367131046{margin-bottom: 0px !important;}&#8221;]\n<h1>Pest control free quote 24\/7<\/h1>\n[\/vc_column_text][vc_column_text align=&#8221;center&#8221; el_class=&#8221;Title_Paragraph_Text Centered_Text&#8221;]\n<div>\n<p>The Elite Extermination team includes six qualified pest control technicians who are available at many locations throughout Quebec. Our exterminators offer you personable and effective service in getting rid of mice, bats, raccoons, ants, spiders and other vermin that can infest your home or commercial property.<\/p>\n<\/div>\n[\/vc_column_text][vc_empty_space height=&#8221;80px&#8221;][\/vc_column][\/vc_row][vc_row fullwidth=&#8221;true&#8221; equal_columns=&#8221;true&#8221;][vc_column width=&#8221;1\/2&#8243; css=&#8221;.vc_custom_1499454824840{background-color: #151a2f !important;}&#8221; el_class=&#8221;Contact_Text_Margin&#8221;][vc_empty_space height=&#8221;100px&#8221;][vc_column_text el_class=&#8221;Contact_SubTitle White_Text&#8221; css=&#8221;.vc_custom_1713367119783{margin-bottom: 0px !important;}&#8221;]\n<h2>Our Greater Montreal exterminators give you free quotes<\/h2>\n[\/vc_column_text][vc_empty_space][vc_column_text el_class=&#8221;SubTitle_Paragraph_Text White_Text&#8221;]\n<div>\n<p>For a free estimate, fill out the contact form below, or call us at the number listed for your city, and a technician will be happy to inspect your home or business. Upon receipt of the form, we will contact you to confirm the date and time of your appointment.<\/p>\n<\/div>\n[\/vc_column_text][vc_empty_space][vc_column_text el_class=&#8221;SubTitle_Paragraph_Text White_Text&#8221;]\n<div><b>Toll-free : <a href=\"tel:5147918385\">514 791-8385<\/a><\/b><\/div>\n[\/vc_column_text][vc_empty_space height=&#8221;100px&#8221;][\/vc_column][vc_column width=&#8221;1\/2&#8243; css=&#8221;.vc_custom_1499451697252{background-color: #e4e3e3 !important;}&#8221;]\n<div class=\"wpcf7 no-js\" id=\"wpcf7-f1751-o1\" lang=\"fr-FR\" dir=\"ltr\" data-wpcf7-id=\"1751\">\n<div class=\"screen-reader-response\"><p role=\"status\" aria-live=\"polite\" aria-atomic=\"true\"><\/p> <ul><\/ul><\/div>\n<form action=\"\/en\/wp-json\/wp\/v2\/pages\/1725#wpcf7-f1751-o1\" method=\"post\" class=\"wpcf7-form init\" aria-label=\"Formulaire de contact\" novalidate=\"novalidate\" data-status=\"init\">\n<fieldset class=\"hidden-fields-container\"><input type=\"hidden\" name=\"_wpcf7\" value=\"1751\" \/><input type=\"hidden\" name=\"_wpcf7_version\" value=\"6.1.4\" \/><input type=\"hidden\" name=\"_wpcf7_locale\" value=\"fr_FR\" \/><input type=\"hidden\" name=\"_wpcf7_unit_tag\" value=\"wpcf7-f1751-o1\" \/><input type=\"hidden\" name=\"_wpcf7_container_post\" value=\"0\" \/><input type=\"hidden\" name=\"_wpcf7_posted_data_hash\" value=\"\" \/><input type=\"hidden\" name=\"_wpcf7_recaptcha_response\" value=\"\" \/>\n<\/fieldset>\n<div class=\"ContactPageForm\">\n\t<p><span class=\"DemandeList\"><br \/>\n<span class=\"wpcf7-form-control-wrap\" data-name=\"typedemande\"><select class=\"wpcf7-form-control wpcf7-select wpcf7-validates-as-required\" aria-required=\"true\" aria-invalid=\"false\" name=\"typedemande\"><option value=\"\">TYPE OF REQUEST*<\/option><option value=\"Questions or comments\">Questions or comments<\/option><option value=\"Free estimate\">Free estimate<\/option><option value=\"Emergency\">Emergency<\/option><\/select><\/span><\/span>\n\t<\/p>\n\t<p><span class=\"wpcf7-form-control-wrap\" data-name=\"nom\"><input size=\"25\" maxlength=\"400\" class=\"wpcf7-form-control wpcf7-text wpcf7-validates-as-required\" aria-required=\"true\" aria-invalid=\"false\" placeholder=\"Last name*\" value=\"\" type=\"text\" name=\"nom\" \/><\/span><span class=\"wpcf7-form-control-wrap\" data-name=\"prenom\"><input size=\"25\" maxlength=\"400\" class=\"wpcf7-form-control wpcf7-text wpcf7-validates-as-required\" aria-required=\"true\" aria-invalid=\"false\" placeholder=\"first name*\" value=\"\" type=\"text\" name=\"prenom\" \/><\/span>\n\t<\/p>\n\t<p><span class=\"wpcf7-form-control-wrap\" data-name=\"email\"><input size=\"25\" maxlength=\"400\" class=\"wpcf7-form-control wpcf7-email wpcf7-validates-as-required wpcf7-text wpcf7-validates-as-email\" aria-required=\"true\" aria-invalid=\"false\" placeholder=\"E-mail*\" value=\"\" type=\"email\" name=\"email\" \/><\/span><span class=\"wpcf7-form-control-wrap\" data-name=\"telephone\"><input size=\"25\" maxlength=\"400\" class=\"wpcf7-form-control wpcf7-tel wpcf7-validates-as-required wpcf7-text wpcf7-validates-as-tel\" aria-required=\"true\" aria-invalid=\"false\" placeholder=\"Phone number*\" value=\"\" type=\"tel\" name=\"telephone\" \/><\/span>\n\t<\/p>\n\t<p><span id=\"wpcf7-69e47fc04e6cc-wrapper\" class=\"wpcf7-form-control-wrap field-wrap\" style=\"display:none !important; visibility:hidden !important;\"><label for=\"wpcf7-69e47fc04e6cc-field\" class=\"hp-message\">Veuillez laisser ce champ vide.<\/label><input id=\"wpcf7-69e47fc04e6cc-field\"  class=\"wpcf7-form-control wpcf7-text\" type=\"text\" name=\"field\" value=\"\" size=\"40\" tabindex=\"-1\" autocomplete=\"new-password\" \/><\/span><br \/>\n<span class=\"wpcf7-form-control-wrap\" data-name=\"message\"><textarea cols=\"59\" rows=\"10\" maxlength=\"2000\" class=\"wpcf7-form-control wpcf7-textarea wpcf7-validates-as-required\" aria-required=\"true\" aria-invalid=\"false\" placeholder=\"Message*\" name=\"message\"><\/textarea><\/span><br \/>\n\t<div class=\"wpcf7-response-output\" aria-hidden=\"true\"><\/div><br \/>\n\t<input class=\"wpcf7-form-control wpcf7-submit has-spinner Button_Style_Blue\" type=\"submit\" value=\"SEND\" \/>\n\t<\/p>\n<\/div>\n<p><script>\ndocument.addEventListener( 'wpcf7mailsent', function( event ) {\n location = 'https:\/\/eliteextermination.com\/en\/thank-you\/';\n}, false );\n<\/script>\n<\/p><input type='hidden' class='wpcf7-pum' value='{\"closepopup\":false,\"closedelay\":0,\"openpopup\":false,\"openpopup_id\":0}' \/>\n<\/form>\n<\/div>\n[\/vc_column][\/vc_row][vc_row fullwidth=&#8221;true&#8221; equal_columns=&#8221;true&#8221; css=&#8221;.vc_custom_1715611664990{background-image: url(https:\/\/eliteextermination.com\/wp-content\/uploads\/2021\/11\/joindre-elite-gestion-parasitaire-1-scaled.jpg?id=4072) !important;}&#8221; el_class=&#8221;BackGroundImageScale bg-olay&#8221; id=&#8221;bgPos50&#8243;][vc_column width=&#8221;1\/2&#8243;][vc_empty_space height=&#8221;96px&#8221;][vc_column_text el_class=&#8221;White_Text Contact_Bigger_Paragraph&#8221;]\n<div>\n<p>From the North Shore to the South Shore, and from Trois-Rivi\u00e8res to Gatineau, our technicians will help you solve your pest problems once and for all. And if you have an <a href=\"https:\/\/eliteextermination.com\/en\/emergency-24-7\/\">emergency situation<\/a>, we are available <strong>seven days a week, 24 hours a day<\/strong>.<\/p>\n<\/div>\n[\/vc_column_text][vc_empty_space height=&#8221;128px&#8221;][\/vc_column][vc_column width=&#8221;1\/2&#8243; el_class=&#8221;Contact_Text_Margin&#8221;][\/vc_column][\/vc_row][vc_row fullwidth=&#8221;true&#8221;][vc_column][vc_empty_space height=&#8221;64px&#8221;][vc_column_text align=&#8221;center&#8221; el_class=&#8221;Contact_SubTitle Centered_Text&#8221; css=&#8221;.vc_custom_1729018769414{margin-bottom: 0px !important;}&#8221;]\n<div><b>In addition to <a href=\"https:\/\/eliteextermination.com\/en\/pest-extermination\/\">extermination<\/a> services,<br \/>\nwe can also:<\/b><\/div>\n[\/vc_column_text][vc_empty_space height=&#8221;96px&#8221;][vc_row_inner is_fullwidth_content=&#8221;false&#8221;][vc_column_inner width=&#8221;1\/3&#8243;][vc_single_image image=&#8221;322&#8243; img_size=&#8221;60&#215;60&#8243; alignment=&#8221;center&#8221;][vc_column_text align=&#8221;center&#8221; el_class=&#8221;SubTitle_Paragraph_Text&#8221; css=&#8221;.vc_custom_1736870401799{margin-bottom: 0px !important;}&#8221;]<a href=\"https:\/\/eliteextermination.com\/en\/pest-decontamination\/\">Decontaminate<\/a><br \/>\ninfested areas[\/vc_column_text][vc_column_text css=&#8221;.vc_custom_1736870416897{margin-bottom: 0px !important;}&#8221;]<a href=\"https:\/\/eliteextermination.com\/en\/pest-decontamination\/\"><button class=\"Button_Style_Blue Button_Centered\" type=\"button\">MORE INFORMATION<\/button><\/a>[\/vc_column_text][\/vc_column_inner][vc_column_inner width=&#8221;1\/3&#8243;][vc_single_image image=&#8221;323&#8243; img_size=&#8221;60&#215;60&#8243; alignment=&#8221;center&#8221;][vc_column_text align=&#8221;center&#8221; el_class=&#8221;SubTitle_Paragraph_Text&#8221; css=&#8221;.vc_custom_1730232861241{margin-bottom: 0px !important;}&#8221;]<a href=\"https:\/\/eliteextermination.com\/en\/rodent-proof-caulking\/\">Insulate and seal<\/a> any openings in<br \/>\nthe building that allow vermin to enter[\/vc_column_text][vc_column_text css=&#8221;.vc_custom_1730232875082{margin-bottom: 0px !important;}&#8221;]<a href=\"https:\/\/eliteextermination.com\/en\/rodent-proof-caulking\/\"><button class=\"Button_Style_Blue Button_Centered\" type=\"button\">MORE INFORMATION<\/button><\/a>[\/vc_column_text][\/vc_column_inner][vc_column_inner width=&#8221;1\/3&#8243;][vc_single_image image=&#8221;324&#8243; img_size=&#8221;52&#215;60&#8243; alignment=&#8221;center&#8221;][vc_column_text align=&#8221;center&#8221; el_class=&#8221;SubTitle_Paragraph_Text&#8221; css=&#8221;.vc_custom_1736864950369{margin-bottom: 0px !important;}&#8221;]Take <a href=\"https:\/\/eliteextermination.com\/en\/pest-prevention\/\">preventive measures<\/a><br \/>\nto keep out vermin[\/vc_column_text][vc_column_text css=&#8221;.vc_custom_1736864968894{margin-bottom: 0px !important;}&#8221;]<a href=\"https:\/\/eliteextermination.com\/en\/pest-prevention\/\"><button class=\"Button_Style_Blue Button_Centered\" type=\"button\">MORE INFORMATION<\/button><\/a>[\/vc_column_text][\/vc_column_inner][\/vc_row_inner][vc_empty_space height=&#8221;100px&#8221;][\/vc_column][\/vc_row]\n<\/div>","protected":false},"excerpt":{"rendered":"<p>[vc_row fullwidth=&#8221;true&#8221; css=&#8221;.vc_custom_1640018961592{background-image: url(https:\/\/eliteextermination.com\/wp-content\/uploads\/2021\/12\/service-client-1.jpg?id=4105) !important;}&#8221; el_class=&#8221;BackGroundImageScale&#8221; id=&#8221;bgPos&#8221;][vc_column][vc_column_text align=&#8221;center&#8221; el_class=&#8221;White_Text Service_Title&#8221; css=&#8221;.vc_custom_1713366813063{margin-bottom: 0px !important;}&#8221;]CONTACT US [\/vc_column_text][\/vc_column][\/vc_row][vc_row fullwidth=&#8221;true&#8221;][vc_column][vc_column_text align=&#8221;center&#8221; el_class=&#8221;Title_Text Centered_Text MainTitle_Margin&#8221; css=&#8221;.vc_custom_1713367131046{margin-bottom: 0px !important;}&#8221;] Pest control free quote 24\/7 [\/vc_column_text][vc_column_text align=&#8221;center&#8221; el_class=&#8221;Title_Paragraph_Text Centered_Text&#8221;] The Elite Extermination team includes six qualified pest control technicians who are available at many locations throughout Quebec. Our exterminators offer you personable [&hellip;]<\/p>\n","protected":false},"author":1,"featured_media":0,"parent":0,"menu_order":0,"comment_status":"closed","ping_status":"closed","template":"","meta":{"_acf_changed":false,"yasr_overall_rating":0,"yasr_post_is_review":"","yasr_auto_insert_disabled":"","yasr_review_type":"","footnotes":""},"class_list":["post-1725","page","type-page","status-publish","hentry"],"acf":[],"yoast_head":"<!-- This site is optimized with the Yoast SEO plugin v26.9 - https:\/\/yoast.com\/product\/yoast-seo-wordpress\/ -->\n<title>Contact Us | Elite Pest Control: Expert Exterminators in Quebec<\/title>\n<meta name=\"description\" content=\"Contact Elite Pest Control, the trusted pest specialists in Quebec, to get a free quote for an extermination, decontamination or pest prevention service!\" \/>\n<meta name=\"robots\" content=\"index, follow, max-snippet:-1, max-image-preview:large, max-video-preview:-1\" \/>\n<link rel=\"canonical\" href=\"https:\/\/eliteextermination.com\/en\/contact-us\/\" \/>\n<meta property=\"og:locale\" content=\"en_US\" \/>\n<meta property=\"og:type\" content=\"article\" \/>\n<meta property=\"og:title\" content=\"Contact Us | Elite Pest Control: Expert Exterminators in Quebec\" \/>\n<meta property=\"og:description\" content=\"Contact Elite Pest Control, the trusted pest specialists in Quebec, to get a free quote for an extermination, decontamination or pest prevention service!\" \/>\n<meta property=\"og:url\" content=\"https:\/\/eliteextermination.com\/en\/contact-us\/\" \/>\n<meta property=\"og:site_name\" content=\"\u00c9lite Extermination\" \/>\n<meta property=\"article:modified_time\" content=\"2025-01-14T16:00:18+00:00\" \/>\n<meta name=\"twitter:card\" content=\"summary_large_image\" \/>\n<meta name=\"twitter:label1\" content=\"Est. reading time\" \/>\n\t<meta name=\"twitter:data1\" content=\"2 minutes\" \/>\n<!-- \/ Yoast SEO plugin. -->","yoast_head_json":{"title":"Contact Us | Elite Pest Control: Expert Exterminators in Quebec","description":"Contact Elite Pest Control, the trusted pest specialists in Quebec, to get a free quote for an extermination, decontamination or pest prevention service!","robots":{"index":"index","follow":"follow","max-snippet":"max-snippet:-1","max-image-preview":"max-image-preview:large","max-video-preview":"max-video-preview:-1"},"canonical":"https:\/\/eliteextermination.com\/en\/contact-us\/","og_locale":"en_US","og_type":"article","og_title":"Contact Us | Elite Pest Control: Expert Exterminators in Quebec","og_description":"Contact Elite Pest Control, the trusted pest specialists in Quebec, to get a free quote for an extermination, decontamination or pest prevention service!","og_url":"https:\/\/eliteextermination.com\/en\/contact-us\/","og_site_name":"\u00c9lite Extermination","article_modified_time":"2025-01-14T16:00:18+00:00","twitter_card":"summary_large_image","twitter_misc":{"Est. reading time":"2 minutes"},"schema":{"@context":"https:\/\/schema.org","@graph":[{"@type":"WebPage","@id":"https:\/\/eliteextermination.com\/en\/contact-us\/","url":"https:\/\/eliteextermination.com\/en\/contact-us\/","name":"Contact Us | Elite Pest Control: Expert Exterminators in Quebec","isPartOf":{"@id":"https:\/\/eliteextermination.com\/en\/#website"},"datePublished":"2017-09-28T19:39:13+00:00","dateModified":"2025-01-14T16:00:18+00:00","description":"Contact Elite Pest Control, the trusted pest specialists in Quebec, to get a free quote for an extermination, decontamination or pest prevention service!","breadcrumb":{"@id":"https:\/\/eliteextermination.com\/en\/contact-us\/#breadcrumb"},"inLanguage":"en-CA","potentialAction":[{"@type":"ReadAction","target":["https:\/\/eliteextermination.com\/en\/contact-us\/"]}]},{"@type":"BreadcrumbList","@id":"https:\/\/eliteextermination.com\/en\/contact-us\/#breadcrumb","itemListElement":[{"@type":"ListItem","position":1,"name":"Home","item":"https:\/\/eliteextermination.com\/en\/"},{"@type":"ListItem","position":2,"name":"Contact us"}]},{"@type":"WebSite","@id":"https:\/\/eliteextermination.com\/en\/#website","url":"https:\/\/eliteextermination.com\/en\/","name":"\u00c9lite Extermination","description":"Pest Control Experts in Montreal, Laval, St-J\u00e9r\u00f4me, Repentigny, Trois-Rivi\u00e8res, Gatineau, South Shore","potentialAction":[{"@type":"SearchAction","target":{"@type":"EntryPoint","urlTemplate":"https:\/\/eliteextermination.com\/en\/?s={search_term_string}"},"query-input":{"@type":"PropertyValueSpecification","valueRequired":true,"valueName":"search_term_string"}}],"inLanguage":"en-CA"},false]}},"yasr_visitor_votes":{"stars_attributes":{"read_only":false,"span_bottom":false},"number_of_votes":3,"sum_votes":11},"_links":{"self":[{"href":"https:\/\/eliteextermination.com\/en\/wp-json\/wp\/v2\/pages\/1725","targetHints":{"allow":["GET"]}}],"collection":[{"href":"https:\/\/eliteextermination.com\/en\/wp-json\/wp\/v2\/pages"}],"about":[{"href":"https:\/\/eliteextermination.com\/en\/wp-json\/wp\/v2\/types\/page"}],"author":[{"embeddable":true,"href":"https:\/\/eliteextermination.com\/en\/wp-json\/wp\/v2\/users\/1"}],"replies":[{"embeddable":true,"href":"https:\/\/eliteextermination.com\/en\/wp-json\/wp\/v2\/comments?post=1725"}],"version-history":[{"count":20,"href":"https:\/\/eliteextermination.com\/en\/wp-json\/wp\/v2\/pages\/1725\/revisions"}],"predecessor-version":[{"id":6263,"href":"https:\/\/eliteextermination.com\/en\/wp-json\/wp\/v2\/pages\/1725\/revisions\/6263"}],"wp:attachment":[{"href":"https:\/\/eliteextermination.com\/en\/wp-json\/wp\/v2\/media?parent=1725"}],"curies":[{"name":"wp","href":"https:\/\/api.w.org\/{rel}","templated":true}]}}