{"id":1746,"date":"2017-09-28T19:54:37","date_gmt":"2017-09-28T19:54:37","guid":{"rendered":"https:\/\/eliteextermination.com\/?page_id=1746\/"},"modified":"2025-01-14T09:30:49","modified_gmt":"2025-01-14T14:30:49","slug":"emergency-24-7","status":"publish","type":"page","link":"https:\/\/eliteextermination.com\/en\/emergency-24-7\/","title":{"rendered":"Emergency 24\/7"},"content":{"rendered":"<div class=\"wpb-content-wrapper\">[vc_row fullwidth=&#8221;true&#8221; el_class=&#8221;BackGroundImageScale&#8221; css=&#8221;.vc_custom_1507054823211{background-image: url(https:\/\/eliteextermination.com\/wp-content\/uploads\/2017\/06\/top-urgence-24.jpg?id=2183) !important;}&#8221;][vc_column][vc_column_text align=&#8221;center&#8221; el_class=&#8221;Service_Title shadow&#8221;]\n<div>\n<p><span class=\"Service_HugeText\">EMERGENCY 24\/7<\/span><\/p>\n<p><button class=\"Button_Style_Blue Button_Centered\" type=\"button\">CONTACT US<\/button><\/p>\n<\/div>\n[\/vc_column_text][\/vc_column][\/vc_row][vc_row fullwidth=&#8221;true&#8221;][vc_column][vc_column_text align=&#8221;center&#8221; el_class=&#8221;Title_Text Centered_Text MainTitle_Margin&#8221;]\n<h1>Emergency pest control experts available 24\/7<\/h1>\n[\/vc_column_text][vc_column_text align=&#8221;center&#8221; el_class=&#8221;Title_Paragraph_Text Centered_Text&#8221;]Since bugs, rodents and other bothersome animals don\u2019t have any notion of time, it\u2019s quite possible that you\u2019ll discover their presence when it is most inconvenient: on the weekend, in the evening, or even at night. Depending on the magnitude of the situation, you may need to call an emergency pest control company to get rid of the infestation as soon as possible.<\/p>\n<p>If <a href=\"\/en\/insects-pests\/rat-extermination\/\">rats <\/a>have gotten into your home and are now taunting you from behind your washer and dryer, it makes perfect sense to call Elite Extermination\u2019s 24-hour pest-control unit. If, on the other hand, you want to get rid of a few <a href=\"\/en\/insects-pests\/spider-extermination\/\">spiders <\/a>or <a href=\"\/en\/insects-pests\/woodlouse-extermination\/\">woodlice <\/a>in your basement, the problem can wait until the next working day. If in doubt, contact us and we\u2019ll be happy to help you decide if the situation requires immediate action.[\/vc_column_text][vc_empty_space height=&#8221;96px&#8221;][\/vc_column][\/vc_row][vc_row fullwidth=&#8221;true&#8221; equal_columns=&#8221;true&#8221; el_class=&#8221;BackGroundImageScale&#8221;][vc_column width=&#8221;1\/2&#8243; el_class=&#8221;Service_Text_Margin Service_Col_Padding bg-dark-grey&#8221;][vc_column_text el_class=&#8221;Title_Text&#8221;]\n<h2><b>A 24-hour pest-control unit at your service<\/b><\/h2>\n[\/vc_column_text][vc_empty_space][vc_column_text el_class=&#8221;SubTitle_Paragraph_Text&#8221;]If your children find a <a href=\"\/en\/insects-pests\/wasp-exterminator\/\">wasps<\/a>&#8216; nest in their backyard play area, or if you discover a <a href=\"\/en\/insects-pests\/carpenter-ant-extermination\/\">carpenter ant<\/a> colony in a basement cupboard during your spring cleaning, don\u2019t hesitate to contact us.<\/p>\n<p>When we dispatch an emergency unit to your home, the technician will ask you some questions and then carry out an inspection of your home, including the attic and outdoors. After identifying the problem, he or she will determine the <strong>best treatment plan to get rid of the vermin.<\/strong>[\/vc_column_text][vc_empty_space][vc_column_text el_class=&#8221;Title_Text&#8221;]\n<h2><b>Monitoring and prevention<\/b><\/h2>\n[\/vc_column_text][vc_empty_space][vc_column_text el_class=&#8221;SubTitle_Paragraph_Text&#8221; css=&#8221;.vc_custom_1736865042103{margin-bottom: 0px !important;}&#8221;]Once the exterminator has completed the emergency extermination, he or she may return to your residence for follow-up and further procedures. At that time, the pest-control technician will take <a href=\"https:\/\/eliteextermination.com\/en\/pest-prevention\/\">preventive measures<\/a>, including sealing and installing barriers to re-entry, so that the pests don\u2019t come back again and disturb you.[\/vc_column_text][\/vc_column][vc_column width=&#8221;1\/2&#8243; el_class=&#8221;bg-light-grey&#8221;]\n<div class=\"wpcf7 no-js\" id=\"wpcf7-f1751-o1\" lang=\"fr-FR\" dir=\"ltr\" data-wpcf7-id=\"1751\">\n<div class=\"screen-reader-response\"><p role=\"status\" aria-live=\"polite\" aria-atomic=\"true\"><\/p> <ul><\/ul><\/div>\n<form action=\"\/en\/wp-json\/wp\/v2\/pages\/1746#wpcf7-f1751-o1\" method=\"post\" class=\"wpcf7-form init\" aria-label=\"Formulaire de contact\" novalidate=\"novalidate\" data-status=\"init\">\n<fieldset class=\"hidden-fields-container\"><input type=\"hidden\" name=\"_wpcf7\" value=\"1751\" \/><input type=\"hidden\" name=\"_wpcf7_version\" value=\"6.1.4\" \/><input type=\"hidden\" name=\"_wpcf7_locale\" value=\"fr_FR\" \/><input type=\"hidden\" name=\"_wpcf7_unit_tag\" value=\"wpcf7-f1751-o1\" \/><input type=\"hidden\" name=\"_wpcf7_container_post\" value=\"0\" \/><input type=\"hidden\" name=\"_wpcf7_posted_data_hash\" value=\"\" \/><input type=\"hidden\" name=\"_wpcf7_recaptcha_response\" value=\"\" \/>\n<\/fieldset>\n<div class=\"ContactPageForm\">\n\t<p><span class=\"DemandeList\"><br \/>\n<span class=\"wpcf7-form-control-wrap\" data-name=\"typedemande\"><select class=\"wpcf7-form-control wpcf7-select wpcf7-validates-as-required\" aria-required=\"true\" aria-invalid=\"false\" name=\"typedemande\"><option value=\"\">TYPE OF REQUEST*<\/option><option value=\"Questions or comments\">Questions or comments<\/option><option value=\"Free estimate\">Free estimate<\/option><option value=\"Emergency\">Emergency<\/option><\/select><\/span><\/span>\n\t<\/p>\n\t<p><span class=\"wpcf7-form-control-wrap\" data-name=\"nom\"><input size=\"25\" maxlength=\"400\" class=\"wpcf7-form-control wpcf7-text wpcf7-validates-as-required\" aria-required=\"true\" aria-invalid=\"false\" placeholder=\"Last name*\" value=\"\" type=\"text\" name=\"nom\" \/><\/span><span class=\"wpcf7-form-control-wrap\" data-name=\"prenom\"><input size=\"25\" maxlength=\"400\" class=\"wpcf7-form-control wpcf7-text wpcf7-validates-as-required\" aria-required=\"true\" aria-invalid=\"false\" placeholder=\"first name*\" value=\"\" type=\"text\" name=\"prenom\" \/><\/span>\n\t<\/p>\n\t<p><span class=\"wpcf7-form-control-wrap\" data-name=\"email\"><input size=\"25\" maxlength=\"400\" class=\"wpcf7-form-control wpcf7-email wpcf7-validates-as-required wpcf7-text wpcf7-validates-as-email\" aria-required=\"true\" aria-invalid=\"false\" placeholder=\"E-mail*\" value=\"\" type=\"email\" name=\"email\" \/><\/span><span class=\"wpcf7-form-control-wrap\" data-name=\"telephone\"><input size=\"25\" maxlength=\"400\" class=\"wpcf7-form-control wpcf7-tel wpcf7-validates-as-required wpcf7-text wpcf7-validates-as-tel\" aria-required=\"true\" aria-invalid=\"false\" placeholder=\"Phone number*\" value=\"\" type=\"tel\" name=\"telephone\" \/><\/span>\n\t<\/p>\n\t<p><span id=\"wpcf7-69d456fb2f3d5-wrapper\" class=\"wpcf7-form-control-wrap field-wrap\" style=\"display:none !important; visibility:hidden !important;\"><label for=\"wpcf7-69d456fb2f3d5-field\" class=\"hp-message\">Veuillez laisser ce champ vide.<\/label><input id=\"wpcf7-69d456fb2f3d5-field\"  class=\"wpcf7-form-control wpcf7-text\" type=\"text\" name=\"field\" value=\"\" size=\"40\" tabindex=\"-1\" autocomplete=\"new-password\" \/><\/span><br \/>\n<span class=\"wpcf7-form-control-wrap\" data-name=\"message\"><textarea cols=\"59\" rows=\"10\" maxlength=\"2000\" class=\"wpcf7-form-control wpcf7-textarea wpcf7-validates-as-required\" aria-required=\"true\" aria-invalid=\"false\" placeholder=\"Message*\" name=\"message\"><\/textarea><\/span><br \/>\n\t<div class=\"wpcf7-response-output\" aria-hidden=\"true\"><\/div><br \/>\n\t<input class=\"wpcf7-form-control wpcf7-submit has-spinner Button_Style_Blue\" type=\"submit\" value=\"SEND\" \/>\n\t<\/p>\n<\/div>\n<p><script>\ndocument.addEventListener( 'wpcf7mailsent', function( event ) {\n location = 'https:\/\/eliteextermination.com\/en\/thank-you\/';\n}, false );\n<\/script>\n<\/p><input type='hidden' class='wpcf7-pum' value='{\"closepopup\":false,\"closedelay\":0,\"openpopup\":false,\"openpopup_id\":0}' \/>\n<\/form>\n<\/div>\n[\/vc_column][\/vc_row][vc_row fullwidth=&#8221;true&#8221; css=&#8221;.vc_custom_1506113484226{background-color: #0055c5 !important;}&#8221; el_class=&#8221;row-call&#8221;][vc_column][vc_empty_space height=&#8221;40px&#8221;][vc_row_inner is_fullwidth_content=&#8221;false&#8221;][vc_column_inner][vc_column_text el_class=&#8221;SubTitle_Paragraph_Text White_Text&#8221;]<a href=\"\/en\/contact-us\/\">Contact us<\/a> now for a free estimate and fast and efficient service.[\/vc_column_text][\/vc_column_inner][\/vc_row_inner][vc_empty_space height=&#8221;45px&#8221;][\/vc_column][\/vc_row]\n<\/div>","protected":false},"excerpt":{"rendered":"<p>[vc_row fullwidth=&#8221;true&#8221; el_class=&#8221;BackGroundImageScale&#8221; css=&#8221;.vc_custom_1507054823211{background-image: url(https:\/\/eliteextermination.com\/wp-content\/uploads\/2017\/06\/top-urgence-24.jpg?id=2183) !important;}&#8221;][vc_column][vc_column_text align=&#8221;center&#8221; el_class=&#8221;Service_Title shadow&#8221;] EMERGENCY 24\/7 CONTACT US [\/vc_column_text][\/vc_column][\/vc_row][vc_row fullwidth=&#8221;true&#8221;][vc_column][vc_column_text align=&#8221;center&#8221; el_class=&#8221;Title_Text Centered_Text MainTitle_Margin&#8221;] Emergency pest control experts available 24\/7 [\/vc_column_text][vc_column_text align=&#8221;center&#8221; el_class=&#8221;Title_Paragraph_Text Centered_Text&#8221;]Since bugs, rodents and other bothersome animals don\u2019t have any notion of time, it\u2019s quite possible that you\u2019ll discover their presence when it is most inconvenient: on [&hellip;]<\/p>\n","protected":false},"author":1,"featured_media":0,"parent":0,"menu_order":0,"comment_status":"closed","ping_status":"closed","template":"","meta":{"_acf_changed":false,"yasr_overall_rating":0,"yasr_post_is_review":"","yasr_auto_insert_disabled":"","yasr_review_type":"","footnotes":""},"class_list":["post-1746","page","type-page","status-publish","hentry"],"acf":[],"yoast_head":"<!-- This site is optimized with the Yoast SEO plugin v26.9 - https:\/\/yoast.com\/product\/yoast-seo-wordpress\/ -->\n<title>24 Hour Pest Control | Emergency Extermination and Decontamination<\/title>\n<meta name=\"description\" content=\"Do you need an emergency extermination and decontamination solution? Contact Elite Pest Control for a 24 hour pest control service near you in Quebec!\" \/>\n<meta name=\"robots\" content=\"index, follow, max-snippet:-1, max-image-preview:large, max-video-preview:-1\" \/>\n<link rel=\"canonical\" href=\"https:\/\/eliteextermination.com\/en\/emergency-24-7\/\" \/>\n<meta property=\"og:locale\" content=\"en_US\" \/>\n<meta property=\"og:type\" content=\"article\" \/>\n<meta property=\"og:title\" content=\"24 Hour Pest Control | Emergency Extermination and Decontamination\" \/>\n<meta property=\"og:description\" content=\"Do you need an emergency extermination and decontamination solution? Contact Elite Pest Control for a 24 hour pest control service near you in Quebec!\" \/>\n<meta property=\"og:url\" content=\"https:\/\/eliteextermination.com\/en\/emergency-24-7\/\" \/>\n<meta property=\"og:site_name\" content=\"\u00c9lite Extermination\" \/>\n<meta property=\"article:modified_time\" content=\"2025-01-14T14:30:49+00:00\" \/>\n<meta name=\"twitter:card\" content=\"summary_large_image\" \/>\n<meta name=\"twitter:label1\" content=\"Est. reading time\" \/>\n\t<meta name=\"twitter:data1\" content=\"2 minutes\" \/>\n<!-- \/ Yoast SEO plugin. -->","yoast_head_json":{"title":"24 Hour Pest Control | Emergency Extermination and Decontamination","description":"Do you need an emergency extermination and decontamination solution? Contact Elite Pest Control for a 24 hour pest control service near you in Quebec!","robots":{"index":"index","follow":"follow","max-snippet":"max-snippet:-1","max-image-preview":"max-image-preview:large","max-video-preview":"max-video-preview:-1"},"canonical":"https:\/\/eliteextermination.com\/en\/emergency-24-7\/","og_locale":"en_US","og_type":"article","og_title":"24 Hour Pest Control | Emergency Extermination and Decontamination","og_description":"Do you need an emergency extermination and decontamination solution? Contact Elite Pest Control for a 24 hour pest control service near you in Quebec!","og_url":"https:\/\/eliteextermination.com\/en\/emergency-24-7\/","og_site_name":"\u00c9lite Extermination","article_modified_time":"2025-01-14T14:30:49+00:00","twitter_card":"summary_large_image","twitter_misc":{"Est. reading time":"2 minutes"},"schema":{"@context":"https:\/\/schema.org","@graph":[{"@type":"WebPage","@id":"https:\/\/eliteextermination.com\/en\/emergency-24-7\/","url":"https:\/\/eliteextermination.com\/en\/emergency-24-7\/","name":"24 Hour Pest Control | Emergency Extermination and Decontamination","isPartOf":{"@id":"https:\/\/eliteextermination.com\/en\/#website"},"datePublished":"2017-09-28T19:54:37+00:00","dateModified":"2025-01-14T14:30:49+00:00","description":"Do you need an emergency extermination and decontamination solution? Contact Elite Pest Control for a 24 hour pest control service near you in Quebec!","breadcrumb":{"@id":"https:\/\/eliteextermination.com\/en\/emergency-24-7\/#breadcrumb"},"inLanguage":"en-CA","potentialAction":[{"@type":"ReadAction","target":["https:\/\/eliteextermination.com\/en\/emergency-24-7\/"]}]},{"@type":"BreadcrumbList","@id":"https:\/\/eliteextermination.com\/en\/emergency-24-7\/#breadcrumb","itemListElement":[{"@type":"ListItem","position":1,"name":"Home","item":"https:\/\/eliteextermination.com\/en\/"},{"@type":"ListItem","position":2,"name":"Emergency 24\/7"}]},{"@type":"WebSite","@id":"https:\/\/eliteextermination.com\/en\/#website","url":"https:\/\/eliteextermination.com\/en\/","name":"\u00c9lite Extermination","description":"Pest Control Experts in Montreal, Laval, St-J\u00e9r\u00f4me, Repentigny, Trois-Rivi\u00e8res, Gatineau, South Shore","potentialAction":[{"@type":"SearchAction","target":{"@type":"EntryPoint","urlTemplate":"https:\/\/eliteextermination.com\/en\/?s={search_term_string}"},"query-input":{"@type":"PropertyValueSpecification","valueRequired":true,"valueName":"search_term_string"}}],"inLanguage":"en-CA"},false]}},"yasr_visitor_votes":{"stars_attributes":{"read_only":false,"span_bottom":false},"number_of_votes":0,"sum_votes":0},"_links":{"self":[{"href":"https:\/\/eliteextermination.com\/en\/wp-json\/wp\/v2\/pages\/1746","targetHints":{"allow":["GET"]}}],"collection":[{"href":"https:\/\/eliteextermination.com\/en\/wp-json\/wp\/v2\/pages"}],"about":[{"href":"https:\/\/eliteextermination.com\/en\/wp-json\/wp\/v2\/types\/page"}],"author":[{"embeddable":true,"href":"https:\/\/eliteextermination.com\/en\/wp-json\/wp\/v2\/users\/1"}],"replies":[{"embeddable":true,"href":"https:\/\/eliteextermination.com\/en\/wp-json\/wp\/v2\/comments?post=1746"}],"version-history":[{"count":9,"href":"https:\/\/eliteextermination.com\/en\/wp-json\/wp\/v2\/pages\/1746\/revisions"}],"predecessor-version":[{"id":6194,"href":"https:\/\/eliteextermination.com\/en\/wp-json\/wp\/v2\/pages\/1746\/revisions\/6194"}],"wp:attachment":[{"href":"https:\/\/eliteextermination.com\/en\/wp-json\/wp\/v2\/media?parent=1746"}],"curies":[{"name":"wp","href":"https:\/\/api.w.org\/{rel}","templated":true}]}}