{"id":1838,"date":"2017-09-28T22:55:38","date_gmt":"2017-09-28T22:55:38","guid":{"rendered":"https:\/\/eliteextermination.com\/?page_id=1838\/"},"modified":"2024-11-20T11:50:51","modified_gmt":"2024-11-20T16:50:51","slug":"pharaoh-ants-extermination","status":"publish","type":"page","link":"https:\/\/eliteextermination.com\/en\/insects-pests\/pharaoh-ants-extermination\/","title":{"rendered":"Pharaoh ant extermination"},"content":{"rendered":"<div class=\"wpb-content-wrapper\">[vc_row fullwidth=&#8221;true&#8221; css=&#8221;.vc_custom_1505939904219{background-image: url(https:\/\/eliteextermination.com\/wp-content\/uploads\/2017\/07\/top-fourmis-pharaons-1.jpg?id=1039) !important;}&#8221; el_class=&#8221;BackGroundImageScale shadow&#8221;][vc_column][vc_column_text align=&#8221;center&#8221; el_class=&#8221;Service_Title shadow&#8221;]\n<div>\n<p><span class=\"Service_HugeText\">PHARAOH ANT<\/span><br \/>\n<span class=\"Contact_Bigger_Paragraph White_Text\">EXTERMINATION<\/span><\/p>\n<p><a href=\"\/en\/contact-us\/\"><button class=\"Button_Style_Blue Button_Centered\" type=\"button\">CONTACT US<\/button><\/a><\/p>\n<\/div>\n[\/vc_column_text][\/vc_column][\/vc_row][vc_row fullwidth=&#8221;true&#8221;][vc_column][vc_column_text align=&#8221;center&#8221; el_class=&#8221;Title_Text Centered_Text MainTitle_Margin&#8221;]\n<h1>Pharaoh Ant Extermination Service<br \/>\nPharaoh Ant Control in Quebec<\/h1>\n[\/vc_column_text][vc_column_text align=&#8221;center&#8221; el_class=&#8221;Title_Paragraph_Text Centered_Text&#8221;]Pharaoh ant exterminators will be the first to tell you: this species is the most difficult to eliminate during an infestation. This is why it&#8217;s essential to get the help of <a href=\"https:\/\/eliteextermination.com\/en\/\">pest control professionals<\/a> if you think you have a pharaoh ant infestation problem. Below we provide some information on these ants and some advice from Elite Pest Control exterminators on how to prevent this type of infestation.[\/vc_column_text][vc_empty_space height=&#8221;80px&#8221;][\/vc_column][\/vc_row][vc_row fullwidth=&#8221;true&#8221; css=&#8221;.vc_custom_1500061025861{background-color: #e0e0e0 !important;}&#8221;][vc_column][vc_row_inner is_fullwidth_content=&#8221;false&#8221;][vc_column_inner][vc_empty_space][vc_column_text align=&#8221;center&#8221; el_class=&#8221;Title_Text&#8221;]\n<h2>Before getting into pharaoh ant extermination, here&#8217;s why these intruders are harmful<\/h2>\n[\/vc_column_text][vc_column_text align=&#8221;center&#8221; el_class=&#8221;SubTitle_Paragraph_Text&#8221;]The pharaoh ant (Monomorium pharaonis) is a non-aggressive species. Although each ant has a stinger, it is not strong enough to pierce human skin. However, these <a href=\"https:\/\/eliteextermination.com\/en\/insects-pests\/\">insect pests<\/a> are still harmful to humans.<\/p>\n<ul>\n<li>Hospitals, hotels, grocery stores and restaurants dread the sight of these insects because they are very difficult to control.<\/li>\n<li>This species of ant is known for its transmission of pathogenic bacteria such as salmonella, streptococcus and staphylococcus.<\/li>\n<li>Hospitals and foster homes must be extra vigilant in preventing pharaoh ant infestations because of the risk of wound contamination. These ants can also contaminate food and dining rooms in homes and kitchens of commercial establishments.<\/li>\n<\/ul>\n[\/vc_column_text][vc_empty_space][\/vc_column_inner][\/vc_row_inner][\/vc_column][\/vc_row][vc_row fullwidth=&#8221;true&#8221; equal_columns=&#8221;true&#8221;][vc_column width=&#8221;1\/2&#8243; el_class=&#8221;Service_Col_Padding Service_Text_Margin&#8221;][vc_column_text]\n<h2>How to identify pharaoh ants<\/h2>\n<p>Pharaoh ants are about 2 mm in size and yellow or light brown in colour. They can be identified by the two segments between their thorax (chest) and abdomen. Colonies are formed of three castes of ants: queens, winged males and workers, which are sterile.<\/p>\n<p>Pharaoh ants are particularly difficult to exterminate because the colonies multiply by fragmenting. In fact, queens frequently leave their nests to develop new colonies. There is no hostility from one colony to another and there is also no competition for food. The grouping of several colonies in the same area sometimes gives the impression of a single gigantic nest.<\/p>\n<p>Although this species is native to warm countries, it can be found everywhere in Quebec, especially in houses and heated buildings.[\/vc_column_text][\/vc_column][vc_column width=&#8221;1\/2&#8243; el_class=&#8221;Service_Col_Padding Service_Text_Margin bg-light-grey&#8221;][vc_column_text]\n<h2>Signs of a pharaoh ant infestation<\/h2>\n<p>Queens will usually nest in warm places, near a source of water and food. They will also choose a spot where they aren&#8217;t likely to be disturbed: near a wall outlet, inside walls, behind baseboards, cabinets or shelves.<\/p>\n<p>The inaccessibility of these areas makes it difficult to discover pharaoh ant nests and you might find one during renovation work. However, most people only suspect an infestation after seeing several ants moving in single file around their property or when they open a package of food that has been attacked by ants.[\/vc_column_text][\/vc_column][\/vc_row][vc_row fullwidth=&#8221;true&#8221; fullwidth_content=&#8221;false&#8221; el_class=&#8221;bg-blue row-padding&#8221;][vc_column][vc_column_text align=&#8221;center&#8221; el_class=&#8221;SubTitle_Paragraph_Text White_Text&#8221; css=&#8221;.vc_custom_1729019324101{margin-bottom: 0px !important;}&#8221;]\n<p style=\"text-align: center;\">Our <a href=\"https:\/\/eliteextermination.com\/en\/pest-extermination\/\">pest extermination<\/a> technicians can accurately identify the species of intruder you are dealing with by looking for traces of ants along electrical wires, bathroom pipes and other hot, humid areas that these insects like to frequent.<\/p>\n[\/vc_column_text][\/vc_column][\/vc_row][vc_row fullwidth=&#8221;true&#8221; fullwidth_content=&#8221;false&#8221; equal_columns=&#8221;true&#8221; el_class=&#8221;row-padding&#8221;][vc_column][vc_column_text align=&#8221;center&#8221;]\n<h2 style=\"text-align: center;\">Pharaoh ant extermination: what to avoid<\/h2>\n[\/vc_column_text][vc_row_inner][vc_column_inner width=&#8221;1\/2&#8243;][vc_column_text]Since pharaoh ants divide into several colonies and work in collaboration with each other, spraying a few of them with an all-purpose insecticide is not a good option. This will only encourage the multiplication of colonies and increase the ant population in your home or business.[\/vc_column_text][\/vc_column_inner][vc_column_inner width=&#8221;1\/2&#8243;][vc_column_text css=&#8221;.vc_custom_1732121449422{margin-bottom: 0px !important;}&#8221;]Instead, we recommend:<\/p>\n<ul>\n<li>Inspecting your building for individual ants and satellite colonies<\/li>\n<li>Identifying the species of ants in your home<\/li>\n<li>Using government-approved products to eliminate colonies<\/li>\n<li>Blocking and <a href=\"https:\/\/eliteextermination.com\/en\/rodent-proof-caulking\/\">caulking<\/a> all access points by sealing cracks and holes<\/li>\n<li>Performing follow-up treatments<\/li>\n<\/ul>\n[\/vc_column_text][\/vc_column_inner][\/vc_row_inner][\/vc_column][\/vc_row][vc_row fullwidth=&#8221;true&#8221; fullwidth_content=&#8221;false&#8221;][vc_column][vc_column_text el_class=&#8221;highlight-black&#8221;]If you decide to use an insecticide and apply the treatment yourself, be sure to check with <a href=\"https:\/\/www.canada.ca\/en\/health-canada.html\">Health Canada<\/a> to make sure it is safe. However, please note that due to the persistence of pharaoh ants, the best option is to use a company that specializes in insect control. Our technicians will be happy to exterminate pharaoh ants for you![\/vc_column_text][\/vc_column][\/vc_row][vc_row fullwidth=&#8221;true&#8221; fullwidth_content=&#8221;false&#8221; el_class=&#8221;row-padding bg-dark-grey&#8221;][vc_column][vc_column_text align=&#8221;center&#8221;]\n<h2 style=\"text-align: center;\">Pharaoh ant control tips to prevent an infestation<\/h2>\n<p style=\"text-align: center;\">As is the case with other ant species, the secret to avoiding an infestation of pharaoh ants is to keep in mind that these insects thrive in your home because they can easily find food there. Here&#8217;s how to keep them at bay:<\/p>\n<ul>\n<li style=\"text-align: center;\">Empty trash cans and compost regularly<\/li>\n<li style=\"text-align: center;\">Keep your kitchen garbage in a container with a lid<\/li>\n<li style=\"text-align: center;\">Put unrefrigerated food in tightly closed containers<\/li>\n<li style=\"text-align: center;\">Sweep floors and clean counters regularly<\/li>\n<li style=\"text-align: center;\">Clean up spills immediately<\/li>\n<li style=\"text-align: center;\">Do not leave dirty dishes on counters or in the sink<\/li>\n<li style=\"text-align: center;\">Put soap in a sealed container and put the cap on your toothpaste (unlike other species, pharaoh ants eat these products)<\/li>\n<\/ul>\n[\/vc_column_text][\/vc_column][\/vc_row][vc_row fullwidth=&#8221;true&#8221; css=&#8221;.vc_custom_1505926959021{background-color: #0055c5 !important;}&#8221; el_class=&#8221;row-call&#8221;][vc_column][vc_empty_space height=&#8221;40px&#8221;][vc_row_inner is_fullwidth_content=&#8221;false&#8221;][vc_column_inner][vc_column_text el_class=&#8221;SubTitle_Paragraph_Text White_Text&#8221;]\n<p style=\"text-align: center;\"><a href=\"https:\/\/eliteextermination.com\/en\/contact-us\/\">Contact us<\/a> now to request an inspection with one of our exterminators and rest assured that we will do everything we can to adequately solve your pharaoh ant problem. At <a href=\"https:\/\/eliteextermination.com\/en\/pest-control-experts\/\">Elite Pest Control<\/a>, we have more than 10 years of experience in ant control and we have the expertise and resources to eradicate an infestation.<\/p>\n[\/vc_column_text][\/vc_column_inner][\/vc_row_inner][vc_empty_space height=&#8221;45px&#8221;][\/vc_column][\/vc_row]\n<\/div>","protected":false},"excerpt":{"rendered":"<p>[vc_row fullwidth=&#8221;true&#8221; css=&#8221;.vc_custom_1505939904219{background-image: url(https:\/\/eliteextermination.com\/wp-content\/uploads\/2017\/07\/top-fourmis-pharaons-1.jpg?id=1039) !important;}&#8221; el_class=&#8221;BackGroundImageScale shadow&#8221;][vc_column][vc_column_text align=&#8221;center&#8221; el_class=&#8221;Service_Title shadow&#8221;] PHARAOH ANT EXTERMINATION CONTACT US [\/vc_column_text][\/vc_column][\/vc_row][vc_row fullwidth=&#8221;true&#8221;][vc_column][vc_column_text align=&#8221;center&#8221; el_class=&#8221;Title_Text Centered_Text MainTitle_Margin&#8221;] Pharaoh Ant Extermination Service Pharaoh Ant Control in Quebec [\/vc_column_text][vc_column_text align=&#8221;center&#8221; el_class=&#8221;Title_Paragraph_Text Centered_Text&#8221;]Pharaoh ant exterminators will be the first to tell you: this species is the most difficult to eliminate during an infestation. This [&hellip;]<\/p>\n","protected":false},"author":1,"featured_media":1429,"parent":1668,"menu_order":0,"comment_status":"closed","ping_status":"closed","template":"","meta":{"_acf_changed":false,"yasr_overall_rating":0,"yasr_post_is_review":"","yasr_auto_insert_disabled":"","yasr_review_type":"","footnotes":""},"categories":[155],"tags":[],"class_list":["post-1838","page","type-page","status-publish","has-post-thumbnail","hentry","category-insect-pests"],"acf":[],"yoast_head":"<!-- This site is optimized with the Yoast SEO plugin v26.9 - https:\/\/yoast.com\/product\/yoast-seo-wordpress\/ -->\n<title>Pharaoh Ant Extermination Service | Get Rid of Pharaoh Ants in Quebec<\/title>\n<meta name=\"description\" content=\"Are you experiencing a problem with pharaoh ants? The experts at Elite Pest Control have the trusted ant extermination solution for you. Contact us today!\" \/>\n<meta name=\"robots\" content=\"index, follow, max-snippet:-1, max-image-preview:large, max-video-preview:-1\" \/>\n<link rel=\"canonical\" href=\"https:\/\/eliteextermination.com\/en\/insects-pests\/pharaoh-ants-extermination\/\" \/>\n<meta property=\"og:locale\" content=\"en_US\" \/>\n<meta property=\"og:type\" content=\"article\" \/>\n<meta property=\"og:title\" content=\"Pharaoh Ant Extermination Service | Get Rid of Pharaoh Ants in Quebec\" \/>\n<meta property=\"og:description\" content=\"Are you experiencing a problem with pharaoh ants? The experts at Elite Pest Control have the trusted ant extermination solution for you. Contact us today!\" \/>\n<meta property=\"og:url\" content=\"https:\/\/eliteextermination.com\/en\/insects-pests\/pharaoh-ants-extermination\/\" \/>\n<meta property=\"og:site_name\" content=\"\u00c9lite Extermination\" \/>\n<meta property=\"article:modified_time\" content=\"2024-11-20T16:50:51+00:00\" \/>\n<meta property=\"og:image\" content=\"https:\/\/eliteextermination.com\/wp-content\/uploads\/2017\/07\/fourmi-pharaons.jpg\" \/>\n\t<meta property=\"og:image:width\" content=\"216\" \/>\n\t<meta property=\"og:image:height\" content=\"216\" \/>\n\t<meta property=\"og:image:type\" content=\"image\/jpeg\" \/>\n<meta name=\"twitter:card\" content=\"summary_large_image\" \/>\n<meta name=\"twitter:label1\" content=\"Est. reading time\" \/>\n\t<meta name=\"twitter:data1\" content=\"5 minutes\" \/>\n<!-- \/ Yoast SEO plugin. -->","yoast_head_json":{"title":"Pharaoh Ant Extermination Service | Get Rid of Pharaoh Ants in Quebec","description":"Are you experiencing a problem with pharaoh ants? The experts at Elite Pest Control have the trusted ant extermination solution for you. Contact us today!","robots":{"index":"index","follow":"follow","max-snippet":"max-snippet:-1","max-image-preview":"max-image-preview:large","max-video-preview":"max-video-preview:-1"},"canonical":"https:\/\/eliteextermination.com\/en\/insects-pests\/pharaoh-ants-extermination\/","og_locale":"en_US","og_type":"article","og_title":"Pharaoh Ant Extermination Service | Get Rid of Pharaoh Ants in Quebec","og_description":"Are you experiencing a problem with pharaoh ants? The experts at Elite Pest Control have the trusted ant extermination solution for you. Contact us today!","og_url":"https:\/\/eliteextermination.com\/en\/insects-pests\/pharaoh-ants-extermination\/","og_site_name":"\u00c9lite Extermination","article_modified_time":"2024-11-20T16:50:51+00:00","og_image":[{"width":216,"height":216,"url":"https:\/\/eliteextermination.com\/wp-content\/uploads\/2017\/07\/fourmi-pharaons.jpg","type":"image\/jpeg"}],"twitter_card":"summary_large_image","twitter_misc":{"Est. reading time":"5 minutes"},"schema":{"@context":"https:\/\/schema.org","@graph":[{"@type":"WebPage","@id":"https:\/\/eliteextermination.com\/en\/insects-pests\/pharaoh-ants-extermination\/","url":"https:\/\/eliteextermination.com\/en\/insects-pests\/pharaoh-ants-extermination\/","name":"Pharaoh Ant Extermination Service | Get Rid of Pharaoh Ants in Quebec","isPartOf":{"@id":"https:\/\/eliteextermination.com\/en\/#website"},"primaryImageOfPage":{"@id":"https:\/\/eliteextermination.com\/en\/insects-pests\/pharaoh-ants-extermination\/#primaryimage"},"image":{"@id":"https:\/\/eliteextermination.com\/en\/insects-pests\/pharaoh-ants-extermination\/#primaryimage"},"thumbnailUrl":"https:\/\/eliteextermination.com\/wp-content\/uploads\/2017\/07\/fourmi-pharaons.jpg","datePublished":"2017-09-28T22:55:38+00:00","dateModified":"2024-11-20T16:50:51+00:00","description":"Are you experiencing a problem with pharaoh ants? The experts at Elite Pest Control have the trusted ant extermination solution for you. Contact us today!","breadcrumb":{"@id":"https:\/\/eliteextermination.com\/en\/insects-pests\/pharaoh-ants-extermination\/#breadcrumb"},"inLanguage":"en-CA","potentialAction":[{"@type":"ReadAction","target":["https:\/\/eliteextermination.com\/en\/insects-pests\/pharaoh-ants-extermination\/"]}]},{"@type":"ImageObject","inLanguage":"en-CA","@id":"https:\/\/eliteextermination.com\/en\/insects-pests\/pharaoh-ants-extermination\/#primaryimage","url":"https:\/\/eliteextermination.com\/wp-content\/uploads\/2017\/07\/fourmi-pharaons.jpg","contentUrl":"https:\/\/eliteextermination.com\/wp-content\/uploads\/2017\/07\/fourmi-pharaons.jpg","width":216,"height":216},{"@type":"BreadcrumbList","@id":"https:\/\/eliteextermination.com\/en\/insects-pests\/pharaoh-ants-extermination\/#breadcrumb","itemListElement":[{"@type":"ListItem","position":1,"name":"Home","item":"https:\/\/eliteextermination.com\/en\/"},{"@type":"ListItem","position":2,"name":"INTRUDERS","item":"https:\/\/eliteextermination.com\/en\/insects-pests\/"},{"@type":"ListItem","position":3,"name":"Pharaoh ant extermination"}]},{"@type":"WebSite","@id":"https:\/\/eliteextermination.com\/en\/#website","url":"https:\/\/eliteextermination.com\/en\/","name":"\u00c9lite Extermination","description":"Pest Control Experts in Montreal, Laval, St-J\u00e9r\u00f4me, Repentigny, Trois-Rivi\u00e8res, Gatineau, South Shore","potentialAction":[{"@type":"SearchAction","target":{"@type":"EntryPoint","urlTemplate":"https:\/\/eliteextermination.com\/en\/?s={search_term_string}"},"query-input":{"@type":"PropertyValueSpecification","valueRequired":true,"valueName":"search_term_string"}}],"inLanguage":"en-CA"},false]}},"yasr_visitor_votes":{"stars_attributes":{"read_only":false,"span_bottom":false},"number_of_votes":0,"sum_votes":0},"_links":{"self":[{"href":"https:\/\/eliteextermination.com\/en\/wp-json\/wp\/v2\/pages\/1838","targetHints":{"allow":["GET"]}}],"collection":[{"href":"https:\/\/eliteextermination.com\/en\/wp-json\/wp\/v2\/pages"}],"about":[{"href":"https:\/\/eliteextermination.com\/en\/wp-json\/wp\/v2\/types\/page"}],"author":[{"embeddable":true,"href":"https:\/\/eliteextermination.com\/en\/wp-json\/wp\/v2\/users\/1"}],"replies":[{"embeddable":true,"href":"https:\/\/eliteextermination.com\/en\/wp-json\/wp\/v2\/comments?post=1838"}],"version-history":[{"count":7,"href":"https:\/\/eliteextermination.com\/en\/wp-json\/wp\/v2\/pages\/1838\/revisions"}],"predecessor-version":[{"id":6105,"href":"https:\/\/eliteextermination.com\/en\/wp-json\/wp\/v2\/pages\/1838\/revisions\/6105"}],"up":[{"embeddable":true,"href":"https:\/\/eliteextermination.com\/en\/wp-json\/wp\/v2\/pages\/1668"}],"wp:featuredmedia":[{"embeddable":true,"href":"https:\/\/eliteextermination.com\/en\/wp-json\/wp\/v2\/media\/1429"}],"wp:attachment":[{"href":"https:\/\/eliteextermination.com\/en\/wp-json\/wp\/v2\/media?parent=1838"}],"wp:term":[{"taxonomy":"category","embeddable":true,"href":"https:\/\/eliteextermination.com\/en\/wp-json\/wp\/v2\/categories?post=1838"},{"taxonomy":"post_tag","embeddable":true,"href":"https:\/\/eliteextermination.com\/en\/wp-json\/wp\/v2\/tags?post=1838"}],"curies":[{"name":"wp","href":"https:\/\/api.w.org\/{rel}","templated":true}]}}