{"id":1840,"date":"2017-09-29T13:59:44","date_gmt":"2017-09-29T13:59:44","guid":{"rendered":"https:\/\/eliteextermination.com\/?page_id=1840\/"},"modified":"2025-01-14T09:40:47","modified_gmt":"2025-01-14T14:40:47","slug":"carpenter-ant-extermination","status":"publish","type":"page","link":"https:\/\/eliteextermination.com\/en\/insects-pests\/carpenter-ant-extermination\/","title":{"rendered":"Carpenter ants Extermination"},"content":{"rendered":"<div class=\"wpb-content-wrapper\">[vc_row fullwidth=&#8221;true&#8221; css=&#8221;.vc_custom_1505938304454{background-image: url(https:\/\/eliteextermination.com\/wp-content\/uploads\/2017\/07\/top-fourmis-charpentiere.jpg?id=1032) !important;}&#8221; el_class=&#8221;BackGroundImageScale&#8221;][vc_column][vc_column_text align=&#8221;center&#8221; el_class=&#8221;Service_Title&#8221;]\n<div>\n<p><span class=\"Service_HugeText\">CARPENTER ANTS<\/span><\/p>\n<p><span class=\"Contact_Bigger_Paragraph White_Text\">EXTERMINATION<\/span><\/p>\n<p><a href=\"\/en\/contact-us\/\"><button class=\"Button_Style_Blue Button_Centered\" type=\"button\">CONTACT US<\/button><\/a><\/p>\n<\/div>\n[\/vc_column_text][\/vc_column][\/vc_row][vc_row fullwidth=&#8221;true&#8221;][vc_column][vc_column_text align=&#8221;center&#8221; el_class=&#8221;Title_Text Centered_Text MainTitle_Margin&#8221;]\n<h1>Carpenter Ant Control Service<br \/>\nProfessional Ant Exterminators in Quebec<\/h1>\n[\/vc_column_text][vc_column_text align=&#8221;center&#8221; el_class=&#8221;Title_Paragraph_Text Centered_Text&#8221;]Do you suspect you have an ant infestation problem in your home? Don&#8217;t panic! Our carpenter ant control experts can help you get rid of the intruders. Below you will find some basic information on this insect and some of the techniques used by Elite Pest Control&#8217;s ant exterminators to control this type of infestation.[\/vc_column_text][vc_video max_width=&#8221;600&#8243; link=&#8221;https:\/\/www.youtube.com\/watch?v=VlDKP9IwHwI&#8221; el_class=&#8221;video-center&#8221;][vc_empty_space height=&#8221;80px&#8221;][\/vc_column][\/vc_row][vc_row fullwidth=&#8221;true&#8221; css=&#8221;.vc_custom_1500061025861{background-color: #e0e0e0 !important;}&#8221;][vc_column][vc_row_inner is_fullwidth_content=&#8221;false&#8221;][vc_column_inner][vc_empty_space][vc_column_text align=&#8221;center&#8221; el_class=&#8221;Title_Text&#8221;]\n<h2>Before getting to carpenter ant control, let&#8217;s take a closer look at this insect<\/h2>\n[\/vc_column_text][vc_column_text align=&#8221;center&#8221; el_class=&#8221;SubTitle_Paragraph_Text&#8221; css=&#8221;.vc_custom_1729019644504{margin-bottom: 0px !important;}&#8221;]Despite its tiny size, this <a href=\"https:\/\/eliteextermination.com\/en\/insects-pests\/\" target=\"_blank\" rel=\"noopener\">pest<\/a>, which measures between 6 and 25 mm long, is a serious menace, and carpenter ant exterminators are frequently tasked with controlling carpenter ant infestations in homes.<\/p>\n<p>If you see a dark, wingless insect crawling around your home, you may be dealing with a worker ant. However, it could also be a termite, which is very similar in appearance. The carpenter ant, however, is thinner in size and has more curved antennae.<\/p>\n<p>Even if you see carpenter ants roaming around your home, it doesn&#8217;t mean their nest is in your house. After mating, which involves a winged male and female copulating in mid-air, the male dies, while the female goes in search of a cozy nest where she can lay her eggs. And she will usually choose to make her home in damp, dead wood. Her favourite spots include:<\/p>\n<ul>\n<li>A hollow tree<\/li>\n<li>A stump<\/li>\n<li>A log<\/li>\n<li>A dead trunk on the ground<\/li>\n<\/ul>\n<p>In 60 days, the brood of about 15 to 20 eggs will hatch its first sterile worker ants. They play a crucial role, finding food to feed the queen and the larvae.<\/p>\n<p>These workers will be responsible for building long tunnels to house the growing colony. After about three years, the colony of carpenter ants will contain between 2000 and 3000 workers, one or more queens and 200 to 400 winged females and males, which will ensure reproduction.<\/p>\n<p>At this point, satellite colonies will form in the vicinity of the mother colony. The workers will then move from one nest to another to take care of the queen and the larvae.<\/p>\n<p>If a primary colony is located near you, there is a higher risk of having a nest in your home, especially with uncontrolled humidity and decaying wood. This is when it becomes critical to use a carpenter ant <a href=\"https:\/\/eliteextermination.com\/en\/pest-extermination\/\" target=\"_blank\" rel=\"noopener\">extermination service<\/a> to control and end the infestation problem.[\/vc_column_text][vc_empty_space][\/vc_column_inner][\/vc_row_inner][\/vc_column][\/vc_row][vc_row fullwidth=&#8221;true&#8221; equal_columns=&#8221;true&#8221;][vc_column width=&#8221;1\/2&#8243; el_class=&#8221;Service_Col_Padding Service_Text_Margin&#8221;][vc_column_text]\n<h2>Why you need to exterminate this tiny but very harmful insect<\/h2>\n<p>Carpenter ants can cause serious structural damage to homes by chewing wood to dig their tunnels. In fact, they are the only pest that can be cited in lawsuits against a previous homeowner for hidden defects. Visit the website of the <a href=\"http:\/\/www.aqgp.ca\/\">Association qu\u00e9b\u00e9coise de la gestion parasitaire<\/a> (AQGP) to find out more.<\/p>\n<p>The most common nesting sites for carpenter ants include the following:[\/vc_column_text][vc_row_inner is_fullwidth_content=&#8221;false&#8221; el_class=&#8221;col2&#8243;][vc_column_inner width=&#8221;1\/2&#8243;][vc_column_text]\n<ul>\n<li>Porch columns<\/li>\n<li>Support beams<\/li>\n<li>House sills<\/li>\n<li>Joists<\/li>\n<li>Wall studs<\/li>\n<\/ul>\n[\/vc_column_text][\/vc_column_inner][vc_column_inner width=&#8221;1\/2&#8243;][vc_column_text]\n<ul>\n<li>Windows<\/li>\n<li>Insulation<\/li>\n<li>Attics<\/li>\n<li>Hollow doors<\/li>\n<li>The space between the walls<\/li>\n<\/ul>\n[\/vc_column_text][\/vc_column_inner][\/vc_row_inner][\/vc_column][vc_column width=&#8221;1\/2&#8243; el_class=&#8221;Service_Col_Padding Service_Text_Margin bg-light-grey&#8221;][vc_column_text]\n<h2>How do you know if you have a carpenter ant infestation?<\/h2>\n<p>If you see two or three large black ants walking around your home, don&#8217;t automatically assume that their nest is in the house. The workers may only come to your home to get food and water before returning to their colony, located in a nearby tree or woodlot, for example.<\/p>\n<p>Nevertheless, take the time to check the basement, the attic and the outside of the house. There should be a little more activity after dark. Keep your eyes open![\/vc_column_text][\/vc_column][\/vc_row][vc_row fullwidth=&#8221;true&#8221; fullwidth_content=&#8221;false&#8221; el_class=&#8221;bg-blue row-padding&#8221;][vc_column][vc_column_text align=&#8221;center&#8221; el_class=&#8221;SubTitle_Paragraph_Text White_Text&#8221;]If you find stringy wood particles in your home, such as sawdust, or parts of dead insects and other debris, there could be a nest in the house. Follow the path of the ants, they will lead you to their nest.[\/vc_column_text][\/vc_column][\/vc_row][vc_row fullwidth=&#8221;true&#8221; fullwidth_content=&#8221;false&#8221; equal_columns=&#8221;true&#8221; el_class=&#8221;row-padding&#8221;][vc_column][vc_column_text align=&#8221;center&#8221;]\n<h2>When to call a carpenter ant exterminator<\/h2>\n[\/vc_column_text][vc_row_inner][vc_column_inner width=&#8221;1\/2&#8243;][vc_column_text css=&#8221;.vc_custom_1736865643253{margin-bottom: 0px !important;}&#8221;]As with <a href=\"https:\/\/eliteextermination.com\/en\/insects-pests\/mouse-extermination\/\" target=\"_blank\" rel=\"noopener\">mouse<\/a> or <a href=\"https:\/\/eliteextermination.com\/en\/insects-pests\/rat-extermination\/\" target=\"_blank\" rel=\"noopener\">rat extermination<\/a>, it is absolutely necessary to eliminate all nests, especially the main colony. Otherwise, the ants will return to your home.<\/p>\n<p>Unlike <a href=\"https:\/\/eliteextermination.com\/en\/insects-pests\/raccoon-extermination\/\" target=\"_blank\" rel=\"noopener\">raccoon<\/a> or <a href=\"https:\/\/eliteextermination.com\/en\/insects-pests\/bat-extermination\/\" target=\"_blank\" rel=\"noopener\">bat extermination<\/a>, pesticide treatments are often part of the solution. However, physical intervention and <a href=\"https:\/\/eliteextermination.com\/en\/pest-prevention\/\" target=\"_blank\" rel=\"noopener\">prevention<\/a> are also necessary to solve the problem once and for all.[\/vc_column_text][\/vc_column_inner][vc_column_inner width=&#8221;1\/2&#8243;][vc_column_text]If you aren&#8217;t sure how to proceed, the intervention of a carpenter ant exterminator, such as Elite Pest Control, will prove very useful, especially when performing a complete inspection of the interior and exterior of your home.[\/vc_column_text][\/vc_column_inner][\/vc_row_inner][\/vc_column][\/vc_row][vc_row fullwidth=&#8221;true&#8221; fullwidth_content=&#8221;false&#8221;][vc_column][vc_column_text el_class=&#8221;highlight-black&#8221;]\n<p style=\"text-align: center;\">If we find a nest inside your house, we will get rid of it and apply a preventive spray outside the house to keep the ants away.<\/p>\n[\/vc_column_text][\/vc_column][\/vc_row][vc_row fullwidth=&#8221;true&#8221; fullwidth_content=&#8221;false&#8221; el_class=&#8221;row-padding bg-dark-grey&#8221;][vc_column][vc_column_text align=&#8221;center&#8221; css=&#8221;.vc_custom_1732122061206{margin-bottom: 0px !important;}&#8221;]\n<h2>Elite Pest Control: carpenter ant exterminators at your service<\/h2>\n<p>When inspecting your home, Elite Pest Control&#8217;s exterminators will show you the entry points likely to be used by carpenter ants. They will offer to <a href=\"https:\/\/eliteextermination.com\/en\/rodent-proof-caulking\/\" target=\"_blank\" rel=\"noopener\">caulk<\/a> these entryways (windows, foundation cracks, openings, etc.).<\/p>\n<p>Our pest control experts will also happily provide you with personal prevention advice. If you are currently dealing with a carpenter ant infestation, the following solutions can help you while you wait for a professional exterminator to intervene.<\/p>\n<ul>\n<li>Eliminate sources of moisture in the house<\/li>\n<li>Repair wood structures that are damaged by moisture<\/li>\n<li>Pay attention to wood stored in the garage or near the house. Keep it elevated to allow air circulation<\/li>\n<li>Cut tree branches overhanging the house<\/li>\n<li>Cut down dead trees<\/li>\n<\/ul>\n[\/vc_column_text][\/vc_column][\/vc_row][vc_row fullwidth=&#8221;true&#8221; css=&#8221;.vc_custom_1505926959021{background-color: #0055c5 !important;}&#8221; el_class=&#8221;row-call&#8221;][vc_column][vc_empty_space height=&#8221;40px&#8221;][vc_row_inner is_fullwidth_content=&#8221;false&#8221;][vc_column_inner][vc_column_text el_class=&#8221;SubTitle_Paragraph_Text White_Text&#8221;]Do you need help from carpenter ant exterminators? <a href=\"https:\/\/eliteextermination.com\/en\/contact-us\/\" target=\"_blank\" rel=\"noopener\">Contact Elite Pest Control<\/a> now.[\/vc_column_text][\/vc_column_inner][\/vc_row_inner][vc_empty_space height=&#8221;45px&#8221;][\/vc_column][\/vc_row]\n<\/div>","protected":false},"excerpt":{"rendered":"<p>[vc_row fullwidth=&#8221;true&#8221; css=&#8221;.vc_custom_1505938304454{background-image: url(https:\/\/eliteextermination.com\/wp-content\/uploads\/2017\/07\/top-fourmis-charpentiere.jpg?id=1032) !important;}&#8221; el_class=&#8221;BackGroundImageScale&#8221;][vc_column][vc_column_text align=&#8221;center&#8221; el_class=&#8221;Service_Title&#8221;] CARPENTER ANTS EXTERMINATION CONTACT US [\/vc_column_text][\/vc_column][\/vc_row][vc_row fullwidth=&#8221;true&#8221;][vc_column][vc_column_text align=&#8221;center&#8221; el_class=&#8221;Title_Text Centered_Text MainTitle_Margin&#8221;] Carpenter Ant Control Service Professional Ant Exterminators in Quebec [\/vc_column_text][vc_column_text align=&#8221;center&#8221; el_class=&#8221;Title_Paragraph_Text Centered_Text&#8221;]Do you suspect you have an ant infestation problem in your home? Don&#8217;t panic! Our carpenter ant control experts can help you get rid [&hellip;]<\/p>\n","protected":false},"author":1,"featured_media":1445,"parent":1668,"menu_order":0,"comment_status":"closed","ping_status":"closed","template":"","meta":{"_acf_changed":false,"yasr_overall_rating":0,"yasr_post_is_review":"","yasr_auto_insert_disabled":"","yasr_review_type":"","footnotes":""},"categories":[155],"tags":[],"class_list":["post-1840","page","type-page","status-publish","has-post-thumbnail","hentry","category-insect-pests"],"acf":[],"yoast_head":"<!-- This site is optimized with the Yoast SEO plugin v26.9 - https:\/\/yoast.com\/product\/yoast-seo-wordpress\/ -->\n<title>Carpenter Ant Control \u2502 Carpenter Ant Exterminator Service<\/title>\n<meta name=\"description\" content=\"Have carpenter ants invaded your home? Not to worry. Elite Pest Control&#039;s carpenter ant exterminators will get rid of your ant problem.\" \/>\n<meta name=\"robots\" content=\"index, follow, max-snippet:-1, max-image-preview:large, max-video-preview:-1\" \/>\n<link rel=\"canonical\" href=\"https:\/\/eliteextermination.com\/en\/insects-pests\/carpenter-ant-extermination\/\" \/>\n<meta property=\"og:locale\" content=\"en_US\" \/>\n<meta property=\"og:type\" content=\"article\" \/>\n<meta property=\"og:title\" content=\"Carpenter Ant Control \u2502 Carpenter Ant Exterminator Service\" \/>\n<meta property=\"og:description\" content=\"Have carpenter ants invaded your home? Not to worry. Elite Pest Control&#039;s carpenter ant exterminators will get rid of your ant problem.\" \/>\n<meta property=\"og:url\" content=\"https:\/\/eliteextermination.com\/en\/insects-pests\/carpenter-ant-extermination\/\" \/>\n<meta property=\"og:site_name\" content=\"\u00c9lite Extermination\" \/>\n<meta property=\"article:modified_time\" content=\"2025-01-14T14:40:47+00:00\" \/>\n<meta property=\"og:image\" content=\"https:\/\/eliteextermination.com\/wp-content\/uploads\/2017\/07\/fourmis-charpentiere.jpg\" \/>\n\t<meta property=\"og:image:width\" content=\"216\" \/>\n\t<meta property=\"og:image:height\" content=\"216\" \/>\n\t<meta property=\"og:image:type\" content=\"image\/jpeg\" \/>\n<meta name=\"twitter:card\" content=\"summary_large_image\" \/>\n<meta name=\"twitter:label1\" content=\"Est. reading time\" \/>\n\t<meta name=\"twitter:data1\" content=\"6 minutes\" \/>\n<!-- \/ Yoast SEO plugin. -->","yoast_head_json":{"title":"Carpenter Ant Control \u2502 Carpenter Ant Exterminator Service","description":"Have carpenter ants invaded your home? Not to worry. Elite Pest Control's carpenter ant exterminators will get rid of your ant problem.","robots":{"index":"index","follow":"follow","max-snippet":"max-snippet:-1","max-image-preview":"max-image-preview:large","max-video-preview":"max-video-preview:-1"},"canonical":"https:\/\/eliteextermination.com\/en\/insects-pests\/carpenter-ant-extermination\/","og_locale":"en_US","og_type":"article","og_title":"Carpenter Ant Control \u2502 Carpenter Ant Exterminator Service","og_description":"Have carpenter ants invaded your home? Not to worry. Elite Pest Control's carpenter ant exterminators will get rid of your ant problem.","og_url":"https:\/\/eliteextermination.com\/en\/insects-pests\/carpenter-ant-extermination\/","og_site_name":"\u00c9lite Extermination","article_modified_time":"2025-01-14T14:40:47+00:00","og_image":[{"width":216,"height":216,"url":"https:\/\/eliteextermination.com\/wp-content\/uploads\/2017\/07\/fourmis-charpentiere.jpg","type":"image\/jpeg"}],"twitter_card":"summary_large_image","twitter_misc":{"Est. reading time":"6 minutes"},"schema":{"@context":"https:\/\/schema.org","@graph":[{"@type":"WebPage","@id":"https:\/\/eliteextermination.com\/en\/insects-pests\/carpenter-ant-extermination\/","url":"https:\/\/eliteextermination.com\/en\/insects-pests\/carpenter-ant-extermination\/","name":"Carpenter Ant Control \u2502 Carpenter Ant Exterminator Service","isPartOf":{"@id":"https:\/\/eliteextermination.com\/en\/#website"},"primaryImageOfPage":{"@id":"https:\/\/eliteextermination.com\/en\/insects-pests\/carpenter-ant-extermination\/#primaryimage"},"image":{"@id":"https:\/\/eliteextermination.com\/en\/insects-pests\/carpenter-ant-extermination\/#primaryimage"},"thumbnailUrl":"https:\/\/eliteextermination.com\/wp-content\/uploads\/2017\/07\/fourmis-charpentiere.jpg","datePublished":"2017-09-29T13:59:44+00:00","dateModified":"2025-01-14T14:40:47+00:00","description":"Have carpenter ants invaded your home? Not to worry. Elite Pest Control's carpenter ant exterminators will get rid of your ant problem.","breadcrumb":{"@id":"https:\/\/eliteextermination.com\/en\/insects-pests\/carpenter-ant-extermination\/#breadcrumb"},"inLanguage":"en-CA","potentialAction":[{"@type":"ReadAction","target":["https:\/\/eliteextermination.com\/en\/insects-pests\/carpenter-ant-extermination\/"]}]},{"@type":"ImageObject","inLanguage":"en-CA","@id":"https:\/\/eliteextermination.com\/en\/insects-pests\/carpenter-ant-extermination\/#primaryimage","url":"https:\/\/eliteextermination.com\/wp-content\/uploads\/2017\/07\/fourmis-charpentiere.jpg","contentUrl":"https:\/\/eliteextermination.com\/wp-content\/uploads\/2017\/07\/fourmis-charpentiere.jpg","width":216,"height":216},{"@type":"BreadcrumbList","@id":"https:\/\/eliteextermination.com\/en\/insects-pests\/carpenter-ant-extermination\/#breadcrumb","itemListElement":[{"@type":"ListItem","position":1,"name":"Home","item":"https:\/\/eliteextermination.com\/en\/"},{"@type":"ListItem","position":2,"name":"INTRUDERS","item":"https:\/\/eliteextermination.com\/en\/insects-pests\/"},{"@type":"ListItem","position":3,"name":"Carpenter ants Extermination"}]},{"@type":"WebSite","@id":"https:\/\/eliteextermination.com\/en\/#website","url":"https:\/\/eliteextermination.com\/en\/","name":"\u00c9lite Extermination","description":"Pest Control Experts in Montreal, Laval, St-J\u00e9r\u00f4me, Repentigny, Trois-Rivi\u00e8res, Gatineau, South Shore","potentialAction":[{"@type":"SearchAction","target":{"@type":"EntryPoint","urlTemplate":"https:\/\/eliteextermination.com\/en\/?s={search_term_string}"},"query-input":{"@type":"PropertyValueSpecification","valueRequired":true,"valueName":"search_term_string"}}],"inLanguage":"en-CA"},false]}},"yasr_visitor_votes":{"stars_attributes":{"read_only":false,"span_bottom":false},"number_of_votes":0,"sum_votes":0},"_links":{"self":[{"href":"https:\/\/eliteextermination.com\/en\/wp-json\/wp\/v2\/pages\/1840","targetHints":{"allow":["GET"]}}],"collection":[{"href":"https:\/\/eliteextermination.com\/en\/wp-json\/wp\/v2\/pages"}],"about":[{"href":"https:\/\/eliteextermination.com\/en\/wp-json\/wp\/v2\/types\/page"}],"author":[{"embeddable":true,"href":"https:\/\/eliteextermination.com\/en\/wp-json\/wp\/v2\/users\/1"}],"replies":[{"embeddable":true,"href":"https:\/\/eliteextermination.com\/en\/wp-json\/wp\/v2\/comments?post=1840"}],"version-history":[{"count":7,"href":"https:\/\/eliteextermination.com\/en\/wp-json\/wp\/v2\/pages\/1840\/revisions"}],"predecessor-version":[{"id":6214,"href":"https:\/\/eliteextermination.com\/en\/wp-json\/wp\/v2\/pages\/1840\/revisions\/6214"}],"up":[{"embeddable":true,"href":"https:\/\/eliteextermination.com\/en\/wp-json\/wp\/v2\/pages\/1668"}],"wp:featuredmedia":[{"embeddable":true,"href":"https:\/\/eliteextermination.com\/en\/wp-json\/wp\/v2\/media\/1445"}],"wp:attachment":[{"href":"https:\/\/eliteextermination.com\/en\/wp-json\/wp\/v2\/media?parent=1840"}],"wp:term":[{"taxonomy":"category","embeddable":true,"href":"https:\/\/eliteextermination.com\/en\/wp-json\/wp\/v2\/categories?post=1840"},{"taxonomy":"post_tag","embeddable":true,"href":"https:\/\/eliteextermination.com\/en\/wp-json\/wp\/v2\/tags?post=1840"}],"curies":[{"name":"wp","href":"https:\/\/api.w.org\/{rel}","templated":true}]}}