{"id":1853,"date":"2022-07-11T14:32:57","date_gmt":"2022-07-11T18:32:57","guid":{"rendered":"https:\/\/eliteextermination.com\/?page_id=1853\/"},"modified":"2024-02-16T14:51:26","modified_gmt":"2024-02-16T19:51:26","slug":"bed-bug-extermination","status":"publish","type":"page","link":"https:\/\/eliteextermination.com\/en\/insects-pests\/bed-bug-extermination\/","title":{"rendered":"Bed bug Extermination"},"content":{"rendered":"<div class=\"wpb-content-wrapper\">[vc_row fullwidth=&#8221;true&#8221; css=&#8221;.vc_custom_1506022872563{background-image: url(https:\/\/eliteextermination.com\/wp-content\/uploads\/2017\/07\/top-punaise-lit.png?id=1104) !important;}&#8221; el_class=&#8221;BackGroundImageScale&#8221;][vc_column][vc_column_text align=&#8221;center&#8221; el_class=&#8221;Service_Title shadow&#8221;]\n<div><span class=\"Service_HugeText\">BED BUG <\/span><br \/>\n<span class=\"Contact_Bigger_Paragraph White_Text\">EXTERMINATION<\/span><a href=\"\/en\/contact-us\/\"><button class=\"Button_Style_Blue Button_Centered\" type=\"button\">CONTACT US<\/button><\/a><\/div>\n[\/vc_column_text][\/vc_column][\/vc_row][vc_row fullwidth=&#8221;true&#8221;][vc_column][vc_column_text align=&#8221;center&#8221; el_class=&#8221;Title_Text Centered_Text MainTitle_Margin&#8221; css=&#8221;.vc_custom_1658859204580{margin-bottom: 0px !important;}&#8221;]\n<h1>Bed bug exterminator in Montreal<\/h1>\n[\/vc_column_text][vc_column_text align=&#8221;center&#8221; el_class=&#8221;Title_Paragraph_Text Centered_Text&#8221; css=&#8221;.vc_custom_1658859212108{margin-bottom: 0px !important;}&#8221;]Bed bugs aren\u2019t discriminatory: they\u2019re just as happy infesting the fanciest hotels of Montreal and Laval as they are in less-reputable apartments. These bugs feed on human blood, and they don\u2019t care where it comes from or how much money it earns. Here are our tips on how to identify them and prepare your home for a\u00a0<strong>bed bug extermination treatment.<\/strong>[\/vc_column_text][vc_empty_space height=&#8221;80px&#8221;][\/vc_column][\/vc_row][vc_row fullwidth=&#8221;true&#8221; css=&#8221;.vc_custom_1500061025861{background-color: #e0e0e0 !important;}&#8221;][vc_column][vc_row_inner is_fullwidth_content=&#8221;false&#8221;][vc_column_inner][vc_empty_space][vc_column_text align=&#8221;center&#8221; el_class=&#8221;Title_Text&#8221;]\n<h2>What do bed bugs look like?<\/h2>\n[\/vc_column_text][vc_column_text align=&#8221;center&#8221; el_class=&#8221;SubTitle_Paragraph_Text&#8221; css=&#8221;.vc_custom_1658859221758{margin-bottom: 0px !important;}&#8221;]The adult Cimex lectularius can range from reddish to dark brown. When it has already consumed human blood, it tends to be redder. A bed bug is about the size of an apple seed, or about 4 to 7 millimetres in length. It doesn\u2019t hop or fly and crawls at roughly the same speed as an ant.<\/p>\n<p>Bed bugs prefer the darkness of night and therefore seek out dark corners and small, tight spaces to deposit their eggs. The eggs, which are laid in clusters, are a whitish color and about the size of a pinhead. Hatching usually occurs 10 to 14 days after laying.<\/p>\n<p>Although they have a life expectancy of 5 to 6 months, bed bugs can survive more than a year without eating by going into dormancy.[\/vc_column_text][vc_empty_space][\/vc_column_inner][\/vc_row_inner][\/vc_column][\/vc_row][vc_row fullwidth=&#8221;true&#8221; equal_columns=&#8221;true&#8221;][vc_column width=&#8221;1\/2&#8243; el_class=&#8221;Service_Col_Padding Service_Text_Margin&#8221;][vc_column_text css=&#8221;.vc_custom_1658859241779{margin-bottom: 0px !important;}&#8221;]\n<h2>Signs of a bed bug infestation<\/h2>\n<p>If you notice the presence of otherwise unexplainable bug bites on your body, it is possible that you have a bed bug infestation in your home. The typical reaction is similar to that of a mosquito bite\u2014a small, red, itchy blister.<\/p>\n<p><strong>Bed bug bites<\/strong>\u00a0can take up to two weeks to become visible to the naked eye. They usually appear on the face, neck, arms, legs and chest, but you can have them on all areas of the body.<\/p>\n<p>If you have any doubts about the cause of your itchy spots, consult a doctor to see if they\u2019re insect bites or another kind of infection. Some people may have an\u00a0<a href=\"https:\/\/www.quebec.ca\/en\/health\/health-issues\/a-z\/bed-bugs-bites\" target=\"_blank\" rel=\"noopener\">allergic reaction to bed bug bites<\/a>, so do be vigilant and don\u2019t hesitate to seek medical help if necessary.<\/p>\n<p>Keep in mind that about one in ten people have absolutely no reaction to bug bites. That means it\u2019s important to watch for other indicators that could help you\u00a0<strong>identify a bed bug infestation<\/strong>. If you\u2019re noticing any of the following signs, you most likely have an infestation:<\/p>\n<ul>\n<li>Blood stains on your bed sheets<\/li>\n<li>Bedbug excrement (brown spots) along the seams and in the fibres of the mattress and box spring material<\/li>\n<li>Empty insect skins left behind by moulting bed bugs<\/li>\n<li>Whitish clusters of eggs behind the headboard or under the box spring<\/li>\n<\/ul>\n[\/vc_column_text][\/vc_column][vc_column width=&#8221;1\/2&#8243; el_class=&#8221;Service_Col_Padding Service_Text_Margin&#8221;][vc_empty_space height=&#8221;100px&#8221; el_class=&#8221;hide-mobile&#8221;][vc_column_text]You might also see a specimen of the insect itself. If you do, catch it and <a href=\"https:\/\/eliteextermination.com\/en\/contact-us\/\">contact us<\/a> immediately so we can correctly identify it and propose an effective treatment.[\/vc_column_text][vc_video max_width=&#8221;600&#8243; link=&#8221;https:\/\/www.youtube.com\/watch?v=A-_YVEAFauE&#8221; el_class=&#8221;video-center&#8221;][\/vc_column][\/vc_row][vc_row fullwidth=&#8221;true&#8221; equal_columns=&#8221;true&#8221;][vc_column width=&#8221;1\/2&#8243; el_class=&#8221;Service_Col_Padding Service_Text_Margin bg-light-grey&#8221;][vc_column_text css=&#8221;.vc_custom_1658859265418{margin-bottom: 0px !important;}&#8221;]\n<h2>How bed bugs get into your home<\/h2>\n<p>Bed bugs can easily pass from one dwelling to another in shared buildings and townhouses; however, people living in single-family homes are not immune to an infestation.<\/p>\n<p>Any time you travel, pay special attention to the beds in the hotel rooms, hostels, cottages and holiday camps you or family members use. These bugs can crawl into your luggage without your knowledge and then quickly\u00a0<strong>infest your home<\/strong>\u00a0on your return.<\/p>\n<p>Even when you travel by train, bus or plane, there is a risk; bed bugs can get into your baggage from another traveller\u2019s suitcase. Vigilance is key.<\/p>\n<p>Other ways bed bugs can get into your home:<\/p>\n<ul>\n<li>On used furniture or clothing found in flea markets and at garage sales<\/li>\n<li>From a rental truck on moving day, if a previous user\u2019s belongings were infested<\/li>\n<li>From belongings that were placed in a fitness-centre locker in which another person\u2019s infested clothes were stored<\/li>\n<li>On your children\u2019s school bags and coats, which may have been in contact with infested materials outside the home<\/li>\n<\/ul>\n[\/vc_column_text][\/vc_column][vc_column width=&#8221;1\/2&#8243; el_class=&#8221;Service_Col_Padding Service_Text_Margin bg-light-grey&#8221;][vc_empty_space height=&#8221;100px&#8221; el_class=&#8221;hide-mobile&#8221;][vc_video max_width=&#8221;600&#8243; link=&#8221;https:\/\/www.youtube.com\/watch?v=XN9N1zXYGes&#8221; el_class=&#8221;video-center&#8221;][\/vc_column][\/vc_row][vc_row fullwidth=&#8221;true&#8221; fullwidth_content=&#8221;false&#8221; el_class=&#8221;bg-blue row-padding&#8221;][vc_column][vc_column_text align=&#8221;center&#8221; el_class=&#8221;SubTitle_Paragraph_Text White_Text&#8221; css=&#8221;.vc_custom_1658859275444{margin-bottom: 0px !important;}&#8221;]\n<p style=\"text-align: center;\">A bed bug infestation can be an indicator of other intruders in your attic, such as <a href=\"https:\/\/eliteextermination.com\/en\/insects-pests\/bat-extermination\/\">bats<\/a>, <a href=\"https:\/\/eliteextermination.com\/en\/insects-pests\/pigeon-exterminator\/\">pigeons<\/a>, or <a href=\"https:\/\/eliteextermination.com\/en\/insects-pests\/starling-removal\/\">starlings<\/a>. When you call us, our bed bug exterminators will do a thorough inspection of your house to make sure all your pest problems are eradicated.<\/p>\n[\/vc_column_text][\/vc_column][\/vc_row][vc_row fullwidth=&#8221;true&#8221; fullwidth_content=&#8221;false&#8221; equal_columns=&#8221;true&#8221; el_class=&#8221;row-padding&#8221;][vc_column][vc_column_text align=&#8221;center&#8221; css=&#8221;.vc_custom_1658859283197{margin-bottom: 0px !important;}&#8221;]\n<h2 style=\"text-align: center;\"><strong>Prepare your home before our Montreal bed bug exterminators arrive<\/strong><\/h2>\n[\/vc_column_text][vc_row_inner][vc_column_inner width=&#8221;1\/2&#8243; css=&#8221;.vc_custom_1506365360087{padding-top: 20px !important;}&#8221;][vc_column_text css=&#8221;.vc_custom_1658859309621{margin-bottom: 0px !important;}&#8221;]Before our Elite bed bug exterminators arrive at your house, there\u2019s certain steps to take to ensure your infestation doesn\u2019t get worse:<\/p>\n<ol>\n<li style=\"list-style-type: none;\">\n<ol>\n<li>Don\u2019t move objects from one room to another, or you risk spreading the initial infestation.<\/li>\n<li>Vacuum throughout the house; place the vacuum cleaner bag inside another tightly sealed plastic bag and dispose of it in an outdoors garbage can.<\/li>\n<li>Wash all floors to get rid of any bed bug eggs that may have been left behind.<\/li>\n<li>Empty the drawers of your bedroom furniture and place your clothes and personal belongings in waterproof plastic bags. Do the same for your bed sheets, curtains, towels and bathroom linens.<\/li>\n<li>Move all furniture and the bags of personal belongings to the centre of each room being treated.<\/li>\n<\/ol>\n<\/li>\n<\/ol>\n[\/vc_column_text][\/vc_column_inner][vc_column_inner width=&#8221;1\/2&#8243;][vc_video max_width=&#8221;600&#8243; link=&#8221;https:\/\/www.youtube.com\/watch?v=6CUPTTQmfnQ&#8221; el_class=&#8221;video-center&#8221;][\/vc_column_inner][\/vc_row_inner][\/vc_column][\/vc_row][vc_row fullwidth=&#8221;true&#8221; fullwidth_content=&#8221;false&#8221;][vc_column][vc_column_text el_class=&#8221;highlight-black&#8221;]Our exterminators are available to carry out <a href=\"https:\/\/eliteextermination.com\/en\/emergency-24-7\/\">emergency extermination treatments<\/a> 24\/7. Don\u2019t hesitate to call us![\/vc_column_text][\/vc_column][\/vc_row][vc_row fullwidth=&#8221;true&#8221; fullwidth_content=&#8221;false&#8221; el_class=&#8221;row-padding bg-dark-grey&#8221;][vc_column][vc_column_text align=&#8221;center&#8221; css=&#8221;.vc_custom_1658859324635{margin-bottom: 0px !important;}&#8221;]\n<h2 style=\"text-align: center;\">Bed bug extermination: preventing reinfestation<\/h2>\n[\/vc_column_text][vc_row_inner][vc_column_inner width=&#8221;1\/2&#8243; css=&#8221;.vc_custom_1506365544436{padding-top: 20px !important;}&#8221;][vc_column_text css=&#8221;.vc_custom_1658859349614{margin-bottom: 0px !important;}&#8221;]Once our exterminators have finished the decontamination process, you should be able to return to your home 6 hours after the first treatment. If you have allergies or cancer, are pregnant or have young children, the return time may be from 12 to 24 hours later. Be sure to air out all rooms as soon as you return.<\/p>\n<p>In order to prevent bed bugs returning, you\u2019ll be asked not to wash the floors for three weeks, but you may vacuum 2 to 3 days later to pick up dead bugs. You should also wash all clothing and personal items in hot water and dry them at the hottest dryer setting for at least 30 minutes. Put everything into new bags until the second treatment has been applied.[\/vc_column_text][\/vc_column_inner][vc_column_inner width=&#8221;1\/2&#8243;][vc_video max_width=&#8221;600&#8243; link=&#8221;https:\/\/www.youtube.com\/watch?v=66VtEOmlq-A&#8221; el_class=&#8221;video-center&#8221;][\/vc_column_inner][\/vc_row_inner][\/vc_column][\/vc_row][vc_row fullwidth=&#8221;true&#8221; css=&#8221;.vc_custom_1505926959021{background-color: #0055c5 !important;}&#8221; el_class=&#8221;row-call&#8221;][vc_column][vc_empty_space height=&#8221;40px&#8221;][vc_row_inner is_fullwidth_content=&#8221;false&#8221;][vc_column_inner][vc_column_text el_class=&#8221;SubTitle_Paragraph_Text White_Text&#8221; css=&#8221;.vc_custom_1658859359481{margin-bottom: 0px !important;}&#8221;]After the second treatment, our <a href=\"https:\/\/eliteextermination.com\/en\/\">Montreal exterminators<\/a> will set up bed bug traps to determine whether the infestation was successfully eradicated. If this isn\u2019t the case, we will conduct further treatments to get rid of the remaining insects. If you follow our instructions carefully, we can help you get rid of the problem once and for all![\/vc_column_text][\/vc_column_inner][\/vc_row_inner][vc_empty_space height=&#8221;45px&#8221;][\/vc_column][\/vc_row]\n<\/div>","protected":false},"excerpt":{"rendered":"<p>[vc_row fullwidth=&#8221;true&#8221; css=&#8221;.vc_custom_1506022872563{background-image: url(https:\/\/eliteextermination.com\/wp-content\/uploads\/2017\/07\/top-punaise-lit.png?id=1104) !important;}&#8221; el_class=&#8221;BackGroundImageScale&#8221;][vc_column][vc_column_text align=&#8221;center&#8221; el_class=&#8221;Service_Title shadow&#8221;] BED BUG EXTERMINATIONCONTACT US [\/vc_column_text][\/vc_column][\/vc_row][vc_row fullwidth=&#8221;true&#8221;][vc_column][vc_column_text align=&#8221;center&#8221; el_class=&#8221;Title_Text Centered_Text MainTitle_Margin&#8221; css=&#8221;.vc_custom_1658859204580{margin-bottom: 0px !important;}&#8221;] Bed bug exterminator in Montreal [\/vc_column_text][vc_column_text align=&#8221;center&#8221; el_class=&#8221;Title_Paragraph_Text Centered_Text&#8221; css=&#8221;.vc_custom_1658859212108{margin-bottom: 0px !important;}&#8221;]Bed bugs aren\u2019t discriminatory: they\u2019re just as happy infesting the fanciest hotels of Montreal and Laval as they are in less-reputable apartments. [&hellip;]<\/p>\n","protected":false},"author":1,"featured_media":1424,"parent":1668,"menu_order":0,"comment_status":"closed","ping_status":"closed","template":"","meta":{"_acf_changed":false,"yasr_overall_rating":0,"yasr_post_is_review":"","yasr_auto_insert_disabled":"","yasr_review_type":"","footnotes":""},"categories":[155],"tags":[],"class_list":["post-1853","page","type-page","status-publish","has-post-thumbnail","hentry","category-insect-pests"],"acf":[],"yoast_head":"<!-- This site is optimized with the Yoast SEO plugin v26.9 - https:\/\/yoast.com\/product\/yoast-seo-wordpress\/ -->\n<title>Bed Bug Exterminator Montreal \u2013 Elite Pest Control<\/title>\n<meta name=\"description\" content=\"Has your home been invaded by bed bugs? Contact our Elite Pest Control bed bug extermination in Montreal who will free you from these pests!\" \/>\n<meta name=\"robots\" content=\"index, follow, max-snippet:-1, max-image-preview:large, max-video-preview:-1\" \/>\n<link rel=\"canonical\" href=\"https:\/\/eliteextermination.com\/en\/insects-pests\/bed-bug-extermination\/\" \/>\n<meta property=\"og:locale\" content=\"en_US\" \/>\n<meta property=\"og:type\" content=\"article\" \/>\n<meta property=\"og:title\" content=\"Bed Bug Exterminator Montreal \u2013 Elite Pest Control\" \/>\n<meta property=\"og:description\" content=\"Has your home been invaded by bed bugs? Contact our Elite Pest Control bed bug extermination in Montreal who will free you from these pests!\" \/>\n<meta property=\"og:url\" content=\"https:\/\/eliteextermination.com\/en\/insects-pests\/bed-bug-extermination\/\" \/>\n<meta property=\"og:site_name\" content=\"\u00c9lite Extermination\" \/>\n<meta property=\"article:modified_time\" content=\"2024-02-16T19:51:26+00:00\" \/>\n<meta property=\"og:image\" content=\"https:\/\/eliteextermination.com\/wp-content\/uploads\/2017\/07\/punaise-de-lit.jpg\" \/>\n\t<meta property=\"og:image:width\" content=\"216\" \/>\n\t<meta property=\"og:image:height\" content=\"216\" \/>\n\t<meta property=\"og:image:type\" content=\"image\/jpeg\" \/>\n<meta name=\"twitter:card\" content=\"summary_large_image\" \/>\n<meta name=\"twitter:label1\" content=\"Est. reading time\" \/>\n\t<meta name=\"twitter:data1\" content=\"7 minutes\" \/>\n<!-- \/ Yoast SEO plugin. -->","yoast_head_json":{"title":"Bed Bug Exterminator Montreal \u2013 Elite Pest Control","description":"Has your home been invaded by bed bugs? Contact our Elite Pest Control bed bug extermination in Montreal who will free you from these pests!","robots":{"index":"index","follow":"follow","max-snippet":"max-snippet:-1","max-image-preview":"max-image-preview:large","max-video-preview":"max-video-preview:-1"},"canonical":"https:\/\/eliteextermination.com\/en\/insects-pests\/bed-bug-extermination\/","og_locale":"en_US","og_type":"article","og_title":"Bed Bug Exterminator Montreal \u2013 Elite Pest Control","og_description":"Has your home been invaded by bed bugs? Contact our Elite Pest Control bed bug extermination in Montreal who will free you from these pests!","og_url":"https:\/\/eliteextermination.com\/en\/insects-pests\/bed-bug-extermination\/","og_site_name":"\u00c9lite Extermination","article_modified_time":"2024-02-16T19:51:26+00:00","og_image":[{"width":216,"height":216,"url":"https:\/\/eliteextermination.com\/wp-content\/uploads\/2017\/07\/punaise-de-lit.jpg","type":"image\/jpeg"}],"twitter_card":"summary_large_image","twitter_misc":{"Est. reading time":"7 minutes"},"schema":{"@context":"https:\/\/schema.org","@graph":[{"@type":"WebPage","@id":"https:\/\/eliteextermination.com\/en\/insects-pests\/bed-bug-extermination\/","url":"https:\/\/eliteextermination.com\/en\/insects-pests\/bed-bug-extermination\/","name":"Bed Bug Exterminator Montreal \u2013 Elite Pest Control","isPartOf":{"@id":"https:\/\/eliteextermination.com\/en\/#website"},"primaryImageOfPage":{"@id":"https:\/\/eliteextermination.com\/en\/insects-pests\/bed-bug-extermination\/#primaryimage"},"image":{"@id":"https:\/\/eliteextermination.com\/en\/insects-pests\/bed-bug-extermination\/#primaryimage"},"thumbnailUrl":"https:\/\/eliteextermination.com\/wp-content\/uploads\/2017\/07\/punaise-de-lit.jpg","datePublished":"2022-07-11T18:32:57+00:00","dateModified":"2024-02-16T19:51:26+00:00","description":"Has your home been invaded by bed bugs? Contact our Elite Pest Control bed bug extermination in Montreal who will free you from these pests!","breadcrumb":{"@id":"https:\/\/eliteextermination.com\/en\/insects-pests\/bed-bug-extermination\/#breadcrumb"},"inLanguage":"en-CA","potentialAction":[{"@type":"ReadAction","target":["https:\/\/eliteextermination.com\/en\/insects-pests\/bed-bug-extermination\/"]}]},{"@type":"ImageObject","inLanguage":"en-CA","@id":"https:\/\/eliteextermination.com\/en\/insects-pests\/bed-bug-extermination\/#primaryimage","url":"https:\/\/eliteextermination.com\/wp-content\/uploads\/2017\/07\/punaise-de-lit.jpg","contentUrl":"https:\/\/eliteextermination.com\/wp-content\/uploads\/2017\/07\/punaise-de-lit.jpg","width":216,"height":216},{"@type":"BreadcrumbList","@id":"https:\/\/eliteextermination.com\/en\/insects-pests\/bed-bug-extermination\/#breadcrumb","itemListElement":[{"@type":"ListItem","position":1,"name":"Home","item":"https:\/\/eliteextermination.com\/en\/"},{"@type":"ListItem","position":2,"name":"INTRUDERS","item":"https:\/\/eliteextermination.com\/en\/insects-pests\/"},{"@type":"ListItem","position":3,"name":"Bed bug Extermination"}]},{"@type":"WebSite","@id":"https:\/\/eliteextermination.com\/en\/#website","url":"https:\/\/eliteextermination.com\/en\/","name":"\u00c9lite Extermination","description":"Pest Control Experts in Montreal, Laval, St-J\u00e9r\u00f4me, Repentigny, Trois-Rivi\u00e8res, Gatineau, South Shore","potentialAction":[{"@type":"SearchAction","target":{"@type":"EntryPoint","urlTemplate":"https:\/\/eliteextermination.com\/en\/?s={search_term_string}"},"query-input":{"@type":"PropertyValueSpecification","valueRequired":true,"valueName":"search_term_string"}}],"inLanguage":"en-CA"},false]}},"yasr_visitor_votes":{"stars_attributes":{"read_only":false,"span_bottom":false},"number_of_votes":0,"sum_votes":0},"_links":{"self":[{"href":"https:\/\/eliteextermination.com\/en\/wp-json\/wp\/v2\/pages\/1853","targetHints":{"allow":["GET"]}}],"collection":[{"href":"https:\/\/eliteextermination.com\/en\/wp-json\/wp\/v2\/pages"}],"about":[{"href":"https:\/\/eliteextermination.com\/en\/wp-json\/wp\/v2\/types\/page"}],"author":[{"embeddable":true,"href":"https:\/\/eliteextermination.com\/en\/wp-json\/wp\/v2\/users\/1"}],"replies":[{"embeddable":true,"href":"https:\/\/eliteextermination.com\/en\/wp-json\/wp\/v2\/comments?post=1853"}],"version-history":[{"count":4,"href":"https:\/\/eliteextermination.com\/en\/wp-json\/wp\/v2\/pages\/1853\/revisions"}],"predecessor-version":[{"id":4308,"href":"https:\/\/eliteextermination.com\/en\/wp-json\/wp\/v2\/pages\/1853\/revisions\/4308"}],"up":[{"embeddable":true,"href":"https:\/\/eliteextermination.com\/en\/wp-json\/wp\/v2\/pages\/1668"}],"wp:featuredmedia":[{"embeddable":true,"href":"https:\/\/eliteextermination.com\/en\/wp-json\/wp\/v2\/media\/1424"}],"wp:attachment":[{"href":"https:\/\/eliteextermination.com\/en\/wp-json\/wp\/v2\/media?parent=1853"}],"wp:term":[{"taxonomy":"category","embeddable":true,"href":"https:\/\/eliteextermination.com\/en\/wp-json\/wp\/v2\/categories?post=1853"},{"taxonomy":"post_tag","embeddable":true,"href":"https:\/\/eliteextermination.com\/en\/wp-json\/wp\/v2\/tags?post=1853"}],"curies":[{"name":"wp","href":"https:\/\/api.w.org\/{rel}","templated":true}]}}