{"id":1857,"date":"2017-09-29T14:51:49","date_gmt":"2017-09-29T14:51:49","guid":{"rendered":"https:\/\/eliteextermination.com\/?page_id=1857\/"},"modified":"2024-02-16T14:52:30","modified_gmt":"2024-02-16T19:52:30","slug":"silverfish-extermination","status":"publish","type":"page","link":"https:\/\/eliteextermination.com\/en\/insects-pests\/silverfish-extermination\/","title":{"rendered":"Silverfish Extermination"},"content":{"rendered":"<div class=\"wpb-content-wrapper\">[vc_row fullwidth=&#8221;true&#8221; el_class=&#8221;BackGroundImageScale &#8221; css=&#8221;.vc_custom_1505947794266{background-image: url(https:\/\/eliteextermination.com\/wp-content\/uploads\/2017\/07\/top-poisson-argent.jpg?id=1084) !important;}&#8221;][vc_column][vc_column_text align=&#8221;center&#8221; el_class=&#8221;Service_Title &#8220;]\n<div><span class=\"Service_HugeText\">SILVERFISH <\/span><br \/>\n<span class=\"Contact_Bigger_Paragraph White_Text\">EXTERMINATION<\/span><a href=\"\/en\/contact-us\/\"><button class=\"Button_Style_Blue Button_Centered\" type=\"button\">CONTACT US<\/button><\/a><\/div>\n[\/vc_column_text][\/vc_column][\/vc_row][vc_row fullwidth=&#8221;true&#8221;][vc_column][vc_column_text align=&#8221;center&#8221; el_class=&#8221;Title_Text Centered_Text MainTitle_Margin&#8221;]\n<h1>The first step in silverfish extermination: control your humidity levels<\/h1>\n[\/vc_column_text][vc_column_text align=&#8221;center&#8221; el_class=&#8221;Title_Paragraph_Text Centered_Text&#8221;]Although silverfish themselves aren\u2019t harmful, their presence in the house is rather troublesome and it can cause damage, especially if the problem grows. This nocturnal insect proliferates in warm, humid environments such as kitchens and bathrooms. That\u2019s why the <strong>control and prevention of silverfish<\/strong> is all about modifying the damp environments in your home.[\/vc_column_text][vc_empty_space height=&#8221;80px&#8221;][\/vc_column][\/vc_row][vc_row fullwidth=&#8221;true&#8221; css=&#8221;.vc_custom_1500061025861{background-color: #e0e0e0 !important;}&#8221;][vc_column][vc_row_inner is_fullwidth_content=&#8221;false&#8221;][vc_column_inner][vc_empty_space][vc_column_text align=&#8221;center&#8221; el_class=&#8221;Title_Text&#8221;]\n<h2>What do silverfish look like?<\/h2>\n[\/vc_column_text][vc_column_text align=&#8221;center&#8221; el_class=&#8221;SubTitle_Paragraph_Text&#8221;]This insect is of the order Zygentoma. A silverfish measures just over a centimeter at maturity, and its body is covered with shiny silvery scales\u2014hence the name. It is equipped with two long antennae, a tiny head and a waxy covering that ensures it doesn\u2019t lose its precious water content through evaporation.<\/p>\n<p>From the age of three months, the female can lay between 10 and 100 eggs. The whitish, oval-shaped eggs are hidden in the cracks and baseboards of your home. The life expectancy of a silverfish is about 4 to 5 years.[\/vc_column_text][vc_empty_space][\/vc_column_inner][\/vc_row_inner][\/vc_column][\/vc_row][vc_row fullwidth=&#8221;true&#8221; equal_columns=&#8221;true&#8221;][vc_column width=&#8221;1\/2&#8243; el_class=&#8221;Service_Col_Padding Service_Text_Margin&#8221;][vc_column_text]\n<h2>Where are the silverfish hiding in my house?<\/h2>\n<p>Since they can\u2019t live without water and warmth, silverfish keep to rooms where these two elements are present, especially kitchens, bathrooms and heated basements.<\/p>\n<p>Silverfish are mostly active at night, so their numbers can have been growing for quite some time before you discover them. Their favourite hiding places are:<\/p>\n<ul>\n<li>Cracks and crevices<\/li>\n<li>Under floors<\/li>\n<li>Wall voids<\/li>\n<li>Attics<\/li>\n<li>Dark corners of basements, bathrooms and kitchens<\/li>\n<li>Libraries and studies (yes, they eat paper)<\/li>\n<li>Closet shelves<\/li>\n<li>Behind baseboards and door and window frames<\/li>\n<\/ul>\n[\/vc_column_text][\/vc_column][vc_column width=&#8221;1\/2&#8243; el_class=&#8221;Service_Col_Padding Service_Text_Margin bg-light-grey&#8221;][vc_column_text]\n<h2>Problems caused by a silverfish infestation<\/h2>\n<p>Silverfish can feed on a variety of materials commonly found in your home:<\/p>\n<ul>\n<li>Fungi and moulds<\/li>\n<li>Dust and mites<\/li>\n<li>Human hair and animal hair<\/li>\n<li>Dead insects or other silverfish<\/li>\n<li>Flour and bread<\/li>\n<li>Meat<\/li>\n<li>Wet paper<\/li>\n<\/ul>\n<p>Even as they eat and \u201cclean\u201d all those hard-to-reach cracks and corners that you can\u2019t get to with a broom or vacuum cleaner, silverfish still cause more damage than they help you.<\/p>\n<p>Pay particular attention to bags of flour in your pantry. If you start to notice small holes in the paper bags, examine the contents carefully\u2014you might just find some silvery bugs swimming in the flour. If in doubt, throw it away. The same goes for boxes of cereal.<\/p>\n<p>If you have a bookshelf, inspect your books. Silverfish will leave small holes in the bindings, along with gouged pages that have traces of dark yellow excreta on them.[\/vc_column_text][\/vc_column][\/vc_row][vc_row fullwidth=&#8221;true&#8221; fullwidth_content=&#8221;false&#8221; el_class=&#8221;bg-blue row-padding&#8221;][vc_column][vc_column_text align=&#8221;center&#8221; el_class=&#8221;SubTitle_Paragraph_Text White_Text&#8221;]\n<p style=\"text-align: center;\">Be especially vigilant if you are a collector of old documents such as stamps, photos, books and newspapers. Over time, these objects can become damp and turn into a veritable feast for silverfish.<\/p>\n[\/vc_column_text][\/vc_column][\/vc_row][vc_row fullwidth=&#8221;true&#8221; fullwidth_content=&#8221;false&#8221; equal_columns=&#8221;true&#8221; el_class=&#8221;row-padding&#8221;][vc_column][vc_column_text align=&#8221;center&#8221;]\n<h2 style=\"text-align: center;\">How to get rid of them<\/h2>\n[\/vc_column_text][vc_row_inner][vc_column_inner width=&#8221;1\/2&#8243;][vc_column_text]As with many other insects that proliferate in humid conditions (<a href=\"\/en\/insects-pests\/cockroach-extermination\/\">cockroaches<\/a>, <a href=\"\/en\/insects-pests\/centipede-extermination\/\">centipedes<\/a>, <a href=\"\/en\/insects-pests\/drain-fly-extermination\/\">drain flies<\/a>, etc.), <strong>the extermination of silverfish<\/strong> depends on the proper control of humidity levels in the building.<\/p>\n<p>We recommend that you:<\/p>\n<ul>\n<li>Repair any faucet leaks<\/li>\n<li>Insulate pipes that produce condensation<\/li>\n<li>Check all drains<\/li>\n<li>Ensure there is no water infiltrating the house<\/li>\n<li>Air out your home regularly and run a dehumidifier in damp rooms<\/li>\n<li>Deal with all mould problems in the home<\/li>\n<\/ul>\n[\/vc_column_text][\/vc_column_inner][vc_column_inner width=&#8221;1\/2&#8243;][vc_column_text]In addition to <strong>managing the humidity levels <\/strong>in your home, it\u2019s important to vacuum regularly. Not only does this help you pick up the food crumbs that pest insects love to much on, but it also lets you get rid of any silverfish eggs laying around.<\/p>\n<p>Make sure your kitchen and bathroom sinks are kept clean, and don\u2019t leave damp sponges or cloths laying around.<\/p>\n<p>You can also create silverfish traps with glass jars, around which you stick strips of masking tape. Place some flour or a small piece of bread inside, and then set the traps in corners where you\u2019ve spotted the insects. Attracted by the food, they can crawl up and into the jar via the masking tape, but they won\u2019t be able to climb back up the smooth inner walls of the jars to exit.<\/p>\n<p>If this tactic doesn\u2019t work, use diatomaceous earth. This can be bought in gardening centres and hardware stores, and it is non-toxic to humans. Sprinkle the powder along baseboards and behind furniture, as well as under appliances. Avoid breathing in the dust.[\/vc_column_text][\/vc_column_inner][\/vc_row_inner][\/vc_column][\/vc_row][vc_row fullwidth=&#8221;true&#8221; fullwidth_content=&#8221;false&#8221;][vc_column][vc_column_text el_class=&#8221;highlight-black&#8221;]\n<p style=\"text-align: center;\">Silverfish eggs can be unwittingly brought into your home in cardboard boxes, stacks of paper or in book bindings. Get rid of any boxes and packaging you don\u2019t need, and store dry food staples in glass jars or hard plastic containers.<\/p>\n[\/vc_column_text][\/vc_column][\/vc_row][vc_row fullwidth=&#8221;true&#8221; fullwidth_content=&#8221;false&#8221; el_class=&#8221;row-padding bg-dark-grey&#8221;][vc_column][vc_column_text align=&#8221;center&#8221;]\n<h2>At what point should I call in a silverfish exterminator?<\/h2>\n<p>Keep in mind that if a <strong>silverfish infestation<\/strong> has existed for a long time, it\u2019s going to be a lot more difficult to eradicate it. A large infestation should always be treated by pest-management professionals.<\/p>\n<p>So, if you\u2019ve tried all the above tips and still aren\u2019t having any luck in getting rid of the silverfish in your home, it\u2019s time to call us.<\/p>\n<p>Our exterminators use products that won\u2019t harm the environment or you and those you live with. If you have young children and pets, or if you live with elderly or sick people, we pay close attention to the type of product used and how we apply it.[\/vc_column_text][\/vc_column][\/vc_row][vc_row fullwidth=&#8221;true&#8221; css=&#8221;.vc_custom_1505926959021{background-color: #0055c5 !important;}&#8221; el_class=&#8221;row-call&#8221;][vc_column][vc_empty_space height=&#8221;40px&#8221;][vc_row_inner is_fullwidth_content=&#8221;false&#8221;][vc_column_inner][vc_column_text el_class=&#8221;SubTitle_Paragraph_Text White_Text&#8221;]\n<p style=\"text-align: center;\">Let our Elite Pest Control team deal with the silverfish that have invaded your home. We have technicians throughout Quebec, and they are ready to serve you now. <a href=\"https:\/\/eliteextermination.com\/en\/contact-us\/\">Give us a call<\/a> today!<\/p>\n[\/vc_column_text][\/vc_column_inner][\/vc_row_inner][vc_empty_space height=&#8221;45px&#8221;][\/vc_column][\/vc_row]\n<\/div>","protected":false},"excerpt":{"rendered":"<p>[vc_row fullwidth=&#8221;true&#8221; el_class=&#8221;BackGroundImageScale &#8221; css=&#8221;.vc_custom_1505947794266{background-image: url(https:\/\/eliteextermination.com\/wp-content\/uploads\/2017\/07\/top-poisson-argent.jpg?id=1084) !important;}&#8221;][vc_column][vc_column_text align=&#8221;center&#8221; el_class=&#8221;Service_Title &#8220;] SILVERFISH EXTERMINATIONCONTACT US [\/vc_column_text][\/vc_column][\/vc_row][vc_row fullwidth=&#8221;true&#8221;][vc_column][vc_column_text align=&#8221;center&#8221; el_class=&#8221;Title_Text Centered_Text MainTitle_Margin&#8221;] The first step in silverfish extermination: control your humidity levels [\/vc_column_text][vc_column_text align=&#8221;center&#8221; el_class=&#8221;Title_Paragraph_Text Centered_Text&#8221;]Although silverfish themselves aren\u2019t harmful, their presence in the house is rather troublesome and it can cause damage, especially if the problem grows. [&hellip;]<\/p>\n","protected":false},"author":1,"featured_media":1430,"parent":1668,"menu_order":0,"comment_status":"closed","ping_status":"closed","template":"","meta":{"_acf_changed":false,"yasr_overall_rating":0,"yasr_post_is_review":"","yasr_auto_insert_disabled":"","yasr_review_type":"","footnotes":""},"categories":[155],"tags":[],"class_list":["post-1857","page","type-page","status-publish","has-post-thumbnail","hentry","category-insect-pests"],"acf":[],"yoast_head":"<!-- This site is optimized with the Yoast SEO plugin v26.9 - https:\/\/yoast.com\/product\/yoast-seo-wordpress\/ -->\n<title>Silverfish Extermination Services | Get Rid of Silverfish in Your Home<\/title>\n<meta name=\"description\" content=\"Need a silverfish extermination service for your place of residence in Quebec? Contact Elite Pest Control to get rid of these unsightly insects today!\" \/>\n<meta name=\"robots\" content=\"index, follow, max-snippet:-1, max-image-preview:large, max-video-preview:-1\" \/>\n<link rel=\"canonical\" href=\"https:\/\/eliteextermination.com\/en\/insects-pests\/silverfish-extermination\/\" \/>\n<meta property=\"og:locale\" content=\"en_US\" \/>\n<meta property=\"og:type\" content=\"article\" \/>\n<meta property=\"og:title\" content=\"Silverfish Extermination Services | Get Rid of Silverfish in Your Home\" \/>\n<meta property=\"og:description\" content=\"Need a silverfish extermination service for your place of residence in Quebec? Contact Elite Pest Control to get rid of these unsightly insects today!\" \/>\n<meta property=\"og:url\" content=\"https:\/\/eliteextermination.com\/en\/insects-pests\/silverfish-extermination\/\" \/>\n<meta property=\"og:site_name\" content=\"\u00c9lite Extermination\" \/>\n<meta property=\"article:modified_time\" content=\"2024-02-16T19:52:30+00:00\" \/>\n<meta property=\"og:image\" content=\"https:\/\/eliteextermination.com\/wp-content\/uploads\/2017\/07\/poisson-argent.jpg\" \/>\n\t<meta property=\"og:image:width\" content=\"216\" \/>\n\t<meta property=\"og:image:height\" content=\"216\" \/>\n\t<meta property=\"og:image:type\" content=\"image\/jpeg\" \/>\n<meta name=\"twitter:card\" content=\"summary_large_image\" \/>\n<meta name=\"twitter:label1\" content=\"Est. reading time\" \/>\n\t<meta name=\"twitter:data1\" content=\"6 minutes\" \/>\n<!-- \/ Yoast SEO plugin. -->","yoast_head_json":{"title":"Silverfish Extermination Services | Get Rid of Silverfish in Your Home","description":"Need a silverfish extermination service for your place of residence in Quebec? Contact Elite Pest Control to get rid of these unsightly insects today!","robots":{"index":"index","follow":"follow","max-snippet":"max-snippet:-1","max-image-preview":"max-image-preview:large","max-video-preview":"max-video-preview:-1"},"canonical":"https:\/\/eliteextermination.com\/en\/insects-pests\/silverfish-extermination\/","og_locale":"en_US","og_type":"article","og_title":"Silverfish Extermination Services | Get Rid of Silverfish in Your Home","og_description":"Need a silverfish extermination service for your place of residence in Quebec? Contact Elite Pest Control to get rid of these unsightly insects today!","og_url":"https:\/\/eliteextermination.com\/en\/insects-pests\/silverfish-extermination\/","og_site_name":"\u00c9lite Extermination","article_modified_time":"2024-02-16T19:52:30+00:00","og_image":[{"width":216,"height":216,"url":"https:\/\/eliteextermination.com\/wp-content\/uploads\/2017\/07\/poisson-argent.jpg","type":"image\/jpeg"}],"twitter_card":"summary_large_image","twitter_misc":{"Est. reading time":"6 minutes"},"schema":{"@context":"https:\/\/schema.org","@graph":[{"@type":"WebPage","@id":"https:\/\/eliteextermination.com\/en\/insects-pests\/silverfish-extermination\/","url":"https:\/\/eliteextermination.com\/en\/insects-pests\/silverfish-extermination\/","name":"Silverfish Extermination Services | Get Rid of Silverfish in Your Home","isPartOf":{"@id":"https:\/\/eliteextermination.com\/en\/#website"},"primaryImageOfPage":{"@id":"https:\/\/eliteextermination.com\/en\/insects-pests\/silverfish-extermination\/#primaryimage"},"image":{"@id":"https:\/\/eliteextermination.com\/en\/insects-pests\/silverfish-extermination\/#primaryimage"},"thumbnailUrl":"https:\/\/eliteextermination.com\/wp-content\/uploads\/2017\/07\/poisson-argent.jpg","datePublished":"2017-09-29T14:51:49+00:00","dateModified":"2024-02-16T19:52:30+00:00","description":"Need a silverfish extermination service for your place of residence in Quebec? Contact Elite Pest Control to get rid of these unsightly insects today!","breadcrumb":{"@id":"https:\/\/eliteextermination.com\/en\/insects-pests\/silverfish-extermination\/#breadcrumb"},"inLanguage":"en-CA","potentialAction":[{"@type":"ReadAction","target":["https:\/\/eliteextermination.com\/en\/insects-pests\/silverfish-extermination\/"]}]},{"@type":"ImageObject","inLanguage":"en-CA","@id":"https:\/\/eliteextermination.com\/en\/insects-pests\/silverfish-extermination\/#primaryimage","url":"https:\/\/eliteextermination.com\/wp-content\/uploads\/2017\/07\/poisson-argent.jpg","contentUrl":"https:\/\/eliteextermination.com\/wp-content\/uploads\/2017\/07\/poisson-argent.jpg","width":216,"height":216},{"@type":"BreadcrumbList","@id":"https:\/\/eliteextermination.com\/en\/insects-pests\/silverfish-extermination\/#breadcrumb","itemListElement":[{"@type":"ListItem","position":1,"name":"Home","item":"https:\/\/eliteextermination.com\/en\/"},{"@type":"ListItem","position":2,"name":"INTRUDERS","item":"https:\/\/eliteextermination.com\/en\/insects-pests\/"},{"@type":"ListItem","position":3,"name":"Silverfish Extermination"}]},{"@type":"WebSite","@id":"https:\/\/eliteextermination.com\/en\/#website","url":"https:\/\/eliteextermination.com\/en\/","name":"\u00c9lite Extermination","description":"Pest Control Experts in Montreal, Laval, St-J\u00e9r\u00f4me, Repentigny, Trois-Rivi\u00e8res, Gatineau, South Shore","potentialAction":[{"@type":"SearchAction","target":{"@type":"EntryPoint","urlTemplate":"https:\/\/eliteextermination.com\/en\/?s={search_term_string}"},"query-input":{"@type":"PropertyValueSpecification","valueRequired":true,"valueName":"search_term_string"}}],"inLanguage":"en-CA"},false]}},"yasr_visitor_votes":{"stars_attributes":{"read_only":false,"span_bottom":false},"number_of_votes":0,"sum_votes":0},"_links":{"self":[{"href":"https:\/\/eliteextermination.com\/en\/wp-json\/wp\/v2\/pages\/1857","targetHints":{"allow":["GET"]}}],"collection":[{"href":"https:\/\/eliteextermination.com\/en\/wp-json\/wp\/v2\/pages"}],"about":[{"href":"https:\/\/eliteextermination.com\/en\/wp-json\/wp\/v2\/types\/page"}],"author":[{"embeddable":true,"href":"https:\/\/eliteextermination.com\/en\/wp-json\/wp\/v2\/users\/1"}],"replies":[{"embeddable":true,"href":"https:\/\/eliteextermination.com\/en\/wp-json\/wp\/v2\/comments?post=1857"}],"version-history":[{"count":2,"href":"https:\/\/eliteextermination.com\/en\/wp-json\/wp\/v2\/pages\/1857\/revisions"}],"predecessor-version":[{"id":5286,"href":"https:\/\/eliteextermination.com\/en\/wp-json\/wp\/v2\/pages\/1857\/revisions\/5286"}],"up":[{"embeddable":true,"href":"https:\/\/eliteextermination.com\/en\/wp-json\/wp\/v2\/pages\/1668"}],"wp:featuredmedia":[{"embeddable":true,"href":"https:\/\/eliteextermination.com\/en\/wp-json\/wp\/v2\/media\/1430"}],"wp:attachment":[{"href":"https:\/\/eliteextermination.com\/en\/wp-json\/wp\/v2\/media?parent=1857"}],"wp:term":[{"taxonomy":"category","embeddable":true,"href":"https:\/\/eliteextermination.com\/en\/wp-json\/wp\/v2\/categories?post=1857"},{"taxonomy":"post_tag","embeddable":true,"href":"https:\/\/eliteextermination.com\/en\/wp-json\/wp\/v2\/tags?post=1857"}],"curies":[{"name":"wp","href":"https:\/\/api.w.org\/{rel}","templated":true}]}}