{"id":1874,"date":"2017-09-29T15:36:41","date_gmt":"2017-09-29T15:36:41","guid":{"rendered":"https:\/\/eliteextermination.com\/?page_id=1874\/"},"modified":"2024-10-15T15:09:21","modified_gmt":"2024-10-15T19:09:21","slug":"drain-fly-extermination","status":"publish","type":"page","link":"https:\/\/eliteextermination.com\/en\/insects-pests\/drain-fly-extermination\/","title":{"rendered":"Drain Fly Extermination"},"content":{"rendered":"<div class=\"wpb-content-wrapper\">[vc_row fullwidth=&#8221;true&#8221; el_class=&#8221;BackGroundImageScale &#8221; css=&#8221;.vc_custom_1505944822934{background-image: url(https:\/\/eliteextermination.com\/wp-content\/uploads\/2017\/07\/top-mouche-drain-v3.jpg?id=1069) !important;}&#8221;][vc_column][vc_column_text align=&#8221;center&#8221; el_class=&#8221;Service_Title shadow&#8221;]\n<div><span class=\"Service_HugeText\">DRAIN FLY<\/span><br \/>\n<span class=\"Contact_Bigger_Paragraph White_Text\">EXTERMINATION<br \/>\n<\/span><a href=\"\/en\/contact-us\/\"><button class=\"Button_Style_Blue Button_Centered\" type=\"button\">CONTACT US<br \/>\n<\/button><\/a><\/div>\n[\/vc_column_text][\/vc_column][\/vc_row][vc_row fullwidth=&#8221;true&#8221;][vc_column width=&#8221;2\/3&#8243;][vc_column_text align=&#8221;center&#8221; el_class=&#8221;Title_Text Centered_Text MainTitle_Margin&#8221;]\n<h1>Drain fly extermination<\/h1>\n[\/vc_column_text][vc_column_text align=&#8221;center&#8221; el_class=&#8221;Title_Paragraph_Text Centered_Text&#8221;]If you\u2019re seeing many small, moth-like flies in your bathroom, basement or kitchen, you may have an infestation of drain flies. Known also as moth flies, sink flies or <strong>sewer gnats<\/strong>, these little insects are not only a nuisance, but they\u2019re a sure sign that your drains need cleaning. That\u2019s because <strong>sink flies<\/strong> lay their eggs in the gelatinous scum that can build up on the walls of your drain pipes.[\/vc_column_text][vc_empty_space height=&#8221;80px&#8221;][\/vc_column][vc_column width=&#8221;1\/3&#8243; el_class=&#8221;bg-dark-blue col-center-top&#8221;][vc_column_text el_class=&#8221;white&#8221;]\n<h2>Contact our experts<\/h2>\n[\/vc_column_text]\n<div class=\"wpcf7 no-js\" id=\"wpcf7-f2495-o1\" lang=\"fr-FR\" dir=\"ltr\" data-wpcf7-id=\"2495\">\n<div class=\"screen-reader-response\"><p role=\"status\" aria-live=\"polite\" aria-atomic=\"true\"><\/p> <ul><\/ul><\/div>\n<form action=\"\/en\/wp-json\/wp\/v2\/pages\/1874#wpcf7-f2495-o1\" method=\"post\" class=\"wpcf7-form init\" aria-label=\"Formulaire de contact\" novalidate=\"novalidate\" data-status=\"init\">\n<fieldset class=\"hidden-fields-container\"><input type=\"hidden\" name=\"_wpcf7\" value=\"2495\" \/><input type=\"hidden\" name=\"_wpcf7_version\" value=\"6.1.4\" \/><input type=\"hidden\" name=\"_wpcf7_locale\" value=\"fr_FR\" \/><input type=\"hidden\" name=\"_wpcf7_unit_tag\" value=\"wpcf7-f2495-o1\" \/><input type=\"hidden\" name=\"_wpcf7_container_post\" value=\"0\" \/><input type=\"hidden\" name=\"_wpcf7_posted_data_hash\" value=\"\" \/><input type=\"hidden\" name=\"_wpcf7_recaptcha_response\" value=\"\" \/>\n<\/fieldset>\n<div class=\"service-form\">\n\t<p><span class=\"wpcf7-form-control-wrap\" data-name=\"typedemande\"><select class=\"wpcf7-form-control wpcf7-select wpcf7-validates-as-required\" aria-required=\"true\" aria-invalid=\"false\" name=\"typedemande\"><option value=\"\">Type of request*<\/option><option value=\"Questions or comments\">Questions or comments<\/option><option value=\"Free estimate\">Free estimate<\/option><option value=\"Emergency\">Emergency<\/option><\/select><\/span><span class=\"wpcf7-form-control-wrap\" data-name=\"last-name\"><input size=\"40\" maxlength=\"400\" class=\"wpcf7-form-control wpcf7-text wpcf7-validates-as-required\" aria-required=\"true\" aria-invalid=\"false\" placeholder=\"Last name*\" value=\"\" type=\"text\" name=\"last-name\" \/><\/span><br \/>\n<span class=\"wpcf7-form-control-wrap\" data-name=\"email\"><input size=\"40\" maxlength=\"400\" class=\"wpcf7-form-control wpcf7-email wpcf7-validates-as-required wpcf7-text wpcf7-validates-as-email\" aria-required=\"true\" aria-invalid=\"false\" placeholder=\"E-mail*\" value=\"\" type=\"email\" name=\"email\" \/><\/span><br \/>\n<span class=\"wpcf7-form-control-wrap\" data-name=\"telephone\"><input size=\"40\" maxlength=\"400\" class=\"wpcf7-form-control wpcf7-tel wpcf7-validates-as-required wpcf7-text wpcf7-validates-as-tel\" aria-required=\"true\" aria-invalid=\"false\" placeholder=\"Phone number*\" value=\"\" type=\"tel\" name=\"telephone\" \/><\/span><br \/>\n<span class=\"wpcf7-form-control-wrap\" data-name=\"message\"><textarea cols=\"40\" rows=\"10\" maxlength=\"2000\" class=\"wpcf7-form-control wpcf7-textarea wpcf7-validates-as-required\" aria-required=\"true\" aria-invalid=\"false\" placeholder=\"Message*\" name=\"message\"><\/textarea><\/span><br \/>\n\t<div class=\"wpcf7-response-output\" aria-hidden=\"true\"><\/div><br \/>\n<span id=\"wpcf7-69d4701f49c62-wrapper\" class=\"wpcf7-form-control-wrap field-wrap\" style=\"display:none !important; visibility:hidden !important;\"><label for=\"wpcf7-69d4701f49c62-field\" class=\"hp-message\">Veuillez laisser ce champ vide.<\/label><input id=\"wpcf7-69d4701f49c62-field\"  class=\"wpcf7-form-control wpcf7-text\" type=\"text\" name=\"field\" value=\"\" size=\"40\" tabindex=\"-1\" autocomplete=\"new-password\" \/><\/span><br \/>\n\t<br \/>\n<input class=\"wpcf7-form-control wpcf7-submit has-spinner Button_Style_Blue\" type=\"submit\" value=\"SEND\" \/>\n\t<\/p>\n<\/div>\n<p><script>\ndocument.addEventListener( 'wpcf7mailsent', function( event ) {\n location = 'https:\/\/eliteextermination.com\/en\/thank-you\/';\n}, false );\n<\/script>\n<\/p><input type='hidden' class='wpcf7-pum' value='{\"closepopup\":false,\"closedelay\":0,\"openpopup\":false,\"openpopup_id\":0}' \/>\n<\/form>\n<\/div>\n[\/vc_column][\/vc_row][vc_row fullwidth=&#8221;true&#8221; css=&#8221;.vc_custom_1500061025861{background-color: #e0e0e0 !important;}&#8221;][vc_column][vc_row_inner is_fullwidth_content=&#8221;false&#8221;][vc_column_inner][vc_empty_space][vc_column_text align=&#8221;center&#8221; el_class=&#8221;Title_Text&#8221;]\n<h2>Elite Pest Control to the rescue!<\/h2>\n[\/vc_column_text][vc_column_text align=&#8221;center&#8221; el_class=&#8221;SubTitle_Paragraph_Text&#8221;]If you\u2019re wondering how to get rid of your <strong>drain fly problem<\/strong>, and how to prevent the flies from coming back, we have some resources for you. Let the <a href=\"https:\/\/eliteextermination.com\/en\/pest-control-experts\/\">expert technicians<\/a> from Elite Pest Control coach you in identifying the flies and give you some DIY tips for getting rid of them. If professional prevention and <strong>drain fly extermination<\/strong> are required, we\u2019ll come right to your home to solve the problem\u2014we have pest-management teams in Gatineau, Laval, Montreal, Repentigny, St-J\u00e9r\u00f4me, Trois-Rivi\u00e8res and elsewhere <a href=\"https:\/\/eliteextermination.com\/en\/areas\/\">throughout Quebec<\/a>.[\/vc_column_text][vc_empty_space][\/vc_column_inner][\/vc_row_inner][\/vc_column][\/vc_row][vc_row fullwidth=&#8221;true&#8221; equal_columns=&#8221;true&#8221;][vc_column width=&#8221;1\/2&#8243; el_class=&#8221;Service_Col_Padding Service_Text_Margin&#8221;][vc_column_text]\n<h2>Identifying the problem<\/h2>\n<p>The drain fly is a true fly from the Psychodidae family. Adult specimens resemble small moths, as their wings and bodies are covered by a furry layer of grey hairs. Indoors, you\u2019ll most commonly notice them gathering around sinks, walls and windows, where their characteristic hop-and-fly movements set them apart from other flies.<\/p>\n<p>Typically, they stay close to the areas where they lay their eggs. This includes floor or sink drains such as those found in bathrooms, basements and kitchens. They might also lay their eggs around:<\/p>\n<ul>\n<li>Showers<\/li>\n<li>Bathtubs<\/li>\n<li>Leaky washing machines<\/li>\n<li>Plumbing systems<\/li>\n<li>Storm drains<\/li>\n<li>Sewers or sewage treatment facilities<\/li>\n<li>Sump-pump pits<\/li>\n<\/ul>\n<p>Larger populations of these flies have been known to flourish in infrequently used residences, such as summer homes, or in drains that have been damaged and are not draining properly.[\/vc_column_text][\/vc_column][vc_column width=&#8221;1\/2&#8243; el_class=&#8221;Service_Col_Padding Service_Text_Margin bg-light-grey&#8221;][vc_column_text]\n<h2>Are drain flies harmful?<\/h2>\n<p>Drain flies are more a nuisance than a harmful pest, as they\u2019re not known to transmit pathogens to humans. However, it\u2019s important not to let them linger in your home. Here\u2019s why:<\/p>\n<p>&nbsp;<\/p>\n<ol>\n<li><strong> They\u2019re hard to get rid of.<\/strong> The small size of drain flies makes it easy for them to pass through mesh drain covers. The longer you leave the problem, the bigger it will grow.<\/li>\n<\/ol>\n<p>&nbsp;<\/p>\n<ol start=\"2\">\n<li><strong> Their presence is unpleasant.<\/strong> The presence of bugs doesn\u2019t necessarily mean your home or business isn\u2019t clean, but a cloud of sink moths in the bathroom or kitchen could colour the impression you give visitors. It\u2019s also inconvenient to leave dirty smudges on walls and tiles every time you kill one with a fly swatter.<\/li>\n<\/ol>\n[\/vc_column_text][\/vc_column][\/vc_row][vc_row fullwidth=&#8221;true&#8221; fullwidth_content=&#8221;false&#8221; el_class=&#8221;bg-blue row-padding&#8221;][vc_column][vc_column_text align=&#8221;center&#8221; el_class=&#8221;SubTitle_Paragraph_Text White_Text&#8221;]\n<p style=\"text-align: center;\">Drain flies might also be an indication that there has been a break or backup in the sewer system.<\/p>\n[\/vc_column_text][\/vc_column][\/vc_row][vc_row fullwidth=&#8221;true&#8221; fullwidth_content=&#8221;false&#8221; equal_columns=&#8221;true&#8221; el_class=&#8221;row-padding&#8221;][vc_column][vc_column_text align=&#8221;center&#8221;]\n<h2 style=\"text-align: center;\">Physical description<\/h2>\n[\/vc_column_text][vc_row_inner][vc_column_inner width=&#8221;1\/2&#8243;][vc_column_text]Drain flies are small, usually from 1 to 5 mm in length. Their silvery grey fur ranges from the head and body to the wings, which are broad, rounded and typically held at an angle above the body. The wings aren\u2019t designed to fly any kind of distance, which accounts for the erratic flying and walking pattern of these insects.[\/vc_column_text][\/vc_column_inner][vc_column_inner width=&#8221;1\/2&#8243;][vc_column_text]The drain fly lays its eggs in clusters that contain from 30 to 100 eggs. Larvae emerge within 48 hours of laying. The larval stage lasts between 9 and 15 days, while the pupae remain in that stage for only about 20 to 40 hours.<\/p>\n<p>The larvae and the pupae are cylindrical and somewhat longer than the adult flies, usually 4 to 5 mm in length. They\u2019re sometimes called \u201cmaggots\u201d during these phases. These early-stage <strong>sink flies<\/strong> thrive in the moist decaying matter that lines your sewage and grey-water drains.[\/vc_column_text][\/vc_column_inner][\/vc_row_inner][\/vc_column][\/vc_row][vc_row fullwidth=&#8221;true&#8221; fullwidth_content=&#8221;false&#8221;][vc_column][vc_column_text el_class=&#8221;highlight-black&#8221;]\n<p style=\"text-align: center;\">Sink flies get the oxygen they need by extending a breathing tube towards the surface of the gelatinous scum they\u2019re embedded in.<\/p>\n[\/vc_column_text][\/vc_column][\/vc_row][vc_row fullwidth=&#8221;true&#8221; fullwidth_content=&#8221;false&#8221; el_class=&#8221;row-padding bg-dark-grey&#8221;][vc_column][vc_column_text align=&#8221;center&#8221;]\n<h2>How to get rid of them<\/h2>\n<p>The first step in <strong>getting rid of drain flies<\/strong> is to figure out where the flies are laying their eggs. Once you find the drain in question, you\u2019ll need to clean the drain pipes or <a href=\"https:\/\/eliteextermination.com\/en\/pest-extermination\/\">have the job done by a professional exterminator<\/a> or plumber. This is usually enough to solve the problem.<\/p>\n<p>If you\u2019re doing the job yourself, use a home-plumbing product designed to dissolve and remove clogs and organic buildup. Next, use a specially designed brush or sewer snake to scrape clean the walls of the pipes. Don\u2019t forget the overflow drain on sinks and bathtubs, and be sure you open and thoroughly clean out the P-trap (U-bend).<\/p>\n<p>In a nutshell, what you need to remember is that<strong> drain fly prevention<\/strong> is essentially a matter of performing regular home maintenance:<\/p>\n<ul>\n<li>Clean drains on a frequent basis<\/li>\n<li>Don\u2019t allow standing water to linger in the kitchen, bathroom or basement<\/li>\n<li>Repair sewer system leaks or backups immediately<\/li>\n<\/ul>\n[\/vc_column_text][\/vc_column][\/vc_row][vc_row fullwidth=&#8221;true&#8221; css=&#8221;.vc_custom_1505926959021{background-color: #0055c5 !important;}&#8221; el_class=&#8221;row-call&#8221;][vc_column][vc_empty_space height=&#8221;40px&#8221;][vc_row_inner is_fullwidth_content=&#8221;false&#8221;][vc_column_inner][vc_column_text el_class=&#8221;SubTitle_Paragraph_Text White_Text&#8221;]\n<p style=\"text-align: center;\">If sink flies continue to reproduce in your home or place of business, <a href=\"https:\/\/eliteextermination.com\/en\/contact-us\/\">contact us<\/a> and book a free inspection. A certified Elite Pest Control technician will find the source and exterminate these nuisance flies safely and effectively.<\/p>\n[\/vc_column_text][\/vc_column_inner][\/vc_row_inner][vc_empty_space height=&#8221;45px&#8221;][\/vc_column][\/vc_row]\n<\/div>","protected":false},"excerpt":{"rendered":"<p>[vc_row fullwidth=&#8221;true&#8221; el_class=&#8221;BackGroundImageScale &#8221; css=&#8221;.vc_custom_1505944822934{background-image: url(https:\/\/eliteextermination.com\/wp-content\/uploads\/2017\/07\/top-mouche-drain-v3.jpg?id=1069) !important;}&#8221;][vc_column][vc_column_text align=&#8221;center&#8221; el_class=&#8221;Service_Title shadow&#8221;] DRAIN FLY EXTERMINATION CONTACT US [\/vc_column_text][\/vc_column][\/vc_row][vc_row fullwidth=&#8221;true&#8221;][vc_column width=&#8221;2\/3&#8243;][vc_column_text align=&#8221;center&#8221; el_class=&#8221;Title_Text Centered_Text MainTitle_Margin&#8221;] Drain fly extermination [\/vc_column_text][vc_column_text align=&#8221;center&#8221; el_class=&#8221;Title_Paragraph_Text Centered_Text&#8221;]If you\u2019re seeing many small, moth-like flies in your bathroom, basement or kitchen, you may have an infestation of drain flies. Known also as moth flies, sink [&hellip;]<\/p>\n","protected":false},"author":1,"featured_media":1439,"parent":1668,"menu_order":0,"comment_status":"closed","ping_status":"closed","template":"","meta":{"_acf_changed":false,"yasr_overall_rating":0,"yasr_post_is_review":"","yasr_auto_insert_disabled":"","yasr_review_type":"","footnotes":""},"class_list":["post-1874","page","type-page","status-publish","has-post-thumbnail","hentry"],"acf":[],"yoast_head":"<!-- This site is optimized with the Yoast SEO plugin v26.9 - https:\/\/yoast.com\/product\/yoast-seo-wordpress\/ -->\n<title>Drain Fly Extermination Service | Eliminate Drain Flies in Quebec<\/title>\n<meta name=\"description\" content=\"Has your home been infested with drain flies? Contact the experts at Elite Pest Control for a trusted drain fly extermination service in Quebec today!\" \/>\n<meta name=\"robots\" content=\"index, follow, max-snippet:-1, max-image-preview:large, max-video-preview:-1\" \/>\n<link rel=\"canonical\" href=\"https:\/\/eliteextermination.com\/en\/insects-pests\/drain-fly-extermination\/\" \/>\n<meta property=\"og:locale\" content=\"en_US\" \/>\n<meta property=\"og:type\" content=\"article\" \/>\n<meta property=\"og:title\" content=\"Drain Fly Extermination Service | Eliminate Drain Flies in Quebec\" \/>\n<meta property=\"og:description\" content=\"Has your home been infested with drain flies? Contact the experts at Elite Pest Control for a trusted drain fly extermination service in Quebec today!\" \/>\n<meta property=\"og:url\" content=\"https:\/\/eliteextermination.com\/en\/insects-pests\/drain-fly-extermination\/\" \/>\n<meta property=\"og:site_name\" content=\"\u00c9lite Extermination\" \/>\n<meta property=\"article:modified_time\" content=\"2024-10-15T19:09:21+00:00\" \/>\n<meta property=\"og:image\" content=\"https:\/\/eliteextermination.com\/wp-content\/uploads\/2017\/07\/mouche-drain.jpg\" \/>\n\t<meta property=\"og:image:width\" content=\"216\" \/>\n\t<meta property=\"og:image:height\" content=\"216\" \/>\n\t<meta property=\"og:image:type\" content=\"image\/jpeg\" \/>\n<meta name=\"twitter:card\" content=\"summary_large_image\" \/>\n<meta name=\"twitter:label1\" content=\"Est. reading time\" \/>\n\t<meta name=\"twitter:data1\" content=\"5 minutes\" \/>\n<!-- \/ Yoast SEO plugin. -->","yoast_head_json":{"title":"Drain Fly Extermination Service | Eliminate Drain Flies in Quebec","description":"Has your home been infested with drain flies? Contact the experts at Elite Pest Control for a trusted drain fly extermination service in Quebec today!","robots":{"index":"index","follow":"follow","max-snippet":"max-snippet:-1","max-image-preview":"max-image-preview:large","max-video-preview":"max-video-preview:-1"},"canonical":"https:\/\/eliteextermination.com\/en\/insects-pests\/drain-fly-extermination\/","og_locale":"en_US","og_type":"article","og_title":"Drain Fly Extermination Service | Eliminate Drain Flies in Quebec","og_description":"Has your home been infested with drain flies? Contact the experts at Elite Pest Control for a trusted drain fly extermination service in Quebec today!","og_url":"https:\/\/eliteextermination.com\/en\/insects-pests\/drain-fly-extermination\/","og_site_name":"\u00c9lite Extermination","article_modified_time":"2024-10-15T19:09:21+00:00","og_image":[{"width":216,"height":216,"url":"https:\/\/eliteextermination.com\/wp-content\/uploads\/2017\/07\/mouche-drain.jpg","type":"image\/jpeg"}],"twitter_card":"summary_large_image","twitter_misc":{"Est. reading time":"5 minutes"},"schema":{"@context":"https:\/\/schema.org","@graph":[{"@type":"WebPage","@id":"https:\/\/eliteextermination.com\/en\/insects-pests\/drain-fly-extermination\/","url":"https:\/\/eliteextermination.com\/en\/insects-pests\/drain-fly-extermination\/","name":"Drain Fly Extermination Service | Eliminate Drain Flies in Quebec","isPartOf":{"@id":"https:\/\/eliteextermination.com\/en\/#website"},"primaryImageOfPage":{"@id":"https:\/\/eliteextermination.com\/en\/insects-pests\/drain-fly-extermination\/#primaryimage"},"image":{"@id":"https:\/\/eliteextermination.com\/en\/insects-pests\/drain-fly-extermination\/#primaryimage"},"thumbnailUrl":"https:\/\/eliteextermination.com\/wp-content\/uploads\/2017\/07\/mouche-drain.jpg","datePublished":"2017-09-29T15:36:41+00:00","dateModified":"2024-10-15T19:09:21+00:00","description":"Has your home been infested with drain flies? Contact the experts at Elite Pest Control for a trusted drain fly extermination service in Quebec today!","breadcrumb":{"@id":"https:\/\/eliteextermination.com\/en\/insects-pests\/drain-fly-extermination\/#breadcrumb"},"inLanguage":"en-CA","potentialAction":[{"@type":"ReadAction","target":["https:\/\/eliteextermination.com\/en\/insects-pests\/drain-fly-extermination\/"]}]},{"@type":"ImageObject","inLanguage":"en-CA","@id":"https:\/\/eliteextermination.com\/en\/insects-pests\/drain-fly-extermination\/#primaryimage","url":"https:\/\/eliteextermination.com\/wp-content\/uploads\/2017\/07\/mouche-drain.jpg","contentUrl":"https:\/\/eliteextermination.com\/wp-content\/uploads\/2017\/07\/mouche-drain.jpg","width":216,"height":216},{"@type":"BreadcrumbList","@id":"https:\/\/eliteextermination.com\/en\/insects-pests\/drain-fly-extermination\/#breadcrumb","itemListElement":[{"@type":"ListItem","position":1,"name":"Home","item":"https:\/\/eliteextermination.com\/en\/"},{"@type":"ListItem","position":2,"name":"INTRUDERS","item":"https:\/\/eliteextermination.com\/en\/insects-pests\/"},{"@type":"ListItem","position":3,"name":"Drain Fly Extermination"}]},{"@type":"WebSite","@id":"https:\/\/eliteextermination.com\/en\/#website","url":"https:\/\/eliteextermination.com\/en\/","name":"\u00c9lite Extermination","description":"Pest Control Experts in Montreal, Laval, St-J\u00e9r\u00f4me, Repentigny, Trois-Rivi\u00e8res, Gatineau, South Shore","potentialAction":[{"@type":"SearchAction","target":{"@type":"EntryPoint","urlTemplate":"https:\/\/eliteextermination.com\/en\/?s={search_term_string}"},"query-input":{"@type":"PropertyValueSpecification","valueRequired":true,"valueName":"search_term_string"}}],"inLanguage":"en-CA"},false]}},"yasr_visitor_votes":{"stars_attributes":{"read_only":false,"span_bottom":false},"number_of_votes":0,"sum_votes":0},"_links":{"self":[{"href":"https:\/\/eliteextermination.com\/en\/wp-json\/wp\/v2\/pages\/1874","targetHints":{"allow":["GET"]}}],"collection":[{"href":"https:\/\/eliteextermination.com\/en\/wp-json\/wp\/v2\/pages"}],"about":[{"href":"https:\/\/eliteextermination.com\/en\/wp-json\/wp\/v2\/types\/page"}],"author":[{"embeddable":true,"href":"https:\/\/eliteextermination.com\/en\/wp-json\/wp\/v2\/users\/1"}],"replies":[{"embeddable":true,"href":"https:\/\/eliteextermination.com\/en\/wp-json\/wp\/v2\/comments?post=1874"}],"version-history":[{"count":6,"href":"https:\/\/eliteextermination.com\/en\/wp-json\/wp\/v2\/pages\/1874\/revisions"}],"predecessor-version":[{"id":5904,"href":"https:\/\/eliteextermination.com\/en\/wp-json\/wp\/v2\/pages\/1874\/revisions\/5904"}],"up":[{"embeddable":true,"href":"https:\/\/eliteextermination.com\/en\/wp-json\/wp\/v2\/pages\/1668"}],"wp:featuredmedia":[{"embeddable":true,"href":"https:\/\/eliteextermination.com\/en\/wp-json\/wp\/v2\/media\/1439"}],"wp:attachment":[{"href":"https:\/\/eliteextermination.com\/en\/wp-json\/wp\/v2\/media?parent=1874"}],"curies":[{"name":"wp","href":"https:\/\/api.w.org\/{rel}","templated":true}]}}