{"id":1878,"date":"2017-09-29T15:47:31","date_gmt":"2017-09-29T15:47:31","guid":{"rendered":"https:\/\/eliteextermination.com\/?page_id=1878\/"},"modified":"2024-02-16T14:52:16","modified_gmt":"2024-02-16T19:52:16","slug":"fruit-fly-exterminator","status":"publish","type":"page","link":"https:\/\/eliteextermination.com\/en\/insects-pests\/fruit-fly-exterminator\/","title":{"rendered":"Fruit fly Extermination"},"content":{"rendered":"<div class=\"wpb-content-wrapper\">[vc_row fullwidth=&#8221;true&#8221; el_class=&#8221;BackGroundImageScale &#8221; css=&#8221;.vc_custom_1505943483653{background-image: url(https:\/\/eliteextermination.com\/wp-content\/uploads\/2017\/07\/top-mouches-fruits.jpg?id=1058) !important;}&#8221;][vc_column][vc_column_text align=&#8221;center&#8221; el_class=&#8221;Service_Title &#8220;]\n<div><span class=\"Service_HugeText\">FRUIT FLY<\/span><br \/>\n<span class=\"Contact_Bigger_Paragraph White_Text\">EXTERMINATION<\/span><a href=\"\/en\/contact-us\/\"><button class=\"Button_Style_Blue Button_Centered\" type=\"button\">CONTACT US<\/button><\/a><\/div>\n[\/vc_column_text][\/vc_column][\/vc_row][vc_row fullwidth=&#8221;true&#8221;][vc_column width=&#8221;2\/3&#8243;][vc_column_text align=&#8221;center&#8221; el_class=&#8221;Title_Text Centered_Text MainTitle_Margin&#8221;]\n<h1>Is fruit fly extermination possible?<\/h1>\n[\/vc_column_text][vc_column_text align=&#8221;center&#8221; el_class=&#8221;Title_Paragraph_Text Centered_Text&#8221;]Your kitchen has been invaded by tiny fruit flies and you don\u2019t know what to do about it? Let our pest management experts share a few tips and tricks with you so you can win the battle against these flying insects. If that\u2019s not enough, you can always call us. Professional fruit-fly extermination is possible\u2014we can solve your problem in no time![\/vc_column_text][vc_empty_space height=&#8221;80px&#8221;][\/vc_column][vc_column width=&#8221;1\/3&#8243; el_class=&#8221;bg-dark-blue col-center-top&#8221;][vc_column_text el_class=&#8221;white&#8221;]\n<h2>Contact our experts<\/h2>\n[\/vc_column_text]\n<div class=\"wpcf7 no-js\" id=\"wpcf7-f2495-o1\" lang=\"fr-FR\" dir=\"ltr\" data-wpcf7-id=\"2495\">\n<div class=\"screen-reader-response\"><p role=\"status\" aria-live=\"polite\" aria-atomic=\"true\"><\/p> <ul><\/ul><\/div>\n<form action=\"\/en\/wp-json\/wp\/v2\/pages\/1878#wpcf7-f2495-o1\" method=\"post\" class=\"wpcf7-form init\" aria-label=\"Formulaire de contact\" novalidate=\"novalidate\" data-status=\"init\">\n<fieldset class=\"hidden-fields-container\"><input type=\"hidden\" name=\"_wpcf7\" value=\"2495\" \/><input type=\"hidden\" name=\"_wpcf7_version\" value=\"6.1.4\" \/><input type=\"hidden\" name=\"_wpcf7_locale\" value=\"fr_FR\" \/><input type=\"hidden\" name=\"_wpcf7_unit_tag\" value=\"wpcf7-f2495-o1\" \/><input type=\"hidden\" name=\"_wpcf7_container_post\" value=\"0\" \/><input type=\"hidden\" name=\"_wpcf7_posted_data_hash\" value=\"\" \/><input type=\"hidden\" name=\"_wpcf7_recaptcha_response\" value=\"\" \/>\n<\/fieldset>\n<div class=\"service-form\">\n\t<p><span class=\"wpcf7-form-control-wrap\" data-name=\"typedemande\"><select class=\"wpcf7-form-control wpcf7-select wpcf7-validates-as-required\" aria-required=\"true\" aria-invalid=\"false\" name=\"typedemande\"><option value=\"\">Type of request*<\/option><option value=\"Questions or comments\">Questions or comments<\/option><option value=\"Free estimate\">Free estimate<\/option><option value=\"Emergency\">Emergency<\/option><\/select><\/span><span class=\"wpcf7-form-control-wrap\" data-name=\"last-name\"><input size=\"40\" maxlength=\"400\" class=\"wpcf7-form-control wpcf7-text wpcf7-validates-as-required\" aria-required=\"true\" aria-invalid=\"false\" placeholder=\"Last name*\" value=\"\" type=\"text\" name=\"last-name\" \/><\/span><br \/>\n<span class=\"wpcf7-form-control-wrap\" data-name=\"email\"><input size=\"40\" maxlength=\"400\" class=\"wpcf7-form-control wpcf7-email wpcf7-validates-as-required wpcf7-text wpcf7-validates-as-email\" aria-required=\"true\" aria-invalid=\"false\" placeholder=\"E-mail*\" value=\"\" type=\"email\" name=\"email\" \/><\/span><br \/>\n<span class=\"wpcf7-form-control-wrap\" data-name=\"telephone\"><input size=\"40\" maxlength=\"400\" class=\"wpcf7-form-control wpcf7-tel wpcf7-validates-as-required wpcf7-text wpcf7-validates-as-tel\" aria-required=\"true\" aria-invalid=\"false\" placeholder=\"Phone number*\" value=\"\" type=\"tel\" name=\"telephone\" \/><\/span><br \/>\n<span class=\"wpcf7-form-control-wrap\" data-name=\"message\"><textarea cols=\"40\" rows=\"10\" maxlength=\"2000\" class=\"wpcf7-form-control wpcf7-textarea wpcf7-validates-as-required\" aria-required=\"true\" aria-invalid=\"false\" placeholder=\"Message*\" name=\"message\"><\/textarea><\/span><br \/>\n\t<div class=\"wpcf7-response-output\" aria-hidden=\"true\"><\/div><br \/>\n<span id=\"wpcf7-69d7f6ed817f1-wrapper\" class=\"wpcf7-form-control-wrap field-wrap\" style=\"display:none !important; visibility:hidden !important;\"><label for=\"wpcf7-69d7f6ed817f1-field\" class=\"hp-message\">Veuillez laisser ce champ vide.<\/label><input id=\"wpcf7-69d7f6ed817f1-field\"  class=\"wpcf7-form-control wpcf7-text\" type=\"text\" name=\"field\" value=\"\" size=\"40\" tabindex=\"-1\" autocomplete=\"new-password\" \/><\/span><br \/>\n\t<br \/>\n<input class=\"wpcf7-form-control wpcf7-submit has-spinner Button_Style_Blue\" type=\"submit\" value=\"SEND\" \/>\n\t<\/p>\n<\/div>\n<p><script>\ndocument.addEventListener( 'wpcf7mailsent', function( event ) {\n location = 'https:\/\/eliteextermination.com\/en\/thank-you\/';\n}, false );\n<\/script>\n<\/p><input type='hidden' class='wpcf7-pum' value='{\"closepopup\":false,\"closedelay\":0,\"openpopup\":false,\"openpopup_id\":0}' \/>\n<\/form>\n<\/div>\n[\/vc_column][\/vc_row][vc_row fullwidth=&#8221;true&#8221; css=&#8221;.vc_custom_1500061025861{background-color: #e0e0e0 !important;}&#8221;][vc_column][vc_row_inner is_fullwidth_content=&#8221;false&#8221;][vc_column_inner][vc_empty_space][vc_column_text align=&#8221;center&#8221; el_class=&#8221;Title_Text&#8221;]\n<h2>What is a fruit fly?<\/h2>\n[\/vc_column_text][vc_column_text align=&#8221;center&#8221; el_class=&#8221;SubTitle_Paragraph_Text&#8221;]The most common fruit fly found in North America comes from the Drosophila family. The Drosophila genus alone contains 400 species of flies\u2014it\u2019s enough to boggle the mind and challenge the Latin of fly exterminators and homeowners alike!<\/p>\n<p>If you live in Quebec, the little <strong>fruit flies<\/strong> you\u2019re seeing near your fruit bowl or kitchen compost container belong to the order Diptera; more specifically, they are the <a href=\"https:\/\/en.wikipedia.org\/wiki\/Drosophila_melanogaster\"><em>Drosophila melanogaster<\/em><\/a>. They are sometimes called <strong>vinegar flies<\/strong>.<\/p>\n<p>This species has two wings, while most other flying insects have four wings. Drosophila are about 3 to 4 mm long and they have red eyes, a yellowish-brown striped body and a few hairs of uneven length.[\/vc_column_text][vc_empty_space][\/vc_column_inner][\/vc_row_inner][\/vc_column][\/vc_row][vc_row fullwidth=&#8221;true&#8221; equal_columns=&#8221;true&#8221;][vc_column width=&#8221;1\/2&#8243; el_class=&#8221;Service_Col_Padding Service_Text_Margin&#8221;][vc_column_text]\n<h2>The favorite hangouts of fruit flies<\/h2>\n<p>In the wild, fruit flies search out decomposing plant material, such as dead trees and fungi, along the edges of ponds and marshes. They feed on flower nectar and tree sap.<\/p>\n<p>In human dwellings, fruit flies and their larvae feed on ripe or decaying fruits and vegetables and fermented products, including:<\/p>\n<ul>\n<li>Wine<\/li>\n<li>Beer<\/li>\n<li>Cider<\/li>\n<li>Vinegar<\/li>\n<\/ul>\n<p>It\u2019s in this kind of moist environment that the <strong>fruit fly<\/strong> lays its eggs. The larvae will then seek out a dryer environment where they will turn into nymphs and then, eventually, into mature flies.<\/p>\n<p>These adult <strong>flying insects<\/strong> will now look for sweetness, moisture and light, which is why you\u2019ll often see them congregating near your kitchen window and sink.[\/vc_column_text][\/vc_column][vc_column width=&#8221;1\/2&#8243; el_class=&#8221;Service_Col_Padding Service_Text_Margin bg-light-grey&#8221;][vc_column_text]\n<h2>How did fruit flies get into my house?<\/h2>\n<p>Fruit flies don\u2019t typically get into your home through open windows. Most often, you\u2019ll accidentally introduce them into your home via the fresh produce you buy at the grocery store or fruit market. Because they establish their populations in any kind of decaying vegetable matter, fruit flies can be found just about everywhere:<\/p>\n<ul>\n<li>Food processing plants<\/li>\n<li>Grocery stores<\/li>\n<li>Farmers markets<\/li>\n<li>Restaurants<\/li>\n<li>Food warehouses<\/li>\n<li>Breweries<\/li>\n<li>Hospitals<\/li>\n<\/ul>\n[\/vc_column_text][\/vc_column][\/vc_row][vc_row fullwidth=&#8221;true&#8221; fullwidth_content=&#8221;false&#8221; el_class=&#8221;bg-blue row-padding&#8221;][vc_column][vc_column_text align=&#8221;center&#8221; el_class=&#8221;SubTitle_Paragraph_Text White_Text&#8221;]\n<p style=\"text-align: center;\">As hard as you might try hard to get rid of fruit flies yourself, it\u2019s practically impossible to keep them out of your home all together. What you can do, however, is take measures to control their numbers.<\/p>\n[\/vc_column_text][\/vc_column][\/vc_row][vc_row fullwidth=&#8221;true&#8221; fullwidth_content=&#8221;false&#8221; equal_columns=&#8221;true&#8221; el_class=&#8221;row-padding&#8221;][vc_column][vc_column_text align=&#8221;center&#8221;]\n<h2 style=\"text-align: center;\">Keep a clean house to prevent the proliferation of fruit flies<\/h2>\n[\/vc_column_text][vc_row_inner][vc_column_inner width=&#8221;1\/2&#8243;][vc_column_text]when you must be especially vigilant\u2014even more so if you compost your kitchen waste.<\/p>\n<p>Keeping your home clean, especially your kitchen, is the absolute basic requirement if you want to <strong>say goodbye to fruit flies<\/strong> once and for all. If you don\u2019t leave out any kind of food waste anywhere, you can eliminate larvae before they turn into flies. Here are our recommendations:<\/p>\n<ul>\n<li><strong>Keep an eye on fruits left out to ripen.<\/strong> Inspect them from time to time, and eat or cook any that are beginning to over-ripen. Pay special attention to bananas, pineapples and tomatoes.<\/li>\n<li><strong>Dispose of fruit and vegetable peelings properly.<\/strong> Throw away or compost banana peels and other organic waste. Don\u2019t leave peels laying around on counter tops or at the table; they\u2019ll quickly attract fruit flies.<\/li>\n<\/ul>\n[\/vc_column_text][\/vc_column_inner][vc_column_inner width=&#8221;1\/2&#8243;][vc_column_text]\n<ul>\n<li><strong>Keep your garbage bag closed.<\/strong> If you use a garbage bin, wash it out whenever you change the bag, especially if it has leaked any liquid.<\/li>\n<li><strong>Rinse out any containers you recycle.<\/strong> Wash out tin cans, juice bottles, pop and beer cans, milk cartons, etc.<\/li>\n<li><strong>Empty your compost container every day.<\/strong> Wash it out as well, and put a thin layer of newspaper on the bottom to absorb liquids (you can compost it with your waste).<\/li>\n<li><strong>Clean up any spills immediately.<\/strong> Wash up spilled liquids right away. Wipe down your countertops frequently and clean up food spatters on the walls and stove.<\/li>\n<li><strong>Keep your mops, sponges, scrubbers and dish towels clean.<\/strong> Wash them in hot water with vinegar and baking soda (or bleach) and dry them outdoors when possible. This is especially important if you already have a <strong>fruit fly problem<\/strong> in your home.<\/li>\n<li><strong>Check sink drains. <\/strong>Make sure they\u2019re draining properly, as an accumulation of organic matter in the pipes can attract fruit flies.<\/li>\n<\/ul>\n[\/vc_column_text][\/vc_column_inner][\/vc_row_inner][\/vc_column][\/vc_row][vc_row fullwidth=&#8221;true&#8221; fullwidth_content=&#8221;false&#8221;][vc_column][vc_column_text el_class=&#8221;highlight-black&#8221;]\n<p style=\"text-align: center;\">These simple measures can make the difference between having a fruit fly here or there and clouds of the tiny insects swarming around your kitchen counter.<\/p>\n[\/vc_column_text][\/vc_column][\/vc_row][vc_row fullwidth=&#8221;true&#8221; fullwidth_content=&#8221;false&#8221; el_class=&#8221;row-padding bg-dark-grey&#8221;][vc_column][vc_column_text align=&#8221;center&#8221;]\n<h2>Tips and tricks to get rid of fruit flies<\/h2>\n<p>If you don\u2019t want to buy a commercially made product, it\u2019s fairly easy to make a <strong>homemade fruit fly trap<\/strong>:<\/p>\n<h3>A bowl of soapy water<\/h3>\n<p>Pour a few drops of dish soap into a bowl of water. Stir slightly to get some lather, and submerge some fruit peels (bananas, apples, pears, etc.) in the liquid. Fruit flies will be attracted in no time, and before you know it, several flying insects will have drowned themselves in your trap.<\/p>\n<h3>A glass of wine<\/h3>\n<p>Pour a little wine into a glass and cover it with plastic wrap; keep the plastic film on with an elastic band around the rim. Poke some small holes in the film with a fork, and place the glass near the problem area. The fruit flies will have a good time before they meet their end!<\/p>\n<h3>The funnel trap<\/h3>\n<p>Place a narrow funnel or a piece of paper folded into a funnel in the opening of a jar containing a piece of banana sprinkled with yeast. Fruit flies will fly directly into the trap and not be able to get out.<\/p>\n<h3>Essential oils<\/h3>\n<p>Fruit flies don\u2019t like the smell of basil, lemongrass or lavender. Place a basil plant close to your fruit basket, or sprinkle a mixture of water and lavender or lemongrass essential oil around your kitchen. Not only might you get rid of the flies, but your home will smell good too. [\/vc_column_text][\/vc_column][\/vc_row][vc_row fullwidth=&#8221;true&#8221; css=&#8221;.vc_custom_1505926959021{background-color: #0055c5 !important;}&#8221; el_class=&#8221;row-call&#8221;][vc_column][vc_empty_space height=&#8221;40px&#8221;][vc_row_inner is_fullwidth_content=&#8221;false&#8221;][vc_column_inner][vc_column_text el_class=&#8221;SubTitle_Paragraph_Text White_Text&#8221;]\n<p style=\"text-align: center;\">If you\u2019ve tried these tips and still can\u2019t <strong>get rid of your fruit flies<\/strong>, <a href=\"https:\/\/eliteextermination.com\/en\/contact-us\/\">call Elite Pest Control<\/a>. Our expert technicians are ready to help you in <a href=\"https:\/\/eliteextermination.com\/en\/areas\/\">many locations<\/a>, including Gatineau, Laval, Montreal, Repentigny, St-J\u00e9r\u00f4me, Trois-Rivi\u00e8res and elsewhere throughout Quebec.<\/p>\n[\/vc_column_text][\/vc_column_inner][\/vc_row_inner][vc_empty_space height=&#8221;45px&#8221;][\/vc_column][\/vc_row]\n<\/div>","protected":false},"excerpt":{"rendered":"<p>[vc_row fullwidth=&#8221;true&#8221; el_class=&#8221;BackGroundImageScale &#8221; css=&#8221;.vc_custom_1505943483653{background-image: url(https:\/\/eliteextermination.com\/wp-content\/uploads\/2017\/07\/top-mouches-fruits.jpg?id=1058) !important;}&#8221;][vc_column][vc_column_text align=&#8221;center&#8221; el_class=&#8221;Service_Title &#8220;] FRUIT FLY EXTERMINATIONCONTACT US [\/vc_column_text][\/vc_column][\/vc_row][vc_row fullwidth=&#8221;true&#8221;][vc_column width=&#8221;2\/3&#8243;][vc_column_text align=&#8221;center&#8221; el_class=&#8221;Title_Text Centered_Text MainTitle_Margin&#8221;] Is fruit fly extermination possible? [\/vc_column_text][vc_column_text align=&#8221;center&#8221; el_class=&#8221;Title_Paragraph_Text Centered_Text&#8221;]Your kitchen has been invaded by tiny fruit flies and you don\u2019t know what to do about it? Let our pest management experts share a few [&hellip;]<\/p>\n","protected":false},"author":1,"featured_media":1441,"parent":1668,"menu_order":0,"comment_status":"closed","ping_status":"closed","template":"","meta":{"_acf_changed":false,"yasr_overall_rating":0,"yasr_post_is_review":"","yasr_auto_insert_disabled":"","yasr_review_type":"","footnotes":""},"class_list":["post-1878","page","type-page","status-publish","has-post-thumbnail","hentry"],"acf":[],"yoast_head":"<!-- This site is optimized with the Yoast SEO plugin v26.9 - https:\/\/yoast.com\/product\/yoast-seo-wordpress\/ -->\n<title>Fruit Fly Extermination Service | Find a Fly Exterminator in Quebec<\/title>\n<meta name=\"description\" content=\"Does your home have a problem with fruit flies? Contact the experts at Elite Pest Control for a trusted fruit fly extermination service in Quebec today!\" \/>\n<meta name=\"robots\" content=\"index, follow, max-snippet:-1, max-image-preview:large, max-video-preview:-1\" \/>\n<link rel=\"canonical\" href=\"https:\/\/eliteextermination.com\/en\/insects-pests\/fruit-fly-exterminator\/\" \/>\n<meta property=\"og:locale\" content=\"en_US\" \/>\n<meta property=\"og:type\" content=\"article\" \/>\n<meta property=\"og:title\" content=\"Fruit Fly Extermination Service | Find a Fly Exterminator in Quebec\" \/>\n<meta property=\"og:description\" content=\"Does your home have a problem with fruit flies? Contact the experts at Elite Pest Control for a trusted fruit fly extermination service in Quebec today!\" \/>\n<meta property=\"og:url\" content=\"https:\/\/eliteextermination.com\/en\/insects-pests\/fruit-fly-exterminator\/\" \/>\n<meta property=\"og:site_name\" content=\"\u00c9lite Extermination\" \/>\n<meta property=\"article:modified_time\" content=\"2024-02-16T19:52:16+00:00\" \/>\n<meta property=\"og:image\" content=\"https:\/\/eliteextermination.com\/wp-content\/uploads\/2017\/07\/mouche-fruits-drosophile.jpg\" \/>\n\t<meta property=\"og:image:width\" content=\"216\" \/>\n\t<meta property=\"og:image:height\" content=\"216\" \/>\n\t<meta property=\"og:image:type\" content=\"image\/jpeg\" \/>\n<meta name=\"twitter:card\" content=\"summary_large_image\" \/>\n<meta name=\"twitter:label1\" content=\"Est. reading time\" \/>\n\t<meta name=\"twitter:data1\" content=\"6 minutes\" \/>\n<!-- \/ Yoast SEO plugin. -->","yoast_head_json":{"title":"Fruit Fly Extermination Service | Find a Fly Exterminator in Quebec","description":"Does your home have a problem with fruit flies? Contact the experts at Elite Pest Control for a trusted fruit fly extermination service in Quebec today!","robots":{"index":"index","follow":"follow","max-snippet":"max-snippet:-1","max-image-preview":"max-image-preview:large","max-video-preview":"max-video-preview:-1"},"canonical":"https:\/\/eliteextermination.com\/en\/insects-pests\/fruit-fly-exterminator\/","og_locale":"en_US","og_type":"article","og_title":"Fruit Fly Extermination Service | Find a Fly Exterminator in Quebec","og_description":"Does your home have a problem with fruit flies? Contact the experts at Elite Pest Control for a trusted fruit fly extermination service in Quebec today!","og_url":"https:\/\/eliteextermination.com\/en\/insects-pests\/fruit-fly-exterminator\/","og_site_name":"\u00c9lite Extermination","article_modified_time":"2024-02-16T19:52:16+00:00","og_image":[{"width":216,"height":216,"url":"https:\/\/eliteextermination.com\/wp-content\/uploads\/2017\/07\/mouche-fruits-drosophile.jpg","type":"image\/jpeg"}],"twitter_card":"summary_large_image","twitter_misc":{"Est. reading time":"6 minutes"},"schema":{"@context":"https:\/\/schema.org","@graph":[{"@type":"WebPage","@id":"https:\/\/eliteextermination.com\/en\/insects-pests\/fruit-fly-exterminator\/","url":"https:\/\/eliteextermination.com\/en\/insects-pests\/fruit-fly-exterminator\/","name":"Fruit Fly Extermination Service | Find a Fly Exterminator in Quebec","isPartOf":{"@id":"https:\/\/eliteextermination.com\/en\/#website"},"primaryImageOfPage":{"@id":"https:\/\/eliteextermination.com\/en\/insects-pests\/fruit-fly-exterminator\/#primaryimage"},"image":{"@id":"https:\/\/eliteextermination.com\/en\/insects-pests\/fruit-fly-exterminator\/#primaryimage"},"thumbnailUrl":"https:\/\/eliteextermination.com\/wp-content\/uploads\/2017\/07\/mouche-fruits-drosophile.jpg","datePublished":"2017-09-29T15:47:31+00:00","dateModified":"2024-02-16T19:52:16+00:00","description":"Does your home have a problem with fruit flies? Contact the experts at Elite Pest Control for a trusted fruit fly extermination service in Quebec today!","breadcrumb":{"@id":"https:\/\/eliteextermination.com\/en\/insects-pests\/fruit-fly-exterminator\/#breadcrumb"},"inLanguage":"en-CA","potentialAction":[{"@type":"ReadAction","target":["https:\/\/eliteextermination.com\/en\/insects-pests\/fruit-fly-exterminator\/"]}]},{"@type":"ImageObject","inLanguage":"en-CA","@id":"https:\/\/eliteextermination.com\/en\/insects-pests\/fruit-fly-exterminator\/#primaryimage","url":"https:\/\/eliteextermination.com\/wp-content\/uploads\/2017\/07\/mouche-fruits-drosophile.jpg","contentUrl":"https:\/\/eliteextermination.com\/wp-content\/uploads\/2017\/07\/mouche-fruits-drosophile.jpg","width":216,"height":216},{"@type":"BreadcrumbList","@id":"https:\/\/eliteextermination.com\/en\/insects-pests\/fruit-fly-exterminator\/#breadcrumb","itemListElement":[{"@type":"ListItem","position":1,"name":"Home","item":"https:\/\/eliteextermination.com\/en\/"},{"@type":"ListItem","position":2,"name":"INTRUDERS","item":"https:\/\/eliteextermination.com\/en\/insects-pests\/"},{"@type":"ListItem","position":3,"name":"Fruit fly Extermination"}]},{"@type":"WebSite","@id":"https:\/\/eliteextermination.com\/en\/#website","url":"https:\/\/eliteextermination.com\/en\/","name":"\u00c9lite Extermination","description":"Pest Control Experts in Montreal, Laval, St-J\u00e9r\u00f4me, Repentigny, Trois-Rivi\u00e8res, Gatineau, South Shore","potentialAction":[{"@type":"SearchAction","target":{"@type":"EntryPoint","urlTemplate":"https:\/\/eliteextermination.com\/en\/?s={search_term_string}"},"query-input":{"@type":"PropertyValueSpecification","valueRequired":true,"valueName":"search_term_string"}}],"inLanguage":"en-CA"},false]}},"yasr_visitor_votes":{"stars_attributes":{"read_only":false,"span_bottom":false},"number_of_votes":0,"sum_votes":0},"_links":{"self":[{"href":"https:\/\/eliteextermination.com\/en\/wp-json\/wp\/v2\/pages\/1878","targetHints":{"allow":["GET"]}}],"collection":[{"href":"https:\/\/eliteextermination.com\/en\/wp-json\/wp\/v2\/pages"}],"about":[{"href":"https:\/\/eliteextermination.com\/en\/wp-json\/wp\/v2\/types\/page"}],"author":[{"embeddable":true,"href":"https:\/\/eliteextermination.com\/en\/wp-json\/wp\/v2\/users\/1"}],"replies":[{"embeddable":true,"href":"https:\/\/eliteextermination.com\/en\/wp-json\/wp\/v2\/comments?post=1878"}],"version-history":[{"count":4,"href":"https:\/\/eliteextermination.com\/en\/wp-json\/wp\/v2\/pages\/1878\/revisions"}],"predecessor-version":[{"id":2542,"href":"https:\/\/eliteextermination.com\/en\/wp-json\/wp\/v2\/pages\/1878\/revisions\/2542"}],"up":[{"embeddable":true,"href":"https:\/\/eliteextermination.com\/en\/wp-json\/wp\/v2\/pages\/1668"}],"wp:featuredmedia":[{"embeddable":true,"href":"https:\/\/eliteextermination.com\/en\/wp-json\/wp\/v2\/media\/1441"}],"wp:attachment":[{"href":"https:\/\/eliteextermination.com\/en\/wp-json\/wp\/v2\/media?parent=1878"}],"curies":[{"name":"wp","href":"https:\/\/api.w.org\/{rel}","templated":true}]}}