{"id":1887,"date":"2017-09-29T16:17:57","date_gmt":"2017-09-29T16:17:57","guid":{"rendered":"https:\/\/eliteextermination.com\/?page_id=1887\/"},"modified":"2025-01-14T09:42:43","modified_gmt":"2025-01-14T14:42:43","slug":"lycte-extermination","status":"publish","type":"page","link":"https:\/\/eliteextermination.com\/en\/insects-pests\/lycte-extermination\/","title":{"rendered":"Powderpost beetle Extermination"},"content":{"rendered":"<div class=\"wpb-content-wrapper\">[vc_row fullwidth=&#8221;true&#8221; css=&#8221;.vc_custom_1505940813156{background-image: url(https:\/\/eliteextermination.com\/wp-content\/uploads\/2017\/07\/top-lycte.jpg?id=1045) !important;}&#8221; el_class=&#8221;BackGroundImageScale&#8221;][vc_column][vc_column_text align=&#8221;center&#8221; el_class=&#8221;Service_Title&#8221;]\n<div><span class=\"Service_HugeText\">POWDERPOST BEETLE <\/span><br \/>\n<span class=\"Contact_Bigger_Paragraph White_Text\">EXTERMINATION<\/span><a href=\"\/en\/contact-us\/\"><button class=\"Button_Style_Blue Button_Centered\" type=\"button\">CONTACT US<\/button><\/a><\/div>\n[\/vc_column_text][\/vc_column][\/vc_row][vc_row fullwidth=&#8221;true&#8221;][vc_column][vc_column_text align=&#8221;center&#8221; el_class=&#8221;Title_Text Centered_Text MainTitle_Margin&#8221;]\n<h1>The powderpost beetle extermination and prevention<\/h1>\n[\/vc_column_text][vc_column_text align=&#8221;center&#8221; el_class=&#8221;Title_Paragraph_Text Centered_Text&#8221;]If you\u2019ve noticed little round holes in your wooden furniture, door posts or baseboards, it\u2019s time to get serious about the possibility of a wood-boring beetle infestation. Let Elite\u2019s pest-control experts give you some solid tips on <strong>powderpost<\/strong> <strong>beetle extermination<\/strong> and prevention.[\/vc_column_text][vc_empty_space height=&#8221;80px&#8221;][\/vc_column][\/vc_row][vc_row fullwidth=&#8221;true&#8221; css=&#8221;.vc_custom_1500061025861{background-color: #e0e0e0 !important;}&#8221;][vc_column][vc_row_inner is_fullwidth_content=&#8221;false&#8221;][vc_column_inner][vc_empty_space][vc_column_text align=&#8221;center&#8221; el_class=&#8221;Title_Text&#8221;]\n<h2>What exactly are powderpost beetles?<\/h2>\n[\/vc_column_text][vc_column_text align=&#8221;center&#8221; el_class=&#8221;SubTitle_Paragraph_Text&#8221; css=&#8221;.vc_custom_1736865762165{margin-bottom: 0px !important;}&#8221;]Several species of wood bugs can be found in Canada; however, the powderpost beetle is especially notorious for its ability to destroy furniture and hardwood-based manufactured goods from the inside out. You may have already seen the \u201cshot holes,\u201d or the small, perfectly <strong>round exit holes<\/strong>, the larvae leave behind as they munch on the wood. If you have, please don\u2019t delay in having the problem looked at; these holes can indicate widespread destruction inside the material.<\/p>\n<p>Unlike other \u201cwoodworm\u201d pests, the powderpost beetle belongs to the family Lyctidae\u2014they are sometimes referred to as lyctids. The proper identification of the beetle or larvae is essential to any kind of <a href=\"https:\/\/eliteextermination.com\/en\/pest-extermination\/\">extermination<\/a> and <a href=\"https:\/\/eliteextermination.com\/en\/pest-prevention\/\">prevention program<\/a>. They are:<\/p>\n<ul>\n<li>Reddish-brown<\/li>\n<li>Tube-shaped<\/li>\n<li>Usually between 2 and 8 mm long<\/li>\n<li>Larvae are creamy white and can measure up to 5 mm in length<\/li>\n<\/ul>\n[\/vc_column_text][vc_empty_space][\/vc_column_inner][\/vc_row_inner][\/vc_column][\/vc_row][vc_row fullwidth=&#8221;true&#8221; equal_columns=&#8221;true&#8221;][vc_column width=&#8221;1\/2&#8243; el_class=&#8221;Service_Col_Padding Service_Text_Margin&#8221;][vc_column_text]\n<h2>Habitat and behaviour<\/h2>\n<p>In their natural environment, lyctids look for deciduous trees such as walnut, ash, oak and hickory. These kinds of wood feature pores large enough for adult females to lay their eggs in. They also have a high-enough starch content to nourish the larvae.<\/p>\n<p>When such wood is harvested, cured and stored, it can continue to harbour <strong>dormant powderpost larvae<\/strong> for up to five years. It is these specimens that will later eat their way through the wood and emerge as mature beetles in your cozy home. The adults don\u2019t live for long and might not find other beetles with whom they can reproduce. If they do, they will quickly lay eggs in their own exit holes.<\/p>\n<p>Their capacity for dormancy means that several generations of these insects can be infesting your home at the same time. And as the larvae bore through the wood, they cause severe structural damage. That is why you must quickly locate the signs of an infestation and take measures to reduce further chances of destruction.[\/vc_column_text][\/vc_column][vc_column width=&#8221;1\/2&#8243; el_class=&#8221;Service_Col_Padding Service_Text_Margin bg-light-grey&#8221;][vc_column_text]\n<h2>What kind of damage do they cause?<\/h2>\n<p>Because these beetles are most often imported into your home in wood that was infested before it was transformed, you might also find shot holes in exotic species such as mahogany or bamboo. More specifically, you might find shot holes or frass (piles of sawdust pushed out from the holes by the boring larvae) in:<\/p>\n<ul>\n<li>Solid furniture<\/li>\n<li>Joists, rafters, mouldings<\/li>\n<li>Decking<\/li>\n<li>Wood panelling and siding<\/li>\n<li>Hardwood and subflooring<\/li>\n<li>Window and door frames<\/li>\n<\/ul>\n[\/vc_column_text][\/vc_column][\/vc_row][vc_row fullwidth=&#8221;true&#8221; fullwidth_content=&#8221;false&#8221; el_class=&#8221;bg-blue row-padding&#8221;][vc_column][vc_column_text align=&#8221;center&#8221; el_class=&#8221;SubTitle_Paragraph_Text White_Text&#8221;]\n<p style=\"text-align: center;\">Powderpost beetles earned their name because of the damage they cause to wooden furniture and finishings. A large infestation of larvae can burrow so extensively that a piece of furniture may crumble upon being touched.<\/p>\n[\/vc_column_text][\/vc_column][\/vc_row][vc_row fullwidth=&#8221;true&#8221; fullwidth_content=&#8221;false&#8221; equal_columns=&#8221;true&#8221; el_class=&#8221;row-padding&#8221;][vc_column][vc_column_text align=&#8221;center&#8221;]\n<h2 style=\"text-align: center;\">How to get rid of them<\/h2>\n[\/vc_column_text][vc_row_inner][vc_column_inner width=&#8221;1\/2&#8243;][vc_column_text]Without question, the key to <strong>powderpost beetle control<\/strong> is prevention:<\/p>\n<p>&nbsp;<\/p>\n<ol>\n<li>Before bringing any wood planks, unfinished flooring or untreated wooden furniture into the house, check it thoroughly to make sure no shot holes are present.<\/li>\n<li>Paint, wax or varnish any exposed raw surfaces on wood trims or objects, as these layers can be impenetrable for larvae.<\/li>\n<\/ol>\n[\/vc_column_text][\/vc_column_inner][vc_column_inner width=&#8221;1\/2&#8243;][vc_column_text]\n<ol start=\"3\">\n<li>Do not use any lumber for indoor projects if you suspect that it hasn\u2019t been properly handled or stored. Kiln-dried wood is best.<\/li>\n<li>If there are any existing shot holes in exposed wood surfaces, fill them immediately with a finishing product.<\/li>\n<li>If you\u2019ve found damage, remove and replace the wood immediately and adopt a wait-and-see approach. If new shot holes appear, you may need to have a professional extermination treatment.<\/li>\n<\/ol>\n[\/vc_column_text][\/vc_column_inner][\/vc_row_inner][\/vc_column][\/vc_row][vc_row fullwidth=&#8221;true&#8221; fullwidth_content=&#8221;false&#8221;][vc_column][vc_column_text el_class=&#8221;highlight-black&#8221;]\n<p style=\"text-align: center;\">Pale-coloured shot holes and new piles of <strong>beetle frass<\/strong> near the openings are signs of an active powderpost beetle infestation. You may need to remove the affected wood fixture and have it replaced.<\/p>\n[\/vc_column_text][\/vc_column][\/vc_row][vc_row fullwidth=&#8221;true&#8221; fullwidth_content=&#8221;false&#8221; el_class=&#8221;row-padding bg-dark-grey&#8221;][vc_column][vc_column_text align=&#8221;center&#8221;]\n<h2 style=\"text-align: center;\">A professional pest control service<\/h2>\n<p style=\"text-align: center;\">If you want to preserve the look of your wood furniture, planks or trims without using paint or varnish, our professional <a href=\"https:\/\/eliteextermination.com\/en\/pest-control-experts\/\">pest control technicians<\/a> may suggest one or more of the following treatments:<\/p>\n<h3 style=\"text-align: center;\">A surface treatment<\/h3>\n<p style=\"text-align: center;\">A pest-control expert can apply a non-toxic borate-based chemical solution to unfinished wood surfaces to impede further egg-laying. These products can maintain their effectiveness for several years.<\/p>\n<h3 style=\"text-align: center;\">Fumigation.<\/h3>\n<p style=\"text-align: center;\">As a last resort, fumigation can eradicate a wood-boring beetle infestation that has advanced beyond simple management methods. This may be necessary in instances where the beetles have entered wall and floor voids, where changing out the wood isn\u2019t feasible.<\/p>\n[\/vc_column_text][\/vc_column][\/vc_row][vc_row fullwidth=&#8221;true&#8221; css=&#8221;.vc_custom_1505926959021{background-color: #0055c5 !important;}&#8221; el_class=&#8221;row-call&#8221;][vc_column][vc_empty_space height=&#8221;40px&#8221;][vc_row_inner is_fullwidth_content=&#8221;false&#8221;][vc_column_inner][vc_column_text el_class=&#8221;SubTitle_Paragraph_Text White_Text&#8221;]\n<p style=\"text-align: center;\"><a href=\"https:\/\/eliteextermination.com\/en\/contact-us\/\">Call Elite Pest Control<\/a> today for a free assessment of your powderpost beetle infestation.<br \/>\n<a href=\"https:\/\/eliteextermination.com\/en\/areas\/\">We are ready to serve you<\/a> in Montreal, Laval, Repentigny, Terrebonne, Saint-J\u00e9r\u00f4me, Trois-Rivi\u00e8res, Gatineau, Longueuil and elsewhere throughout Quebec.<\/p>\n[\/vc_column_text][\/vc_column_inner][\/vc_row_inner][vc_empty_space height=&#8221;45px&#8221;][\/vc_column][\/vc_row]\n<\/div>","protected":false},"excerpt":{"rendered":"<p>[vc_row fullwidth=&#8221;true&#8221; css=&#8221;.vc_custom_1505940813156{background-image: url(https:\/\/eliteextermination.com\/wp-content\/uploads\/2017\/07\/top-lycte.jpg?id=1045) !important;}&#8221; el_class=&#8221;BackGroundImageScale&#8221;][vc_column][vc_column_text align=&#8221;center&#8221; el_class=&#8221;Service_Title&#8221;] POWDERPOST BEETLE EXTERMINATIONCONTACT US [\/vc_column_text][\/vc_column][\/vc_row][vc_row fullwidth=&#8221;true&#8221;][vc_column][vc_column_text align=&#8221;center&#8221; el_class=&#8221;Title_Text Centered_Text MainTitle_Margin&#8221;] The powderpost beetle extermination and prevention [\/vc_column_text][vc_column_text align=&#8221;center&#8221; el_class=&#8221;Title_Paragraph_Text Centered_Text&#8221;]If you\u2019ve noticed little round holes in your wooden furniture, door posts or baseboards, it\u2019s time to get serious about the possibility of a wood-boring beetle infestation. Let [&hellip;]<\/p>\n","protected":false},"author":1,"featured_media":1432,"parent":1668,"menu_order":0,"comment_status":"closed","ping_status":"closed","template":"","meta":{"_acf_changed":false,"yasr_overall_rating":0,"yasr_post_is_review":"","yasr_auto_insert_disabled":"","yasr_review_type":"","footnotes":""},"categories":[155],"tags":[],"class_list":["post-1887","page","type-page","status-publish","has-post-thumbnail","hentry","category-insect-pests"],"acf":[],"yoast_head":"<!-- This site is optimized with the Yoast SEO plugin v26.9 - https:\/\/yoast.com\/product\/yoast-seo-wordpress\/ -->\n<title>Powderpost beetle extermination | Elite Pest Control<\/title>\n<meta name=\"description\" content=\"Have powderpost beetles taken over your house? Trust Elite Pest Control for beetle extermination services at your home in Quebec.\" \/>\n<meta name=\"robots\" content=\"index, follow, max-snippet:-1, max-image-preview:large, max-video-preview:-1\" \/>\n<link rel=\"canonical\" href=\"https:\/\/eliteextermination.com\/en\/insects-pests\/lycte-extermination\/\" \/>\n<meta property=\"og:locale\" content=\"en_US\" \/>\n<meta property=\"og:type\" content=\"article\" \/>\n<meta property=\"og:title\" content=\"Powderpost beetle extermination | Elite Pest Control\" \/>\n<meta property=\"og:description\" content=\"Have powderpost beetles taken over your house? Trust Elite Pest Control for beetle extermination services at your home in Quebec.\" \/>\n<meta property=\"og:url\" content=\"https:\/\/eliteextermination.com\/en\/insects-pests\/lycte-extermination\/\" \/>\n<meta property=\"og:site_name\" content=\"\u00c9lite Extermination\" \/>\n<meta property=\"article:modified_time\" content=\"2025-01-14T14:42:43+00:00\" \/>\n<meta property=\"og:image\" content=\"https:\/\/eliteextermination.com\/wp-content\/uploads\/2017\/07\/lycte.jpg\" \/>\n\t<meta property=\"og:image:width\" content=\"216\" \/>\n\t<meta property=\"og:image:height\" content=\"216\" \/>\n\t<meta property=\"og:image:type\" content=\"image\/jpeg\" \/>\n<meta name=\"twitter:card\" content=\"summary_large_image\" \/>\n<meta name=\"twitter:label1\" content=\"Est. reading time\" \/>\n\t<meta name=\"twitter:data1\" content=\"5 minutes\" \/>\n<!-- \/ Yoast SEO plugin. -->","yoast_head_json":{"title":"Powderpost beetle extermination | Elite Pest Control","description":"Have powderpost beetles taken over your house? Trust Elite Pest Control for beetle extermination services at your home in Quebec.","robots":{"index":"index","follow":"follow","max-snippet":"max-snippet:-1","max-image-preview":"max-image-preview:large","max-video-preview":"max-video-preview:-1"},"canonical":"https:\/\/eliteextermination.com\/en\/insects-pests\/lycte-extermination\/","og_locale":"en_US","og_type":"article","og_title":"Powderpost beetle extermination | Elite Pest Control","og_description":"Have powderpost beetles taken over your house? Trust Elite Pest Control for beetle extermination services at your home in Quebec.","og_url":"https:\/\/eliteextermination.com\/en\/insects-pests\/lycte-extermination\/","og_site_name":"\u00c9lite Extermination","article_modified_time":"2025-01-14T14:42:43+00:00","og_image":[{"width":216,"height":216,"url":"https:\/\/eliteextermination.com\/wp-content\/uploads\/2017\/07\/lycte.jpg","type":"image\/jpeg"}],"twitter_card":"summary_large_image","twitter_misc":{"Est. reading time":"5 minutes"},"schema":{"@context":"https:\/\/schema.org","@graph":[{"@type":"WebPage","@id":"https:\/\/eliteextermination.com\/en\/insects-pests\/lycte-extermination\/","url":"https:\/\/eliteextermination.com\/en\/insects-pests\/lycte-extermination\/","name":"Powderpost beetle extermination | Elite Pest Control","isPartOf":{"@id":"https:\/\/eliteextermination.com\/en\/#website"},"primaryImageOfPage":{"@id":"https:\/\/eliteextermination.com\/en\/insects-pests\/lycte-extermination\/#primaryimage"},"image":{"@id":"https:\/\/eliteextermination.com\/en\/insects-pests\/lycte-extermination\/#primaryimage"},"thumbnailUrl":"https:\/\/eliteextermination.com\/wp-content\/uploads\/2017\/07\/lycte.jpg","datePublished":"2017-09-29T16:17:57+00:00","dateModified":"2025-01-14T14:42:43+00:00","description":"Have powderpost beetles taken over your house? Trust Elite Pest Control for beetle extermination services at your home in Quebec.","breadcrumb":{"@id":"https:\/\/eliteextermination.com\/en\/insects-pests\/lycte-extermination\/#breadcrumb"},"inLanguage":"en-CA","potentialAction":[{"@type":"ReadAction","target":["https:\/\/eliteextermination.com\/en\/insects-pests\/lycte-extermination\/"]}]},{"@type":"ImageObject","inLanguage":"en-CA","@id":"https:\/\/eliteextermination.com\/en\/insects-pests\/lycte-extermination\/#primaryimage","url":"https:\/\/eliteextermination.com\/wp-content\/uploads\/2017\/07\/lycte.jpg","contentUrl":"https:\/\/eliteextermination.com\/wp-content\/uploads\/2017\/07\/lycte.jpg","width":216,"height":216},{"@type":"BreadcrumbList","@id":"https:\/\/eliteextermination.com\/en\/insects-pests\/lycte-extermination\/#breadcrumb","itemListElement":[{"@type":"ListItem","position":1,"name":"Home","item":"https:\/\/eliteextermination.com\/en\/"},{"@type":"ListItem","position":2,"name":"INTRUDERS","item":"https:\/\/eliteextermination.com\/en\/insects-pests\/"},{"@type":"ListItem","position":3,"name":"Powderpost beetle Extermination"}]},{"@type":"WebSite","@id":"https:\/\/eliteextermination.com\/en\/#website","url":"https:\/\/eliteextermination.com\/en\/","name":"\u00c9lite Extermination","description":"Pest Control Experts in Montreal, Laval, St-J\u00e9r\u00f4me, Repentigny, Trois-Rivi\u00e8res, Gatineau, South Shore","potentialAction":[{"@type":"SearchAction","target":{"@type":"EntryPoint","urlTemplate":"https:\/\/eliteextermination.com\/en\/?s={search_term_string}"},"query-input":{"@type":"PropertyValueSpecification","valueRequired":true,"valueName":"search_term_string"}}],"inLanguage":"en-CA"},false]}},"yasr_visitor_votes":{"stars_attributes":{"read_only":false,"span_bottom":false},"number_of_votes":1,"sum_votes":5},"_links":{"self":[{"href":"https:\/\/eliteextermination.com\/en\/wp-json\/wp\/v2\/pages\/1887","targetHints":{"allow":["GET"]}}],"collection":[{"href":"https:\/\/eliteextermination.com\/en\/wp-json\/wp\/v2\/pages"}],"about":[{"href":"https:\/\/eliteextermination.com\/en\/wp-json\/wp\/v2\/types\/page"}],"author":[{"embeddable":true,"href":"https:\/\/eliteextermination.com\/en\/wp-json\/wp\/v2\/users\/1"}],"replies":[{"embeddable":true,"href":"https:\/\/eliteextermination.com\/en\/wp-json\/wp\/v2\/comments?post=1887"}],"version-history":[{"count":4,"href":"https:\/\/eliteextermination.com\/en\/wp-json\/wp\/v2\/pages\/1887\/revisions"}],"predecessor-version":[{"id":6219,"href":"https:\/\/eliteextermination.com\/en\/wp-json\/wp\/v2\/pages\/1887\/revisions\/6219"}],"up":[{"embeddable":true,"href":"https:\/\/eliteextermination.com\/en\/wp-json\/wp\/v2\/pages\/1668"}],"wp:featuredmedia":[{"embeddable":true,"href":"https:\/\/eliteextermination.com\/en\/wp-json\/wp\/v2\/media\/1432"}],"wp:attachment":[{"href":"https:\/\/eliteextermination.com\/en\/wp-json\/wp\/v2\/media?parent=1887"}],"wp:term":[{"taxonomy":"category","embeddable":true,"href":"https:\/\/eliteextermination.com\/en\/wp-json\/wp\/v2\/categories?post=1887"},{"taxonomy":"post_tag","embeddable":true,"href":"https:\/\/eliteextermination.com\/en\/wp-json\/wp\/v2\/tags?post=1887"}],"curies":[{"name":"wp","href":"https:\/\/api.w.org\/{rel}","templated":true}]}}