{"id":1982,"date":"2017-10-02T14:20:41","date_gmt":"2017-10-02T14:20:41","guid":{"rendered":"https:\/\/eliteextermination.com\/?page_id=1982\/"},"modified":"2020-08-04T22:30:10","modified_gmt":"2020-08-04T22:30:10","slug":"terms-of-use","status":"publish","type":"page","link":"https:\/\/eliteextermination.com\/en\/terms-of-use\/","title":{"rendered":"TERMS OF USE"},"content":{"rendered":"<h2>INTRODUCTION<\/h2>\n<p>Welcome to the Website of Elite Extermination (www.eliteextermination.com). Your use of our Website indicates your agreement with the following Terms of Use. If you do not agree to be bound by and comply with these Terms of Use, please do not access or use this Website.<\/p>\n<h2>INTELLECTUAL PROPERTY NOTICE<\/h2>\n<p>This Elite Extermination Website, including any content appearing on or accessible through the site, is protected by copyright. Any adaptation, reproduction or distribution thereof is hereby strictly prohibited unless expressly authorized.<\/p>\n<h2>EXCLUSION OF LIABILITY<\/h2>\n<p>Elite Extermination does not warrant the accuracy, relevance or reliability of this Website\u2019s contents, nor does it guarantee that the contents will be available without errors or omissions. The information contained in this Website shall in no circumstances be construed as a legal opinion and Elite Extermination is not responsible for any usage thereof.<\/p>\n<h2>PRIVACY STATEMENT<\/h2>\n<p>Elite Extermination is committed to upholding your right to privacy in accordance with the laws of Qu\u00e9bec and Canada respecting the protection of personal information.<\/p>\n<p>Elite Extermination may collect personal information about you. Personal data collection is for the exclusive use of the Firm, to allow us to communicate with you, provide you with the services and information you request or provide you with information that may be of interest to you. Unless otherwise authorized by you, Elite Extermination will use personal information for these purposes only. If you do not wish to receive additional information, you may advise us accordingly.<\/p>\n","protected":false},"excerpt":{"rendered":"<p>INTRODUCTION Welcome to the Website of Elite Extermination (www.eliteextermination.com). Your use of our Website indicates your agreement with the following Terms of Use. If you do not agree to be bound by and comply with these Terms of Use, please do not access or use this Website. INTELLECTUAL PROPERTY NOTICE This Elite Extermination Website, including [&hellip;]<\/p>\n","protected":false},"author":1,"featured_media":0,"parent":0,"menu_order":0,"comment_status":"closed","ping_status":"closed","template":"","meta":{"_acf_changed":false,"yasr_overall_rating":0,"yasr_post_is_review":"","yasr_auto_insert_disabled":"","yasr_review_type":"","footnotes":""},"categories":[],"tags":[],"class_list":["post-1982","page","type-page","status-publish","hentry"],"acf":[],"yoast_head":"<!-- This site is optimized with the Yoast SEO plugin v26.9 - https:\/\/yoast.com\/product\/yoast-seo-wordpress\/ -->\n<title>TERMS OF USE - \u00c9lite Extermination<\/title>\n<meta name=\"robots\" content=\"noindex, follow\" \/>\n<meta property=\"og:locale\" content=\"en_US\" \/>\n<meta property=\"og:type\" content=\"article\" \/>\n<meta property=\"og:title\" content=\"TERMS OF USE - \u00c9lite Extermination\" \/>\n<meta property=\"og:description\" content=\"INTRODUCTION Welcome to the Website of Elite Extermination (www.eliteextermination.com). Your use of our Website indicates your agreement with the following Terms of Use. If you do not agree to be bound by and comply with these Terms of Use, please do not access or use this Website. INTELLECTUAL PROPERTY NOTICE This Elite Extermination Website, including [&hellip;]\" \/>\n<meta property=\"og:url\" content=\"https:\/\/eliteextermination.com\/en\/terms-of-use\/\" \/>\n<meta property=\"og:site_name\" content=\"\u00c9lite Extermination\" \/>\n<meta property=\"article:modified_time\" content=\"2020-08-04T22:30:10+00:00\" \/>\n<meta name=\"twitter:card\" content=\"summary_large_image\" \/>\n<meta name=\"twitter:label1\" content=\"Est. reading time\" \/>\n\t<meta name=\"twitter:data1\" content=\"1 minute\" \/>\n<!-- \/ Yoast SEO plugin. -->","yoast_head_json":{"title":"TERMS OF USE - \u00c9lite Extermination","robots":{"index":"noindex","follow":"follow"},"og_locale":"en_US","og_type":"article","og_title":"TERMS OF USE - \u00c9lite Extermination","og_description":"INTRODUCTION Welcome to the Website of Elite Extermination (www.eliteextermination.com). Your use of our Website indicates your agreement with the following Terms of Use. If you do not agree to be bound by and comply with these Terms of Use, please do not access or use this Website. INTELLECTUAL PROPERTY NOTICE This Elite Extermination Website, including [&hellip;]","og_url":"https:\/\/eliteextermination.com\/en\/terms-of-use\/","og_site_name":"\u00c9lite Extermination","article_modified_time":"2020-08-04T22:30:10+00:00","twitter_card":"summary_large_image","twitter_misc":{"Est. reading time":"1 minute"},"schema":{"@context":"https:\/\/schema.org","@graph":[{"@type":"WebPage","@id":"https:\/\/eliteextermination.com\/en\/terms-of-use\/","url":"https:\/\/eliteextermination.com\/en\/terms-of-use\/","name":"TERMS OF USE - \u00c9lite Extermination","isPartOf":{"@id":"https:\/\/eliteextermination.com\/en\/#website"},"datePublished":"2017-10-02T14:20:41+00:00","dateModified":"2020-08-04T22:30:10+00:00","breadcrumb":{"@id":"https:\/\/eliteextermination.com\/en\/terms-of-use\/#breadcrumb"},"inLanguage":"en-CA","potentialAction":[{"@type":"ReadAction","target":["https:\/\/eliteextermination.com\/en\/terms-of-use\/"]}]},{"@type":"BreadcrumbList","@id":"https:\/\/eliteextermination.com\/en\/terms-of-use\/#breadcrumb","itemListElement":[{"@type":"ListItem","position":1,"name":"Home","item":"https:\/\/eliteextermination.com\/en\/"},{"@type":"ListItem","position":2,"name":"TERMS OF USE"}]},{"@type":"WebSite","@id":"https:\/\/eliteextermination.com\/en\/#website","url":"https:\/\/eliteextermination.com\/en\/","name":"\u00c9lite Extermination","description":"Pest Control Experts in Montreal, Laval, St-J\u00e9r\u00f4me, Repentigny, Trois-Rivi\u00e8res, Gatineau, South Shore","potentialAction":[{"@type":"SearchAction","target":{"@type":"EntryPoint","urlTemplate":"https:\/\/eliteextermination.com\/en\/?s={search_term_string}"},"query-input":{"@type":"PropertyValueSpecification","valueRequired":true,"valueName":"search_term_string"}}],"inLanguage":"en-CA"},false]}},"yasr_visitor_votes":{"stars_attributes":{"read_only":false,"span_bottom":false},"number_of_votes":8,"sum_votes":8},"_links":{"self":[{"href":"https:\/\/eliteextermination.com\/en\/wp-json\/wp\/v2\/pages\/1982","targetHints":{"allow":["GET"]}}],"collection":[{"href":"https:\/\/eliteextermination.com\/en\/wp-json\/wp\/v2\/pages"}],"about":[{"href":"https:\/\/eliteextermination.com\/en\/wp-json\/wp\/v2\/types\/page"}],"author":[{"embeddable":true,"href":"https:\/\/eliteextermination.com\/en\/wp-json\/wp\/v2\/users\/1"}],"replies":[{"embeddable":true,"href":"https:\/\/eliteextermination.com\/en\/wp-json\/wp\/v2\/comments?post=1982"}],"version-history":[{"count":1,"href":"https:\/\/eliteextermination.com\/en\/wp-json\/wp\/v2\/pages\/1982\/revisions"}],"predecessor-version":[{"id":1983,"href":"https:\/\/eliteextermination.com\/en\/wp-json\/wp\/v2\/pages\/1982\/revisions\/1983"}],"wp:attachment":[{"href":"https:\/\/eliteextermination.com\/en\/wp-json\/wp\/v2\/media?parent=1982"}],"wp:term":[{"taxonomy":"category","embeddable":true,"href":"https:\/\/eliteextermination.com\/en\/wp-json\/wp\/v2\/categories?post=1982"},{"taxonomy":"post_tag","embeddable":true,"href":"https:\/\/eliteextermination.com\/en\/wp-json\/wp\/v2\/tags?post=1982"}],"curies":[{"name":"wp","href":"https:\/\/api.w.org\/{rel}","templated":true}]}}