{"id":2979,"date":"2020-01-08T21:48:58","date_gmt":"2020-01-08T21:48:58","guid":{"rendered":"https:\/\/eliteextermination.com\/?page_id=2979\/"},"modified":"2025-01-14T11:55:15","modified_gmt":"2025-01-14T16:55:15","slug":"seagull-control","status":"publish","type":"page","link":"https:\/\/eliteextermination.com\/en\/insects-pests\/seagull-control\/","title":{"rendered":"Seagull control"},"content":{"rendered":"<div class=\"wpb-content-wrapper\">[vc_row fullwidth=&#8221;true&#8221; css=&#8221;.vc_custom_1578518652263{background-image: url(https:\/\/eliteextermination.com\/wp-content\/uploads\/2020\/01\/controle-mouettes-2.jpg?id=2975) !important;}&#8221; el_class=&#8221;BackGroundImageScale shadow&#8221;][vc_column][vc_column_text align=&#8221;center&#8221; el_class=&#8221;Service_Title&#8221;]\n<div>\n<p><span class=\"Service_HugeText\">SEAGULL <\/span><br \/>\n<span class=\"Contact_Bigger_Paragraph White_Text\">CONTROL<\/span><\/p>\n<p><a href=\"\/en\/contact-us\/\"><button class=\"Button_Style_Blue Button_Centered\" type=\"button\">CONTACT US<\/button><\/a><\/p>\n<\/div>\n[\/vc_column_text][\/vc_column][\/vc_row][vc_row fullwidth=&#8221;true&#8221;][vc_column][vc_column_text align=&#8221;center&#8221; el_class=&#8221;Title_Text Centered_Text MainTitle_Margin&#8221;]\n<h1>Elite Pest Control helps you get rid of seagulls<\/h1>\n[\/vc_column_text][vc_column_text align=&#8221;center&#8221; el_class=&#8221;Title_Paragraph_Text Centered_Text&#8221;]Are you being overrun by seagulls? In addition to being noisy, causing damage and dirtying your surroundings, these harmful birds can transmit serious diseases. Getting rid of them can be very difficult, especially if your establishment is a great source of food for them. The best way to get rid of them is to call a pest control team.[\/vc_column_text][vc_empty_space height=&#8221;80px&#8221;][\/vc_column][\/vc_row][vc_row fullwidth=&#8221;true&#8221; css=&#8221;.vc_custom_1505926959021{background-color: #0055c5 !important;}&#8221; el_class=&#8221;row-call&#8221;][vc_column][vc_empty_space height=&#8221;40px&#8221;][vc_row_inner is_fullwidth_content=&#8221;false&#8221;][vc_column_inner][vc_column_text el_class=&#8221;SubTitle_Paragraph_Text White_Text&#8221;]\n<p style=\"text-align: center;\"><strong>Need to solve a seagull problem?<\/strong><\/p>\n[\/vc_column_text][\/vc_column_inner][\/vc_row_inner][mk_button dimension=&#8221;flat&#8221; size=&#8221;large&#8221; url=&#8221;https:\/\/eliteextermination.com\/en\/contact-us\/&#8221; align=&#8221;center&#8221; bg_color=&#8221;#ffffff&#8221; text_color=&#8221;dark&#8221; btn_hover_txt_color=&#8221;#000000&#8243;]Contact us[\/mk_button][vc_empty_space height=&#8221;45px&#8221;][\/vc_column][\/vc_row][vc_row fullwidth=&#8221;true&#8221; css=&#8221;.vc_custom_1500061025861{background-color: #e0e0e0 !important;}&#8221;][vc_column][vc_row_inner is_fullwidth_content=&#8221;false&#8221;][vc_column_inner][vc_empty_space][vc_column_text align=&#8221;center&#8221; el_class=&#8221;Title_Text&#8221;]\n<h2>Our method of seagull control<\/h2>\n[\/vc_column_text][vc_column_text align=&#8221;center&#8221; el_class=&#8221;SubTitle_Paragraph_Text&#8221; css=&#8221;.vc_custom_1729019803753{margin-bottom: 0px !important;}&#8221;]Safe and effective seagull management requires a deeper understanding of their behaviour and lifestyle. Our team of <a href=\"https:\/\/eliteextermination.com\/en\/pest-extermination\/\">exterminators who specialize in pest control<\/a> can repel seagulls with the greatest respect for the environment and can offer you effective prevention solutions to stop them from returning. Minimize the damage caused by these pests by <a href=\"https:\/\/eliteextermination.com\/en\/contact-us\/\">contacting a pest control expert<\/a> as soon as possible.[\/vc_column_text][vc_empty_space][\/vc_column_inner][\/vc_row_inner][\/vc_column][\/vc_row][vc_row fullwidth=&#8221;true&#8221; equal_columns=&#8221;true&#8221;][vc_column width=&#8221;1\/2&#8243; el_class=&#8221;Service_Col_Padding Service_Text_Margin&#8221;][vc_column_text]\n<h2>Why do you need to get rid of seagulls?<\/h2>\n<p>When you have many seagulls constantly loitering around, they can cause extensive damage to your infrastructure. Their acidic droppings are sometimes hard to clean and can damage various materials such as car paint or household roofs. The problem is exacerbated if you own a business: seagulls and their excrement can drive away your customers and contaminate food supplies with diseases such as salmonella.<\/p>\n<p>Seagulls often nest on the roofs of buildings. If they choose yours, they can damage your gutters and electrical and ventilation systems. Moreover, bird droppings in ventilation systems can spread harmful bacteria by air.[\/vc_column_text][\/vc_column][vc_column width=&#8221;1\/2&#8243; el_class=&#8221;Service_Col_Padding Service_Text_Margin bg-light-grey&#8221;][vc_column_text css=&#8221;.vc_custom_1730230151621{margin-bottom: 0px !important;}&#8221;]\n<h2>How to avoid seagull infestations<\/h2>\n<p>Avoid seagulls by eliminating any food sources in the vicinity and storing your garbage in sealed containers. You can also install scare devices to discourage seagulls and <a href=\"https:\/\/eliteextermination.com\/en\/insects-pests\/pigeon-exterminator\/\">other harmful birds<\/a> from nesting on your roof.<\/p>\n<p>If you want to make sure that your preventive methods are effective, you can ask one of our pest control experts for advice.[\/vc_column_text][\/vc_column][\/vc_row][vc_row fullwidth=&#8221;true&#8221; css=&#8221;.vc_custom_1505926959021{background-color: #0055c5 !important;}&#8221; el_class=&#8221;row-call&#8221;][vc_column][vc_empty_space height=&#8221;40px&#8221;][vc_row_inner is_fullwidth_content=&#8221;false&#8221;][vc_column_inner][vc_column_text el_class=&#8221;SubTitle_Paragraph_Text White_Text&#8221;]\n<p style=\"text-align: center;\"><strong>Do you think seagulls have nested on the roof of your building?<\/strong><\/p>\n[\/vc_column_text][\/vc_column_inner][\/vc_row_inner][mk_button dimension=&#8221;flat&#8221; size=&#8221;large&#8221; url=&#8221;https:\/\/eliteextermination.com\/en\/contact-us\/&#8221; align=&#8221;center&#8221; bg_color=&#8221;#ffffff&#8221; text_color=&#8221;dark&#8221; btn_hover_txt_color=&#8221;#000000&#8243;]Contact us[\/mk_button][vc_empty_space height=&#8221;45px&#8221;][\/vc_column][\/vc_row][vc_row fullwidth=&#8221;true&#8221; fullwidth_content=&#8221;false&#8221; equal_columns=&#8221;true&#8221; el_class=&#8221;row-padding&#8221;][vc_column][vc_column_text align=&#8221;center&#8221;]\n<h2 style=\"text-align: center;\">What to do after getting rid of seagulls<\/h2>\n[\/vc_column_text][vc_row_inner][vc_column_inner][vc_column_text css=&#8221;.vc_custom_1736873713643{margin-bottom: 0px !important;}&#8221;]\n<p style=\"text-align: center;\">If seagulls have caused serious damage to your establishment, you may have to decontaminate the site to avoid any risk of spreading disease. We provide effective <a href=\"https:\/\/eliteextermination.com\/en\/pest-decontamination\/\">decontamination and clean-up services<\/a> that comply with federal regulations: we work in a very environmentally friendly manner, and all our decontamination products are approved by Health Canada.<\/p>\n[\/vc_column_text][\/vc_column_inner][\/vc_row_inner][\/vc_column][\/vc_row][vc_row fullwidth=&#8221;true&#8221; css=&#8221;.vc_custom_1505926959021{background-color: #0055c5 !important;}&#8221; el_class=&#8221;row-call&#8221;][vc_column][vc_empty_space height=&#8221;40px&#8221;][vc_row_inner is_fullwidth_content=&#8221;false&#8221;][vc_column_inner][vc_column_text el_class=&#8221;SubTitle_Paragraph_Text White_Text&#8221;]\n<p style=\"text-align: center;\"><strong>Contact us for effective seagull control!<\/strong><\/p>\n[\/vc_column_text][\/vc_column_inner][\/vc_row_inner][mk_button dimension=&#8221;flat&#8221; size=&#8221;large&#8221; url=&#8221;https:\/\/eliteextermination.com\/en\/contact-us\/&#8221; align=&#8221;center&#8221; bg_color=&#8221;#ffffff&#8221; text_color=&#8221;dark&#8221; btn_hover_txt_color=&#8221;#000000&#8243;]Contact us[\/mk_button][vc_empty_space height=&#8221;45px&#8221;][\/vc_column][\/vc_row]\n<\/div>","protected":false},"excerpt":{"rendered":"<p>[vc_row fullwidth=&#8221;true&#8221; css=&#8221;.vc_custom_1578518652263{background-image: url(https:\/\/eliteextermination.com\/wp-content\/uploads\/2020\/01\/controle-mouettes-2.jpg?id=2975) !important;}&#8221; el_class=&#8221;BackGroundImageScale shadow&#8221;][vc_column][vc_column_text align=&#8221;center&#8221; el_class=&#8221;Service_Title&#8221;] SEAGULL CONTROL CONTACT US [\/vc_column_text][\/vc_column][\/vc_row][vc_row fullwidth=&#8221;true&#8221;][vc_column][vc_column_text align=&#8221;center&#8221; el_class=&#8221;Title_Text Centered_Text MainTitle_Margin&#8221;] Elite Pest Control helps you get rid of seagulls [\/vc_column_text][vc_column_text align=&#8221;center&#8221; el_class=&#8221;Title_Paragraph_Text Centered_Text&#8221;]Are you being overrun by seagulls? In addition to being noisy, causing damage and dirtying your surroundings, these harmful birds can transmit serious diseases. [&hellip;]<\/p>\n","protected":false},"author":1,"featured_media":2978,"parent":1668,"menu_order":0,"comment_status":"closed","ping_status":"closed","template":"","meta":{"_acf_changed":false,"yasr_overall_rating":0,"yasr_post_is_review":"","yasr_auto_insert_disabled":"","yasr_review_type":"","footnotes":""},"categories":[16],"tags":[],"class_list":["post-2979","page","type-page","status-publish","has-post-thumbnail","hentry","category-animals"],"acf":[],"yoast_head":"<!-- This site is optimized with the Yoast SEO plugin v26.9 - https:\/\/yoast.com\/product\/yoast-seo-wordpress\/ -->\n<title>Getting rid of seagulls - Elite Pest Control<\/title>\n<meta name=\"description\" content=\"Elite Pest Management&#039;s team of technicians is trained to get rid of seagulls safely and efficiently.\" \/>\n<meta name=\"robots\" content=\"index, follow, max-snippet:-1, max-image-preview:large, max-video-preview:-1\" \/>\n<link rel=\"canonical\" href=\"https:\/\/eliteextermination.com\/en\/insects-pests\/seagull-control\/\" \/>\n<meta property=\"og:locale\" content=\"en_US\" \/>\n<meta property=\"og:type\" content=\"article\" \/>\n<meta property=\"og:title\" content=\"Getting rid of seagulls - Elite Pest Control\" \/>\n<meta property=\"og:description\" content=\"Elite Pest Management&#039;s team of technicians is trained to get rid of seagulls safely and efficiently.\" \/>\n<meta property=\"og:url\" content=\"https:\/\/eliteextermination.com\/en\/insects-pests\/seagull-control\/\" \/>\n<meta property=\"og:site_name\" content=\"\u00c9lite Extermination\" \/>\n<meta property=\"article:modified_time\" content=\"2025-01-14T16:55:15+00:00\" \/>\n<meta property=\"og:image\" content=\"https:\/\/eliteextermination.com\/wp-content\/uploads\/2020\/01\/mouette-intrus.jpg\" \/>\n\t<meta property=\"og:image:width\" content=\"216\" \/>\n\t<meta property=\"og:image:height\" content=\"216\" \/>\n\t<meta property=\"og:image:type\" content=\"image\/jpeg\" \/>\n<meta name=\"twitter:card\" content=\"summary_large_image\" \/>\n<meta name=\"twitter:label1\" content=\"Est. reading time\" \/>\n\t<meta name=\"twitter:data1\" content=\"3 minutes\" \/>\n<!-- \/ Yoast SEO plugin. -->","yoast_head_json":{"title":"Getting rid of seagulls - Elite Pest Control","description":"Elite Pest Management's team of technicians is trained to get rid of seagulls safely and efficiently.","robots":{"index":"index","follow":"follow","max-snippet":"max-snippet:-1","max-image-preview":"max-image-preview:large","max-video-preview":"max-video-preview:-1"},"canonical":"https:\/\/eliteextermination.com\/en\/insects-pests\/seagull-control\/","og_locale":"en_US","og_type":"article","og_title":"Getting rid of seagulls - Elite Pest Control","og_description":"Elite Pest Management's team of technicians is trained to get rid of seagulls safely and efficiently.","og_url":"https:\/\/eliteextermination.com\/en\/insects-pests\/seagull-control\/","og_site_name":"\u00c9lite Extermination","article_modified_time":"2025-01-14T16:55:15+00:00","og_image":[{"width":216,"height":216,"url":"https:\/\/eliteextermination.com\/wp-content\/uploads\/2020\/01\/mouette-intrus.jpg","type":"image\/jpeg"}],"twitter_card":"summary_large_image","twitter_misc":{"Est. reading time":"3 minutes"},"schema":{"@context":"https:\/\/schema.org","@graph":[{"@type":"WebPage","@id":"https:\/\/eliteextermination.com\/en\/insects-pests\/seagull-control\/","url":"https:\/\/eliteextermination.com\/en\/insects-pests\/seagull-control\/","name":"Getting rid of seagulls - Elite Pest Control","isPartOf":{"@id":"https:\/\/eliteextermination.com\/en\/#website"},"primaryImageOfPage":{"@id":"https:\/\/eliteextermination.com\/en\/insects-pests\/seagull-control\/#primaryimage"},"image":{"@id":"https:\/\/eliteextermination.com\/en\/insects-pests\/seagull-control\/#primaryimage"},"thumbnailUrl":"https:\/\/eliteextermination.com\/wp-content\/uploads\/2020\/01\/mouette-intrus.jpg","datePublished":"2020-01-08T21:48:58+00:00","dateModified":"2025-01-14T16:55:15+00:00","description":"Elite Pest Management's team of technicians is trained to get rid of seagulls safely and efficiently.","breadcrumb":{"@id":"https:\/\/eliteextermination.com\/en\/insects-pests\/seagull-control\/#breadcrumb"},"inLanguage":"en-CA","potentialAction":[{"@type":"ReadAction","target":["https:\/\/eliteextermination.com\/en\/insects-pests\/seagull-control\/"]}]},{"@type":"ImageObject","inLanguage":"en-CA","@id":"https:\/\/eliteextermination.com\/en\/insects-pests\/seagull-control\/#primaryimage","url":"https:\/\/eliteextermination.com\/wp-content\/uploads\/2020\/01\/mouette-intrus.jpg","contentUrl":"https:\/\/eliteextermination.com\/wp-content\/uploads\/2020\/01\/mouette-intrus.jpg","width":216,"height":216},{"@type":"BreadcrumbList","@id":"https:\/\/eliteextermination.com\/en\/insects-pests\/seagull-control\/#breadcrumb","itemListElement":[{"@type":"ListItem","position":1,"name":"Home","item":"https:\/\/eliteextermination.com\/en\/"},{"@type":"ListItem","position":2,"name":"INTRUDERS","item":"https:\/\/eliteextermination.com\/en\/insects-pests\/"},{"@type":"ListItem","position":3,"name":"Seagull control"}]},{"@type":"WebSite","@id":"https:\/\/eliteextermination.com\/en\/#website","url":"https:\/\/eliteextermination.com\/en\/","name":"\u00c9lite Extermination","description":"Pest Control Experts in Montreal, Laval, St-J\u00e9r\u00f4me, Repentigny, Trois-Rivi\u00e8res, Gatineau, South Shore","potentialAction":[{"@type":"SearchAction","target":{"@type":"EntryPoint","urlTemplate":"https:\/\/eliteextermination.com\/en\/?s={search_term_string}"},"query-input":{"@type":"PropertyValueSpecification","valueRequired":true,"valueName":"search_term_string"}}],"inLanguage":"en-CA"},false]}},"yasr_visitor_votes":{"stars_attributes":{"read_only":false,"span_bottom":false},"number_of_votes":0,"sum_votes":0},"_links":{"self":[{"href":"https:\/\/eliteextermination.com\/en\/wp-json\/wp\/v2\/pages\/2979","targetHints":{"allow":["GET"]}}],"collection":[{"href":"https:\/\/eliteextermination.com\/en\/wp-json\/wp\/v2\/pages"}],"about":[{"href":"https:\/\/eliteextermination.com\/en\/wp-json\/wp\/v2\/types\/page"}],"author":[{"embeddable":true,"href":"https:\/\/eliteextermination.com\/en\/wp-json\/wp\/v2\/users\/1"}],"replies":[{"embeddable":true,"href":"https:\/\/eliteextermination.com\/en\/wp-json\/wp\/v2\/comments?post=2979"}],"version-history":[{"count":6,"href":"https:\/\/eliteextermination.com\/en\/wp-json\/wp\/v2\/pages\/2979\/revisions"}],"predecessor-version":[{"id":6288,"href":"https:\/\/eliteextermination.com\/en\/wp-json\/wp\/v2\/pages\/2979\/revisions\/6288"}],"up":[{"embeddable":true,"href":"https:\/\/eliteextermination.com\/en\/wp-json\/wp\/v2\/pages\/1668"}],"wp:featuredmedia":[{"embeddable":true,"href":"https:\/\/eliteextermination.com\/en\/wp-json\/wp\/v2\/media\/2978"}],"wp:attachment":[{"href":"https:\/\/eliteextermination.com\/en\/wp-json\/wp\/v2\/media?parent=2979"}],"wp:term":[{"taxonomy":"category","embeddable":true,"href":"https:\/\/eliteextermination.com\/en\/wp-json\/wp\/v2\/categories?post=2979"},{"taxonomy":"post_tag","embeddable":true,"href":"https:\/\/eliteextermination.com\/en\/wp-json\/wp\/v2\/tags?post=2979"}],"curies":[{"name":"wp","href":"https:\/\/api.w.org\/{rel}","templated":true}]}}