{"id":2983,"date":"2020-01-09T16:51:29","date_gmt":"2020-01-09T16:51:29","guid":{"rendered":"https:\/\/eliteextermination.com\/?page_id=2983\/"},"modified":"2025-01-14T09:31:19","modified_gmt":"2025-01-14T14:31:19","slug":"possum-control","status":"publish","type":"page","link":"https:\/\/eliteextermination.com\/en\/insects-pests\/possum-control\/","title":{"rendered":"Possum control"},"content":{"rendered":"<div class=\"wpb-content-wrapper\">[vc_row fullwidth=&#8221;true&#8221; css=&#8221;.vc_custom_1578521846403{background-image: url(https:\/\/eliteextermination.com\/wp-content\/uploads\/2020\/01\/controle-oppossum.jpg?id=2986) !important;}&#8221; el_class=&#8221;BackGroundImageScale shadow&#8221;][vc_column][vc_column_text align=&#8221;center&#8221; el_class=&#8221;Service_Title&#8221;]\n<div>\n<p><span class=\"Service_HugeText\">POSSUM <\/span><br \/>\n<span class=\"Contact_Bigger_Paragraph White_Text\">CONTROL AND REMOVAL<\/span><\/p>\n<p><a href=\"\/en\/contact-us\/\"><button class=\"Button_Style_Blue Button_Centered\" type=\"button\">CONTACT US<\/button><\/a><\/p>\n<\/div>\n[\/vc_column_text][\/vc_column][\/vc_row][vc_row fullwidth=&#8221;true&#8221;][vc_column][vc_column_text align=&#8221;center&#8221; el_class=&#8221;Title_Text Centered_Text MainTitle_Margin&#8221;]\n<h1>Hire our possum control experts<\/h1>\n[\/vc_column_text][vc_column_text align=&#8221;center&#8221; el_class=&#8221;Title_Paragraph_Text Centered_Text&#8221;]Have you spotted a possum in your garden? If you notice it often, chances are it has built its nest somewhere in your yard. Otherwise, it&#8217;s just looking for food. You may also have a possum in your attic or basement, which can cause considerable damage and lots of noise at night. Contact a possum control expert to have it safely removed.[\/vc_column_text][vc_empty_space height=&#8221;80px&#8221;][\/vc_column][\/vc_row][vc_row fullwidth=&#8221;true&#8221; css=&#8221;.vc_custom_1505926959021{background-color: #0055c5 !important;}&#8221; el_class=&#8221;row-call&#8221;][vc_column][vc_empty_space height=&#8221;40px&#8221;][vc_row_inner is_fullwidth_content=&#8221;false&#8221;][vc_column_inner][vc_column_text el_class=&#8221;SubTitle_Paragraph_Text White_Text&#8221;]\n<p style=\"text-align: center;\"><strong>Have a possum to remove?<\/strong><\/p>\n[\/vc_column_text][\/vc_column_inner][\/vc_row_inner][mk_button dimension=&#8221;flat&#8221; size=&#8221;large&#8221; url=&#8221;https:\/\/eliteextermination.com\/en\/contact-us\/&#8221; align=&#8221;center&#8221; bg_color=&#8221;#ffffff&#8221; text_color=&#8221;dark&#8221; btn_hover_txt_color=&#8221;#000000&#8243;]Contact us[\/mk_button][vc_empty_space height=&#8221;45px&#8221;][\/vc_column][\/vc_row][vc_row fullwidth=&#8221;true&#8221; equal_columns=&#8221;true&#8221;][vc_column width=&#8221;1\/2&#8243; el_class=&#8221;Service_Col_Padding Service_Text_Margin&#8221;][vc_column_text css=&#8221;.vc_custom_1729018804623{margin-bottom: 0px !important;}&#8221;]\n<h2>Our possum control services<\/h2>\n<p>We care about your safety and peace of mind, as well as the well-being of the animal. Our <a href=\"https:\/\/eliteextermination.com\/en\/pest-extermination\/\">pest control methods<\/a> are perfectly safe and harmless for possums. We simply relocate the animal away from your home to make sure it doesn&#8217;t come back. In the event of an intrusion into your home, our technicians can effectively manage the situation without causing any harm to the critter.[\/vc_column_text][\/vc_column][vc_column width=&#8221;1\/2&#8243; el_class=&#8221;Service_Col_Padding Service_Text_Margin bg-light-grey&#8221;][vc_column_text]\n<h2>The possum, a harmless animal<\/h2>\n<p>Have no fear: the possum is not an aggressive animal, quite the opposite. On the other hand, possums sometimes cause a mess by going through garbage cans in search of food. If this happens often enough to bother you, consider contacting a <a href=\"https:\/\/eliteextermination.com\/en\/\">pest control expert<\/a> to relocate the critter to its natural habitat, a solution that will benefit both you and the animal.[\/vc_column_text][\/vc_column][\/vc_row][vc_row fullwidth=&#8221;true&#8221; css=&#8221;.vc_custom_1505926959021{background-color: #0055c5 !important;}&#8221; el_class=&#8221;row-call&#8221;][vc_column][vc_empty_space height=&#8221;40px&#8221;][vc_row_inner is_fullwidth_content=&#8221;false&#8221;][vc_column_inner][vc_column_text el_class=&#8221;SubTitle_Paragraph_Text White_Text&#8221;]\n<p style=\"text-align: center;\"><strong>Conscientious possum control<\/strong><\/p>\n[\/vc_column_text][\/vc_column_inner][\/vc_row_inner][mk_button dimension=&#8221;flat&#8221; size=&#8221;large&#8221; url=&#8221;https:\/\/eliteextermination.com\/en\/contact-us\/&#8221; align=&#8221;center&#8221; bg_color=&#8221;#ffffff&#8221; text_color=&#8221;dark&#8221; btn_hover_txt_color=&#8221;#000000&#8243;]Contact us[\/mk_button][vc_empty_space height=&#8221;45px&#8221;][\/vc_column][\/vc_row][vc_row fullwidth=&#8221;true&#8221; equal_columns=&#8221;true&#8221;][vc_column width=&#8221;1\/2&#8243; el_class=&#8221;Service_Col_Padding Service_Text_Margin bg-light-grey&#8221;][vc_column_text css=&#8221;.vc_custom_1736865077797{margin-bottom: 0px !important;}&#8221;]\n<h2>How can you avoid possums in your home?<\/h2>\n<p>If you want to <a href=\"https:\/\/eliteextermination.com\/en\/pest-prevention\/\">prevent wild animals<\/a> and avoid using the services of an exterminator, make sure you store your garbage in sealed containers. Possums are attracted by a potential food source: find that source and make sure it is unreachable.<\/p>\n<p>If you want to make sure that your preventive methods work, you can ask one of our pest control experts for advice.[\/vc_column_text][\/vc_column][vc_column width=&#8221;1\/2&#8243; el_class=&#8221;Service_Col_Padding Service_Text_Margin&#8221;][vc_column_text]\n<h2>You have to recognize a possum to capture one<\/h2>\n<p>The possum is a mammal of the marsupial lineage, which looks similar to a large rat. Measuring between 65 and 85 cm, it has a long tail and a dark grey coat. The possum only leaves its habitat in search of food once the sun sets. If the animal you spotted was walking in the middle of the day, it is another species. When it feels threatened, it can scream and hiss.<\/p>\n<p>Need help identifying an animal? You are welcome to contact us.[\/vc_column_text][\/vc_column][\/vc_row][vc_row fullwidth=&#8221;true&#8221; css=&#8221;.vc_custom_1505926959021{background-color: #0055c5 !important;}&#8221; el_class=&#8221;row-call&#8221;][vc_column][vc_empty_space height=&#8221;40px&#8221;][vc_row_inner is_fullwidth_content=&#8221;false&#8221;][vc_column_inner][vc_column_text el_class=&#8221;SubTitle_Paragraph_Text White_Text&#8221;]\n<p style=\"text-align: center;\"><strong>Elite Pest Control guarantees an efficient and safe removal<\/strong><\/p>\n[\/vc_column_text][\/vc_column_inner][\/vc_row_inner][mk_button dimension=&#8221;flat&#8221; size=&#8221;large&#8221; url=&#8221;https:\/\/eliteextermination.com\/en\/contact-us\/&#8221; align=&#8221;center&#8221; bg_color=&#8221;#ffffff&#8221; text_color=&#8221;dark&#8221; btn_hover_txt_color=&#8221;#000000&#8243;]Contact us[\/mk_button][vc_empty_space height=&#8221;45px&#8221;][\/vc_column][\/vc_row]\n<\/div>","protected":false},"excerpt":{"rendered":"<p>[vc_row fullwidth=&#8221;true&#8221; css=&#8221;.vc_custom_1578521846403{background-image: url(https:\/\/eliteextermination.com\/wp-content\/uploads\/2020\/01\/controle-oppossum.jpg?id=2986) !important;}&#8221; el_class=&#8221;BackGroundImageScale shadow&#8221;][vc_column][vc_column_text align=&#8221;center&#8221; el_class=&#8221;Service_Title&#8221;] POSSUM CONTROL AND REMOVAL CONTACT US [\/vc_column_text][\/vc_column][\/vc_row][vc_row fullwidth=&#8221;true&#8221;][vc_column][vc_column_text align=&#8221;center&#8221; el_class=&#8221;Title_Text Centered_Text MainTitle_Margin&#8221;] Hire our possum control experts [\/vc_column_text][vc_column_text align=&#8221;center&#8221; el_class=&#8221;Title_Paragraph_Text Centered_Text&#8221;]Have you spotted a possum in your garden? If you notice it often, chances are it has built its nest somewhere in your yard. Otherwise, it&#8217;s [&hellip;]<\/p>\n","protected":false},"author":1,"featured_media":2988,"parent":1668,"menu_order":0,"comment_status":"closed","ping_status":"closed","template":"","meta":{"_acf_changed":false,"yasr_overall_rating":0,"yasr_post_is_review":"","yasr_auto_insert_disabled":"","yasr_review_type":"","footnotes":""},"categories":[16],"tags":[],"class_list":["post-2983","page","type-page","status-publish","has-post-thumbnail","hentry","category-animals"],"acf":[],"yoast_head":"<!-- This site is optimized with the Yoast SEO plugin v26.9 - https:\/\/yoast.com\/product\/yoast-seo-wordpress\/ -->\n<title>Possum Control &amp; Removal Service in Quebec | Elite Pest Control<\/title>\n<meta name=\"description\" content=\"If you have a possum on your property, have one of our possum control experts capture the critter and give you peace of mind.\" \/>\n<meta name=\"robots\" content=\"index, follow, max-snippet:-1, max-image-preview:large, max-video-preview:-1\" \/>\n<link rel=\"canonical\" href=\"https:\/\/eliteextermination.com\/en\/insects-pests\/possum-control\/\" \/>\n<meta property=\"og:locale\" content=\"en_US\" \/>\n<meta property=\"og:type\" content=\"article\" \/>\n<meta property=\"og:title\" content=\"Possum Control &amp; Removal Service in Quebec | Elite Pest Control\" \/>\n<meta property=\"og:description\" content=\"If you have a possum on your property, have one of our possum control experts capture the critter and give you peace of mind.\" \/>\n<meta property=\"og:url\" content=\"https:\/\/eliteextermination.com\/en\/insects-pests\/possum-control\/\" \/>\n<meta property=\"og:site_name\" content=\"\u00c9lite Extermination\" \/>\n<meta property=\"article:modified_time\" content=\"2025-01-14T14:31:19+00:00\" \/>\n<meta property=\"og:image\" content=\"https:\/\/eliteextermination.com\/wp-content\/uploads\/2020\/01\/intrus-oppossum.jpg\" \/>\n\t<meta property=\"og:image:width\" content=\"216\" \/>\n\t<meta property=\"og:image:height\" content=\"216\" \/>\n\t<meta property=\"og:image:type\" content=\"image\/jpeg\" \/>\n<meta name=\"twitter:card\" content=\"summary_large_image\" \/>\n<meta name=\"twitter:label1\" content=\"Est. reading time\" \/>\n\t<meta name=\"twitter:data1\" content=\"3 minutes\" \/>\n<!-- \/ Yoast SEO plugin. -->","yoast_head_json":{"title":"Possum Control & Removal Service in Quebec | Elite Pest Control","description":"If you have a possum on your property, have one of our possum control experts capture the critter and give you peace of mind.","robots":{"index":"index","follow":"follow","max-snippet":"max-snippet:-1","max-image-preview":"max-image-preview:large","max-video-preview":"max-video-preview:-1"},"canonical":"https:\/\/eliteextermination.com\/en\/insects-pests\/possum-control\/","og_locale":"en_US","og_type":"article","og_title":"Possum Control & Removal Service in Quebec | Elite Pest Control","og_description":"If you have a possum on your property, have one of our possum control experts capture the critter and give you peace of mind.","og_url":"https:\/\/eliteextermination.com\/en\/insects-pests\/possum-control\/","og_site_name":"\u00c9lite Extermination","article_modified_time":"2025-01-14T14:31:19+00:00","og_image":[{"width":216,"height":216,"url":"https:\/\/eliteextermination.com\/wp-content\/uploads\/2020\/01\/intrus-oppossum.jpg","type":"image\/jpeg"}],"twitter_card":"summary_large_image","twitter_misc":{"Est. reading time":"3 minutes"},"schema":{"@context":"https:\/\/schema.org","@graph":[{"@type":"WebPage","@id":"https:\/\/eliteextermination.com\/en\/insects-pests\/possum-control\/","url":"https:\/\/eliteextermination.com\/en\/insects-pests\/possum-control\/","name":"Possum Control & Removal Service in Quebec | Elite Pest Control","isPartOf":{"@id":"https:\/\/eliteextermination.com\/en\/#website"},"primaryImageOfPage":{"@id":"https:\/\/eliteextermination.com\/en\/insects-pests\/possum-control\/#primaryimage"},"image":{"@id":"https:\/\/eliteextermination.com\/en\/insects-pests\/possum-control\/#primaryimage"},"thumbnailUrl":"https:\/\/eliteextermination.com\/wp-content\/uploads\/2020\/01\/intrus-oppossum.jpg","datePublished":"2020-01-09T16:51:29+00:00","dateModified":"2025-01-14T14:31:19+00:00","description":"If you have a possum on your property, have one of our possum control experts capture the critter and give you peace of mind.","breadcrumb":{"@id":"https:\/\/eliteextermination.com\/en\/insects-pests\/possum-control\/#breadcrumb"},"inLanguage":"en-CA","potentialAction":[{"@type":"ReadAction","target":["https:\/\/eliteextermination.com\/en\/insects-pests\/possum-control\/"]}]},{"@type":"ImageObject","inLanguage":"en-CA","@id":"https:\/\/eliteextermination.com\/en\/insects-pests\/possum-control\/#primaryimage","url":"https:\/\/eliteextermination.com\/wp-content\/uploads\/2020\/01\/intrus-oppossum.jpg","contentUrl":"https:\/\/eliteextermination.com\/wp-content\/uploads\/2020\/01\/intrus-oppossum.jpg","width":216,"height":216},{"@type":"BreadcrumbList","@id":"https:\/\/eliteextermination.com\/en\/insects-pests\/possum-control\/#breadcrumb","itemListElement":[{"@type":"ListItem","position":1,"name":"Home","item":"https:\/\/eliteextermination.com\/en\/"},{"@type":"ListItem","position":2,"name":"INTRUDERS","item":"https:\/\/eliteextermination.com\/en\/insects-pests\/"},{"@type":"ListItem","position":3,"name":"Possum control"}]},{"@type":"WebSite","@id":"https:\/\/eliteextermination.com\/en\/#website","url":"https:\/\/eliteextermination.com\/en\/","name":"\u00c9lite Extermination","description":"Pest Control Experts in Montreal, Laval, St-J\u00e9r\u00f4me, Repentigny, Trois-Rivi\u00e8res, Gatineau, South Shore","potentialAction":[{"@type":"SearchAction","target":{"@type":"EntryPoint","urlTemplate":"https:\/\/eliteextermination.com\/en\/?s={search_term_string}"},"query-input":{"@type":"PropertyValueSpecification","valueRequired":true,"valueName":"search_term_string"}}],"inLanguage":"en-CA"},false]}},"yasr_visitor_votes":{"stars_attributes":{"read_only":false,"span_bottom":false},"number_of_votes":0,"sum_votes":0},"_links":{"self":[{"href":"https:\/\/eliteextermination.com\/en\/wp-json\/wp\/v2\/pages\/2983","targetHints":{"allow":["GET"]}}],"collection":[{"href":"https:\/\/eliteextermination.com\/en\/wp-json\/wp\/v2\/pages"}],"about":[{"href":"https:\/\/eliteextermination.com\/en\/wp-json\/wp\/v2\/types\/page"}],"author":[{"embeddable":true,"href":"https:\/\/eliteextermination.com\/en\/wp-json\/wp\/v2\/users\/1"}],"replies":[{"embeddable":true,"href":"https:\/\/eliteextermination.com\/en\/wp-json\/wp\/v2\/comments?post=2983"}],"version-history":[{"count":5,"href":"https:\/\/eliteextermination.com\/en\/wp-json\/wp\/v2\/pages\/2983\/revisions"}],"predecessor-version":[{"id":6195,"href":"https:\/\/eliteextermination.com\/en\/wp-json\/wp\/v2\/pages\/2983\/revisions\/6195"}],"up":[{"embeddable":true,"href":"https:\/\/eliteextermination.com\/en\/wp-json\/wp\/v2\/pages\/1668"}],"wp:featuredmedia":[{"embeddable":true,"href":"https:\/\/eliteextermination.com\/en\/wp-json\/wp\/v2\/media\/2988"}],"wp:attachment":[{"href":"https:\/\/eliteextermination.com\/en\/wp-json\/wp\/v2\/media?parent=2983"}],"wp:term":[{"taxonomy":"category","embeddable":true,"href":"https:\/\/eliteextermination.com\/en\/wp-json\/wp\/v2\/categories?post=2983"},{"taxonomy":"post_tag","embeddable":true,"href":"https:\/\/eliteextermination.com\/en\/wp-json\/wp\/v2\/tags?post=2983"}],"curies":[{"name":"wp","href":"https:\/\/api.w.org\/{rel}","templated":true}]}}