{"id":5014,"date":"2023-11-29T13:44:29","date_gmt":"2023-11-29T18:44:29","guid":{"rendered":"https:\/\/eliteextermination.com\/?page_id=5014"},"modified":"2025-03-10T13:09:06","modified_gmt":"2025-03-10T17:09:06","slug":"pascal-rock","status":"publish","type":"page","link":"https:\/\/eliteextermination.com\/en\/pascal-rock\/","title":{"rendered":"Pascal Rock"},"content":{"rendered":"<div class=\"wpb-content-wrapper\">[vc_row fullwidth=&#8221;true&#8221; el_class=&#8221;BackGroundImageScale white&#8221; css=&#8221;.vc_custom_1637769542317{background-image: url(https:\/\/eliteextermination.com\/wp-content\/uploads\/2021\/11\/equipe-elite-gestion-parasitaire-1-scaled.jpg?id=3974) !important;}&#8221; id=&#8221;bgPos&#8221;][vc_column][vc_column_text align=&#8221;center&#8221; el_class=&#8221;Service_Title&#8221; css=&#8221;.vc_custom_1701283150751{margin-bottom: 0px !important;}&#8221;]\n<h1>Pascal Rock<\/h1>\n<p><a href=\"\/en\/contact-us\/\"><button class=\"Button_Style_Blue Button_Centered\" type=\"button\">CONTACT US<\/button><\/a>[\/vc_column_text][\/vc_column][\/vc_row][vc_row fullwidth=&#8221;true&#8221;][vc_column][vc_column_text align=&#8221;center&#8221; el_class=&#8221;Title_Text Centered_Text MainTitle_Margin&#8221; css=&#8221;.vc_custom_1701283163814{margin-bottom: 0px !important;}&#8221;]\n<h2>Who I am?<\/h2>\n[\/vc_column_text][vc_column_text align=&#8221;center&#8221; el_class=&#8221;Title_Paragraph_Text Centered_Text&#8221; css=&#8221;.vc_custom_1741626533329{margin-bottom: 0px !important;}&#8221;]It&#8217;s been over 10 years now since I decided to start my own business, specializing in <a href=\"https:\/\/eliteextermination.com\/en\/pest-extermination\/\">pest extermination<\/a> and decontamination. In the past, I&#8217;ve been fortunate enough to receive training from seasoned experts with between 25 and 30 years&#8217; experience in rodent and insect extermination, as well as <a href=\"https:\/\/eliteextermination.com\/en\/pest-decontamination\/\">building decontamination<\/a>.<\/p>\n<p>At Elite Pest Control, I rely on a team of 6 technicians whom I have personally trained in the best tricks of the trade. Thanks to this high-quality team, residents, merchants and institutional staff in <a href=\"https:\/\/eliteextermination.com\/en\/extermination-montreal\/\">Montreal<\/a>,\u00a0<a href=\"https:\/\/eliteextermination.com\/en\/extermination-laval\/\">Laval<\/a>,\u00a0<a href=\"https:\/\/eliteextermination.com\/en\/extermination-repentigny\/\">Repentigny<\/a>,\u00a0<a href=\"https:\/\/eliteextermination.com\/en\/extermination-st-jerome\/\">St-J\u00e9r\u00f4me<\/a>,\u00a0<a href=\"https:\/\/eliteextermination.com\/en\/extermination-trois-rivieres\/\">Trois-Rivi\u00e8res<\/a>, <a href=\"https:\/\/eliteextermination.com\/en\/extermination-longueuil\/\">Longueuil<\/a>\u00a0and\u00a0Quebec City can get rid of unwanted pests and parasites, <a href=\"https:\/\/eliteextermination.com\/en\/emergency-24-7\/\">24 hours a day, 7 days a week<\/a>.[\/vc_column_text][vc_empty_space height=&#8221;96px&#8221;][\/vc_column][\/vc_row][vc_row fullwidth=&#8221;true&#8221; equal_columns=&#8221;true&#8221;][vc_column width=&#8221;1\/2&#8243; css=&#8221;.vc_custom_1499957445598{background-image: url(https:\/\/eliteextermination.com\/wp-content\/uploads\/2017\/06\/background-etape1.jpg?id=349) !important;}&#8221; el_class=&#8221;BackGroundImageScale Service_Text_Margin Service_Col_Padding&#8221;][vc_column_text el_class=&#8221;Title_Text White_Text&#8221; css=&#8221;.vc_custom_1701283299131{margin-bottom: 0px !important;}&#8221;]\n<h3><b>My mission<\/b><\/h3>\n[\/vc_column_text][vc_empty_space][vc_column_text el_class=&#8221;SubTitle_Paragraph_Text White_Text&#8221; css=&#8221;.vc_custom_1736865268887{margin-bottom: 0px !important;}&#8221;]With my company, I offer <a href=\"https:\/\/eliteextermination.com\/en\/insects-pests\/\">insect<\/a>\u00a0and animal extermination services, as well as microbial decontamination. I place great importance on the use of eco-responsible products that pose no danger to the health of occupants. In addition to this, I am committed to providing a quality customer experience by offering advice on <a href=\"https:\/\/eliteextermination.com\/en\/pest-prevention\/\">prevention<\/a>, as well as building <a href=\"https:\/\/eliteextermination.com\/en\/rodent-proof-caulking\/\">caulking and insulation services<\/a>.[\/vc_column_text][vc_empty_space][vc_column_text el_class=&#8221;Title_Text White_Text&#8221; css=&#8221;.vc_custom_1701283405097{margin-bottom: 0px !important;}&#8221;]\n<h3><b>My vision for Elite Pest Control<\/b><\/h3>\n[\/vc_column_text][vc_column_text el_class=&#8221;SubTitle_Paragraph_Text White_Text&#8221; css=&#8221;.vc_custom_1701283438356{margin-bottom: 0px !important;}&#8221;]My goal is to become THE most recognized pest management reference in the cities where we are established, and to further develop our services in the Quebec City and Ottawa regions.[\/vc_column_text][\/vc_column][vc_column width=&#8221;1\/2&#8243; css=&#8221;.vc_custom_1499957452142{background-color: #151a2f !important;}&#8221; el_class=&#8221;Service_Text_Margin Service_Col_Padding&#8221;][vc_empty_space][vc_column_text el_class=&#8221;White_Text&#8221; css=&#8221;.vc_custom_1701283380043{margin-bottom: 0px !important;}&#8221;]\n<h3>My values<\/h3>\n<div class=\"SubTitle_Paragraph_Text\">A personable approach<br \/>\nDiscretion<br \/>\nTransparence and integrity<br \/>\nQuality service<\/div>\n[\/vc_column_text][\/vc_column][\/vc_row][vc_row fullwidth=&#8221;true&#8221; equal_columns=&#8221;true&#8221; el_class=&#8221;BackGroundImageScale bgperso&#8221; css=&#8221;.vc_custom_1701283883863{background-image: url(https:\/\/eliteextermination.com\/wp-content\/uploads\/2023\/11\/pascal-rock-en.jpg?id=5028) !important;}&#8221;][vc_column width=&#8221;1\/2&#8243; el_class=&#8221;Service_Text_Margin Service_Col_Padding&#8221;][vc_column_text el_class=&#8221;Title_Text&#8221;]\n<h2><b>Our certifications and permits<\/b><\/h2>\n[\/vc_column_text][vc_empty_space][vc_column_text el_class=&#8221;SubTitle_Paragraph_Text&#8221;]Because we are committed to following the laws and regulations that guide the industry, we are a member of the Association Qu\u00e9b\u00e9coise de la Gestion Parasitaire. We also ensure the best service by prioritizing the training and skills development of all our employees. Each of our technicians has obtained a pesticide management certificate from Quebec\u2019s Ministry of Sustainable Development, Environment, and Action against Climate Change.<\/p>\n<p>We also hold the following permits and certifications:<\/p>\n<ul>\n<li>Microbial remediation (we can give you a certificate for your insurance)<\/li>\n<li>Odour control<\/li>\n<li>Fumigation<\/li>\n<li>Building sealing permit from Quebec\u2019s R\u00e9gie du b\u00e2timent<\/li>\n<li>Liability insurance<\/li>\n<\/ul>\n[\/vc_column_text][\/vc_column][vc_column width=&#8221;1\/2&#8243;][\/vc_column][\/vc_row][vc_row fullwidth=&#8221;true&#8221; css=&#8221;.vc_custom_1506708247114{padding-top: 30px !important;}&#8221; el_class=&#8221;bg-blue logos&#8221;][vc_column width=&#8221;1\/4&#8243;][mk_image src=&#8221;https:\/\/eliteextermination.com\/wp-content\/uploads\/2017\/06\/logo_rsa-2-44.png&#8221; image_size=&#8221;full&#8221; link=&#8221;http:\/\/www.mddelcc.gouv.qc.ca\/index_en.asp&#8221; target=&#8221;_blank&#8221; title=&#8221;Certificated microbial decontamination&#8221; caption_location=&#8221;outside-image&#8221; align=&#8221;center&#8221;][\/vc_column][vc_column width=&#8221;1\/4&#8243;][mk_image src=&#8221;https:\/\/eliteextermination.com\/wp-content\/uploads\/2017\/06\/logo_npma-244.png&#8221; image_size=&#8221;full&#8221; link=&#8221;http:\/\/www.npmapestworld.org\/&#8221; target=&#8221;_blank&#8221; title=&#8221;Member of the National Pest Management Assocation&#8221; caption_location=&#8221;outside-image&#8221; align=&#8221;center&#8221;][\/vc_column][vc_column width=&#8221;1\/4&#8243;][mk_image src=&#8221;https:\/\/eliteextermination.com\/wp-content\/uploads\/2017\/06\/logoapq-244-2.png&#8221; image_size=&#8221;full&#8221; link=&#8221;http:\/\/en.apq.org\/&#8221; target=&#8221;_blank&#8221; title=&#8221;Member of The Association des propri\u00e9taires du Qu\u00e9bec (APQ)&#8221; caption_location=&#8221;outside-image&#8221; align=&#8221;center&#8221;][\/vc_column][vc_column width=&#8221;1\/4&#8243;][mk_image src=&#8221;https:\/\/eliteextermination.com\/wp-content\/uploads\/2017\/06\/logoapq-244-1.png&#8221; image_size=&#8221;full&#8221; link=&#8221;http:\/\/pestworldcanada.net\/&#8221; target=&#8221;_blank&#8221; title=&#8221;Member of The Pest Control Association (AQGP)&#8221; caption_location=&#8221;outside-image&#8221; align=&#8221;center&#8221;][\/vc_column][\/vc_row][vc_row fullwidth=&#8221;true&#8221; css=&#8221;.vc_custom_1581523302889{padding-bottom: 30px !important;}&#8221; el_class=&#8221;bg-blue logos&#8221;][vc_column width=&#8221;1\/4&#8243;][mk_image src=&#8221;https:\/\/eliteextermination.com\/wp-content\/uploads\/2017\/07\/logo_rbq.png&#8221; image_size=&#8221;full&#8221; link=&#8221;https:\/\/www.rbq.gouv.qc.ca\/en.html&#8221; target=&#8221;_blank&#8221; title=&#8221;R.B.Q license : 5730-4107-01&#8243; caption_location=&#8221;outside-image&#8221; align=&#8221;center&#8221;][\/vc_column][vc_column width=&#8221;1\/4&#8243;][mk_image src=&#8221;https:\/\/eliteextermination.com\/wp-content\/uploads\/2017\/06\/logo_aviva-244-2.png&#8221; image_size=&#8221;full&#8221; title=&#8221;Full Insurance of 5 000 000$&#8221; caption_location=&#8221;outside-image&#8221; align=&#8221;center&#8221;][\/vc_column][vc_column width=&#8221;1\/4&#8243;][mk_image src=&#8221;https:\/\/eliteextermination.com\/wp-content\/uploads\/2017\/07\/logo_environnement2.png&#8221; image_size=&#8221;full&#8221; link=&#8221;http:\/\/www.mddelcc.gouv.qc.ca\/index_en.asp&#8221; target=&#8221;_blank&#8221; title=&#8221;Company certified by the Qu\u00e9bec Department of the Environment&#8221; caption_location=&#8221;outside-image&#8221; align=&#8221;center&#8221;][\/vc_column][vc_column width=&#8221;1\/4&#8243;][mk_image src=&#8221;https:\/\/eliteextermination.com\/wp-content\/uploads\/2017\/06\/logo_santecanada-244.png&#8221; image_size=&#8221;full&#8221; link=&#8221;http:\/\/www.hc-sc.gc.ca\/index-eng.php&#8221; target=&#8221;_blank&#8221; title=&#8221;Products approved by Health Canada&#8221; caption_location=&#8221;outside-image&#8221; align=&#8221;center&#8221;][\/vc_column][\/vc_row]\n<\/div>","protected":false},"excerpt":{"rendered":"<p>[vc_row fullwidth=&#8221;true&#8221; el_class=&#8221;BackGroundImageScale white&#8221; css=&#8221;.vc_custom_1637769542317{background-image: url(https:\/\/eliteextermination.com\/wp-content\/uploads\/2021\/11\/equipe-elite-gestion-parasitaire-1-scaled.jpg?id=3974) !important;}&#8221; id=&#8221;bgPos&#8221;][vc_column][vc_column_text align=&#8221;center&#8221; el_class=&#8221;Service_Title&#8221; css=&#8221;.vc_custom_1701283150751{margin-bottom: 0px !important;}&#8221;] Pascal Rock CONTACT US[\/vc_column_text][\/vc_column][\/vc_row][vc_row fullwidth=&#8221;true&#8221;][vc_column][vc_column_text align=&#8221;center&#8221; el_class=&#8221;Title_Text Centered_Text MainTitle_Margin&#8221; css=&#8221;.vc_custom_1701283163814{margin-bottom: 0px !important;}&#8221;] Who I am? [\/vc_column_text][vc_column_text align=&#8221;center&#8221; el_class=&#8221;Title_Paragraph_Text Centered_Text&#8221; css=&#8221;.vc_custom_1741626533329{margin-bottom: 0px !important;}&#8221;]It&#8217;s been over 10 years now since I decided to start my own business, specializing in pest extermination and decontamination. In [&hellip;]<\/p>\n","protected":false},"author":1,"featured_media":0,"parent":0,"menu_order":0,"comment_status":"open","ping_status":"closed","template":"","meta":{"_acf_changed":false,"yasr_overall_rating":0,"yasr_post_is_review":"","yasr_auto_insert_disabled":"","yasr_review_type":"","footnotes":""},"categories":[],"tags":[],"class_list":["post-5014","page","type-page","status-publish","hentry"],"acf":[],"yoast_head":"<!-- This site is optimized with the Yoast SEO plugin v26.9 - https:\/\/yoast.com\/product\/yoast-seo-wordpress\/ -->\n<title>Pascal Rock | Elite Pest Control<\/title>\n<meta name=\"description\" content=\"Trust Elite Pest Control, the professional exterminator with over 10 years of experience! Easily find expert extermination services anywhere in Quebec!\" \/>\n<meta name=\"robots\" content=\"index, follow, max-snippet:-1, max-image-preview:large, max-video-preview:-1\" \/>\n<link rel=\"canonical\" href=\"https:\/\/eliteextermination.com\/en\/pascal-rock\/\" \/>\n<meta property=\"og:locale\" content=\"en_US\" \/>\n<meta property=\"og:type\" content=\"article\" \/>\n<meta property=\"og:title\" content=\"Pascal Rock | Elite Pest Control\" \/>\n<meta property=\"og:description\" content=\"Trust Elite Pest Control, the professional exterminator with over 10 years of experience! Easily find expert extermination services anywhere in Quebec!\" \/>\n<meta property=\"og:url\" content=\"https:\/\/eliteextermination.com\/en\/pascal-rock\/\" \/>\n<meta property=\"og:site_name\" content=\"\u00c9lite Extermination\" \/>\n<meta property=\"article:modified_time\" content=\"2025-03-10T17:09:06+00:00\" \/>\n<meta name=\"twitter:card\" content=\"summary_large_image\" \/>\n<meta name=\"twitter:label1\" content=\"Est. reading time\" \/>\n\t<meta name=\"twitter:data1\" content=\"3 minutes\" \/>\n<!-- \/ Yoast SEO plugin. -->","yoast_head_json":{"title":"Pascal Rock | Elite Pest Control","description":"Trust Elite Pest Control, the professional exterminator with over 10 years of experience! Easily find expert extermination services anywhere in Quebec!","robots":{"index":"index","follow":"follow","max-snippet":"max-snippet:-1","max-image-preview":"max-image-preview:large","max-video-preview":"max-video-preview:-1"},"canonical":"https:\/\/eliteextermination.com\/en\/pascal-rock\/","og_locale":"en_US","og_type":"article","og_title":"Pascal Rock | Elite Pest Control","og_description":"Trust Elite Pest Control, the professional exterminator with over 10 years of experience! Easily find expert extermination services anywhere in Quebec!","og_url":"https:\/\/eliteextermination.com\/en\/pascal-rock\/","og_site_name":"\u00c9lite Extermination","article_modified_time":"2025-03-10T17:09:06+00:00","twitter_card":"summary_large_image","twitter_misc":{"Est. reading time":"3 minutes"},"schema":{"@context":"https:\/\/schema.org","@graph":[{"@type":"WebPage","@id":"https:\/\/eliteextermination.com\/en\/pascal-rock\/","url":"https:\/\/eliteextermination.com\/en\/pascal-rock\/","name":"Pascal Rock | Elite Pest Control","isPartOf":{"@id":"https:\/\/eliteextermination.com\/en\/#website"},"datePublished":"2023-11-29T18:44:29+00:00","dateModified":"2025-03-10T17:09:06+00:00","description":"Trust Elite Pest Control, the professional exterminator with over 10 years of experience! Easily find expert extermination services anywhere in Quebec!","breadcrumb":{"@id":"https:\/\/eliteextermination.com\/en\/pascal-rock\/#breadcrumb"},"inLanguage":"en-CA","potentialAction":[{"@type":"ReadAction","target":["https:\/\/eliteextermination.com\/en\/pascal-rock\/"]}]},{"@type":"BreadcrumbList","@id":"https:\/\/eliteextermination.com\/en\/pascal-rock\/#breadcrumb","itemListElement":[{"@type":"ListItem","position":1,"name":"Home","item":"https:\/\/eliteextermination.com\/en\/"},{"@type":"ListItem","position":2,"name":"Pascal Rock"}]},{"@type":"WebSite","@id":"https:\/\/eliteextermination.com\/en\/#website","url":"https:\/\/eliteextermination.com\/en\/","name":"\u00c9lite Extermination","description":"Pest Control Experts in Montreal, Laval, St-J\u00e9r\u00f4me, Repentigny, Trois-Rivi\u00e8res, Gatineau, South Shore","potentialAction":[{"@type":"SearchAction","target":{"@type":"EntryPoint","urlTemplate":"https:\/\/eliteextermination.com\/en\/?s={search_term_string}"},"query-input":{"@type":"PropertyValueSpecification","valueRequired":true,"valueName":"search_term_string"}}],"inLanguage":"en-CA"},false]}},"yasr_visitor_votes":{"stars_attributes":{"read_only":false,"span_bottom":false},"number_of_votes":0,"sum_votes":0},"_links":{"self":[{"href":"https:\/\/eliteextermination.com\/en\/wp-json\/wp\/v2\/pages\/5014","targetHints":{"allow":["GET"]}}],"collection":[{"href":"https:\/\/eliteextermination.com\/en\/wp-json\/wp\/v2\/pages"}],"about":[{"href":"https:\/\/eliteextermination.com\/en\/wp-json\/wp\/v2\/types\/page"}],"author":[{"embeddable":true,"href":"https:\/\/eliteextermination.com\/en\/wp-json\/wp\/v2\/users\/1"}],"replies":[{"embeddable":true,"href":"https:\/\/eliteextermination.com\/en\/wp-json\/wp\/v2\/comments?post=5014"}],"version-history":[{"count":20,"href":"https:\/\/eliteextermination.com\/en\/wp-json\/wp\/v2\/pages\/5014\/revisions"}],"predecessor-version":[{"id":6464,"href":"https:\/\/eliteextermination.com\/en\/wp-json\/wp\/v2\/pages\/5014\/revisions\/6464"}],"wp:attachment":[{"href":"https:\/\/eliteextermination.com\/en\/wp-json\/wp\/v2\/media?parent=5014"}],"wp:term":[{"taxonomy":"category","embeddable":true,"href":"https:\/\/eliteextermination.com\/en\/wp-json\/wp\/v2\/categories?post=5014"},{"taxonomy":"post_tag","embeddable":true,"href":"https:\/\/eliteextermination.com\/en\/wp-json\/wp\/v2\/tags?post=5014"}],"curies":[{"name":"wp","href":"https:\/\/api.w.org\/{rel}","templated":true}]}}