{"id":5184,"date":"2024-02-12T13:57:16","date_gmt":"2024-02-12T18:57:16","guid":{"rendered":"https:\/\/eliteextermination.com\/?page_id=5184"},"modified":"2025-02-05T10:33:02","modified_gmt":"2025-02-05T15:33:02","slug":"pest-decontamination","status":"publish","type":"page","link":"https:\/\/eliteextermination.com\/en\/pest-decontamination\/","title":{"rendered":"Pest Decontamination"},"content":{"rendered":"","protected":false},"excerpt":{"rendered":"","protected":false},"author":1,"featured_media":0,"parent":0,"menu_order":0,"comment_status":"closed","ping_status":"closed","template":"page-services.php","meta":{"_acf_changed":false,"yasr_overall_rating":5,"yasr_post_is_review":"","yasr_auto_insert_disabled":"","yasr_review_type":"","footnotes":""},"categories":[],"tags":[],"class_list":["post-5184","page","type-page","status-publish","hentry"],"acf":[],"yoast_head":"<!-- This site is optimized with the Yoast SEO plugin v26.9 - https:\/\/yoast.com\/product\/yoast-seo-wordpress\/ -->\n<title>Decontamination &amp; Disinfection Service Montreal<\/title>\n<meta name=\"description\" content=\"Do you need pest decontamination services for your home? Trust the professionals at Elite Pest Control for disinfection services anywhere in Quebec.\" \/>\n<meta name=\"robots\" content=\"index, follow, max-snippet:-1, max-image-preview:large, max-video-preview:-1\" \/>\n<link rel=\"canonical\" href=\"https:\/\/eliteextermination.com\/en\/pest-decontamination\/\" \/>\n<meta property=\"og:locale\" content=\"en_US\" \/>\n<meta property=\"og:type\" content=\"article\" \/>\n<meta property=\"og:title\" content=\"Decontamination &amp; Disinfection Service Montreal\" \/>\n<meta property=\"og:description\" content=\"Do you need pest decontamination services for your home? Trust the professionals at Elite Pest Control for disinfection services anywhere in Quebec.\" \/>\n<meta property=\"og:url\" content=\"https:\/\/eliteextermination.com\/en\/pest-decontamination\/\" \/>\n<meta property=\"og:site_name\" content=\"\u00c9lite Extermination\" \/>\n<meta property=\"article:modified_time\" content=\"2025-02-05T15:33:02+00:00\" \/>\n<meta name=\"twitter:card\" content=\"summary_large_image\" \/>\n<!-- \/ Yoast SEO plugin. -->","yoast_head_json":{"title":"Decontamination & Disinfection Service Montreal","description":"Do you need pest decontamination services for your home? Trust the professionals at Elite Pest Control for disinfection services anywhere in Quebec.","robots":{"index":"index","follow":"follow","max-snippet":"max-snippet:-1","max-image-preview":"max-image-preview:large","max-video-preview":"max-video-preview:-1"},"canonical":"https:\/\/eliteextermination.com\/en\/pest-decontamination\/","og_locale":"en_US","og_type":"article","og_title":"Decontamination & Disinfection Service Montreal","og_description":"Do you need pest decontamination services for your home? Trust the professionals at Elite Pest Control for disinfection services anywhere in Quebec.","og_url":"https:\/\/eliteextermination.com\/en\/pest-decontamination\/","og_site_name":"\u00c9lite Extermination","article_modified_time":"2025-02-05T15:33:02+00:00","twitter_card":"summary_large_image","schema":{"@context":"https:\/\/schema.org","@graph":[{"@type":"WebPage","@id":"https:\/\/eliteextermination.com\/en\/pest-decontamination\/","url":"https:\/\/eliteextermination.com\/en\/pest-decontamination\/","name":"Decontamination & Disinfection Service Montreal","isPartOf":{"@id":"https:\/\/eliteextermination.com\/en\/#website"},"datePublished":"2024-02-12T18:57:16+00:00","dateModified":"2025-02-05T15:33:02+00:00","description":"Do you need pest decontamination services for your home? Trust the professionals at Elite Pest Control for disinfection services anywhere in Quebec.","breadcrumb":{"@id":"https:\/\/eliteextermination.com\/en\/pest-decontamination\/#breadcrumb"},"inLanguage":"en-CA","potentialAction":[{"@type":"ReadAction","target":["https:\/\/eliteextermination.com\/en\/pest-decontamination\/"]}]},{"@type":"BreadcrumbList","@id":"https:\/\/eliteextermination.com\/en\/pest-decontamination\/#breadcrumb","itemListElement":[{"@type":"ListItem","position":1,"name":"Home","item":"https:\/\/eliteextermination.com\/en\/"},{"@type":"ListItem","position":2,"name":"Pest Decontamination"}]},{"@type":"WebSite","@id":"https:\/\/eliteextermination.com\/en\/#website","url":"https:\/\/eliteextermination.com\/en\/","name":"\u00c9lite Extermination","description":"Pest Control Experts in Montreal, Laval, St-J\u00e9r\u00f4me, Repentigny, Trois-Rivi\u00e8res, Gatineau, South Shore","potentialAction":[{"@type":"SearchAction","target":{"@type":"EntryPoint","urlTemplate":"https:\/\/eliteextermination.com\/en\/?s={search_term_string}"},"query-input":{"@type":"PropertyValueSpecification","valueRequired":true,"valueName":"search_term_string"}}],"inLanguage":"en-CA"},false]}},"yasr_visitor_votes":{"stars_attributes":{"read_only":false,"span_bottom":false},"number_of_votes":2,"sum_votes":6},"_links":{"self":[{"href":"https:\/\/eliteextermination.com\/en\/wp-json\/wp\/v2\/pages\/5184","targetHints":{"allow":["GET"]}}],"collection":[{"href":"https:\/\/eliteextermination.com\/en\/wp-json\/wp\/v2\/pages"}],"about":[{"href":"https:\/\/eliteextermination.com\/en\/wp-json\/wp\/v2\/types\/page"}],"author":[{"embeddable":true,"href":"https:\/\/eliteextermination.com\/en\/wp-json\/wp\/v2\/users\/1"}],"replies":[{"embeddable":true,"href":"https:\/\/eliteextermination.com\/en\/wp-json\/wp\/v2\/comments?post=5184"}],"version-history":[{"count":4,"href":"https:\/\/eliteextermination.com\/en\/wp-json\/wp\/v2\/pages\/5184\/revisions"}],"predecessor-version":[{"id":6355,"href":"https:\/\/eliteextermination.com\/en\/wp-json\/wp\/v2\/pages\/5184\/revisions\/6355"}],"wp:attachment":[{"href":"https:\/\/eliteextermination.com\/en\/wp-json\/wp\/v2\/media?parent=5184"}],"wp:term":[{"taxonomy":"category","embeddable":true,"href":"https:\/\/eliteextermination.com\/en\/wp-json\/wp\/v2\/categories?post=5184"},{"taxonomy":"post_tag","embeddable":true,"href":"https:\/\/eliteextermination.com\/en\/wp-json\/wp\/v2\/tags?post=5184"}],"curies":[{"name":"wp","href":"https:\/\/api.w.org\/{rel}","templated":true}]}}