{"id":5207,"date":"2024-02-12T15:51:55","date_gmt":"2024-02-12T20:51:55","guid":{"rendered":"https:\/\/eliteextermination.com\/?page_id=5207"},"modified":"2025-01-14T11:10:53","modified_gmt":"2025-01-14T16:10:53","slug":"pest-insulation","status":"publish","type":"page","link":"https:\/\/eliteextermination.com\/en\/pest-insulation\/","title":{"rendered":"Home and Attic Insulation"},"content":{"rendered":"","protected":false},"excerpt":{"rendered":"","protected":false},"author":1,"featured_media":0,"parent":0,"menu_order":0,"comment_status":"closed","ping_status":"closed","template":"page-services.php","meta":{"_acf_changed":false,"yasr_overall_rating":5,"yasr_post_is_review":"","yasr_auto_insert_disabled":"","yasr_review_type":"","footnotes":""},"categories":[],"tags":[],"class_list":["post-5207","page","type-page","status-publish","hentry"],"acf":[],"yoast_head":"<!-- This site is optimized with the Yoast SEO plugin v26.9 - https:\/\/yoast.com\/product\/yoast-seo-wordpress\/ -->\n<title>Home &amp; Attic Insulation Services | Elite Pest Control<\/title>\n<meta name=\"description\" content=\"Trust our home and attic insulation services in Montreal! We will help you restore your home to a pest-free environment! Contact us at 514-791-8385.\" \/>\n<meta name=\"robots\" content=\"index, follow, max-snippet:-1, max-image-preview:large, max-video-preview:-1\" \/>\n<link rel=\"canonical\" href=\"https:\/\/eliteextermination.com\/en\/pest-insulation\/\" \/>\n<meta property=\"og:locale\" content=\"en_US\" \/>\n<meta property=\"og:type\" content=\"article\" \/>\n<meta property=\"og:title\" content=\"Home &amp; Attic Insulation Services | Elite Pest Control\" \/>\n<meta property=\"og:description\" content=\"Trust our home and attic insulation services in Montreal! We will help you restore your home to a pest-free environment! Contact us at 514-791-8385.\" \/>\n<meta property=\"og:url\" content=\"https:\/\/eliteextermination.com\/en\/pest-insulation\/\" \/>\n<meta property=\"og:site_name\" content=\"\u00c9lite Extermination\" \/>\n<meta property=\"article:modified_time\" content=\"2025-01-14T16:10:53+00:00\" \/>\n<meta name=\"twitter:card\" content=\"summary_large_image\" \/>\n<!-- \/ Yoast SEO plugin. -->","yoast_head_json":{"title":"Home & Attic Insulation Services | Elite Pest Control","description":"Trust our home and attic insulation services in Montreal! We will help you restore your home to a pest-free environment! Contact us at 514-791-8385.","robots":{"index":"index","follow":"follow","max-snippet":"max-snippet:-1","max-image-preview":"max-image-preview:large","max-video-preview":"max-video-preview:-1"},"canonical":"https:\/\/eliteextermination.com\/en\/pest-insulation\/","og_locale":"en_US","og_type":"article","og_title":"Home & Attic Insulation Services | Elite Pest Control","og_description":"Trust our home and attic insulation services in Montreal! We will help you restore your home to a pest-free environment! Contact us at 514-791-8385.","og_url":"https:\/\/eliteextermination.com\/en\/pest-insulation\/","og_site_name":"\u00c9lite Extermination","article_modified_time":"2025-01-14T16:10:53+00:00","twitter_card":"summary_large_image","schema":{"@context":"https:\/\/schema.org","@graph":[{"@type":"WebPage","@id":"https:\/\/eliteextermination.com\/en\/pest-insulation\/","url":"https:\/\/eliteextermination.com\/en\/pest-insulation\/","name":"Home & Attic Insulation Services | Elite Pest Control","isPartOf":{"@id":"https:\/\/eliteextermination.com\/en\/#website"},"datePublished":"2024-02-12T20:51:55+00:00","dateModified":"2025-01-14T16:10:53+00:00","description":"Trust our home and attic insulation services in Montreal! We will help you restore your home to a pest-free environment! Contact us at 514-791-8385.","breadcrumb":{"@id":"https:\/\/eliteextermination.com\/en\/pest-insulation\/#breadcrumb"},"inLanguage":"en-CA","potentialAction":[{"@type":"ReadAction","target":["https:\/\/eliteextermination.com\/en\/pest-insulation\/"]}]},{"@type":"BreadcrumbList","@id":"https:\/\/eliteextermination.com\/en\/pest-insulation\/#breadcrumb","itemListElement":[{"@type":"ListItem","position":1,"name":"Home","item":"https:\/\/eliteextermination.com\/en\/"},{"@type":"ListItem","position":2,"name":"Home and Attic Insulation"}]},{"@type":"WebSite","@id":"https:\/\/eliteextermination.com\/en\/#website","url":"https:\/\/eliteextermination.com\/en\/","name":"\u00c9lite Extermination","description":"Pest Control Experts in Montreal, Laval, St-J\u00e9r\u00f4me, Repentigny, Trois-Rivi\u00e8res, Gatineau, South Shore","potentialAction":[{"@type":"SearchAction","target":{"@type":"EntryPoint","urlTemplate":"https:\/\/eliteextermination.com\/en\/?s={search_term_string}"},"query-input":{"@type":"PropertyValueSpecification","valueRequired":true,"valueName":"search_term_string"}}],"inLanguage":"en-CA"},false]}},"yasr_visitor_votes":{"stars_attributes":{"read_only":false,"span_bottom":false},"number_of_votes":2,"sum_votes":6},"_links":{"self":[{"href":"https:\/\/eliteextermination.com\/en\/wp-json\/wp\/v2\/pages\/5207","targetHints":{"allow":["GET"]}}],"collection":[{"href":"https:\/\/eliteextermination.com\/en\/wp-json\/wp\/v2\/pages"}],"about":[{"href":"https:\/\/eliteextermination.com\/en\/wp-json\/wp\/v2\/types\/page"}],"author":[{"embeddable":true,"href":"https:\/\/eliteextermination.com\/en\/wp-json\/wp\/v2\/users\/1"}],"replies":[{"embeddable":true,"href":"https:\/\/eliteextermination.com\/en\/wp-json\/wp\/v2\/comments?post=5207"}],"version-history":[{"count":8,"href":"https:\/\/eliteextermination.com\/en\/wp-json\/wp\/v2\/pages\/5207\/revisions"}],"predecessor-version":[{"id":6277,"href":"https:\/\/eliteextermination.com\/en\/wp-json\/wp\/v2\/pages\/5207\/revisions\/6277"}],"wp:attachment":[{"href":"https:\/\/eliteextermination.com\/en\/wp-json\/wp\/v2\/media?parent=5207"}],"wp:term":[{"taxonomy":"category","embeddable":true,"href":"https:\/\/eliteextermination.com\/en\/wp-json\/wp\/v2\/categories?post=5207"},{"taxonomy":"post_tag","embeddable":true,"href":"https:\/\/eliteextermination.com\/en\/wp-json\/wp\/v2\/tags?post=5207"}],"curies":[{"name":"wp","href":"https:\/\/api.w.org\/{rel}","templated":true}]}}