{"id":5218,"date":"2024-02-13T09:33:18","date_gmt":"2024-02-13T14:33:18","guid":{"rendered":"https:\/\/eliteextermination.com\/?page_id=5218"},"modified":"2025-02-05T10:33:58","modified_gmt":"2025-02-05T15:33:58","slug":"mouse-extermination","status":"publish","type":"page","link":"https:\/\/eliteextermination.com\/en\/insects-pests\/mouse-extermination\/","title":{"rendered":"Mouse extermination"},"content":{"rendered":"","protected":false},"excerpt":{"rendered":"","protected":false},"author":1,"featured_media":3858,"parent":1668,"menu_order":0,"comment_status":"closed","ping_status":"closed","template":"page-services.php","meta":{"_acf_changed":false,"yasr_overall_rating":5,"yasr_post_is_review":"","yasr_auto_insert_disabled":"","yasr_review_type":"","footnotes":""},"categories":[141,16],"tags":[],"class_list":["post-5218","page","type-page","status-publish","has-post-thumbnail","hentry","category-mouse","category-animals"],"acf":[],"yoast_head":"<!-- This site is optimized with the Yoast SEO plugin v26.9 - https:\/\/yoast.com\/product\/yoast-seo-wordpress\/ -->\n<title>Mouse Exterminator Montreal and Laval | Elite Pest Control<\/title>\n<meta name=\"description\" content=\"Need a professional mouse exterminator to get rid of mice in your home? Contact the mouse extermination experts at Elite Pest Control!\" \/>\n<meta name=\"robots\" content=\"index, follow, max-snippet:-1, max-image-preview:large, max-video-preview:-1\" \/>\n<link rel=\"canonical\" href=\"https:\/\/eliteextermination.com\/en\/insects-pests\/mouse-extermination\/\" \/>\n<meta property=\"og:locale\" content=\"en_US\" \/>\n<meta property=\"og:type\" content=\"article\" \/>\n<meta property=\"og:title\" content=\"Mouse Exterminator Montreal and Laval | Elite Pest Control\" \/>\n<meta property=\"og:description\" content=\"Need a professional mouse exterminator to get rid of mice in your home? Contact the mouse extermination experts at Elite Pest Control!\" \/>\n<meta property=\"og:url\" content=\"https:\/\/eliteextermination.com\/en\/insects-pests\/mouse-extermination\/\" \/>\n<meta property=\"og:site_name\" content=\"\u00c9lite Extermination\" \/>\n<meta property=\"article:modified_time\" content=\"2025-02-05T15:33:58+00:00\" \/>\n<meta property=\"og:image\" content=\"https:\/\/eliteextermination.com\/wp-content\/uploads\/2021\/02\/mouse-1708365_1920.jpg\" \/>\n\t<meta property=\"og:image:width\" content=\"1920\" \/>\n\t<meta property=\"og:image:height\" content=\"934\" \/>\n\t<meta property=\"og:image:type\" content=\"image\/jpeg\" \/>\n<meta name=\"twitter:card\" content=\"summary_large_image\" \/>\n<meta name=\"twitter:label1\" content=\"Est. reading time\" \/>\n\t<meta name=\"twitter:data1\" content=\"1 minute\" \/>\n<!-- \/ Yoast SEO plugin. -->","yoast_head_json":{"title":"Mouse Exterminator Montreal and Laval | Elite Pest Control","description":"Need a professional mouse exterminator to get rid of mice in your home? Contact the mouse extermination experts at Elite Pest Control!","robots":{"index":"index","follow":"follow","max-snippet":"max-snippet:-1","max-image-preview":"max-image-preview:large","max-video-preview":"max-video-preview:-1"},"canonical":"https:\/\/eliteextermination.com\/en\/insects-pests\/mouse-extermination\/","og_locale":"en_US","og_type":"article","og_title":"Mouse Exterminator Montreal and Laval | Elite Pest Control","og_description":"Need a professional mouse exterminator to get rid of mice in your home? Contact the mouse extermination experts at Elite Pest Control!","og_url":"https:\/\/eliteextermination.com\/en\/insects-pests\/mouse-extermination\/","og_site_name":"\u00c9lite Extermination","article_modified_time":"2025-02-05T15:33:58+00:00","og_image":[{"width":1920,"height":934,"url":"https:\/\/eliteextermination.com\/wp-content\/uploads\/2021\/02\/mouse-1708365_1920.jpg","type":"image\/jpeg"}],"twitter_card":"summary_large_image","twitter_misc":{"Est. reading time":"1 minute"},"schema":{"@context":"https:\/\/schema.org","@graph":[{"@type":"WebPage","@id":"https:\/\/eliteextermination.com\/en\/insects-pests\/mouse-extermination\/","url":"https:\/\/eliteextermination.com\/en\/insects-pests\/mouse-extermination\/","name":"Mouse Exterminator Montreal and Laval | Elite Pest Control","isPartOf":{"@id":"https:\/\/eliteextermination.com\/en\/#website"},"primaryImageOfPage":{"@id":"https:\/\/eliteextermination.com\/en\/insects-pests\/mouse-extermination\/#primaryimage"},"image":{"@id":"https:\/\/eliteextermination.com\/en\/insects-pests\/mouse-extermination\/#primaryimage"},"thumbnailUrl":"https:\/\/eliteextermination.com\/wp-content\/uploads\/2021\/02\/mouse-1708365_1920.jpg","datePublished":"2024-02-13T14:33:18+00:00","dateModified":"2025-02-05T15:33:58+00:00","description":"Need a professional mouse exterminator to get rid of mice in your home? Contact the mouse extermination experts at Elite Pest Control!","breadcrumb":{"@id":"https:\/\/eliteextermination.com\/en\/insects-pests\/mouse-extermination\/#breadcrumb"},"inLanguage":"en-CA","potentialAction":[{"@type":"ReadAction","target":["https:\/\/eliteextermination.com\/en\/insects-pests\/mouse-extermination\/"]}]},{"@type":"ImageObject","inLanguage":"en-CA","@id":"https:\/\/eliteextermination.com\/en\/insects-pests\/mouse-extermination\/#primaryimage","url":"https:\/\/eliteextermination.com\/wp-content\/uploads\/2021\/02\/mouse-1708365_1920.jpg","contentUrl":"https:\/\/eliteextermination.com\/wp-content\/uploads\/2021\/02\/mouse-1708365_1920.jpg","width":1920,"height":934,"caption":"comment-attraper-souris"},{"@type":"BreadcrumbList","@id":"https:\/\/eliteextermination.com\/en\/insects-pests\/mouse-extermination\/#breadcrumb","itemListElement":[{"@type":"ListItem","position":1,"name":"Home","item":"https:\/\/eliteextermination.com\/en\/"},{"@type":"ListItem","position":2,"name":"INTRUDERS","item":"https:\/\/eliteextermination.com\/en\/insects-pests\/"},{"@type":"ListItem","position":3,"name":"Mouse extermination"}]},{"@type":"WebSite","@id":"https:\/\/eliteextermination.com\/en\/#website","url":"https:\/\/eliteextermination.com\/en\/","name":"\u00c9lite Extermination","description":"Pest Control Experts in Montreal, Laval, St-J\u00e9r\u00f4me, Repentigny, Trois-Rivi\u00e8res, Gatineau, South Shore","potentialAction":[{"@type":"SearchAction","target":{"@type":"EntryPoint","urlTemplate":"https:\/\/eliteextermination.com\/en\/?s={search_term_string}"},"query-input":{"@type":"PropertyValueSpecification","valueRequired":true,"valueName":"search_term_string"}}],"inLanguage":"en-CA"},false]}},"yasr_visitor_votes":{"stars_attributes":{"read_only":false,"span_bottom":false},"number_of_votes":1,"sum_votes":5},"_links":{"self":[{"href":"https:\/\/eliteextermination.com\/en\/wp-json\/wp\/v2\/pages\/5218","targetHints":{"allow":["GET"]}}],"collection":[{"href":"https:\/\/eliteextermination.com\/en\/wp-json\/wp\/v2\/pages"}],"about":[{"href":"https:\/\/eliteextermination.com\/en\/wp-json\/wp\/v2\/types\/page"}],"author":[{"embeddable":true,"href":"https:\/\/eliteextermination.com\/en\/wp-json\/wp\/v2\/users\/1"}],"replies":[{"embeddable":true,"href":"https:\/\/eliteextermination.com\/en\/wp-json\/wp\/v2\/comments?post=5218"}],"version-history":[{"count":13,"href":"https:\/\/eliteextermination.com\/en\/wp-json\/wp\/v2\/pages\/5218\/revisions"}],"predecessor-version":[{"id":6356,"href":"https:\/\/eliteextermination.com\/en\/wp-json\/wp\/v2\/pages\/5218\/revisions\/6356"}],"up":[{"embeddable":true,"href":"https:\/\/eliteextermination.com\/en\/wp-json\/wp\/v2\/pages\/1668"}],"wp:featuredmedia":[{"embeddable":true,"href":"https:\/\/eliteextermination.com\/en\/wp-json\/wp\/v2\/media\/3858"}],"wp:attachment":[{"href":"https:\/\/eliteextermination.com\/en\/wp-json\/wp\/v2\/media?parent=5218"}],"wp:term":[{"taxonomy":"category","embeddable":true,"href":"https:\/\/eliteextermination.com\/en\/wp-json\/wp\/v2\/categories?post=5218"},{"taxonomy":"post_tag","embeddable":true,"href":"https:\/\/eliteextermination.com\/en\/wp-json\/wp\/v2\/tags?post=5218"}],"curies":[{"name":"wp","href":"https:\/\/api.w.org\/{rel}","templated":true}]}}