{"id":5241,"date":"2024-02-13T10:44:20","date_gmt":"2024-02-13T15:44:20","guid":{"rendered":"https:\/\/eliteextermination.com\/?page_id=5241"},"modified":"2024-10-29T16:15:55","modified_gmt":"2024-10-29T20:15:55","slug":"rat-extermination","status":"publish","type":"page","link":"https:\/\/eliteextermination.com\/en\/insects-pests\/rat-extermination\/","title":{"rendered":"Rats extermination"},"content":{"rendered":"","protected":false},"excerpt":{"rendered":"","protected":false},"author":1,"featured_media":3485,"parent":1668,"menu_order":0,"comment_status":"closed","ping_status":"closed","template":"page-services.php","meta":{"_acf_changed":false,"yasr_overall_rating":5,"yasr_post_is_review":"","yasr_auto_insert_disabled":"","yasr_review_type":"","footnotes":""},"categories":[16],"tags":[],"class_list":["post-5241","page","type-page","status-publish","has-post-thumbnail","hentry","category-animals"],"acf":[],"yoast_head":"<!-- This site is optimized with the Yoast SEO plugin v26.9 - https:\/\/yoast.com\/product\/yoast-seo-wordpress\/ -->\n<title>Rats Exterminator Laval and Montreal | Elite Pest Control<\/title>\n<meta name=\"description\" content=\"Need a professional rats exterminator to get rid of rats in your home? Contact the rats extermination experts at Elite Pest Control!\" \/>\n<meta name=\"robots\" content=\"index, follow, max-snippet:-1, max-image-preview:large, max-video-preview:-1\" \/>\n<link rel=\"canonical\" href=\"https:\/\/eliteextermination.com\/en\/insects-pests\/rat-extermination\/\" \/>\n<meta property=\"og:locale\" content=\"en_US\" \/>\n<meta property=\"og:type\" content=\"article\" \/>\n<meta property=\"og:title\" content=\"Rats Exterminator Laval and Montreal | Elite Pest Control\" \/>\n<meta property=\"og:description\" content=\"Need a professional rats exterminator to get rid of rats in your home? Contact the rats extermination experts at Elite Pest Control!\" \/>\n<meta property=\"og:url\" content=\"https:\/\/eliteextermination.com\/en\/insects-pests\/rat-extermination\/\" \/>\n<meta property=\"og:site_name\" content=\"\u00c9lite Extermination\" \/>\n<meta property=\"article:modified_time\" content=\"2024-10-29T20:15:55+00:00\" \/>\n<meta property=\"og:image\" content=\"https:\/\/eliteextermination.com\/wp-content\/uploads\/2018\/08\/especes-rongeurs-canada-rat.jpeg\" \/>\n\t<meta property=\"og:image:width\" content=\"1000\" \/>\n\t<meta property=\"og:image:height\" content=\"750\" \/>\n\t<meta property=\"og:image:type\" content=\"image\/jpeg\" \/>\n<meta name=\"twitter:card\" content=\"summary_large_image\" \/>\n<!-- \/ Yoast SEO plugin. -->","yoast_head_json":{"title":"Rats Exterminator Laval and Montreal | Elite Pest Control","description":"Need a professional rats exterminator to get rid of rats in your home? Contact the rats extermination experts at Elite Pest Control!","robots":{"index":"index","follow":"follow","max-snippet":"max-snippet:-1","max-image-preview":"max-image-preview:large","max-video-preview":"max-video-preview:-1"},"canonical":"https:\/\/eliteextermination.com\/en\/insects-pests\/rat-extermination\/","og_locale":"en_US","og_type":"article","og_title":"Rats Exterminator Laval and Montreal | Elite Pest Control","og_description":"Need a professional rats exterminator to get rid of rats in your home? Contact the rats extermination experts at Elite Pest Control!","og_url":"https:\/\/eliteextermination.com\/en\/insects-pests\/rat-extermination\/","og_site_name":"\u00c9lite Extermination","article_modified_time":"2024-10-29T20:15:55+00:00","og_image":[{"width":1000,"height":750,"url":"https:\/\/eliteextermination.com\/wp-content\/uploads\/2018\/08\/especes-rongeurs-canada-rat.jpeg","type":"image\/jpeg"}],"twitter_card":"summary_large_image","schema":{"@context":"https:\/\/schema.org","@graph":[{"@type":"WebPage","@id":"https:\/\/eliteextermination.com\/en\/insects-pests\/rat-extermination\/","url":"https:\/\/eliteextermination.com\/en\/insects-pests\/rat-extermination\/","name":"Rats Exterminator Laval and Montreal | Elite Pest Control","isPartOf":{"@id":"https:\/\/eliteextermination.com\/en\/#website"},"primaryImageOfPage":{"@id":"https:\/\/eliteextermination.com\/en\/insects-pests\/rat-extermination\/#primaryimage"},"image":{"@id":"https:\/\/eliteextermination.com\/en\/insects-pests\/rat-extermination\/#primaryimage"},"thumbnailUrl":"https:\/\/eliteextermination.com\/wp-content\/uploads\/2018\/08\/especes-rongeurs-canada-rat.jpeg","datePublished":"2024-02-13T15:44:20+00:00","dateModified":"2024-10-29T20:15:55+00:00","description":"Need a professional rats exterminator to get rid of rats in your home? Contact the rats extermination experts at Elite Pest Control!","breadcrumb":{"@id":"https:\/\/eliteextermination.com\/en\/insects-pests\/rat-extermination\/#breadcrumb"},"inLanguage":"en-CA","potentialAction":[{"@type":"ReadAction","target":["https:\/\/eliteextermination.com\/en\/insects-pests\/rat-extermination\/"]}]},{"@type":"ImageObject","inLanguage":"en-CA","@id":"https:\/\/eliteextermination.com\/en\/insects-pests\/rat-extermination\/#primaryimage","url":"https:\/\/eliteextermination.com\/wp-content\/uploads\/2018\/08\/especes-rongeurs-canada-rat.jpeg","contentUrl":"https:\/\/eliteextermination.com\/wp-content\/uploads\/2018\/08\/especes-rongeurs-canada-rat.jpeg","width":1000,"height":750,"caption":"especes-rongeurs-canada-rat"},{"@type":"BreadcrumbList","@id":"https:\/\/eliteextermination.com\/en\/insects-pests\/rat-extermination\/#breadcrumb","itemListElement":[{"@type":"ListItem","position":1,"name":"Home","item":"https:\/\/eliteextermination.com\/en\/"},{"@type":"ListItem","position":2,"name":"INTRUDERS","item":"https:\/\/eliteextermination.com\/en\/insects-pests\/"},{"@type":"ListItem","position":3,"name":"Rats extermination"}]},{"@type":"WebSite","@id":"https:\/\/eliteextermination.com\/en\/#website","url":"https:\/\/eliteextermination.com\/en\/","name":"\u00c9lite Extermination","description":"Pest Control Experts in Montreal, Laval, St-J\u00e9r\u00f4me, Repentigny, Trois-Rivi\u00e8res, Gatineau, South Shore","potentialAction":[{"@type":"SearchAction","target":{"@type":"EntryPoint","urlTemplate":"https:\/\/eliteextermination.com\/en\/?s={search_term_string}"},"query-input":{"@type":"PropertyValueSpecification","valueRequired":true,"valueName":"search_term_string"}}],"inLanguage":"en-CA"},false]}},"yasr_visitor_votes":{"stars_attributes":{"read_only":false,"span_bottom":false},"number_of_votes":1,"sum_votes":5},"_links":{"self":[{"href":"https:\/\/eliteextermination.com\/en\/wp-json\/wp\/v2\/pages\/5241","targetHints":{"allow":["GET"]}}],"collection":[{"href":"https:\/\/eliteextermination.com\/en\/wp-json\/wp\/v2\/pages"}],"about":[{"href":"https:\/\/eliteextermination.com\/en\/wp-json\/wp\/v2\/types\/page"}],"author":[{"embeddable":true,"href":"https:\/\/eliteextermination.com\/en\/wp-json\/wp\/v2\/users\/1"}],"replies":[{"embeddable":true,"href":"https:\/\/eliteextermination.com\/en\/wp-json\/wp\/v2\/comments?post=5241"}],"version-history":[{"count":5,"href":"https:\/\/eliteextermination.com\/en\/wp-json\/wp\/v2\/pages\/5241\/revisions"}],"predecessor-version":[{"id":6055,"href":"https:\/\/eliteextermination.com\/en\/wp-json\/wp\/v2\/pages\/5241\/revisions\/6055"}],"up":[{"embeddable":true,"href":"https:\/\/eliteextermination.com\/en\/wp-json\/wp\/v2\/pages\/1668"}],"wp:featuredmedia":[{"embeddable":true,"href":"https:\/\/eliteextermination.com\/en\/wp-json\/wp\/v2\/media\/3485"}],"wp:attachment":[{"href":"https:\/\/eliteextermination.com\/en\/wp-json\/wp\/v2\/media?parent=5241"}],"wp:term":[{"taxonomy":"category","embeddable":true,"href":"https:\/\/eliteextermination.com\/en\/wp-json\/wp\/v2\/categories?post=5241"},{"taxonomy":"post_tag","embeddable":true,"href":"https:\/\/eliteextermination.com\/en\/wp-json\/wp\/v2\/tags?post=5241"}],"curies":[{"name":"wp","href":"https:\/\/api.w.org\/{rel}","templated":true}]}}