{"id":5248,"date":"2024-02-13T10:45:13","date_gmt":"2024-02-13T15:45:13","guid":{"rendered":"https:\/\/eliteextermination.com\/?page_id=5248"},"modified":"2025-01-14T11:08:06","modified_gmt":"2025-01-14T16:08:06","slug":"bat-extermination","status":"publish","type":"page","link":"https:\/\/eliteextermination.com\/en\/insects-pests\/bat-extermination\/","title":{"rendered":"Bats extermination"},"content":{"rendered":"","protected":false},"excerpt":{"rendered":"","protected":false},"author":1,"featured_media":3762,"parent":1668,"menu_order":0,"comment_status":"closed","ping_status":"closed","template":"page-services.php","meta":{"_acf_changed":false,"yasr_overall_rating":5,"yasr_post_is_review":"","yasr_auto_insert_disabled":"","yasr_review_type":"","footnotes":""},"categories":[16],"tags":[],"class_list":["post-5248","page","type-page","status-publish","has-post-thumbnail","hentry","category-animals"],"acf":[],"yoast_head":"<!-- This site is optimized with the Yoast SEO plugin v26.9 - https:\/\/yoast.com\/product\/yoast-seo-wordpress\/ -->\n<title>Bats Exterminator Laval and Montreal | Elite Pest Control<\/title>\n<meta name=\"description\" content=\"Do you need an exterminator to get rid of a bat infestation? Elite Pest Control operates in Montreal and throughout Quebec!\" \/>\n<meta name=\"robots\" content=\"index, follow, max-snippet:-1, max-image-preview:large, max-video-preview:-1\" \/>\n<link rel=\"canonical\" href=\"https:\/\/eliteextermination.com\/en\/insects-pests\/bat-extermination\/\" \/>\n<meta property=\"og:locale\" content=\"en_US\" \/>\n<meta property=\"og:type\" content=\"article\" \/>\n<meta property=\"og:title\" content=\"Bats Exterminator Laval and Montreal | Elite Pest Control\" \/>\n<meta property=\"og:description\" content=\"Do you need an exterminator to get rid of a bat infestation? Elite Pest Control operates in Montreal and throughout Quebec!\" \/>\n<meta property=\"og:url\" content=\"https:\/\/eliteextermination.com\/en\/insects-pests\/bat-extermination\/\" \/>\n<meta property=\"og:site_name\" content=\"\u00c9lite Extermination\" \/>\n<meta property=\"article:modified_time\" content=\"2025-01-14T16:08:06+00:00\" \/>\n<meta property=\"og:image\" content=\"https:\/\/eliteextermination.com\/wp-content\/uploads\/2020\/05\/faire-fuir-chauves-souris-2.jpg\" \/>\n\t<meta property=\"og:image:width\" content=\"1608\" \/>\n\t<meta property=\"og:image:height\" content=\"679\" \/>\n\t<meta property=\"og:image:type\" content=\"image\/jpeg\" \/>\n<meta name=\"twitter:card\" content=\"summary_large_image\" \/>\n<meta name=\"twitter:label1\" content=\"Est. reading time\" \/>\n\t<meta name=\"twitter:data1\" content=\"1 minute\" \/>\n<!-- \/ Yoast SEO plugin. -->","yoast_head_json":{"title":"Bats Exterminator Laval and Montreal | Elite Pest Control","description":"Do you need an exterminator to get rid of a bat infestation? Elite Pest Control operates in Montreal and throughout Quebec!","robots":{"index":"index","follow":"follow","max-snippet":"max-snippet:-1","max-image-preview":"max-image-preview:large","max-video-preview":"max-video-preview:-1"},"canonical":"https:\/\/eliteextermination.com\/en\/insects-pests\/bat-extermination\/","og_locale":"en_US","og_type":"article","og_title":"Bats Exterminator Laval and Montreal | Elite Pest Control","og_description":"Do you need an exterminator to get rid of a bat infestation? Elite Pest Control operates in Montreal and throughout Quebec!","og_url":"https:\/\/eliteextermination.com\/en\/insects-pests\/bat-extermination\/","og_site_name":"\u00c9lite Extermination","article_modified_time":"2025-01-14T16:08:06+00:00","og_image":[{"width":1608,"height":679,"url":"https:\/\/eliteextermination.com\/wp-content\/uploads\/2020\/05\/faire-fuir-chauves-souris-2.jpg","type":"image\/jpeg"}],"twitter_card":"summary_large_image","twitter_misc":{"Est. reading time":"1 minute"},"schema":{"@context":"https:\/\/schema.org","@graph":[{"@type":"WebPage","@id":"https:\/\/eliteextermination.com\/en\/insects-pests\/bat-extermination\/","url":"https:\/\/eliteextermination.com\/en\/insects-pests\/bat-extermination\/","name":"Bats Exterminator Laval and Montreal | Elite Pest Control","isPartOf":{"@id":"https:\/\/eliteextermination.com\/en\/#website"},"primaryImageOfPage":{"@id":"https:\/\/eliteextermination.com\/en\/insects-pests\/bat-extermination\/#primaryimage"},"image":{"@id":"https:\/\/eliteextermination.com\/en\/insects-pests\/bat-extermination\/#primaryimage"},"thumbnailUrl":"https:\/\/eliteextermination.com\/wp-content\/uploads\/2020\/05\/faire-fuir-chauves-souris-2.jpg","datePublished":"2024-02-13T15:45:13+00:00","dateModified":"2025-01-14T16:08:06+00:00","description":"Do you need an exterminator to get rid of a bat infestation? Elite Pest Control operates in Montreal and throughout Quebec!","breadcrumb":{"@id":"https:\/\/eliteextermination.com\/en\/insects-pests\/bat-extermination\/#breadcrumb"},"inLanguage":"en-CA","potentialAction":[{"@type":"ReadAction","target":["https:\/\/eliteextermination.com\/en\/insects-pests\/bat-extermination\/"]}]},{"@type":"ImageObject","inLanguage":"en-CA","@id":"https:\/\/eliteextermination.com\/en\/insects-pests\/bat-extermination\/#primaryimage","url":"https:\/\/eliteextermination.com\/wp-content\/uploads\/2020\/05\/faire-fuir-chauves-souris-2.jpg","contentUrl":"https:\/\/eliteextermination.com\/wp-content\/uploads\/2020\/05\/faire-fuir-chauves-souris-2.jpg","width":1608,"height":679,"caption":"faire-fuir-chauves-souris-2"},{"@type":"BreadcrumbList","@id":"https:\/\/eliteextermination.com\/en\/insects-pests\/bat-extermination\/#breadcrumb","itemListElement":[{"@type":"ListItem","position":1,"name":"Home","item":"https:\/\/eliteextermination.com\/en\/"},{"@type":"ListItem","position":2,"name":"INTRUDERS","item":"https:\/\/eliteextermination.com\/en\/insects-pests\/"},{"@type":"ListItem","position":3,"name":"Bats extermination"}]},{"@type":"WebSite","@id":"https:\/\/eliteextermination.com\/en\/#website","url":"https:\/\/eliteextermination.com\/en\/","name":"\u00c9lite Extermination","description":"Pest Control Experts in Montreal, Laval, St-J\u00e9r\u00f4me, Repentigny, Trois-Rivi\u00e8res, Gatineau, South Shore","potentialAction":[{"@type":"SearchAction","target":{"@type":"EntryPoint","urlTemplate":"https:\/\/eliteextermination.com\/en\/?s={search_term_string}"},"query-input":{"@type":"PropertyValueSpecification","valueRequired":true,"valueName":"search_term_string"}}],"inLanguage":"en-CA"},false]}},"yasr_visitor_votes":{"stars_attributes":{"read_only":false,"span_bottom":false},"number_of_votes":1,"sum_votes":5},"_links":{"self":[{"href":"https:\/\/eliteextermination.com\/en\/wp-json\/wp\/v2\/pages\/5248","targetHints":{"allow":["GET"]}}],"collection":[{"href":"https:\/\/eliteextermination.com\/en\/wp-json\/wp\/v2\/pages"}],"about":[{"href":"https:\/\/eliteextermination.com\/en\/wp-json\/wp\/v2\/types\/page"}],"author":[{"embeddable":true,"href":"https:\/\/eliteextermination.com\/en\/wp-json\/wp\/v2\/users\/1"}],"replies":[{"embeddable":true,"href":"https:\/\/eliteextermination.com\/en\/wp-json\/wp\/v2\/comments?post=5248"}],"version-history":[{"count":7,"href":"https:\/\/eliteextermination.com\/en\/wp-json\/wp\/v2\/pages\/5248\/revisions"}],"predecessor-version":[{"id":6271,"href":"https:\/\/eliteextermination.com\/en\/wp-json\/wp\/v2\/pages\/5248\/revisions\/6271"}],"up":[{"embeddable":true,"href":"https:\/\/eliteextermination.com\/en\/wp-json\/wp\/v2\/pages\/1668"}],"wp:featuredmedia":[{"embeddable":true,"href":"https:\/\/eliteextermination.com\/en\/wp-json\/wp\/v2\/media\/3762"}],"wp:attachment":[{"href":"https:\/\/eliteextermination.com\/en\/wp-json\/wp\/v2\/media?parent=5248"}],"wp:term":[{"taxonomy":"category","embeddable":true,"href":"https:\/\/eliteextermination.com\/en\/wp-json\/wp\/v2\/categories?post=5248"},{"taxonomy":"post_tag","embeddable":true,"href":"https:\/\/eliteextermination.com\/en\/wp-json\/wp\/v2\/tags?post=5248"}],"curies":[{"name":"wp","href":"https:\/\/api.w.org\/{rel}","templated":true}]}}