{"id":5686,"date":"2024-09-17T14:28:19","date_gmt":"2024-09-17T18:28:19","guid":{"rendered":"https:\/\/eliteextermination.com\/?page_id=5686"},"modified":"2025-03-10T13:05:26","modified_gmt":"2025-03-10T17:05:26","slug":"exterminator-anjou","status":"publish","type":"page","link":"https:\/\/eliteextermination.com\/en\/exterminator-anjou\/","title":{"rendered":"Anjou Exterminators"},"content":{"rendered":"<div class=\"wpb-content-wrapper\">[vc_row fullwidth=&#8221;true&#8221; el_class=&#8221;BackGroundImageScale&#8221; css=&#8221;.vc_custom_1500048800305{background-image: url(https:\/\/eliteextermination.com\/wp-content\/uploads\/2017\/06\/head-propos.jpg?id=2146) !important;}&#8221;][vc_column][vc_column_text align=&#8221;center&#8221; el_class=&#8221;Service_Title&#8221; css=&#8221;.vc_custom_1726596872203{margin-bottom: 0px !important;}&#8221;]<span class=\"Contact_Bigger_Paragraph White_Text\">EXPERT PEST EXTERMINATION<\/span><br \/>\n<span class=\"Service_HugeText\">IN ANJOU<\/span><br \/>\n<a href=\"tel:5147918385\"><button class=\"Button_Style_Blue Button_Centered\" type=\"button\">514 791-8385<\/button><\/a>[\/vc_column_text][\/vc_column][\/vc_row][vc_row fullwidth=&#8221;true&#8221; equal_columns=&#8221;true&#8221; attached=&#8221;true&#8221; column_padding=&#8221;4&#8243;][vc_column width=&#8221;2\/3&#8243;][vc_empty_space height=&#8221;40px&#8221;][vc_column_text css=&#8221;.vc_custom_1726596935862{margin-bottom: 0px !important;}&#8221;]\n<h1 style=\"text-align: center;\">Anjou Exterminators<\/h1>\n<p style=\"text-align: center;\">Your Anjou residence or workplace should be a pest-free sanctuary. Elite Pest Control is here to help you prevent pests from invading and to respond to infestations. Don&#8217;t let mice, rats, bats, or other pests take hold in your space. Trust our skilled Montreal exterminators to act fast.<\/p>\n<p style=\"text-align: center;\">We understand the time-sensitive nature of pest problems and are committed to providing a swift response. Our services are environmentally friendly and involve minimal disruption. Our goal is to eliminate pests and provide a comprehensive, long-term solution.<\/p>\n[\/vc_column_text][mk_button size=&#8221;large&#8221; url=&#8221;tel:+15147918385&#8243; align=&#8221;center&#8221;]514 791 8385[\/mk_button][vc_empty_space height=&#8221;40px&#8221;][vc_column_text css=&#8221;.vc_custom_1726596999182{margin-bottom: 0px !important;}&#8221;]\n<h2 style=\"text-align: center;\">Need an exterminator in Anjou? Trust Elite Pest Control<\/h2>\n<ul>\n<li style=\"font-weight: 400;\" aria-level=\"1\"><span style=\"font-weight: 400;\">Decades of experience in pest management.<\/span><\/li>\n<li style=\"font-weight: 400;\" aria-level=\"1\"><span style=\"font-weight: 400;\">Discreet interventions to spare you potential neighborhood concerns<\/span><\/li>\n<li style=\"font-weight: 400;\" aria-level=\"1\"><span style=\"font-weight: 400;\">All elements of a complete <\/span><a href=\"https:\/\/eliteextermination.com\/en\/pest-extermination\/\"><span style=\"font-weight: 400;\">pest extermination strategy<\/span><\/a><span style=\"font-weight: 400;\">, including caulking, decontamination, and prevention advice.<\/span><\/li>\n<\/ul>\n[\/vc_column_text][\/vc_column][vc_column width=&#8221;1\/3&#8243; el_class=&#8221;bg-dark-blue col-center-top&#8221;]\n<div class=\"wpcf7 no-js\" id=\"wpcf7-f2495-o1\" lang=\"fr-FR\" dir=\"ltr\" data-wpcf7-id=\"2495\">\n<div class=\"screen-reader-response\"><p role=\"status\" aria-live=\"polite\" aria-atomic=\"true\"><\/p> <ul><\/ul><\/div>\n<form action=\"\/en\/wp-json\/wp\/v2\/pages\/5686#wpcf7-f2495-o1\" method=\"post\" class=\"wpcf7-form init\" aria-label=\"Formulaire de contact\" novalidate=\"novalidate\" data-status=\"init\">\n<fieldset class=\"hidden-fields-container\"><input type=\"hidden\" name=\"_wpcf7\" value=\"2495\" \/><input type=\"hidden\" name=\"_wpcf7_version\" value=\"6.1.4\" \/><input type=\"hidden\" name=\"_wpcf7_locale\" value=\"fr_FR\" \/><input type=\"hidden\" name=\"_wpcf7_unit_tag\" value=\"wpcf7-f2495-o1\" \/><input type=\"hidden\" name=\"_wpcf7_container_post\" value=\"0\" \/><input type=\"hidden\" name=\"_wpcf7_posted_data_hash\" value=\"\" \/><input type=\"hidden\" name=\"_wpcf7_recaptcha_response\" value=\"\" \/>\n<\/fieldset>\n<div class=\"service-form\">\n\t<p><span class=\"wpcf7-form-control-wrap\" data-name=\"typedemande\"><select class=\"wpcf7-form-control wpcf7-select wpcf7-validates-as-required\" aria-required=\"true\" aria-invalid=\"false\" name=\"typedemande\"><option value=\"\">Type of request*<\/option><option value=\"Questions or comments\">Questions or comments<\/option><option value=\"Free estimate\">Free estimate<\/option><option value=\"Emergency\">Emergency<\/option><\/select><\/span><span class=\"wpcf7-form-control-wrap\" data-name=\"last-name\"><input size=\"40\" maxlength=\"400\" class=\"wpcf7-form-control wpcf7-text wpcf7-validates-as-required\" aria-required=\"true\" aria-invalid=\"false\" placeholder=\"Last name*\" value=\"\" type=\"text\" name=\"last-name\" \/><\/span><br \/>\n<span class=\"wpcf7-form-control-wrap\" data-name=\"email\"><input size=\"40\" maxlength=\"400\" class=\"wpcf7-form-control wpcf7-email wpcf7-validates-as-required wpcf7-text wpcf7-validates-as-email\" aria-required=\"true\" aria-invalid=\"false\" placeholder=\"E-mail*\" value=\"\" type=\"email\" name=\"email\" \/><\/span><br \/>\n<span class=\"wpcf7-form-control-wrap\" data-name=\"telephone\"><input size=\"40\" maxlength=\"400\" class=\"wpcf7-form-control wpcf7-tel wpcf7-validates-as-required wpcf7-text wpcf7-validates-as-tel\" aria-required=\"true\" aria-invalid=\"false\" placeholder=\"Phone number*\" value=\"\" type=\"tel\" name=\"telephone\" \/><\/span><br \/>\n<span class=\"wpcf7-form-control-wrap\" data-name=\"message\"><textarea cols=\"40\" rows=\"10\" maxlength=\"2000\" class=\"wpcf7-form-control wpcf7-textarea wpcf7-validates-as-required\" aria-required=\"true\" aria-invalid=\"false\" placeholder=\"Message*\" name=\"message\"><\/textarea><\/span><br \/>\n\t<div class=\"wpcf7-response-output\" aria-hidden=\"true\"><\/div><br \/>\n<span id=\"wpcf7-69e9df319e150-wrapper\" class=\"wpcf7-form-control-wrap field-wrap\" style=\"display:none !important; visibility:hidden !important;\"><label for=\"wpcf7-69e9df319e150-field\" class=\"hp-message\">Veuillez laisser ce champ vide.<\/label><input id=\"wpcf7-69e9df319e150-field\"  class=\"wpcf7-form-control wpcf7-text\" type=\"text\" name=\"field\" value=\"\" size=\"40\" tabindex=\"-1\" autocomplete=\"new-password\" \/><\/span><br \/>\n\t<br \/>\n<input class=\"wpcf7-form-control wpcf7-submit has-spinner Button_Style_Blue\" type=\"submit\" value=\"SEND\" \/>\n\t<\/p>\n<\/div>\n<p><script>\ndocument.addEventListener( 'wpcf7mailsent', function( event ) {\n location = 'https:\/\/eliteextermination.com\/en\/thank-you\/';\n}, false );\n<\/script>\n<\/p><input type='hidden' class='wpcf7-pum' value='{\"closepopup\":false,\"closedelay\":0,\"openpopup\":false,\"openpopup_id\":0}' \/>\n<\/form>\n<\/div>\n[\/vc_column][\/vc_row][vc_row fullwidth=&#8221;true&#8221; fullwidth_content=&#8221;false&#8221; css=&#8221;.vc_custom_1726597514701{background-color: #dddddd !important;}&#8221;][vc_column][vc_empty_space height=&#8221;40px&#8221;][vc_column_text css=&#8221;.vc_custom_1726597017377{margin-bottom: 0px !important;}&#8221;]\n<h2 style=\"text-align: center;\">Emergency exterminators in Anjou<\/h2>\n[\/vc_column_text][vc_column_text css=&#8221;.vc_custom_1726597029572{margin-bottom: 0px !important;}&#8221;]Pest infestations can quickly become a serious problem if not addressed promptly. At Elite Pest Control, we understand the impact this can have on your peace of mind. That&#8217;s why we&#8217;ve set up an emergency extermination service specifically for Anjou. Our experts are available to intervene immediately, so you can benefit from long-lasting, effective solutions to protect your space.[\/vc_column_text][\/vc_column][\/vc_row][vc_row fullwidth=&#8221;true&#8221; fullwidth_content=&#8221;false&#8221; css=&#8221;.vc_custom_1726597536175{background-color: #DDDDDD !important;}&#8221;][vc_column width=&#8221;2\/3&#8243; css=&#8221;.vc_custom_1726597553648{background-color: #dddddd !important;}&#8221;][vc_column_text align=&#8221;center&#8221; el_class=&#8221;Title_Text&#8221; css=&#8221;.vc_custom_1726597045052{margin-bottom: 0px !important;}&#8221;]\n<h2 style=\"text-align: center;\">Mouse extermination<\/h2>\n[\/vc_column_text][vc_column_text align=&#8221;center&#8221; el_class=&#8221;SubTitle_Paragraph_Text&#8221; css=&#8221;.vc_custom_1726597063765{margin-bottom: 0px !important;}&#8221;]<span style=\"font-weight: 400;\">Mice can cause significant damage, not only by destroying your property, but also by contaminating your environment with a variety of pathogens and parasites. Our <\/span><a href=\"https:\/\/eliteextermination.com\/en\/insects-pests\/mouse-extermination\/\"><span style=\"font-weight: 400;\">mouse exterminators<\/span><\/a><span style=\"font-weight: 400;\"> use state-of-the-art techniques to locate and eliminate these rodents, while taking preventative measures to make sure they don&#8217;t return.<\/span>[\/vc_column_text][vc_column_text align=&#8221;center&#8221; el_class=&#8221;Title_Text&#8221; css=&#8221;.vc_custom_1726597165460{margin-bottom: 0px !important;}&#8221;]\n<h2 style=\"text-align: center;\">Bat exterminators<\/h2>\n[\/vc_column_text][vc_column_text align=&#8221;center&#8221; el_class=&#8221;SubTitle_Paragraph_Text&#8221; css=&#8221;.vc_custom_1726597179177{margin-bottom: 0px !important;}&#8221;]<span style=\"font-weight: 400;\">Although bats are a protected species, they can still cause the same problems as other pests when they invade human spaces. Our <\/span><a href=\"https:\/\/eliteextermination.com\/en\/insects-pests\/bat-extermination\/\"><span style=\"font-weight: 400;\">bat exterminators<\/span><\/a><span style=\"font-weight: 400;\"> in Anjou use environmentally-friendly methods to remove these creatures safely, and will do what\u2019s necessary to secure your property against future infestations.<\/span>[\/vc_column_text][vc_column_text align=&#8221;center&#8221; el_class=&#8221;Title_Text&#8221; css=&#8221;.vc_custom_1726597193464{margin-bottom: 0px !important;}&#8221;]\n<h2 style=\"text-align: center;\">Extermination of rats and other rodents<\/h2>\n[\/vc_column_text][vc_column_text align=&#8221;center&#8221; el_class=&#8221;SubTitle_Paragraph_Text&#8221; css=&#8221;.vc_custom_1726597210723{margin-bottom: 0px !important;}&#8221;]<span style=\"font-weight: 400;\">Rats and other rodents can cause considerable structural damage and pose health risks. We move quickly to eradicate these pests using techniques that are safe for you and your loved ones, while ensuring that your home or business remains protected from re-infestation.<\/span>[\/vc_column_text][\/vc_column][vc_column width=&#8221;1\/3&#8243; css=&#8221;.vc_custom_1726597567307{background-color: #dddddd !important;}&#8221;][mk_image src=&#8221;https:\/\/eliteextermination.com\/wp-content\/uploads\/2023\/11\/souris-rongeurs-comble-fil-electrique.jpg&#8221; lazyload=&#8221;true&#8221; align=&#8221;right&#8221;][mk_image src=&#8221;https:\/\/eliteextermination.com\/wp-content\/uploads\/2020\/05\/faire-fuir-chauves-souris.jpg&#8221; align=&#8221;center&#8221;][mk_image src=&#8221;https:\/\/eliteextermination.com\/wp-content\/uploads\/2017\/07\/top-rats-2.jpg&#8221; align=&#8221;center&#8221;][\/vc_column][\/vc_row][vc_row fullwidth=&#8221;true&#8221; fullwidth_content=&#8221;false&#8221; css=&#8221;.vc_custom_1726597587919{background-color: #DDDDDD !important;}&#8221;][vc_column][vc_empty_space height=&#8221;40px&#8221;][mk_button size=&#8221;x-large&#8221; url=&#8221;https:\/\/eliteextermination.com\/en\/contact-us\/&#8221; align=&#8221;center&#8221;]I want a free quote[\/mk_button][\/vc_column][\/vc_row][vc_row][vc_column][vc_empty_space height=&#8221;40px&#8221;][vc_column_text css=&#8221;.vc_custom_1726597418214{margin-bottom: 0px !important;}&#8221;]\n<h2 style=\"text-align: center;\"><span style=\"font-weight: 400;\">Don&#8217;t underestimate the potential danger of an infestation in Anjou<\/span><\/h2>\n<p style=\"text-align: center;\"><span style=\"font-weight: 400;\">Anjou is a dynamic district of Montreal where pests could quickly take over. Whether you live in Ajou or own a business in the area, understand that even a small infestation can lead to serious consequences if not addressed immediately. It\u2019s key to act quickly and contact an <\/span><b>exterminator in Anjou<\/b><span style=\"font-weight: 400;\"> at the first sign of pests.<\/span><\/p>\n<h3 style=\"text-align: center;\"><span style=\"font-weight: 400;\">Pest control challenges specific to Anjou<\/span><\/h3>\n<p style=\"text-align: center;\"><span style=\"font-weight: 400;\">Anjou is characterized by a mix of residential and commercial housing located near green spaces and parks. While these areas are desirable living spaces, they can also be attractive to pests like rats, mice, and other rodents seeking food. This means there is a constant risk of infestation. Montreal&#8217;s cold winters also drive small creatures to seek refuge in buildings, where they can cause significant damage if not controlled quickly.<\/span><\/p>\n<h3 style=\"text-align: center;\"><span style=\"font-weight: 400;\">Consequences of an untreated infestation<\/span><\/h3>\n<p style=\"text-align: center;\"><span style=\"font-weight: 400;\">Rodents can cause considerable property damage by chewing through electrical cables, pipes, and wooden structures, which can in turn lead to costly repairs and fire hazards. They may also carry diseases that can spread rapidly in enclosed spaces, posing a risk to human health.<\/span><\/p>\n<h3 style=\"text-align: center;\"><span style=\"font-weight: 400;\">Why choose an exterminator in Anjou?<\/span><\/h3>\n<p style=\"text-align: center;\"><span style=\"font-weight: 400;\">There are specific advantages to calling in an <\/span><b>exterminator in Anjou<\/b><span style=\"font-weight: 400;\">. A local expert will understand the unique pest challenges in your neighborhood. They will quickly evaluate the problem, implement appropriate pest control measures, and provide long-term results.<\/span><\/p>\n<h3 style=\"text-align: center;\"><span style=\"font-weight: 400;\">By choosing a professional based in Anjou, you benefit from:<\/span><\/h3>\n<ul style=\"text-align: center;\">\n<li aria-level=\"1\"><b>Rapid response \u2013 <\/b><span style=\"font-weight: 400;\">A local exterminator can get to your location quickly, which limits risks of damage to property and health.<\/span><\/li>\n<\/ul>\n<ul style=\"text-align: center;\">\n<li aria-level=\"1\"><b>Regional expertise \u2013 <\/b><span style=\"font-weight: 400;\">There are different types of pests in different regions. An exterminator in Anjou knows which species are common in the area and how to eradicate them effectively.<\/span><\/li>\n<\/ul>\n<ul style=\"text-align: center;\">\n<li aria-level=\"1\"><b>Personalized service \u2013 <\/b><span style=\"font-weight: 400;\">By understanding the specific needs of each Anjou customer, a local exterminator can offer customized solutions to protect your property over the long term.<\/span><\/li>\n<\/ul>\n<h3 style=\"text-align: center;\"><span style=\"font-weight: 400;\">How to deal with an infestation<\/span><\/h3>\n<p style=\"text-align: center;\"><span style=\"font-weight: 400;\">If you notice signs of infestation, such as gnawing, droppings or unusual noises, don\u2019t wait. Quick action is key to prevent the problem from getting worse. Contact an <\/span><b>exterminator in Anjou<\/b><span style=\"font-weight: 400;\"> as soon as possible to get a complete assessment and put a plan of action into place right away.<\/span><\/p>\n<p style=\"text-align: center;\"><span style=\"font-weight: 400;\">By acting quickly, you protect not only your property, but also the health and safety of your family or employees. Choose a local professional for a lasting, efficient solution to your pest problem.<\/span><\/p>\n[\/vc_column_text][vc_empty_space height=&#8221;40px&#8221;][vc_gmaps link=&#8221;#E-8_JTNDaWZyYW1lJTIwc3JjJTNEJTIyaHR0cHMlM0ElMkYlMkZ3d3cuZ29vZ2xlLmNvbSUyRm1hcHMlMkZlbWJlZCUzRnBiJTNEJTIxMW0xOCUyMTFtMTIlMjExbTMlMjExZDQ0NjUxLjEyNDQyOTg5Njg5JTIxMmQtNzMuNjI1MjMwMTk1ODgzODIlMjEzZDQ1LjYxNjc2NzMwNTA1NjM5JTIxMm0zJTIxMWYwJTIxMmYwJTIxM2YwJTIxM20yJTIxMWkxMDI0JTIxMmk3NjglMjE0ZjEzLjElMjEzbTMlMjExbTIlMjExczB4NGNjOTFlMTUzM2UxMDM2OSUyNTNBMHgyMDE5MzJiMWQ5ZTYzNjM2JTIxMnpRVzVxYjNVc0lFMXZiblJ5dzZsaGJDd2dVVU0lMjE1ZTAlMjEzbTIlMjExc2ZyJTIxMnNjYSUyMTR2MTcyMzU3Mzk1NDc1NSUyMTVtMiUyMTFzZnIlMjEyc2NhJTIyJTIwd2lkdGglM0QlMjI2MDAlMjIlMjBoZWlnaHQlM0QlMjI0NTAlMjIlMjBzdHlsZSUzRCUyMmJvcmRlciUzQTAlM0IlMjIlMjBhbGxvd2Z1bGxzY3JlZW4lM0QlMjIlMjIlMjBsb2FkaW5nJTNEJTIybGF6eSUyMiUyMHJlZmVycmVycG9saWN5JTNEJTIybm8tcmVmZXJyZXItd2hlbi1kb3duZ3JhZGUlMjIlM0UlM0MlMkZpZnJhbWUlM0U=&#8221; css=&#8221;&#8221;][\/vc_column][\/vc_row][vc_row][vc_column width=&#8221;1\/3&#8243;][vc_empty_space height=&#8221;40px&#8221;][vc_column_text css=&#8221;.vc_custom_1741626323620{margin-bottom: 0px !important;}&#8221;]\n<ul>\n<li style=\"text-align: center;\"><a href=\"https:\/\/eliteextermination.com\/en\/extermination-montreal\/\">Extermination in Montreal<\/a><\/li>\n<li style=\"text-align: center;\"><a href=\"https:\/\/eliteextermination.com\/en\/exterminator-verdun-2-2\/\">Extermination in Verdun<\/a><\/li>\n<li style=\"text-align: center;\"><a href=\"https:\/\/eliteextermination.com\/en\/exterminator-rosemont\/\">Extermination in Rosemont<\/a><\/li>\n<\/ul>\n[\/vc_column_text][vc_empty_space height=&#8221;40px&#8221;][\/vc_column][vc_column width=&#8221;1\/3&#8243;][vc_empty_space height=&#8221;40px&#8221;][vc_column_text css=&#8221;.vc_custom_1726599684100{margin-bottom: 0px !important;}&#8221;]\n<ul>\n<li style=\"text-align: center;\"><a href=\"https:\/\/eliteextermination.com\/en\/extermination-terrebonne\/\">Extermination in Terrebonne<\/a><\/li>\n<li style=\"text-align: center;\"><a href=\"https:\/\/eliteextermination.com\/en\/extermination-trois-rivieres\/\">Extermination in Trois-Rivi\u00e8res<\/a><\/li>\n<li style=\"text-align: center;\"><a href=\"https:\/\/eliteextermination.com\/en\/exterminator-brossard\/\">Extermination in Brossard<\/a><\/li>\n<li style=\"text-align: center;\"><a href=\"https:\/\/eliteextermination.com\/en\/extermination-laval\/\">Extermination in Laval<\/a><\/li>\n<\/ul>\n[\/vc_column_text][vc_empty_space height=&#8221;40px&#8221;][\/vc_column][vc_column width=&#8221;1\/3&#8243;][vc_empty_space height=&#8221;40px&#8221;][vc_column_text css=&#8221;.vc_custom_1736869772658{margin-bottom: 0px !important;}&#8221;]\n<ul>\n<li style=\"text-align: center;\"><a href=\"https:\/\/eliteextermination.com\/en\/extermination-repentigny\/\">Extermination in Repentigny<\/a><\/li>\n<li style=\"text-align: center;\"><a href=\"https:\/\/eliteextermination.com\/en\/extermination-st-jerome\/\">Extermination in Saint-J\u00e9r\u00f4me<\/a><\/li>\n<li style=\"text-align: center;\"><a href=\"https:\/\/eliteextermination.com\/en\/exterminator-montreal-north\/\">Extermination in Montr\u00e9al North<\/a><\/li>\n<li style=\"text-align: center;\"><a href=\"https:\/\/eliteextermination.com\/en\/exterminator-hochelaga-maisonneuve\/\">Extermination in Hochelaga-Maisonneuve<\/a><\/li>\n<\/ul>\n[\/vc_column_text][vc_empty_space height=&#8221;40px&#8221;][\/vc_column][\/vc_row][vc_row fullwidth=&#8221;true&#8221; css=&#8221;.vc_custom_1505926935168{background-color: #0055c5 !important;}&#8221; el_class=&#8221;row-call&#8221;][vc_column][vc_row_inner is_fullwidth_content=&#8221;false&#8221;][vc_column_inner][vc_empty_space][vc_column_text align=&#8221;center&#8221; el_class=&#8221;SubTitle_Paragraph_Text White_Text&#8221; css=&#8221;.vc_custom_1726597472172{margin-bottom: 0px !important;}&#8221;]\n<h2><span style=\"font-weight: 400;\">Contact our Anjou exterminators now<\/span><\/h2>\n<p><span style=\"font-weight: 400;\">Don&#8217;t let pests take over your space! If you have a pest infestation, contact <\/span><b>Elite Pest Control<\/b><span style=\"font-weight: 400;\"> at the first sign of trouble for an <\/span><a href=\"https:\/\/eliteextermination.com\/en\/emergency-24-7\/\"><span style=\"font-weight: 400;\">emergency extermination<\/span><\/a><span style=\"font-weight: 400;\">.<\/span><\/p>\n<p><a href=\"https:\/\/eliteextermination.com\/en\/contact-us\/\"><span style=\"font-weight: 400;\">PEST CONTROL FREE QUOTE<\/span><\/a>\u00a0 \u00a0 \u00a0 <a href=\"tel:+15147918385\"><span style=\"font-weight: 400;\">514 791 8385<\/span><\/a>[\/vc_column_text][vc_empty_space height=&#8221;20px&#8221;][\/vc_column_inner][\/vc_row_inner][\/vc_column][\/vc_row][vc_row][vc_column][\/vc_column][\/vc_row]\n<\/div>","protected":false},"excerpt":{"rendered":"<p>[vc_row fullwidth=&#8221;true&#8221; el_class=&#8221;BackGroundImageScale&#8221; css=&#8221;.vc_custom_1500048800305{background-image: url(https:\/\/eliteextermination.com\/wp-content\/uploads\/2017\/06\/head-propos.jpg?id=2146) !important;}&#8221;][vc_column][vc_column_text align=&#8221;center&#8221; el_class=&#8221;Service_Title&#8221; css=&#8221;.vc_custom_1726596872203{margin-bottom: 0px !important;}&#8221;]EXPERT PEST EXTERMINATION IN ANJOU 514 791-8385[\/vc_column_text][\/vc_column][\/vc_row][vc_row fullwidth=&#8221;true&#8221; equal_columns=&#8221;true&#8221; attached=&#8221;true&#8221; column_padding=&#8221;4&#8243;][vc_column width=&#8221;2\/3&#8243;][vc_empty_space height=&#8221;40px&#8221;][vc_column_text css=&#8221;.vc_custom_1726596935862{margin-bottom: 0px !important;}&#8221;] Anjou Exterminators Your Anjou residence or workplace should be a pest-free sanctuary. Elite Pest Control is here to help you prevent pests from invading and to respond to infestations. [&hellip;]<\/p>\n","protected":false},"author":1,"featured_media":0,"parent":0,"menu_order":0,"comment_status":"closed","ping_status":"closed","template":"","meta":{"_acf_changed":false,"yasr_overall_rating":4.7,"yasr_post_is_review":"","yasr_auto_insert_disabled":"","yasr_review_type":"","footnotes":""},"class_list":["post-5686","page","type-page","status-publish","hentry"],"acf":[],"yoast_head":"<!-- This site is optimized with the Yoast SEO plugin v26.9 - https:\/\/yoast.com\/product\/yoast-seo-wordpress\/ -->\n<title>Anjou Pest Control &amp; Exterminators - FAST service 514-791-8385<\/title>\n<meta name=\"description\" content=\"Our exterminators have over 15 years&#039; experience providing pest control services in Greater Montreal. Emergency extermination services for all pests.\" \/>\n<meta name=\"robots\" content=\"index, follow, max-snippet:-1, max-image-preview:large, max-video-preview:-1\" \/>\n<link rel=\"canonical\" href=\"https:\/\/eliteextermination.com\/en\/exterminator-anjou\/\" \/>\n<meta property=\"og:locale\" content=\"en_US\" \/>\n<meta property=\"og:type\" content=\"article\" \/>\n<meta property=\"og:title\" content=\"Anjou Pest Control &amp; Exterminators - FAST service 514-791-8385\" \/>\n<meta property=\"og:description\" content=\"Our exterminators have over 15 years&#039; experience providing pest control services in Greater Montreal. Emergency extermination services for all pests.\" \/>\n<meta property=\"og:url\" content=\"https:\/\/eliteextermination.com\/en\/exterminator-anjou\/\" \/>\n<meta property=\"og:site_name\" content=\"\u00c9lite Extermination\" \/>\n<meta property=\"article:modified_time\" content=\"2025-03-10T17:05:26+00:00\" \/>\n<meta name=\"twitter:card\" content=\"summary_large_image\" \/>\n<meta name=\"twitter:label1\" content=\"Est. reading time\" \/>\n\t<meta name=\"twitter:data1\" content=\"6 minutes\" \/>\n<!-- \/ Yoast SEO plugin. -->","yoast_head_json":{"title":"Anjou Pest Control & Exterminators - FAST service 514-791-8385","description":"Our exterminators have over 15 years' experience providing pest control services in Greater Montreal. Emergency extermination services for all pests.","robots":{"index":"index","follow":"follow","max-snippet":"max-snippet:-1","max-image-preview":"max-image-preview:large","max-video-preview":"max-video-preview:-1"},"canonical":"https:\/\/eliteextermination.com\/en\/exterminator-anjou\/","og_locale":"en_US","og_type":"article","og_title":"Anjou Pest Control & Exterminators - FAST service 514-791-8385","og_description":"Our exterminators have over 15 years' experience providing pest control services in Greater Montreal. Emergency extermination services for all pests.","og_url":"https:\/\/eliteextermination.com\/en\/exterminator-anjou\/","og_site_name":"\u00c9lite Extermination","article_modified_time":"2025-03-10T17:05:26+00:00","twitter_card":"summary_large_image","twitter_misc":{"Est. reading time":"6 minutes"},"schema":{"@context":"https:\/\/schema.org","@graph":[{"@type":"WebPage","@id":"https:\/\/eliteextermination.com\/en\/exterminator-anjou\/","url":"https:\/\/eliteextermination.com\/en\/exterminator-anjou\/","name":"Anjou Pest Control & Exterminators - FAST service 514-791-8385","isPartOf":{"@id":"https:\/\/eliteextermination.com\/en\/#website"},"datePublished":"2024-09-17T18:28:19+00:00","dateModified":"2025-03-10T17:05:26+00:00","description":"Our exterminators have over 15 years' experience providing pest control services in Greater Montreal. Emergency extermination services for all pests.","breadcrumb":{"@id":"https:\/\/eliteextermination.com\/en\/exterminator-anjou\/#breadcrumb"},"inLanguage":"en-CA","potentialAction":[{"@type":"ReadAction","target":["https:\/\/eliteextermination.com\/en\/exterminator-anjou\/"]}]},{"@type":"BreadcrumbList","@id":"https:\/\/eliteextermination.com\/en\/exterminator-anjou\/#breadcrumb","itemListElement":[{"@type":"ListItem","position":1,"name":"Home","item":"https:\/\/eliteextermination.com\/en\/"},{"@type":"ListItem","position":2,"name":"Anjou Exterminators"}]},{"@type":"WebSite","@id":"https:\/\/eliteextermination.com\/en\/#website","url":"https:\/\/eliteextermination.com\/en\/","name":"\u00c9lite Extermination","description":"Pest Control Experts in Montreal, Laval, St-J\u00e9r\u00f4me, Repentigny, Trois-Rivi\u00e8res, Gatineau, South Shore","potentialAction":[{"@type":"SearchAction","target":{"@type":"EntryPoint","urlTemplate":"https:\/\/eliteextermination.com\/en\/?s={search_term_string}"},"query-input":{"@type":"PropertyValueSpecification","valueRequired":true,"valueName":"search_term_string"}}],"inLanguage":"en-CA"},false]}},"yasr_visitor_votes":{"stars_attributes":{"read_only":false,"span_bottom":false},"number_of_votes":0,"sum_votes":0},"_links":{"self":[{"href":"https:\/\/eliteextermination.com\/en\/wp-json\/wp\/v2\/pages\/5686","targetHints":{"allow":["GET"]}}],"collection":[{"href":"https:\/\/eliteextermination.com\/en\/wp-json\/wp\/v2\/pages"}],"about":[{"href":"https:\/\/eliteextermination.com\/en\/wp-json\/wp\/v2\/types\/page"}],"author":[{"embeddable":true,"href":"https:\/\/eliteextermination.com\/en\/wp-json\/wp\/v2\/users\/1"}],"replies":[{"embeddable":true,"href":"https:\/\/eliteextermination.com\/en\/wp-json\/wp\/v2\/comments?post=5686"}],"version-history":[{"count":10,"href":"https:\/\/eliteextermination.com\/en\/wp-json\/wp\/v2\/pages\/5686\/revisions"}],"predecessor-version":[{"id":6463,"href":"https:\/\/eliteextermination.com\/en\/wp-json\/wp\/v2\/pages\/5686\/revisions\/6463"}],"wp:attachment":[{"href":"https:\/\/eliteextermination.com\/en\/wp-json\/wp\/v2\/media?parent=5686"}],"curies":[{"name":"wp","href":"https:\/\/api.w.org\/{rel}","templated":true}]}}