{"id":5697,"date":"2024-09-17T12:31:11","date_gmt":"2024-09-17T16:31:11","guid":{"rendered":"https:\/\/eliteextermination.com\/?page_id=5697"},"modified":"2025-03-10T13:04:15","modified_gmt":"2025-03-10T17:04:15","slug":"exterminator-montreal-north","status":"publish","type":"page","link":"https:\/\/eliteextermination.com\/en\/exterminator-montreal-north\/","title":{"rendered":"Montreal North Exterminator"},"content":{"rendered":"<div class=\"wpb-content-wrapper\">[vc_row fullwidth=&#8221;true&#8221; el_class=&#8221;BackGroundImageScale&#8221; css=&#8221;.vc_custom_1500048800305{background-image: url(https:\/\/eliteextermination.com\/wp-content\/uploads\/2017\/06\/head-propos.jpg?id=2146) !important;}&#8221;][vc_column][vc_column_text align=&#8221;center&#8221; el_class=&#8221;Service_Title&#8221; css=&#8221;.vc_custom_1726589637724{margin-bottom: 0px !important;}&#8221;]<span class=\"Contact_Bigger_Paragraph White_Text\">EXPERT PEST EXTERMINATION<\/span><br \/>\n<span class=\"Service_HugeText\">IN MONTREAL NORTH<\/span><br \/>\n<a href=\"tel:5147918385\"><button class=\"Button_Style_Blue Button_Centered\" type=\"button\">514 791-8385<\/button><\/a>[\/vc_column_text][\/vc_column][\/vc_row][vc_row fullwidth=&#8221;true&#8221; equal_columns=&#8221;true&#8221; attached=&#8221;true&#8221; column_padding=&#8221;4&#8243;][vc_column width=&#8221;2\/3&#8243;][vc_empty_space height=&#8221;40px&#8221;][vc_column_text css=&#8221;.vc_custom_1726589663932{margin-bottom: 0px !important;}&#8221;]\n<h1 style=\"text-align: center;\">Montreal North Exterminator<\/h1>\n<p style=\"text-align: center;\"><span style=\"font-weight: 400;\">Your home or business should be a safe, pest-free space. At <\/span><b>Elite Pest Control<\/b><span style=\"font-weight: 400;\">, we intervene quickly and efficiently to eliminate any type of infestation in Montreal North and Greater Montreal. Our priority is to help you regain a peaceful, comfortable home or business with minimal disruption to your daily routine.<\/span><\/p>\n[\/vc_column_text][mk_button size=&#8221;large&#8221; url=&#8221;tel:+15147918385&#8243; align=&#8221;center&#8221;]514 791 8385[\/mk_button][vc_empty_space height=&#8221;40px&#8221;][vc_column_text css=&#8221;.vc_custom_1726589753616{margin-bottom: 0px !important;}&#8221;]\n<h2 style=\"text-align: left;\">Choose Elite Pest Control for Montreal North extermination services<\/h2>\n<ul>\n<li style=\"font-weight: 400;\" aria-level=\"1\"><span style=\"font-weight: 400;\">Decades of experience in pest management.<\/span><\/li>\n<li style=\"font-weight: 400;\" aria-level=\"1\"><span style=\"font-weight: 400;\">Discreet interventions to spare you potential neighborhood concerns<\/span><\/li>\n<li style=\"font-weight: 400;\" aria-level=\"1\"><span style=\"font-weight: 400;\">All elements of a complete <\/span><a href=\"https:\/\/eliteextermination.com\/en\/pest-extermination\/\"><span style=\"font-weight: 400;\">pest extermination<\/span><\/a><span style=\"font-weight: 400;\"> strategy<\/span><span style=\"font-weight: 400;\">, including caulking, decontamination, and prevention advice.\u00a0<\/span><\/li>\n<\/ul>\n[\/vc_column_text][\/vc_column][vc_column width=&#8221;1\/3&#8243; el_class=&#8221;bg-dark-blue col-center-top&#8221;]\n<div class=\"wpcf7 no-js\" id=\"wpcf7-f2495-o1\" lang=\"fr-FR\" dir=\"ltr\" data-wpcf7-id=\"2495\">\n<div class=\"screen-reader-response\"><p role=\"status\" aria-live=\"polite\" aria-atomic=\"true\"><\/p> <ul><\/ul><\/div>\n<form action=\"\/en\/wp-json\/wp\/v2\/pages\/5697#wpcf7-f2495-o1\" method=\"post\" class=\"wpcf7-form init\" aria-label=\"Formulaire de contact\" novalidate=\"novalidate\" data-status=\"init\">\n<fieldset class=\"hidden-fields-container\"><input type=\"hidden\" name=\"_wpcf7\" value=\"2495\" \/><input type=\"hidden\" name=\"_wpcf7_version\" value=\"6.1.4\" \/><input type=\"hidden\" name=\"_wpcf7_locale\" value=\"fr_FR\" \/><input type=\"hidden\" name=\"_wpcf7_unit_tag\" value=\"wpcf7-f2495-o1\" \/><input type=\"hidden\" name=\"_wpcf7_container_post\" value=\"0\" \/><input type=\"hidden\" name=\"_wpcf7_posted_data_hash\" value=\"\" \/><input type=\"hidden\" name=\"_wpcf7_recaptcha_response\" value=\"\" \/>\n<\/fieldset>\n<div class=\"service-form\">\n\t<p><span class=\"wpcf7-form-control-wrap\" data-name=\"typedemande\"><select class=\"wpcf7-form-control wpcf7-select wpcf7-validates-as-required\" aria-required=\"true\" aria-invalid=\"false\" name=\"typedemande\"><option value=\"\">Type of request*<\/option><option value=\"Questions or comments\">Questions or comments<\/option><option value=\"Free estimate\">Free estimate<\/option><option value=\"Emergency\">Emergency<\/option><\/select><\/span><span class=\"wpcf7-form-control-wrap\" data-name=\"last-name\"><input size=\"40\" maxlength=\"400\" class=\"wpcf7-form-control wpcf7-text wpcf7-validates-as-required\" aria-required=\"true\" aria-invalid=\"false\" placeholder=\"Last name*\" value=\"\" type=\"text\" name=\"last-name\" \/><\/span><br \/>\n<span class=\"wpcf7-form-control-wrap\" data-name=\"email\"><input size=\"40\" maxlength=\"400\" class=\"wpcf7-form-control wpcf7-email wpcf7-validates-as-required wpcf7-text wpcf7-validates-as-email\" aria-required=\"true\" aria-invalid=\"false\" placeholder=\"E-mail*\" value=\"\" type=\"email\" name=\"email\" \/><\/span><br \/>\n<span class=\"wpcf7-form-control-wrap\" data-name=\"telephone\"><input size=\"40\" maxlength=\"400\" class=\"wpcf7-form-control wpcf7-tel wpcf7-validates-as-required wpcf7-text wpcf7-validates-as-tel\" aria-required=\"true\" aria-invalid=\"false\" placeholder=\"Phone number*\" value=\"\" type=\"tel\" name=\"telephone\" \/><\/span><br \/>\n<span class=\"wpcf7-form-control-wrap\" data-name=\"message\"><textarea cols=\"40\" rows=\"10\" maxlength=\"2000\" class=\"wpcf7-form-control wpcf7-textarea wpcf7-validates-as-required\" aria-required=\"true\" aria-invalid=\"false\" placeholder=\"Message*\" name=\"message\"><\/textarea><\/span><br \/>\n\t<div class=\"wpcf7-response-output\" aria-hidden=\"true\"><\/div><br \/>\n<span id=\"wpcf7-69e47f21572f2-wrapper\" class=\"wpcf7-form-control-wrap field-wrap\" style=\"display:none !important; visibility:hidden !important;\"><label for=\"wpcf7-69e47f21572f2-field\" class=\"hp-message\">Veuillez laisser ce champ vide.<\/label><input id=\"wpcf7-69e47f21572f2-field\"  class=\"wpcf7-form-control wpcf7-text\" type=\"text\" name=\"field\" value=\"\" size=\"40\" tabindex=\"-1\" autocomplete=\"new-password\" \/><\/span><br \/>\n\t<br \/>\n<input class=\"wpcf7-form-control wpcf7-submit has-spinner Button_Style_Blue\" type=\"submit\" value=\"SEND\" \/>\n\t<\/p>\n<\/div>\n<p><script>\ndocument.addEventListener( 'wpcf7mailsent', function( event ) {\n location = 'https:\/\/eliteextermination.com\/en\/thank-you\/';\n}, false );\n<\/script>\n<\/p><input type='hidden' class='wpcf7-pum' value='{\"closepopup\":false,\"closedelay\":0,\"openpopup\":false,\"openpopup_id\":0}' \/>\n<\/form>\n<\/div>\n[\/vc_column][\/vc_row][vc_row fullwidth=&#8221;true&#8221; fullwidth_content=&#8221;false&#8221; css=&#8221;.vc_custom_1726590369927{background-color: #dddddd !important;}&#8221;][vc_column][vc_empty_space height=&#8221;40px&#8221;][vc_column_text css=&#8221;.vc_custom_1726589782337{margin-bottom: 0px !important;}&#8221;]\n<h2 style=\"text-align: center;\">Emergency extermination in Montreal North<\/h2>\n[\/vc_column_text][vc_column_text css=&#8221;.vc_custom_1726589797950{margin-bottom: 0px !important;}&#8221;]\n<p style=\"text-align: center;\"><span style=\"font-weight: 400;\">When faced with a pest infestation, taking immediate action is key to limiting the damage. At <\/span><b>Elite Pest Control<\/b><span style=\"font-weight: 400;\">, our <\/span><a href=\"https:\/\/eliteextermination.com\/en\/\"><span style=\"font-weight: 400;\">Montreal exterminators<\/span><\/a><span style=\"font-weight: 400;\"> understand the stress pests can cause. That&#8217;s why we offer emergency extermination services in Montreal North. We&#8217;re committed to efficient pest control, offering solutions that quickly and permanently eliminate pests from your surroundings.<\/span><\/p>\n[\/vc_column_text][\/vc_column][\/vc_row][vc_row fullwidth=&#8221;true&#8221; fullwidth_content=&#8221;false&#8221; css=&#8221;.vc_custom_1726590475375{background-color: #DDDDDD !important;}&#8221;][vc_column width=&#8221;2\/3&#8243; css=&#8221;.vc_custom_1726590398843{background-color: #dddddd !important;}&#8221;][vc_empty_space height=&#8221;40px&#8221;][vc_column_text align=&#8221;center&#8221; el_class=&#8221;Title_Text&#8221; css=&#8221;.vc_custom_1726589829601{margin-bottom: 0px !important;}&#8221;]\n<h3 style=\"text-align: center;\">Mouse extermination<\/h3>\n[\/vc_column_text][vc_column_text align=&#8221;center&#8221; el_class=&#8221;SubTitle_Paragraph_Text&#8221; css=&#8221;.vc_custom_1726589845963{margin-bottom: 0px !important;}&#8221;]\n<p style=\"text-align: center;\"><span style=\"font-weight: 400;\">Mice can become a real nuisance, damaging your property and contaminating your environment with pathogens and parasites. Our Montreal North <\/span><a href=\"https:\/\/eliteextermination.com\/en\/insects-pests\/mouse-extermination\/\"><span style=\"font-weight: 400;\">mouse exterminators<\/span><\/a><span style=\"font-weight: 400;\"> use state-of-the-art techniques to effectively locate and eliminate these rodents.<\/span><\/p>\n[\/vc_column_text][vc_column_text align=&#8221;center&#8221; el_class=&#8221;Title_Text&#8221; css=&#8221;.vc_custom_1726589877462{margin-bottom: 0px !important;}&#8221;]\n<h3 style=\"text-align: center;\">Bat extermination<\/h3>\n[\/vc_column_text][vc_column_text align=&#8221;center&#8221; el_class=&#8221;SubTitle_Paragraph_Text&#8221; css=&#8221;.vc_custom_1726589891523{margin-bottom: 0px !important;}&#8221;]\n<p style=\"text-align: center;\"><span style=\"font-weight: 400;\">Although bats are protected by law, they can be a nuisance when they invade enclosed spaces. Our <\/span><a href=\"https:\/\/eliteextermination.com\/en\/insects-pests\/bat-extermination\/\"><span style=\"font-weight: 400;\">bat exterminators<\/span><\/a><span style=\"font-weight: 400;\"> use humane methods to remove them safely and secure your property to prevent future intrusions.<\/span><\/p>\n[\/vc_column_text][vc_column_text align=&#8221;center&#8221; el_class=&#8221;Title_Text&#8221; css=&#8221;.vc_custom_1726589902700{margin-bottom: 0px !important;}&#8221;]\n<h3 style=\"text-align: center;\">Extermination of rats and other rodents<\/h3>\n[\/vc_column_text][vc_column_text align=&#8221;center&#8221; el_class=&#8221;SubTitle_Paragraph_Text&#8221; css=&#8221;.vc_custom_1726589915093{margin-bottom: 0px !important;}&#8221;]\n<p style=\"text-align: center;\"><a href=\"https:\/\/eliteextermination.com\/en\/insects-pests\/rat-extermination\/\"><span style=\"font-weight: 400;\">Rats<\/span><\/a><span style=\"font-weight: 400;\"> and other rodents can cause considerable structural damage and pose a serious risk to human health. We act fast, using safe and effective methods to eliminate pests and prevent future problems.<\/span><\/p>\n[\/vc_column_text][\/vc_column][vc_column width=&#8221;1\/3&#8243; css=&#8221;.vc_custom_1726590428950{background-color: #dddddd !important;}&#8221;][mk_image src=&#8221;https:\/\/eliteextermination.com\/wp-content\/uploads\/2023\/11\/souris-rongeurs-comble-fil-electrique.jpg&#8221; lazyload=&#8221;true&#8221; align=&#8221;right&#8221;][mk_image src=&#8221;https:\/\/eliteextermination.com\/wp-content\/uploads\/2020\/05\/faire-fuir-chauves-souris.jpg&#8221;][mk_image src=&#8221;https:\/\/eliteextermination.com\/wp-content\/uploads\/2017\/07\/top-rats-2.jpg&#8221; align=&#8221;center&#8221;][\/vc_column][\/vc_row][vc_row fullwidth=&#8221;true&#8221; fullwidth_content=&#8221;false&#8221; css=&#8221;.vc_custom_1726590551644{background-color: #DDDDDD !important;}&#8221;][vc_column][vc_empty_space height=&#8221;40px&#8221;][mk_button size=&#8221;x-large&#8221; url=&#8221;https:\/\/eliteextermination.com\/en\/contact-us\/&#8221; align=&#8221;center&#8221;]I want a free quote[\/mk_button][\/vc_column][\/vc_row][vc_row][vc_column][vc_empty_space height=&#8221;40px&#8221;][vc_column_text css=&#8221;.vc_custom_1726590181566{margin-bottom: 0px !important;}&#8221;]\n<h2 style=\"text-align: center;\"><span style=\"font-weight: 400;\">Why you should act fast if you have pests<\/span><\/h2>\n<p style=\"text-align: center;\"><span style=\"font-weight: 400;\">It&#8217;s easy to hope that a pest infestation will resolve itself or be temporary. However, delaying action, especially with rodents, can pose significant risks to your health and property.<\/span><\/p>\n<p style=\"text-align: center;\"><span style=\"font-weight: 400;\">Rodents like rats and mice are more than just annoying intruders. In urban areas like Montreal North where buildings are often located in close proximity to one another, rodents pose a significant threat. Due to the rapid reproduction rates of these small creatures, an infestation can quickly escalate if left untreated.<\/span><\/p>\n<h3 style=\"text-align: center;\"><span style=\"font-weight: 400;\">Rodent-related health hazards<\/span><\/h3>\n<p style=\"text-align: center;\"><span style=\"font-weight: 400;\">Rodents carry numerous diseases that can be transmitted to humans, including leptospirosis, salmonellosis, and hantavirus. They contaminate living spaces with their droppings and urine, which can lead to severe infections or allergic reactions. Additionally, rodents can introduce other parasites like fleas and ticks into your home, creating a dangerous environment for you and your loved ones.<\/span><\/p>\n<h3 style=\"text-align: center;\"><span style=\"font-weight: 400;\">Property damage caused by rodents<\/span><\/h3>\n<p style=\"text-align: center;\"><span style=\"font-weight: 400;\">In addition to posing a health hazard, rodents are notorious for causing property damage. Their need to constantly chew leads them to gnaw on various materials, including electrical wires and wood. This can lead to costly repairs and a higher fire risk. In Montreal North, where winters can be severe, rodents often seek refuge indoors, further increasing the risk of property damage during this time.<\/span><\/p>\n<h3 style=\"text-align: center;\"><span style=\"font-weight: 400;\">Acting fast is key<\/span><\/h3>\n<p style=\"text-align: center;\"><span style=\"font-weight: 400;\">When faced with a rodent infestation, every minute counts. The longer you wait to act, the more time these pests have to reproduce, expand their territory and intensify the damage. Prompt action by extermination professionals in Montreal North, whether <\/span><b>mouse exterminators<\/b><span style=\"font-weight: 400;\"> or <\/span><b>bat exterminators<\/b><span style=\"font-weight: 400;\">, is key to containing and eliminating pests before an infestation becomes unmanageable.<\/span><\/p>\n<h3 style=\"text-align: center;\"><span style=\"font-weight: 400;\">Local experts who understand<\/span><\/h3>\n<p style=\"text-align: center;\"><span style=\"font-weight: 400;\">There are many advantages to calling in a pest control company located in Montreal North. Local experts know the specifics of pests in this area of Montreal and can choose the most effective strategy for each situation. What&#8217;s more, a local company can respond faster to emergencies, minimizing the time your property is exposed to the dangers of pests.<\/span><\/p>\n[\/vc_column_text][vc_empty_space height=&#8221;40px&#8221;][vc_gmaps link=&#8221;#E-8_JTNDaWZyYW1lJTIwc3JjJTNEJTIyaHR0cHMlM0ElMkYlMkZ3d3cuZ29vZ2xlLmNvbSUyRm1hcHMlMkZlbWJlZCUzRnBiJTNEJTIxMW0xOCUyMTFtMTIlMjExbTMlMjExZDQ0NjYyLjEyNDI1MDMzNjY3JTIxMmQtNzMuNjcwMjE4MzcyNDU5NzMlMjEzZDQ1LjYwMjk1MTQ5NTgwNjM0NCUyMTJtMyUyMTFmMCUyMTJmMCUyMTNmMCUyMTNtMiUyMTFpMTAyNCUyMTJpNzY4JTIxNGYxMy4xJTIxM20zJTIxMW0yJTIxMXMweDRjYzkxZjBjODZiODlkODclMjUzQTB4NDJhOWY5ZDFhYTg3ZTkwYyUyMTJ6VFc5dWRITERxV0ZzTFU1dmNtUXNJRTF2Ym5SeXc2bGhiQ3dnVVVNJTIxNWUwJTIxM20yJTIxMXNmciUyMTJzY2ElMjE0djE3MjM1NzUwNDY2OTUlMjE1bTIlMjExc2ZyJTIxMnNjYSUyMiUyMHdpZHRoJTNEJTIyNjAwJTIyJTIwaGVpZ2h0JTNEJTIyNDUwJTIyJTIwc3R5bGUlM0QlMjJib3JkZXIlM0EwJTNCJTIyJTIwYWxsb3dmdWxsc2NyZWVuJTNEJTIyJTIyJTIwbG9hZGluZyUzRCUyMmxhenklMjIlMjByZWZlcnJlcnBvbGljeSUzRCUyMm5vLXJlZmVycmVyLXdoZW4tZG93bmdyYWRlJTIyJTNFJTNDJTJGaWZyYW1lJTNF&#8221; css=&#8221;&#8221;][\/vc_column][\/vc_row][vc_row][vc_column width=&#8221;1\/3&#8243;][vc_empty_space height=&#8221;40px&#8221;][vc_column_text css=&#8221;.vc_custom_1741626253298{margin-bottom: 0px !important;}&#8221;]\n<ul>\n<li style=\"text-align: center;\"><a href=\"https:\/\/eliteextermination.com\/en\/extermination-montreal\/\">Extermination in Montreal<\/a><\/li>\n<li style=\"text-align: center;\"><a href=\"https:\/\/eliteextermination.com\/en\/exterminator-anjou\/\">Extermination in Anjou<\/a><\/li>\n<li style=\"text-align: center;\"><a href=\"https:\/\/eliteextermination.com\/en\/exterminator-rosemont\/\">Extermination in Rosemont<\/a><\/li>\n<li style=\"text-align: center;\"><a href=\"https:\/\/eliteextermination.com\/en\/exterminator-verdun-2-2\/\">Extermination in Verdun<\/a><\/li>\n<\/ul>\n[\/vc_column_text][vc_empty_space height=&#8221;40px&#8221;][\/vc_column][vc_column width=&#8221;1\/3&#8243;][vc_empty_space height=&#8221;40px&#8221;][vc_column_text css=&#8221;.vc_custom_1726598910434{margin-bottom: 0px !important;}&#8221;]\n<ul>\n<li style=\"text-align: center;\"><a href=\"https:\/\/eliteextermination.com\/en\/extermination-terrebonne\/\">Extermination in Terrebonne<\/a><\/li>\n<li style=\"text-align: center;\"><a href=\"https:\/\/eliteextermination.com\/en\/extermination-trois-rivieres\/\">Extermination in Trois-Rivi\u00e8res<\/a><\/li>\n<li style=\"text-align: center;\"><a href=\"https:\/\/eliteextermination.com\/en\/exterminator-brossard\/\">Extermination in Brossard<\/a><\/li>\n<li style=\"text-align: center;\"><a href=\"https:\/\/eliteextermination.com\/en\/extermination-laval\/\">Extermination in Laval<\/a><\/li>\n<\/ul>\n[\/vc_column_text][vc_empty_space height=&#8221;40px&#8221;][\/vc_column][vc_column width=&#8221;1\/3&#8243;][vc_empty_space height=&#8221;40px&#8221;][vc_column_text css=&#8221;.vc_custom_1736869740761{margin-bottom: 0px !important;}&#8221;]\n<ul>\n<li style=\"text-align: center;\"><a href=\"https:\/\/eliteextermination.com\/en\/extermination-repentigny\/\">Extermination in Repentigny<\/a><\/li>\n<li style=\"text-align: center;\"><a href=\"https:\/\/eliteextermination.com\/en\/extermination-st-jerome\/\">Extermination in Saint-J\u00e9r\u00f4me<\/a><\/li>\n<li style=\"text-align: center;\"><a href=\"https:\/\/eliteextermination.com\/en\/exterminator-hochelaga-maisonneuve\/\">Extermination in Hochelaga-Maisonneuve<\/a><\/li>\n<\/ul>\n[\/vc_column_text][vc_empty_space height=&#8221;40px&#8221;][\/vc_column][\/vc_row][vc_row fullwidth=&#8221;true&#8221; css=&#8221;.vc_custom_1505926935168{background-color: #0055c5 !important;}&#8221; el_class=&#8221;row-call&#8221;][vc_column][vc_row_inner is_fullwidth_content=&#8221;false&#8221;][vc_column_inner][vc_empty_space][vc_column_text align=&#8221;center&#8221; el_class=&#8221;SubTitle_Paragraph_Text White_Text&#8221; css=&#8221;.vc_custom_1726590249601{margin-bottom: 0px !important;}&#8221;]\n<h2><span style=\"font-weight: 400;\">Contact our Montreal North exterminators now<\/span><span style=\"font-weight: 400;\">\u00a0<\/span><\/h2>\n<p><span style=\"font-weight: 400;\">Whether you\u2019re a resident or business owner in Montreal North, taking action immediately will protect your health, your property and your peace of mind. Contact <\/span><b>Elite Pest Control<\/b><span style=\"font-weight: 400;\"> as soon as you see signs of an infestation for a fast and efficient <\/span><a href=\"https:\/\/eliteextermination.com\/en\/emergency-24-7\/\"><span style=\"font-weight: 400;\">emergency extermination<\/span><\/a><span style=\"font-weight: 400;\">.<\/span><\/p>\n<p style=\"text-align: center;\"><a href=\"https:\/\/eliteextermination.com\/en\/contact-us\/\"><span style=\"font-weight: 400;\">PEST CONTROL FREE QUOTE<\/span> <\/a>\u00a0 \u00a0\u00a0 <a href=\"tel:+15147918385\"><span style=\"font-weight: 400;\">514 791 8385<\/span><\/a><\/p>\n[\/vc_column_text][vc_empty_space height=&#8221;20px&#8221;][\/vc_column_inner][\/vc_row_inner][\/vc_column][\/vc_row][vc_row][vc_column][\/vc_column][\/vc_row]\n<\/div>","protected":false},"excerpt":{"rendered":"<p>[vc_row fullwidth=&#8221;true&#8221; el_class=&#8221;BackGroundImageScale&#8221; css=&#8221;.vc_custom_1500048800305{background-image: url(https:\/\/eliteextermination.com\/wp-content\/uploads\/2017\/06\/head-propos.jpg?id=2146) !important;}&#8221;][vc_column][vc_column_text align=&#8221;center&#8221; el_class=&#8221;Service_Title&#8221; css=&#8221;.vc_custom_1726589637724{margin-bottom: 0px !important;}&#8221;]EXPERT PEST EXTERMINATION IN MONTREAL NORTH 514 791-8385[\/vc_column_text][\/vc_column][\/vc_row][vc_row fullwidth=&#8221;true&#8221; equal_columns=&#8221;true&#8221; attached=&#8221;true&#8221; column_padding=&#8221;4&#8243;][vc_column width=&#8221;2\/3&#8243;][vc_empty_space height=&#8221;40px&#8221;][vc_column_text css=&#8221;.vc_custom_1726589663932{margin-bottom: 0px !important;}&#8221;] Montreal North Exterminator Your home or business should be a safe, pest-free space. At Elite Pest Control, we intervene quickly and efficiently to eliminate any type of infestation [&hellip;]<\/p>\n","protected":false},"author":1,"featured_media":0,"parent":0,"menu_order":0,"comment_status":"closed","ping_status":"closed","template":"","meta":{"_acf_changed":false,"yasr_overall_rating":4.7,"yasr_post_is_review":"","yasr_auto_insert_disabled":"","yasr_review_type":"","footnotes":""},"class_list":["post-5697","page","type-page","status-publish","hentry"],"acf":[],"yoast_head":"<!-- This site is optimized with the Yoast SEO plugin v26.9 - https:\/\/yoast.com\/product\/yoast-seo-wordpress\/ -->\n<title>Montreal North Exterminators - FAST service 514-791-8385<\/title>\n<meta name=\"description\" content=\"Our exterminators have over 15 years&#039; experience providing pest control services in Greater Montreal. Emergency extermination services for all pests.\" \/>\n<meta name=\"robots\" content=\"index, follow, max-snippet:-1, max-image-preview:large, max-video-preview:-1\" \/>\n<link rel=\"canonical\" href=\"https:\/\/eliteextermination.com\/en\/exterminator-montreal-north\/\" \/>\n<meta property=\"og:locale\" content=\"en_US\" \/>\n<meta property=\"og:type\" content=\"article\" \/>\n<meta property=\"og:title\" content=\"Montreal North Exterminators - FAST service 514-791-8385\" \/>\n<meta property=\"og:description\" content=\"Our exterminators have over 15 years&#039; experience providing pest control services in Greater Montreal. Emergency extermination services for all pests.\" \/>\n<meta property=\"og:url\" content=\"https:\/\/eliteextermination.com\/en\/exterminator-montreal-north\/\" \/>\n<meta property=\"og:site_name\" content=\"\u00c9lite Extermination\" \/>\n<meta property=\"article:modified_time\" content=\"2025-03-10T17:04:15+00:00\" \/>\n<meta name=\"twitter:card\" content=\"summary_large_image\" \/>\n<meta name=\"twitter:label1\" content=\"Est. reading time\" \/>\n\t<meta name=\"twitter:data1\" content=\"5 minutes\" \/>\n<!-- \/ Yoast SEO plugin. -->","yoast_head_json":{"title":"Montreal North Exterminators - FAST service 514-791-8385","description":"Our exterminators have over 15 years' experience providing pest control services in Greater Montreal. Emergency extermination services for all pests.","robots":{"index":"index","follow":"follow","max-snippet":"max-snippet:-1","max-image-preview":"max-image-preview:large","max-video-preview":"max-video-preview:-1"},"canonical":"https:\/\/eliteextermination.com\/en\/exterminator-montreal-north\/","og_locale":"en_US","og_type":"article","og_title":"Montreal North Exterminators - FAST service 514-791-8385","og_description":"Our exterminators have over 15 years' experience providing pest control services in Greater Montreal. Emergency extermination services for all pests.","og_url":"https:\/\/eliteextermination.com\/en\/exterminator-montreal-north\/","og_site_name":"\u00c9lite Extermination","article_modified_time":"2025-03-10T17:04:15+00:00","twitter_card":"summary_large_image","twitter_misc":{"Est. reading time":"5 minutes"},"schema":{"@context":"https:\/\/schema.org","@graph":[{"@type":"WebPage","@id":"https:\/\/eliteextermination.com\/en\/exterminator-montreal-north\/","url":"https:\/\/eliteextermination.com\/en\/exterminator-montreal-north\/","name":"Montreal North Exterminators - FAST service 514-791-8385","isPartOf":{"@id":"https:\/\/eliteextermination.com\/en\/#website"},"datePublished":"2024-09-17T16:31:11+00:00","dateModified":"2025-03-10T17:04:15+00:00","description":"Our exterminators have over 15 years' experience providing pest control services in Greater Montreal. Emergency extermination services for all pests.","breadcrumb":{"@id":"https:\/\/eliteextermination.com\/en\/exterminator-montreal-north\/#breadcrumb"},"inLanguage":"en-CA","potentialAction":[{"@type":"ReadAction","target":["https:\/\/eliteextermination.com\/en\/exterminator-montreal-north\/"]}]},{"@type":"BreadcrumbList","@id":"https:\/\/eliteextermination.com\/en\/exterminator-montreal-north\/#breadcrumb","itemListElement":[{"@type":"ListItem","position":1,"name":"Home","item":"https:\/\/eliteextermination.com\/en\/"},{"@type":"ListItem","position":2,"name":"Montreal North Exterminator"}]},{"@type":"WebSite","@id":"https:\/\/eliteextermination.com\/en\/#website","url":"https:\/\/eliteextermination.com\/en\/","name":"\u00c9lite Extermination","description":"Pest Control Experts in Montreal, Laval, St-J\u00e9r\u00f4me, Repentigny, Trois-Rivi\u00e8res, Gatineau, South Shore","potentialAction":[{"@type":"SearchAction","target":{"@type":"EntryPoint","urlTemplate":"https:\/\/eliteextermination.com\/en\/?s={search_term_string}"},"query-input":{"@type":"PropertyValueSpecification","valueRequired":true,"valueName":"search_term_string"}}],"inLanguage":"en-CA"},false]}},"yasr_visitor_votes":{"stars_attributes":{"read_only":false,"span_bottom":false},"number_of_votes":0,"sum_votes":0},"_links":{"self":[{"href":"https:\/\/eliteextermination.com\/en\/wp-json\/wp\/v2\/pages\/5697","targetHints":{"allow":["GET"]}}],"collection":[{"href":"https:\/\/eliteextermination.com\/en\/wp-json\/wp\/v2\/pages"}],"about":[{"href":"https:\/\/eliteextermination.com\/en\/wp-json\/wp\/v2\/types\/page"}],"author":[{"embeddable":true,"href":"https:\/\/eliteextermination.com\/en\/wp-json\/wp\/v2\/users\/1"}],"replies":[{"embeddable":true,"href":"https:\/\/eliteextermination.com\/en\/wp-json\/wp\/v2\/comments?post=5697"}],"version-history":[{"count":13,"href":"https:\/\/eliteextermination.com\/en\/wp-json\/wp\/v2\/pages\/5697\/revisions"}],"predecessor-version":[{"id":6461,"href":"https:\/\/eliteextermination.com\/en\/wp-json\/wp\/v2\/pages\/5697\/revisions\/6461"}],"wp:attachment":[{"href":"https:\/\/eliteextermination.com\/en\/wp-json\/wp\/v2\/media?parent=5697"}],"curies":[{"name":"wp","href":"https:\/\/api.w.org\/{rel}","templated":true}]}}