{"id":5701,"date":"2024-09-17T11:29:46","date_gmt":"2024-09-17T15:29:46","guid":{"rendered":"https:\/\/eliteextermination.com\/?page_id=5701"},"modified":"2025-01-14T10:47:41","modified_gmt":"2025-01-14T15:47:41","slug":"exterminator-verdun-2-2","status":"publish","type":"page","link":"https:\/\/eliteextermination.com\/en\/exterminator-verdun-2-2\/","title":{"rendered":"Verdun Exterminators"},"content":{"rendered":"<div class=\"wpb-content-wrapper\">[vc_row fullwidth=&#8221;true&#8221; el_class=&#8221;BackGroundImageScale&#8221; css=&#8221;.vc_custom_1500048800305{background-image: url(https:\/\/eliteextermination.com\/wp-content\/uploads\/2017\/06\/head-propos.jpg?id=2146) !important;}&#8221;][vc_column][vc_column_text align=&#8221;center&#8221; el_class=&#8221;Service_Title&#8221; css=&#8221;.vc_custom_1726584134650{margin-bottom: 0px !important;}&#8221;]<span class=\"Contact_Bigger_Paragraph White_Text\">EXPERT PEST EXTERMINATION<\/span><br \/>\n<span class=\"Service_HugeText\">IN VERDUN<\/span><br \/>\n<a href=\"tel:5147918385\"><button class=\"Button_Style_Blue Button_Centered\" type=\"button\">514 791-8385<\/button><\/a>[\/vc_column_text][\/vc_column][\/vc_row][vc_row fullwidth=&#8221;true&#8221; equal_columns=&#8221;true&#8221; attached=&#8221;true&#8221; column_padding=&#8221;4&#8243;][vc_column width=&#8221;2\/3&#8243;][vc_empty_space height=&#8221;40px&#8221;][vc_column_text css=&#8221;.vc_custom_1726586913146{margin-bottom: 0px !important;}&#8221;]\n<h1 style=\"text-align: center;\">Verdun Exterminators<\/h1>\n<p style=\"text-align: center;\"><span style=\"font-weight: 400;\">Your Verdun location should be a pest-free space where you can live and work in peace and safety. <\/span><b>Elite Pest Control<\/b><span style=\"font-weight: 400;\"> is here to help you protect your property. Whether you\u2019re dealing with mice, rats, bats, or other pests, our team of skilled <\/span><a href=\"https:\/\/eliteextermination.com\/en\/\"><span style=\"font-weight: 400;\">Montreal exterminators<\/span><\/a><span style=\"font-weight: 400;\"> will act quickly to get rid of these unwelcome intruders.<\/span><\/p>\n<p style=\"text-align: center;\"><span style=\"font-weight: 400;\">We understand the time-sensitive nature of pest problems and are committed to providing a swift response. Our services are environmentally friendly and involve minimal disruption. Our goal is to eliminate pests and provide a comprehensive, long-term solution.<\/span><\/p>\n[\/vc_column_text][mk_button size=&#8221;large&#8221; url=&#8221;tel:+15147918385&#8243; align=&#8221;center&#8221;]514 791 8385[\/mk_button][vc_empty_space height=&#8221;40px&#8221;][vc_column_text css=&#8221;.vc_custom_1726586643255{margin-bottom: 0px !important;}&#8221;]\n<h2 style=\"text-align: left;\">Choose Elite Pest Control for extermination services in Verdun<\/h2>\n<ul>\n<li style=\"font-weight: 400; text-align: left;\" aria-level=\"1\"><span style=\"font-weight: 400;\">Decades of experience in pest management.<\/span><\/li>\n<li style=\"font-weight: 400; text-align: left;\" aria-level=\"1\"><span style=\"font-weight: 400;\">Discreet interventions to spare you potential neighborhood concerns<\/span><\/li>\n<li style=\"font-weight: 400; text-align: left;\" aria-level=\"1\"><span style=\"font-weight: 400;\">All elements of a complete <\/span><a href=\"https:\/\/eliteextermination.com\/en\/pest-extermination\/\"><span style=\"font-weight: 400;\">pest extermination<\/span><\/a><span style=\"font-weight: 400;\"> strategy<\/span><span style=\"font-weight: 400;\">, including caulking, decontamination, and prevention advice.<\/span><\/li>\n<\/ul>\n[\/vc_column_text][\/vc_column][vc_column width=&#8221;1\/3&#8243; el_class=&#8221;bg-dark-blue col-center-top&#8221;]\n<div class=\"wpcf7 no-js\" id=\"wpcf7-f2495-o1\" lang=\"fr-FR\" dir=\"ltr\" data-wpcf7-id=\"2495\">\n<div class=\"screen-reader-response\"><p role=\"status\" aria-live=\"polite\" aria-atomic=\"true\"><\/p> <ul><\/ul><\/div>\n<form action=\"\/en\/wp-json\/wp\/v2\/pages\/5701#wpcf7-f2495-o1\" method=\"post\" class=\"wpcf7-form init\" aria-label=\"Formulaire de contact\" novalidate=\"novalidate\" data-status=\"init\">\n<fieldset class=\"hidden-fields-container\"><input type=\"hidden\" name=\"_wpcf7\" value=\"2495\" \/><input type=\"hidden\" name=\"_wpcf7_version\" value=\"6.1.4\" \/><input type=\"hidden\" name=\"_wpcf7_locale\" value=\"fr_FR\" \/><input type=\"hidden\" name=\"_wpcf7_unit_tag\" value=\"wpcf7-f2495-o1\" \/><input type=\"hidden\" name=\"_wpcf7_container_post\" value=\"0\" \/><input type=\"hidden\" name=\"_wpcf7_posted_data_hash\" value=\"\" \/><input type=\"hidden\" name=\"_wpcf7_recaptcha_response\" value=\"\" \/>\n<\/fieldset>\n<div class=\"service-form\">\n\t<p><span class=\"wpcf7-form-control-wrap\" data-name=\"typedemande\"><select class=\"wpcf7-form-control wpcf7-select wpcf7-validates-as-required\" aria-required=\"true\" aria-invalid=\"false\" name=\"typedemande\"><option value=\"\">Type of request*<\/option><option value=\"Questions or comments\">Questions or comments<\/option><option value=\"Free estimate\">Free estimate<\/option><option value=\"Emergency\">Emergency<\/option><\/select><\/span><span class=\"wpcf7-form-control-wrap\" data-name=\"last-name\"><input size=\"40\" maxlength=\"400\" class=\"wpcf7-form-control wpcf7-text wpcf7-validates-as-required\" aria-required=\"true\" aria-invalid=\"false\" placeholder=\"Last name*\" value=\"\" type=\"text\" name=\"last-name\" \/><\/span><br \/>\n<span class=\"wpcf7-form-control-wrap\" data-name=\"email\"><input size=\"40\" maxlength=\"400\" class=\"wpcf7-form-control wpcf7-email wpcf7-validates-as-required wpcf7-text wpcf7-validates-as-email\" aria-required=\"true\" aria-invalid=\"false\" placeholder=\"E-mail*\" value=\"\" type=\"email\" name=\"email\" \/><\/span><br \/>\n<span class=\"wpcf7-form-control-wrap\" data-name=\"telephone\"><input size=\"40\" maxlength=\"400\" class=\"wpcf7-form-control wpcf7-tel wpcf7-validates-as-required wpcf7-text wpcf7-validates-as-tel\" aria-required=\"true\" aria-invalid=\"false\" placeholder=\"Phone number*\" value=\"\" type=\"tel\" name=\"telephone\" \/><\/span><br \/>\n<span class=\"wpcf7-form-control-wrap\" data-name=\"message\"><textarea cols=\"40\" rows=\"10\" maxlength=\"2000\" class=\"wpcf7-form-control wpcf7-textarea wpcf7-validates-as-required\" aria-required=\"true\" aria-invalid=\"false\" placeholder=\"Message*\" name=\"message\"><\/textarea><\/span><br \/>\n\t<div class=\"wpcf7-response-output\" aria-hidden=\"true\"><\/div><br \/>\n<span id=\"wpcf7-69e4b3d5acd61-wrapper\" class=\"wpcf7-form-control-wrap field-wrap\" style=\"display:none !important; visibility:hidden !important;\"><label for=\"wpcf7-69e4b3d5acd61-field\" class=\"hp-message\">Veuillez laisser ce champ vide.<\/label><input id=\"wpcf7-69e4b3d5acd61-field\"  class=\"wpcf7-form-control wpcf7-text\" type=\"text\" name=\"field\" value=\"\" size=\"40\" tabindex=\"-1\" autocomplete=\"new-password\" \/><\/span><br \/>\n\t<br \/>\n<input class=\"wpcf7-form-control wpcf7-submit has-spinner Button_Style_Blue\" type=\"submit\" value=\"SEND\" \/>\n\t<\/p>\n<\/div>\n<p><script>\ndocument.addEventListener( 'wpcf7mailsent', function( event ) {\n location = 'https:\/\/eliteextermination.com\/en\/thank-you\/';\n}, false );\n<\/script>\n<\/p><input type='hidden' class='wpcf7-pum' value='{\"closepopup\":false,\"closedelay\":0,\"openpopup\":false,\"openpopup_id\":0}' \/>\n<\/form>\n<\/div>\n[\/vc_column][\/vc_row][vc_row fullwidth=&#8221;true&#8221; fullwidth_content=&#8221;false&#8221; css=&#8221;.vc_custom_1726586587651{background-color: #dddddd !important;}&#8221;][vc_column][vc_empty_space height=&#8221;40px&#8221;][vc_column_text css=&#8221;.vc_custom_1726586532543{margin-bottom: 0px !important;}&#8221;]\n<h2 style=\"text-align: center;\"><strong>Emergency exterminators in Verdun<\/strong><\/h2>\n[\/vc_column_text][vc_column_text css=&#8221;.vc_custom_1726586538761{margin-bottom: 0px !important;}&#8221;]\n<p style=\"text-align: center;\"><span style=\"font-weight: 400;\">Pest infestations can quickly get out of control if not addressed promptly. At <\/span><b>Elite Pest Control<\/b><span style=\"font-weight: 400;\">, we understand the stress this can cause, which is why we&#8217;ve set up an emergency extermination service specifically for Verdun. Our experts are available to intervene immediately, so you can benefit from long-lasting, effective solutions to protect your space.<\/span><\/p>\n[\/vc_column_text][\/vc_column][\/vc_row][vc_row fullwidth=&#8221;true&#8221; fullwidth_content=&#8221;false&#8221; css=&#8221;.vc_custom_1726585455068{background-color: #DDDDDD !important;}&#8221;][vc_column width=&#8221;2\/3&#8243;][vc_column_text css=&#8221;.vc_custom_1726586663952{margin-bottom: 0px !important;}&#8221;]\n<h3 style=\"text-align: center;\"><span style=\"font-weight: 400;\">Mouse exterminators<\/span><\/h3>\n[\/vc_column_text][vc_column_text css=&#8221;.vc_custom_1726586670890{margin-bottom: 0px !important;}&#8221;]\n<p style=\"text-align: center;\"><span style=\"font-weight: 400;\">Mice can become a real nuisance, damaging your property and contaminating your environment with pathogens and parasites. Our Verdun <\/span><a href=\"https:\/\/eliteextermination.com\/en\/insects-pests\/mouse-extermination\/\"><span style=\"font-weight: 400;\">mouse exterminators<\/span><\/a><span style=\"font-weight: 400;\"> use state-of-the-art techniques to effectively locate and eliminate these rodents, and put in place preventive measures to make sure they don\u2019t come back.<\/span><\/p>\n[\/vc_column_text][vc_column_text css=&#8221;.vc_custom_1726586677980{margin-bottom: 0px !important;}&#8221;]\n<h3 style=\"text-align: center;\"><span style=\"font-weight: 400;\">Bat exterminators<\/span><\/h3>\n[\/vc_column_text][vc_column_text css=&#8221;.vc_custom_1726586684915{margin-bottom: 0px !important;}&#8221;]\n<p style=\"text-align: center;\"><span style=\"font-weight: 400;\">Although bats are protected by law, they can be a nuisance when they invade enclosed spaces. Our <\/span><a href=\"https:\/\/eliteextermination.com\/en\/insects-pests\/bat-extermination\/\"><span style=\"font-weight: 400;\">bat exterminators<\/span><\/a><span style=\"font-weight: 400;\"> use environmentally-friendly methods to remove them safely and secure your property to prevent future intrusions.<\/span><\/p>\n[\/vc_column_text][vc_column_text css=&#8221;.vc_custom_1726586692033{margin-bottom: 0px !important;}&#8221;]\n<h3 style=\"text-align: center;\"><span style=\"font-weight: 400;\">Extermination of rats and other rodents<\/span><\/h3>\n[\/vc_column_text][vc_column_text css=&#8221;.vc_custom_1726586699459{margin-bottom: 0px !important;}&#8221;]\n<p style=\"text-align: center;\"><span style=\"font-weight: 400;\">Rats and other rodents can cause considerable structural damage and pose a serious risk to the health of your family or employees. Our <\/span><a href=\"https:\/\/eliteextermination.com\/en\/insects-pests\/rat-extermination\/\"><span style=\"font-weight: 400;\">rat exterminators in Verdun<\/span><\/a><span style=\"font-weight: 400;\"> act quickly and safely to eliminate these pests and prevent future problems.<\/span><\/p>\n[\/vc_column_text][\/vc_column][vc_column width=&#8221;1\/3&#8243;][mk_image src=&#8221;https:\/\/eliteextermination.com\/wp-content\/uploads\/2023\/11\/souris-rongeurs-comble-fil-electrique.jpg&#8221; lazyload=&#8221;true&#8221; align=&#8221;right&#8221;][mk_image src=&#8221;https:\/\/eliteextermination.com\/wp-content\/uploads\/2020\/05\/faire-fuir-chauves-souris.jpg&#8221; align=&#8221;center&#8221;][mk_image src=&#8221;https:\/\/eliteextermination.com\/wp-content\/uploads\/2017\/07\/top-rats-2.jpg&#8221; align=&#8221;center&#8221;][\/vc_column][\/vc_row][vc_row fullwidth=&#8221;true&#8221; fullwidth_content=&#8221;false&#8221; css=&#8221;.vc_custom_1726586739672{background-color: #DDDDDD !important;}&#8221;][vc_column][vc_empty_space height=&#8221;40px&#8221;][mk_button size=&#8221;x-large&#8221; url=&#8221;https:\/\/eliteextermination.com\/en\/contact-us\/&#8221; align=&#8221;center&#8221;]I want a free quote[\/mk_button][\/vc_column][\/vc_row][vc_row][vc_column][vc_empty_space height=&#8221;40px&#8221;][vc_column_text css=&#8221;.vc_custom_1726586807768{margin-bottom: 0px !important;}&#8221;]\n<h2 style=\"text-align: center;\"><span style=\"font-weight: 400;\">Why you should act quickly if you have a pest infestation in Verdun<\/span><\/h2>\n<p style=\"text-align: center;\"><span style=\"font-weight: 400;\">Verdun is a dynamic neighborhood where homes and businesses are often located close together. Prompt action is key to preventing a small infestation from getting out of hand and turning into a full-blown invasion.<\/span><\/p>\n<p style=\"text-align: center;\"><span style=\"font-weight: 400;\">Montreal&#8217;s Verdun district is also home to many historic and residential buildings. This architectural heritage deserves protection. Rodents, in particular, can cause irreparable damage to wood construction and electrical wiring, jeopardizing the integrity of properties and threatening the integrity of the neighborhood&#8217;s identity.<\/span><\/p>\n<p style=\"text-align: center;\"><span style=\"font-weight: 400;\">Verdun is located close to the St. Lawrence River and the many attractive green spaces in this area also appeal to a variety of pests. Rats and other rodents can easily find shelter and food in these natural environments, increasing the risk of infestation in nearby homes. Winters can be severe, and these creatures often seek refuge indoors where they can find warmth and nesting materials.<\/span><\/p>\n<p style=\"text-align: center;\"><span style=\"font-weight: 400;\">Ignoring an infestation, especially in an area like Verdun, can have serious health consequences. Rodents carry numerous diseases that can spread rapidly in living spaces, via their droppings and the parasites they carry. You need to act quickly to protect the health of your family and neighbors.<\/span><\/p>\n<p style=\"text-align: center;\"><span style=\"font-weight: 400;\">There are several advantages to acting fast when you have pests:<\/span><\/p>\n<ul style=\"text-align: center;\">\n<li style=\"font-weight: 400;\" aria-level=\"1\"><span style=\"font-weight: 400;\">Prevent structural damage<\/span><\/li>\n<li style=\"font-weight: 400;\" aria-level=\"1\"><span style=\"font-weight: 400;\">Reduce health risks<\/span><\/li>\n<li style=\"font-weight: 400;\" aria-level=\"1\"><span style=\"font-weight: 400;\">Maintain your quality of life.<\/span><\/li>\n<\/ul>\n<p style=\"text-align: center;\"><span style=\"font-weight: 400;\">Our Verdun exterminators know all about local pests, and can use the most effective, environmentally-friendly methods to eliminate them. And because we&#8217;re local, we can also intervene on short notice.<\/span><\/p>\n[\/vc_column_text][vc_empty_space height=&#8221;40px&#8221;][vc_gmaps link=&#8221;#E-8_JTNDaWZyYW1lJTIwc3JjJTNEJTIyaHR0cHMlM0ElMkYlMkZ3d3cuZ29vZ2xlLmNvbSUyRm1hcHMlMkZlbWJlZCUzRnBiJTNEJTIxMW0xOCUyMTFtMTIlMjExbTMlMjExZDIyMzg5Ljg5ODQ4NTU5NzkxOCUyMTJkLTczLjU4NjAyNjAzODg2ODc1JTIxM2Q0NS40NTQ5NDk0MDI3NzEyMiUyMTJtMyUyMTFmMCUyMTJmMCUyMTNmMCUyMTNtMiUyMTFpMTAyNCUyMTJpNzY4JTIxNGYxMy4xJTIxM20zJTIxMW0yJTIxMXMweDRjYzkxMDQzMWJmOTJhNzUlMjUzQTB4NWQwMWVjNzY0YmQ1OGNkNCUyMTJ6Vm1WeVpIVnVMQ0JOYjI1MGNzT3BZV3dzSUZGRCUyMTVlMCUyMTNtMiUyMTFzZnIlMjEyc2NhJTIxNHYxNzIzNTc2MDU5MjY0JTIxNW0yJTIxMXNmciUyMTJzY2ElMjIlMjB3aWR0aCUzRCUyMjYwMCUyMiUyMGhlaWdodCUzRCUyMjQ1MCUyMiUyMHN0eWxlJTNEJTIyYm9yZGVyJTNBMCUzQiUyMiUyMGFsbG93ZnVsbHNjcmVlbiUzRCUyMiUyMiUyMGxvYWRpbmclM0QlMjJsYXp5JTIyJTIwcmVmZXJyZXJwb2xpY3klM0QlMjJuby1yZWZlcnJlci13aGVuLWRvd25ncmFkZSUyMiUzRSUzQyUyRmlmcmFtZSUzRQ==&#8221; css=&#8221;&#8221;][\/vc_column][\/vc_row][vc_row][vc_column width=&#8221;1\/3&#8243;][vc_empty_space height=&#8221;40px&#8221;][vc_column_text css=&#8221;.vc_custom_1729017650178{margin-bottom: 0px !important;}&#8221;]\n<ul>\n<li style=\"text-align: center;\"><a href=\"https:\/\/eliteextermination.com\/en\/extermination-montreal\/\">Extermination in Montreal<\/a><\/li>\n<li style=\"text-align: center;\"><a href=\"https:\/\/eliteextermination.com\/en\/exterminator-anjou\/\">Extermination in Anjou<\/a><\/li>\n<li style=\"text-align: center;\"><a href=\"https:\/\/eliteextermination.com\/en\/exterminator-rosemont\/\">Extermination in Rosemont<\/a><\/li>\n<\/ul>\n[\/vc_column_text][vc_empty_space height=&#8221;40px&#8221;][\/vc_column][vc_column width=&#8221;1\/3&#8243;][vc_empty_space height=&#8221;40px&#8221;][vc_column_text css=&#8221;.vc_custom_1726598296957{margin-bottom: 0px !important;}&#8221;]\n<ul>\n<li style=\"text-align: center;\"><a href=\"https:\/\/eliteextermination.com\/en\/extermination-terrebonne\/\">Extermination in Terrebonne<\/a><\/li>\n<li style=\"text-align: center;\"><a href=\"https:\/\/eliteextermination.com\/en\/extermination-trois-rivieres\/\">Extermination in Trois-Rivi\u00e8res<\/a><\/li>\n<li style=\"text-align: center;\"><a href=\"https:\/\/eliteextermination.com\/en\/exterminator-brossard\/\">Extermination in Brossard<\/a><\/li>\n<li style=\"text-align: center;\"><a href=\"https:\/\/eliteextermination.com\/en\/extermination-laval\/\">Extermination in Laval<\/a><\/li>\n<\/ul>\n[\/vc_column_text][vc_empty_space height=&#8221;40px&#8221;][\/vc_column][vc_column width=&#8221;1\/3&#8243;][vc_empty_space height=&#8221;40px&#8221;][vc_column_text css=&#8221;.vc_custom_1736869659589{margin-bottom: 0px !important;}&#8221;]\n<ul>\n<li style=\"text-align: center;\"><a href=\"https:\/\/eliteextermination.com\/en\/extermination-repentigny\/\">Extermination in Repentigny<\/a><\/li>\n<li style=\"text-align: center;\"><a href=\"https:\/\/eliteextermination.com\/en\/extermination-st-jerome\/\">Extermination in Saint-J\u00e9r\u00f4me<\/a><\/li>\n<li style=\"text-align: center;\"><a href=\"https:\/\/eliteextermination.com\/en\/exterminator-montreal-north\/\">Extermination in Montr\u00e9al North<\/a><\/li>\n<li style=\"text-align: center;\"><a href=\"https:\/\/eliteextermination.com\/en\/exterminator-hochelaga-maisonneuve\/\">Extermination in Hochelaga-Maisonneuve<\/a><\/li>\n<\/ul>\n[\/vc_column_text][vc_empty_space height=&#8221;40px&#8221;][\/vc_column][\/vc_row][vc_row fullwidth=&#8221;true&#8221; css=&#8221;.vc_custom_1505926935168{background-color: #0055c5 !important;}&#8221; el_class=&#8221;row-call&#8221;][vc_column][vc_row_inner is_fullwidth_content=&#8221;false&#8221;][vc_column_inner][vc_empty_space][vc_column_text align=&#8221;center&#8221; el_class=&#8221;SubTitle_Paragraph_Text White_Text&#8221; css=&#8221;.vc_custom_1726586224700{margin-bottom: 0px !important;}&#8221;]\n<h2><span style=\"font-weight: 400;\">Contact our Verdun exterminators now<\/span><\/h2>\n<p><span style=\"font-weight: 400;\">Don&#8217;t wait! If you have a pest infestation, contact <\/span><b>Elite Pest Control<\/b><span style=\"font-weight: 400;\"> at the first sign of trouble for an <\/span><a href=\"https:\/\/eliteextermination.com\/en\/emergency-24-7\/\"><span style=\"font-weight: 400;\">emergency extermination<\/span><\/a><span style=\"font-weight: 400;\">.<\/span><\/p>\n<p style=\"text-align: center;\"><a href=\"https:\/\/eliteextermination.com\/en\/contact-us\/\"><span style=\"font-weight: 400;\">PEST CONTROL FREE QUOTE<\/span><\/a>\u00a0 \u00a0 \u00a0<a href=\"tel:+15147918385\"><span style=\"font-weight: 400;\">514 791 8385<\/span><\/a><\/p>\n[\/vc_column_text][vc_empty_space height=&#8221;20px&#8221;][\/vc_column_inner][\/vc_row_inner][\/vc_column][\/vc_row][vc_row][vc_column][\/vc_column][\/vc_row]\n<\/div>","protected":false},"excerpt":{"rendered":"<p>[vc_row fullwidth=&#8221;true&#8221; el_class=&#8221;BackGroundImageScale&#8221; css=&#8221;.vc_custom_1500048800305{background-image: url(https:\/\/eliteextermination.com\/wp-content\/uploads\/2017\/06\/head-propos.jpg?id=2146) !important;}&#8221;][vc_column][vc_column_text align=&#8221;center&#8221; el_class=&#8221;Service_Title&#8221; css=&#8221;.vc_custom_1726584134650{margin-bottom: 0px !important;}&#8221;]EXPERT PEST EXTERMINATION IN VERDUN 514 791-8385[\/vc_column_text][\/vc_column][\/vc_row][vc_row fullwidth=&#8221;true&#8221; equal_columns=&#8221;true&#8221; attached=&#8221;true&#8221; column_padding=&#8221;4&#8243;][vc_column width=&#8221;2\/3&#8243;][vc_empty_space height=&#8221;40px&#8221;][vc_column_text css=&#8221;.vc_custom_1726586913146{margin-bottom: 0px !important;}&#8221;] Verdun Exterminators Your Verdun location should be a pest-free space where you can live and work in peace and safety. Elite Pest Control is here to help you protect [&hellip;]<\/p>\n","protected":false},"author":1,"featured_media":0,"parent":0,"menu_order":0,"comment_status":"closed","ping_status":"closed","template":"","meta":{"_acf_changed":false,"yasr_overall_rating":4.7,"yasr_post_is_review":"","yasr_auto_insert_disabled":"","yasr_review_type":"","footnotes":""},"class_list":["post-5701","page","type-page","status-publish","hentry"],"acf":[],"yoast_head":"<!-- This site is optimized with the Yoast SEO plugin v26.9 - https:\/\/yoast.com\/product\/yoast-seo-wordpress\/ -->\n<title>Verdun Pest Control &amp; Exterminators \u2013 FAST service 514-791-8385<\/title>\n<meta name=\"description\" content=\"Our exterminators have over 15 years&#039; experience providing pest control services in Greater Montreal. Emergency extermination services for all pests.\" \/>\n<meta name=\"robots\" content=\"index, follow, max-snippet:-1, max-image-preview:large, max-video-preview:-1\" \/>\n<link rel=\"canonical\" href=\"https:\/\/eliteextermination.com\/en\/exterminator-verdun-2-2\/\" \/>\n<meta property=\"og:locale\" content=\"en_US\" \/>\n<meta property=\"og:type\" content=\"article\" \/>\n<meta property=\"og:title\" content=\"Verdun Pest Control &amp; Exterminators \u2013 FAST service 514-791-8385\" \/>\n<meta property=\"og:description\" content=\"Our exterminators have over 15 years&#039; experience providing pest control services in Greater Montreal. Emergency extermination services for all pests.\" \/>\n<meta property=\"og:url\" content=\"https:\/\/eliteextermination.com\/en\/exterminator-verdun-2-2\/\" \/>\n<meta property=\"og:site_name\" content=\"\u00c9lite Extermination\" \/>\n<meta property=\"article:modified_time\" content=\"2025-01-14T15:47:41+00:00\" \/>\n<meta name=\"twitter:card\" content=\"summary_large_image\" \/>\n<meta name=\"twitter:label1\" content=\"Est. reading time\" \/>\n\t<meta name=\"twitter:data1\" content=\"5 minutes\" \/>\n<!-- \/ Yoast SEO plugin. -->","yoast_head_json":{"title":"Verdun Pest Control & Exterminators \u2013 FAST service 514-791-8385","description":"Our exterminators have over 15 years' experience providing pest control services in Greater Montreal. Emergency extermination services for all pests.","robots":{"index":"index","follow":"follow","max-snippet":"max-snippet:-1","max-image-preview":"max-image-preview:large","max-video-preview":"max-video-preview:-1"},"canonical":"https:\/\/eliteextermination.com\/en\/exterminator-verdun-2-2\/","og_locale":"en_US","og_type":"article","og_title":"Verdun Pest Control & Exterminators \u2013 FAST service 514-791-8385","og_description":"Our exterminators have over 15 years' experience providing pest control services in Greater Montreal. Emergency extermination services for all pests.","og_url":"https:\/\/eliteextermination.com\/en\/exterminator-verdun-2-2\/","og_site_name":"\u00c9lite Extermination","article_modified_time":"2025-01-14T15:47:41+00:00","twitter_card":"summary_large_image","twitter_misc":{"Est. reading time":"5 minutes"},"schema":{"@context":"https:\/\/schema.org","@graph":[{"@type":"WebPage","@id":"https:\/\/eliteextermination.com\/en\/exterminator-verdun-2-2\/","url":"https:\/\/eliteextermination.com\/en\/exterminator-verdun-2-2\/","name":"Verdun Pest Control & Exterminators \u2013 FAST service 514-791-8385","isPartOf":{"@id":"https:\/\/eliteextermination.com\/en\/#website"},"datePublished":"2024-09-17T15:29:46+00:00","dateModified":"2025-01-14T15:47:41+00:00","description":"Our exterminators have over 15 years' experience providing pest control services in Greater Montreal. Emergency extermination services for all pests.","breadcrumb":{"@id":"https:\/\/eliteextermination.com\/en\/exterminator-verdun-2-2\/#breadcrumb"},"inLanguage":"en-CA","potentialAction":[{"@type":"ReadAction","target":["https:\/\/eliteextermination.com\/en\/exterminator-verdun-2-2\/"]}]},{"@type":"BreadcrumbList","@id":"https:\/\/eliteextermination.com\/en\/exterminator-verdun-2-2\/#breadcrumb","itemListElement":[{"@type":"ListItem","position":1,"name":"Home","item":"https:\/\/eliteextermination.com\/en\/"},{"@type":"ListItem","position":2,"name":"Verdun Exterminators"}]},{"@type":"WebSite","@id":"https:\/\/eliteextermination.com\/en\/#website","url":"https:\/\/eliteextermination.com\/en\/","name":"\u00c9lite Extermination","description":"Pest Control Experts in Montreal, Laval, St-J\u00e9r\u00f4me, Repentigny, Trois-Rivi\u00e8res, Gatineau, South Shore","potentialAction":[{"@type":"SearchAction","target":{"@type":"EntryPoint","urlTemplate":"https:\/\/eliteextermination.com\/en\/?s={search_term_string}"},"query-input":{"@type":"PropertyValueSpecification","valueRequired":true,"valueName":"search_term_string"}}],"inLanguage":"en-CA"},false]}},"yasr_visitor_votes":{"stars_attributes":{"read_only":false,"span_bottom":false},"number_of_votes":0,"sum_votes":0},"_links":{"self":[{"href":"https:\/\/eliteextermination.com\/en\/wp-json\/wp\/v2\/pages\/5701","targetHints":{"allow":["GET"]}}],"collection":[{"href":"https:\/\/eliteextermination.com\/en\/wp-json\/wp\/v2\/pages"}],"about":[{"href":"https:\/\/eliteextermination.com\/en\/wp-json\/wp\/v2\/types\/page"}],"author":[{"embeddable":true,"href":"https:\/\/eliteextermination.com\/en\/wp-json\/wp\/v2\/users\/1"}],"replies":[{"embeddable":true,"href":"https:\/\/eliteextermination.com\/en\/wp-json\/wp\/v2\/comments?post=5701"}],"version-history":[{"count":10,"href":"https:\/\/eliteextermination.com\/en\/wp-json\/wp\/v2\/pages\/5701\/revisions"}],"predecessor-version":[{"id":6248,"href":"https:\/\/eliteextermination.com\/en\/wp-json\/wp\/v2\/pages\/5701\/revisions\/6248"}],"wp:attachment":[{"href":"https:\/\/eliteextermination.com\/en\/wp-json\/wp\/v2\/media?parent=5701"}],"curies":[{"name":"wp","href":"https:\/\/api.w.org\/{rel}","templated":true}]}}