{"id":5942,"date":"2025-02-05T14:38:22","date_gmt":"2025-02-05T19:38:22","guid":{"rendered":"https:\/\/eliteextermination.com\/?page_id=5942"},"modified":"2025-03-10T13:39:14","modified_gmt":"2025-03-10T17:39:14","slug":"exterminator-mascouche","status":"publish","type":"page","link":"https:\/\/eliteextermination.com\/en\/exterminator-mascouche\/","title":{"rendered":"Mascouche Exterminators"},"content":{"rendered":"<div class=\"wpb-content-wrapper\">[vc_row fullwidth=&#8221;true&#8221; el_class=&#8221;BackGroundImageScale&#8221; css=&#8221;.vc_custom_1500048800305{background-image: url(https:\/\/eliteextermination.com\/wp-content\/uploads\/2017\/06\/head-propos.jpg?id=2146) !important;}&#8221;][vc_column][vc_column_text align=&#8221;center&#8221; el_class=&#8221;Service_Title&#8221; css=&#8221;.vc_custom_1738783819535{margin-bottom: 0px !important;}&#8221;]<span class=\"Contact_Bigger_Paragraph White_Text\">EXPERT PEST EXTERMINATION<\/span><br \/>\n<span class=\"Service_HugeText\">IN MASCOUCHE<\/span><br \/>\n<a href=\"tel:5147918385\"><button class=\"Button_Style_Blue Button_Centered\" type=\"button\">514 791-8385<\/button><\/a>[\/vc_column_text][\/vc_column][\/vc_row][vc_row fullwidth=&#8221;true&#8221; equal_columns=&#8221;true&#8221; attached=&#8221;true&#8221; column_padding=&#8221;4&#8243;][vc_column width=&#8221;2\/3&#8243;][vc_empty_space height=&#8221;40px&#8221;][vc_column_text css=&#8221;.vc_custom_1738783848623{margin-bottom: 0px !important;}&#8221;]\n<h1 style=\"text-align: center;\">Mascouche Exterminator<\/h1>\n<p style=\"text-align: center;\"><span style=\"font-weight: 400;\">Your Mascouche home or business should be a pest-free space. <\/span><b>Elite Pest Control<\/b><span style=\"font-weight: 400;\"> can intervene quickly to eliminate all types of infestation anywhere in the Saint-Eustache area. Our goal is to return your peace of mind and comfort via minimally invasive methods. For a fast intervention, contact us today at +1 514 791 8385.<\/span><\/p>\n[\/vc_column_text][mk_button size=&#8221;large&#8221; url=&#8221;tel:+15147918385&#8243; align=&#8221;center&#8221;]514 791 8385[\/mk_button][vc_empty_space height=&#8221;40px&#8221;][vc_column_text css=&#8221;.vc_custom_1738783877950{margin-bottom: 0px !important;}&#8221;]\n<h2 style=\"text-align: left;\">Choose Elite Pest Control for extermination services in Mascouche<\/h2>\n<ul>\n<li style=\"font-weight: 400;\" aria-level=\"1\"><span style=\"font-weight: 400;\">We have decades of experience in pest management.<\/span><\/li>\n<li style=\"font-weight: 400;\" aria-level=\"1\"><span style=\"font-weight: 400;\">We offer discreet interventions that respect your need for minimal disruptions, and to spare you potential neighborhood concerns.<\/span><\/li>\n<li style=\"font-weight: 400;\" aria-level=\"1\"><span style=\"font-weight: 400;\">We take charge of all elements of a complete <\/span><a href=\"https:\/\/eliteextermination.com\/en\/pest-extermination\/\"><span style=\"font-weight: 400;\">pest extermination strategy<\/span><\/a><span style=\"font-weight: 400;\">, including caulking, decontamination, and prevention advice.<\/span><\/li>\n<\/ul>\n[\/vc_column_text][\/vc_column][vc_column width=&#8221;1\/3&#8243; el_class=&#8221;bg-dark-blue col-center-top&#8221;]\n<div class=\"wpcf7 no-js\" id=\"wpcf7-f2495-o1\" lang=\"fr-FR\" dir=\"ltr\" data-wpcf7-id=\"2495\">\n<div class=\"screen-reader-response\"><p role=\"status\" aria-live=\"polite\" aria-atomic=\"true\"><\/p> <ul><\/ul><\/div>\n<form action=\"\/en\/wp-json\/wp\/v2\/pages\/5942#wpcf7-f2495-o1\" method=\"post\" class=\"wpcf7-form init\" aria-label=\"Formulaire de contact\" novalidate=\"novalidate\" data-status=\"init\">\n<fieldset class=\"hidden-fields-container\"><input type=\"hidden\" name=\"_wpcf7\" value=\"2495\" \/><input type=\"hidden\" name=\"_wpcf7_version\" value=\"6.1.4\" \/><input type=\"hidden\" name=\"_wpcf7_locale\" value=\"fr_FR\" \/><input type=\"hidden\" name=\"_wpcf7_unit_tag\" value=\"wpcf7-f2495-o1\" \/><input type=\"hidden\" name=\"_wpcf7_container_post\" value=\"0\" \/><input type=\"hidden\" name=\"_wpcf7_posted_data_hash\" value=\"\" \/><input type=\"hidden\" name=\"_wpcf7_recaptcha_response\" value=\"\" \/>\n<\/fieldset>\n<div class=\"service-form\">\n\t<p><span class=\"wpcf7-form-control-wrap\" data-name=\"typedemande\"><select class=\"wpcf7-form-control wpcf7-select wpcf7-validates-as-required\" aria-required=\"true\" aria-invalid=\"false\" name=\"typedemande\"><option value=\"\">Type of request*<\/option><option value=\"Questions or comments\">Questions or comments<\/option><option value=\"Free estimate\">Free estimate<\/option><option value=\"Emergency\">Emergency<\/option><\/select><\/span><span class=\"wpcf7-form-control-wrap\" data-name=\"last-name\"><input size=\"40\" maxlength=\"400\" class=\"wpcf7-form-control wpcf7-text wpcf7-validates-as-required\" aria-required=\"true\" aria-invalid=\"false\" placeholder=\"Last name*\" value=\"\" type=\"text\" name=\"last-name\" \/><\/span><br \/>\n<span class=\"wpcf7-form-control-wrap\" data-name=\"email\"><input size=\"40\" maxlength=\"400\" class=\"wpcf7-form-control wpcf7-email wpcf7-validates-as-required wpcf7-text wpcf7-validates-as-email\" aria-required=\"true\" aria-invalid=\"false\" placeholder=\"E-mail*\" value=\"\" type=\"email\" name=\"email\" \/><\/span><br \/>\n<span class=\"wpcf7-form-control-wrap\" data-name=\"telephone\"><input size=\"40\" maxlength=\"400\" class=\"wpcf7-form-control wpcf7-tel wpcf7-validates-as-required wpcf7-text wpcf7-validates-as-tel\" aria-required=\"true\" aria-invalid=\"false\" placeholder=\"Phone number*\" value=\"\" type=\"tel\" name=\"telephone\" \/><\/span><br \/>\n<span class=\"wpcf7-form-control-wrap\" data-name=\"message\"><textarea cols=\"40\" rows=\"10\" maxlength=\"2000\" class=\"wpcf7-form-control wpcf7-textarea wpcf7-validates-as-required\" aria-required=\"true\" aria-invalid=\"false\" placeholder=\"Message*\" name=\"message\"><\/textarea><\/span><br \/>\n\t<div class=\"wpcf7-response-output\" aria-hidden=\"true\"><\/div><br \/>\n<span id=\"wpcf7-69f38c204ef8c-wrapper\" class=\"wpcf7-form-control-wrap field-wrap\" style=\"display:none !important; visibility:hidden !important;\"><label for=\"wpcf7-69f38c204ef8c-field\" class=\"hp-message\">Veuillez laisser ce champ vide.<\/label><input id=\"wpcf7-69f38c204ef8c-field\"  class=\"wpcf7-form-control wpcf7-text\" type=\"text\" name=\"field\" value=\"\" size=\"40\" tabindex=\"-1\" autocomplete=\"new-password\" \/><\/span><br \/>\n\t<br \/>\n<input class=\"wpcf7-form-control wpcf7-submit has-spinner Button_Style_Blue\" type=\"submit\" value=\"SEND\" \/>\n\t<\/p>\n<\/div>\n<p><script>\ndocument.addEventListener( 'wpcf7mailsent', function( event ) {\n location = 'https:\/\/eliteextermination.com\/en\/thank-you\/';\n}, false );\n<\/script>\n<\/p><input type='hidden' class='wpcf7-pum' value='{\"closepopup\":false,\"closedelay\":0,\"openpopup\":false,\"openpopup_id\":0}' \/>\n<\/form>\n<\/div>\n[\/vc_column][\/vc_row][vc_row fullwidth=&#8221;true&#8221; fullwidth_content=&#8221;false&#8221; css=&#8221;.vc_custom_1726586587651{background-color: #dddddd !important;}&#8221;][vc_column][vc_empty_space height=&#8221;40px&#8221;][vc_column_text css=&#8221;.vc_custom_1738783894038{margin-bottom: 0px !important;}&#8221;]\n<h2 style=\"text-align: center;\">Efficient emergency extermination in Mascouche<\/h2>\n[\/vc_column_text][vc_column_text css=&#8221;.vc_custom_1738854100242{margin-bottom: 0px !important;}&#8221;]\n<p style=\"text-align: center;\">When pests invade your home or business, every minute counts. Our Mascouche-based exterminators are trained to respond urgently and stop infestations before they cause more damage. We\u2019ll quickly analyze the situation and implement lasting solutions that keep everyone safe. Whether you need a <a href=\"https:\/\/eliteextermination.com\/en\/insects-pests\/mouse-extermination\/\">mouse exterminator<\/a> or a <a href=\"https:\/\/eliteextermination.com\/en\/insects-pests\/bat-extermination\/\">bat exterminator<\/a>, our professional teams are ready to act quickly with an effective solution.<\/p>\n[\/vc_column_text][\/vc_column][\/vc_row][vc_row fullwidth=&#8221;true&#8221; fullwidth_content=&#8221;false&#8221; css=&#8221;.vc_custom_1726585455068{background-color: #DDDDDD !important;}&#8221;][vc_column width=&#8221;2\/3&#8243;][vc_column_text css=&#8221;.vc_custom_1738783918322{margin-bottom: 0px !important;}&#8221;]\n<h3 style=\"text-align: center;\">Mouse extermination<\/h3>\n[\/vc_column_text][vc_column_text css=&#8221;.vc_custom_1738783927562{margin-bottom: 0px !important;}&#8221;]\n<p style=\"text-align: center;\">Mice are often underestimated when it comes to property damage and the spread of disease and pathogens in your environment. They often take refuge in attics, basements or walls. Our Mascouche exterminators will use non-invasive, effective methods to quickly eliminate mice from your property, then install barriers to prevent further infestations.<\/p>\n[\/vc_column_text][vc_column_text css=&#8221;.vc_custom_1738783936666{margin-bottom: 0px !important;}&#8221;]\n<h3 style=\"text-align: center;\">Bat extermination<\/h3>\n[\/vc_column_text][vc_column_text css=&#8221;.vc_custom_1738783947183{margin-bottom: 0px !important;}&#8221;]\n<p style=\"text-align: center;\">Although bats are protected by law in some regions, they can be a nuisance when they invade your attic or other closed areas of your home. For example, bat droppings pose a health hazard. We\u2019ll work safely to relocate bats anywhere in Mascouche and avoid any danger to your well-being, while complying with current legislation and securing your property against further intrusions.<\/p>\n[\/vc_column_text][vc_column_text css=&#8221;.vc_custom_1738783959560{margin-bottom: 0px !important;}&#8221;]\n<h3 style=\"text-align: center;\">Extermination of rats and other rodents<\/h3>\n[\/vc_column_text][vc_column_text css=&#8221;.vc_custom_1738783973955{margin-bottom: 0px !important;}&#8221;]<span style=\"font-weight: 400;\">Rats and other rodents can cause damage not only to your health, but also to your electrical installations, walls and foundations, which can be costly to repair. Our Mascouche exterminators offer radical solutions to eliminate these rodents and keep your living or working space secure.<\/span>[\/vc_column_text][\/vc_column][vc_column width=&#8221;1\/3&#8243;][mk_image src=&#8221;https:\/\/eliteextermination.com\/wp-content\/uploads\/2023\/11\/souris-rongeurs-comble-fil-electrique.jpg&#8221; lazyload=&#8221;true&#8221; align=&#8221;right&#8221;][mk_image src=&#8221;https:\/\/eliteextermination.com\/wp-content\/uploads\/2020\/05\/faire-fuir-chauves-souris.jpg&#8221; align=&#8221;center&#8221;][mk_image src=&#8221;https:\/\/eliteextermination.com\/wp-content\/uploads\/2017\/07\/top-rats-2.jpg&#8221; align=&#8221;center&#8221;][\/vc_column][\/vc_row][vc_row fullwidth=&#8221;true&#8221; fullwidth_content=&#8221;false&#8221; css=&#8221;.vc_custom_1726586739672{background-color: #DDDDDD !important;}&#8221;][vc_column][vc_empty_space height=&#8221;40px&#8221;][mk_button size=&#8221;x-large&#8221; url=&#8221;https:\/\/eliteextermination.com\/en\/contact-us\/&#8221; align=&#8221;center&#8221;]I want a free quote[\/mk_button][\/vc_column][\/vc_row][vc_row][vc_column][vc_empty_space height=&#8221;40px&#8221;][vc_column_text css=&#8221;.vc_custom_1738785054018{margin-bottom: 0px !important;}&#8221;]\n<h2 style=\"text-align: center;\"><span style=\"font-weight: 400;\">Why you should act quickly if you have a pest infestation in Mascouche<\/span><\/h2>\n<p style=\"text-align: center;\"><span style=\"font-weight: 400;\">It\u2019s important to act quickly once you know that you have a pest problem. The more time pests have to settle in, the more damage they cause and the more quickly they multiply. Don&#8217;t delay! Eliminate pests immediately to avoid serious trouble.<\/span><\/p>\n<h3 style=\"text-align: center;\"><span style=\"font-weight: 400;\">Rodent-related health hazards<\/span><\/h3>\n<p style=\"text-align: center;\"><span style=\"font-weight: 400;\">Rodents are carriers of numerous diseases that are transmissible to humans, including leptospirosis, plague, salmonellosis and other serious infections. The droppings, urine and even bites of these pests can have serious repercussions on human health, especially in children and the elderly.<\/span><\/p>\n<h3 style=\"text-align: center;\"><span style=\"font-weight: 400;\">Property damage caused by rodents<\/span><\/h3>\n<p style=\"text-align: center;\"><span style=\"font-weight: 400;\">In addition to health risks, pests can cause considerable damage to your home or business. Rats and mice often chew through electrical wiring, which can lead to power failures or fires. They can also attack your foundations, walls and heating system, making repairs not only necessary, but costly and sometimes time-consuming.<\/span><\/p>\n<h3 style=\"text-align: center;\"><span style=\"font-weight: 400;\">Speed is key<\/span><\/h3>\n<p style=\"text-align: center;\"><span style=\"font-weight: 400;\">The longer you wait, the worse the infestation will become. Quick action limits the spread of pests, the damage they can cause, and the related health risks. Don&#8217;t let the problem escalate.<\/span><\/p>\n<h3 style=\"text-align: center;\"><span style=\"font-weight: 400;\">Local exterminators<\/span><\/h3>\n<p style=\"text-align: center;\"><span style=\"font-weight: 400;\">Our Mascouche exterminators are local experts who fully understand the challenges specific to the region. Their thorough understanding of local pests and their habits helps them provide customized solutions to each infestation. By choosing a local team, you&#8217;ll receive prompt, personalized service.<\/span><\/p>\n[\/vc_column_text][vc_empty_space height=&#8221;40px&#8221;][vc_gmaps link=&#8221;#E-8_JTNDaWZyYW1lJTIwc3JjJTNEJTIyaHR0cHMlM0ElMkYlMkZ3d3cuZ29vZ2xlLmNvbSUyRm1hcHMlMkZlbWJlZCUzRnBiJTNEJTIxMW0xOCUyMTFtMTIlMjExbTMlMjExZDQ0NTMwLjEyMDE3OTgzOTY1JTIxMmQtNzMuNjU0MjgyMTk3MTg1OTIlMjEzZDQ1Ljc2ODUzNDU0NjQ1NTc0JTIxMm0zJTIxMWYwJTIxMmYwJTIxM2YwJTIxM20yJTIxMWkxMDI0JTIxMmk3NjglMjE0ZjEzLjElMjEzbTMlMjExbTIlMjExczB4NGNjOGRkYTEzY2ExY2NlMyUyNTNBMHgxOGZlNjY1M2NiMWIwN2E5JTIxMnNNYXNjb3VjaGUlMjUyQyUyNTIwUUMlMjE1ZTAlMjEzbTIlMjExc2ZyJTIxMnNjYSUyMTR2MTczODc4NDA3MjE1MiUyMTVtMiUyMTFzZnIlMjEyc2NhJTIyJTIwd2lkdGglM0QlMjI2MDAlMjIlMjBoZWlnaHQlM0QlMjI0NTAlMjIlMjBzdHlsZSUzRCUyMmJvcmRlciUzQTAlM0IlMjIlMjBhbGxvd2Z1bGxzY3JlZW4lM0QlMjIlMjIlMjBsb2FkaW5nJTNEJTIybGF6eSUyMiUyMHJlZmVycmVycG9saWN5JTNEJTIybm8tcmVmZXJyZXItd2hlbi1kb3duZ3JhZGUlMjIlM0UlM0MlMkZpZnJhbWUlM0U=&#8221; css=&#8221;&#8221;][\/vc_column][\/vc_row][vc_row][vc_column width=&#8221;1\/3&#8243;][vc_empty_space height=&#8221;40px&#8221;][vc_column_text css=&#8221;.vc_custom_1741626137925{margin-bottom: 0px !important;}&#8221;]\n<ul>\n<li style=\"text-align: center;\"><a href=\"https:\/\/eliteextermination.com\/en\/extermination-montreal\/\">Extermination in Montreal<\/a><\/li>\n<li style=\"text-align: center;\"><a href=\"https:\/\/eliteextermination.com\/en\/exterminator-anjou\/\">Extermination in Anjou<\/a><\/li>\n<li style=\"text-align: center;\"><a href=\"https:\/\/eliteextermination.com\/en\/exterminator-rosemont\/\">Extermination in Rosemont<\/a><\/li>\n<li style=\"text-align: center;\"><a href=\"https:\/\/eliteextermination.com\/en\/exterminator-verdun-2-2\/\">Extermination in Verdun<\/a><\/li>\n<li style=\"text-align: center;\"><a href=\"https:\/\/eliteextermination.com\/en\/exterminator-blainville\/\">Extermination in Blainville<\/a><\/li>\n<\/ul>\n[\/vc_column_text][vc_empty_space height=&#8221;40px&#8221;][\/vc_column][vc_column width=&#8221;1\/3&#8243;][vc_empty_space height=&#8221;40px&#8221;][vc_column_text css=&#8221;.vc_custom_1738852834699{margin-bottom: 0px !important;}&#8221;]\n<ul>\n<li style=\"text-align: center;\"><a href=\"https:\/\/eliteextermination.com\/en\/extermination-terrebonne\/\">Extermination in Terrebonne<\/a><\/li>\n<li style=\"text-align: center;\"><a href=\"https:\/\/eliteextermination.com\/en\/extermination-trois-rivieres\/\">Extermination in Trois-Rivi\u00e8res<\/a><\/li>\n<li style=\"text-align: center;\"><a href=\"https:\/\/eliteextermination.com\/en\/exterminator-brossard\/\">Extermination in Brossard<\/a><\/li>\n<li style=\"text-align: center;\"><a href=\"https:\/\/eliteextermination.com\/en\/extermination-laval\/\">Extermination in Laval<\/a><\/li>\n<li style=\"text-align: center;\"><a href=\"https:\/\/eliteextermination.com\/en\/exterminator-joliette\/\">Extermination in Joliette<\/a><\/li>\n<\/ul>\n[\/vc_column_text][vc_empty_space height=&#8221;40px&#8221;][\/vc_column][vc_column width=&#8221;1\/3&#8243;][vc_empty_space height=&#8221;40px&#8221;][vc_column_text css=&#8221;.vc_custom_1741628351651{margin-bottom: 0px !important;}&#8221;]\n<ul>\n<li style=\"text-align: center;\"><a href=\"https:\/\/eliteextermination.com\/en\/extermination-repentigny\/\">Extermination in Repentigny<\/a><\/li>\n<li style=\"text-align: center;\"><a href=\"https:\/\/eliteextermination.com\/en\/extermination-st-jerome\/\">Extermination in Saint-J\u00e9r\u00f4me<\/a><\/li>\n<li style=\"text-align: center;\"><a href=\"https:\/\/eliteextermination.com\/en\/exterminator-montreal-north\/\">Extermination in Montr\u00e9al North<\/a><\/li>\n<li style=\"text-align: center;\"><a href=\"https:\/\/eliteextermination.com\/en\/exterminator-hochelaga-maisonneuve\/\">Extermination in Hochelaga-Maisonneuve<\/a><\/li>\n<li style=\"text-align: center;\"><a href=\"https:\/\/eliteextermination.com\/en\/exterminator-saint-eustache\/\">Extermination Saint-Eustache<\/a><\/li>\n<\/ul>\n[\/vc_column_text][vc_empty_space height=&#8221;40px&#8221;][\/vc_column][\/vc_row][vc_row fullwidth=&#8221;true&#8221; css=&#8221;.vc_custom_1505926935168{background-color: #0055c5 !important;}&#8221; el_class=&#8221;row-call&#8221;][vc_column][vc_row_inner is_fullwidth_content=&#8221;false&#8221;][vc_column_inner][vc_empty_space][vc_column_text align=&#8221;center&#8221; el_class=&#8221;SubTitle_Paragraph_Text White_Text&#8221; css=&#8221;.vc_custom_1738854122352{margin-bottom: 0px !important;}&#8221;]\n<h2>Contact our Mascouche exterminators now<\/h2>\n<p>Don&#8217;t wait! If you have a pest infestation, contact Elite Pest Control at the first sign of trouble for an <a href=\"https:\/\/eliteextermination.com\/en\/emergency-24-7\/\">emergency extermination<\/a>.<\/p>\n<p style=\"text-align: center;\"><a href=\"https:\/\/eliteextermination.com\/en\/contact-us\/\"><span style=\"font-weight: 400;\">PEST CONTROL FREE QUOTE<\/span><\/a>\u00a0 \u00a0 \u00a0<a href=\"tel:+15147918385\"><span style=\"font-weight: 400;\">514 791 8385<\/span><\/a><\/p>\n[\/vc_column_text][vc_empty_space height=&#8221;20px&#8221;][\/vc_column_inner][\/vc_row_inner][\/vc_column][\/vc_row][vc_row][vc_column][\/vc_column][\/vc_row]\n<\/div>","protected":false},"excerpt":{"rendered":"<p>[vc_row fullwidth=&#8221;true&#8221; el_class=&#8221;BackGroundImageScale&#8221; css=&#8221;.vc_custom_1500048800305{background-image: url(https:\/\/eliteextermination.com\/wp-content\/uploads\/2017\/06\/head-propos.jpg?id=2146) !important;}&#8221;][vc_column][vc_column_text align=&#8221;center&#8221; el_class=&#8221;Service_Title&#8221; css=&#8221;.vc_custom_1738783819535{margin-bottom: 0px !important;}&#8221;]EXPERT PEST EXTERMINATION IN MASCOUCHE 514 791-8385[\/vc_column_text][\/vc_column][\/vc_row][vc_row fullwidth=&#8221;true&#8221; equal_columns=&#8221;true&#8221; attached=&#8221;true&#8221; column_padding=&#8221;4&#8243;][vc_column width=&#8221;2\/3&#8243;][vc_empty_space height=&#8221;40px&#8221;][vc_column_text css=&#8221;.vc_custom_1738783848623{margin-bottom: 0px !important;}&#8221;] Mascouche Exterminator Your Mascouche home or business should be a pest-free space. Elite Pest Control can intervene quickly to eliminate all types of infestation anywhere in the Saint-Eustache area. [&hellip;]<\/p>\n","protected":false},"author":1,"featured_media":0,"parent":0,"menu_order":0,"comment_status":"closed","ping_status":"closed","template":"","meta":{"_acf_changed":false,"yasr_overall_rating":4.7,"yasr_post_is_review":"","yasr_auto_insert_disabled":"","yasr_review_type":"","footnotes":""},"class_list":["post-5942","page","type-page","status-publish","hentry"],"acf":[],"yoast_head":"<!-- This site is optimized with the Yoast SEO plugin v26.9 - https:\/\/yoast.com\/product\/yoast-seo-wordpress\/ -->\n<title>Mascouche Exterminator \u2013 FAST service 514-791-8385<\/title>\n<meta name=\"description\" content=\"Our exterminators have over 15 years&#039; experience providing pest control services in the Mascouche area. Emergency extermination services for all pests.\" \/>\n<meta name=\"robots\" content=\"index, follow, max-snippet:-1, max-image-preview:large, max-video-preview:-1\" \/>\n<link rel=\"canonical\" href=\"https:\/\/eliteextermination.com\/en\/exterminator-mascouche\/\" \/>\n<meta property=\"og:locale\" content=\"en_US\" \/>\n<meta property=\"og:type\" content=\"article\" \/>\n<meta property=\"og:title\" content=\"Mascouche Exterminator \u2013 FAST service 514-791-8385\" \/>\n<meta property=\"og:description\" content=\"Our exterminators have over 15 years&#039; experience providing pest control services in the Mascouche area. Emergency extermination services for all pests.\" \/>\n<meta property=\"og:url\" content=\"https:\/\/eliteextermination.com\/en\/exterminator-mascouche\/\" \/>\n<meta property=\"og:site_name\" content=\"\u00c9lite Extermination\" \/>\n<meta property=\"article:modified_time\" content=\"2025-03-10T17:39:14+00:00\" \/>\n<meta name=\"twitter:card\" content=\"summary_large_image\" \/>\n<meta name=\"twitter:label1\" content=\"Est. reading time\" \/>\n\t<meta name=\"twitter:data1\" content=\"5 minutes\" \/>\n<!-- \/ Yoast SEO plugin. -->","yoast_head_json":{"title":"Mascouche Exterminator \u2013 FAST service 514-791-8385","description":"Our exterminators have over 15 years' experience providing pest control services in the Mascouche area. Emergency extermination services for all pests.","robots":{"index":"index","follow":"follow","max-snippet":"max-snippet:-1","max-image-preview":"max-image-preview:large","max-video-preview":"max-video-preview:-1"},"canonical":"https:\/\/eliteextermination.com\/en\/exterminator-mascouche\/","og_locale":"en_US","og_type":"article","og_title":"Mascouche Exterminator \u2013 FAST service 514-791-8385","og_description":"Our exterminators have over 15 years' experience providing pest control services in the Mascouche area. Emergency extermination services for all pests.","og_url":"https:\/\/eliteextermination.com\/en\/exterminator-mascouche\/","og_site_name":"\u00c9lite Extermination","article_modified_time":"2025-03-10T17:39:14+00:00","twitter_card":"summary_large_image","twitter_misc":{"Est. reading time":"5 minutes"},"schema":{"@context":"https:\/\/schema.org","@graph":[{"@type":"WebPage","@id":"https:\/\/eliteextermination.com\/en\/exterminator-mascouche\/","url":"https:\/\/eliteextermination.com\/en\/exterminator-mascouche\/","name":"Mascouche Exterminator \u2013 FAST service 514-791-8385","isPartOf":{"@id":"https:\/\/eliteextermination.com\/en\/#website"},"datePublished":"2025-02-05T19:38:22+00:00","dateModified":"2025-03-10T17:39:14+00:00","description":"Our exterminators have over 15 years' experience providing pest control services in the Mascouche area. Emergency extermination services for all pests.","breadcrumb":{"@id":"https:\/\/eliteextermination.com\/en\/exterminator-mascouche\/#breadcrumb"},"inLanguage":"en-CA","potentialAction":[{"@type":"ReadAction","target":["https:\/\/eliteextermination.com\/en\/exterminator-mascouche\/"]}]},{"@type":"BreadcrumbList","@id":"https:\/\/eliteextermination.com\/en\/exterminator-mascouche\/#breadcrumb","itemListElement":[{"@type":"ListItem","position":1,"name":"Home","item":"https:\/\/eliteextermination.com\/en\/"},{"@type":"ListItem","position":2,"name":"Mascouche Exterminators"}]},{"@type":"WebSite","@id":"https:\/\/eliteextermination.com\/en\/#website","url":"https:\/\/eliteextermination.com\/en\/","name":"\u00c9lite Extermination","description":"Pest Control Experts in Montreal, Laval, St-J\u00e9r\u00f4me, Repentigny, Trois-Rivi\u00e8res, Gatineau, South Shore","potentialAction":[{"@type":"SearchAction","target":{"@type":"EntryPoint","urlTemplate":"https:\/\/eliteextermination.com\/en\/?s={search_term_string}"},"query-input":{"@type":"PropertyValueSpecification","valueRequired":true,"valueName":"search_term_string"}}],"inLanguage":"en-CA"},false]}},"yasr_visitor_votes":{"stars_attributes":{"read_only":false,"span_bottom":false},"number_of_votes":0,"sum_votes":0},"_links":{"self":[{"href":"https:\/\/eliteextermination.com\/en\/wp-json\/wp\/v2\/pages\/5942","targetHints":{"allow":["GET"]}}],"collection":[{"href":"https:\/\/eliteextermination.com\/en\/wp-json\/wp\/v2\/pages"}],"about":[{"href":"https:\/\/eliteextermination.com\/en\/wp-json\/wp\/v2\/types\/page"}],"author":[{"embeddable":true,"href":"https:\/\/eliteextermination.com\/en\/wp-json\/wp\/v2\/users\/1"}],"replies":[{"embeddable":true,"href":"https:\/\/eliteextermination.com\/en\/wp-json\/wp\/v2\/comments?post=5942"}],"version-history":[{"count":8,"href":"https:\/\/eliteextermination.com\/en\/wp-json\/wp\/v2\/pages\/5942\/revisions"}],"predecessor-version":[{"id":6490,"href":"https:\/\/eliteextermination.com\/en\/wp-json\/wp\/v2\/pages\/5942\/revisions\/6490"}],"wp:attachment":[{"href":"https:\/\/eliteextermination.com\/en\/wp-json\/wp\/v2\/media?parent=5942"}],"curies":[{"name":"wp","href":"https:\/\/api.w.org\/{rel}","templated":true}]}}