{"id":5945,"date":"2025-02-05T14:46:47","date_gmt":"2025-02-05T19:46:47","guid":{"rendered":"https:\/\/eliteextermination.com\/?page_id=5945"},"modified":"2025-03-10T13:40:33","modified_gmt":"2025-03-10T17:40:33","slug":"exterminator-joliette","status":"publish","type":"page","link":"https:\/\/eliteextermination.com\/en\/exterminator-joliette\/","title":{"rendered":"Joliette Exterminators"},"content":{"rendered":"<div class=\"wpb-content-wrapper\">[vc_row fullwidth=&#8221;true&#8221; el_class=&#8221;BackGroundImageScale&#8221; css=&#8221;.vc_custom_1500048800305{background-image: url(https:\/\/eliteextermination.com\/wp-content\/uploads\/2017\/06\/head-propos.jpg?id=2146) !important;}&#8221;][vc_column][vc_column_text align=&#8221;center&#8221; el_class=&#8221;Service_Title&#8221; css=&#8221;.vc_custom_1738784415756{margin-bottom: 0px !important;}&#8221;]<span class=\"Contact_Bigger_Paragraph White_Text\">EXPERT PEST EXTERMINATION<\/span><br \/>\n<span class=\"Service_HugeText\">IN JOLIETTE<\/span><br \/>\n<a href=\"tel:5147918385\"><button class=\"Button_Style_Blue Button_Centered\" type=\"button\">514 791-8385<\/button><\/a>[\/vc_column_text][\/vc_column][\/vc_row][vc_row fullwidth=&#8221;true&#8221; equal_columns=&#8221;true&#8221; attached=&#8221;true&#8221; column_padding=&#8221;4&#8243;][vc_column width=&#8221;2\/3&#8243;][vc_empty_space height=&#8221;40px&#8221;][vc_column_text css=&#8221;.vc_custom_1738784445259{margin-bottom: 0px !important;}&#8221;]\n<h1 style=\"text-align: center;\">Joliette Exterminator<\/h1>\n<p style=\"text-align: center;\">Your Joliette home or business should be a pest-free zone. At Elite Pest Control, provide fast, effective pest control anywhere in the Joliette area. Our goal is to restore your space to a clean, healthy and comfortable environment with minimal disruption to your routine. For fast, effective service, contact us today at +1 514 791 8385.<\/p>\n[\/vc_column_text][mk_button size=&#8221;large&#8221; url=&#8221;tel:+15147918385&#8243; align=&#8221;center&#8221;]514 791 8385[\/mk_button][vc_empty_space height=&#8221;40px&#8221;][vc_column_text css=&#8221;.vc_custom_1738854157999{margin-bottom: 0px !important;}&#8221;]\n<h2 style=\"text-align: left;\">Choose Elite Pest Control for extermination services in Joliette<\/h2>\n<ul>\n<li style=\"font-weight: 400; text-align: left;\" aria-level=\"1\">Decades of experience in pest control at your service<\/li>\n<li style=\"font-weight: 400; text-align: left;\" aria-level=\"1\">Discreet interventions to spare you disruptions and potential neighborhood concerns<\/li>\n<li style=\"font-weight: 400; text-align: left;\" aria-level=\"1\">We promise to take full charge of your <a href=\"https:\/\/eliteextermination.com\/en\/pest-extermination\/\">pest extermination<\/a>, including caulking, decontamination, and personalized prevention advice.<\/li>\n<\/ul>\n[\/vc_column_text][\/vc_column][vc_column width=&#8221;1\/3&#8243; el_class=&#8221;bg-dark-blue col-center-top&#8221;]\n<div class=\"wpcf7 no-js\" id=\"wpcf7-f2495-o1\" lang=\"fr-FR\" dir=\"ltr\" data-wpcf7-id=\"2495\">\n<div class=\"screen-reader-response\"><p role=\"status\" aria-live=\"polite\" aria-atomic=\"true\"><\/p> <ul><\/ul><\/div>\n<form action=\"\/en\/wp-json\/wp\/v2\/pages\/5945#wpcf7-f2495-o1\" method=\"post\" class=\"wpcf7-form init\" aria-label=\"Formulaire de contact\" novalidate=\"novalidate\" data-status=\"init\">\n<fieldset class=\"hidden-fields-container\"><input type=\"hidden\" name=\"_wpcf7\" value=\"2495\" \/><input type=\"hidden\" name=\"_wpcf7_version\" value=\"6.1.4\" \/><input type=\"hidden\" name=\"_wpcf7_locale\" value=\"fr_FR\" \/><input type=\"hidden\" name=\"_wpcf7_unit_tag\" value=\"wpcf7-f2495-o1\" \/><input type=\"hidden\" name=\"_wpcf7_container_post\" value=\"0\" \/><input type=\"hidden\" name=\"_wpcf7_posted_data_hash\" value=\"\" \/><input type=\"hidden\" name=\"_wpcf7_recaptcha_response\" value=\"\" \/>\n<\/fieldset>\n<div class=\"service-form\">\n\t<p><span class=\"wpcf7-form-control-wrap\" data-name=\"typedemande\"><select class=\"wpcf7-form-control wpcf7-select wpcf7-validates-as-required\" aria-required=\"true\" aria-invalid=\"false\" name=\"typedemande\"><option value=\"\">Type of request*<\/option><option value=\"Questions or comments\">Questions or comments<\/option><option value=\"Free estimate\">Free estimate<\/option><option value=\"Emergency\">Emergency<\/option><\/select><\/span><span class=\"wpcf7-form-control-wrap\" data-name=\"last-name\"><input size=\"40\" maxlength=\"400\" class=\"wpcf7-form-control wpcf7-text wpcf7-validates-as-required\" aria-required=\"true\" aria-invalid=\"false\" placeholder=\"Last name*\" value=\"\" type=\"text\" name=\"last-name\" \/><\/span><br \/>\n<span class=\"wpcf7-form-control-wrap\" data-name=\"email\"><input size=\"40\" maxlength=\"400\" class=\"wpcf7-form-control wpcf7-email wpcf7-validates-as-required wpcf7-text wpcf7-validates-as-email\" aria-required=\"true\" aria-invalid=\"false\" placeholder=\"E-mail*\" value=\"\" type=\"email\" name=\"email\" \/><\/span><br \/>\n<span class=\"wpcf7-form-control-wrap\" data-name=\"telephone\"><input size=\"40\" maxlength=\"400\" class=\"wpcf7-form-control wpcf7-tel wpcf7-validates-as-required wpcf7-text wpcf7-validates-as-tel\" aria-required=\"true\" aria-invalid=\"false\" placeholder=\"Phone number*\" value=\"\" type=\"tel\" name=\"telephone\" \/><\/span><br \/>\n<span class=\"wpcf7-form-control-wrap\" data-name=\"message\"><textarea cols=\"40\" rows=\"10\" maxlength=\"2000\" class=\"wpcf7-form-control wpcf7-textarea wpcf7-validates-as-required\" aria-required=\"true\" aria-invalid=\"false\" placeholder=\"Message*\" name=\"message\"><\/textarea><\/span><br \/>\n\t<div class=\"wpcf7-response-output\" aria-hidden=\"true\"><\/div><br \/>\n<span id=\"wpcf7-69e47f49d8adf-wrapper\" class=\"wpcf7-form-control-wrap field-wrap\" style=\"display:none !important; visibility:hidden !important;\"><label for=\"wpcf7-69e47f49d8adf-field\" class=\"hp-message\">Veuillez laisser ce champ vide.<\/label><input id=\"wpcf7-69e47f49d8adf-field\"  class=\"wpcf7-form-control wpcf7-text\" type=\"text\" name=\"field\" value=\"\" size=\"40\" tabindex=\"-1\" autocomplete=\"new-password\" \/><\/span><br \/>\n\t<br \/>\n<input class=\"wpcf7-form-control wpcf7-submit has-spinner Button_Style_Blue\" type=\"submit\" value=\"SEND\" \/>\n\t<\/p>\n<\/div>\n<p><script>\ndocument.addEventListener( 'wpcf7mailsent', function( event ) {\n location = 'https:\/\/eliteextermination.com\/en\/thank-you\/';\n}, false );\n<\/script>\n<\/p><input type='hidden' class='wpcf7-pum' value='{\"closepopup\":false,\"closedelay\":0,\"openpopup\":false,\"openpopup_id\":0}' \/>\n<\/form>\n<\/div>\n[\/vc_column][\/vc_row][vc_row fullwidth=&#8221;true&#8221; fullwidth_content=&#8221;false&#8221; css=&#8221;.vc_custom_1726586587651{background-color: #dddddd !important;}&#8221;][vc_column][vc_empty_space height=&#8221;40px&#8221;][vc_column_text css=&#8221;.vc_custom_1738784486669{margin-bottom: 0px !important;}&#8221;]\n<h2 style=\"text-align: center;\">Effective emergency extermination in Joliette<\/h2>\n[\/vc_column_text][vc_column_text css=&#8221;.vc_custom_1738785112996{margin-bottom: 0px !important;}&#8221;]\n<p style=\"text-align: center;\"><span style=\"font-weight: 400;\">Pest infestations get worse with time, increasing your exposure to potential property damage and health risks. Elite Pest Control offers emergency extermination services in Joliette so you can fix the problem right away. Our professional teams guarantee a fast and efficient response tailored to the scale of any infestation, whether it&#8217;s rodents, insects or other pests.<\/span><\/p>\n<p style=\"text-align: center;\"><span style=\"font-weight: 400;\">Whether you need a <\/span><a href=\"https:\/\/eliteextermination.com\/en\/insects-pests\/mouse-extermination\/\"><span style=\"font-weight: 400;\">mouse exterminator<\/span><\/a><span style=\"font-weight: 400;\"> or a <\/span><a href=\"https:\/\/eliteextermination.com\/en\/insects-pests\/bat-extermination\/\"><span style=\"font-weight: 400;\">bat exterminator<\/span><\/a><span style=\"font-weight: 400;\">, our specialists are always ready to intervene quickly with an effective solution.<\/span><\/p>\n[\/vc_column_text][\/vc_column][\/vc_row][vc_row fullwidth=&#8221;true&#8221; fullwidth_content=&#8221;false&#8221; css=&#8221;.vc_custom_1726585455068{background-color: #DDDDDD !important;}&#8221;][vc_column width=&#8221;2\/3&#8243;][vc_column_text css=&#8221;.vc_custom_1738784508646{margin-bottom: 0px !important;}&#8221;]\n<h3 style=\"text-align: center;\">Mouse extermination<\/h3>\n[\/vc_column_text][vc_column_text css=&#8221;.vc_custom_1738784522089{margin-bottom: 0px !important;}&#8221;]\n<p style=\"text-align: center;\">Mice can invade buildings quickly in search of food and warmth. Unfortunately, they also nibble electrical cables, leave dirt on surfaces and can even spread disease. Elite Pest Control uses advanced techniques to eliminate mice safely and effectively in and around Joliette. Our team will identify entry points and implement preventive solutions so that your space remains rodent-free.<\/p>\n[\/vc_column_text][vc_column_text css=&#8221;.vc_custom_1738784531250{margin-bottom: 0px !important;}&#8221;]\n<h3 style=\"text-align: center;\">Bat extermination<\/h3>\n[\/vc_column_text][vc_column_text css=&#8221;.vc_custom_1738784543172{margin-bottom: 0px !important;}&#8221;]\n<p style=\"text-align: center;\">Bats play a helpful role in the local ecosystem, but they can cause trouble when they infest attics and other residential areas. Our experts in Joliette are trained to use wildlife-friendly methods to remove bats without compromising the safety of your home. We will carefully relocate them and seal all entry points to prevent future intrusions.<\/p>\n[\/vc_column_text][vc_column_text css=&#8221;.vc_custom_1738784552859{margin-bottom: 0px !important;}&#8221;]\n<h3 style=\"text-align: center;\">Extermination of rats and other rodents<\/h3>\n[\/vc_column_text][vc_column_text css=&#8221;.vc_custom_1738784562134{margin-bottom: 0px !important;}&#8221;]\n<p style=\"text-align: center;\">Rats and other rodents represent a serious threat to your health and safety. Elite Pest Control offers specialized services to eradicate these pests from your environment. We\u2019ll carry out a thorough inspection of the premises, assess the extent of the infestation, and apply appropriate treatments. We\u2019ll also implement preventive measures to prevent rodents from returning.<\/p>\n[\/vc_column_text][\/vc_column][vc_column width=&#8221;1\/3&#8243;][mk_image src=&#8221;https:\/\/eliteextermination.com\/wp-content\/uploads\/2023\/11\/souris-rongeurs-comble-fil-electrique.jpg&#8221; lazyload=&#8221;true&#8221; align=&#8221;right&#8221;][mk_image src=&#8221;https:\/\/eliteextermination.com\/wp-content\/uploads\/2020\/05\/faire-fuir-chauves-souris.jpg&#8221; align=&#8221;center&#8221;][mk_image src=&#8221;https:\/\/eliteextermination.com\/wp-content\/uploads\/2017\/07\/top-rats-2.jpg&#8221; align=&#8221;center&#8221;][\/vc_column][\/vc_row][vc_row fullwidth=&#8221;true&#8221; fullwidth_content=&#8221;false&#8221; css=&#8221;.vc_custom_1726586739672{background-color: #DDDDDD !important;}&#8221;][vc_column][vc_empty_space height=&#8221;40px&#8221;][mk_button size=&#8221;x-large&#8221; url=&#8221;https:\/\/eliteextermination.com\/en\/contact-us\/&#8221; align=&#8221;center&#8221;]I want a free quote[\/mk_button][\/vc_column][\/vc_row][vc_row][vc_column][vc_empty_space height=&#8221;40px&#8221;][vc_column_text css=&#8221;.vc_custom_1738784659621{margin-bottom: 0px !important;}&#8221;]\n<h2 style=\"text-align: center;\">Why you should act quickly if you have a pest infestation in Joliette<\/h2>\n<p style=\"text-align: center;\">Unchecked pest infestations can get worse quickly, resulting in substantial property damage and potential health hazards. It\u2019s important to act right away to protect yourself and to minimize the costs related to the problem. By acting fast, you can contain pests before they reproduce or cause further trouble. At Elite Pest Control, we provide prompt, efficient service to give you lasting peace of mind.<\/p>\n<h3 style=\"text-align: center;\">Health hazards and property damage caused by rodents<\/h3>\n<p style=\"text-align: center;\">Pest infestations should never be ignored or put off. The longer you wait, the more pests will reproduce, spread and cause damage. For example, rodents can gnaw on electrical cables, creating fire hazards, and contaminate surfaces with harmful bacteria, posing significant risks to human health. Insects, meanwhile, carry diseases and can cause allergic reactions.<\/p>\n<h3 style=\"text-align: center;\">Reduce the costs associated with a long-standing infestation<\/h3>\n<p style=\"text-align: center;\">Taking immediate action also limits the costs associated with a long-term infestation. By dealing with the problem as soon as it appears, you avoid the costly repairs and intensive treatments that may be necessary if you wait. Prompt intervention minimizes the risk of pests spreading to other areas of your home or business, safeguarding your living spaces, stock, equipment, and even shared areas in multi-unit buildings.<\/p>\n<h3 style=\"text-align: center;\">A comfortable environment for everyone<\/h3>\n<p style=\"text-align: center;\">The well-being of your family, employees or customers is at stake. A prolonged infestation creates an environment of stress and discomfort that negatively impacts everyday life. When you commit to an immediate extermination solution, you protect everyone\u2019s safety and comfort by restoring a healthy and pleasant living environment.<\/p>\n<h3 style=\"text-align: center;\">Fast action with local exterminators<\/h3>\n<p style=\"text-align: center;\">Our Joliette exterminators are local experts who fully understand the region&#8217;s specific challenges. They\u2019ll rely on their expertise in local pest behavior to create a targeted approach for your unique pest issue. By choosing a local team, you benefit from a rapid response and personalized service designed to give you lasting peace of mind.<\/p>\n[\/vc_column_text][vc_empty_space height=&#8221;40px&#8221;][vc_gmaps link=&#8221;#E-8_JTNDaWZyYW1lJTIwc3JjJTNEJTIyaHR0cHMlM0ElMkYlMkZ3d3cuZ29vZ2xlLmNvbSUyRm1hcHMlMkZlbWJlZCUzRnBiJTNEJTIxMW0xOCUyMTFtMTIlMjExbTMlMjExZDQ0MzM2LjMxNjEwOTAzNDQ5NSUyMTJkLTczLjQ5OTUwNTY5NzUwOTg1JTIxM2Q0Ni4wMTA3OTc5NjIzODc0NyUyMTJtMyUyMTFmMCUyMTJmMCUyMTNmMCUyMTNtMiUyMTFpMTAyNCUyMTJpNzY4JTIxNGYxMy4xJTIxM20zJTIxMW0yJTIxMXMweDRjYzhiZGI5OTM0MDU2N2IlMjUzQTB4YzY0NDg4ODRmYzU4MjJhNiUyMTJzSm9saWV0dGUlMjUyQyUyNTIwUUMlMjE1ZTAlMjEzbTIlMjExc2ZyJTIxMnNjYSUyMTR2MTczODc4NDY4MjU1MiUyMTVtMiUyMTFzZnIlMjEyc2NhJTIyJTIwd2lkdGglM0QlMjI2MDAlMjIlMjBoZWlnaHQlM0QlMjI0NTAlMjIlMjBzdHlsZSUzRCUyMmJvcmRlciUzQTAlM0IlMjIlMjBhbGxvd2Z1bGxzY3JlZW4lM0QlMjIlMjIlMjBsb2FkaW5nJTNEJTIybGF6eSUyMiUyMHJlZmVycmVycG9saWN5JTNEJTIybm8tcmVmZXJyZXItd2hlbi1kb3duZ3JhZGUlMjIlM0UlM0MlMkZpZnJhbWUlM0U=&#8221; css=&#8221;&#8221;][\/vc_column][\/vc_row][vc_row][vc_column width=&#8221;1\/3&#8243;][vc_empty_space height=&#8221;40px&#8221;][vc_column_text css=&#8221;.vc_custom_1741626167853{margin-bottom: 0px !important;}&#8221;]\n<ul>\n<li style=\"text-align: center;\"><a href=\"https:\/\/eliteextermination.com\/en\/extermination-montreal\/\">Extermination in Montreal<\/a><\/li>\n<li style=\"text-align: center;\"><a href=\"https:\/\/eliteextermination.com\/en\/exterminator-anjou\/\">Extermination in Anjou<\/a><\/li>\n<li style=\"text-align: center;\"><a href=\"https:\/\/eliteextermination.com\/en\/exterminator-rosemont\/\">Extermination in Rosemont<\/a><\/li>\n<li style=\"text-align: center;\"><a href=\"https:\/\/eliteextermination.com\/en\/exterminator-verdun-2-2\/\">Extermination in Verdun<\/a><\/li>\n<li style=\"text-align: center;\"><a href=\"https:\/\/eliteextermination.com\/en\/exterminator-blainville\/\">Extermination in Blainville<\/a><\/li>\n<\/ul>\n[\/vc_column_text][vc_empty_space height=&#8221;40px&#8221;][\/vc_column][vc_column width=&#8221;1\/3&#8243;][vc_empty_space height=&#8221;40px&#8221;][vc_column_text css=&#8221;.vc_custom_1738852485713{margin-bottom: 0px !important;}&#8221;]\n<ul>\n<li style=\"text-align: center;\"><a href=\"https:\/\/eliteextermination.com\/en\/extermination-terrebonne\/\">Extermination in Terrebonne<\/a><\/li>\n<li style=\"text-align: center;\"><a href=\"https:\/\/eliteextermination.com\/en\/extermination-trois-rivieres\/\">Extermination in Trois-Rivi\u00e8res<\/a><\/li>\n<li style=\"text-align: center;\"><a href=\"https:\/\/eliteextermination.com\/en\/exterminator-brossard\/\">Extermination in Brossard<\/a><\/li>\n<li style=\"text-align: center;\"><a href=\"https:\/\/eliteextermination.com\/en\/extermination-laval\/\">Extermination in Laval<\/a><\/li>\n<li style=\"text-align: center;\"><a href=\"https:\/\/eliteextermination.com\/en\/exterminator-mascouche\/\">Extermination on Mascouche<\/a><\/li>\n<\/ul>\n[\/vc_column_text][vc_empty_space height=&#8221;40px&#8221;][\/vc_column][vc_column width=&#8221;1\/3&#8243;][vc_empty_space height=&#8221;40px&#8221;][vc_column_text css=&#8221;.vc_custom_1741628430582{margin-bottom: 0px !important;}&#8221;]\n<ul>\n<li style=\"text-align: center;\"><a href=\"https:\/\/eliteextermination.com\/en\/extermination-repentigny\/\">Extermination in Repentigny<\/a><\/li>\n<li style=\"text-align: center;\"><a href=\"https:\/\/eliteextermination.com\/en\/extermination-st-jerome\/\">Extermination in Saint-J\u00e9r\u00f4me<\/a><\/li>\n<li style=\"text-align: center;\"><a href=\"https:\/\/eliteextermination.com\/en\/exterminator-montreal-north\/\">Extermination in Montr\u00e9al North<\/a><\/li>\n<li style=\"text-align: center;\"><a href=\"https:\/\/eliteextermination.com\/en\/exterminator-hochelaga-maisonneuve\/\">Extermination in Hochelaga-Maisonneuve<\/a><\/li>\n<li style=\"text-align: center;\"><a href=\"https:\/\/eliteextermination.com\/en\/exterminator-saint-eustache\/\">Extermination in Saint-Eustache<\/a><\/li>\n<\/ul>\n[\/vc_column_text][vc_empty_space height=&#8221;40px&#8221;][\/vc_column][\/vc_row][vc_row fullwidth=&#8221;true&#8221; css=&#8221;.vc_custom_1505926935168{background-color: #0055c5 !important;}&#8221; el_class=&#8221;row-call&#8221;][vc_column][vc_row_inner is_fullwidth_content=&#8221;false&#8221;][vc_column_inner][vc_empty_space][vc_column_text align=&#8221;center&#8221; el_class=&#8221;SubTitle_Paragraph_Text White_Text&#8221; css=&#8221;.vc_custom_1738854178558{margin-bottom: 0px !important;}&#8221;]\n<h2>Contact our Joliette exterminators now<\/h2>\n<p>Don&#8217;t wait! If you have a pest infestation, contact Elite Pest Control at the first sign of trouble for an <a href=\"https:\/\/eliteextermination.com\/en\/emergency-24-7\/\">emergency extermination<\/a>.<\/p>\n<p style=\"text-align: center;\"><a href=\"https:\/\/eliteextermination.com\/en\/contact-us\/\"><span style=\"font-weight: 400;\">PEST CONTROL FREE QUOTE<\/span><\/a>\u00a0 \u00a0 \u00a0<a href=\"tel:+15147918385\"><span style=\"font-weight: 400;\">514 791 8385<\/span><\/a><\/p>\n[\/vc_column_text][vc_empty_space height=&#8221;20px&#8221;][\/vc_column_inner][\/vc_row_inner][\/vc_column][\/vc_row][vc_row][vc_column][\/vc_column][\/vc_row]\n<\/div>","protected":false},"excerpt":{"rendered":"<p>[vc_row fullwidth=&#8221;true&#8221; el_class=&#8221;BackGroundImageScale&#8221; css=&#8221;.vc_custom_1500048800305{background-image: url(https:\/\/eliteextermination.com\/wp-content\/uploads\/2017\/06\/head-propos.jpg?id=2146) !important;}&#8221;][vc_column][vc_column_text align=&#8221;center&#8221; el_class=&#8221;Service_Title&#8221; css=&#8221;.vc_custom_1738784415756{margin-bottom: 0px !important;}&#8221;]EXPERT PEST EXTERMINATION IN JOLIETTE 514 791-8385[\/vc_column_text][\/vc_column][\/vc_row][vc_row fullwidth=&#8221;true&#8221; equal_columns=&#8221;true&#8221; attached=&#8221;true&#8221; column_padding=&#8221;4&#8243;][vc_column width=&#8221;2\/3&#8243;][vc_empty_space height=&#8221;40px&#8221;][vc_column_text css=&#8221;.vc_custom_1738784445259{margin-bottom: 0px !important;}&#8221;] Joliette Exterminator Your Joliette home or business should be a pest-free zone. At Elite Pest Control, provide fast, effective pest control anywhere in the Joliette area. Our goal is [&hellip;]<\/p>\n","protected":false},"author":1,"featured_media":0,"parent":0,"menu_order":0,"comment_status":"closed","ping_status":"closed","template":"","meta":{"_acf_changed":false,"yasr_overall_rating":4.7,"yasr_post_is_review":"","yasr_auto_insert_disabled":"","yasr_review_type":"","footnotes":""},"class_list":["post-5945","page","type-page","status-publish","hentry"],"acf":[],"yoast_head":"<!-- This site is optimized with the Yoast SEO plugin v26.9 - https:\/\/yoast.com\/product\/yoast-seo-wordpress\/ -->\n<title>Joliette Exterminator \u2013 FAST service 514-791-8385<\/title>\n<meta name=\"description\" content=\"Stop pests in Joliette with Elite Pest Control! Fast, effective extermination services for a healthy space. Contact us today to take emergency action now.\" \/>\n<meta name=\"robots\" content=\"index, follow, max-snippet:-1, max-image-preview:large, max-video-preview:-1\" \/>\n<link rel=\"canonical\" href=\"https:\/\/eliteextermination.com\/en\/exterminator-joliette\/\" \/>\n<meta property=\"og:locale\" content=\"en_US\" \/>\n<meta property=\"og:type\" content=\"article\" \/>\n<meta property=\"og:title\" content=\"Joliette Exterminator \u2013 FAST service 514-791-8385\" \/>\n<meta property=\"og:description\" content=\"Stop pests in Joliette with Elite Pest Control! Fast, effective extermination services for a healthy space. Contact us today to take emergency action now.\" \/>\n<meta property=\"og:url\" content=\"https:\/\/eliteextermination.com\/en\/exterminator-joliette\/\" \/>\n<meta property=\"og:site_name\" content=\"\u00c9lite Extermination\" \/>\n<meta property=\"article:modified_time\" content=\"2025-03-10T17:40:33+00:00\" \/>\n<meta name=\"twitter:card\" content=\"summary_large_image\" \/>\n<meta name=\"twitter:label1\" content=\"Est. reading time\" \/>\n\t<meta name=\"twitter:data1\" content=\"5 minutes\" \/>\n<!-- \/ Yoast SEO plugin. -->","yoast_head_json":{"title":"Joliette Exterminator \u2013 FAST service 514-791-8385","description":"Stop pests in Joliette with Elite Pest Control! Fast, effective extermination services for a healthy space. Contact us today to take emergency action now.","robots":{"index":"index","follow":"follow","max-snippet":"max-snippet:-1","max-image-preview":"max-image-preview:large","max-video-preview":"max-video-preview:-1"},"canonical":"https:\/\/eliteextermination.com\/en\/exterminator-joliette\/","og_locale":"en_US","og_type":"article","og_title":"Joliette Exterminator \u2013 FAST service 514-791-8385","og_description":"Stop pests in Joliette with Elite Pest Control! Fast, effective extermination services for a healthy space. Contact us today to take emergency action now.","og_url":"https:\/\/eliteextermination.com\/en\/exterminator-joliette\/","og_site_name":"\u00c9lite Extermination","article_modified_time":"2025-03-10T17:40:33+00:00","twitter_card":"summary_large_image","twitter_misc":{"Est. reading time":"5 minutes"},"schema":{"@context":"https:\/\/schema.org","@graph":[{"@type":"WebPage","@id":"https:\/\/eliteextermination.com\/en\/exterminator-joliette\/","url":"https:\/\/eliteextermination.com\/en\/exterminator-joliette\/","name":"Joliette Exterminator \u2013 FAST service 514-791-8385","isPartOf":{"@id":"https:\/\/eliteextermination.com\/en\/#website"},"datePublished":"2025-02-05T19:46:47+00:00","dateModified":"2025-03-10T17:40:33+00:00","description":"Stop pests in Joliette with Elite Pest Control! Fast, effective extermination services for a healthy space. Contact us today to take emergency action now.","breadcrumb":{"@id":"https:\/\/eliteextermination.com\/en\/exterminator-joliette\/#breadcrumb"},"inLanguage":"en-CA","potentialAction":[{"@type":"ReadAction","target":["https:\/\/eliteextermination.com\/en\/exterminator-joliette\/"]}]},{"@type":"BreadcrumbList","@id":"https:\/\/eliteextermination.com\/en\/exterminator-joliette\/#breadcrumb","itemListElement":[{"@type":"ListItem","position":1,"name":"Home","item":"https:\/\/eliteextermination.com\/en\/"},{"@type":"ListItem","position":2,"name":"Joliette Exterminators"}]},{"@type":"WebSite","@id":"https:\/\/eliteextermination.com\/en\/#website","url":"https:\/\/eliteextermination.com\/en\/","name":"\u00c9lite Extermination","description":"Pest Control Experts in Montreal, Laval, St-J\u00e9r\u00f4me, Repentigny, Trois-Rivi\u00e8res, Gatineau, South Shore","potentialAction":[{"@type":"SearchAction","target":{"@type":"EntryPoint","urlTemplate":"https:\/\/eliteextermination.com\/en\/?s={search_term_string}"},"query-input":{"@type":"PropertyValueSpecification","valueRequired":true,"valueName":"search_term_string"}}],"inLanguage":"en-CA"},false]}},"yasr_visitor_votes":{"stars_attributes":{"read_only":false,"span_bottom":false},"number_of_votes":0,"sum_votes":0},"_links":{"self":[{"href":"https:\/\/eliteextermination.com\/en\/wp-json\/wp\/v2\/pages\/5945","targetHints":{"allow":["GET"]}}],"collection":[{"href":"https:\/\/eliteextermination.com\/en\/wp-json\/wp\/v2\/pages"}],"about":[{"href":"https:\/\/eliteextermination.com\/en\/wp-json\/wp\/v2\/types\/page"}],"author":[{"embeddable":true,"href":"https:\/\/eliteextermination.com\/en\/wp-json\/wp\/v2\/users\/1"}],"replies":[{"embeddable":true,"href":"https:\/\/eliteextermination.com\/en\/wp-json\/wp\/v2\/comments?post=5945"}],"version-history":[{"count":9,"href":"https:\/\/eliteextermination.com\/en\/wp-json\/wp\/v2\/pages\/5945\/revisions"}],"predecessor-version":[{"id":6491,"href":"https:\/\/eliteextermination.com\/en\/wp-json\/wp\/v2\/pages\/5945\/revisions\/6491"}],"wp:attachment":[{"href":"https:\/\/eliteextermination.com\/en\/wp-json\/wp\/v2\/media?parent=5945"}],"curies":[{"name":"wp","href":"https:\/\/api.w.org\/{rel}","templated":true}]}}