{"id":5948,"date":"2025-02-05T15:02:42","date_gmt":"2025-02-05T20:02:42","guid":{"rendered":"https:\/\/eliteextermination.com\/?page_id=5948"},"modified":"2025-03-10T13:38:00","modified_gmt":"2025-03-10T17:38:00","slug":"exterminator-blainville","status":"publish","type":"page","link":"https:\/\/eliteextermination.com\/en\/exterminator-blainville\/","title":{"rendered":"Blainville Exterminators"},"content":{"rendered":"<div class=\"wpb-content-wrapper\">[vc_row fullwidth=&#8221;true&#8221; el_class=&#8221;BackGroundImageScale&#8221; css=&#8221;.vc_custom_1500048800305{background-image: url(https:\/\/eliteextermination.com\/wp-content\/uploads\/2017\/06\/head-propos.jpg?id=2146) !important;}&#8221;][vc_column][vc_column_text align=&#8221;center&#8221; el_class=&#8221;Service_Title&#8221; css=&#8221;.vc_custom_1738785417342{margin-bottom: 0px !important;}&#8221;]<span class=\"Contact_Bigger_Paragraph White_Text\">EXPERT PEST EXTERMINATION<\/span><br \/>\n<span class=\"Service_HugeText\">IN BLAINVILLE<\/span><br \/>\n<a href=\"tel:5147918385\"><button class=\"Button_Style_Blue Button_Centered\" type=\"button\">514 791-8385<\/button><\/a>[\/vc_column_text][\/vc_column][\/vc_row][vc_row fullwidth=&#8221;true&#8221; equal_columns=&#8221;true&#8221; attached=&#8221;true&#8221; column_padding=&#8221;4&#8243;][vc_column width=&#8221;2\/3&#8243;][vc_empty_space height=&#8221;40px&#8221;][vc_column_text css=&#8221;.vc_custom_1738785455736{margin-bottom: 0px !important;}&#8221;]\n<h1 style=\"text-align: center;\">Blainville Exterminator<\/h1>\n<p style=\"text-align: center;\">In Blainville, a pest infestation can quickly become a major problem that affects both your quality of life and the security of your home or business. Elite Pest Control offers fast, tailored solutions to eradicate insect and rodent infestations in Blainville. Keep your home or workspace healthy and comfortable! For fast, efficient service, contact us today at +1 514 791 8385.<\/p>\n[\/vc_column_text][mk_button size=&#8221;large&#8221; url=&#8221;tel:+15147918385&#8243; align=&#8221;center&#8221;]514 791 8385[\/mk_button][vc_empty_space height=&#8221;40px&#8221;][vc_column_text css=&#8221;.vc_custom_1738854228800{margin-bottom: 0px !important;}&#8221;]\n<h2 style=\"text-align: left;\">Choose Elite Pest Control for extermination services in Blainville<\/h2>\n<ul>\n<li style=\"font-weight: 400; text-align: left;\" aria-level=\"1\">With decades of experience, we have mastered the most effective techniques for every type of pest.<\/li>\n<li style=\"font-weight: 400; text-align: left;\" aria-level=\"1\">Our professionals intervene discreetly to spare you potential neighborhood concerns.<\/li>\n<li style=\"font-weight: 400; text-align: left;\" aria-level=\"1\">From initial detection to caulking vulnerable areas, we provide all necessary services, including advice about avoiding recurrence so you never have to resort to <a href=\"https:\/\/eliteextermination.com\/en\/pest-extermination\/\">pest extermination<\/a> again.<\/li>\n<\/ul>\n[\/vc_column_text][\/vc_column][vc_column width=&#8221;1\/3&#8243; el_class=&#8221;bg-dark-blue col-center-top&#8221;]\n<div class=\"wpcf7 no-js\" id=\"wpcf7-f2495-o1\" lang=\"fr-FR\" dir=\"ltr\" data-wpcf7-id=\"2495\">\n<div class=\"screen-reader-response\"><p role=\"status\" aria-live=\"polite\" aria-atomic=\"true\"><\/p> <ul><\/ul><\/div>\n<form action=\"\/en\/wp-json\/wp\/v2\/pages\/5948#wpcf7-f2495-o1\" method=\"post\" class=\"wpcf7-form init\" aria-label=\"Formulaire de contact\" novalidate=\"novalidate\" data-status=\"init\">\n<fieldset class=\"hidden-fields-container\"><input type=\"hidden\" name=\"_wpcf7\" value=\"2495\" \/><input type=\"hidden\" name=\"_wpcf7_version\" value=\"6.1.4\" \/><input type=\"hidden\" name=\"_wpcf7_locale\" value=\"fr_FR\" \/><input type=\"hidden\" name=\"_wpcf7_unit_tag\" value=\"wpcf7-f2495-o1\" \/><input type=\"hidden\" name=\"_wpcf7_container_post\" value=\"0\" \/><input type=\"hidden\" name=\"_wpcf7_posted_data_hash\" value=\"\" \/><input type=\"hidden\" name=\"_wpcf7_recaptcha_response\" value=\"\" \/>\n<\/fieldset>\n<div class=\"service-form\">\n\t<p><span class=\"wpcf7-form-control-wrap\" data-name=\"typedemande\"><select class=\"wpcf7-form-control wpcf7-select wpcf7-validates-as-required\" aria-required=\"true\" aria-invalid=\"false\" name=\"typedemande\"><option value=\"\">Type of request*<\/option><option value=\"Questions or comments\">Questions or comments<\/option><option value=\"Free estimate\">Free estimate<\/option><option value=\"Emergency\">Emergency<\/option><\/select><\/span><span class=\"wpcf7-form-control-wrap\" data-name=\"last-name\"><input size=\"40\" maxlength=\"400\" class=\"wpcf7-form-control wpcf7-text wpcf7-validates-as-required\" aria-required=\"true\" aria-invalid=\"false\" placeholder=\"Last name*\" value=\"\" type=\"text\" name=\"last-name\" \/><\/span><br \/>\n<span class=\"wpcf7-form-control-wrap\" data-name=\"email\"><input size=\"40\" maxlength=\"400\" class=\"wpcf7-form-control wpcf7-email wpcf7-validates-as-required wpcf7-text wpcf7-validates-as-email\" aria-required=\"true\" aria-invalid=\"false\" placeholder=\"E-mail*\" value=\"\" type=\"email\" name=\"email\" \/><\/span><br \/>\n<span class=\"wpcf7-form-control-wrap\" data-name=\"telephone\"><input size=\"40\" maxlength=\"400\" class=\"wpcf7-form-control wpcf7-tel wpcf7-validates-as-required wpcf7-text wpcf7-validates-as-tel\" aria-required=\"true\" aria-invalid=\"false\" placeholder=\"Phone number*\" value=\"\" type=\"tel\" name=\"telephone\" \/><\/span><br \/>\n<span class=\"wpcf7-form-control-wrap\" data-name=\"message\"><textarea cols=\"40\" rows=\"10\" maxlength=\"2000\" class=\"wpcf7-form-control wpcf7-textarea wpcf7-validates-as-required\" aria-required=\"true\" aria-invalid=\"false\" placeholder=\"Message*\" name=\"message\"><\/textarea><\/span><br \/>\n\t<div class=\"wpcf7-response-output\" aria-hidden=\"true\"><\/div><br \/>\n<span id=\"wpcf7-69e7308c87d26-wrapper\" class=\"wpcf7-form-control-wrap field-wrap\" style=\"display:none !important; visibility:hidden !important;\"><label for=\"wpcf7-69e7308c87d26-field\" class=\"hp-message\">Veuillez laisser ce champ vide.<\/label><input id=\"wpcf7-69e7308c87d26-field\"  class=\"wpcf7-form-control wpcf7-text\" type=\"text\" name=\"field\" value=\"\" size=\"40\" tabindex=\"-1\" autocomplete=\"new-password\" \/><\/span><br \/>\n\t<br \/>\n<input class=\"wpcf7-form-control wpcf7-submit has-spinner Button_Style_Blue\" type=\"submit\" value=\"SEND\" \/>\n\t<\/p>\n<\/div>\n<p><script>\ndocument.addEventListener( 'wpcf7mailsent', function( event ) {\n location = 'https:\/\/eliteextermination.com\/en\/thank-you\/';\n}, false );\n<\/script>\n<\/p><input type='hidden' class='wpcf7-pum' value='{\"closepopup\":false,\"closedelay\":0,\"openpopup\":false,\"openpopup_id\":0}' \/>\n<\/form>\n<\/div>\n[\/vc_column][\/vc_row][vc_row fullwidth=&#8221;true&#8221; fullwidth_content=&#8221;false&#8221; css=&#8221;.vc_custom_1726586587651{background-color: #dddddd !important;}&#8221;][vc_column][vc_empty_space height=&#8221;40px&#8221;][vc_column_text css=&#8221;.vc_custom_1738785499674{margin-bottom: 0px !important;}&#8221;]\n<h2 style=\"text-align: center;\">Efficient emergency extermination services in Blainville<\/h2>\n[\/vc_column_text][vc_column_text css=&#8221;.vc_custom_1738785517142{margin-bottom: 0px !important;}&#8221;]\n<p style=\"text-align: center;\"><span style=\"font-weight: 400;\">Elite Pest Control in Blainville can respond quickly to pest emergencies. Whether you need a <\/span><a href=\"https:\/\/eliteextermination.com\/en\/insects-pests\/mouse-extermination\/\"><span style=\"font-weight: 400;\">mouse exterminator<\/span><\/a><span style=\"font-weight: 400;\"> or a <\/span><a href=\"https:\/\/eliteextermination.com\/en\/insects-pests\/bat-extermination\/\"><span style=\"font-weight: 400;\">bat exterminator<\/span><\/a><span style=\"font-weight: 400;\">, our experts are ready with an effective solution.<\/span><\/p>\n<p style=\"text-align: center;\"><span style=\"font-weight: 400;\">We know that every minute counts when it comes to infestations, especially when they threaten your health and the safety of your family or employees. That&#8217;s why we do everything possible to intervene quickly and eliminate threats. You can trust us to provide complete and effective extermination services that protect your home or business from pests. We can even help you avoid further infestations thanks to tailored treatments and prevention advice.<\/span><\/p>\n[\/vc_column_text][\/vc_column][\/vc_row][vc_row fullwidth=&#8221;true&#8221; fullwidth_content=&#8221;false&#8221; css=&#8221;.vc_custom_1726585455068{background-color: #DDDDDD !important;}&#8221;][vc_column width=&#8221;2\/3&#8243;][vc_column_text css=&#8221;.vc_custom_1738785534125{margin-bottom: 0px !important;}&#8221;]\n<h3 style=\"text-align: center;\">Mouse extermination<\/h3>\n[\/vc_column_text][vc_column_text css=&#8221;.vc_custom_1738785544695{margin-bottom: 0px !important;}&#8221;]\n<p style=\"text-align: center;\">Mice can cause major damage by infiltrating walls and nibbling electrical cables. Our Blainville team uses state-of-the-art extermination techniques to detect, trap and eliminate these small rodents. We\u2019ll also conduct a thorough inspection of at-risk areas to identify and block potential entry points. Trust us to protect your home from contamination and property damage caused by mice, while ensuring a safe and healthy living environment for you and your loved ones.<\/p>\n[\/vc_column_text][vc_column_text css=&#8221;.vc_custom_1738785554375{margin-bottom: 0px !important;}&#8221;]\n<h3 style=\"text-align: center;\">Bat extermination<\/h3>\n[\/vc_column_text][vc_column_text css=&#8221;.vc_custom_1738785564962{margin-bottom: 0px !important;}&#8221;]\n<p style=\"text-align: center;\">Even though they play a key role in the local ecosystem, bats can become a nuisance when they nest on your property. At Elite Pest Control in Blainville, we use gentle methods to dislodge and relocate these creatures. Our interventions comply with current wildlife protection legislation, so you can count on a respectful approach. We take swift, safe action to minimize contact with potentially harmful pests while adhering to strict environmental standards.<\/p>\n[\/vc_column_text][vc_column_text css=&#8221;.vc_custom_1738785576762{margin-bottom: 0px !important;}&#8221;]\n<h3 style=\"text-align: center;\">Extermination of rats and other rodents<\/h3>\n[\/vc_column_text][vc_column_text css=&#8221;.vc_custom_1738785587570{margin-bottom: 0px !important;}&#8221;]\n<p style=\"text-align: center;\">Rats and other rodents can pose serious health risks. Our Blainville exterminators are trained to identify and treat infested areas. We always use safe and environmentally friendly methods to eliminate all traces of these dangerous pests. In addition to extermination, we provide solutions to secure your home against future infestations, such as blocking entry points and eliminating food sources. You can trust our expertise to restore your property and provide lasting pest protection, with no risk of contamination or damage.<\/p>\n[\/vc_column_text][\/vc_column][vc_column width=&#8221;1\/3&#8243;][mk_image src=&#8221;https:\/\/eliteextermination.com\/wp-content\/uploads\/2023\/11\/souris-rongeurs-comble-fil-electrique.jpg&#8221; lazyload=&#8221;true&#8221; align=&#8221;right&#8221;][mk_image src=&#8221;https:\/\/eliteextermination.com\/wp-content\/uploads\/2020\/05\/faire-fuir-chauves-souris.jpg&#8221; align=&#8221;center&#8221;][mk_image src=&#8221;https:\/\/eliteextermination.com\/wp-content\/uploads\/2017\/07\/top-rats-2.jpg&#8221; align=&#8221;center&#8221;][\/vc_column][\/vc_row][vc_row fullwidth=&#8221;true&#8221; fullwidth_content=&#8221;false&#8221; css=&#8221;.vc_custom_1726586739672{background-color: #DDDDDD !important;}&#8221;][vc_column][vc_empty_space height=&#8221;40px&#8221;][mk_button size=&#8221;x-large&#8221; url=&#8221;https:\/\/eliteextermination.com\/en\/contact-us\/&#8221; align=&#8221;center&#8221;]I want a free quote[\/mk_button][\/vc_column][\/vc_row][vc_row][vc_column][vc_empty_space height=&#8221;40px&#8221;][vc_column_text css=&#8221;.vc_custom_1738785639683{margin-bottom: 0px !important;}&#8221;]\n<h2 style=\"text-align: center;\">Why you should act quickly if you have a pest infestation in Blainville<\/h2>\n<p style=\"text-align: center;\">Never underestimate the impact of a pest infestation. Every day counts, because pests can cause substantial damage to your home or business in Blainville in a very short space of time.<\/p>\n<h3 style=\"text-align: center;\">Health risks<\/h3>\n<p style=\"text-align: center;\">When faced with an infestation, it&#8217;s important to act quickly. Pests like rats, mice and insects carry various diseases that can be transmitted to humans. They pose a public health risk that should not be underestimated, especially in residential environments where your family&#8217;s safety is paramount. By failing to take prompt action, you are potentially exposing your home to dangerous contaminants, which can affect the health of all members of your family, both young and old.<\/p>\n<h3 style=\"text-align: center;\">Property damage caused by rodents<\/h3>\n<p style=\"text-align: center;\">Pest infestations can also cause property damage. Rodents are known for gnawing through electrical cables, which increases the risk of fire. Similarly, some insects can weaken the structure of your building by burrowing into the wood. Related repairs can become costly if not dealt with quickly, and a small infestation can lead to a significant financial investment.<\/p>\n<h3 style=\"text-align: center;\">Fast action with local exterminators in Blainville<\/h3>\n<p style=\"text-align: center;\">Act quickly to limit the spread of the infestation. Pests reproduce rapidly, turning a small infestation into a major problem in just a few weeks. In Blainville, where close proximity to homes facilitates the rapid spread of pests, prompt intervention by a skilled exterminator is the most effective way to contain infestations. Calling on a Blainville exterminator like Elite Pest Control guarantees the safety of your environment and the preservation of your property. Our targeted interventions and preventive advice can help you regain control of your living space, while limiting the risk of future infestations.<\/p>\n[\/vc_column_text][vc_empty_space height=&#8221;40px&#8221;][vc_gmaps link=&#8221;#E-8_JTNDaWZyYW1lJTIwc3JjJTNEJTIyaHR0cHMlM0ElMkYlMkZ3d3cuZ29vZ2xlLmNvbSUyRm1hcHMlMkZlbWJlZCUzRnBiJTNEJTIxMW0xOCUyMTFtMTIlMjExbTMlMjExZDQ0NTk3LjcyMjQ0NTg0NzE3NiUyMTJkLTczLjg5ODQxODI0Nzk4OTA2JTIxM2Q0NS42ODM3OTQwOTU5MDAxOCUyMTJtMyUyMTFmMCUyMTJmMCUyMTNmMCUyMTNtMiUyMTFpMTAyNCUyMTJpNzY4JTIxNGYxMy4xJTIxM20zJTIxMW0yJTIxMXMweDRjYzhkN2QzYjcwYzg2MWIlMjUzQTB4ZmFiZTY3YTMwMmU5MjI3ZCUyMTJzQmxhaW52aWxsZSUyNTJDJTI1MjBRQyUyMTVlMCUyMTNtMiUyMTFzZnIlMjEyc2NhJTIxNHYxNzM4Nzg1NjUwMDcyJTIxNW0yJTIxMXNmciUyMTJzY2ElMjIlMjB3aWR0aCUzRCUyMjYwMCUyMiUyMGhlaWdodCUzRCUyMjQ1MCUyMiUyMHN0eWxlJTNEJTIyYm9yZGVyJTNBMCUzQiUyMiUyMGFsbG93ZnVsbHNjcmVlbiUzRCUyMiUyMiUyMGxvYWRpbmclM0QlMjJsYXp5JTIyJTIwcmVmZXJyZXJwb2xpY3klM0QlMjJuby1yZWZlcnJlci13aGVuLWRvd25ncmFkZSUyMiUzRSUzQyUyRmlmcmFtZSUzRQ==&#8221; css=&#8221;&#8221;][\/vc_column][\/vc_row][vc_row][vc_column width=&#8221;1\/3&#8243;][vc_empty_space height=&#8221;40px&#8221;][vc_column_text css=&#8221;.vc_custom_1741625944464{margin-bottom: 0px !important;}&#8221;]\n<ul>\n<li style=\"text-align: center;\"><a href=\"https:\/\/eliteextermination.com\/en\/extermination-montreal\/\">Extermination in Montreal<\/a><\/li>\n<li style=\"text-align: center;\"><a href=\"https:\/\/eliteextermination.com\/en\/exterminator-anjou\/\">Extermination in Anjou<\/a><\/li>\n<li style=\"text-align: center;\"><a href=\"https:\/\/eliteextermination.com\/en\/exterminator-rosemont\/\">Extermination in Rosemont<\/a><\/li>\n<li style=\"text-align: center;\"><a href=\"https:\/\/eliteextermination.com\/en\/exterminator-verdun-2-2\/\">Extermination in Verdun<\/a><\/li>\n<li style=\"text-align: center;\"><a href=\"https:\/\/eliteextermination.com\/en\/exterminator-joliette\/\">Extermination in Joliette<\/a><\/li>\n<\/ul>\n[\/vc_column_text][vc_empty_space height=&#8221;40px&#8221;][\/vc_column][vc_column width=&#8221;1\/3&#8243;][vc_empty_space height=&#8221;40px&#8221;][vc_column_text css=&#8221;.vc_custom_1738852386686{margin-bottom: 0px !important;}&#8221;]\n<ul>\n<li style=\"text-align: center;\"><a href=\"https:\/\/eliteextermination.com\/en\/extermination-terrebonne\/\">Extermination in Terrebonne<\/a><\/li>\n<li style=\"text-align: center;\"><a href=\"https:\/\/eliteextermination.com\/en\/extermination-trois-rivieres\/\">Extermination in Trois-Rivi\u00e8res<\/a><\/li>\n<li style=\"text-align: center;\"><a href=\"https:\/\/eliteextermination.com\/en\/exterminator-brossard\/\">Extermination in Brossard<\/a><\/li>\n<li style=\"text-align: center;\"><a href=\"https:\/\/eliteextermination.com\/en\/extermination-laval\/\">Extermination in Laval<\/a><\/li>\n<li style=\"text-align: center;\"><a href=\"https:\/\/eliteextermination.com\/en\/exterminator-mascouche\/\">Extermination in Mascouche<\/a><\/li>\n<\/ul>\n[\/vc_column_text][vc_empty_space height=&#8221;40px&#8221;][\/vc_column][vc_column width=&#8221;1\/3&#8243;][vc_empty_space height=&#8221;40px&#8221;][vc_column_text css=&#8221;.vc_custom_1741628278092{margin-bottom: 0px !important;}&#8221;]\n<ul>\n<li style=\"text-align: center;\"><a href=\"https:\/\/eliteextermination.com\/en\/extermination-repentigny\/\">Extermination in Repentigny<\/a><\/li>\n<li style=\"text-align: center;\"><a href=\"https:\/\/eliteextermination.com\/en\/extermination-st-jerome\/\">Extermination in Saint-J\u00e9r\u00f4me<\/a><\/li>\n<li style=\"text-align: center;\"><a href=\"https:\/\/eliteextermination.com\/en\/exterminator-montreal-north\/\">Extermination in Montr\u00e9al North<\/a><\/li>\n<li style=\"text-align: center;\"><a href=\"https:\/\/eliteextermination.com\/en\/exterminator-hochelaga-maisonneuve\/\">Extermination in Hochelaga-Maisonneuve<\/a><\/li>\n<li style=\"text-align: center;\"><a href=\"https:\/\/eliteextermination.com\/en\/exterminator-saint-eustache\/\">Extermination in Saint-Eustache<\/a><\/li>\n<\/ul>\n[\/vc_column_text][vc_empty_space height=&#8221;40px&#8221;][\/vc_column][\/vc_row][vc_row fullwidth=&#8221;true&#8221; css=&#8221;.vc_custom_1505926935168{background-color: #0055c5 !important;}&#8221; el_class=&#8221;row-call&#8221;][vc_column][vc_row_inner is_fullwidth_content=&#8221;false&#8221;][vc_column_inner][vc_empty_space][vc_column_text align=&#8221;center&#8221; el_class=&#8221;SubTitle_Paragraph_Text White_Text&#8221; css=&#8221;.vc_custom_1738854252816{margin-bottom: 0px !important;}&#8221;]\n<h2>Contact our Blainville exterminators now<\/h2>\n<p>Don&#8217;t let pests affect your daily life! Contact Elite Pest Control now for <a href=\"https:\/\/eliteextermination.com\/en\/emergency-24-7\/\">emergency extermination<\/a> services in Blainville. We\u2019ll provide a fast evaluation and an effective solution.<\/p>\n<p style=\"text-align: center;\"><a href=\"https:\/\/eliteextermination.com\/en\/contact-us\/\"><span style=\"font-weight: 400;\">PEST CONTROL FREE QUOTE<\/span><\/a>\u00a0 \u00a0 \u00a0<a href=\"tel:+15147918385\"><span style=\"font-weight: 400;\">514 791 8385<\/span><\/a><\/p>\n[\/vc_column_text][vc_empty_space height=&#8221;20px&#8221;][\/vc_column_inner][\/vc_row_inner][\/vc_column][\/vc_row][vc_row][vc_column][\/vc_column][\/vc_row]\n<\/div>","protected":false},"excerpt":{"rendered":"<p>[vc_row fullwidth=&#8221;true&#8221; el_class=&#8221;BackGroundImageScale&#8221; css=&#8221;.vc_custom_1500048800305{background-image: url(https:\/\/eliteextermination.com\/wp-content\/uploads\/2017\/06\/head-propos.jpg?id=2146) !important;}&#8221;][vc_column][vc_column_text align=&#8221;center&#8221; el_class=&#8221;Service_Title&#8221; css=&#8221;.vc_custom_1738785417342{margin-bottom: 0px !important;}&#8221;]EXPERT PEST EXTERMINATION IN BLAINVILLE 514 791-8385[\/vc_column_text][\/vc_column][\/vc_row][vc_row fullwidth=&#8221;true&#8221; equal_columns=&#8221;true&#8221; attached=&#8221;true&#8221; column_padding=&#8221;4&#8243;][vc_column width=&#8221;2\/3&#8243;][vc_empty_space height=&#8221;40px&#8221;][vc_column_text css=&#8221;.vc_custom_1738785455736{margin-bottom: 0px !important;}&#8221;] Blainville Exterminator In Blainville, a pest infestation can quickly become a major problem that affects both your quality of life and the security of your home or business. Elite [&hellip;]<\/p>\n","protected":false},"author":1,"featured_media":0,"parent":0,"menu_order":0,"comment_status":"closed","ping_status":"closed","template":"","meta":{"_acf_changed":false,"yasr_overall_rating":4.7,"yasr_post_is_review":"","yasr_auto_insert_disabled":"","yasr_review_type":"","footnotes":""},"class_list":["post-5948","page","type-page","status-publish","hentry"],"acf":[],"yoast_head":"<!-- This site is optimized with the Yoast SEO plugin v26.9 - https:\/\/yoast.com\/product\/yoast-seo-wordpress\/ -->\n<title>Blainville Exterminator \u2013 FAST service 514-791-8385<\/title>\n<meta name=\"description\" content=\"Protect your Blainville home: fast, effective pest extermination with Elite Pest Control. Emergency services to eliminate all types of pests!\" \/>\n<meta name=\"robots\" content=\"index, follow, max-snippet:-1, max-image-preview:large, max-video-preview:-1\" \/>\n<link rel=\"canonical\" href=\"https:\/\/eliteextermination.com\/en\/exterminator-blainville\/\" \/>\n<meta property=\"og:locale\" content=\"en_US\" \/>\n<meta property=\"og:type\" content=\"article\" \/>\n<meta property=\"og:title\" content=\"Blainville Exterminator \u2013 FAST service 514-791-8385\" \/>\n<meta property=\"og:description\" content=\"Protect your Blainville home: fast, effective pest extermination with Elite Pest Control. Emergency services to eliminate all types of pests!\" \/>\n<meta property=\"og:url\" content=\"https:\/\/eliteextermination.com\/en\/exterminator-blainville\/\" \/>\n<meta property=\"og:site_name\" content=\"\u00c9lite Extermination\" \/>\n<meta property=\"article:modified_time\" content=\"2025-03-10T17:38:00+00:00\" \/>\n<meta name=\"twitter:card\" content=\"summary_large_image\" \/>\n<meta name=\"twitter:label1\" content=\"Est. reading time\" \/>\n\t<meta name=\"twitter:data1\" content=\"6 minutes\" \/>\n<!-- \/ Yoast SEO plugin. -->","yoast_head_json":{"title":"Blainville Exterminator \u2013 FAST service 514-791-8385","description":"Protect your Blainville home: fast, effective pest extermination with Elite Pest Control. Emergency services to eliminate all types of pests!","robots":{"index":"index","follow":"follow","max-snippet":"max-snippet:-1","max-image-preview":"max-image-preview:large","max-video-preview":"max-video-preview:-1"},"canonical":"https:\/\/eliteextermination.com\/en\/exterminator-blainville\/","og_locale":"en_US","og_type":"article","og_title":"Blainville Exterminator \u2013 FAST service 514-791-8385","og_description":"Protect your Blainville home: fast, effective pest extermination with Elite Pest Control. Emergency services to eliminate all types of pests!","og_url":"https:\/\/eliteextermination.com\/en\/exterminator-blainville\/","og_site_name":"\u00c9lite Extermination","article_modified_time":"2025-03-10T17:38:00+00:00","twitter_card":"summary_large_image","twitter_misc":{"Est. reading time":"6 minutes"},"schema":{"@context":"https:\/\/schema.org","@graph":[{"@type":"WebPage","@id":"https:\/\/eliteextermination.com\/en\/exterminator-blainville\/","url":"https:\/\/eliteextermination.com\/en\/exterminator-blainville\/","name":"Blainville Exterminator \u2013 FAST service 514-791-8385","isPartOf":{"@id":"https:\/\/eliteextermination.com\/en\/#website"},"datePublished":"2025-02-05T20:02:42+00:00","dateModified":"2025-03-10T17:38:00+00:00","description":"Protect your Blainville home: fast, effective pest extermination with Elite Pest Control. Emergency services to eliminate all types of pests!","breadcrumb":{"@id":"https:\/\/eliteextermination.com\/en\/exterminator-blainville\/#breadcrumb"},"inLanguage":"en-CA","potentialAction":[{"@type":"ReadAction","target":["https:\/\/eliteextermination.com\/en\/exterminator-blainville\/"]}]},{"@type":"BreadcrumbList","@id":"https:\/\/eliteextermination.com\/en\/exterminator-blainville\/#breadcrumb","itemListElement":[{"@type":"ListItem","position":1,"name":"Home","item":"https:\/\/eliteextermination.com\/en\/"},{"@type":"ListItem","position":2,"name":"Blainville Exterminators"}]},{"@type":"WebSite","@id":"https:\/\/eliteextermination.com\/en\/#website","url":"https:\/\/eliteextermination.com\/en\/","name":"\u00c9lite Extermination","description":"Pest Control Experts in Montreal, Laval, St-J\u00e9r\u00f4me, Repentigny, Trois-Rivi\u00e8res, Gatineau, South Shore","potentialAction":[{"@type":"SearchAction","target":{"@type":"EntryPoint","urlTemplate":"https:\/\/eliteextermination.com\/en\/?s={search_term_string}"},"query-input":{"@type":"PropertyValueSpecification","valueRequired":true,"valueName":"search_term_string"}}],"inLanguage":"en-CA"},false]}},"yasr_visitor_votes":{"stars_attributes":{"read_only":false,"span_bottom":false},"number_of_votes":0,"sum_votes":0},"_links":{"self":[{"href":"https:\/\/eliteextermination.com\/en\/wp-json\/wp\/v2\/pages\/5948","targetHints":{"allow":["GET"]}}],"collection":[{"href":"https:\/\/eliteextermination.com\/en\/wp-json\/wp\/v2\/pages"}],"about":[{"href":"https:\/\/eliteextermination.com\/en\/wp-json\/wp\/v2\/types\/page"}],"author":[{"embeddable":true,"href":"https:\/\/eliteextermination.com\/en\/wp-json\/wp\/v2\/users\/1"}],"replies":[{"embeddable":true,"href":"https:\/\/eliteextermination.com\/en\/wp-json\/wp\/v2\/comments?post=5948"}],"version-history":[{"count":8,"href":"https:\/\/eliteextermination.com\/en\/wp-json\/wp\/v2\/pages\/5948\/revisions"}],"predecessor-version":[{"id":6487,"href":"https:\/\/eliteextermination.com\/en\/wp-json\/wp\/v2\/pages\/5948\/revisions\/6487"}],"wp:attachment":[{"href":"https:\/\/eliteextermination.com\/en\/wp-json\/wp\/v2\/media?parent=5948"}],"curies":[{"name":"wp","href":"https:\/\/api.w.org\/{rel}","templated":true}]}}