{"id":6058,"date":"2025-02-05T15:24:29","date_gmt":"2025-02-05T20:24:29","guid":{"rendered":"https:\/\/eliteextermination.com\/?page_id=6058"},"modified":"2025-03-10T13:28:04","modified_gmt":"2025-03-10T17:28:04","slug":"exterminator-sainte-therese","status":"publish","type":"page","link":"https:\/\/eliteextermination.com\/en\/exterminator-sainte-therese\/","title":{"rendered":"Sainte-Th\u00e9r\u00e8se Exterminators"},"content":{"rendered":"<div class=\"wpb-content-wrapper\">[vc_row fullwidth=&#8221;true&#8221; el_class=&#8221;BackGroundImageScale&#8221; css=&#8221;.vc_custom_1500048800305{background-image: url(https:\/\/eliteextermination.com\/wp-content\/uploads\/2017\/06\/head-propos.jpg?id=2146) !important;}&#8221;][vc_column][vc_column_text align=&#8221;center&#8221; el_class=&#8221;Service_Title&#8221; css=&#8221;.vc_custom_1738786557028{margin-bottom: 0px !important;}&#8221;]<span class=\"Contact_Bigger_Paragraph White_Text\">EXPERT PEST EXTERMINATION<\/span><br \/>\n<span class=\"Service_HugeText\">IN SAINTE-TH\u00c9R\u00c8SE<\/span><br \/>\n<a href=\"tel:5147918385\"><button class=\"Button_Style_Blue Button_Centered\" type=\"button\">514 791-8385<\/button><\/a>[\/vc_column_text][\/vc_column][\/vc_row][vc_row fullwidth=&#8221;true&#8221; equal_columns=&#8221;true&#8221; attached=&#8221;true&#8221; column_padding=&#8221;4&#8243;][vc_column width=&#8221;2\/3&#8243;][vc_empty_space height=&#8221;40px&#8221;][vc_column_text css=&#8221;.vc_custom_1738786592653{margin-bottom: 0px !important;}&#8221;]\n<h1 style=\"text-align: center;\">Sainte-Th\u00e9r\u00e8se Exterminators<\/h1>\n<p style=\"text-align: center;\">Looking for an exterminator in the Sainte-Th\u00e9r\u00e8se area? Elite Pest Control offers fast, efficient, local extermination services that will solve your pest problem. Our experts will effectively eliminate the infestation and prevent future issues. We have the right solutions for getting rid of rodents, insects and more. For fast, efficient pest management services throughout the North Shore, contact us today at +1 514 791 8385.<\/p>\n[\/vc_column_text][mk_button size=&#8221;large&#8221; url=&#8221;tel:+15147918385&#8243; align=&#8221;center&#8221;]514 791 8385[\/mk_button][vc_empty_space height=&#8221;40px&#8221;][vc_column_text css=&#8221;.vc_custom_1738853823176{margin-bottom: 0px !important;}&#8221;]\n<h2 style=\"text-align: left;\">Choose Elite Pest Control for extermination services in Sainte-Th\u00e9r\u00e8se<\/h2>\n<ul>\n<li style=\"font-weight: 400; text-align: left;\" aria-level=\"1\">With over 10 years of experience in pest management, Elite Pest Control is a trusted Sainte-Th\u00e9r\u00e8se exterminator. We provide meticulous interventions to guarantee complete pest removal.<\/li>\n<li style=\"font-weight: 400; text-align: left;\" aria-level=\"1\">Our specially-trained team provides discreet services so you can benefit from comfortable, neighbour-friendly pest control. Trust an excellent service by professional exterminators who respect the confidentiality of every customer.<\/li>\n<li style=\"font-weight: 400; text-align: left;\" aria-level=\"1\">Elite Pest Control provides not only <a href=\"https:\/\/eliteextermination.com\/en\/pest-extermination\/\">pest extermination<\/a>, but also preventative measures like caulking solutions and personalized advice so you can avoid new infestations anywhere in Sainte-Th\u00e9r\u00e8se.<\/li>\n<\/ul>\n[\/vc_column_text][\/vc_column][vc_column width=&#8221;1\/3&#8243; el_class=&#8221;bg-dark-blue col-center-top&#8221;]\n<div class=\"wpcf7 no-js\" id=\"wpcf7-f2495-o1\" lang=\"fr-FR\" dir=\"ltr\" data-wpcf7-id=\"2495\">\n<div class=\"screen-reader-response\"><p role=\"status\" aria-live=\"polite\" aria-atomic=\"true\"><\/p> <ul><\/ul><\/div>\n<form action=\"\/en\/wp-json\/wp\/v2\/pages\/6058#wpcf7-f2495-o1\" method=\"post\" class=\"wpcf7-form init\" aria-label=\"Formulaire de contact\" novalidate=\"novalidate\" data-status=\"init\">\n<fieldset class=\"hidden-fields-container\"><input type=\"hidden\" name=\"_wpcf7\" value=\"2495\" \/><input type=\"hidden\" name=\"_wpcf7_version\" value=\"6.1.4\" \/><input type=\"hidden\" name=\"_wpcf7_locale\" value=\"fr_FR\" \/><input type=\"hidden\" name=\"_wpcf7_unit_tag\" value=\"wpcf7-f2495-o1\" \/><input type=\"hidden\" name=\"_wpcf7_container_post\" value=\"0\" \/><input type=\"hidden\" name=\"_wpcf7_posted_data_hash\" value=\"\" \/><input type=\"hidden\" name=\"_wpcf7_recaptcha_response\" value=\"\" \/>\n<\/fieldset>\n<div class=\"service-form\">\n\t<p><span class=\"wpcf7-form-control-wrap\" data-name=\"typedemande\"><select class=\"wpcf7-form-control wpcf7-select wpcf7-validates-as-required\" aria-required=\"true\" aria-invalid=\"false\" name=\"typedemande\"><option value=\"\">Type of request*<\/option><option value=\"Questions or comments\">Questions or comments<\/option><option value=\"Free estimate\">Free estimate<\/option><option value=\"Emergency\">Emergency<\/option><\/select><\/span><span class=\"wpcf7-form-control-wrap\" data-name=\"last-name\"><input size=\"40\" maxlength=\"400\" class=\"wpcf7-form-control wpcf7-text wpcf7-validates-as-required\" aria-required=\"true\" aria-invalid=\"false\" placeholder=\"Last name*\" value=\"\" type=\"text\" name=\"last-name\" \/><\/span><br \/>\n<span class=\"wpcf7-form-control-wrap\" data-name=\"email\"><input size=\"40\" maxlength=\"400\" class=\"wpcf7-form-control wpcf7-email wpcf7-validates-as-required wpcf7-text wpcf7-validates-as-email\" aria-required=\"true\" aria-invalid=\"false\" placeholder=\"E-mail*\" value=\"\" type=\"email\" name=\"email\" \/><\/span><br \/>\n<span class=\"wpcf7-form-control-wrap\" data-name=\"telephone\"><input size=\"40\" maxlength=\"400\" class=\"wpcf7-form-control wpcf7-tel wpcf7-validates-as-required wpcf7-text wpcf7-validates-as-tel\" aria-required=\"true\" aria-invalid=\"false\" placeholder=\"Phone number*\" value=\"\" type=\"tel\" name=\"telephone\" \/><\/span><br \/>\n<span class=\"wpcf7-form-control-wrap\" data-name=\"message\"><textarea cols=\"40\" rows=\"10\" maxlength=\"2000\" class=\"wpcf7-form-control wpcf7-textarea wpcf7-validates-as-required\" aria-required=\"true\" aria-invalid=\"false\" placeholder=\"Message*\" name=\"message\"><\/textarea><\/span><br \/>\n\t<div class=\"wpcf7-response-output\" aria-hidden=\"true\"><\/div><br \/>\n<span id=\"wpcf7-69e47fb353d8f-wrapper\" class=\"wpcf7-form-control-wrap field-wrap\" style=\"display:none !important; visibility:hidden !important;\"><label for=\"wpcf7-69e47fb353d8f-field\" class=\"hp-message\">Veuillez laisser ce champ vide.<\/label><input id=\"wpcf7-69e47fb353d8f-field\"  class=\"wpcf7-form-control wpcf7-text\" type=\"text\" name=\"field\" value=\"\" size=\"40\" tabindex=\"-1\" autocomplete=\"new-password\" \/><\/span><br \/>\n\t<br \/>\n<input class=\"wpcf7-form-control wpcf7-submit has-spinner Button_Style_Blue\" type=\"submit\" value=\"SEND\" \/>\n\t<\/p>\n<\/div>\n<p><script>\ndocument.addEventListener( 'wpcf7mailsent', function( event ) {\n location = 'https:\/\/eliteextermination.com\/en\/thank-you\/';\n}, false );\n<\/script>\n<\/p><input type='hidden' class='wpcf7-pum' value='{\"closepopup\":false,\"closedelay\":0,\"openpopup\":false,\"openpopup_id\":0}' \/>\n<\/form>\n<\/div>\n[\/vc_column][\/vc_row][vc_row fullwidth=&#8221;true&#8221; fullwidth_content=&#8221;false&#8221; css=&#8221;.vc_custom_1726586587651{background-color: #dddddd !important;}&#8221;][vc_column][vc_empty_space height=&#8221;40px&#8221;][vc_column_text css=&#8221;.vc_custom_1738786643771{margin-bottom: 0px !important;}&#8221;]\n<h2 style=\"text-align: center;\">Emergency exterminators in Sainte-Th\u00e9r\u00e8se<\/h2>\n[\/vc_column_text][vc_column_text css=&#8221;.vc_custom_1738853859316{margin-bottom: 0px !important;}&#8221;]\n<p style=\"text-align: center;\">Pest infestations can quickly get out of control. That\u2019s why our team of Sainte-Th\u00e9r\u00e8se exterminators offers emergency services. We\u2019ll do a thorough inspection, then put in place a quick and lasting extermination strategy. Our services can be tailored to all types of pests, including rodents (mice, rats, raccoons, etc.) and insects (carpenter ants, bed bugs, wasps and hornets, cockroaches, cockroaches, etc.). When an infestation spreads, it not only threatens your peace of mind, it also poses a risk to your health. In just a few hours, our experts will intervene, assess the situation and carry out a rigorous extermination procedure.<\/p>\n<p style=\"text-align: center;\">Whether you need a <a href=\"https:\/\/eliteextermination.com\/en\/insects-pests\/mouse-extermination\/\">mouse exterminator<\/a>, <a href=\"https:\/\/eliteextermination.com\/en\/insects-pests\/bat-extermination\/\">bat exterminator<\/a>, or other type of intervention, our specialists are ready to intervene quickly with an effective, affordable solution tailored to your needs.<\/p>\n[\/vc_column_text][\/vc_column][\/vc_row][vc_row fullwidth=&#8221;true&#8221; fullwidth_content=&#8221;false&#8221; css=&#8221;.vc_custom_1726585455068{background-color: #DDDDDD !important;}&#8221;][vc_column width=&#8221;2\/3&#8243;][vc_column_text css=&#8221;.vc_custom_1738786673314{margin-bottom: 0px !important;}&#8221;]\n<h3 style=\"text-align: center;\">Mouse extermination<\/h3>\n[\/vc_column_text][vc_column_text css=&#8221;.vc_custom_1738786683520{margin-bottom: 0px !important;}&#8221;]\n<p style=\"text-align: center;\">Despite their small size, mice can cause significant damage to homes. They can contaminate surfaces, damage electrical installations and reproduce very quickly. Our mouse extermination service in Sainte-Th\u00e9r\u00e8se tackles each infestation problem by identifying access points and infested areas, applying targeted solutions, and ensuring long-lasting prevention. Our exterminators do everything possible to capture and relocate pests with respect for local environmental and health regulations and without posing any risk to your family.<\/p>\n[\/vc_column_text][vc_column_text css=&#8221;.vc_custom_1738786692911{margin-bottom: 0px !important;}&#8221;]\n<h3 style=\"text-align: center;\">Bat extermination<\/h3>\n[\/vc_column_text][vc_column_text css=&#8221;.vc_custom_1738786703620{margin-bottom: 0px !important;}&#8221;]\n<p style=\"text-align: center;\">Although bats play an important role in the local ecosystem, they are considered pests when they invite themselves into your home. Our exterminators in Sainte-Th\u00e9r\u00e8se use proven, eco-friendly methods to remove bats without harming them. After carefully evaluating the situation, we\u2019ll develop an action plan, seal the entry points and keep your property protected while offering these protected animals the respect they deserve.<\/p>\n[\/vc_column_text][vc_column_text css=&#8221;.vc_custom_1738786715315{margin-bottom: 0px !important;}&#8221;]\n<h3 style=\"text-align: center;\">Rat and rodent extermination<\/h3>\n[\/vc_column_text][vc_column_text css=&#8221;.vc_custom_1738786727228{margin-bottom: 0px !important;}&#8221;]\n<p style=\"text-align: center;\">Rats and other rodents can wreak havoc on your property by carrying diseases and causing costly damage. Our extermination service in Sainte-Th\u00e9r\u00e8se relies on quick, proven solutions to eradicate rodents and block their access points so you can enjoy a healthy and safe space. Elite Pest Control is the Sainte-Th\u00e9r\u00e8se exterminator you can trust.<\/p>\n[\/vc_column_text][\/vc_column][vc_column width=&#8221;1\/3&#8243;][mk_image src=&#8221;https:\/\/eliteextermination.com\/wp-content\/uploads\/2023\/11\/souris-rongeurs-comble-fil-electrique.jpg&#8221; lazyload=&#8221;true&#8221; align=&#8221;right&#8221;][mk_image src=&#8221;https:\/\/eliteextermination.com\/wp-content\/uploads\/2020\/05\/faire-fuir-chauves-souris.jpg&#8221; align=&#8221;center&#8221;][mk_image src=&#8221;https:\/\/eliteextermination.com\/wp-content\/uploads\/2017\/07\/top-rats-2.jpg&#8221; align=&#8221;center&#8221;][\/vc_column][\/vc_row][vc_row fullwidth=&#8221;true&#8221; fullwidth_content=&#8221;false&#8221; css=&#8221;.vc_custom_1726586739672{background-color: #DDDDDD !important;}&#8221;][vc_column][vc_empty_space height=&#8221;40px&#8221;][mk_button size=&#8221;x-large&#8221; url=&#8221;https:\/\/eliteextermination.com\/en\/contact-us\/&#8221; align=&#8221;center&#8221;]I want a free quote[\/mk_button][\/vc_column][\/vc_row][vc_row][vc_column][vc_empty_space height=&#8221;40px&#8221;][vc_column_text css=&#8221;.vc_custom_1738786788399{margin-bottom: 0px !important;}&#8221;]\n<h2 style=\"text-align: center;\">Why you should act quickly if you have a pest infestation in Sainte-Th\u00e9r\u00e8se<\/h2>\n<p style=\"text-align: center;\">Pest infestations in Sainte-Th\u00e9r\u00e8se are more than just an inconvenience: they pose a risk to the health and safety of your family and pets. Acting quickly is the key to avoiding high costs and irreparable damage. Here&#8217;s why you should contact a professional exterminator:<\/p>\n<h3 style=\"text-align: center;\">Health and hygiene<\/h3>\n<p style=\"text-align: center;\">Pests, especially rats and mice, can carry diseases and parasites that can seriously harm your health. A prolonged infestation increases the chances of contamination, not only in kitchen and food storage areas, but also in living spaces. The feces and other traces of these creatures pose risks of infection and allergies, especially in children and those who are most vulnerable.<\/p>\n<h3 style=\"text-align: center;\">Damage<\/h3>\n<p style=\"text-align: center;\">Rodents are known to use their sharp teeth to gnaw through electrical cables, furniture, and even wooden structural elements. This can lead to short circuits, fires and costly property damage. A quick intervention by an exterminator in Ste-Th\u00e9r\u00e8se makes it possible to limit this damage, by directly targeting the areas of pest activity.<\/p>\n<h3 style=\"text-align: center;\">Preserve your peace and comfort<\/h3>\n<p style=\"text-align: center;\">Pest infestations cause significant stress and disrupt daily life. Noises in your walls, droppings and bite marks are signs of an infestation that can be very disturbing. Our exterminators in Sainte-Th\u00e9r\u00e8se guarantee a fast and thorough service that will restore your peace of mind.<\/p>\n<h3 style=\"text-align: center;\">Stop the infestation from spreading further<\/h3>\n<p style=\"text-align: center;\">Pests reproduce quickly. A small infestation can become a big problem in a matter of weeks. By intervening at the first signs, you limit the effort and costs associated with extermination and decontamination. Elite Pest Control in Sainte-Th\u00e9r\u00e8se offers rigorous follow-up to prevent any recurrence.<\/p>\n[\/vc_column_text][vc_empty_space height=&#8221;40px&#8221;][vc_gmaps link=&#8221;#E-8_JTNDaWZyYW1lJTIwc3JjJTNEJTIyaHR0cHMlM0ElMkYlMkZ3d3cuZ29vZ2xlLmNvbSUyRm1hcHMlMkZlbWJlZCUzRnBiJTNEJTIxMW0xOCUyMTFtMTIlMjExbTMlMjExZDIyMzEzLjg5MDIzMzQ4OTYxNiUyMTJkLTczLjg2Njk0ODAwNTg1MzkzJTIxM2Q0NS42NDYwNzY2MDA3NzA0MyUyMTJtMyUyMTFmMCUyMTJmMCUyMTNmMCUyMTNtMiUyMTFpMTAyNCUyMTJpNzY4JTIxNGYxMy4xJTIxM20zJTIxMW0yJTIxMXMweDRjYzkyN2NlM2Y4OTQxMTUlMjUzQTB4M2UxMDM5Yjc4MTBjNGNjJTIxMnpVMkZwYm5SbExWUm93Nmx5dzZoelpTd2dVVU0lMjE1ZTAlMjEzbTIlMjExc2ZyJTIxMnNjYSUyMTR2MTczODc4Njc5NzIyNCUyMTVtMiUyMTFzZnIlMjEyc2NhJTIyJTIwd2lkdGglM0QlMjI2MDAlMjIlMjBoZWlnaHQlM0QlMjI0NTAlMjIlMjBzdHlsZSUzRCUyMmJvcmRlciUzQTAlM0IlMjIlMjBhbGxvd2Z1bGxzY3JlZW4lM0QlMjIlMjIlMjBsb2FkaW5nJTNEJTIybGF6eSUyMiUyMHJlZmVycmVycG9saWN5JTNEJTIybm8tcmVmZXJyZXItd2hlbi1kb3duZ3JhZGUlMjIlM0UlM0MlMkZpZnJhbWUlM0U=&#8221; css=&#8221;&#8221;][\/vc_column][\/vc_row][vc_row][vc_column width=&#8221;1\/3&#8243;][vc_empty_space height=&#8221;40px&#8221;][vc_column_text css=&#8221;.vc_custom_1741626077052{margin-bottom: 0px !important;}&#8221;]\n<ul>\n<li style=\"text-align: center;\"><a href=\"https:\/\/eliteextermination.com\/en\/extermination-montreal\/\">Extermination in Montreal<\/a><\/li>\n<li style=\"text-align: center;\"><a href=\"https:\/\/eliteextermination.com\/en\/exterminator-anjou\/\">Extermination in Anjou<\/a><\/li>\n<li style=\"text-align: center;\"><a href=\"https:\/\/eliteextermination.com\/en\/exterminator-rosemont\/\">Extermination in Rosemont<\/a><\/li>\n<li style=\"text-align: center;\"><a href=\"https:\/\/eliteextermination.com\/en\/exterminator-verdun-2-2\/\">Extermination in Verdun<\/a><\/li>\n<li style=\"text-align: center;\"><a href=\"https:\/\/eliteextermination.com\/en\/exterminator-berthierville\/\">Extermination in Berthierville<\/a><\/li>\n<\/ul>\n[\/vc_column_text][vc_empty_space height=&#8221;40px&#8221;][\/vc_column][vc_column width=&#8221;1\/3&#8243;][vc_empty_space height=&#8221;40px&#8221;][vc_column_text css=&#8221;.vc_custom_1738852963137{margin-bottom: 0px !important;}&#8221;]\n<ul>\n<li style=\"text-align: center;\"><a href=\"https:\/\/eliteextermination.com\/en\/extermination-terrebonne\/\">Extermination in Terrebonne<\/a><\/li>\n<li style=\"text-align: center;\"><a href=\"https:\/\/eliteextermination.com\/en\/extermination-trois-rivieres\/\">Extermination in Trois-Rivi\u00e8res<\/a><\/li>\n<li style=\"text-align: center;\"><a href=\"https:\/\/eliteextermination.com\/en\/exterminator-brossard\/\">Extermination in Brossard<\/a><\/li>\n<li style=\"text-align: center;\"><a href=\"https:\/\/eliteextermination.com\/en\/extermination-laval\/\">Extermination in Laval<\/a><\/li>\n<li style=\"text-align: center;\"><a href=\"https:\/\/eliteextermination.com\/en\/exterminator-l-assomption\/\">Extermination in L&#8217;Assomption<\/a><\/li>\n<\/ul>\n[\/vc_column_text][vc_empty_space height=&#8221;40px&#8221;][\/vc_column][vc_column width=&#8221;1\/3&#8243;][vc_empty_space height=&#8221;40px&#8221;][vc_column_text css=&#8221;.vc_custom_1741627680046{margin-bottom: 0px !important;}&#8221;]\n<ul>\n<li style=\"text-align: center;\"><a href=\"https:\/\/eliteextermination.com\/en\/extermination-repentigny\/\">Extermination in Repentigny<\/a><\/li>\n<li style=\"text-align: center;\"><a href=\"https:\/\/eliteextermination.com\/en\/extermination-st-jerome\/\">Extermination in Saint-J\u00e9r\u00f4me<\/a><\/li>\n<li style=\"text-align: center;\"><a href=\"https:\/\/eliteextermination.com\/en\/exterminator-montreal-north\/\">Extermination in Montr\u00e9al North<\/a><\/li>\n<li style=\"text-align: center;\"><a href=\"https:\/\/eliteextermination.com\/en\/exterminator-hochelaga-maisonneuve\/\">Extermination in Hochelaga-Maisonneuve<\/a><\/li>\n<li style=\"text-align: center;\"><a href=\"https:\/\/eliteextermination.com\/en\/exterminator-lachenaie\/\">Exterminateur in Lachenaie<\/a><\/li>\n<\/ul>\n[\/vc_column_text][vc_empty_space height=&#8221;40px&#8221;][\/vc_column][\/vc_row][vc_row fullwidth=&#8221;true&#8221; css=&#8221;.vc_custom_1505926935168{background-color: #0055c5 !important;}&#8221; el_class=&#8221;row-call&#8221;][vc_column][vc_row_inner is_fullwidth_content=&#8221;false&#8221;][vc_column_inner][vc_empty_space][vc_column_text align=&#8221;center&#8221; el_class=&#8221;SubTitle_Paragraph_Text White_Text&#8221; css=&#8221;.vc_custom_1738787022577{margin-bottom: 0px !important;}&#8221;]\n<h2>Contact our certified Sainte-Th\u00e9r\u00e8se exterminators now<\/h2>\n<p style=\"text-align: left;\"><span style=\"font-weight: 400;\">Call on Elite Pest Control to keep your space safe. Our Sainte-Th\u00e9r\u00e8se exterminators are ready to intervene with effective and sustainable pest control solutions. Contact us for reliable and professional <\/span><a href=\"https:\/\/eliteextermination.com\/en\/emergency-24-7\/\"><span style=\"font-weight: 400;\">emergency extermination<\/span><\/a><span style=\"font-weight: 400;\">, combined with preventive measures that guarantee lasting results.<\/span><\/p>\n<p style=\"text-align: center;\"><a href=\"https:\/\/eliteextermination.com\/en\/contact-us\/\"><span style=\"font-weight: 400;\">PEST CONTROL FREE QUOTE<\/span><\/a>\u00a0 \u00a0 \u00a0<a href=\"tel:+15147918385\"><span style=\"font-weight: 400;\">514 791 8385<\/span><\/a><\/p>\n[\/vc_column_text][vc_empty_space height=&#8221;20px&#8221;][\/vc_column_inner][\/vc_row_inner][\/vc_column][\/vc_row][vc_row][vc_column][\/vc_column][\/vc_row]\n<\/div>","protected":false},"excerpt":{"rendered":"<p>[vc_row fullwidth=&#8221;true&#8221; el_class=&#8221;BackGroundImageScale&#8221; css=&#8221;.vc_custom_1500048800305{background-image: url(https:\/\/eliteextermination.com\/wp-content\/uploads\/2017\/06\/head-propos.jpg?id=2146) !important;}&#8221;][vc_column][vc_column_text align=&#8221;center&#8221; el_class=&#8221;Service_Title&#8221; css=&#8221;.vc_custom_1738786557028{margin-bottom: 0px !important;}&#8221;]EXPERT PEST EXTERMINATION IN SAINTE-TH\u00c9R\u00c8SE 514 791-8385[\/vc_column_text][\/vc_column][\/vc_row][vc_row fullwidth=&#8221;true&#8221; equal_columns=&#8221;true&#8221; attached=&#8221;true&#8221; column_padding=&#8221;4&#8243;][vc_column width=&#8221;2\/3&#8243;][vc_empty_space height=&#8221;40px&#8221;][vc_column_text css=&#8221;.vc_custom_1738786592653{margin-bottom: 0px !important;}&#8221;] Sainte-Th\u00e9r\u00e8se Exterminators Looking for an exterminator in the Sainte-Th\u00e9r\u00e8se area? Elite Pest Control offers fast, efficient, local extermination services that will solve your pest problem. Our experts will effectively [&hellip;]<\/p>\n","protected":false},"author":1,"featured_media":0,"parent":0,"menu_order":0,"comment_status":"closed","ping_status":"closed","template":"","meta":{"_acf_changed":false,"yasr_overall_rating":4.7,"yasr_post_is_review":"","yasr_auto_insert_disabled":"","yasr_review_type":"","footnotes":""},"class_list":["post-6058","page","type-page","status-publish","hentry"],"acf":[],"yoast_head":"<!-- This site is optimized with the Yoast SEO plugin v26.9 - https:\/\/yoast.com\/product\/yoast-seo-wordpress\/ -->\n<title>Sainte-Th\u00e9r\u00e8se Exterminator \u2013 FAST service 514-791-8385<\/title>\n<meta name=\"description\" content=\"Do you have a pest problem in Sainte-Th\u00e9r\u00e8se? Elite Pest Control offers fast, efficient and discreet extermination services.\" \/>\n<meta name=\"robots\" content=\"index, follow, max-snippet:-1, max-image-preview:large, max-video-preview:-1\" \/>\n<link rel=\"canonical\" href=\"https:\/\/eliteextermination.com\/en\/exterminator-sainte-therese\/\" \/>\n<meta property=\"og:locale\" content=\"en_US\" \/>\n<meta property=\"og:type\" content=\"article\" \/>\n<meta property=\"og:title\" content=\"Sainte-Th\u00e9r\u00e8se Exterminator \u2013 FAST service 514-791-8385\" \/>\n<meta property=\"og:description\" content=\"Do you have a pest problem in Sainte-Th\u00e9r\u00e8se? Elite Pest Control offers fast, efficient and discreet extermination services.\" \/>\n<meta property=\"og:url\" content=\"https:\/\/eliteextermination.com\/en\/exterminator-sainte-therese\/\" \/>\n<meta property=\"og:site_name\" content=\"\u00c9lite Extermination\" \/>\n<meta property=\"article:modified_time\" content=\"2025-03-10T17:28:04+00:00\" \/>\n<meta name=\"twitter:card\" content=\"summary_large_image\" \/>\n<meta name=\"twitter:label1\" content=\"Est. reading time\" \/>\n\t<meta name=\"twitter:data1\" content=\"6 minutes\" \/>\n<!-- \/ Yoast SEO plugin. -->","yoast_head_json":{"title":"Sainte-Th\u00e9r\u00e8se Exterminator \u2013 FAST service 514-791-8385","description":"Do you have a pest problem in Sainte-Th\u00e9r\u00e8se? Elite Pest Control offers fast, efficient and discreet extermination services.","robots":{"index":"index","follow":"follow","max-snippet":"max-snippet:-1","max-image-preview":"max-image-preview:large","max-video-preview":"max-video-preview:-1"},"canonical":"https:\/\/eliteextermination.com\/en\/exterminator-sainte-therese\/","og_locale":"en_US","og_type":"article","og_title":"Sainte-Th\u00e9r\u00e8se Exterminator \u2013 FAST service 514-791-8385","og_description":"Do you have a pest problem in Sainte-Th\u00e9r\u00e8se? Elite Pest Control offers fast, efficient and discreet extermination services.","og_url":"https:\/\/eliteextermination.com\/en\/exterminator-sainte-therese\/","og_site_name":"\u00c9lite Extermination","article_modified_time":"2025-03-10T17:28:04+00:00","twitter_card":"summary_large_image","twitter_misc":{"Est. reading time":"6 minutes"},"schema":{"@context":"https:\/\/schema.org","@graph":[{"@type":"WebPage","@id":"https:\/\/eliteextermination.com\/en\/exterminator-sainte-therese\/","url":"https:\/\/eliteextermination.com\/en\/exterminator-sainte-therese\/","name":"Sainte-Th\u00e9r\u00e8se Exterminator \u2013 FAST service 514-791-8385","isPartOf":{"@id":"https:\/\/eliteextermination.com\/en\/#website"},"datePublished":"2025-02-05T20:24:29+00:00","dateModified":"2025-03-10T17:28:04+00:00","description":"Do you have a pest problem in Sainte-Th\u00e9r\u00e8se? Elite Pest Control offers fast, efficient and discreet extermination services.","breadcrumb":{"@id":"https:\/\/eliteextermination.com\/en\/exterminator-sainte-therese\/#breadcrumb"},"inLanguage":"en-CA","potentialAction":[{"@type":"ReadAction","target":["https:\/\/eliteextermination.com\/en\/exterminator-sainte-therese\/"]}]},{"@type":"BreadcrumbList","@id":"https:\/\/eliteextermination.com\/en\/exterminator-sainte-therese\/#breadcrumb","itemListElement":[{"@type":"ListItem","position":1,"name":"Home","item":"https:\/\/eliteextermination.com\/en\/"},{"@type":"ListItem","position":2,"name":"Sainte-Th\u00e9r\u00e8se Exterminators"}]},{"@type":"WebSite","@id":"https:\/\/eliteextermination.com\/en\/#website","url":"https:\/\/eliteextermination.com\/en\/","name":"\u00c9lite Extermination","description":"Pest Control Experts in Montreal, Laval, St-J\u00e9r\u00f4me, Repentigny, Trois-Rivi\u00e8res, Gatineau, South Shore","potentialAction":[{"@type":"SearchAction","target":{"@type":"EntryPoint","urlTemplate":"https:\/\/eliteextermination.com\/en\/?s={search_term_string}"},"query-input":{"@type":"PropertyValueSpecification","valueRequired":true,"valueName":"search_term_string"}}],"inLanguage":"en-CA"},false]}},"yasr_visitor_votes":{"stars_attributes":{"read_only":false,"span_bottom":false},"number_of_votes":0,"sum_votes":0},"_links":{"self":[{"href":"https:\/\/eliteextermination.com\/en\/wp-json\/wp\/v2\/pages\/6058","targetHints":{"allow":["GET"]}}],"collection":[{"href":"https:\/\/eliteextermination.com\/en\/wp-json\/wp\/v2\/pages"}],"about":[{"href":"https:\/\/eliteextermination.com\/en\/wp-json\/wp\/v2\/types\/page"}],"author":[{"embeddable":true,"href":"https:\/\/eliteextermination.com\/en\/wp-json\/wp\/v2\/users\/1"}],"replies":[{"embeddable":true,"href":"https:\/\/eliteextermination.com\/en\/wp-json\/wp\/v2\/comments?post=6058"}],"version-history":[{"count":6,"href":"https:\/\/eliteextermination.com\/en\/wp-json\/wp\/v2\/pages\/6058\/revisions"}],"predecessor-version":[{"id":6474,"href":"https:\/\/eliteextermination.com\/en\/wp-json\/wp\/v2\/pages\/6058\/revisions\/6474"}],"wp:attachment":[{"href":"https:\/\/eliteextermination.com\/en\/wp-json\/wp\/v2\/media?parent=6058"}],"curies":[{"name":"wp","href":"https:\/\/api.w.org\/{rel}","templated":true}]}}