{"id":6522,"date":"2025-04-01T13:45:25","date_gmt":"2025-04-01T17:45:25","guid":{"rendered":"https:\/\/eliteextermination.com\/?page_id=6522"},"modified":"2025-04-01T13:45:25","modified_gmt":"2025-04-01T17:45:25","slug":"exterminator-mirabel","status":"publish","type":"page","link":"https:\/\/eliteextermination.com\/en\/exterminator-mirabel\/","title":{"rendered":"Mirabel Exterminators"},"content":{"rendered":"<div class=\"wpb-content-wrapper\">[vc_row fullwidth=&#8221;true&#8221; el_class=&#8221;BackGroundImageScale&#8221; css=&#8221;.vc_custom_1500048800305{background-image: url(https:\/\/eliteextermination.com\/wp-content\/uploads\/2017\/06\/head-propos.jpg?id=2146) !important;}&#8221;][vc_column][vc_column_text align=&#8221;center&#8221; el_class=&#8221;Service_Title&#8221; css=&#8221;.vc_custom_1743529168262{margin-bottom: 0px !important;}&#8221;]<span class=\"Contact_Bigger_Paragraph White_Text\">EXPERT PEST EXTERMINATION<\/span><br \/>\n<span class=\"Service_HugeText\">IN MIRABEL<\/span><br \/>\n<a href=\"tel:5147918385\"><button class=\"Button_Style_Blue Button_Centered\" type=\"button\">514 791-8385<\/button><\/a>[\/vc_column_text][\/vc_column][\/vc_row][vc_row fullwidth=&#8221;true&#8221; equal_columns=&#8221;true&#8221; attached=&#8221;true&#8221; column_padding=&#8221;4&#8243;][vc_column width=&#8221;2\/3&#8243;][vc_empty_space height=&#8221;40px&#8221;][vc_column_text css=&#8221;.vc_custom_1743529189618{margin-bottom: 0px !important;}&#8221;]\n<h1 style=\"text-align: center;\"><span style=\"font-weight: 400;\">Mirabel Exterminators<\/span><\/h1>\n<p style=\"text-align: center;\"><span style=\"font-weight: 400;\">If you need a professional exterminator in Mirabel, Elite Pest Control are the experts to call. We&#8217;ve been providing effective pest control solutions throughout the North Shore for years. This means we recognize the specific pest challenges in Mirabel and can offer tailored solutions to meet your individual needs. You can trust our expertise, knowing we\u2019ll provide a safer, healthier environment by quickly getting rid of pests from your living space. Contact us today at +1 514 791 8385 to ask for an exterminator.<\/span><\/p>\n[\/vc_column_text][mk_button size=&#8221;large&#8221; url=&#8221;tel:+15147918385&#8243; align=&#8221;center&#8221;]514 791 8385[\/mk_button][vc_empty_space height=&#8221;40px&#8221;][vc_column_text css=&#8221;.vc_custom_1743529210179{margin-bottom: 0px !important;}&#8221;]\n<h2><span style=\"font-weight: 400;\">Choose Elite Pest Control for your extermination in Mirabel<\/span><\/h2>\n<ul>\n<li style=\"font-weight: 400;\" aria-level=\"1\"><span style=\"font-weight: 400;\">Proven expertise: Decades of experience make Elite Pest Control a leading and recognized extermination service in Mirabel.<\/span><\/li>\n<li style=\"font-weight: 400;\" aria-level=\"1\"><span style=\"font-weight: 400;\">Discreet interventions: We know that pest problems can be annoying and embarrassing, which is why our teams will intervene with discretion. Our professional approach means your problem will be solved without attracting the attention of neighbors.<\/span><\/li>\n<li style=\"font-weight: 400;\" aria-level=\"1\"><span style=\"font-weight: 400;\">Full service: In addition to <\/span><a href=\"https:\/\/eliteextermination.com\/en\/pest-extermination\/\"><span style=\"font-weight: 400;\">pest extermination<\/span><\/a><span style=\"font-weight: 400;\"> treatments, we offer comprehensive care that includes caulking of pest entry points and preventive advice to avoid re-infestation.<\/span><\/li>\n<\/ul>\n[\/vc_column_text][\/vc_column][vc_column width=&#8221;1\/3&#8243; el_class=&#8221;bg-dark-blue col-center-top&#8221;]\n<div class=\"wpcf7 no-js\" id=\"wpcf7-f2495-o1\" lang=\"fr-FR\" dir=\"ltr\" data-wpcf7-id=\"2495\">\n<div class=\"screen-reader-response\"><p role=\"status\" aria-live=\"polite\" aria-atomic=\"true\"><\/p> <ul><\/ul><\/div>\n<form action=\"\/en\/wp-json\/wp\/v2\/pages\/6522#wpcf7-f2495-o1\" method=\"post\" class=\"wpcf7-form init\" aria-label=\"Formulaire de contact\" novalidate=\"novalidate\" data-status=\"init\">\n<fieldset class=\"hidden-fields-container\"><input type=\"hidden\" name=\"_wpcf7\" value=\"2495\" \/><input type=\"hidden\" name=\"_wpcf7_version\" value=\"6.1.4\" \/><input type=\"hidden\" name=\"_wpcf7_locale\" value=\"fr_FR\" \/><input type=\"hidden\" name=\"_wpcf7_unit_tag\" value=\"wpcf7-f2495-o1\" \/><input type=\"hidden\" name=\"_wpcf7_container_post\" value=\"0\" \/><input type=\"hidden\" name=\"_wpcf7_posted_data_hash\" value=\"\" \/><input type=\"hidden\" name=\"_wpcf7_recaptcha_response\" value=\"\" \/>\n<\/fieldset>\n<div class=\"service-form\">\n\t<p><span class=\"wpcf7-form-control-wrap\" data-name=\"typedemande\"><select class=\"wpcf7-form-control wpcf7-select wpcf7-validates-as-required\" aria-required=\"true\" aria-invalid=\"false\" name=\"typedemande\"><option value=\"\">Type of request*<\/option><option value=\"Questions or comments\">Questions or comments<\/option><option value=\"Free estimate\">Free estimate<\/option><option value=\"Emergency\">Emergency<\/option><\/select><\/span><span class=\"wpcf7-form-control-wrap\" data-name=\"last-name\"><input size=\"40\" maxlength=\"400\" class=\"wpcf7-form-control wpcf7-text wpcf7-validates-as-required\" aria-required=\"true\" aria-invalid=\"false\" placeholder=\"Last name*\" value=\"\" type=\"text\" name=\"last-name\" \/><\/span><br \/>\n<span class=\"wpcf7-form-control-wrap\" data-name=\"email\"><input size=\"40\" maxlength=\"400\" class=\"wpcf7-form-control wpcf7-email wpcf7-validates-as-required wpcf7-text wpcf7-validates-as-email\" aria-required=\"true\" aria-invalid=\"false\" placeholder=\"E-mail*\" value=\"\" type=\"email\" name=\"email\" \/><\/span><br \/>\n<span class=\"wpcf7-form-control-wrap\" data-name=\"telephone\"><input size=\"40\" maxlength=\"400\" class=\"wpcf7-form-control wpcf7-tel wpcf7-validates-as-required wpcf7-text wpcf7-validates-as-tel\" aria-required=\"true\" aria-invalid=\"false\" placeholder=\"Phone number*\" value=\"\" type=\"tel\" name=\"telephone\" \/><\/span><br \/>\n<span class=\"wpcf7-form-control-wrap\" data-name=\"message\"><textarea cols=\"40\" rows=\"10\" maxlength=\"2000\" class=\"wpcf7-form-control wpcf7-textarea wpcf7-validates-as-required\" aria-required=\"true\" aria-invalid=\"false\" placeholder=\"Message*\" name=\"message\"><\/textarea><\/span><br \/>\n\t<div class=\"wpcf7-response-output\" aria-hidden=\"true\"><\/div><br \/>\n<span id=\"wpcf7-69e47f504a0ce-wrapper\" class=\"wpcf7-form-control-wrap field-wrap\" style=\"display:none !important; visibility:hidden !important;\"><label for=\"wpcf7-69e47f504a0ce-field\" class=\"hp-message\">Veuillez laisser ce champ vide.<\/label><input id=\"wpcf7-69e47f504a0ce-field\"  class=\"wpcf7-form-control wpcf7-text\" type=\"text\" name=\"field\" value=\"\" size=\"40\" tabindex=\"-1\" autocomplete=\"new-password\" \/><\/span><br \/>\n\t<br \/>\n<input class=\"wpcf7-form-control wpcf7-submit has-spinner Button_Style_Blue\" type=\"submit\" value=\"SEND\" \/>\n\t<\/p>\n<\/div>\n<p><script>\ndocument.addEventListener( 'wpcf7mailsent', function( event ) {\n location = 'https:\/\/eliteextermination.com\/en\/thank-you\/';\n}, false );\n<\/script>\n<\/p><input type='hidden' class='wpcf7-pum' value='{\"closepopup\":false,\"closedelay\":0,\"openpopup\":false,\"openpopup_id\":0}' \/>\n<\/form>\n<\/div>\n[\/vc_column][\/vc_row][vc_row fullwidth=&#8221;true&#8221; fullwidth_content=&#8221;false&#8221; css=&#8221;.vc_custom_1726586587651{background-color: #dddddd !important;}&#8221;][vc_column][vc_empty_space height=&#8221;40px&#8221;][vc_column_text css=&#8221;.vc_custom_1743529227931{margin-bottom: 0px !important;}&#8221;]\n<h2 style=\"text-align: center;\"><span style=\"font-weight: 400;\">Emergency exterminator in Mirabel<\/span><\/h2>\n[\/vc_column_text][vc_column_text css=&#8221;.vc_custom_1743529239127{margin-bottom: 0px !important;}&#8221;]\n<p style=\"text-align: center;\"><span style=\"font-weight: 400;\">Pest infestations can occur without warning and cause significant damage in record time. That&#8217;s why we offer an emergency service for Mirabel residents. Our exterminators are available 24\/7, ready to intervene quickly to limit the damage. When you have a pest problem, every minute counts. We\u2019ll do everything we can to eradicate the pests as quickly as possible, while protecting your health and safety. We know that an untreated infestation can quickly turn into a disaster, which is why we make it our priority to respond quickly and efficiently.<\/span><\/p>\n[\/vc_column_text][\/vc_column][\/vc_row][vc_row fullwidth=&#8221;true&#8221; fullwidth_content=&#8221;false&#8221; css=&#8221;.vc_custom_1726585455068{background-color: #DDDDDD !important;}&#8221;][vc_column width=&#8221;2\/3&#8243;][vc_column_text css=&#8221;.vc_custom_1740416809514{margin-bottom: 0px !important;}&#8221;]\n<h3 style=\"text-align: center;\"><span style=\"font-weight: 400;\">Mouse extermination<\/span><\/h3>\n[\/vc_column_text][vc_column_text css=&#8221;.vc_custom_1743529250650{margin-bottom: 0px !important;}&#8221;]\n<p style=\"text-align: center;\"><span style=\"font-weight: 400;\">Winter in Mirabel often brings a surge in mouse infestations. These small rodents can cause a great deal of damage, and are also carriers of diseases that can spread rapidly. If you spot signs of mice in your home, you need to act now. Our <\/span><a href=\"https:\/\/eliteextermination.com\/en\/insects-pests\/mouse-extermination\/\"><span style=\"font-weight: 400;\">mouse exterminators<\/span><\/a><span style=\"font-weight: 400;\"> in Mirabel will act quickly to eradicate this common infestation using safe and effective methods. We\u2019ll block entry points and implement lasting solutions to prevent further problems.<\/span><\/p>\n[\/vc_column_text][vc_column_text css=&#8221;.vc_custom_1740416825570{margin-bottom: 0px !important;}&#8221;]\n<h3 style=\"text-align: center;\"><span style=\"font-weight: 400;\">Bat extermination<\/span><\/h3>\n[\/vc_column_text][vc_column_text css=&#8221;.vc_custom_1743529274452{margin-bottom: 0px !important;}&#8221;]\n<p style=\"text-align: center;\"><span style=\"font-weight: 400;\">Bats are often seen as beneficial to the environment, when they nest in attics or under roofs they can cause significant problems for Mirabel homeowners. Their presence can pose health risks and cause structural damage to your building. Our <\/span><a href=\"https:\/\/eliteextermination.com\/en\/insects-pests\/bat-extermination\/\"><span style=\"font-weight: 400;\">bat exterminators<\/span><\/a><span style=\"font-weight: 400;\"> in Mirabel specialize in eliminating bat colonies according to established environmental regulations. We can also disinfect your premises and block access points to prevent their return.<\/span><\/p>\n[\/vc_column_text][vc_column_text css=&#8221;.vc_custom_1740416849347{margin-bottom: 0px !important;}&#8221;]\n<h3 style=\"text-align: center;\"><span style=\"font-weight: 400;\">Extermination of rats and other rodents<\/span><\/h3>\n[\/vc_column_text][vc_column_text css=&#8221;.vc_custom_1743529285715{margin-bottom: 0px !important;}&#8221;]\n<p style=\"text-align: center;\"><span style=\"font-weight: 400;\">Rats are among the most invasive pests in Mirabel. Not only do they destroy your property, they also pose a health hazard. As soon as you spot signs of a rat infestation, you need to contact a<\/span> <a href=\"https:\/\/eliteextermination.com\/en\/insects-pests\/rat-extermination\/\"><span style=\"font-weight: 400;\">rat exterminator<\/span> <\/a><span style=\"font-weight: 400;\">in Mirabel for a fast intervention. We take targeted, professional action to eliminate these rodents, block entry points and prevent further intrusion.<\/span><\/p>\n[\/vc_column_text][\/vc_column][vc_column width=&#8221;1\/3&#8243;][mk_image src=&#8221;https:\/\/eliteextermination.com\/wp-content\/uploads\/2023\/11\/souris-rongeurs-comble-fil-electrique.jpg&#8221; lazyload=&#8221;true&#8221; align=&#8221;right&#8221;][mk_image src=&#8221;https:\/\/eliteextermination.com\/wp-content\/uploads\/2020\/05\/faire-fuir-chauves-souris.jpg&#8221; align=&#8221;center&#8221;][mk_image src=&#8221;https:\/\/eliteextermination.com\/wp-content\/uploads\/2017\/07\/top-rats-2.jpg&#8221; align=&#8221;center&#8221;][\/vc_column][\/vc_row][vc_row fullwidth=&#8221;true&#8221; fullwidth_content=&#8221;false&#8221; css=&#8221;.vc_custom_1726586739672{background-color: #DDDDDD !important;}&#8221;][vc_column][vc_empty_space height=&#8221;40px&#8221;][mk_button size=&#8221;x-large&#8221; url=&#8221;https:\/\/eliteextermination.com\/en\/contact-us\/&#8221; align=&#8221;center&#8221;]I want a free quote[\/mk_button][\/vc_column][\/vc_row][vc_row][vc_column][vc_empty_space height=&#8221;40px&#8221;][vc_column_text css=&#8221;.vc_custom_1743529422339{margin-bottom: 0px !important;}&#8221;]\n<h2 style=\"text-align: center;\"><span style=\"font-weight: 400;\">Why act quickly in the event of an infestation in Mirabel?<\/span><\/h2>\n<p style=\"text-align: center;\"><span style=\"font-weight: 400;\">A pest infestation in Mirabel can have serious consequences if it\u2019s not dealt with in time. In addition to material damage, these pests can harm the health and well-being of residents. Acting quickly can limit the risks and prevent the situation from getting worse. That&#8217;s why you should call a professional exterminator in Mirabel as soon as you notice a problem.<\/span><\/p>\n<h3 style=\"text-align: center;\"><span style=\"font-weight: 400;\">1. Pests spread rapidly<\/span><\/h3>\n<p style=\"text-align: center;\"><span style=\"font-weight: 400;\">Rats and mice multiply with incredible speed. In the space of a few weeks, a small infestation can turn into a full-scale invasion. For example, a mouse can give birth to up to 10 young per litter, and have several litters each year. The longer you wait to intervene, the more difficult it is to manage a pest problem, and the higher the cost of an extermination service. That&#8217;s why it&#8217;s important to contact an exterminator in Mirabel at the first sign of an infestation to prevent it from spreading.<\/span><\/p>\n<h3 style=\"text-align: center;\"><span style=\"font-weight: 400;\">2. Health risks for the family<\/span><\/h3>\n<p style=\"text-align: center;\"><span style=\"font-weight: 400;\">Pests are more than just a nuisance; they also represent a health hazard for your family. Rodents, in particular, can carry diseases that they transmit through their droppings and urine, or by contaminating food. Insects and parasites such as bedbugs, ants and wasps can also cause damage to your health and living environment. When you act quickly with the help of an exterminator, you limit the risk of infection and protect the health of your loved ones.<\/span><\/p>\n<h3 style=\"text-align: center;\"><span style=\"font-weight: 400;\">3. Property damage<\/span><\/h3>\n<p style=\"text-align: center;\"><span style=\"font-weight: 400;\">Rodent, insect and other pest infestations can cause considerable material damage to your property. Rats can chew through electrical cables, which can lead to short-circuits or even fires. Mice can damage insulation, fabrics and wooden structures. Bats will leave traces of guano that can damage roofs and floors. If you let these pests invade your space, the repairs could be costly and may take considerable time.<\/span><\/p>\n[\/vc_column_text][vc_empty_space height=&#8221;40px&#8221;][vc_gmaps link=&#8221;#E-8_JTNDaWZyYW1lJTIwc3JjJTNEJTIyaHR0cHMlM0ElMkYlMkZ3d3cuZ29vZ2xlLmNvbSUyRm1hcHMlMkZlbWJlZCUzRnBiJTNEJTIxMW0xOCUyMTFtMTIlMjExbTMlMjExZDE3ODQ4Ny43NDE3NjkxODk0NSUyMTJkLTc0LjIyMzU4ODA2NjM2OTk3JTIxM2Q0NS42NTM0MTI5NzI1MTY5OTYlMjEybTMlMjExZjAlMjEyZjAlMjEzZjAlMjEzbTIlMjExaTEwMjQlMjEyaTc2OCUyMTRmMTMuMSUyMTNtMyUyMTFtMiUyMTFzMHg0Y2NlZDQ4Y2I5YjFjOTk1JTI1M0EweDhiOTBkNzMxNzliMjc0NmQlMjEyc01pcmFiZWwlMjUyQyUyNTIwUUMlMjE1ZTAlMjEzbTIlMjExc2ZyJTIxMnNjYSUyMTR2MTc0MzUyOTQzMzYxNyUyMTVtMiUyMTFzZnIlMjEyc2NhJTIyJTIwd2lkdGglM0QlMjI2MDAlMjIlMjBoZWlnaHQlM0QlMjI0NTAlMjIlMjBzdHlsZSUzRCUyMmJvcmRlciUzQTAlM0IlMjIlMjBhbGxvd2Z1bGxzY3JlZW4lM0QlMjIlMjIlMjBsb2FkaW5nJTNEJTIybGF6eSUyMiUyMHJlZmVycmVycG9saWN5JTNEJTIybm8tcmVmZXJyZXItd2hlbi1kb3duZ3JhZGUlMjIlM0UlM0MlMkZpZnJhbWUlM0U=&#8221; css=&#8221;&#8221;][\/vc_column][\/vc_row][vc_row][vc_column width=&#8221;1\/3&#8243;][vc_empty_space height=&#8221;40px&#8221;][vc_column_text css=&#8221;.vc_custom_1740417706355{margin-bottom: 0px !important;}&#8221;]\n<ul>\n<li style=\"text-align: center;\"><a href=\"https:\/\/eliteextermination.com\/en\/extermination-montreal\/\">Extermination in Montreal<\/a><\/li>\n<li style=\"text-align: center;\"><a href=\"https:\/\/eliteextermination.com\/en\/exterminator-anjou\/\">Extermination in Anjou<\/a><\/li>\n<li style=\"text-align: center;\"><a href=\"https:\/\/eliteextermination.com\/en\/exterminator-rosemont\/\">Extermination in Rosemont<\/a><\/li>\n<li style=\"text-align: center;\"><a href=\"https:\/\/eliteextermination.com\/en\/exterminator-verdun-2-2\/\">Extermination in Verdun<\/a><\/li>\n<li style=\"text-align: center;\"><a href=\"https:\/\/eliteextermination.com\/en\/exterminator-berthierville\/\">Extermination in Berthierville<\/a><\/li>\n<li style=\"text-align: center;\"><a href=\"https:\/\/eliteextermination.com\/en\/exterminator-lachenaie\/\">Extermination in Lachenaie<\/a><\/li>\n<\/ul>\n[\/vc_column_text][vc_empty_space height=&#8221;40px&#8221;][\/vc_column][vc_column width=&#8221;1\/3&#8243;][vc_empty_space height=&#8221;40px&#8221;][vc_column_text css=&#8221;.vc_custom_1740417733437{margin-bottom: 0px !important;}&#8221;]\n<ul>\n<li style=\"text-align: center;\"><a href=\"https:\/\/eliteextermination.com\/en\/extermination-terrebonne\/\">Extermination in Terrebonne<\/a><\/li>\n<li style=\"text-align: center;\"><a href=\"https:\/\/eliteextermination.com\/en\/extermination-trois-rivieres\/\">Extermination in Trois-Rivi\u00e8res<\/a><\/li>\n<li style=\"text-align: center;\"><a href=\"https:\/\/eliteextermination.com\/en\/exterminator-brossard\/\">Extermination in Brossard<\/a><\/li>\n<li style=\"text-align: center;\"><a href=\"https:\/\/eliteextermination.com\/en\/extermination-laval\/\">Extermination in Laval<\/a><\/li>\n<li style=\"text-align: center;\"><a href=\"https:\/\/eliteextermination.com\/en\/exterminator-l-assomption\/\">Extermination in L&#8217;Assomption<\/a><\/li>\n<li style=\"text-align: center;\"><a href=\"https:\/\/eliteextermination.com\/en\/exterminator-la-plaine\/\">Extermination in La Plaine<\/a><\/li>\n<\/ul>\n[\/vc_column_text][vc_empty_space height=&#8221;40px&#8221;][\/vc_column][vc_column width=&#8221;1\/3&#8243;][vc_empty_space height=&#8221;40px&#8221;][vc_column_text css=&#8221;.vc_custom_1741627710868{margin-bottom: 0px !important;}&#8221;]\n<ul>\n<li style=\"text-align: center;\"><a href=\"https:\/\/eliteextermination.com\/en\/extermination-repentigny\/\">Extermination in Repentigny<\/a><\/li>\n<li style=\"text-align: center;\"><a href=\"https:\/\/eliteextermination.com\/en\/extermination-st-jerome\/\">Extermination in Saint-J\u00e9r\u00f4me<\/a><\/li>\n<li style=\"text-align: center;\"><a href=\"https:\/\/eliteextermination.com\/en\/exterminator-montreal-north\/\">Extermination in Montr\u00e9al North<\/a><\/li>\n<li style=\"text-align: center;\"><a href=\"https:\/\/eliteextermination.com\/en\/exterminator-hochelaga-maisonneuve\/\">Extermination in Hochelaga-Maisonneuve<\/a><\/li>\n<li style=\"text-align: center;\"><a href=\"https:\/\/eliteextermination.com\/en\/exterminator-sainte-therese\/\">Extermination in Sainte-Th\u00e9r\u00e8se<\/a><\/li>\n<\/ul>\n[\/vc_column_text][vc_empty_space height=&#8221;40px&#8221;][\/vc_column][\/vc_row][vc_row fullwidth=&#8221;true&#8221; css=&#8221;.vc_custom_1505926935168{background-color: #0055c5 !important;}&#8221; el_class=&#8221;row-call&#8221;][vc_column][vc_row_inner is_fullwidth_content=&#8221;false&#8221;][vc_column_inner][vc_empty_space][vc_column_text align=&#8221;center&#8221; el_class=&#8221;SubTitle_Paragraph_Text White_Text&#8221; css=&#8221;.vc_custom_1743529480526{margin-bottom: 0px !important;}&#8221;]\n<h2><span style=\"font-weight: 400;\">Contact our certified exterminators in Mirabel now<\/span><\/h2>\n<p><span style=\"font-weight: 400;\">Don&#8217;t let a pest infestation interrupt your daily routine. Contact Elite Pest Control for a free estimate and a fast, efficient response. Our <\/span><a href=\"https:\/\/eliteextermination.com\/en\/emergency-24-7\/\"><span style=\"font-weight: 400;\">emergency exterminators <\/span><\/a><span style=\"font-weight: 400;\">in Mirabel are available 24\/7 to treat all types of infestations and provide you with a safe environment. We&#8217;re ready to solve your pest problems and bring you peace of mind.<\/span><\/p>\n<p style=\"text-align: center;\"><a href=\"https:\/\/eliteextermination.com\/en\/contact-us\/\"><span style=\"font-weight: 400;\">PEST CONTROL FREE QUOTE<\/span><\/a>\u00a0 \u00a0 \u00a0<a href=\"tel:+15147918385\"><span style=\"font-weight: 400;\">514 791 8385<\/span><\/a><\/p>\n[\/vc_column_text][vc_empty_space height=&#8221;20px&#8221;][\/vc_column_inner][\/vc_row_inner][\/vc_column][\/vc_row][vc_row][vc_column][\/vc_column][\/vc_row]\n<\/div>","protected":false},"excerpt":{"rendered":"<p>[vc_row fullwidth=&#8221;true&#8221; el_class=&#8221;BackGroundImageScale&#8221; css=&#8221;.vc_custom_1500048800305{background-image: url(https:\/\/eliteextermination.com\/wp-content\/uploads\/2017\/06\/head-propos.jpg?id=2146) !important;}&#8221;][vc_column][vc_column_text align=&#8221;center&#8221; el_class=&#8221;Service_Title&#8221; css=&#8221;.vc_custom_1743529168262{margin-bottom: 0px !important;}&#8221;]EXPERT PEST EXTERMINATION IN MIRABEL 514 791-8385[\/vc_column_text][\/vc_column][\/vc_row][vc_row fullwidth=&#8221;true&#8221; equal_columns=&#8221;true&#8221; attached=&#8221;true&#8221; column_padding=&#8221;4&#8243;][vc_column width=&#8221;2\/3&#8243;][vc_empty_space height=&#8221;40px&#8221;][vc_column_text css=&#8221;.vc_custom_1743529189618{margin-bottom: 0px !important;}&#8221;] Mirabel Exterminators If you need a professional exterminator in Mirabel, Elite Pest Control are the experts to call. We&#8217;ve been providing effective pest control solutions throughout the North Shore [&hellip;]<\/p>\n","protected":false},"author":1,"featured_media":0,"parent":0,"menu_order":0,"comment_status":"closed","ping_status":"closed","template":"","meta":{"_acf_changed":false,"yasr_overall_rating":4.7,"yasr_post_is_review":"","yasr_auto_insert_disabled":"","yasr_review_type":"","footnotes":""},"class_list":["post-6522","page","type-page","status-publish","hentry"],"acf":[],"yoast_head":"<!-- This site is optimized with the Yoast SEO plugin v26.9 - https:\/\/yoast.com\/product\/yoast-seo-wordpress\/ -->\n<title>Mirabel Exterminator - FAST service 514-791-8385<\/title>\n<meta name=\"description\" content=\"Elite Pest Control, your extermination expert in Mirabel. We&#039;ll get rid of your pests quickly and efficiently. Contact us today!\" \/>\n<meta name=\"robots\" content=\"index, follow, max-snippet:-1, max-image-preview:large, max-video-preview:-1\" \/>\n<link rel=\"canonical\" href=\"https:\/\/eliteextermination.com\/en\/exterminator-mirabel\/\" \/>\n<meta property=\"og:locale\" content=\"en_US\" \/>\n<meta property=\"og:type\" content=\"article\" \/>\n<meta property=\"og:title\" content=\"Mirabel Exterminator - FAST service 514-791-8385\" \/>\n<meta property=\"og:description\" content=\"Elite Pest Control, your extermination expert in Mirabel. We&#039;ll get rid of your pests quickly and efficiently. Contact us today!\" \/>\n<meta property=\"og:url\" content=\"https:\/\/eliteextermination.com\/en\/exterminator-mirabel\/\" \/>\n<meta property=\"og:site_name\" content=\"\u00c9lite Extermination\" \/>\n<meta name=\"twitter:card\" content=\"summary_large_image\" \/>\n<meta name=\"twitter:label1\" content=\"Est. reading time\" \/>\n\t<meta name=\"twitter:data1\" content=\"6 minutes\" \/>\n<!-- \/ Yoast SEO plugin. -->","yoast_head_json":{"title":"Mirabel Exterminator - FAST service 514-791-8385","description":"Elite Pest Control, your extermination expert in Mirabel. We'll get rid of your pests quickly and efficiently. Contact us today!","robots":{"index":"index","follow":"follow","max-snippet":"max-snippet:-1","max-image-preview":"max-image-preview:large","max-video-preview":"max-video-preview:-1"},"canonical":"https:\/\/eliteextermination.com\/en\/exterminator-mirabel\/","og_locale":"en_US","og_type":"article","og_title":"Mirabel Exterminator - FAST service 514-791-8385","og_description":"Elite Pest Control, your extermination expert in Mirabel. We'll get rid of your pests quickly and efficiently. Contact us today!","og_url":"https:\/\/eliteextermination.com\/en\/exterminator-mirabel\/","og_site_name":"\u00c9lite Extermination","twitter_card":"summary_large_image","twitter_misc":{"Est. reading time":"6 minutes"},"schema":{"@context":"https:\/\/schema.org","@graph":[{"@type":"WebPage","@id":"https:\/\/eliteextermination.com\/en\/exterminator-mirabel\/","url":"https:\/\/eliteextermination.com\/en\/exterminator-mirabel\/","name":"Mirabel Exterminator - FAST service 514-791-8385","isPartOf":{"@id":"https:\/\/eliteextermination.com\/en\/#website"},"datePublished":"2025-04-01T17:45:25+00:00","description":"Elite Pest Control, your extermination expert in Mirabel. We'll get rid of your pests quickly and efficiently. Contact us today!","breadcrumb":{"@id":"https:\/\/eliteextermination.com\/en\/exterminator-mirabel\/#breadcrumb"},"inLanguage":"en-CA","potentialAction":[{"@type":"ReadAction","target":["https:\/\/eliteextermination.com\/en\/exterminator-mirabel\/"]}]},{"@type":"BreadcrumbList","@id":"https:\/\/eliteextermination.com\/en\/exterminator-mirabel\/#breadcrumb","itemListElement":[{"@type":"ListItem","position":1,"name":"Home","item":"https:\/\/eliteextermination.com\/en\/"},{"@type":"ListItem","position":2,"name":"Mirabel Exterminators"}]},{"@type":"WebSite","@id":"https:\/\/eliteextermination.com\/en\/#website","url":"https:\/\/eliteextermination.com\/en\/","name":"\u00c9lite Extermination","description":"Pest Control Experts in Montreal, Laval, St-J\u00e9r\u00f4me, Repentigny, Trois-Rivi\u00e8res, Gatineau, South Shore","potentialAction":[{"@type":"SearchAction","target":{"@type":"EntryPoint","urlTemplate":"https:\/\/eliteextermination.com\/en\/?s={search_term_string}"},"query-input":{"@type":"PropertyValueSpecification","valueRequired":true,"valueName":"search_term_string"}}],"inLanguage":"en-CA"},false]}},"yasr_visitor_votes":{"stars_attributes":{"read_only":false,"span_bottom":false},"number_of_votes":0,"sum_votes":0},"_links":{"self":[{"href":"https:\/\/eliteextermination.com\/en\/wp-json\/wp\/v2\/pages\/6522","targetHints":{"allow":["GET"]}}],"collection":[{"href":"https:\/\/eliteextermination.com\/en\/wp-json\/wp\/v2\/pages"}],"about":[{"href":"https:\/\/eliteextermination.com\/en\/wp-json\/wp\/v2\/types\/page"}],"author":[{"embeddable":true,"href":"https:\/\/eliteextermination.com\/en\/wp-json\/wp\/v2\/users\/1"}],"replies":[{"embeddable":true,"href":"https:\/\/eliteextermination.com\/en\/wp-json\/wp\/v2\/comments?post=6522"}],"version-history":[{"count":1,"href":"https:\/\/eliteextermination.com\/en\/wp-json\/wp\/v2\/pages\/6522\/revisions"}],"predecessor-version":[{"id":6524,"href":"https:\/\/eliteextermination.com\/en\/wp-json\/wp\/v2\/pages\/6522\/revisions\/6524"}],"wp:attachment":[{"href":"https:\/\/eliteextermination.com\/en\/wp-json\/wp\/v2\/media?parent=6522"}],"curies":[{"name":"wp","href":"https:\/\/api.w.org\/{rel}","templated":true}]}}