{"id":6536,"date":"2025-04-29T12:17:43","date_gmt":"2025-04-29T16:17:43","guid":{"rendered":"https:\/\/eliteextermination.com\/?page_id=6536"},"modified":"2025-04-29T12:18:18","modified_gmt":"2025-04-29T16:18:18","slug":"exterminator-deux-montagnes","status":"publish","type":"page","link":"https:\/\/eliteextermination.com\/en\/exterminator-deux-montagnes\/","title":{"rendered":"Deux-Montagnes Exterminators"},"content":{"rendered":"<div class=\"wpb-content-wrapper\">[vc_row fullwidth=&#8221;true&#8221; el_class=&#8221;BackGroundImageScale&#8221; css=&#8221;.vc_custom_1500048800305{background-image: url(https:\/\/eliteextermination.com\/wp-content\/uploads\/2017\/06\/head-propos.jpg?id=2146) !important;}&#8221;][vc_column][vc_column_text align=&#8221;center&#8221; el_class=&#8221;Service_Title&#8221; css=&#8221;.vc_custom_1745943066183{margin-bottom: 0px !important;}&#8221;]<span class=\"Contact_Bigger_Paragraph White_Text\">EXPERT PEST EXTERMINATION<\/span><br \/>\n<span class=\"Service_HugeText\">IN DEUX-MONTAGNES<\/span><br \/>\n<a href=\"tel:5147918385\"><button class=\"Button_Style_Blue Button_Centered\" type=\"button\">514 791-8385<\/button><\/a>[\/vc_column_text][\/vc_column][\/vc_row][vc_row fullwidth=&#8221;true&#8221; equal_columns=&#8221;true&#8221; attached=&#8221;true&#8221; column_padding=&#8221;4&#8243;][vc_column width=&#8221;2\/3&#8243;][vc_empty_space height=&#8221;40px&#8221;][vc_column_text css=&#8221;.vc_custom_1745943489932{margin-bottom: 0px !important;}&#8221;]\n<h1 style=\"text-align: center;\">Deux-Montagnes Exterminator<\/h1>\n<p style=\"text-align: center;\"><span style=\"font-weight: 400;\">Looking for an exterminator in Deux-Montagnes? Look no further. Elite Pest Control is a reliable partner for all pest problems. Our experienced teams offer fast, discreet, and professional solutions. You can trust us to eliminate all types of pests from your North Shore or Laurentians home or business. Contact us today at +1 514 791 8385 to request a professional exterminator.<\/span><\/p>\n[\/vc_column_text][mk_button size=&#8221;large&#8221; url=&#8221;tel:+15147918385&#8243; align=&#8221;center&#8221;]514 791 8385[\/mk_button][vc_empty_space height=&#8221;40px&#8221;][vc_column_text css=&#8221;.vc_custom_1745943113825{margin-bottom: 0px !important;}&#8221;]\n<h2><strong>Why choose Elite Pest Control for your extermination in Deux-Montagnes?<\/strong><\/h2>\n<ul>\n<li style=\"font-weight: 400;\" aria-level=\"1\"><span style=\"font-weight: 400;\">Decades of expertise: With years of experience in the field of extermination in Deux-Montagnes, we have the skills and knowledge to effectively resolve any infestation situation.<\/span><\/li>\n<li style=\"font-weight: 400;\" aria-level=\"1\"><span style=\"font-weight: 400;\">Discreet intervention: We understand that an infestation problem can be a source of stress. That&#8217;s why we prefer to intervene discreetly, to avoid alarming your neighbors.<\/span><\/li>\n<li style=\"font-weight: 400;\" aria-level=\"1\"><span style=\"font-weight: 400;\">Complete care: We don&#8217;t just stop at <\/span><a href=\"https:\/\/eliteextermination.com\/en\/pest-extermination\/\"><span style=\"font-weight: 400;\">pest extermination<\/span><\/a><span style=\"font-weight: 400;\">. From infestation assessment to prevention and caulking of entry points, we take care of everything so that your home or business is protected over the long term.<\/span><\/li>\n<\/ul>\n[\/vc_column_text][\/vc_column][vc_column width=&#8221;1\/3&#8243; el_class=&#8221;bg-dark-blue col-center-top&#8221;]\n<div class=\"wpcf7 no-js\" id=\"wpcf7-f2495-o1\" lang=\"fr-FR\" dir=\"ltr\" data-wpcf7-id=\"2495\">\n<div class=\"screen-reader-response\"><p role=\"status\" aria-live=\"polite\" aria-atomic=\"true\"><\/p> <ul><\/ul><\/div>\n<form action=\"\/en\/wp-json\/wp\/v2\/pages\/6536#wpcf7-f2495-o1\" method=\"post\" class=\"wpcf7-form init\" aria-label=\"Formulaire de contact\" novalidate=\"novalidate\" data-status=\"init\">\n<fieldset class=\"hidden-fields-container\"><input type=\"hidden\" name=\"_wpcf7\" value=\"2495\" \/><input type=\"hidden\" name=\"_wpcf7_version\" value=\"6.1.4\" \/><input type=\"hidden\" name=\"_wpcf7_locale\" value=\"fr_FR\" \/><input type=\"hidden\" name=\"_wpcf7_unit_tag\" value=\"wpcf7-f2495-o1\" \/><input type=\"hidden\" name=\"_wpcf7_container_post\" value=\"0\" \/><input type=\"hidden\" name=\"_wpcf7_posted_data_hash\" value=\"\" \/><input type=\"hidden\" name=\"_wpcf7_recaptcha_response\" value=\"\" \/>\n<\/fieldset>\n<div class=\"service-form\">\n\t<p><span class=\"wpcf7-form-control-wrap\" data-name=\"typedemande\"><select class=\"wpcf7-form-control wpcf7-select wpcf7-validates-as-required\" aria-required=\"true\" aria-invalid=\"false\" name=\"typedemande\"><option value=\"\">Type of request*<\/option><option value=\"Questions or comments\">Questions or comments<\/option><option value=\"Free estimate\">Free estimate<\/option><option value=\"Emergency\">Emergency<\/option><\/select><\/span><span class=\"wpcf7-form-control-wrap\" data-name=\"last-name\"><input size=\"40\" maxlength=\"400\" class=\"wpcf7-form-control wpcf7-text wpcf7-validates-as-required\" aria-required=\"true\" aria-invalid=\"false\" placeholder=\"Last name*\" value=\"\" type=\"text\" name=\"last-name\" \/><\/span><br \/>\n<span class=\"wpcf7-form-control-wrap\" data-name=\"email\"><input size=\"40\" maxlength=\"400\" class=\"wpcf7-form-control wpcf7-email wpcf7-validates-as-required wpcf7-text wpcf7-validates-as-email\" aria-required=\"true\" aria-invalid=\"false\" placeholder=\"E-mail*\" value=\"\" type=\"email\" name=\"email\" \/><\/span><br \/>\n<span class=\"wpcf7-form-control-wrap\" data-name=\"telephone\"><input size=\"40\" maxlength=\"400\" class=\"wpcf7-form-control wpcf7-tel wpcf7-validates-as-required wpcf7-text wpcf7-validates-as-tel\" aria-required=\"true\" aria-invalid=\"false\" placeholder=\"Phone number*\" value=\"\" type=\"tel\" name=\"telephone\" \/><\/span><br \/>\n<span class=\"wpcf7-form-control-wrap\" data-name=\"message\"><textarea cols=\"40\" rows=\"10\" maxlength=\"2000\" class=\"wpcf7-form-control wpcf7-textarea wpcf7-validates-as-required\" aria-required=\"true\" aria-invalid=\"false\" placeholder=\"Message*\" name=\"message\"><\/textarea><\/span><br \/>\n\t<div class=\"wpcf7-response-output\" aria-hidden=\"true\"><\/div><br \/>\n<span id=\"wpcf7-69e47eeca9e00-wrapper\" class=\"wpcf7-form-control-wrap field-wrap\" style=\"display:none !important; visibility:hidden !important;\"><label for=\"wpcf7-69e47eeca9e00-field\" class=\"hp-message\">Veuillez laisser ce champ vide.<\/label><input id=\"wpcf7-69e47eeca9e00-field\"  class=\"wpcf7-form-control wpcf7-text\" type=\"text\" name=\"field\" value=\"\" size=\"40\" tabindex=\"-1\" autocomplete=\"new-password\" \/><\/span><br \/>\n\t<br \/>\n<input class=\"wpcf7-form-control wpcf7-submit has-spinner Button_Style_Blue\" type=\"submit\" value=\"SEND\" \/>\n\t<\/p>\n<\/div>\n<p><script>\ndocument.addEventListener( 'wpcf7mailsent', function( event ) {\n location = 'https:\/\/eliteextermination.com\/en\/thank-you\/';\n}, false );\n<\/script>\n<\/p><input type='hidden' class='wpcf7-pum' value='{\"closepopup\":false,\"closedelay\":0,\"openpopup\":false,\"openpopup_id\":0}' \/>\n<\/form>\n<\/div>\n[\/vc_column][\/vc_row][vc_row fullwidth=&#8221;true&#8221; fullwidth_content=&#8221;false&#8221; css=&#8221;.vc_custom_1726586587651{background-color: #dddddd !important;}&#8221;][vc_column][vc_empty_space height=&#8221;40px&#8221;][vc_column_text css=&#8221;.vc_custom_1745943132603{margin-bottom: 0px !important;}&#8221;]\n<h2 style=\"text-align: center;\"><strong>Emergency extermination services in Deux-Montagnes<\/strong><\/h2>\n[\/vc_column_text][vc_column_text css=&#8221;.vc_custom_1745943157425{margin-bottom: 0px !important;}&#8221;]\n<p style=\"text-align: center;\"><span style=\"font-weight: 400;\">Pests don&#8217;t wait and can cause serious damage quickly. For sudden infestations, our emergency exterminator service in Deux-Montagnes is available 24 hours a day, 7 days a week, to intervene on Montreal&#8217;s North Shore. Our experts are ready to act quickly and efficiently to deal with any urgent situation involving rodents, insects or other local pests. We are committed to solving your problem as quickly as possible in compliance with all safety standards.<\/span><\/p>\n[\/vc_column_text][\/vc_column][\/vc_row][vc_row fullwidth=&#8221;true&#8221; fullwidth_content=&#8221;false&#8221; css=&#8221;.vc_custom_1726585455068{background-color: #DDDDDD !important;}&#8221;][vc_column width=&#8221;2\/3&#8243;][vc_column_text css=&#8221;.vc_custom_1738785534125{margin-bottom: 0px !important;}&#8221;]\n<h3 style=\"text-align: center;\">Mouse extermination<\/h3>\n[\/vc_column_text][vc_column_text css=&#8221;.vc_custom_1745943175539{margin-bottom: 0px !important;}&#8221;]\n<p style=\"text-align: center;\"><span style=\"font-weight: 400;\">Mice are one of the most common pests in Deux-Montagnes, and are especially likely to invade your building during the colder months. If you notice signs of mice in your walls, attic or even kitchen, it&#8217;s time to take action. Mice can transmit diseases and cause structural damage to your home. We offer fast, effective extermination, using methods that can be tailored to your situation to completely eliminate the problem. Call on our <\/span><a href=\"https:\/\/eliteextermination.com\/en\/insects-pests\/mouse-extermination\/\"><span style=\"font-weight: 400;\">mouse exterminators<\/span><\/a><span style=\"font-weight: 400;\"> as soon as you need help.<\/span><\/p>\n[\/vc_column_text][vc_column_text css=&#8221;.vc_custom_1738785554375{margin-bottom: 0px !important;}&#8221;]\n<h3 style=\"text-align: center;\">Bat extermination<\/h3>\n[\/vc_column_text][vc_column_text css=&#8221;.vc_custom_1745943190642{margin-bottom: 0px !important;}&#8221;]\n<p style=\"text-align: center;\"><span style=\"font-weight: 400;\">Although bats are protected by law, they can be a serious nuisance if they move into your attic or basement, as they can carry diseases and make noise. Elite Pest Control offers legally compliant bat extermination in Deux-Montagnes that puts your health and property first. Our team of <\/span><a href=\"https:\/\/eliteextermination.com\/en\/insects-pests\/bat-extermination\/\"><span style=\"font-weight: 400;\">bat exterminators<\/span><\/a><span style=\"font-weight: 400;\"> is ready and qualified to help you solve your infestation problem!<\/span><\/p>\n[\/vc_column_text][vc_column_text css=&#8221;.vc_custom_1738785576762{margin-bottom: 0px !important;}&#8221;]\n<h3 style=\"text-align: center;\">Extermination of rats and other rodents<\/h3>\n[\/vc_column_text][vc_column_text css=&#8221;.vc_custom_1745943205253{margin-bottom: 0px !important;}&#8221;]\n<p style=\"text-align: center;\"><span style=\"font-weight: 400;\">Rats and other rodents in Deux-Montagnes can destroy valuable property and also pose major health risks. Their presence in your home or business may lead to electrical, food and safety problems. We\u2019ll intervene quickly to eliminate rats, field mice and other rodents using approved solutions, and provide you with advice to prevent reinfestation. Our <\/span><a href=\"https:\/\/eliteextermination.com\/en\/insects-pests\/rat-extermination\/\"><span style=\"font-weight: 400;\">rat exterminators<\/span><\/a><span style=\"font-weight: 400;\"> are here to help.<\/span><\/p>\n[\/vc_column_text][\/vc_column][vc_column width=&#8221;1\/3&#8243;][mk_image src=&#8221;https:\/\/eliteextermination.com\/wp-content\/uploads\/2023\/11\/souris-rongeurs-comble-fil-electrique.jpg&#8221; lazyload=&#8221;true&#8221; align=&#8221;right&#8221;][mk_image src=&#8221;https:\/\/eliteextermination.com\/wp-content\/uploads\/2020\/05\/faire-fuir-chauves-souris.jpg&#8221; align=&#8221;center&#8221;][mk_image src=&#8221;https:\/\/eliteextermination.com\/wp-content\/uploads\/2017\/07\/top-rats-2.jpg&#8221; align=&#8221;center&#8221;][\/vc_column][\/vc_row][vc_row fullwidth=&#8221;true&#8221; fullwidth_content=&#8221;false&#8221; css=&#8221;.vc_custom_1726586739672{background-color: #DDDDDD !important;}&#8221;][vc_column][vc_empty_space height=&#8221;40px&#8221;][mk_button size=&#8221;x-large&#8221; url=&#8221;https:\/\/eliteextermination.com\/en\/contact-us\/&#8221; align=&#8221;center&#8221;]I want a free quote[\/mk_button][\/vc_column][\/vc_row][vc_row][vc_column][vc_empty_space height=&#8221;40px&#8221;][vc_column_text css=&#8221;.vc_custom_1745943320543{margin-bottom: 0px !important;}&#8221;]\n<h2 style=\"text-align: center;\"><span style=\"font-weight: 400;\">Why act quickly in the event of an infestation in Deux-Montagnes?<\/span><\/h2>\n<p style=\"text-align: center;\"><span style=\"font-weight: 400;\">A pest problem, whether rodents, insects or other parasites, can have serious consequences if not dealt with quickly. In Deux-Montagnes, pests can multiply rapidly and cause significant damage. It\u2019s very important to take action at the first sign of trouble. Here are a few reasons why it&#8217;s important to contact a Deux-Montagnes exterminator without delay:<\/span><\/p>\n<h3 style=\"text-align: center;\"><span style=\"font-weight: 400;\">1. Pests reproduce quickly<\/span><\/h3>\n<p style=\"text-align: center;\"><span style=\"font-weight: 400;\">Some pests, like mice and rats, reproduce extremely quickly. In the space of a few weeks, a handful of rodents can turn into a full-scale infestation. Ignoring the first signs of pests can lead to major complications. The longer you wait, the more difficult the situation becomes to control, and the higher the cost of intervention.<\/span><\/p>\n<h3 style=\"text-align: center;\"><span style=\"font-weight: 400;\">2. Health risks associated with infestations<\/span><\/h3>\n<p style=\"text-align: center;\"><span style=\"font-weight: 400;\">Pests can transmit serious diseases. Rodents, for example, are known to carry bacteria and viruses that can infect humans. Fleas, mosquitoes, wasps, cockroaches, termites, carpenter ants, and bedbugs can spread diseases and cause allergic reactions. An untreated infestation in a home or business can endanger human health. A quick extermination can limit these risks.<\/span><\/p>\n<h3 style=\"text-align: center;\"><span style=\"font-weight: 400;\">3. Long-term material damage<\/span><\/h3>\n<p style=\"text-align: center;\"><span style=\"font-weight: 400;\">Rats and mice can eat away at your home&#8217;s electrical wiring, pipes, insulation and wooden structures. This can lead to fires, floods or other serious damage. The longer you put off contacting pest control in Deux-Montagnes, the higher your potential repair costs.<\/span><\/p>\n<h3 style=\"text-align: center;\"><span style=\"font-weight: 400;\">4. Prevention and peace of mind<\/span><\/h3>\n<p style=\"text-align: center;\"><span style=\"font-weight: 400;\">Quick intervention addresses immediate problems and safeguards against future pest issues. Beyond eliminating your current pest problem, our experts in Deux-Montagnes will offer advice and solutions to keep your property pest-free in the future.<\/span><\/p>\n[\/vc_column_text][vc_empty_space height=&#8221;40px&#8221;][vc_gmaps link=&#8221;#E-8_JTNDaWZyYW1lJTIwc3JjJTNEJTIyaHR0cHMlM0ElMkYlMkZ3d3cuZ29vZ2xlLmNvbSUyRm1hcHMlMkZlbWJlZCUzRnBiJTNEJTIxMW0xOCUyMTFtMTIlMjExbTMlMjExZDIyMzU2LjE1MjI1MTY3MTc3OCUyMTJkLTczLjkyNDgyMjQ0NTE4NzYyJTIxM2Q0NS41Mzk4ODM0OTg3OTk2OCUyMTJtMyUyMTFmMCUyMTJmMCUyMTNmMCUyMTNtMiUyMTFpMTAyNCUyMTJpNzY4JTIxNGYxMy4xJTIxM20zJTIxMW0yJTIxMXMweDRjYzkyNTZkNDk4MDllNmQlMjUzQTB4MzIwZDMzODc3OWIyZjc3NCUyMTJzRGV1eC1Nb250YWduZXMlMjUyQyUyNTIwUUMlMjE1ZTAlMjEzbTIlMjExc2ZyJTIxMnNjYSUyMTR2MTc0NTk0Mjg0ODEzMSUyMTVtMiUyMTFzZnIlMjEyc2NhJTIyJTIwd2lkdGglM0QlMjI2MDAlMjIlMjBoZWlnaHQlM0QlMjI0NTAlMjIlMjBzdHlsZSUzRCUyMmJvcmRlciUzQTAlM0IlMjIlMjBhbGxvd2Z1bGxzY3JlZW4lM0QlMjIlMjIlMjBsb2FkaW5nJTNEJTIybGF6eSUyMiUyMHJlZmVycmVycG9saWN5JTNEJTIybm8tcmVmZXJyZXItd2hlbi1kb3duZ3JhZGUlMjIlM0UlM0MlMkZpZnJhbWUlM0U=&#8221; css=&#8221;&#8221;][\/vc_column][\/vc_row][vc_row][vc_column width=&#8221;1\/3&#8243;][vc_empty_space height=&#8221;40px&#8221;][vc_column_text css=&#8221;.vc_custom_1741625944464{margin-bottom: 0px !important;}&#8221;]\n<ul>\n<li style=\"text-align: center;\"><a href=\"https:\/\/eliteextermination.com\/en\/extermination-montreal\/\">Extermination in Montreal<\/a><\/li>\n<li style=\"text-align: center;\"><a href=\"https:\/\/eliteextermination.com\/en\/exterminator-anjou\/\">Extermination in Anjou<\/a><\/li>\n<li style=\"text-align: center;\"><a href=\"https:\/\/eliteextermination.com\/en\/exterminator-rosemont\/\">Extermination in Rosemont<\/a><\/li>\n<li style=\"text-align: center;\"><a href=\"https:\/\/eliteextermination.com\/en\/exterminator-verdun-2-2\/\">Extermination in Verdun<\/a><\/li>\n<li style=\"text-align: center;\"><a href=\"https:\/\/eliteextermination.com\/en\/exterminator-joliette\/\">Extermination in Joliette<\/a><\/li>\n<\/ul>\n[\/vc_column_text][vc_empty_space height=&#8221;40px&#8221;][\/vc_column][vc_column width=&#8221;1\/3&#8243;][vc_empty_space height=&#8221;40px&#8221;][vc_column_text css=&#8221;.vc_custom_1738852386686{margin-bottom: 0px !important;}&#8221;]\n<ul>\n<li style=\"text-align: center;\"><a href=\"https:\/\/eliteextermination.com\/en\/extermination-terrebonne\/\">Extermination in Terrebonne<\/a><\/li>\n<li style=\"text-align: center;\"><a href=\"https:\/\/eliteextermination.com\/en\/extermination-trois-rivieres\/\">Extermination in Trois-Rivi\u00e8res<\/a><\/li>\n<li style=\"text-align: center;\"><a href=\"https:\/\/eliteextermination.com\/en\/exterminator-brossard\/\">Extermination in Brossard<\/a><\/li>\n<li style=\"text-align: center;\"><a href=\"https:\/\/eliteextermination.com\/en\/extermination-laval\/\">Extermination in Laval<\/a><\/li>\n<li style=\"text-align: center;\"><a href=\"https:\/\/eliteextermination.com\/en\/exterminator-mascouche\/\">Extermination in Mascouche<\/a><\/li>\n<\/ul>\n[\/vc_column_text][vc_empty_space height=&#8221;40px&#8221;][\/vc_column][vc_column width=&#8221;1\/3&#8243;][vc_empty_space height=&#8221;40px&#8221;][vc_column_text css=&#8221;.vc_custom_1741628278092{margin-bottom: 0px !important;}&#8221;]\n<ul>\n<li style=\"text-align: center;\"><a href=\"https:\/\/eliteextermination.com\/en\/extermination-repentigny\/\">Extermination in Repentigny<\/a><\/li>\n<li style=\"text-align: center;\"><a href=\"https:\/\/eliteextermination.com\/en\/extermination-st-jerome\/\">Extermination in Saint-J\u00e9r\u00f4me<\/a><\/li>\n<li style=\"text-align: center;\"><a href=\"https:\/\/eliteextermination.com\/en\/exterminator-montreal-north\/\">Extermination in Montr\u00e9al North<\/a><\/li>\n<li style=\"text-align: center;\"><a href=\"https:\/\/eliteextermination.com\/en\/exterminator-hochelaga-maisonneuve\/\">Extermination in Hochelaga-Maisonneuve<\/a><\/li>\n<li style=\"text-align: center;\"><a href=\"https:\/\/eliteextermination.com\/en\/exterminator-saint-eustache\/\">Extermination in Saint-Eustache<\/a><\/li>\n<\/ul>\n[\/vc_column_text][vc_empty_space height=&#8221;40px&#8221;][\/vc_column][\/vc_row][vc_row fullwidth=&#8221;true&#8221; css=&#8221;.vc_custom_1505926935168{background-color: #0055c5 !important;}&#8221; el_class=&#8221;row-call&#8221;][vc_column][vc_row_inner is_fullwidth_content=&#8221;false&#8221;][vc_column_inner][vc_empty_space][vc_column_text align=&#8221;center&#8221; el_class=&#8221;SubTitle_Paragraph_Text White_Text&#8221; css=&#8221;.vc_custom_1745943416473{margin-bottom: 0px !important;}&#8221;]\n<h2 style=\"text-align: center;\"><strong>Contact our certified exterminators in Deux-Montagnes now<\/strong><\/h2>\n<p style=\"text-align: center;\"><span style=\"font-weight: 400;\">If you&#8217;ve noticed signs of pests in your home or business in Deux-Montagnes, don&#8217;t delay! Call our <\/span><a href=\"https:\/\/eliteextermination.com\/en\/emergency-24-7\/\"><span style=\"font-weight: 400;\">emergency exterminators<\/span><\/a><span style=\"font-weight: 400;\"> for prompt service. Elite Pest Control is here to solve your problem efficiently and discreetly. Contact us today to schedule an inspection or get a personalized quote. For pest problems in Deux-Montagnes, know that you&#8217;re not alone \u2013 we&#8217;re ready to help.<\/span><\/p>\n<p style=\"text-align: center;\"><a href=\"https:\/\/eliteextermination.com\/en\/contact-us\/\"><span style=\"font-weight: 400;\">PEST CONTROL FREE QUOTE<\/span><\/a>\u00a0 \u00a0 \u00a0<a href=\"tel:+15147918385\"><span style=\"font-weight: 400;\">514 791 8385<\/span><\/a><\/p>\n[\/vc_column_text][vc_empty_space height=&#8221;20px&#8221;][\/vc_column_inner][\/vc_row_inner][\/vc_column][\/vc_row][vc_row][vc_column][\/vc_column][\/vc_row]\n<\/div>","protected":false},"excerpt":{"rendered":"<p>[vc_row fullwidth=&#8221;true&#8221; el_class=&#8221;BackGroundImageScale&#8221; css=&#8221;.vc_custom_1500048800305{background-image: url(https:\/\/eliteextermination.com\/wp-content\/uploads\/2017\/06\/head-propos.jpg?id=2146) !important;}&#8221;][vc_column][vc_column_text align=&#8221;center&#8221; el_class=&#8221;Service_Title&#8221; css=&#8221;.vc_custom_1745943066183{margin-bottom: 0px !important;}&#8221;]EXPERT PEST EXTERMINATION IN DEUX-MONTAGNES 514 791-8385[\/vc_column_text][\/vc_column][\/vc_row][vc_row fullwidth=&#8221;true&#8221; equal_columns=&#8221;true&#8221; attached=&#8221;true&#8221; column_padding=&#8221;4&#8243;][vc_column width=&#8221;2\/3&#8243;][vc_empty_space height=&#8221;40px&#8221;][vc_column_text css=&#8221;.vc_custom_1745943489932{margin-bottom: 0px !important;}&#8221;] Deux-Montagnes Exterminator Looking for an exterminator in Deux-Montagnes? Look no further. Elite Pest Control is a reliable partner for all pest problems. Our experienced teams offer fast, discreet, and [&hellip;]<\/p>\n","protected":false},"author":1,"featured_media":0,"parent":0,"menu_order":0,"comment_status":"closed","ping_status":"closed","template":"","meta":{"_acf_changed":false,"yasr_overall_rating":4.7,"yasr_post_is_review":"","yasr_auto_insert_disabled":"","yasr_review_type":"","footnotes":""},"class_list":["post-6536","page","type-page","status-publish","hentry"],"acf":[],"yoast_head":"<!-- This site is optimized with the Yoast SEO plugin v26.9 - https:\/\/yoast.com\/product\/yoast-seo-wordpress\/ -->\n<title>Deux-Montagnes Exterminator - FAST service 514-791-8385<\/title>\n<meta name=\"description\" content=\"Looking for an exterminator in Deux-Montagnes? Elite Pest Control can help you get rid of pests and rodents quickly. 24\/7 service available.\" \/>\n<meta name=\"robots\" content=\"index, follow, max-snippet:-1, max-image-preview:large, max-video-preview:-1\" \/>\n<link rel=\"canonical\" href=\"https:\/\/eliteextermination.com\/en\/exterminator-deux-montagnes\/\" \/>\n<meta property=\"og:locale\" content=\"en_US\" \/>\n<meta property=\"og:type\" content=\"article\" \/>\n<meta property=\"og:title\" content=\"Deux-Montagnes Exterminator - FAST service 514-791-8385\" \/>\n<meta property=\"og:description\" content=\"Looking for an exterminator in Deux-Montagnes? Elite Pest Control can help you get rid of pests and rodents quickly. 24\/7 service available.\" \/>\n<meta property=\"og:url\" content=\"https:\/\/eliteextermination.com\/en\/exterminator-deux-montagnes\/\" \/>\n<meta property=\"og:site_name\" content=\"\u00c9lite Extermination\" \/>\n<meta property=\"article:modified_time\" content=\"2025-04-29T16:18:18+00:00\" \/>\n<meta name=\"twitter:card\" content=\"summary_large_image\" \/>\n<meta name=\"twitter:label1\" content=\"Est. reading time\" \/>\n\t<meta name=\"twitter:data1\" content=\"6 minutes\" \/>\n<!-- \/ Yoast SEO plugin. -->","yoast_head_json":{"title":"Deux-Montagnes Exterminator - FAST service 514-791-8385","description":"Looking for an exterminator in Deux-Montagnes? Elite Pest Control can help you get rid of pests and rodents quickly. 24\/7 service available.","robots":{"index":"index","follow":"follow","max-snippet":"max-snippet:-1","max-image-preview":"max-image-preview:large","max-video-preview":"max-video-preview:-1"},"canonical":"https:\/\/eliteextermination.com\/en\/exterminator-deux-montagnes\/","og_locale":"en_US","og_type":"article","og_title":"Deux-Montagnes Exterminator - FAST service 514-791-8385","og_description":"Looking for an exterminator in Deux-Montagnes? Elite Pest Control can help you get rid of pests and rodents quickly. 24\/7 service available.","og_url":"https:\/\/eliteextermination.com\/en\/exterminator-deux-montagnes\/","og_site_name":"\u00c9lite Extermination","article_modified_time":"2025-04-29T16:18:18+00:00","twitter_card":"summary_large_image","twitter_misc":{"Est. reading time":"6 minutes"},"schema":{"@context":"https:\/\/schema.org","@graph":[{"@type":"WebPage","@id":"https:\/\/eliteextermination.com\/en\/exterminator-deux-montagnes\/","url":"https:\/\/eliteextermination.com\/en\/exterminator-deux-montagnes\/","name":"Deux-Montagnes Exterminator - FAST service 514-791-8385","isPartOf":{"@id":"https:\/\/eliteextermination.com\/en\/#website"},"datePublished":"2025-04-29T16:17:43+00:00","dateModified":"2025-04-29T16:18:18+00:00","description":"Looking for an exterminator in Deux-Montagnes? Elite Pest Control can help you get rid of pests and rodents quickly. 24\/7 service available.","breadcrumb":{"@id":"https:\/\/eliteextermination.com\/en\/exterminator-deux-montagnes\/#breadcrumb"},"inLanguage":"en-CA","potentialAction":[{"@type":"ReadAction","target":["https:\/\/eliteextermination.com\/en\/exterminator-deux-montagnes\/"]}]},{"@type":"BreadcrumbList","@id":"https:\/\/eliteextermination.com\/en\/exterminator-deux-montagnes\/#breadcrumb","itemListElement":[{"@type":"ListItem","position":1,"name":"Home","item":"https:\/\/eliteextermination.com\/en\/"},{"@type":"ListItem","position":2,"name":"Deux-Montagnes Exterminators"}]},{"@type":"WebSite","@id":"https:\/\/eliteextermination.com\/en\/#website","url":"https:\/\/eliteextermination.com\/en\/","name":"\u00c9lite Extermination","description":"Pest Control Experts in Montreal, Laval, St-J\u00e9r\u00f4me, Repentigny, Trois-Rivi\u00e8res, Gatineau, South Shore","potentialAction":[{"@type":"SearchAction","target":{"@type":"EntryPoint","urlTemplate":"https:\/\/eliteextermination.com\/en\/?s={search_term_string}"},"query-input":{"@type":"PropertyValueSpecification","valueRequired":true,"valueName":"search_term_string"}}],"inLanguage":"en-CA"},false]}},"yasr_visitor_votes":{"stars_attributes":{"read_only":false,"span_bottom":false},"number_of_votes":0,"sum_votes":0},"_links":{"self":[{"href":"https:\/\/eliteextermination.com\/en\/wp-json\/wp\/v2\/pages\/6536","targetHints":{"allow":["GET"]}}],"collection":[{"href":"https:\/\/eliteextermination.com\/en\/wp-json\/wp\/v2\/pages"}],"about":[{"href":"https:\/\/eliteextermination.com\/en\/wp-json\/wp\/v2\/types\/page"}],"author":[{"embeddable":true,"href":"https:\/\/eliteextermination.com\/en\/wp-json\/wp\/v2\/users\/1"}],"replies":[{"embeddable":true,"href":"https:\/\/eliteextermination.com\/en\/wp-json\/wp\/v2\/comments?post=6536"}],"version-history":[{"count":2,"href":"https:\/\/eliteextermination.com\/en\/wp-json\/wp\/v2\/pages\/6536\/revisions"}],"predecessor-version":[{"id":6540,"href":"https:\/\/eliteextermination.com\/en\/wp-json\/wp\/v2\/pages\/6536\/revisions\/6540"}],"wp:attachment":[{"href":"https:\/\/eliteextermination.com\/en\/wp-json\/wp\/v2\/media?parent=6536"}],"curies":[{"name":"wp","href":"https:\/\/api.w.org\/{rel}","templated":true}]}}